{"id":1084,"date":"2015-04-02T17:09:59","date_gmt":"2015-04-02T16:09:59","guid":{"rendered":"http:\/\/theatre-petit-louvre.fr\/avignon\/?page_id=1084"},"modified":"2016-07-18T13:57:07","modified_gmt":"2016-07-18T12:57:07","slug":"royale-legende","status":"publish","type":"page","link":"https:\/\/theatre-petit-louvre.fr\/avignon\/spectacles-2017\/salle-van-gogh\/royale-legende\/","title":{"rendered":"ROYALE L\u00c9GENDE"},"content":{"rendered":"<p><b>De Fr\u00e9d\u00e9ric Mancier et Bernard Larr\u00e9,\u00a0<\/b><b>Mise en sc\u00e8ne Xavier Berlioz<\/b><\/p>\n<p><img loading=\"lazy\" decoding=\"async\" class=\"alignnone size-full wp-image-1450\" src=\"http:\/\/theatre-petit-louvre.fr\/avignon\/wp-content\/uploads\/2015\/04\/royale.jpg\" alt=\"royale\" width=\"900\" height=\"370\" srcset=\"https:\/\/theatre-petit-louvre.fr\/avignon\/wp-content\/uploads\/2015\/04\/royale.jpg 900w, https:\/\/theatre-petit-louvre.fr\/avignon\/wp-content\/uploads\/2015\/04\/royale-150x62.jpg 150w, https:\/\/theatre-petit-louvre.fr\/avignon\/wp-content\/uploads\/2015\/04\/royale-300x123.jpg 300w, https:\/\/theatre-petit-louvre.fr\/avignon\/wp-content\/uploads\/2015\/04\/royale-624x257.jpg 624w\" sizes=\"auto, (max-width: 900px) 100vw, 900px\" \/><\/p>\n<p>\u00ab Royale L\u00e9gende \u00bb c\u2019est l\u2019Histoire vraie d\u2019une correspondance qui n\u2019a jamais exist\u00e9 entre\u00a0Marie Antoinette, reine grave et frivole et le Chevalier d\u2019Eon aussi\u00a0 redoutable qu\u2019excentrique. Vingt ans d\u2019une amiti\u00e9 fid\u00e8le, en quelques lettres, depuis les premiers pas de \u00ab l\u2019autrichienne \u00bb sur le sol fran\u00e7ais jusqu\u2019\u00e0 ses derniers pas sur l\u2019\u00e9chafaud.<\/p>\n<p>\u00ab Royale L\u00e9gende \u00bb est un regard d\u00e9cal\u00e9 sur un monde qui s\u2019\u00e9croule, une divagation p\u00e9tillante sur l\u2019Histoire, la rencontre de deux t\u00e9moins perdus dans un costume qui ne leur va pas. La d\u00e9couverte de deux \u00eatres humains dans leur intimit\u00e9, leur complexit\u00e9, et le r\u00e9cit d\u00e9chirant de leur d\u00e9ch\u00e9ance.<\/p>\n","protected":false},"excerpt":{"rendered":"<p>De Fr\u00e9d\u00e9ric Mancier et Bernard Larr\u00e9,\u00a0Mise en sc\u00e8ne Xavier Berlioz \u00ab Royale L\u00e9gende \u00bb c\u2019est l\u2019Histoire vraie d\u2019une correspondance qui n\u2019a jamais exist\u00e9 entre\u00a0Marie Antoinette, reine grave et frivole et le Chevalier d\u2019Eon aussi\u00a0 redoutable qu\u2019excentrique. Vingt ans d\u2019une amiti\u00e9 fid\u00e8le, en quelques lettres, depuis les premiers pas de \u00ab l\u2019autrichienne \u00bb sur le sol [&hellip;]<\/p>\n","protected":false},"author":1,"featured_media":0,"parent":350,"menu_order":1,"comment_status":"open","ping_status":"open","template":"","meta":{"_uag_custom_page_level_css":"","site-sidebar-layout":"default","site-content-layout":"","ast-site-content-layout":"default","site-content-style":"default","site-sidebar-style":"default","ast-global-header-display":"","ast-banner-title-visibility":"","ast-main-header-display":"","ast-hfb-above-header-display":"","ast-hfb-below-header-display":"","ast-hfb-mobile-header-display":"","site-post-title":"","ast-breadcrumbs-content":"","ast-featured-img":"","footer-sml-layout":"","ast-disable-related-posts":"","theme-transparent-header-meta":"","adv-header-id-meta":"","stick-header-meta":"","header-above-stick-meta":"","header-main-stick-meta":"","header-below-stick-meta":"","astra-migrate-meta-layouts":"default","ast-page-background-enabled":"default","ast-page-background-meta":{"desktop":{"background-color":"var(--ast-global-color-4)","background-image":"","background-repeat":"repeat","background-position":"center center","background-size":"auto","background-attachment":"scroll","background-type":"","background-media":"","overlay-type":"","overlay-color":"","overlay-opacity":"","overlay-gradient":""},"tablet":{"background-color":"","background-image":"","background-repeat":"repeat","background-position":"center center","background-size":"auto","background-attachment":"scroll","background-type":"","background-media":"","overlay-type":"","overlay-color":"","overlay-opacity":"","overlay-gradient":""},"mobile":{"background-color":"","background-image":"","background-repeat":"repeat","background-position":"center center","background-size":"auto","background-attachment":"scroll","background-type":"","background-media":"","overlay-type":"","overlay-color":"","overlay-opacity":"","overlay-gradient":""}},"ast-content-background-meta":{"desktop":{"background-color":"var(--ast-global-color-5)","background-image":"","background-repeat":"repeat","background-position":"center center","background-size":"auto","background-attachment":"scroll","background-type":"","background-media":"","overlay-type":"","overlay-color":"","overlay-opacity":"","overlay-gradient":""},"tablet":{"background-color":"var(--ast-global-color-5)","background-image":"","background-repeat":"repeat","background-position":"center center","background-size":"auto","background-attachment":"scroll","background-type":"","background-media":"","overlay-type":"","overlay-color":"","overlay-opacity":"","overlay-gradient":""},"mobile":{"background-color":"var(--ast-global-color-5)","background-image":"","background-repeat":"repeat","background-position":"center center","background-size":"auto","background-attachment":"scroll","background-type":"","background-media":"","overlay-type":"","overlay-color":"","overlay-opacity":"","overlay-gradient":""}},"footnotes":"","_links_to":"","_links_to_target":""},"categories":[],"tags":[],"class_list":["post-1084","page","type-page","status-publish","hentry"],"yoast_head":"<!-- This site is optimized with the Yoast SEO plugin v27.4 - https:\/\/yoast.com\/product\/yoast-seo-wordpress\/ -->\n<title>ROYALE L\u00c9GENDE - Le Petit Louvre<\/title>\n<meta name=\"description\" content=\"Chaque \u00e9t\u00e9, un th\u00e9\u00e2tre au c\u0153ur d&#039;Avignon, Festival off : des textes, des auteurs, des autrices, des acteurs, des actrices. Deux salles climatis\u00e9es, 15 spectacles, un bar-restaurant.\" \/>\n<meta name=\"robots\" content=\"index, follow, max-snippet:-1, max-image-preview:large, max-video-preview:-1\" \/>\n<link rel=\"canonical\" href=\"https:\/\/theatre-petit-louvre.fr\/avignon\/spectacles-2017\/salle-van-gogh\/royale-legende\/\" \/>\n<meta property=\"og:locale\" content=\"fr_FR\" \/>\n<meta property=\"og:type\" content=\"article\" \/>\n<meta property=\"og:title\" content=\"ROYALE L\u00c9GENDE - Le Petit Louvre\" \/>\n<meta property=\"og:description\" content=\"Chaque \u00e9t\u00e9, un th\u00e9\u00e2tre au c\u0153ur d&#039;Avignon, Festival off : des textes, des auteurs, des autrices, des acteurs, des actrices. Deux salles climatis\u00e9es, 15 spectacles, un bar-restaurant.\" \/>\n<meta property=\"og:url\" content=\"https:\/\/theatre-petit-louvre.fr\/avignon\/spectacles-2017\/salle-van-gogh\/royale-legende\/\" \/>\n<meta property=\"og:site_name\" content=\"Le Petit Louvre\" \/>\n<meta property=\"article:modified_time\" content=\"2016-07-18T12:57:07+00:00\" \/>\n<meta property=\"og:image\" content=\"http:\/\/theatre-petit-louvre.fr\/avignon\/wp-content\/uploads\/2015\/04\/royale.jpg\" \/>\n<meta name=\"twitter:label1\" content=\"Dur\u00e9e de lecture estim\u00e9e\" \/>\n\t<meta name=\"twitter:data1\" content=\"1 minute\" \/>\n<script type=\"application\/ld+json\" class=\"yoast-schema-graph\">{\"@context\":\"https:\\\/\\\/schema.org\",\"@graph\":[{\"@type\":\"WebPage\",\"@id\":\"https:\\\/\\\/theatre-petit-louvre.fr\\\/avignon\\\/spectacles-2017\\\/salle-van-gogh\\\/royale-legende\\\/\",\"url\":\"https:\\\/\\\/theatre-petit-louvre.fr\\\/avignon\\\/spectacles-2017\\\/salle-van-gogh\\\/royale-legende\\\/\",\"name\":\"ROYALE L\u00c9GENDE - Le Petit Louvre\",\"isPartOf\":{\"@id\":\"https:\\\/\\\/theatre-petit-louvre.fr\\\/avignon\\\/#website\"},\"primaryImageOfPage\":{\"@id\":\"https:\\\/\\\/theatre-petit-louvre.fr\\\/avignon\\\/spectacles-2017\\\/salle-van-gogh\\\/royale-legende\\\/#primaryimage\"},\"image\":{\"@id\":\"https:\\\/\\\/theatre-petit-louvre.fr\\\/avignon\\\/spectacles-2017\\\/salle-van-gogh\\\/royale-legende\\\/#primaryimage\"},\"thumbnailUrl\":\"http:\\\/\\\/theatre-petit-louvre.fr\\\/avignon\\\/wp-content\\\/uploads\\\/2015\\\/04\\\/royale.jpg\",\"datePublished\":\"2015-04-02T16:09:59+00:00\",\"dateModified\":\"2016-07-18T12:57:07+00:00\",\"description\":\"Chaque \u00e9t\u00e9, un th\u00e9\u00e2tre au c\u0153ur d'Avignon, Festival off : des textes, des auteurs, des autrices, des acteurs, des actrices. Deux salles climatis\u00e9es, 15 spectacles, un bar-restaurant.\",\"breadcrumb\":{\"@id\":\"https:\\\/\\\/theatre-petit-louvre.fr\\\/avignon\\\/spectacles-2017\\\/salle-van-gogh\\\/royale-legende\\\/#breadcrumb\"},\"inLanguage\":\"fr-FR\",\"potentialAction\":[{\"@type\":\"ReadAction\",\"target\":[\"https:\\\/\\\/theatre-petit-louvre.fr\\\/avignon\\\/spectacles-2017\\\/salle-van-gogh\\\/royale-legende\\\/\"]}]},{\"@type\":\"ImageObject\",\"inLanguage\":\"fr-FR\",\"@id\":\"https:\\\/\\\/theatre-petit-louvre.fr\\\/avignon\\\/spectacles-2017\\\/salle-van-gogh\\\/royale-legende\\\/#primaryimage\",\"url\":\"https:\\\/\\\/theatre-petit-louvre.fr\\\/avignon\\\/wp-content\\\/uploads\\\/2015\\\/04\\\/royale.jpg\",\"contentUrl\":\"https:\\\/\\\/theatre-petit-louvre.fr\\\/avignon\\\/wp-content\\\/uploads\\\/2015\\\/04\\\/royale.jpg\",\"width\":900,\"height\":370,\"caption\":\"ROYALE L\u00c9GENDE\"},{\"@type\":\"BreadcrumbList\",\"@id\":\"https:\\\/\\\/theatre-petit-louvre.fr\\\/avignon\\\/spectacles-2017\\\/salle-van-gogh\\\/royale-legende\\\/#breadcrumb\",\"itemListElement\":[{\"@type\":\"ListItem\",\"position\":1,\"name\":\"Home\",\"item\":\"https:\\\/\\\/theatre-petit-louvre.fr\\\/avignon\\\/\"},{\"@type\":\"ListItem\",\"position\":2,\"name\":\"Spectacles 2017\",\"item\":\"https:\\\/\\\/theatre-petit-louvre.fr\\\/avignon\\\/spectacles-2017\\\/\"},{\"@type\":\"ListItem\",\"position\":3,\"name\":\"salle Van Gogh\",\"item\":\"https:\\\/\\\/theatre-petit-louvre.fr\\\/avignon\\\/?page_id=350\"},{\"@type\":\"ListItem\",\"position\":4,\"name\":\"ROYALE L\u00c9GENDE\"}]},{\"@type\":\"WebSite\",\"@id\":\"https:\\\/\\\/theatre-petit-louvre.fr\\\/avignon\\\/#website\",\"url\":\"https:\\\/\\\/theatre-petit-louvre.fr\\\/avignon\\\/\",\"name\":\"Le Petit Louvre\",\"description\":\"un th\u00e9\u00e2tre au c\u0153ur d&#039;Avignon | Festival off\",\"publisher\":{\"@id\":\"https:\\\/\\\/theatre-petit-louvre.fr\\\/avignon\\\/#organization\"},\"potentialAction\":[{\"@type\":\"SearchAction\",\"target\":{\"@type\":\"EntryPoint\",\"urlTemplate\":\"https:\\\/\\\/theatre-petit-louvre.fr\\\/avignon\\\/?s={search_term_string}\"},\"query-input\":{\"@type\":\"PropertyValueSpecification\",\"valueRequired\":true,\"valueName\":\"search_term_string\"}}],\"inLanguage\":\"fr-FR\"},{\"@type\":\"Organization\",\"@id\":\"https:\\\/\\\/theatre-petit-louvre.fr\\\/avignon\\\/#organization\",\"name\":\"Th\u00e9\u00e2tre Le Petit Louvre\",\"url\":\"https:\\\/\\\/theatre-petit-louvre.fr\\\/avignon\\\/\",\"logo\":{\"@type\":\"ImageObject\",\"inLanguage\":\"fr-FR\",\"@id\":\"https:\\\/\\\/theatre-petit-louvre.fr\\\/avignon\\\/#\\\/schema\\\/logo\\\/image\\\/\",\"url\":\"https:\\\/\\\/theatre-petit-louvre.fr\\\/avignon\\\/wp-content\\\/uploads\\\/2022\\\/05\\\/logo_petit-louvre_2008_RVB.png\",\"contentUrl\":\"https:\\\/\\\/theatre-petit-louvre.fr\\\/avignon\\\/wp-content\\\/uploads\\\/2022\\\/05\\\/logo_petit-louvre_2008_RVB.png\",\"width\":374,\"height\":800,\"caption\":\"Th\u00e9\u00e2tre Le Petit Louvre\"},\"image\":{\"@id\":\"https:\\\/\\\/theatre-petit-louvre.fr\\\/avignon\\\/#\\\/schema\\\/logo\\\/image\\\/\"}}]}<\/script>\n<!-- \/ Yoast SEO plugin. -->","yoast_head_json":{"title":"ROYALE L\u00c9GENDE - Le Petit Louvre","description":"Chaque \u00e9t\u00e9, un th\u00e9\u00e2tre au c\u0153ur d'Avignon, Festival off : des textes, des auteurs, des autrices, des acteurs, des actrices. Deux salles climatis\u00e9es, 15 spectacles, un bar-restaurant.","robots":{"index":"index","follow":"follow","max-snippet":"max-snippet:-1","max-image-preview":"max-image-preview:large","max-video-preview":"max-video-preview:-1"},"canonical":"https:\/\/theatre-petit-louvre.fr\/avignon\/spectacles-2017\/salle-van-gogh\/royale-legende\/","og_locale":"fr_FR","og_type":"article","og_title":"ROYALE L\u00c9GENDE - Le Petit Louvre","og_description":"Chaque \u00e9t\u00e9, un th\u00e9\u00e2tre au c\u0153ur d'Avignon, Festival off : des textes, des auteurs, des autrices, des acteurs, des actrices. Deux salles climatis\u00e9es, 15 spectacles, un bar-restaurant.","og_url":"https:\/\/theatre-petit-louvre.fr\/avignon\/spectacles-2017\/salle-van-gogh\/royale-legende\/","og_site_name":"Le Petit Louvre","article_modified_time":"2016-07-18T12:57:07+00:00","og_image":[{"url":"http:\/\/theatre-petit-louvre.fr\/avignon\/wp-content\/uploads\/2015\/04\/royale.jpg","type":"","width":"","height":""}],"twitter_misc":{"Dur\u00e9e de lecture estim\u00e9e":"1 minute"},"schema":{"@context":"https:\/\/schema.org","@graph":[{"@type":"WebPage","@id":"https:\/\/theatre-petit-louvre.fr\/avignon\/spectacles-2017\/salle-van-gogh\/royale-legende\/","url":"https:\/\/theatre-petit-louvre.fr\/avignon\/spectacles-2017\/salle-van-gogh\/royale-legende\/","name":"ROYALE L\u00c9GENDE - Le Petit Louvre","isPartOf":{"@id":"https:\/\/theatre-petit-louvre.fr\/avignon\/#website"},"primaryImageOfPage":{"@id":"https:\/\/theatre-petit-louvre.fr\/avignon\/spectacles-2017\/salle-van-gogh\/royale-legende\/#primaryimage"},"image":{"@id":"https:\/\/theatre-petit-louvre.fr\/avignon\/spectacles-2017\/salle-van-gogh\/royale-legende\/#primaryimage"},"thumbnailUrl":"http:\/\/theatre-petit-louvre.fr\/avignon\/wp-content\/uploads\/2015\/04\/royale.jpg","datePublished":"2015-04-02T16:09:59+00:00","dateModified":"2016-07-18T12:57:07+00:00","description":"Chaque \u00e9t\u00e9, un th\u00e9\u00e2tre au c\u0153ur d'Avignon, Festival off : des textes, des auteurs, des autrices, des acteurs, des actrices. Deux salles climatis\u00e9es, 15 spectacles, un bar-restaurant.","breadcrumb":{"@id":"https:\/\/theatre-petit-louvre.fr\/avignon\/spectacles-2017\/salle-van-gogh\/royale-legende\/#breadcrumb"},"inLanguage":"fr-FR","potentialAction":[{"@type":"ReadAction","target":["https:\/\/theatre-petit-louvre.fr\/avignon\/spectacles-2017\/salle-van-gogh\/royale-legende\/"]}]},{"@type":"ImageObject","inLanguage":"fr-FR","@id":"https:\/\/theatre-petit-louvre.fr\/avignon\/spectacles-2017\/salle-van-gogh\/royale-legende\/#primaryimage","url":"https:\/\/theatre-petit-louvre.fr\/avignon\/wp-content\/uploads\/2015\/04\/royale.jpg","contentUrl":"https:\/\/theatre-petit-louvre.fr\/avignon\/wp-content\/uploads\/2015\/04\/royale.jpg","width":900,"height":370,"caption":"ROYALE L\u00c9GENDE"},{"@type":"BreadcrumbList","@id":"https:\/\/theatre-petit-louvre.fr\/avignon\/spectacles-2017\/salle-van-gogh\/royale-legende\/#breadcrumb","itemListElement":[{"@type":"ListItem","position":1,"name":"Home","item":"https:\/\/theatre-petit-louvre.fr\/avignon\/"},{"@type":"ListItem","position":2,"name":"Spectacles 2017","item":"https:\/\/theatre-petit-louvre.fr\/avignon\/spectacles-2017\/"},{"@type":"ListItem","position":3,"name":"salle Van Gogh","item":"https:\/\/theatre-petit-louvre.fr\/avignon\/?page_id=350"},{"@type":"ListItem","position":4,"name":"ROYALE L\u00c9GENDE"}]},{"@type":"WebSite","@id":"https:\/\/theatre-petit-louvre.fr\/avignon\/#website","url":"https:\/\/theatre-petit-louvre.fr\/avignon\/","name":"Le Petit Louvre","description":"un th\u00e9\u00e2tre au c\u0153ur d&#039;Avignon | Festival off","publisher":{"@id":"https:\/\/theatre-petit-louvre.fr\/avignon\/#organization"},"potentialAction":[{"@type":"SearchAction","target":{"@type":"EntryPoint","urlTemplate":"https:\/\/theatre-petit-louvre.fr\/avignon\/?s={search_term_string}"},"query-input":{"@type":"PropertyValueSpecification","valueRequired":true,"valueName":"search_term_string"}}],"inLanguage":"fr-FR"},{"@type":"Organization","@id":"https:\/\/theatre-petit-louvre.fr\/avignon\/#organization","name":"Th\u00e9\u00e2tre Le Petit Louvre","url":"https:\/\/theatre-petit-louvre.fr\/avignon\/","logo":{"@type":"ImageObject","inLanguage":"fr-FR","@id":"https:\/\/theatre-petit-louvre.fr\/avignon\/#\/schema\/logo\/image\/","url":"https:\/\/theatre-petit-louvre.fr\/avignon\/wp-content\/uploads\/2022\/05\/logo_petit-louvre_2008_RVB.png","contentUrl":"https:\/\/theatre-petit-louvre.fr\/avignon\/wp-content\/uploads\/2022\/05\/logo_petit-louvre_2008_RVB.png","width":374,"height":800,"caption":"Th\u00e9\u00e2tre Le Petit Louvre"},"image":{"@id":"https:\/\/theatre-petit-louvre.fr\/avignon\/#\/schema\/logo\/image\/"}}]}},"uagb_featured_image_src":{"full":false,"thumbnail":false,"medium":false,"medium_large":false,"large":false,"1536x1536":false,"2048x2048":false},"uagb_author_info":{"display_name":"cyber","author_link":"https:\/\/theatre-petit-louvre.fr\/avignon\/author\/cyber\/"},"uagb_comment_info":0,"uagb_excerpt":"De Fr\u00e9d\u00e9ric Mancier et Bernard Larr\u00e9,\u00a0Mise en sc\u00e8ne Xavier Berlioz \u00ab Royale L\u00e9gende \u00bb c\u2019est l\u2019Histoire vraie d\u2019une correspondance qui n\u2019a jamais exist\u00e9 entre\u00a0Marie Antoinette, reine grave et frivole et le Chevalier d\u2019Eon aussi\u00a0 redoutable qu\u2019excentrique. Vingt ans d\u2019une amiti\u00e9 fid\u00e8le, en quelques lettres, depuis les premiers pas de \u00ab l\u2019autrichienne \u00bb sur le sol\u2026","_links":{"self":[{"href":"https:\/\/theatre-petit-louvre.fr\/avignon\/wp-json\/wp\/v2\/pages\/1084","targetHints":{"allow":["GET"]}}],"collection":[{"href":"https:\/\/theatre-petit-louvre.fr\/avignon\/wp-json\/wp\/v2\/pages"}],"about":[{"href":"https:\/\/theatre-petit-louvre.fr\/avignon\/wp-json\/wp\/v2\/types\/page"}],"author":[{"embeddable":true,"href":"https:\/\/theatre-petit-louvre.fr\/avignon\/wp-json\/wp\/v2\/users\/1"}],"replies":[{"embeddable":true,"href":"https:\/\/theatre-petit-louvre.fr\/avignon\/wp-json\/wp\/v2\/comments?post=1084"}],"version-history":[{"count":8,"href":"https:\/\/theatre-petit-louvre.fr\/avignon\/wp-json\/wp\/v2\/pages\/1084\/revisions"}],"predecessor-version":[{"id":1526,"href":"https:\/\/theatre-petit-louvre.fr\/avignon\/wp-json\/wp\/v2\/pages\/1084\/revisions\/1526"}],"up":[{"embeddable":true,"href":"https:\/\/theatre-petit-louvre.fr\/avignon\/wp-json\/wp\/v2\/pages\/350"}],"wp:attachment":[{"href":"https:\/\/theatre-petit-louvre.fr\/avignon\/wp-json\/wp\/v2\/media?parent=1084"}],"wp:term":[{"taxonomy":"category","embeddable":true,"href":"https:\/\/theatre-petit-louvre.fr\/avignon\/wp-json\/wp\/v2\/categories?post=1084"},{"taxonomy":"post_tag","embeddable":true,"href":"https:\/\/theatre-petit-louvre.fr\/avignon\/wp-json\/wp\/v2\/tags?post=1084"}],"curies":[{"name":"wp","href":"https:\/\/api.w.org\/{rel}","templated":true}]}}