{"id":1117,"date":"2015-04-03T08:05:24","date_gmt":"2015-04-03T07:05:24","guid":{"rendered":"http:\/\/theatre-petit-louvre.fr\/avignon\/?page_id=1117"},"modified":"2016-07-18T14:09:38","modified_gmt":"2016-07-18T13:09:38","slug":"les-muses","status":"publish","type":"page","link":"https:\/\/theatre-petit-louvre.fr\/avignon\/spectacles-2017\/salle-van-gogh\/les-muses\/","title":{"rendered":"LES MUSES"},"content":{"rendered":"<p><b>un spectacle de Claire Couture et Mathilde Le Quellec, mise en sc\u00e8ne Stanislas Grassian<\/b><\/p>\n<p><img loading=\"lazy\" decoding=\"async\" class=\"alignnone size-full wp-image-1443\" src=\"http:\/\/theatre-petit-louvre.fr\/avignon\/wp-content\/uploads\/2015\/04\/muses.jpg\" alt=\"muses\" width=\"900\" height=\"370\" srcset=\"https:\/\/theatre-petit-louvre.fr\/avignon\/wp-content\/uploads\/2015\/04\/muses.jpg 900w, https:\/\/theatre-petit-louvre.fr\/avignon\/wp-content\/uploads\/2015\/04\/muses-150x62.jpg 150w, https:\/\/theatre-petit-louvre.fr\/avignon\/wp-content\/uploads\/2015\/04\/muses-300x123.jpg 300w, https:\/\/theatre-petit-louvre.fr\/avignon\/wp-content\/uploads\/2015\/04\/muses-624x257.jpg 624w\" sizes=\"auto, (max-width: 900px) 100vw, 900px\" \/><\/p>\n<p><strong>Une folle nuit au mus\u00e9e<\/strong><\/p>\n<p><strong>\u00a0<\/strong><strong>La Joconde, la Venus de Botticelli, la danseuse de Degas et la Marylin de Andy Warhol entrent dans la danse\u00a0et se r\u00e9veillent\u2026les cadres explosent et \u00e7a va swinguer dans le mus\u00e9e. Un voyage d\u00e9jant\u00e9 dans le temps.<\/strong><\/p>\n<p>A l\u2019origine du projet, deux complices, Claire Couture et Mathilde le Quellec, qui dans ces temps moroses avaient envie de passer outre et de faire rire en s\u2019interrogeant sur le monde comme il va.\u00a0Rien de singulier \u00e0 \u00e7a, ce qui d\u00e9coiffe et nous r\u00e9jouit c\u2019est leur mani\u00e8re de faire exploser les cadres, de sortir des convenances. Quelle belle id\u00e9e donner la parole \u00e0 des figures symboliques con\u00e7ues par les plus grands peintres. Voici donc nos muses qui ont une \u00e2me, Mona Lisa, Venus, la danseuse et \u00ab\u00a0last but not the least\u00a0\u00bb &#8230; Marylin\u00a0!<\/p>\n<p>Toutes quatre ont une personnalit\u00e9 affirm\u00e9e et vont devoir apprendre \u00e0 se connaitre, \u00e0 d\u00e9couvrir leurs qualit\u00e9s et leurs d\u00e9fauts. Et ce qui touche et r\u00e9jouit, c\u2019est qu\u2019elles nous renvoient notre propre image, elles nous ressemblent et nous nous attendrissons devant la blessure, la faille avou\u00e9e, nous rions devant la b\u00eatise\u2026. Belles et sublimes d\u00e9esses qui se font porte-parole de nos doutes, de nos col\u00e8res, de nos passions. Un voyage dans le temps et dans les \u0153uvres o\u00f9 l\u2019on voit qu\u2019entre le 15<sup>\u00e8me<\/sup> si\u00e8cle et nos jours les hommes ont peu chang\u00e9 tandis que les femmes combattent toujours pour une place plus juste.<\/p>\n<p>Entre burlesque et trag\u00e9die \u00e0 la Almodovar, un quatuor de femmes libres et hors cadre\u00a0livrent un spectacle musical d\u00e9coiffant, o\u00f9 se m\u00ealent chants polyphoniques et chor\u00e9graphies.<\/p>\n<p>&nbsp;<\/p>\n","protected":false},"excerpt":{"rendered":"<p>un spectacle de Claire Couture et Mathilde Le Quellec, mise en sc\u00e8ne Stanislas Grassian Une folle nuit au mus\u00e9e \u00a0La Joconde, la Venus de Botticelli, la danseuse de Degas et la Marylin de Andy Warhol entrent dans la danse\u00a0et se r\u00e9veillent\u2026les cadres explosent et \u00e7a va swinguer dans le mus\u00e9e. Un voyage d\u00e9jant\u00e9 dans le [&hellip;]<\/p>\n","protected":false},"author":1,"featured_media":0,"parent":350,"menu_order":7,"comment_status":"open","ping_status":"open","template":"","meta":{"_uag_custom_page_level_css":"","site-sidebar-layout":"default","site-content-layout":"","ast-site-content-layout":"default","site-content-style":"default","site-sidebar-style":"default","ast-global-header-display":"","ast-banner-title-visibility":"","ast-main-header-display":"","ast-hfb-above-header-display":"","ast-hfb-below-header-display":"","ast-hfb-mobile-header-display":"","site-post-title":"","ast-breadcrumbs-content":"","ast-featured-img":"","footer-sml-layout":"","ast-disable-related-posts":"","theme-transparent-header-meta":"","adv-header-id-meta":"","stick-header-meta":"","header-above-stick-meta":"","header-main-stick-meta":"","header-below-stick-meta":"","astra-migrate-meta-layouts":"default","ast-page-background-enabled":"default","ast-page-background-meta":{"desktop":{"background-color":"var(--ast-global-color-4)","background-image":"","background-repeat":"repeat","background-position":"center center","background-size":"auto","background-attachment":"scroll","background-type":"","background-media":"","overlay-type":"","overlay-color":"","overlay-opacity":"","overlay-gradient":""},"tablet":{"background-color":"","background-image":"","background-repeat":"repeat","background-position":"center center","background-size":"auto","background-attachment":"scroll","background-type":"","background-media":"","overlay-type":"","overlay-color":"","overlay-opacity":"","overlay-gradient":""},"mobile":{"background-color":"","background-image":"","background-repeat":"repeat","background-position":"center center","background-size":"auto","background-attachment":"scroll","background-type":"","background-media":"","overlay-type":"","overlay-color":"","overlay-opacity":"","overlay-gradient":""}},"ast-content-background-meta":{"desktop":{"background-color":"var(--ast-global-color-5)","background-image":"","background-repeat":"repeat","background-position":"center center","background-size":"auto","background-attachment":"scroll","background-type":"","background-media":"","overlay-type":"","overlay-color":"","overlay-opacity":"","overlay-gradient":""},"tablet":{"background-color":"var(--ast-global-color-5)","background-image":"","background-repeat":"repeat","background-position":"center center","background-size":"auto","background-attachment":"scroll","background-type":"","background-media":"","overlay-type":"","overlay-color":"","overlay-opacity":"","overlay-gradient":""},"mobile":{"background-color":"var(--ast-global-color-5)","background-image":"","background-repeat":"repeat","background-position":"center center","background-size":"auto","background-attachment":"scroll","background-type":"","background-media":"","overlay-type":"","overlay-color":"","overlay-opacity":"","overlay-gradient":""}},"footnotes":"","_links_to":"","_links_to_target":""},"categories":[],"tags":[],"class_list":["post-1117","page","type-page","status-publish","hentry"],"yoast_head":"<!-- This site is optimized with the Yoast SEO plugin v27.5 - https:\/\/yoast.com\/product\/yoast-seo-wordpress\/ -->\n<title>LES MUSES - Le Petit Louvre<\/title>\n<meta name=\"description\" content=\"Chaque \u00e9t\u00e9, un th\u00e9\u00e2tre au c\u0153ur d&#039;Avignon, Festival off : des textes, des auteurs, des autrices, des acteurs, des actrices. Deux salles climatis\u00e9es, 15 spectacles, un bar-restaurant.\" \/>\n<meta name=\"robots\" content=\"index, follow, max-snippet:-1, max-image-preview:large, max-video-preview:-1\" \/>\n<link rel=\"canonical\" href=\"https:\/\/theatre-petit-louvre.fr\/avignon\/spectacles-2017\/salle-van-gogh\/les-muses\/\" \/>\n<meta property=\"og:locale\" content=\"fr_FR\" \/>\n<meta property=\"og:type\" content=\"article\" \/>\n<meta property=\"og:title\" content=\"LES MUSES - Le Petit Louvre\" \/>\n<meta property=\"og:description\" content=\"Chaque \u00e9t\u00e9, un th\u00e9\u00e2tre au c\u0153ur d&#039;Avignon, Festival off : des textes, des auteurs, des autrices, des acteurs, des actrices. Deux salles climatis\u00e9es, 15 spectacles, un bar-restaurant.\" \/>\n<meta property=\"og:url\" content=\"https:\/\/theatre-petit-louvre.fr\/avignon\/spectacles-2017\/salle-van-gogh\/les-muses\/\" \/>\n<meta property=\"og:site_name\" content=\"Le Petit Louvre\" \/>\n<meta property=\"article:modified_time\" content=\"2016-07-18T13:09:38+00:00\" \/>\n<meta property=\"og:image\" content=\"http:\/\/theatre-petit-louvre.fr\/avignon\/wp-content\/uploads\/2015\/04\/muses.jpg\" \/>\n<meta name=\"twitter:label1\" content=\"Dur\u00e9e de lecture estim\u00e9e\" \/>\n\t<meta name=\"twitter:data1\" content=\"2 minutes\" \/>\n<script type=\"application\/ld+json\" class=\"yoast-schema-graph\">{\"@context\":\"https:\\\/\\\/schema.org\",\"@graph\":[{\"@type\":\"WebPage\",\"@id\":\"https:\\\/\\\/theatre-petit-louvre.fr\\\/avignon\\\/spectacles-2017\\\/salle-van-gogh\\\/les-muses\\\/\",\"url\":\"https:\\\/\\\/theatre-petit-louvre.fr\\\/avignon\\\/spectacles-2017\\\/salle-van-gogh\\\/les-muses\\\/\",\"name\":\"LES MUSES - Le Petit Louvre\",\"isPartOf\":{\"@id\":\"https:\\\/\\\/theatre-petit-louvre.fr\\\/avignon\\\/#website\"},\"primaryImageOfPage\":{\"@id\":\"https:\\\/\\\/theatre-petit-louvre.fr\\\/avignon\\\/spectacles-2017\\\/salle-van-gogh\\\/les-muses\\\/#primaryimage\"},\"image\":{\"@id\":\"https:\\\/\\\/theatre-petit-louvre.fr\\\/avignon\\\/spectacles-2017\\\/salle-van-gogh\\\/les-muses\\\/#primaryimage\"},\"thumbnailUrl\":\"http:\\\/\\\/theatre-petit-louvre.fr\\\/avignon\\\/wp-content\\\/uploads\\\/2015\\\/04\\\/muses.jpg\",\"datePublished\":\"2015-04-03T07:05:24+00:00\",\"dateModified\":\"2016-07-18T13:09:38+00:00\",\"description\":\"Chaque \u00e9t\u00e9, un th\u00e9\u00e2tre au c\u0153ur d'Avignon, Festival off : des textes, des auteurs, des autrices, des acteurs, des actrices. Deux salles climatis\u00e9es, 15 spectacles, un bar-restaurant.\",\"breadcrumb\":{\"@id\":\"https:\\\/\\\/theatre-petit-louvre.fr\\\/avignon\\\/spectacles-2017\\\/salle-van-gogh\\\/les-muses\\\/#breadcrumb\"},\"inLanguage\":\"fr-FR\",\"potentialAction\":[{\"@type\":\"ReadAction\",\"target\":[\"https:\\\/\\\/theatre-petit-louvre.fr\\\/avignon\\\/spectacles-2017\\\/salle-van-gogh\\\/les-muses\\\/\"]}]},{\"@type\":\"ImageObject\",\"inLanguage\":\"fr-FR\",\"@id\":\"https:\\\/\\\/theatre-petit-louvre.fr\\\/avignon\\\/spectacles-2017\\\/salle-van-gogh\\\/les-muses\\\/#primaryimage\",\"url\":\"https:\\\/\\\/theatre-petit-louvre.fr\\\/avignon\\\/wp-content\\\/uploads\\\/2015\\\/04\\\/muses.jpg\",\"contentUrl\":\"https:\\\/\\\/theatre-petit-louvre.fr\\\/avignon\\\/wp-content\\\/uploads\\\/2015\\\/04\\\/muses.jpg\",\"width\":900,\"height\":370,\"caption\":\"LES MUSES\"},{\"@type\":\"BreadcrumbList\",\"@id\":\"https:\\\/\\\/theatre-petit-louvre.fr\\\/avignon\\\/spectacles-2017\\\/salle-van-gogh\\\/les-muses\\\/#breadcrumb\",\"itemListElement\":[{\"@type\":\"ListItem\",\"position\":1,\"name\":\"Home\",\"item\":\"https:\\\/\\\/theatre-petit-louvre.fr\\\/avignon\\\/\"},{\"@type\":\"ListItem\",\"position\":2,\"name\":\"Spectacles 2017\",\"item\":\"https:\\\/\\\/theatre-petit-louvre.fr\\\/avignon\\\/spectacles-2017\\\/\"},{\"@type\":\"ListItem\",\"position\":3,\"name\":\"salle Van Gogh\",\"item\":\"https:\\\/\\\/theatre-petit-louvre.fr\\\/avignon\\\/?page_id=350\"},{\"@type\":\"ListItem\",\"position\":4,\"name\":\"LES MUSES\"}]},{\"@type\":\"WebSite\",\"@id\":\"https:\\\/\\\/theatre-petit-louvre.fr\\\/avignon\\\/#website\",\"url\":\"https:\\\/\\\/theatre-petit-louvre.fr\\\/avignon\\\/\",\"name\":\"Le Petit Louvre\",\"description\":\"un th\u00e9\u00e2tre au c\u0153ur d&#039;Avignon | Festival off\",\"publisher\":{\"@id\":\"https:\\\/\\\/theatre-petit-louvre.fr\\\/avignon\\\/#organization\"},\"potentialAction\":[{\"@type\":\"SearchAction\",\"target\":{\"@type\":\"EntryPoint\",\"urlTemplate\":\"https:\\\/\\\/theatre-petit-louvre.fr\\\/avignon\\\/?s={search_term_string}\"},\"query-input\":{\"@type\":\"PropertyValueSpecification\",\"valueRequired\":true,\"valueName\":\"search_term_string\"}}],\"inLanguage\":\"fr-FR\"},{\"@type\":\"Organization\",\"@id\":\"https:\\\/\\\/theatre-petit-louvre.fr\\\/avignon\\\/#organization\",\"name\":\"Th\u00e9\u00e2tre Le Petit Louvre\",\"url\":\"https:\\\/\\\/theatre-petit-louvre.fr\\\/avignon\\\/\",\"logo\":{\"@type\":\"ImageObject\",\"inLanguage\":\"fr-FR\",\"@id\":\"https:\\\/\\\/theatre-petit-louvre.fr\\\/avignon\\\/#\\\/schema\\\/logo\\\/image\\\/\",\"url\":\"https:\\\/\\\/theatre-petit-louvre.fr\\\/avignon\\\/wp-content\\\/uploads\\\/2022\\\/05\\\/logo_petit-louvre_2008_RVB.png\",\"contentUrl\":\"https:\\\/\\\/theatre-petit-louvre.fr\\\/avignon\\\/wp-content\\\/uploads\\\/2022\\\/05\\\/logo_petit-louvre_2008_RVB.png\",\"width\":374,\"height\":800,\"caption\":\"Th\u00e9\u00e2tre Le Petit Louvre\"},\"image\":{\"@id\":\"https:\\\/\\\/theatre-petit-louvre.fr\\\/avignon\\\/#\\\/schema\\\/logo\\\/image\\\/\"}}]}<\/script>\n<!-- \/ Yoast SEO plugin. -->","yoast_head_json":{"title":"LES MUSES - Le Petit Louvre","description":"Chaque \u00e9t\u00e9, un th\u00e9\u00e2tre au c\u0153ur d'Avignon, Festival off : des textes, des auteurs, des autrices, des acteurs, des actrices. Deux salles climatis\u00e9es, 15 spectacles, un bar-restaurant.","robots":{"index":"index","follow":"follow","max-snippet":"max-snippet:-1","max-image-preview":"max-image-preview:large","max-video-preview":"max-video-preview:-1"},"canonical":"https:\/\/theatre-petit-louvre.fr\/avignon\/spectacles-2017\/salle-van-gogh\/les-muses\/","og_locale":"fr_FR","og_type":"article","og_title":"LES MUSES - Le Petit Louvre","og_description":"Chaque \u00e9t\u00e9, un th\u00e9\u00e2tre au c\u0153ur d'Avignon, Festival off : des textes, des auteurs, des autrices, des acteurs, des actrices. Deux salles climatis\u00e9es, 15 spectacles, un bar-restaurant.","og_url":"https:\/\/theatre-petit-louvre.fr\/avignon\/spectacles-2017\/salle-van-gogh\/les-muses\/","og_site_name":"Le Petit Louvre","article_modified_time":"2016-07-18T13:09:38+00:00","og_image":[{"url":"http:\/\/theatre-petit-louvre.fr\/avignon\/wp-content\/uploads\/2015\/04\/muses.jpg","type":"","width":"","height":""}],"twitter_misc":{"Dur\u00e9e de lecture estim\u00e9e":"2 minutes"},"schema":{"@context":"https:\/\/schema.org","@graph":[{"@type":"WebPage","@id":"https:\/\/theatre-petit-louvre.fr\/avignon\/spectacles-2017\/salle-van-gogh\/les-muses\/","url":"https:\/\/theatre-petit-louvre.fr\/avignon\/spectacles-2017\/salle-van-gogh\/les-muses\/","name":"LES MUSES - Le Petit Louvre","isPartOf":{"@id":"https:\/\/theatre-petit-louvre.fr\/avignon\/#website"},"primaryImageOfPage":{"@id":"https:\/\/theatre-petit-louvre.fr\/avignon\/spectacles-2017\/salle-van-gogh\/les-muses\/#primaryimage"},"image":{"@id":"https:\/\/theatre-petit-louvre.fr\/avignon\/spectacles-2017\/salle-van-gogh\/les-muses\/#primaryimage"},"thumbnailUrl":"http:\/\/theatre-petit-louvre.fr\/avignon\/wp-content\/uploads\/2015\/04\/muses.jpg","datePublished":"2015-04-03T07:05:24+00:00","dateModified":"2016-07-18T13:09:38+00:00","description":"Chaque \u00e9t\u00e9, un th\u00e9\u00e2tre au c\u0153ur d'Avignon, Festival off : des textes, des auteurs, des autrices, des acteurs, des actrices. Deux salles climatis\u00e9es, 15 spectacles, un bar-restaurant.","breadcrumb":{"@id":"https:\/\/theatre-petit-louvre.fr\/avignon\/spectacles-2017\/salle-van-gogh\/les-muses\/#breadcrumb"},"inLanguage":"fr-FR","potentialAction":[{"@type":"ReadAction","target":["https:\/\/theatre-petit-louvre.fr\/avignon\/spectacles-2017\/salle-van-gogh\/les-muses\/"]}]},{"@type":"ImageObject","inLanguage":"fr-FR","@id":"https:\/\/theatre-petit-louvre.fr\/avignon\/spectacles-2017\/salle-van-gogh\/les-muses\/#primaryimage","url":"https:\/\/theatre-petit-louvre.fr\/avignon\/wp-content\/uploads\/2015\/04\/muses.jpg","contentUrl":"https:\/\/theatre-petit-louvre.fr\/avignon\/wp-content\/uploads\/2015\/04\/muses.jpg","width":900,"height":370,"caption":"LES MUSES"},{"@type":"BreadcrumbList","@id":"https:\/\/theatre-petit-louvre.fr\/avignon\/spectacles-2017\/salle-van-gogh\/les-muses\/#breadcrumb","itemListElement":[{"@type":"ListItem","position":1,"name":"Home","item":"https:\/\/theatre-petit-louvre.fr\/avignon\/"},{"@type":"ListItem","position":2,"name":"Spectacles 2017","item":"https:\/\/theatre-petit-louvre.fr\/avignon\/spectacles-2017\/"},{"@type":"ListItem","position":3,"name":"salle Van Gogh","item":"https:\/\/theatre-petit-louvre.fr\/avignon\/?page_id=350"},{"@type":"ListItem","position":4,"name":"LES MUSES"}]},{"@type":"WebSite","@id":"https:\/\/theatre-petit-louvre.fr\/avignon\/#website","url":"https:\/\/theatre-petit-louvre.fr\/avignon\/","name":"Le Petit Louvre","description":"un th\u00e9\u00e2tre au c\u0153ur d&#039;Avignon | Festival off","publisher":{"@id":"https:\/\/theatre-petit-louvre.fr\/avignon\/#organization"},"potentialAction":[{"@type":"SearchAction","target":{"@type":"EntryPoint","urlTemplate":"https:\/\/theatre-petit-louvre.fr\/avignon\/?s={search_term_string}"},"query-input":{"@type":"PropertyValueSpecification","valueRequired":true,"valueName":"search_term_string"}}],"inLanguage":"fr-FR"},{"@type":"Organization","@id":"https:\/\/theatre-petit-louvre.fr\/avignon\/#organization","name":"Th\u00e9\u00e2tre Le Petit Louvre","url":"https:\/\/theatre-petit-louvre.fr\/avignon\/","logo":{"@type":"ImageObject","inLanguage":"fr-FR","@id":"https:\/\/theatre-petit-louvre.fr\/avignon\/#\/schema\/logo\/image\/","url":"https:\/\/theatre-petit-louvre.fr\/avignon\/wp-content\/uploads\/2022\/05\/logo_petit-louvre_2008_RVB.png","contentUrl":"https:\/\/theatre-petit-louvre.fr\/avignon\/wp-content\/uploads\/2022\/05\/logo_petit-louvre_2008_RVB.png","width":374,"height":800,"caption":"Th\u00e9\u00e2tre Le Petit Louvre"},"image":{"@id":"https:\/\/theatre-petit-louvre.fr\/avignon\/#\/schema\/logo\/image\/"}}]}},"uagb_featured_image_src":{"full":false,"thumbnail":false,"medium":false,"medium_large":false,"large":false,"1536x1536":false,"2048x2048":false},"uagb_author_info":{"display_name":"cyber","author_link":"https:\/\/theatre-petit-louvre.fr\/avignon\/author\/cyber\/"},"uagb_comment_info":0,"uagb_excerpt":"un spectacle de Claire Couture et Mathilde Le Quellec, mise en sc\u00e8ne Stanislas Grassian Une folle nuit au mus\u00e9e \u00a0La Joconde, la Venus de Botticelli, la danseuse de Degas et la Marylin de Andy Warhol entrent dans la danse\u00a0et se r\u00e9veillent\u2026les cadres explosent et \u00e7a va swinguer dans le mus\u00e9e. Un voyage d\u00e9jant\u00e9 dans le\u2026","_links":{"self":[{"href":"https:\/\/theatre-petit-louvre.fr\/avignon\/wp-json\/wp\/v2\/pages\/1117","targetHints":{"allow":["GET"]}}],"collection":[{"href":"https:\/\/theatre-petit-louvre.fr\/avignon\/wp-json\/wp\/v2\/pages"}],"about":[{"href":"https:\/\/theatre-petit-louvre.fr\/avignon\/wp-json\/wp\/v2\/types\/page"}],"author":[{"embeddable":true,"href":"https:\/\/theatre-petit-louvre.fr\/avignon\/wp-json\/wp\/v2\/users\/1"}],"replies":[{"embeddable":true,"href":"https:\/\/theatre-petit-louvre.fr\/avignon\/wp-json\/wp\/v2\/comments?post=1117"}],"version-history":[{"count":11,"href":"https:\/\/theatre-petit-louvre.fr\/avignon\/wp-json\/wp\/v2\/pages\/1117\/revisions"}],"predecessor-version":[{"id":1530,"href":"https:\/\/theatre-petit-louvre.fr\/avignon\/wp-json\/wp\/v2\/pages\/1117\/revisions\/1530"}],"up":[{"embeddable":true,"href":"https:\/\/theatre-petit-louvre.fr\/avignon\/wp-json\/wp\/v2\/pages\/350"}],"wp:attachment":[{"href":"https:\/\/theatre-petit-louvre.fr\/avignon\/wp-json\/wp\/v2\/media?parent=1117"}],"wp:term":[{"taxonomy":"category","embeddable":true,"href":"https:\/\/theatre-petit-louvre.fr\/avignon\/wp-json\/wp\/v2\/categories?post=1117"},{"taxonomy":"post_tag","embeddable":true,"href":"https:\/\/theatre-petit-louvre.fr\/avignon\/wp-json\/wp\/v2\/tags?post=1117"}],"curies":[{"name":"wp","href":"https:\/\/api.w.org\/{rel}","templated":true}]}}