{"id":1123,"date":"2015-04-03T08:11:05","date_gmt":"2015-04-03T07:11:05","guid":{"rendered":"http:\/\/theatre-petit-louvre.fr\/avignon\/?page_id=1123"},"modified":"2016-07-18T14:11:15","modified_gmt":"2016-07-18T13:11:15","slug":"simone-de-beauvoir","status":"publish","type":"page","link":"https:\/\/theatre-petit-louvre.fr\/avignon\/spectacles-2017\/salle-van-gogh\/simone-de-beauvoir\/","title":{"rendered":"SIMONE DE BEAUVOIR"},"content":{"rendered":"<p><b><br \/>\n<\/b><b style=\"line-height: 1.71429; font-size: 1rem;\">\u00e9crit par Brigitte Bladou, mise en sc\u00e8ne Fran\u00e7ois Bourcier, interpr\u00e9t\u00e9 par Brigitte Bladou<\/b><\/p>\n<p><img loading=\"lazy\" decoding=\"async\" class=\"alignnone size-full wp-image-1446\" src=\"http:\/\/theatre-petit-louvre.fr\/avignon\/wp-content\/uploads\/2015\/04\/simone.jpg\" alt=\"simone\" width=\"900\" height=\"370\" srcset=\"https:\/\/theatre-petit-louvre.fr\/avignon\/wp-content\/uploads\/2015\/04\/simone.jpg 900w, https:\/\/theatre-petit-louvre.fr\/avignon\/wp-content\/uploads\/2015\/04\/simone-150x62.jpg 150w, https:\/\/theatre-petit-louvre.fr\/avignon\/wp-content\/uploads\/2015\/04\/simone-300x123.jpg 300w, https:\/\/theatre-petit-louvre.fr\/avignon\/wp-content\/uploads\/2015\/04\/simone-624x257.jpg 624w\" sizes=\"auto, (max-width: 900px) 100vw, 900px\" \/><\/p>\n<p><strong>Une vie de combat pour les libert\u00e9s<\/strong><\/p>\n<p><strong>Dans l\u2019univers musical du Saint Germain des pr\u00e8s de l&rsquo;avant et de l\u2019apr\u00e8s-guerre, entre humour et \u00e9motion, Brigitte Bladou, fait vivre \u00ab\u00a0le Castor\u00a0\u00bb, comme l\u2019appelait Jean-Paul Sartre, ses amours, ses passions, ses combats et bien s\u00fbr ses \u00e9crits qui n\u2019ont pas pris une ride.<\/strong><\/p>\n<p>Par ses engagements et \u00e0 travers ses \u00e9crits, Simone de Beauvoir a soulev\u00e9 les foules, lib\u00e9r\u00e9 nos m\u00e8res, nos grands-m\u00e8res de leur carcan, suscitant un espoir de libert\u00e9 qui laissait place \u00e0 la parole, celle enfouie, engourdie par des si\u00e8cles d\u2019ignorance. Si dans la m\u00e9moire collective, elle reste \u00e0 tout jamais l\u2019avocate de la cause des femmes, elle incarne aujourd\u2019hui la r\u00e9alit\u00e9 complexe d\u2019une femme qui traversa toute l\u2019histoire du XX\u00e8me si\u00e8cle, ses fracas, ses modes, ses combats. Elle y prit sa part, y tint sa place en philosophe et femme engag\u00e9e qui n\u2019a cess\u00e9 de d\u00e9montrer que se vouloir libre c\u2019est aussi vouloir la libert\u00e9 des autres.<\/p>\n<p>A travers l\u2019\u00e9pop\u00e9e d\u2019une vie, de l\u2019adolescente aspirant \u00e0 la libert\u00e9 \u00e0 la femme d\u2019\u00e2ge m\u00fbr, c\u2019est la vie \u00e0 fleur d\u2019\u00e2me, qu&rsquo;incarne la com\u00e9dienne Brigitte Bladou.<\/p>\n<p>Au fil de la pi\u00e8ce, la com\u00e9dienne, avec autant d\u2019humour que de finesse, nous r\u00e9v\u00e8le une femme passionn\u00e9e \u00e0 la recherche d\u2019un \u00e9quilibre entre le bonheur intime et ses engagements publics qui lui valurent souvent injures et inimiti\u00e9s sans jamais entamer sa d\u00e9termination.<\/p>\n<p>Une interpr\u00e9tation magnifique, un hymne \u00e0 la libert\u00e9.<\/p>\n","protected":false},"excerpt":{"rendered":"<p>\u00e9crit par Brigitte Bladou, mise en sc\u00e8ne Fran\u00e7ois Bourcier, interpr\u00e9t\u00e9 par Brigitte Bladou Une vie de combat pour les libert\u00e9s Dans l\u2019univers musical du Saint Germain des pr\u00e8s de l&rsquo;avant et de l\u2019apr\u00e8s-guerre, entre humour et \u00e9motion, Brigitte Bladou, fait vivre \u00ab\u00a0le Castor\u00a0\u00bb, comme l\u2019appelait Jean-Paul Sartre, ses amours, ses passions, ses combats et bien [&hellip;]<\/p>\n","protected":false},"author":1,"featured_media":0,"parent":350,"menu_order":8,"comment_status":"open","ping_status":"open","template":"","meta":{"_uag_custom_page_level_css":"","site-sidebar-layout":"default","site-content-layout":"","ast-site-content-layout":"default","site-content-style":"default","site-sidebar-style":"default","ast-global-header-display":"","ast-banner-title-visibility":"","ast-main-header-display":"","ast-hfb-above-header-display":"","ast-hfb-below-header-display":"","ast-hfb-mobile-header-display":"","site-post-title":"","ast-breadcrumbs-content":"","ast-featured-img":"","footer-sml-layout":"","ast-disable-related-posts":"","theme-transparent-header-meta":"","adv-header-id-meta":"","stick-header-meta":"","header-above-stick-meta":"","header-main-stick-meta":"","header-below-stick-meta":"","astra-migrate-meta-layouts":"default","ast-page-background-enabled":"default","ast-page-background-meta":{"desktop":{"background-color":"var(--ast-global-color-4)","background-image":"","background-repeat":"repeat","background-position":"center center","background-size":"auto","background-attachment":"scroll","background-type":"","background-media":"","overlay-type":"","overlay-color":"","overlay-opacity":"","overlay-gradient":""},"tablet":{"background-color":"","background-image":"","background-repeat":"repeat","background-position":"center center","background-size":"auto","background-attachment":"scroll","background-type":"","background-media":"","overlay-type":"","overlay-color":"","overlay-opacity":"","overlay-gradient":""},"mobile":{"background-color":"","background-image":"","background-repeat":"repeat","background-position":"center center","background-size":"auto","background-attachment":"scroll","background-type":"","background-media":"","overlay-type":"","overlay-color":"","overlay-opacity":"","overlay-gradient":""}},"ast-content-background-meta":{"desktop":{"background-color":"var(--ast-global-color-5)","background-image":"","background-repeat":"repeat","background-position":"center center","background-size":"auto","background-attachment":"scroll","background-type":"","background-media":"","overlay-type":"","overlay-color":"","overlay-opacity":"","overlay-gradient":""},"tablet":{"background-color":"var(--ast-global-color-5)","background-image":"","background-repeat":"repeat","background-position":"center center","background-size":"auto","background-attachment":"scroll","background-type":"","background-media":"","overlay-type":"","overlay-color":"","overlay-opacity":"","overlay-gradient":""},"mobile":{"background-color":"var(--ast-global-color-5)","background-image":"","background-repeat":"repeat","background-position":"center center","background-size":"auto","background-attachment":"scroll","background-type":"","background-media":"","overlay-type":"","overlay-color":"","overlay-opacity":"","overlay-gradient":""}},"footnotes":"","_links_to":"","_links_to_target":""},"categories":[],"tags":[],"class_list":["post-1123","page","type-page","status-publish","hentry"],"yoast_head":"<!-- This site is optimized with the Yoast SEO plugin v27.5 - https:\/\/yoast.com\/product\/yoast-seo-wordpress\/ -->\n<title>SIMONE DE BEAUVOIR - Le Petit Louvre<\/title>\n<meta name=\"description\" content=\"Chaque \u00e9t\u00e9, un th\u00e9\u00e2tre au c\u0153ur d&#039;Avignon, Festival off : des textes, des auteurs, des autrices, des acteurs, des actrices. Deux salles climatis\u00e9es, 15 spectacles, un bar-restaurant.\" \/>\n<meta name=\"robots\" content=\"index, follow, max-snippet:-1, max-image-preview:large, max-video-preview:-1\" \/>\n<link rel=\"canonical\" href=\"https:\/\/theatre-petit-louvre.fr\/avignon\/spectacles-2017\/salle-van-gogh\/simone-de-beauvoir\/\" \/>\n<meta property=\"og:locale\" content=\"fr_FR\" \/>\n<meta property=\"og:type\" content=\"article\" \/>\n<meta property=\"og:title\" content=\"SIMONE DE BEAUVOIR - Le Petit Louvre\" \/>\n<meta property=\"og:description\" content=\"Chaque \u00e9t\u00e9, un th\u00e9\u00e2tre au c\u0153ur d&#039;Avignon, Festival off : des textes, des auteurs, des autrices, des acteurs, des actrices. Deux salles climatis\u00e9es, 15 spectacles, un bar-restaurant.\" \/>\n<meta property=\"og:url\" content=\"https:\/\/theatre-petit-louvre.fr\/avignon\/spectacles-2017\/salle-van-gogh\/simone-de-beauvoir\/\" \/>\n<meta property=\"og:site_name\" content=\"Le Petit Louvre\" \/>\n<meta property=\"article:modified_time\" content=\"2016-07-18T13:11:15+00:00\" \/>\n<meta property=\"og:image\" content=\"http:\/\/theatre-petit-louvre.fr\/avignon\/wp-content\/uploads\/2015\/04\/simone.jpg\" \/>\n<meta name=\"twitter:label1\" content=\"Dur\u00e9e de lecture estim\u00e9e\" \/>\n\t<meta name=\"twitter:data1\" content=\"1 minute\" \/>\n<script type=\"application\/ld+json\" class=\"yoast-schema-graph\">{\"@context\":\"https:\\\/\\\/schema.org\",\"@graph\":[{\"@type\":\"WebPage\",\"@id\":\"https:\\\/\\\/theatre-petit-louvre.fr\\\/avignon\\\/spectacles-2017\\\/salle-van-gogh\\\/simone-de-beauvoir\\\/\",\"url\":\"https:\\\/\\\/theatre-petit-louvre.fr\\\/avignon\\\/spectacles-2017\\\/salle-van-gogh\\\/simone-de-beauvoir\\\/\",\"name\":\"SIMONE DE BEAUVOIR - Le Petit Louvre\",\"isPartOf\":{\"@id\":\"https:\\\/\\\/theatre-petit-louvre.fr\\\/avignon\\\/#website\"},\"primaryImageOfPage\":{\"@id\":\"https:\\\/\\\/theatre-petit-louvre.fr\\\/avignon\\\/spectacles-2017\\\/salle-van-gogh\\\/simone-de-beauvoir\\\/#primaryimage\"},\"image\":{\"@id\":\"https:\\\/\\\/theatre-petit-louvre.fr\\\/avignon\\\/spectacles-2017\\\/salle-van-gogh\\\/simone-de-beauvoir\\\/#primaryimage\"},\"thumbnailUrl\":\"http:\\\/\\\/theatre-petit-louvre.fr\\\/avignon\\\/wp-content\\\/uploads\\\/2015\\\/04\\\/simone.jpg\",\"datePublished\":\"2015-04-03T07:11:05+00:00\",\"dateModified\":\"2016-07-18T13:11:15+00:00\",\"description\":\"Chaque \u00e9t\u00e9, un th\u00e9\u00e2tre au c\u0153ur d'Avignon, Festival off : des textes, des auteurs, des autrices, des acteurs, des actrices. Deux salles climatis\u00e9es, 15 spectacles, un bar-restaurant.\",\"breadcrumb\":{\"@id\":\"https:\\\/\\\/theatre-petit-louvre.fr\\\/avignon\\\/spectacles-2017\\\/salle-van-gogh\\\/simone-de-beauvoir\\\/#breadcrumb\"},\"inLanguage\":\"fr-FR\",\"potentialAction\":[{\"@type\":\"ReadAction\",\"target\":[\"https:\\\/\\\/theatre-petit-louvre.fr\\\/avignon\\\/spectacles-2017\\\/salle-van-gogh\\\/simone-de-beauvoir\\\/\"]}]},{\"@type\":\"ImageObject\",\"inLanguage\":\"fr-FR\",\"@id\":\"https:\\\/\\\/theatre-petit-louvre.fr\\\/avignon\\\/spectacles-2017\\\/salle-van-gogh\\\/simone-de-beauvoir\\\/#primaryimage\",\"url\":\"https:\\\/\\\/theatre-petit-louvre.fr\\\/avignon\\\/wp-content\\\/uploads\\\/2015\\\/04\\\/simone.jpg\",\"contentUrl\":\"https:\\\/\\\/theatre-petit-louvre.fr\\\/avignon\\\/wp-content\\\/uploads\\\/2015\\\/04\\\/simone.jpg\",\"width\":900,\"height\":370,\"caption\":\"SIMONE DE BEAUVOIR\"},{\"@type\":\"BreadcrumbList\",\"@id\":\"https:\\\/\\\/theatre-petit-louvre.fr\\\/avignon\\\/spectacles-2017\\\/salle-van-gogh\\\/simone-de-beauvoir\\\/#breadcrumb\",\"itemListElement\":[{\"@type\":\"ListItem\",\"position\":1,\"name\":\"Home\",\"item\":\"https:\\\/\\\/theatre-petit-louvre.fr\\\/avignon\\\/\"},{\"@type\":\"ListItem\",\"position\":2,\"name\":\"Spectacles 2017\",\"item\":\"https:\\\/\\\/theatre-petit-louvre.fr\\\/avignon\\\/spectacles-2017\\\/\"},{\"@type\":\"ListItem\",\"position\":3,\"name\":\"salle Van Gogh\",\"item\":\"https:\\\/\\\/theatre-petit-louvre.fr\\\/avignon\\\/?page_id=350\"},{\"@type\":\"ListItem\",\"position\":4,\"name\":\"SIMONE DE BEAUVOIR\"}]},{\"@type\":\"WebSite\",\"@id\":\"https:\\\/\\\/theatre-petit-louvre.fr\\\/avignon\\\/#website\",\"url\":\"https:\\\/\\\/theatre-petit-louvre.fr\\\/avignon\\\/\",\"name\":\"Le Petit Louvre\",\"description\":\"un th\u00e9\u00e2tre au c\u0153ur d&#039;Avignon | Festival off\",\"publisher\":{\"@id\":\"https:\\\/\\\/theatre-petit-louvre.fr\\\/avignon\\\/#organization\"},\"potentialAction\":[{\"@type\":\"SearchAction\",\"target\":{\"@type\":\"EntryPoint\",\"urlTemplate\":\"https:\\\/\\\/theatre-petit-louvre.fr\\\/avignon\\\/?s={search_term_string}\"},\"query-input\":{\"@type\":\"PropertyValueSpecification\",\"valueRequired\":true,\"valueName\":\"search_term_string\"}}],\"inLanguage\":\"fr-FR\"},{\"@type\":\"Organization\",\"@id\":\"https:\\\/\\\/theatre-petit-louvre.fr\\\/avignon\\\/#organization\",\"name\":\"Th\u00e9\u00e2tre Le Petit Louvre\",\"url\":\"https:\\\/\\\/theatre-petit-louvre.fr\\\/avignon\\\/\",\"logo\":{\"@type\":\"ImageObject\",\"inLanguage\":\"fr-FR\",\"@id\":\"https:\\\/\\\/theatre-petit-louvre.fr\\\/avignon\\\/#\\\/schema\\\/logo\\\/image\\\/\",\"url\":\"https:\\\/\\\/theatre-petit-louvre.fr\\\/avignon\\\/wp-content\\\/uploads\\\/2022\\\/05\\\/logo_petit-louvre_2008_RVB.png\",\"contentUrl\":\"https:\\\/\\\/theatre-petit-louvre.fr\\\/avignon\\\/wp-content\\\/uploads\\\/2022\\\/05\\\/logo_petit-louvre_2008_RVB.png\",\"width\":374,\"height\":800,\"caption\":\"Th\u00e9\u00e2tre Le Petit Louvre\"},\"image\":{\"@id\":\"https:\\\/\\\/theatre-petit-louvre.fr\\\/avignon\\\/#\\\/schema\\\/logo\\\/image\\\/\"}}]}<\/script>\n<!-- \/ Yoast SEO plugin. -->","yoast_head_json":{"title":"SIMONE DE BEAUVOIR - Le Petit Louvre","description":"Chaque \u00e9t\u00e9, un th\u00e9\u00e2tre au c\u0153ur d'Avignon, Festival off : des textes, des auteurs, des autrices, des acteurs, des actrices. Deux salles climatis\u00e9es, 15 spectacles, un bar-restaurant.","robots":{"index":"index","follow":"follow","max-snippet":"max-snippet:-1","max-image-preview":"max-image-preview:large","max-video-preview":"max-video-preview:-1"},"canonical":"https:\/\/theatre-petit-louvre.fr\/avignon\/spectacles-2017\/salle-van-gogh\/simone-de-beauvoir\/","og_locale":"fr_FR","og_type":"article","og_title":"SIMONE DE BEAUVOIR - Le Petit Louvre","og_description":"Chaque \u00e9t\u00e9, un th\u00e9\u00e2tre au c\u0153ur d'Avignon, Festival off : des textes, des auteurs, des autrices, des acteurs, des actrices. Deux salles climatis\u00e9es, 15 spectacles, un bar-restaurant.","og_url":"https:\/\/theatre-petit-louvre.fr\/avignon\/spectacles-2017\/salle-van-gogh\/simone-de-beauvoir\/","og_site_name":"Le Petit Louvre","article_modified_time":"2016-07-18T13:11:15+00:00","og_image":[{"url":"http:\/\/theatre-petit-louvre.fr\/avignon\/wp-content\/uploads\/2015\/04\/simone.jpg","type":"","width":"","height":""}],"twitter_misc":{"Dur\u00e9e de lecture estim\u00e9e":"1 minute"},"schema":{"@context":"https:\/\/schema.org","@graph":[{"@type":"WebPage","@id":"https:\/\/theatre-petit-louvre.fr\/avignon\/spectacles-2017\/salle-van-gogh\/simone-de-beauvoir\/","url":"https:\/\/theatre-petit-louvre.fr\/avignon\/spectacles-2017\/salle-van-gogh\/simone-de-beauvoir\/","name":"SIMONE DE BEAUVOIR - Le Petit Louvre","isPartOf":{"@id":"https:\/\/theatre-petit-louvre.fr\/avignon\/#website"},"primaryImageOfPage":{"@id":"https:\/\/theatre-petit-louvre.fr\/avignon\/spectacles-2017\/salle-van-gogh\/simone-de-beauvoir\/#primaryimage"},"image":{"@id":"https:\/\/theatre-petit-louvre.fr\/avignon\/spectacles-2017\/salle-van-gogh\/simone-de-beauvoir\/#primaryimage"},"thumbnailUrl":"http:\/\/theatre-petit-louvre.fr\/avignon\/wp-content\/uploads\/2015\/04\/simone.jpg","datePublished":"2015-04-03T07:11:05+00:00","dateModified":"2016-07-18T13:11:15+00:00","description":"Chaque \u00e9t\u00e9, un th\u00e9\u00e2tre au c\u0153ur d'Avignon, Festival off : des textes, des auteurs, des autrices, des acteurs, des actrices. Deux salles climatis\u00e9es, 15 spectacles, un bar-restaurant.","breadcrumb":{"@id":"https:\/\/theatre-petit-louvre.fr\/avignon\/spectacles-2017\/salle-van-gogh\/simone-de-beauvoir\/#breadcrumb"},"inLanguage":"fr-FR","potentialAction":[{"@type":"ReadAction","target":["https:\/\/theatre-petit-louvre.fr\/avignon\/spectacles-2017\/salle-van-gogh\/simone-de-beauvoir\/"]}]},{"@type":"ImageObject","inLanguage":"fr-FR","@id":"https:\/\/theatre-petit-louvre.fr\/avignon\/spectacles-2017\/salle-van-gogh\/simone-de-beauvoir\/#primaryimage","url":"https:\/\/theatre-petit-louvre.fr\/avignon\/wp-content\/uploads\/2015\/04\/simone.jpg","contentUrl":"https:\/\/theatre-petit-louvre.fr\/avignon\/wp-content\/uploads\/2015\/04\/simone.jpg","width":900,"height":370,"caption":"SIMONE DE BEAUVOIR"},{"@type":"BreadcrumbList","@id":"https:\/\/theatre-petit-louvre.fr\/avignon\/spectacles-2017\/salle-van-gogh\/simone-de-beauvoir\/#breadcrumb","itemListElement":[{"@type":"ListItem","position":1,"name":"Home","item":"https:\/\/theatre-petit-louvre.fr\/avignon\/"},{"@type":"ListItem","position":2,"name":"Spectacles 2017","item":"https:\/\/theatre-petit-louvre.fr\/avignon\/spectacles-2017\/"},{"@type":"ListItem","position":3,"name":"salle Van Gogh","item":"https:\/\/theatre-petit-louvre.fr\/avignon\/?page_id=350"},{"@type":"ListItem","position":4,"name":"SIMONE DE BEAUVOIR"}]},{"@type":"WebSite","@id":"https:\/\/theatre-petit-louvre.fr\/avignon\/#website","url":"https:\/\/theatre-petit-louvre.fr\/avignon\/","name":"Le Petit Louvre","description":"un th\u00e9\u00e2tre au c\u0153ur d&#039;Avignon | Festival off","publisher":{"@id":"https:\/\/theatre-petit-louvre.fr\/avignon\/#organization"},"potentialAction":[{"@type":"SearchAction","target":{"@type":"EntryPoint","urlTemplate":"https:\/\/theatre-petit-louvre.fr\/avignon\/?s={search_term_string}"},"query-input":{"@type":"PropertyValueSpecification","valueRequired":true,"valueName":"search_term_string"}}],"inLanguage":"fr-FR"},{"@type":"Organization","@id":"https:\/\/theatre-petit-louvre.fr\/avignon\/#organization","name":"Th\u00e9\u00e2tre Le Petit Louvre","url":"https:\/\/theatre-petit-louvre.fr\/avignon\/","logo":{"@type":"ImageObject","inLanguage":"fr-FR","@id":"https:\/\/theatre-petit-louvre.fr\/avignon\/#\/schema\/logo\/image\/","url":"https:\/\/theatre-petit-louvre.fr\/avignon\/wp-content\/uploads\/2022\/05\/logo_petit-louvre_2008_RVB.png","contentUrl":"https:\/\/theatre-petit-louvre.fr\/avignon\/wp-content\/uploads\/2022\/05\/logo_petit-louvre_2008_RVB.png","width":374,"height":800,"caption":"Th\u00e9\u00e2tre Le Petit Louvre"},"image":{"@id":"https:\/\/theatre-petit-louvre.fr\/avignon\/#\/schema\/logo\/image\/"}}]}},"uagb_featured_image_src":{"full":false,"thumbnail":false,"medium":false,"medium_large":false,"large":false,"1536x1536":false,"2048x2048":false},"uagb_author_info":{"display_name":"cyber","author_link":"https:\/\/theatre-petit-louvre.fr\/avignon\/author\/cyber\/"},"uagb_comment_info":0,"uagb_excerpt":"\u00e9crit par Brigitte Bladou, mise en sc\u00e8ne Fran\u00e7ois Bourcier, interpr\u00e9t\u00e9 par Brigitte Bladou Une vie de combat pour les libert\u00e9s Dans l\u2019univers musical du Saint Germain des pr\u00e8s de l&rsquo;avant et de l\u2019apr\u00e8s-guerre, entre humour et \u00e9motion, Brigitte Bladou, fait vivre \u00ab\u00a0le Castor\u00a0\u00bb, comme l\u2019appelait Jean-Paul Sartre, ses amours, ses passions, ses combats et bien\u2026","_links":{"self":[{"href":"https:\/\/theatre-petit-louvre.fr\/avignon\/wp-json\/wp\/v2\/pages\/1123","targetHints":{"allow":["GET"]}}],"collection":[{"href":"https:\/\/theatre-petit-louvre.fr\/avignon\/wp-json\/wp\/v2\/pages"}],"about":[{"href":"https:\/\/theatre-petit-louvre.fr\/avignon\/wp-json\/wp\/v2\/types\/page"}],"author":[{"embeddable":true,"href":"https:\/\/theatre-petit-louvre.fr\/avignon\/wp-json\/wp\/v2\/users\/1"}],"replies":[{"embeddable":true,"href":"https:\/\/theatre-petit-louvre.fr\/avignon\/wp-json\/wp\/v2\/comments?post=1123"}],"version-history":[{"count":16,"href":"https:\/\/theatre-petit-louvre.fr\/avignon\/wp-json\/wp\/v2\/pages\/1123\/revisions"}],"predecessor-version":[{"id":1531,"href":"https:\/\/theatre-petit-louvre.fr\/avignon\/wp-json\/wp\/v2\/pages\/1123\/revisions\/1531"}],"up":[{"embeddable":true,"href":"https:\/\/theatre-petit-louvre.fr\/avignon\/wp-json\/wp\/v2\/pages\/350"}],"wp:attachment":[{"href":"https:\/\/theatre-petit-louvre.fr\/avignon\/wp-json\/wp\/v2\/media?parent=1123"}],"wp:term":[{"taxonomy":"category","embeddable":true,"href":"https:\/\/theatre-petit-louvre.fr\/avignon\/wp-json\/wp\/v2\/categories?post=1123"},{"taxonomy":"post_tag","embeddable":true,"href":"https:\/\/theatre-petit-louvre.fr\/avignon\/wp-json\/wp\/v2\/tags?post=1123"}],"curies":[{"name":"wp","href":"https:\/\/api.w.org\/{rel}","templated":true}]}}