{"id":1179,"date":"2015-04-14T17:24:26","date_gmt":"2015-04-14T16:24:26","guid":{"rendered":"http:\/\/theatre-petit-louvre.fr\/avignon\/?page_id=1179"},"modified":"2017-04-11T16:53:47","modified_gmt":"2017-04-11T15:53:47","slug":"2014-2","status":"publish","type":"page","link":"https:\/\/theatre-petit-louvre.fr\/avignon\/archives\/2014-2\/","title":{"rendered":"2014"},"content":{"rendered":"<p>[slideshow gallery_id=\u00a0\u00bb1&Prime;]<\/p>\n<ul>\n<li><a href=\"http:\/\/theatre-petit-louvre.fr\/avignon\/spectacles\/chapelle-des-templiers\/les-contes-dhoffmann\/\">Les contes d&rsquo;Hoffmann<\/a><\/li>\n<li><a href=\"http:\/\/theatre-petit-louvre.fr\/avignon\/spectacles\/chapelle-des-templiers\/la-visite-delavieille-dame\/\">Comme si j&rsquo;\u00e9tais \u00e0 c\u00f4t\u00e9 de vous<\/a><\/li>\n<li><a href=\"http:\/\/theatre-petit-louvre.fr\/avignon\/spectacles\/chapelle-des-templiers\/une-vie-sur-mesure\/\">Une vie sur mesure<\/a><\/li>\n<li><a href=\"http:\/\/theatre-petit-louvre.fr\/avignon\/spectacles\/chapelle-des-templiers\/la-peur\/\">La peur<\/a><\/li>\n<li><a href=\"http:\/\/theatre-petit-louvre.fr\/avignon\/spectacles\/chapelle-des-templiers\/votre-maman\/\">Votre maman<\/a><\/li>\n<li><a href=\"http:\/\/theatre-petit-louvre.fr\/avignon\/spectacles\/chapelle-des-templiers\/le-revizor\/\">Le Revizor<\/a><\/li>\n<li><a href=\"http:\/\/theatre-petit-louvre.fr\/avignon\/spectacles\/chapelle-des-templiers\/cyrano-de-bergerac\/\">Cyrano de Bergerac<\/a><\/li>\n<li><a href=\"http:\/\/theatre-petit-louvre.fr\/avignon\/spectacles\/salle-van-gogh\/la-peau-delisa\/\">La Peau d&rsquo;Elisa<\/a><\/li>\n<li><a href=\"http:\/\/theatre-petit-louvre.fr\/avignon\/spectacles\/salle-van-gogh\/le-piston-de-manoche\/\">Le Piston ! de Manoche<\/a><\/li>\n<li><a href=\"http:\/\/theatre-petit-louvre.fr\/avignon\/spectacles\/salle-van-gogh\/viel-chante-barbara\/\">Viel chante Barbara<\/a><\/li>\n<li><a href=\"http:\/\/theatre-petit-louvre.fr\/avignon\/spectacles\/salle-van-gogh\/le-secret-du-temps-plie\/\">Le secret du temps pli\u00e9<\/a><\/li>\n<li><a href=\"http:\/\/theatre-petit-louvre.fr\/avignon\/spectacles\/salle-van-gogh\/big-bang\/\">Big Bang<\/a><\/li>\n<li><a href=\"http:\/\/theatre-petit-louvre.fr\/avignon\/spectacles\/salle-van-gogh\/moby-dick\/\">Moby Dick<\/a><\/li>\n<li><a href=\"http:\/\/theatre-petit-louvre.fr\/avignon\/spectacles\/salle-van-gogh\/madames\/\">Madames<\/a><\/li>\n<li><a href=\"http:\/\/theatre-petit-louvre.fr\/avignon\/spectacles\/salle-van-gogh\/la-reforme-goutard-ou-lepopee-dun-austere-depute\/\">La r\u00e9forme Goutard<\/a><\/li>\n<li><a href=\"http:\/\/theatre-petit-louvre.fr\/avignon\/spectacles\/salle-van-gogh\/sans-moi\/\">Sans moi<\/a><\/li>\n<\/ul>\n<p><a href=\"http:\/\/theatre-petit-louvre.fr\/avignon\/wp-content\/uploads\/petit-louvre-avignon-2014.pdf\" target=\"_blank\">&gt; T\u00e9l\u00e9chargez le programme 2014<\/a><\/p>\n","protected":false},"excerpt":{"rendered":"<p>[slideshow gallery_id=\u00a0\u00bb1&Prime;] Les contes d&rsquo;Hoffmann Comme si j&rsquo;\u00e9tais \u00e0 c\u00f4t\u00e9 de vous Une vie sur mesure La peur Votre maman Le Revizor Cyrano de Bergerac La Peau d&rsquo;Elisa Le Piston ! de Manoche Viel chante Barbara Le secret du temps pli\u00e9 Big Bang Moby Dick Madames La r\u00e9forme Goutard Sans moi &gt; T\u00e9l\u00e9chargez le programme [&hellip;]<\/p>\n","protected":false},"author":1,"featured_media":0,"parent":474,"menu_order":0,"comment_status":"open","ping_status":"closed","template":"","meta":{"_uag_custom_page_level_css":"","site-sidebar-layout":"default","site-content-layout":"","ast-site-content-layout":"default","site-content-style":"default","site-sidebar-style":"default","ast-global-header-display":"","ast-banner-title-visibility":"","ast-main-header-display":"","ast-hfb-above-header-display":"","ast-hfb-below-header-display":"","ast-hfb-mobile-header-display":"","site-post-title":"","ast-breadcrumbs-content":"","ast-featured-img":"","footer-sml-layout":"","ast-disable-related-posts":"","theme-transparent-header-meta":"","adv-header-id-meta":"","stick-header-meta":"","header-above-stick-meta":"","header-main-stick-meta":"","header-below-stick-meta":"","astra-migrate-meta-layouts":"default","ast-page-background-enabled":"default","ast-page-background-meta":{"desktop":{"background-color":"var(--ast-global-color-4)","background-image":"","background-repeat":"repeat","background-position":"center center","background-size":"auto","background-attachment":"scroll","background-type":"","background-media":"","overlay-type":"","overlay-color":"","overlay-opacity":"","overlay-gradient":""},"tablet":{"background-color":"","background-image":"","background-repeat":"repeat","background-position":"center center","background-size":"auto","background-attachment":"scroll","background-type":"","background-media":"","overlay-type":"","overlay-color":"","overlay-opacity":"","overlay-gradient":""},"mobile":{"background-color":"","background-image":"","background-repeat":"repeat","background-position":"center center","background-size":"auto","background-attachment":"scroll","background-type":"","background-media":"","overlay-type":"","overlay-color":"","overlay-opacity":"","overlay-gradient":""}},"ast-content-background-meta":{"desktop":{"background-color":"var(--ast-global-color-5)","background-image":"","background-repeat":"repeat","background-position":"center center","background-size":"auto","background-attachment":"scroll","background-type":"","background-media":"","overlay-type":"","overlay-color":"","overlay-opacity":"","overlay-gradient":""},"tablet":{"background-color":"var(--ast-global-color-5)","background-image":"","background-repeat":"repeat","background-position":"center center","background-size":"auto","background-attachment":"scroll","background-type":"","background-media":"","overlay-type":"","overlay-color":"","overlay-opacity":"","overlay-gradient":""},"mobile":{"background-color":"var(--ast-global-color-5)","background-image":"","background-repeat":"repeat","background-position":"center center","background-size":"auto","background-attachment":"scroll","background-type":"","background-media":"","overlay-type":"","overlay-color":"","overlay-opacity":"","overlay-gradient":""}},"footnotes":"","_links_to":"","_links_to_target":""},"categories":[12],"tags":[],"class_list":["post-1179","page","type-page","status-publish","hentry","category-petit-louvre"],"yoast_head":"<!-- This site is optimized with the Yoast SEO plugin v27.4 - https:\/\/yoast.com\/product\/yoast-seo-wordpress\/ -->\n<title>2014 - Le Petit Louvre<\/title>\n<meta name=\"description\" content=\"Chaque \u00e9t\u00e9, un th\u00e9\u00e2tre au c\u0153ur d&#039;Avignon, Festival off : des textes, des auteurs, des autrices, des acteurs, des actrices. Deux salles climatis\u00e9es, 15 spectacles, un bar-restaurant.\" \/>\n<meta name=\"robots\" content=\"index, follow, max-snippet:-1, max-image-preview:large, max-video-preview:-1\" \/>\n<link rel=\"canonical\" href=\"https:\/\/theatre-petit-louvre.fr\/avignon\/archives\/2014-2\/\" \/>\n<meta property=\"og:locale\" content=\"fr_FR\" \/>\n<meta property=\"og:type\" content=\"article\" \/>\n<meta property=\"og:title\" content=\"2014 - Le Petit Louvre\" \/>\n<meta property=\"og:description\" content=\"Chaque \u00e9t\u00e9, un th\u00e9\u00e2tre au c\u0153ur d&#039;Avignon, Festival off : des textes, des auteurs, des autrices, des acteurs, des actrices. Deux salles climatis\u00e9es, 15 spectacles, un bar-restaurant.\" \/>\n<meta property=\"og:url\" content=\"https:\/\/theatre-petit-louvre.fr\/avignon\/archives\/2014-2\/\" \/>\n<meta property=\"og:site_name\" content=\"Le Petit Louvre\" \/>\n<meta property=\"article:modified_time\" content=\"2017-04-11T15:53:47+00:00\" \/>\n<script type=\"application\/ld+json\" class=\"yoast-schema-graph\">{\"@context\":\"https:\\\/\\\/schema.org\",\"@graph\":[{\"@type\":\"WebPage\",\"@id\":\"https:\\\/\\\/theatre-petit-louvre.fr\\\/avignon\\\/archives\\\/2014-2\\\/\",\"url\":\"https:\\\/\\\/theatre-petit-louvre.fr\\\/avignon\\\/archives\\\/2014-2\\\/\",\"name\":\"2014 - Le Petit Louvre\",\"isPartOf\":{\"@id\":\"https:\\\/\\\/theatre-petit-louvre.fr\\\/avignon\\\/#website\"},\"datePublished\":\"2015-04-14T16:24:26+00:00\",\"dateModified\":\"2017-04-11T15:53:47+00:00\",\"description\":\"Chaque \u00e9t\u00e9, un th\u00e9\u00e2tre au c\u0153ur d'Avignon, Festival off : des textes, des auteurs, des autrices, des acteurs, des actrices. Deux salles climatis\u00e9es, 15 spectacles, un bar-restaurant.\",\"breadcrumb\":{\"@id\":\"https:\\\/\\\/theatre-petit-louvre.fr\\\/avignon\\\/archives\\\/2014-2\\\/#breadcrumb\"},\"inLanguage\":\"fr-FR\",\"potentialAction\":[{\"@type\":\"ReadAction\",\"target\":[\"https:\\\/\\\/theatre-petit-louvre.fr\\\/avignon\\\/archives\\\/2014-2\\\/\"]}]},{\"@type\":\"BreadcrumbList\",\"@id\":\"https:\\\/\\\/theatre-petit-louvre.fr\\\/avignon\\\/archives\\\/2014-2\\\/#breadcrumb\",\"itemListElement\":[{\"@type\":\"ListItem\",\"position\":1,\"name\":\"Home\",\"item\":\"https:\\\/\\\/theatre-petit-louvre.fr\\\/avignon\\\/\"},{\"@type\":\"ListItem\",\"position\":2,\"name\":\"Archives\",\"item\":\"https:\\\/\\\/theatre-petit-louvre.fr\\\/avignon\\\/archives\\\/\"},{\"@type\":\"ListItem\",\"position\":3,\"name\":\"2014\"}]},{\"@type\":\"WebSite\",\"@id\":\"https:\\\/\\\/theatre-petit-louvre.fr\\\/avignon\\\/#website\",\"url\":\"https:\\\/\\\/theatre-petit-louvre.fr\\\/avignon\\\/\",\"name\":\"Le Petit Louvre\",\"description\":\"un th\u00e9\u00e2tre au c\u0153ur d&#039;Avignon | Festival off\",\"publisher\":{\"@id\":\"https:\\\/\\\/theatre-petit-louvre.fr\\\/avignon\\\/#organization\"},\"potentialAction\":[{\"@type\":\"SearchAction\",\"target\":{\"@type\":\"EntryPoint\",\"urlTemplate\":\"https:\\\/\\\/theatre-petit-louvre.fr\\\/avignon\\\/?s={search_term_string}\"},\"query-input\":{\"@type\":\"PropertyValueSpecification\",\"valueRequired\":true,\"valueName\":\"search_term_string\"}}],\"inLanguage\":\"fr-FR\"},{\"@type\":\"Organization\",\"@id\":\"https:\\\/\\\/theatre-petit-louvre.fr\\\/avignon\\\/#organization\",\"name\":\"Th\u00e9\u00e2tre Le Petit Louvre\",\"url\":\"https:\\\/\\\/theatre-petit-louvre.fr\\\/avignon\\\/\",\"logo\":{\"@type\":\"ImageObject\",\"inLanguage\":\"fr-FR\",\"@id\":\"https:\\\/\\\/theatre-petit-louvre.fr\\\/avignon\\\/#\\\/schema\\\/logo\\\/image\\\/\",\"url\":\"https:\\\/\\\/theatre-petit-louvre.fr\\\/avignon\\\/wp-content\\\/uploads\\\/2022\\\/05\\\/logo_petit-louvre_2008_RVB.png\",\"contentUrl\":\"https:\\\/\\\/theatre-petit-louvre.fr\\\/avignon\\\/wp-content\\\/uploads\\\/2022\\\/05\\\/logo_petit-louvre_2008_RVB.png\",\"width\":374,\"height\":800,\"caption\":\"Th\u00e9\u00e2tre Le Petit Louvre\"},\"image\":{\"@id\":\"https:\\\/\\\/theatre-petit-louvre.fr\\\/avignon\\\/#\\\/schema\\\/logo\\\/image\\\/\"}}]}<\/script>\n<!-- \/ Yoast SEO plugin. -->","yoast_head_json":{"title":"2014 - Le Petit Louvre","description":"Chaque \u00e9t\u00e9, un th\u00e9\u00e2tre au c\u0153ur d'Avignon, Festival off : des textes, des auteurs, des autrices, des acteurs, des actrices. Deux salles climatis\u00e9es, 15 spectacles, un bar-restaurant.","robots":{"index":"index","follow":"follow","max-snippet":"max-snippet:-1","max-image-preview":"max-image-preview:large","max-video-preview":"max-video-preview:-1"},"canonical":"https:\/\/theatre-petit-louvre.fr\/avignon\/archives\/2014-2\/","og_locale":"fr_FR","og_type":"article","og_title":"2014 - Le Petit Louvre","og_description":"Chaque \u00e9t\u00e9, un th\u00e9\u00e2tre au c\u0153ur d'Avignon, Festival off : des textes, des auteurs, des autrices, des acteurs, des actrices. Deux salles climatis\u00e9es, 15 spectacles, un bar-restaurant.","og_url":"https:\/\/theatre-petit-louvre.fr\/avignon\/archives\/2014-2\/","og_site_name":"Le Petit Louvre","article_modified_time":"2017-04-11T15:53:47+00:00","schema":{"@context":"https:\/\/schema.org","@graph":[{"@type":"WebPage","@id":"https:\/\/theatre-petit-louvre.fr\/avignon\/archives\/2014-2\/","url":"https:\/\/theatre-petit-louvre.fr\/avignon\/archives\/2014-2\/","name":"2014 - Le Petit Louvre","isPartOf":{"@id":"https:\/\/theatre-petit-louvre.fr\/avignon\/#website"},"datePublished":"2015-04-14T16:24:26+00:00","dateModified":"2017-04-11T15:53:47+00:00","description":"Chaque \u00e9t\u00e9, un th\u00e9\u00e2tre au c\u0153ur d'Avignon, Festival off : des textes, des auteurs, des autrices, des acteurs, des actrices. Deux salles climatis\u00e9es, 15 spectacles, un bar-restaurant.","breadcrumb":{"@id":"https:\/\/theatre-petit-louvre.fr\/avignon\/archives\/2014-2\/#breadcrumb"},"inLanguage":"fr-FR","potentialAction":[{"@type":"ReadAction","target":["https:\/\/theatre-petit-louvre.fr\/avignon\/archives\/2014-2\/"]}]},{"@type":"BreadcrumbList","@id":"https:\/\/theatre-petit-louvre.fr\/avignon\/archives\/2014-2\/#breadcrumb","itemListElement":[{"@type":"ListItem","position":1,"name":"Home","item":"https:\/\/theatre-petit-louvre.fr\/avignon\/"},{"@type":"ListItem","position":2,"name":"Archives","item":"https:\/\/theatre-petit-louvre.fr\/avignon\/archives\/"},{"@type":"ListItem","position":3,"name":"2014"}]},{"@type":"WebSite","@id":"https:\/\/theatre-petit-louvre.fr\/avignon\/#website","url":"https:\/\/theatre-petit-louvre.fr\/avignon\/","name":"Le Petit Louvre","description":"un th\u00e9\u00e2tre au c\u0153ur d&#039;Avignon | Festival off","publisher":{"@id":"https:\/\/theatre-petit-louvre.fr\/avignon\/#organization"},"potentialAction":[{"@type":"SearchAction","target":{"@type":"EntryPoint","urlTemplate":"https:\/\/theatre-petit-louvre.fr\/avignon\/?s={search_term_string}"},"query-input":{"@type":"PropertyValueSpecification","valueRequired":true,"valueName":"search_term_string"}}],"inLanguage":"fr-FR"},{"@type":"Organization","@id":"https:\/\/theatre-petit-louvre.fr\/avignon\/#organization","name":"Th\u00e9\u00e2tre Le Petit Louvre","url":"https:\/\/theatre-petit-louvre.fr\/avignon\/","logo":{"@type":"ImageObject","inLanguage":"fr-FR","@id":"https:\/\/theatre-petit-louvre.fr\/avignon\/#\/schema\/logo\/image\/","url":"https:\/\/theatre-petit-louvre.fr\/avignon\/wp-content\/uploads\/2022\/05\/logo_petit-louvre_2008_RVB.png","contentUrl":"https:\/\/theatre-petit-louvre.fr\/avignon\/wp-content\/uploads\/2022\/05\/logo_petit-louvre_2008_RVB.png","width":374,"height":800,"caption":"Th\u00e9\u00e2tre Le Petit Louvre"},"image":{"@id":"https:\/\/theatre-petit-louvre.fr\/avignon\/#\/schema\/logo\/image\/"}}]}},"uagb_featured_image_src":{"full":false,"thumbnail":false,"medium":false,"medium_large":false,"large":false,"1536x1536":false,"2048x2048":false},"uagb_author_info":{"display_name":"cyber","author_link":"https:\/\/theatre-petit-louvre.fr\/avignon\/author\/cyber\/"},"uagb_comment_info":0,"uagb_excerpt":"[slideshow gallery_id=\u00a0\u00bb1&Prime;] Les contes d&rsquo;Hoffmann Comme si j&rsquo;\u00e9tais \u00e0 c\u00f4t\u00e9 de vous Une vie sur mesure La peur Votre maman Le Revizor Cyrano de Bergerac La Peau d&rsquo;Elisa Le Piston ! de Manoche Viel chante Barbara Le secret du temps pli\u00e9 Big Bang Moby Dick Madames La r\u00e9forme Goutard Sans moi &gt; T\u00e9l\u00e9chargez le programme\u2026","_links":{"self":[{"href":"https:\/\/theatre-petit-louvre.fr\/avignon\/wp-json\/wp\/v2\/pages\/1179","targetHints":{"allow":["GET"]}}],"collection":[{"href":"https:\/\/theatre-petit-louvre.fr\/avignon\/wp-json\/wp\/v2\/pages"}],"about":[{"href":"https:\/\/theatre-petit-louvre.fr\/avignon\/wp-json\/wp\/v2\/types\/page"}],"author":[{"embeddable":true,"href":"https:\/\/theatre-petit-louvre.fr\/avignon\/wp-json\/wp\/v2\/users\/1"}],"replies":[{"embeddable":true,"href":"https:\/\/theatre-petit-louvre.fr\/avignon\/wp-json\/wp\/v2\/comments?post=1179"}],"version-history":[{"count":4,"href":"https:\/\/theatre-petit-louvre.fr\/avignon\/wp-json\/wp\/v2\/pages\/1179\/revisions"}],"predecessor-version":[{"id":1185,"href":"https:\/\/theatre-petit-louvre.fr\/avignon\/wp-json\/wp\/v2\/pages\/1179\/revisions\/1185"}],"up":[{"embeddable":true,"href":"https:\/\/theatre-petit-louvre.fr\/avignon\/wp-json\/wp\/v2\/pages\/474"}],"wp:attachment":[{"href":"https:\/\/theatre-petit-louvre.fr\/avignon\/wp-json\/wp\/v2\/media?parent=1179"}],"wp:term":[{"taxonomy":"category","embeddable":true,"href":"https:\/\/theatre-petit-louvre.fr\/avignon\/wp-json\/wp\/v2\/categories?post=1179"},{"taxonomy":"post_tag","embeddable":true,"href":"https:\/\/theatre-petit-louvre.fr\/avignon\/wp-json\/wp\/v2\/tags?post=1179"}],"curies":[{"name":"wp","href":"https:\/\/api.w.org\/{rel}","templated":true}]}}