{"id":1591,"date":"2017-04-11T16:06:50","date_gmt":"2017-04-11T15:06:50","guid":{"rendered":"http:\/\/theatre-petit-louvre.fr\/avignon\/?page_id=1591"},"modified":"2017-06-19T22:48:15","modified_gmt":"2017-06-19T21:48:15","slug":"plus-leger-lair","status":"publish","type":"page","link":"https:\/\/theatre-petit-louvre.fr\/avignon\/plus-leger-lair\/","title":{"rendered":"PLUS L\u00c9GER QUE L\u2019AIR"},"content":{"rendered":"<p>de <strong>Federico Jeanmaire<\/strong>, Mise en sc\u00e8ne <strong>Jean Lacornerie<\/strong><\/p>\n<p><img loading=\"lazy\" decoding=\"async\" class=\"alignnone wp-image-1824 size-full\" src=\"http:\/\/theatre-petit-louvre.fr\/avignon\/wp-content\/uploads\/2017\/04\/plus-leger.jpg\" alt=\"\" width=\"900\" height=\"370\" srcset=\"https:\/\/theatre-petit-louvre.fr\/avignon\/wp-content\/uploads\/2017\/04\/plus-leger.jpg 900w, https:\/\/theatre-petit-louvre.fr\/avignon\/wp-content\/uploads\/2017\/04\/plus-leger-150x62.jpg 150w, https:\/\/theatre-petit-louvre.fr\/avignon\/wp-content\/uploads\/2017\/04\/plus-leger-300x123.jpg 300w, https:\/\/theatre-petit-louvre.fr\/avignon\/wp-content\/uploads\/2017\/04\/plus-leger-768x316.jpg 768w, https:\/\/theatre-petit-louvre.fr\/avignon\/wp-content\/uploads\/2017\/04\/plus-leger-624x257.jpg 624w\" sizes=\"auto, (max-width: 900px) 100vw, 900px\" \/><\/p>\n<p><strong>Un soliloque haletant, entre folie et polar<\/strong><\/p>\n<p>Dans un appartement de Buenos Aires, une tr\u00e8s vieille dame a enferm\u00e9 dans la salle de bain le petit voyou qui voulait la voler. Avec une folie tr\u00e8s argentine, Faila va soumettre son captif aux charmes vibrants et fantasques de sa conversation. Au fil des heures, quelque chose se noue entre la vieille dame de 93 ans et le gamin des rues de 14 ans ; elle, issue de la bourgeoisie cultiv\u00e9e et lui, des bas-fonds. Quelque chose de dr\u00f4le, tendre, absurde, cruel, pervers m\u00eame parfois. La construction du r\u00e9cit fait monter le suspense, on est comme dans un thriller o\u00f9 les seules armes sont les mots, mais il faudra bien que cela ait une fin, oui, mais comment\u00a0?<\/p>\n<p>\u00ab\u00a0J\u2019ai tout de suite pens\u00e9 que ce roman \u00e9tait une tr\u00e8s belle mati\u00e8re pour le th\u00e9\u00e2tre, pour une grande com\u00e9dienne, nous dit le metteur en sc\u00e8ne, l\u2019occasion de d\u00e9ployer un \u00e9ventail de registres allant de la tendresse \u00e0 la f\u00e9rocit\u00e9. \u00bb Ce faisant, Jean Lacornerie offre \u00e0 Elizabeth Macocco r\u00f4le \u00e0 sa mesure, son jeu saisissant nous entra\u00eene dans l&rsquo;intimit\u00e9, la perspicacit\u00e9 et la d\u00e9mence de cette femme solitaire. Elle nous nous tient magistralement en haleine jusqu\u2019au bout.<\/p>\n<p><span style=\"color: #ff6600;\"><strong>Rendez-vous exceptionnel \u00e0 19h<\/strong><\/span><\/p>\n<p><span style=\"color: #ff6600;\"><strong>18 juillet<\/strong><\/span> :\u00a0<strong>NOTE SUR LA SUPPRESSION\u00a0DES PARTIS POLITIQUES <\/strong><\/p>\n<p><strong>en savoir plus<\/strong> :\u00a0<a href=\"http:\/\/theatre-petit-louvre.fr\/avignon\/spectacles\/rendez-vous-exceptionnels\/\">http:\/\/theatre-petit-louvre.fr\/avignon\/spectacles\/rendez-vous-exceptionnels\/<\/a><\/p>\n","protected":false},"excerpt":{"rendered":"<p>de Federico Jeanmaire, Mise en sc\u00e8ne Jean Lacornerie Un soliloque haletant, entre folie et polar Dans un appartement de Buenos Aires, une tr\u00e8s vieille dame a enferm\u00e9 dans la salle de bain le petit voyou qui voulait la voler. Avec une folie tr\u00e8s argentine, Faila va soumettre son captif aux charmes vibrants et fantasques de [&hellip;]<\/p>\n","protected":false},"author":1,"featured_media":0,"parent":0,"menu_order":0,"comment_status":"closed","ping_status":"closed","template":"","meta":{"_uag_custom_page_level_css":"","site-sidebar-layout":"default","site-content-layout":"","ast-site-content-layout":"default","site-content-style":"default","site-sidebar-style":"default","ast-global-header-display":"","ast-banner-title-visibility":"","ast-main-header-display":"","ast-hfb-above-header-display":"","ast-hfb-below-header-display":"","ast-hfb-mobile-header-display":"","site-post-title":"","ast-breadcrumbs-content":"","ast-featured-img":"","footer-sml-layout":"","ast-disable-related-posts":"","theme-transparent-header-meta":"","adv-header-id-meta":"","stick-header-meta":"","header-above-stick-meta":"","header-main-stick-meta":"","header-below-stick-meta":"","astra-migrate-meta-layouts":"default","ast-page-background-enabled":"default","ast-page-background-meta":{"desktop":{"background-color":"var(--ast-global-color-4)","background-image":"","background-repeat":"repeat","background-position":"center center","background-size":"auto","background-attachment":"scroll","background-type":"","background-media":"","overlay-type":"","overlay-color":"","overlay-opacity":"","overlay-gradient":""},"tablet":{"background-color":"","background-image":"","background-repeat":"repeat","background-position":"center center","background-size":"auto","background-attachment":"scroll","background-type":"","background-media":"","overlay-type":"","overlay-color":"","overlay-opacity":"","overlay-gradient":""},"mobile":{"background-color":"","background-image":"","background-repeat":"repeat","background-position":"center center","background-size":"auto","background-attachment":"scroll","background-type":"","background-media":"","overlay-type":"","overlay-color":"","overlay-opacity":"","overlay-gradient":""}},"ast-content-background-meta":{"desktop":{"background-color":"var(--ast-global-color-5)","background-image":"","background-repeat":"repeat","background-position":"center center","background-size":"auto","background-attachment":"scroll","background-type":"","background-media":"","overlay-type":"","overlay-color":"","overlay-opacity":"","overlay-gradient":""},"tablet":{"background-color":"var(--ast-global-color-5)","background-image":"","background-repeat":"repeat","background-position":"center center","background-size":"auto","background-attachment":"scroll","background-type":"","background-media":"","overlay-type":"","overlay-color":"","overlay-opacity":"","overlay-gradient":""},"mobile":{"background-color":"var(--ast-global-color-5)","background-image":"","background-repeat":"repeat","background-position":"center center","background-size":"auto","background-attachment":"scroll","background-type":"","background-media":"","overlay-type":"","overlay-color":"","overlay-opacity":"","overlay-gradient":""}},"footnotes":"","_links_to":"","_links_to_target":""},"categories":[11,10],"tags":[],"class_list":["post-1591","page","type-page","status-publish","hentry","category-11","category-salle-van-gogh"],"yoast_head":"<!-- This site is optimized with the Yoast SEO plugin v27.4 - https:\/\/yoast.com\/product\/yoast-seo-wordpress\/ -->\n<title>PLUS L\u00c9GER QUE L\u2019AIR - Le Petit Louvre<\/title>\n<meta name=\"description\" content=\"Chaque \u00e9t\u00e9, un th\u00e9\u00e2tre au c\u0153ur d&#039;Avignon, Festival off : des textes, des auteurs, des autrices, des acteurs, des actrices. Deux salles climatis\u00e9es, 15 spectacles, un bar-restaurant.\" \/>\n<meta name=\"robots\" content=\"index, follow, max-snippet:-1, max-image-preview:large, max-video-preview:-1\" \/>\n<link rel=\"canonical\" href=\"https:\/\/theatre-petit-louvre.fr\/avignon\/plus-leger-lair\/\" \/>\n<meta property=\"og:locale\" content=\"fr_FR\" \/>\n<meta property=\"og:type\" content=\"article\" \/>\n<meta property=\"og:title\" content=\"PLUS L\u00c9GER QUE L\u2019AIR - Le Petit Louvre\" \/>\n<meta property=\"og:description\" content=\"Chaque \u00e9t\u00e9, un th\u00e9\u00e2tre au c\u0153ur d&#039;Avignon, Festival off : des textes, des auteurs, des autrices, des acteurs, des actrices. Deux salles climatis\u00e9es, 15 spectacles, un bar-restaurant.\" \/>\n<meta property=\"og:url\" content=\"https:\/\/theatre-petit-louvre.fr\/avignon\/plus-leger-lair\/\" \/>\n<meta property=\"og:site_name\" content=\"Le Petit Louvre\" \/>\n<meta property=\"article:modified_time\" content=\"2017-06-19T21:48:15+00:00\" \/>\n<meta property=\"og:image\" content=\"http:\/\/theatre-petit-louvre.fr\/avignon\/wp-content\/uploads\/2017\/04\/plus-leger.jpg\" \/>\n<meta name=\"twitter:label1\" content=\"Dur\u00e9e de lecture estim\u00e9e\" \/>\n\t<meta name=\"twitter:data1\" content=\"1 minute\" \/>\n<script type=\"application\/ld+json\" class=\"yoast-schema-graph\">{\"@context\":\"https:\\\/\\\/schema.org\",\"@graph\":[{\"@type\":\"WebPage\",\"@id\":\"https:\\\/\\\/theatre-petit-louvre.fr\\\/avignon\\\/plus-leger-lair\\\/\",\"url\":\"https:\\\/\\\/theatre-petit-louvre.fr\\\/avignon\\\/plus-leger-lair\\\/\",\"name\":\"PLUS L\u00c9GER QUE L\u2019AIR - Le Petit Louvre\",\"isPartOf\":{\"@id\":\"https:\\\/\\\/theatre-petit-louvre.fr\\\/avignon\\\/#website\"},\"primaryImageOfPage\":{\"@id\":\"https:\\\/\\\/theatre-petit-louvre.fr\\\/avignon\\\/plus-leger-lair\\\/#primaryimage\"},\"image\":{\"@id\":\"https:\\\/\\\/theatre-petit-louvre.fr\\\/avignon\\\/plus-leger-lair\\\/#primaryimage\"},\"thumbnailUrl\":\"http:\\\/\\\/theatre-petit-louvre.fr\\\/avignon\\\/wp-content\\\/uploads\\\/2017\\\/04\\\/plus-leger.jpg\",\"datePublished\":\"2017-04-11T15:06:50+00:00\",\"dateModified\":\"2017-06-19T21:48:15+00:00\",\"description\":\"Chaque \u00e9t\u00e9, un th\u00e9\u00e2tre au c\u0153ur d'Avignon, Festival off : des textes, des auteurs, des autrices, des acteurs, des actrices. Deux salles climatis\u00e9es, 15 spectacles, un bar-restaurant.\",\"breadcrumb\":{\"@id\":\"https:\\\/\\\/theatre-petit-louvre.fr\\\/avignon\\\/plus-leger-lair\\\/#breadcrumb\"},\"inLanguage\":\"fr-FR\",\"potentialAction\":[{\"@type\":\"ReadAction\",\"target\":[\"https:\\\/\\\/theatre-petit-louvre.fr\\\/avignon\\\/plus-leger-lair\\\/\"]}]},{\"@type\":\"ImageObject\",\"inLanguage\":\"fr-FR\",\"@id\":\"https:\\\/\\\/theatre-petit-louvre.fr\\\/avignon\\\/plus-leger-lair\\\/#primaryimage\",\"url\":\"https:\\\/\\\/theatre-petit-louvre.fr\\\/avignon\\\/wp-content\\\/uploads\\\/2017\\\/04\\\/plus-leger.jpg\",\"contentUrl\":\"https:\\\/\\\/theatre-petit-louvre.fr\\\/avignon\\\/wp-content\\\/uploads\\\/2017\\\/04\\\/plus-leger.jpg\",\"width\":900,\"height\":370},{\"@type\":\"BreadcrumbList\",\"@id\":\"https:\\\/\\\/theatre-petit-louvre.fr\\\/avignon\\\/plus-leger-lair\\\/#breadcrumb\",\"itemListElement\":[{\"@type\":\"ListItem\",\"position\":1,\"name\":\"Home\",\"item\":\"https:\\\/\\\/theatre-petit-louvre.fr\\\/avignon\\\/\"},{\"@type\":\"ListItem\",\"position\":2,\"name\":\"PLUS L\u00c9GER QUE L\u2019AIR\"}]},{\"@type\":\"WebSite\",\"@id\":\"https:\\\/\\\/theatre-petit-louvre.fr\\\/avignon\\\/#website\",\"url\":\"https:\\\/\\\/theatre-petit-louvre.fr\\\/avignon\\\/\",\"name\":\"Le Petit Louvre\",\"description\":\"un th\u00e9\u00e2tre au c\u0153ur d&#039;Avignon | Festival off\",\"publisher\":{\"@id\":\"https:\\\/\\\/theatre-petit-louvre.fr\\\/avignon\\\/#organization\"},\"potentialAction\":[{\"@type\":\"SearchAction\",\"target\":{\"@type\":\"EntryPoint\",\"urlTemplate\":\"https:\\\/\\\/theatre-petit-louvre.fr\\\/avignon\\\/?s={search_term_string}\"},\"query-input\":{\"@type\":\"PropertyValueSpecification\",\"valueRequired\":true,\"valueName\":\"search_term_string\"}}],\"inLanguage\":\"fr-FR\"},{\"@type\":\"Organization\",\"@id\":\"https:\\\/\\\/theatre-petit-louvre.fr\\\/avignon\\\/#organization\",\"name\":\"Th\u00e9\u00e2tre Le Petit Louvre\",\"url\":\"https:\\\/\\\/theatre-petit-louvre.fr\\\/avignon\\\/\",\"logo\":{\"@type\":\"ImageObject\",\"inLanguage\":\"fr-FR\",\"@id\":\"https:\\\/\\\/theatre-petit-louvre.fr\\\/avignon\\\/#\\\/schema\\\/logo\\\/image\\\/\",\"url\":\"https:\\\/\\\/theatre-petit-louvre.fr\\\/avignon\\\/wp-content\\\/uploads\\\/2022\\\/05\\\/logo_petit-louvre_2008_RVB.png\",\"contentUrl\":\"https:\\\/\\\/theatre-petit-louvre.fr\\\/avignon\\\/wp-content\\\/uploads\\\/2022\\\/05\\\/logo_petit-louvre_2008_RVB.png\",\"width\":374,\"height\":800,\"caption\":\"Th\u00e9\u00e2tre Le Petit Louvre\"},\"image\":{\"@id\":\"https:\\\/\\\/theatre-petit-louvre.fr\\\/avignon\\\/#\\\/schema\\\/logo\\\/image\\\/\"}}]}<\/script>\n<!-- \/ Yoast SEO plugin. -->","yoast_head_json":{"title":"PLUS L\u00c9GER QUE L\u2019AIR - Le Petit Louvre","description":"Chaque \u00e9t\u00e9, un th\u00e9\u00e2tre au c\u0153ur d'Avignon, Festival off : des textes, des auteurs, des autrices, des acteurs, des actrices. Deux salles climatis\u00e9es, 15 spectacles, un bar-restaurant.","robots":{"index":"index","follow":"follow","max-snippet":"max-snippet:-1","max-image-preview":"max-image-preview:large","max-video-preview":"max-video-preview:-1"},"canonical":"https:\/\/theatre-petit-louvre.fr\/avignon\/plus-leger-lair\/","og_locale":"fr_FR","og_type":"article","og_title":"PLUS L\u00c9GER QUE L\u2019AIR - Le Petit Louvre","og_description":"Chaque \u00e9t\u00e9, un th\u00e9\u00e2tre au c\u0153ur d'Avignon, Festival off : des textes, des auteurs, des autrices, des acteurs, des actrices. Deux salles climatis\u00e9es, 15 spectacles, un bar-restaurant.","og_url":"https:\/\/theatre-petit-louvre.fr\/avignon\/plus-leger-lair\/","og_site_name":"Le Petit Louvre","article_modified_time":"2017-06-19T21:48:15+00:00","og_image":[{"url":"http:\/\/theatre-petit-louvre.fr\/avignon\/wp-content\/uploads\/2017\/04\/plus-leger.jpg","type":"","width":"","height":""}],"twitter_misc":{"Dur\u00e9e de lecture estim\u00e9e":"1 minute"},"schema":{"@context":"https:\/\/schema.org","@graph":[{"@type":"WebPage","@id":"https:\/\/theatre-petit-louvre.fr\/avignon\/plus-leger-lair\/","url":"https:\/\/theatre-petit-louvre.fr\/avignon\/plus-leger-lair\/","name":"PLUS L\u00c9GER QUE L\u2019AIR - Le Petit Louvre","isPartOf":{"@id":"https:\/\/theatre-petit-louvre.fr\/avignon\/#website"},"primaryImageOfPage":{"@id":"https:\/\/theatre-petit-louvre.fr\/avignon\/plus-leger-lair\/#primaryimage"},"image":{"@id":"https:\/\/theatre-petit-louvre.fr\/avignon\/plus-leger-lair\/#primaryimage"},"thumbnailUrl":"http:\/\/theatre-petit-louvre.fr\/avignon\/wp-content\/uploads\/2017\/04\/plus-leger.jpg","datePublished":"2017-04-11T15:06:50+00:00","dateModified":"2017-06-19T21:48:15+00:00","description":"Chaque \u00e9t\u00e9, un th\u00e9\u00e2tre au c\u0153ur d'Avignon, Festival off : des textes, des auteurs, des autrices, des acteurs, des actrices. Deux salles climatis\u00e9es, 15 spectacles, un bar-restaurant.","breadcrumb":{"@id":"https:\/\/theatre-petit-louvre.fr\/avignon\/plus-leger-lair\/#breadcrumb"},"inLanguage":"fr-FR","potentialAction":[{"@type":"ReadAction","target":["https:\/\/theatre-petit-louvre.fr\/avignon\/plus-leger-lair\/"]}]},{"@type":"ImageObject","inLanguage":"fr-FR","@id":"https:\/\/theatre-petit-louvre.fr\/avignon\/plus-leger-lair\/#primaryimage","url":"https:\/\/theatre-petit-louvre.fr\/avignon\/wp-content\/uploads\/2017\/04\/plus-leger.jpg","contentUrl":"https:\/\/theatre-petit-louvre.fr\/avignon\/wp-content\/uploads\/2017\/04\/plus-leger.jpg","width":900,"height":370},{"@type":"BreadcrumbList","@id":"https:\/\/theatre-petit-louvre.fr\/avignon\/plus-leger-lair\/#breadcrumb","itemListElement":[{"@type":"ListItem","position":1,"name":"Home","item":"https:\/\/theatre-petit-louvre.fr\/avignon\/"},{"@type":"ListItem","position":2,"name":"PLUS L\u00c9GER QUE L\u2019AIR"}]},{"@type":"WebSite","@id":"https:\/\/theatre-petit-louvre.fr\/avignon\/#website","url":"https:\/\/theatre-petit-louvre.fr\/avignon\/","name":"Le Petit Louvre","description":"un th\u00e9\u00e2tre au c\u0153ur d&#039;Avignon | Festival off","publisher":{"@id":"https:\/\/theatre-petit-louvre.fr\/avignon\/#organization"},"potentialAction":[{"@type":"SearchAction","target":{"@type":"EntryPoint","urlTemplate":"https:\/\/theatre-petit-louvre.fr\/avignon\/?s={search_term_string}"},"query-input":{"@type":"PropertyValueSpecification","valueRequired":true,"valueName":"search_term_string"}}],"inLanguage":"fr-FR"},{"@type":"Organization","@id":"https:\/\/theatre-petit-louvre.fr\/avignon\/#organization","name":"Th\u00e9\u00e2tre Le Petit Louvre","url":"https:\/\/theatre-petit-louvre.fr\/avignon\/","logo":{"@type":"ImageObject","inLanguage":"fr-FR","@id":"https:\/\/theatre-petit-louvre.fr\/avignon\/#\/schema\/logo\/image\/","url":"https:\/\/theatre-petit-louvre.fr\/avignon\/wp-content\/uploads\/2022\/05\/logo_petit-louvre_2008_RVB.png","contentUrl":"https:\/\/theatre-petit-louvre.fr\/avignon\/wp-content\/uploads\/2022\/05\/logo_petit-louvre_2008_RVB.png","width":374,"height":800,"caption":"Th\u00e9\u00e2tre Le Petit Louvre"},"image":{"@id":"https:\/\/theatre-petit-louvre.fr\/avignon\/#\/schema\/logo\/image\/"}}]}},"uagb_featured_image_src":{"full":false,"thumbnail":false,"medium":false,"medium_large":false,"large":false,"1536x1536":false,"2048x2048":false},"uagb_author_info":{"display_name":"cyber","author_link":"https:\/\/theatre-petit-louvre.fr\/avignon\/author\/cyber\/"},"uagb_comment_info":0,"uagb_excerpt":"de Federico Jeanmaire, Mise en sc\u00e8ne Jean Lacornerie Un soliloque haletant, entre folie et polar Dans un appartement de Buenos Aires, une tr\u00e8s vieille dame a enferm\u00e9 dans la salle de bain le petit voyou qui voulait la voler. Avec une folie tr\u00e8s argentine, Faila va soumettre son captif aux charmes vibrants et fantasques de\u2026","_links":{"self":[{"href":"https:\/\/theatre-petit-louvre.fr\/avignon\/wp-json\/wp\/v2\/pages\/1591","targetHints":{"allow":["GET"]}}],"collection":[{"href":"https:\/\/theatre-petit-louvre.fr\/avignon\/wp-json\/wp\/v2\/pages"}],"about":[{"href":"https:\/\/theatre-petit-louvre.fr\/avignon\/wp-json\/wp\/v2\/types\/page"}],"author":[{"embeddable":true,"href":"https:\/\/theatre-petit-louvre.fr\/avignon\/wp-json\/wp\/v2\/users\/1"}],"replies":[{"embeddable":true,"href":"https:\/\/theatre-petit-louvre.fr\/avignon\/wp-json\/wp\/v2\/comments?post=1591"}],"version-history":[{"count":12,"href":"https:\/\/theatre-petit-louvre.fr\/avignon\/wp-json\/wp\/v2\/pages\/1591\/revisions"}],"predecessor-version":[{"id":2052,"href":"https:\/\/theatre-petit-louvre.fr\/avignon\/wp-json\/wp\/v2\/pages\/1591\/revisions\/2052"}],"wp:attachment":[{"href":"https:\/\/theatre-petit-louvre.fr\/avignon\/wp-json\/wp\/v2\/media?parent=1591"}],"wp:term":[{"taxonomy":"category","embeddable":true,"href":"https:\/\/theatre-petit-louvre.fr\/avignon\/wp-json\/wp\/v2\/categories?post=1591"},{"taxonomy":"post_tag","embeddable":true,"href":"https:\/\/theatre-petit-louvre.fr\/avignon\/wp-json\/wp\/v2\/tags?post=1591"}],"curies":[{"name":"wp","href":"https:\/\/api.w.org\/{rel}","templated":true}]}}