{"id":2139,"date":"2018-04-29T11:58:11","date_gmt":"2018-04-29T10:58:11","guid":{"rendered":"http:\/\/theatre-petit-louvre.fr\/avignon\/?page_id=2139"},"modified":"2018-06-11T07:17:18","modified_gmt":"2018-06-11T06:17:18","slug":"un-songe-dune-nuit-dete-shakespeare-purcell","status":"publish","type":"page","link":"https:\/\/theatre-petit-louvre.fr\/avignon\/un-songe-dune-nuit-dete-shakespeare-purcell\/","title":{"rendered":"UN SONGE D&rsquo;UNE NUIT D&rsquo;\u00c9T\u00c9 &#8211; SHAKESPEARE\/PURCELL"},"content":{"rendered":"<p><strong>d&rsquo;apr\u00e8s Shakespeare et \u00ab\u00a0The Fairy Queen\u00a0\u00bb de Purcell, mise en sc\u00e8ne Antoine Herbez<\/strong><\/p>\n<p><img loading=\"lazy\" decoding=\"async\" class=\"alignnone size-large wp-image-2140\" src=\"http:\/\/theatre-petit-louvre.fr\/avignon\/wp-content\/uploads\/2018\/04\/Songe_capta_31-765x510.jpg\" alt=\"\" width=\"625\" height=\"417\" srcset=\"https:\/\/theatre-petit-louvre.fr\/avignon\/wp-content\/uploads\/2018\/04\/Songe_capta_31-765x510.jpg 765w, https:\/\/theatre-petit-louvre.fr\/avignon\/wp-content\/uploads\/2018\/04\/Songe_capta_31-150x100.jpg 150w, https:\/\/theatre-petit-louvre.fr\/avignon\/wp-content\/uploads\/2018\/04\/Songe_capta_31-300x200.jpg 300w, https:\/\/theatre-petit-louvre.fr\/avignon\/wp-content\/uploads\/2018\/04\/Songe_capta_31-768x512.jpg 768w, https:\/\/theatre-petit-louvre.fr\/avignon\/wp-content\/uploads\/2018\/04\/Songe_capta_31-624x416.jpg 624w, https:\/\/theatre-petit-louvre.fr\/avignon\/wp-content\/uploads\/2018\/04\/Songe_capta_31.jpg 1200w\" sizes=\"auto, (max-width: 625px) 100vw, 625px\" \/><\/p>\n<p><strong>UNE F\u00c9<\/strong><strong>\u00c9RIE BAROQUE<\/strong><\/p>\n<p><strong>Sur des airs emprunt\u00e9s \u00e0 \u00ab\u00a0The Fairy Queen\u00a0\u00bb de Purcell, une libre adaptation de la com\u00e9die f\u00e9\u00e9rique de Shakespeare servie par une troupe de dix com\u00e9diens, chanteurs et musiciens, tout de verve et de souplesse. Un superbe spectacle musical autour de la confusion des sentiments<\/strong><\/p>\n<p>\u00ab\u00a0L\u2019adaptation nous emm\u00e8ne sur les pas de quatre adolescents, perdus dans une for\u00eat enchant\u00e9e o\u00f9 r\u00e8gnent Ob\u00e9ron et Titania, roi et reine des f\u00e9es. Leur errance amoureuse est \u00e9maill\u00e9e de disputes, de quiproquos et de poursuites dans une d\u00e9mesure fulgurante. Ces histoires d\u2019amour pourraient bien \u00eatre aussi un parcours initiatique pour tous. Et dans ce monde, je glisse la musique de Purcell\u00a0! Le chant, conduit par le violon, le th\u00e9orbe et le violoncelle, vient surligner l\u2019univers surnaturel de cette \u0153uvre \u00e9clair\u00e9e d\u2019une lumi\u00e8re myst\u00e9rieuse. C\u2019est la musique qui fait la magie de cette for\u00eat le temps d\u2019une nuit d\u2019\u00e9t\u00e9, c\u2019est elle qui fait se mouvoir les arbres, appara\u00eetre le brouillard et rosir la lune argent\u00e9e\u00a0; Elle est le bruissement des ombres des \u00eatres surnaturels, dont le son des instruments et les voix lyriques s\u2019\u00e9l\u00e8vent, haut dans le ciel.\u00a0\u00bb <strong>Antoine Herbez <\/strong><\/p>\n","protected":false},"excerpt":{"rendered":"<p>d&rsquo;apr\u00e8s Shakespeare et \u00ab\u00a0The Fairy Queen\u00a0\u00bb de Purcell, mise en sc\u00e8ne Antoine Herbez UNE F\u00c9\u00c9RIE BAROQUE Sur des airs emprunt\u00e9s \u00e0 \u00ab\u00a0The Fairy Queen\u00a0\u00bb de Purcell, une libre adaptation de la com\u00e9die f\u00e9\u00e9rique de Shakespeare servie par une troupe de dix com\u00e9diens, chanteurs et musiciens, tout de verve et de souplesse. Un superbe spectacle musical [&hellip;]<\/p>\n","protected":false},"author":1,"featured_media":0,"parent":0,"menu_order":6,"comment_status":"closed","ping_status":"closed","template":"","meta":{"_uag_custom_page_level_css":"","site-sidebar-layout":"default","site-content-layout":"","ast-site-content-layout":"default","site-content-style":"default","site-sidebar-style":"default","ast-global-header-display":"","ast-banner-title-visibility":"","ast-main-header-display":"","ast-hfb-above-header-display":"","ast-hfb-below-header-display":"","ast-hfb-mobile-header-display":"","site-post-title":"","ast-breadcrumbs-content":"","ast-featured-img":"","footer-sml-layout":"","ast-disable-related-posts":"","theme-transparent-header-meta":"","adv-header-id-meta":"","stick-header-meta":"","header-above-stick-meta":"","header-main-stick-meta":"","header-below-stick-meta":"","astra-migrate-meta-layouts":"default","ast-page-background-enabled":"default","ast-page-background-meta":{"desktop":{"background-color":"var(--ast-global-color-4)","background-image":"","background-repeat":"repeat","background-position":"center center","background-size":"auto","background-attachment":"scroll","background-type":"","background-media":"","overlay-type":"","overlay-color":"","overlay-opacity":"","overlay-gradient":""},"tablet":{"background-color":"","background-image":"","background-repeat":"repeat","background-position":"center center","background-size":"auto","background-attachment":"scroll","background-type":"","background-media":"","overlay-type":"","overlay-color":"","overlay-opacity":"","overlay-gradient":""},"mobile":{"background-color":"","background-image":"","background-repeat":"repeat","background-position":"center center","background-size":"auto","background-attachment":"scroll","background-type":"","background-media":"","overlay-type":"","overlay-color":"","overlay-opacity":"","overlay-gradient":""}},"ast-content-background-meta":{"desktop":{"background-color":"var(--ast-global-color-5)","background-image":"","background-repeat":"repeat","background-position":"center center","background-size":"auto","background-attachment":"scroll","background-type":"","background-media":"","overlay-type":"","overlay-color":"","overlay-opacity":"","overlay-gradient":""},"tablet":{"background-color":"var(--ast-global-color-5)","background-image":"","background-repeat":"repeat","background-position":"center center","background-size":"auto","background-attachment":"scroll","background-type":"","background-media":"","overlay-type":"","overlay-color":"","overlay-opacity":"","overlay-gradient":""},"mobile":{"background-color":"var(--ast-global-color-5)","background-image":"","background-repeat":"repeat","background-position":"center center","background-size":"auto","background-attachment":"scroll","background-type":"","background-media":"","overlay-type":"","overlay-color":"","overlay-opacity":"","overlay-gradient":""}},"footnotes":"","_links_to":"","_links_to_target":""},"categories":[13,9],"tags":[],"class_list":["post-2139","page","type-page","status-publish","hentry","category-13","category-chapelle-des-templiers"],"yoast_head":"<!-- This site is optimized with the Yoast SEO plugin v27.3 - https:\/\/yoast.com\/product\/yoast-seo-wordpress\/ -->\n<title>UN SONGE D&#039;UNE NUIT D&#039;\u00c9T\u00c9 - SHAKESPEARE\/PURCELL - Le Petit Louvre<\/title>\n<meta name=\"description\" content=\"Chaque \u00e9t\u00e9, un th\u00e9\u00e2tre au c\u0153ur d&#039;Avignon, Festival off : des textes, des auteurs, des autrices, des acteurs, des actrices. Deux salles climatis\u00e9es, 15 spectacles, un bar-restaurant.\" \/>\n<meta name=\"robots\" content=\"index, follow, max-snippet:-1, max-image-preview:large, max-video-preview:-1\" \/>\n<link rel=\"canonical\" href=\"https:\/\/theatre-petit-louvre.fr\/avignon\/un-songe-dune-nuit-dete-shakespeare-purcell\/\" \/>\n<meta property=\"og:locale\" content=\"fr_FR\" \/>\n<meta property=\"og:type\" content=\"article\" \/>\n<meta property=\"og:title\" content=\"UN SONGE D&#039;UNE NUIT D&#039;\u00c9T\u00c9 - SHAKESPEARE\/PURCELL - Le Petit Louvre\" \/>\n<meta property=\"og:description\" content=\"Chaque \u00e9t\u00e9, un th\u00e9\u00e2tre au c\u0153ur d&#039;Avignon, Festival off : des textes, des auteurs, des autrices, des acteurs, des actrices. Deux salles climatis\u00e9es, 15 spectacles, un bar-restaurant.\" \/>\n<meta property=\"og:url\" content=\"https:\/\/theatre-petit-louvre.fr\/avignon\/un-songe-dune-nuit-dete-shakespeare-purcell\/\" \/>\n<meta property=\"og:site_name\" content=\"Le Petit Louvre\" \/>\n<meta property=\"article:modified_time\" content=\"2018-06-11T06:17:18+00:00\" \/>\n<meta property=\"og:image\" content=\"http:\/\/theatre-petit-louvre.fr\/avignon\/wp-content\/uploads\/2018\/04\/Songe_capta_31-765x510.jpg\" \/>\n<meta name=\"twitter:label1\" content=\"Dur\u00e9e de lecture estim\u00e9e\" \/>\n\t<meta name=\"twitter:data1\" content=\"1 minute\" \/>\n<script type=\"application\/ld+json\" class=\"yoast-schema-graph\">{\"@context\":\"https:\\\/\\\/schema.org\",\"@graph\":[{\"@type\":\"WebPage\",\"@id\":\"https:\\\/\\\/theatre-petit-louvre.fr\\\/avignon\\\/un-songe-dune-nuit-dete-shakespeare-purcell\\\/\",\"url\":\"https:\\\/\\\/theatre-petit-louvre.fr\\\/avignon\\\/un-songe-dune-nuit-dete-shakespeare-purcell\\\/\",\"name\":\"UN SONGE D'UNE NUIT D'\u00c9T\u00c9 - SHAKESPEARE\\\/PURCELL - Le Petit Louvre\",\"isPartOf\":{\"@id\":\"https:\\\/\\\/theatre-petit-louvre.fr\\\/avignon\\\/#website\"},\"primaryImageOfPage\":{\"@id\":\"https:\\\/\\\/theatre-petit-louvre.fr\\\/avignon\\\/un-songe-dune-nuit-dete-shakespeare-purcell\\\/#primaryimage\"},\"image\":{\"@id\":\"https:\\\/\\\/theatre-petit-louvre.fr\\\/avignon\\\/un-songe-dune-nuit-dete-shakespeare-purcell\\\/#primaryimage\"},\"thumbnailUrl\":\"http:\\\/\\\/theatre-petit-louvre.fr\\\/avignon\\\/wp-content\\\/uploads\\\/2018\\\/04\\\/Songe_capta_31-765x510.jpg\",\"datePublished\":\"2018-04-29T10:58:11+00:00\",\"dateModified\":\"2018-06-11T06:17:18+00:00\",\"description\":\"Chaque \u00e9t\u00e9, un th\u00e9\u00e2tre au c\u0153ur d'Avignon, Festival off : des textes, des auteurs, des autrices, des acteurs, des actrices. Deux salles climatis\u00e9es, 15 spectacles, un bar-restaurant.\",\"breadcrumb\":{\"@id\":\"https:\\\/\\\/theatre-petit-louvre.fr\\\/avignon\\\/un-songe-dune-nuit-dete-shakespeare-purcell\\\/#breadcrumb\"},\"inLanguage\":\"fr-FR\",\"potentialAction\":[{\"@type\":\"ReadAction\",\"target\":[\"https:\\\/\\\/theatre-petit-louvre.fr\\\/avignon\\\/un-songe-dune-nuit-dete-shakespeare-purcell\\\/\"]}]},{\"@type\":\"ImageObject\",\"inLanguage\":\"fr-FR\",\"@id\":\"https:\\\/\\\/theatre-petit-louvre.fr\\\/avignon\\\/un-songe-dune-nuit-dete-shakespeare-purcell\\\/#primaryimage\",\"url\":\"https:\\\/\\\/theatre-petit-louvre.fr\\\/avignon\\\/wp-content\\\/uploads\\\/2018\\\/04\\\/Songe_capta_31.jpg\",\"contentUrl\":\"https:\\\/\\\/theatre-petit-louvre.fr\\\/avignon\\\/wp-content\\\/uploads\\\/2018\\\/04\\\/Songe_capta_31.jpg\",\"width\":1200,\"height\":800},{\"@type\":\"BreadcrumbList\",\"@id\":\"https:\\\/\\\/theatre-petit-louvre.fr\\\/avignon\\\/un-songe-dune-nuit-dete-shakespeare-purcell\\\/#breadcrumb\",\"itemListElement\":[{\"@type\":\"ListItem\",\"position\":1,\"name\":\"Home\",\"item\":\"https:\\\/\\\/theatre-petit-louvre.fr\\\/avignon\\\/\"},{\"@type\":\"ListItem\",\"position\":2,\"name\":\"UN SONGE D&rsquo;UNE NUIT D&rsquo;\u00c9T\u00c9 &#8211; SHAKESPEARE\\\/PURCELL\"}]},{\"@type\":\"WebSite\",\"@id\":\"https:\\\/\\\/theatre-petit-louvre.fr\\\/avignon\\\/#website\",\"url\":\"https:\\\/\\\/theatre-petit-louvre.fr\\\/avignon\\\/\",\"name\":\"Le Petit Louvre\",\"description\":\"un th\u00e9\u00e2tre au c\u0153ur d&#039;Avignon | Festival off\",\"publisher\":{\"@id\":\"https:\\\/\\\/theatre-petit-louvre.fr\\\/avignon\\\/#organization\"},\"potentialAction\":[{\"@type\":\"SearchAction\",\"target\":{\"@type\":\"EntryPoint\",\"urlTemplate\":\"https:\\\/\\\/theatre-petit-louvre.fr\\\/avignon\\\/?s={search_term_string}\"},\"query-input\":{\"@type\":\"PropertyValueSpecification\",\"valueRequired\":true,\"valueName\":\"search_term_string\"}}],\"inLanguage\":\"fr-FR\"},{\"@type\":\"Organization\",\"@id\":\"https:\\\/\\\/theatre-petit-louvre.fr\\\/avignon\\\/#organization\",\"name\":\"Th\u00e9\u00e2tre Le Petit Louvre\",\"url\":\"https:\\\/\\\/theatre-petit-louvre.fr\\\/avignon\\\/\",\"logo\":{\"@type\":\"ImageObject\",\"inLanguage\":\"fr-FR\",\"@id\":\"https:\\\/\\\/theatre-petit-louvre.fr\\\/avignon\\\/#\\\/schema\\\/logo\\\/image\\\/\",\"url\":\"https:\\\/\\\/theatre-petit-louvre.fr\\\/avignon\\\/wp-content\\\/uploads\\\/2022\\\/05\\\/logo_petit-louvre_2008_RVB.png\",\"contentUrl\":\"https:\\\/\\\/theatre-petit-louvre.fr\\\/avignon\\\/wp-content\\\/uploads\\\/2022\\\/05\\\/logo_petit-louvre_2008_RVB.png\",\"width\":374,\"height\":800,\"caption\":\"Th\u00e9\u00e2tre Le Petit Louvre\"},\"image\":{\"@id\":\"https:\\\/\\\/theatre-petit-louvre.fr\\\/avignon\\\/#\\\/schema\\\/logo\\\/image\\\/\"}}]}<\/script>\n<!-- \/ Yoast SEO plugin. -->","yoast_head_json":{"title":"UN SONGE D'UNE NUIT D'\u00c9T\u00c9 - SHAKESPEARE\/PURCELL - Le Petit Louvre","description":"Chaque \u00e9t\u00e9, un th\u00e9\u00e2tre au c\u0153ur d'Avignon, Festival off : des textes, des auteurs, des autrices, des acteurs, des actrices. Deux salles climatis\u00e9es, 15 spectacles, un bar-restaurant.","robots":{"index":"index","follow":"follow","max-snippet":"max-snippet:-1","max-image-preview":"max-image-preview:large","max-video-preview":"max-video-preview:-1"},"canonical":"https:\/\/theatre-petit-louvre.fr\/avignon\/un-songe-dune-nuit-dete-shakespeare-purcell\/","og_locale":"fr_FR","og_type":"article","og_title":"UN SONGE D'UNE NUIT D'\u00c9T\u00c9 - SHAKESPEARE\/PURCELL - Le Petit Louvre","og_description":"Chaque \u00e9t\u00e9, un th\u00e9\u00e2tre au c\u0153ur d'Avignon, Festival off : des textes, des auteurs, des autrices, des acteurs, des actrices. Deux salles climatis\u00e9es, 15 spectacles, un bar-restaurant.","og_url":"https:\/\/theatre-petit-louvre.fr\/avignon\/un-songe-dune-nuit-dete-shakespeare-purcell\/","og_site_name":"Le Petit Louvre","article_modified_time":"2018-06-11T06:17:18+00:00","og_image":[{"url":"http:\/\/theatre-petit-louvre.fr\/avignon\/wp-content\/uploads\/2018\/04\/Songe_capta_31-765x510.jpg","type":"","width":"","height":""}],"twitter_misc":{"Dur\u00e9e de lecture estim\u00e9e":"1 minute"},"schema":{"@context":"https:\/\/schema.org","@graph":[{"@type":"WebPage","@id":"https:\/\/theatre-petit-louvre.fr\/avignon\/un-songe-dune-nuit-dete-shakespeare-purcell\/","url":"https:\/\/theatre-petit-louvre.fr\/avignon\/un-songe-dune-nuit-dete-shakespeare-purcell\/","name":"UN SONGE D'UNE NUIT D'\u00c9T\u00c9 - SHAKESPEARE\/PURCELL - Le Petit Louvre","isPartOf":{"@id":"https:\/\/theatre-petit-louvre.fr\/avignon\/#website"},"primaryImageOfPage":{"@id":"https:\/\/theatre-petit-louvre.fr\/avignon\/un-songe-dune-nuit-dete-shakespeare-purcell\/#primaryimage"},"image":{"@id":"https:\/\/theatre-petit-louvre.fr\/avignon\/un-songe-dune-nuit-dete-shakespeare-purcell\/#primaryimage"},"thumbnailUrl":"http:\/\/theatre-petit-louvre.fr\/avignon\/wp-content\/uploads\/2018\/04\/Songe_capta_31-765x510.jpg","datePublished":"2018-04-29T10:58:11+00:00","dateModified":"2018-06-11T06:17:18+00:00","description":"Chaque \u00e9t\u00e9, un th\u00e9\u00e2tre au c\u0153ur d'Avignon, Festival off : des textes, des auteurs, des autrices, des acteurs, des actrices. Deux salles climatis\u00e9es, 15 spectacles, un bar-restaurant.","breadcrumb":{"@id":"https:\/\/theatre-petit-louvre.fr\/avignon\/un-songe-dune-nuit-dete-shakespeare-purcell\/#breadcrumb"},"inLanguage":"fr-FR","potentialAction":[{"@type":"ReadAction","target":["https:\/\/theatre-petit-louvre.fr\/avignon\/un-songe-dune-nuit-dete-shakespeare-purcell\/"]}]},{"@type":"ImageObject","inLanguage":"fr-FR","@id":"https:\/\/theatre-petit-louvre.fr\/avignon\/un-songe-dune-nuit-dete-shakespeare-purcell\/#primaryimage","url":"https:\/\/theatre-petit-louvre.fr\/avignon\/wp-content\/uploads\/2018\/04\/Songe_capta_31.jpg","contentUrl":"https:\/\/theatre-petit-louvre.fr\/avignon\/wp-content\/uploads\/2018\/04\/Songe_capta_31.jpg","width":1200,"height":800},{"@type":"BreadcrumbList","@id":"https:\/\/theatre-petit-louvre.fr\/avignon\/un-songe-dune-nuit-dete-shakespeare-purcell\/#breadcrumb","itemListElement":[{"@type":"ListItem","position":1,"name":"Home","item":"https:\/\/theatre-petit-louvre.fr\/avignon\/"},{"@type":"ListItem","position":2,"name":"UN SONGE D&rsquo;UNE NUIT D&rsquo;\u00c9T\u00c9 &#8211; SHAKESPEARE\/PURCELL"}]},{"@type":"WebSite","@id":"https:\/\/theatre-petit-louvre.fr\/avignon\/#website","url":"https:\/\/theatre-petit-louvre.fr\/avignon\/","name":"Le Petit Louvre","description":"un th\u00e9\u00e2tre au c\u0153ur d&#039;Avignon | Festival off","publisher":{"@id":"https:\/\/theatre-petit-louvre.fr\/avignon\/#organization"},"potentialAction":[{"@type":"SearchAction","target":{"@type":"EntryPoint","urlTemplate":"https:\/\/theatre-petit-louvre.fr\/avignon\/?s={search_term_string}"},"query-input":{"@type":"PropertyValueSpecification","valueRequired":true,"valueName":"search_term_string"}}],"inLanguage":"fr-FR"},{"@type":"Organization","@id":"https:\/\/theatre-petit-louvre.fr\/avignon\/#organization","name":"Th\u00e9\u00e2tre Le Petit Louvre","url":"https:\/\/theatre-petit-louvre.fr\/avignon\/","logo":{"@type":"ImageObject","inLanguage":"fr-FR","@id":"https:\/\/theatre-petit-louvre.fr\/avignon\/#\/schema\/logo\/image\/","url":"https:\/\/theatre-petit-louvre.fr\/avignon\/wp-content\/uploads\/2022\/05\/logo_petit-louvre_2008_RVB.png","contentUrl":"https:\/\/theatre-petit-louvre.fr\/avignon\/wp-content\/uploads\/2022\/05\/logo_petit-louvre_2008_RVB.png","width":374,"height":800,"caption":"Th\u00e9\u00e2tre Le Petit Louvre"},"image":{"@id":"https:\/\/theatre-petit-louvre.fr\/avignon\/#\/schema\/logo\/image\/"}}]}},"uagb_featured_image_src":{"full":false,"thumbnail":false,"medium":false,"medium_large":false,"large":false,"1536x1536":false,"2048x2048":false},"uagb_author_info":{"display_name":"cyber","author_link":"https:\/\/theatre-petit-louvre.fr\/avignon\/author\/cyber\/"},"uagb_comment_info":0,"uagb_excerpt":"d&rsquo;apr\u00e8s Shakespeare et \u00ab\u00a0The Fairy Queen\u00a0\u00bb de Purcell, mise en sc\u00e8ne Antoine Herbez UNE F\u00c9\u00c9RIE BAROQUE Sur des airs emprunt\u00e9s \u00e0 \u00ab\u00a0The Fairy Queen\u00a0\u00bb de Purcell, une libre adaptation de la com\u00e9die f\u00e9\u00e9rique de Shakespeare servie par une troupe de dix com\u00e9diens, chanteurs et musiciens, tout de verve et de souplesse. Un superbe spectacle musical\u2026","_links":{"self":[{"href":"https:\/\/theatre-petit-louvre.fr\/avignon\/wp-json\/wp\/v2\/pages\/2139","targetHints":{"allow":["GET"]}}],"collection":[{"href":"https:\/\/theatre-petit-louvre.fr\/avignon\/wp-json\/wp\/v2\/pages"}],"about":[{"href":"https:\/\/theatre-petit-louvre.fr\/avignon\/wp-json\/wp\/v2\/types\/page"}],"author":[{"embeddable":true,"href":"https:\/\/theatre-petit-louvre.fr\/avignon\/wp-json\/wp\/v2\/users\/1"}],"replies":[{"embeddable":true,"href":"https:\/\/theatre-petit-louvre.fr\/avignon\/wp-json\/wp\/v2\/comments?post=2139"}],"version-history":[{"count":4,"href":"https:\/\/theatre-petit-louvre.fr\/avignon\/wp-json\/wp\/v2\/pages\/2139\/revisions"}],"predecessor-version":[{"id":2142,"href":"https:\/\/theatre-petit-louvre.fr\/avignon\/wp-json\/wp\/v2\/pages\/2139\/revisions\/2142"}],"wp:attachment":[{"href":"https:\/\/theatre-petit-louvre.fr\/avignon\/wp-json\/wp\/v2\/media?parent=2139"}],"wp:term":[{"taxonomy":"category","embeddable":true,"href":"https:\/\/theatre-petit-louvre.fr\/avignon\/wp-json\/wp\/v2\/categories?post=2139"},{"taxonomy":"post_tag","embeddable":true,"href":"https:\/\/theatre-petit-louvre.fr\/avignon\/wp-json\/wp\/v2\/tags?post=2139"}],"curies":[{"name":"wp","href":"https:\/\/api.w.org\/{rel}","templated":true}]}}