{"id":2427,"date":"2019-04-17T10:03:09","date_gmt":"2019-04-17T09:03:09","guid":{"rendered":"http:\/\/theatre-petit-louvre.fr\/avignon\/?page_id=2427"},"modified":"2019-04-30T14:06:37","modified_gmt":"2019-04-30T13:06:37","slug":"spectacles-2019","status":"publish","type":"page","link":"https:\/\/theatre-petit-louvre.fr\/avignon\/spectacles-2019\/","title":{"rendered":"Spectacles 2019"},"content":{"rendered":"<p><strong><a href=\"http:\/\/theatre-petit-louvre.fr\/avignon\/jacob-jacob-creation\/\">JACOB, JACOB cr\u00e9ation<\/a><\/strong><\/p>\n<p><a href=\"http:\/\/theatre-petit-louvre.fr\/avignon\/elle-emoi\/\"><strong>ELLE&#8230; EMOI<\/strong>\u00a0<\/a><\/p>\n<p><a href=\"http:\/\/theatre-petit-louvre.fr\/avignon\/le-double\/\"><strong>LE\u00a0 DOUBLE<\/strong><\/a><\/p>\n<p><strong><a href=\"http:\/\/theatre-petit-louvre.fr\/avignon\/les-couteaux-dans-le-dos\/\">LES COUTEAUX DANS LE DOS<\/a><\/strong><\/p>\n<p><a href=\"http:\/\/theatre-petit-louvre.fr\/avignon\/la-truite\/\"><strong>LA TRUITE<\/strong><\/a><\/p>\n<p><strong><a href=\"http:\/\/theatre-petit-louvre.fr\/avignon\/un-songe-dune-nuit-dete-shakespeare-purcell-2\/\">UN SONGE D&rsquo;UNE NUIT D&rsquo;ETE<\/a><\/strong><\/p>\n<p><a href=\"http:\/\/theatre-petit-louvre.fr\/avignon\/le-duel-creation\/\"><strong>LE DUEL<\/strong><\/a><\/p>\n<p><a href=\"http:\/\/theatre-petit-louvre.fr\/avignon\/une-bouteille-a-la-mer-2\/\"><strong>UNE BOUTEILLE A LA MER<\/strong><\/a><\/p>\n<p><a href=\"http:\/\/theatre-petit-louvre.fr\/avignon\/hernani-brigand-de-la-pensee-creation\/\"><strong>HERNANI,BRIGAND DE LA PENS\u00c9E<\/strong><\/a><\/p>\n<p><a href=\"http:\/\/theatre-petit-louvre.fr\/avignon\/voyage-au-bout-de-la-nuit\/\"><strong>VOYAGE AU BOUT DE LA NUIT\u00a0<\/strong><\/a><\/p>\n<p><a href=\"http:\/\/theatre-petit-louvre.fr\/avignon\/duo-juan\/\"><strong>DUO JUAN<\/strong><\/a><\/p>\n<p><strong><a href=\"http:\/\/theatre-petit-louvre.fr\/avignon\/regardez-neige-tombe\/\">REGARDEZ LA NEIGE QUI TOMBE<\/a>\u00a0<\/strong><\/p>\n<p><strong><a href=\"http:\/\/theatre-petit-louvre.fr\/avignon\/1830-sandhugo-balzac-tout-commence\/\">1830 SAND,HUGO, BALZAC tout commence&#8230;<\/a><\/strong><\/p>\n<p><a href=\"http:\/\/theatre-petit-louvre.fr\/avignon\/les-echoues\/\"><strong>LES \u00c9CHOU\u00c9S\u00a0<\/strong><\/a><\/p>\n<p><a href=\"http:\/\/theatre-petit-louvre.fr\/avignon\/stephanie-saint-clair-reine-de-harlem\/\"><strong>ST\u00c9PHANIE ST CLAIR, Reine de Harlem<\/strong><\/a><\/p>\n<p><a href=\"http:\/\/theatre-petit-louvre.fr\/avignon\/la-nuit-juste-avant-les-forets\/\"><strong>LA NUIT JUSTE AVANT LES FORETS<\/strong><\/a><\/p>\n<p>&nbsp;<\/p>\n<p>&nbsp;<\/p>\n","protected":false},"excerpt":{"rendered":"<p>JACOB, JACOB cr\u00e9ation ELLE&#8230; EMOI\u00a0 LE\u00a0 DOUBLE LES COUTEAUX DANS LE DOS LA TRUITE UN SONGE D&rsquo;UNE NUIT D&rsquo;ETE LE DUEL UNE BOUTEILLE A LA MER HERNANI,BRIGAND DE LA PENS\u00c9E VOYAGE AU BOUT DE LA NUIT\u00a0 DUO JUAN REGARDEZ LA NEIGE QUI TOMBE\u00a0 1830 SAND,HUGO, BALZAC tout commence&#8230; LES \u00c9CHOU\u00c9S\u00a0 ST\u00c9PHANIE ST CLAIR, Reine de [&hellip;]<\/p>\n","protected":false},"author":1,"featured_media":0,"parent":0,"menu_order":0,"comment_status":"closed","ping_status":"closed","template":"","meta":{"_uag_custom_page_level_css":"","site-sidebar-layout":"default","site-content-layout":"","ast-site-content-layout":"default","site-content-style":"default","site-sidebar-style":"default","ast-global-header-display":"","ast-banner-title-visibility":"","ast-main-header-display":"","ast-hfb-above-header-display":"","ast-hfb-below-header-display":"","ast-hfb-mobile-header-display":"","site-post-title":"","ast-breadcrumbs-content":"","ast-featured-img":"","footer-sml-layout":"","ast-disable-related-posts":"","theme-transparent-header-meta":"","adv-header-id-meta":"","stick-header-meta":"","header-above-stick-meta":"","header-main-stick-meta":"","header-below-stick-meta":"","astra-migrate-meta-layouts":"default","ast-page-background-enabled":"default","ast-page-background-meta":{"desktop":{"background-color":"var(--ast-global-color-4)","background-image":"","background-repeat":"repeat","background-position":"center center","background-size":"auto","background-attachment":"scroll","background-type":"","background-media":"","overlay-type":"","overlay-color":"","overlay-opacity":"","overlay-gradient":""},"tablet":{"background-color":"","background-image":"","background-repeat":"repeat","background-position":"center center","background-size":"auto","background-attachment":"scroll","background-type":"","background-media":"","overlay-type":"","overlay-color":"","overlay-opacity":"","overlay-gradient":""},"mobile":{"background-color":"","background-image":"","background-repeat":"repeat","background-position":"center center","background-size":"auto","background-attachment":"scroll","background-type":"","background-media":"","overlay-type":"","overlay-color":"","overlay-opacity":"","overlay-gradient":""}},"ast-content-background-meta":{"desktop":{"background-color":"var(--ast-global-color-5)","background-image":"","background-repeat":"repeat","background-position":"center center","background-size":"auto","background-attachment":"scroll","background-type":"","background-media":"","overlay-type":"","overlay-color":"","overlay-opacity":"","overlay-gradient":""},"tablet":{"background-color":"var(--ast-global-color-5)","background-image":"","background-repeat":"repeat","background-position":"center center","background-size":"auto","background-attachment":"scroll","background-type":"","background-media":"","overlay-type":"","overlay-color":"","overlay-opacity":"","overlay-gradient":""},"mobile":{"background-color":"var(--ast-global-color-5)","background-image":"","background-repeat":"repeat","background-position":"center center","background-size":"auto","background-attachment":"scroll","background-type":"","background-media":"","overlay-type":"","overlay-color":"","overlay-opacity":"","overlay-gradient":""}},"footnotes":"","_links_to":"","_links_to_target":""},"categories":[15,12],"tags":[],"class_list":["post-2427","page","type-page","status-publish","hentry","category-dix-neuf","category-petit-louvre"],"yoast_head":"<!-- This site is optimized with the Yoast SEO plugin v27.5 - https:\/\/yoast.com\/product\/yoast-seo-wordpress\/ -->\n<title>Spectacles 2019 - Le Petit Louvre<\/title>\n<meta name=\"description\" content=\"Chaque \u00e9t\u00e9, un th\u00e9\u00e2tre au c\u0153ur d&#039;Avignon, Festival off : des textes, des auteurs, des autrices, des acteurs, des actrices. Deux salles climatis\u00e9es, 15 spectacles, un bar-restaurant.\" \/>\n<meta name=\"robots\" content=\"index, follow, max-snippet:-1, max-image-preview:large, max-video-preview:-1\" \/>\n<link rel=\"canonical\" href=\"https:\/\/theatre-petit-louvre.fr\/avignon\/spectacles-2019\/\" \/>\n<meta property=\"og:locale\" content=\"fr_FR\" \/>\n<meta property=\"og:type\" content=\"article\" \/>\n<meta property=\"og:title\" content=\"Spectacles 2019 - Le Petit Louvre\" \/>\n<meta property=\"og:description\" content=\"Chaque \u00e9t\u00e9, un th\u00e9\u00e2tre au c\u0153ur d&#039;Avignon, Festival off : des textes, des auteurs, des autrices, des acteurs, des actrices. Deux salles climatis\u00e9es, 15 spectacles, un bar-restaurant.\" \/>\n<meta property=\"og:url\" content=\"https:\/\/theatre-petit-louvre.fr\/avignon\/spectacles-2019\/\" \/>\n<meta property=\"og:site_name\" content=\"Le Petit Louvre\" \/>\n<meta property=\"article:modified_time\" content=\"2019-04-30T13:06:37+00:00\" \/>\n<script type=\"application\/ld+json\" class=\"yoast-schema-graph\">{\"@context\":\"https:\\\/\\\/schema.org\",\"@graph\":[{\"@type\":\"WebPage\",\"@id\":\"https:\\\/\\\/theatre-petit-louvre.fr\\\/avignon\\\/spectacles-2019\\\/\",\"url\":\"https:\\\/\\\/theatre-petit-louvre.fr\\\/avignon\\\/spectacles-2019\\\/\",\"name\":\"Spectacles 2019 - Le Petit Louvre\",\"isPartOf\":{\"@id\":\"https:\\\/\\\/theatre-petit-louvre.fr\\\/avignon\\\/#website\"},\"datePublished\":\"2019-04-17T09:03:09+00:00\",\"dateModified\":\"2019-04-30T13:06:37+00:00\",\"description\":\"Chaque \u00e9t\u00e9, un th\u00e9\u00e2tre au c\u0153ur d'Avignon, Festival off : des textes, des auteurs, des autrices, des acteurs, des actrices. Deux salles climatis\u00e9es, 15 spectacles, un bar-restaurant.\",\"breadcrumb\":{\"@id\":\"https:\\\/\\\/theatre-petit-louvre.fr\\\/avignon\\\/spectacles-2019\\\/#breadcrumb\"},\"inLanguage\":\"fr-FR\",\"potentialAction\":[{\"@type\":\"ReadAction\",\"target\":[\"https:\\\/\\\/theatre-petit-louvre.fr\\\/avignon\\\/spectacles-2019\\\/\"]}]},{\"@type\":\"BreadcrumbList\",\"@id\":\"https:\\\/\\\/theatre-petit-louvre.fr\\\/avignon\\\/spectacles-2019\\\/#breadcrumb\",\"itemListElement\":[{\"@type\":\"ListItem\",\"position\":1,\"name\":\"Home\",\"item\":\"https:\\\/\\\/theatre-petit-louvre.fr\\\/avignon\\\/\"},{\"@type\":\"ListItem\",\"position\":2,\"name\":\"Spectacles 2019\"}]},{\"@type\":\"WebSite\",\"@id\":\"https:\\\/\\\/theatre-petit-louvre.fr\\\/avignon\\\/#website\",\"url\":\"https:\\\/\\\/theatre-petit-louvre.fr\\\/avignon\\\/\",\"name\":\"Le Petit Louvre\",\"description\":\"un th\u00e9\u00e2tre au c\u0153ur d&#039;Avignon | Festival off\",\"publisher\":{\"@id\":\"https:\\\/\\\/theatre-petit-louvre.fr\\\/avignon\\\/#organization\"},\"potentialAction\":[{\"@type\":\"SearchAction\",\"target\":{\"@type\":\"EntryPoint\",\"urlTemplate\":\"https:\\\/\\\/theatre-petit-louvre.fr\\\/avignon\\\/?s={search_term_string}\"},\"query-input\":{\"@type\":\"PropertyValueSpecification\",\"valueRequired\":true,\"valueName\":\"search_term_string\"}}],\"inLanguage\":\"fr-FR\"},{\"@type\":\"Organization\",\"@id\":\"https:\\\/\\\/theatre-petit-louvre.fr\\\/avignon\\\/#organization\",\"name\":\"Th\u00e9\u00e2tre Le Petit Louvre\",\"url\":\"https:\\\/\\\/theatre-petit-louvre.fr\\\/avignon\\\/\",\"logo\":{\"@type\":\"ImageObject\",\"inLanguage\":\"fr-FR\",\"@id\":\"https:\\\/\\\/theatre-petit-louvre.fr\\\/avignon\\\/#\\\/schema\\\/logo\\\/image\\\/\",\"url\":\"https:\\\/\\\/theatre-petit-louvre.fr\\\/avignon\\\/wp-content\\\/uploads\\\/2022\\\/05\\\/logo_petit-louvre_2008_RVB.png\",\"contentUrl\":\"https:\\\/\\\/theatre-petit-louvre.fr\\\/avignon\\\/wp-content\\\/uploads\\\/2022\\\/05\\\/logo_petit-louvre_2008_RVB.png\",\"width\":374,\"height\":800,\"caption\":\"Th\u00e9\u00e2tre Le Petit Louvre\"},\"image\":{\"@id\":\"https:\\\/\\\/theatre-petit-louvre.fr\\\/avignon\\\/#\\\/schema\\\/logo\\\/image\\\/\"}}]}<\/script>\n<!-- \/ Yoast SEO plugin. -->","yoast_head_json":{"title":"Spectacles 2019 - Le Petit Louvre","description":"Chaque \u00e9t\u00e9, un th\u00e9\u00e2tre au c\u0153ur d'Avignon, Festival off : des textes, des auteurs, des autrices, des acteurs, des actrices. Deux salles climatis\u00e9es, 15 spectacles, un bar-restaurant.","robots":{"index":"index","follow":"follow","max-snippet":"max-snippet:-1","max-image-preview":"max-image-preview:large","max-video-preview":"max-video-preview:-1"},"canonical":"https:\/\/theatre-petit-louvre.fr\/avignon\/spectacles-2019\/","og_locale":"fr_FR","og_type":"article","og_title":"Spectacles 2019 - Le Petit Louvre","og_description":"Chaque \u00e9t\u00e9, un th\u00e9\u00e2tre au c\u0153ur d'Avignon, Festival off : des textes, des auteurs, des autrices, des acteurs, des actrices. Deux salles climatis\u00e9es, 15 spectacles, un bar-restaurant.","og_url":"https:\/\/theatre-petit-louvre.fr\/avignon\/spectacles-2019\/","og_site_name":"Le Petit Louvre","article_modified_time":"2019-04-30T13:06:37+00:00","schema":{"@context":"https:\/\/schema.org","@graph":[{"@type":"WebPage","@id":"https:\/\/theatre-petit-louvre.fr\/avignon\/spectacles-2019\/","url":"https:\/\/theatre-petit-louvre.fr\/avignon\/spectacles-2019\/","name":"Spectacles 2019 - Le Petit Louvre","isPartOf":{"@id":"https:\/\/theatre-petit-louvre.fr\/avignon\/#website"},"datePublished":"2019-04-17T09:03:09+00:00","dateModified":"2019-04-30T13:06:37+00:00","description":"Chaque \u00e9t\u00e9, un th\u00e9\u00e2tre au c\u0153ur d'Avignon, Festival off : des textes, des auteurs, des autrices, des acteurs, des actrices. Deux salles climatis\u00e9es, 15 spectacles, un bar-restaurant.","breadcrumb":{"@id":"https:\/\/theatre-petit-louvre.fr\/avignon\/spectacles-2019\/#breadcrumb"},"inLanguage":"fr-FR","potentialAction":[{"@type":"ReadAction","target":["https:\/\/theatre-petit-louvre.fr\/avignon\/spectacles-2019\/"]}]},{"@type":"BreadcrumbList","@id":"https:\/\/theatre-petit-louvre.fr\/avignon\/spectacles-2019\/#breadcrumb","itemListElement":[{"@type":"ListItem","position":1,"name":"Home","item":"https:\/\/theatre-petit-louvre.fr\/avignon\/"},{"@type":"ListItem","position":2,"name":"Spectacles 2019"}]},{"@type":"WebSite","@id":"https:\/\/theatre-petit-louvre.fr\/avignon\/#website","url":"https:\/\/theatre-petit-louvre.fr\/avignon\/","name":"Le Petit Louvre","description":"un th\u00e9\u00e2tre au c\u0153ur d&#039;Avignon | Festival off","publisher":{"@id":"https:\/\/theatre-petit-louvre.fr\/avignon\/#organization"},"potentialAction":[{"@type":"SearchAction","target":{"@type":"EntryPoint","urlTemplate":"https:\/\/theatre-petit-louvre.fr\/avignon\/?s={search_term_string}"},"query-input":{"@type":"PropertyValueSpecification","valueRequired":true,"valueName":"search_term_string"}}],"inLanguage":"fr-FR"},{"@type":"Organization","@id":"https:\/\/theatre-petit-louvre.fr\/avignon\/#organization","name":"Th\u00e9\u00e2tre Le Petit Louvre","url":"https:\/\/theatre-petit-louvre.fr\/avignon\/","logo":{"@type":"ImageObject","inLanguage":"fr-FR","@id":"https:\/\/theatre-petit-louvre.fr\/avignon\/#\/schema\/logo\/image\/","url":"https:\/\/theatre-petit-louvre.fr\/avignon\/wp-content\/uploads\/2022\/05\/logo_petit-louvre_2008_RVB.png","contentUrl":"https:\/\/theatre-petit-louvre.fr\/avignon\/wp-content\/uploads\/2022\/05\/logo_petit-louvre_2008_RVB.png","width":374,"height":800,"caption":"Th\u00e9\u00e2tre Le Petit Louvre"},"image":{"@id":"https:\/\/theatre-petit-louvre.fr\/avignon\/#\/schema\/logo\/image\/"}}]}},"uagb_featured_image_src":{"full":false,"thumbnail":false,"medium":false,"medium_large":false,"large":false,"1536x1536":false,"2048x2048":false},"uagb_author_info":{"display_name":"cyber","author_link":"https:\/\/theatre-petit-louvre.fr\/avignon\/author\/cyber\/"},"uagb_comment_info":0,"uagb_excerpt":"JACOB, JACOB cr\u00e9ation ELLE&#8230; EMOI\u00a0 LE\u00a0 DOUBLE LES COUTEAUX DANS LE DOS LA TRUITE UN SONGE D&rsquo;UNE NUIT D&rsquo;ETE LE DUEL UNE BOUTEILLE A LA MER HERNANI,BRIGAND DE LA PENS\u00c9E VOYAGE AU BOUT DE LA NUIT\u00a0 DUO JUAN REGARDEZ LA NEIGE QUI TOMBE\u00a0 1830 SAND,HUGO, BALZAC tout commence&#8230; LES \u00c9CHOU\u00c9S\u00a0 ST\u00c9PHANIE ST CLAIR, Reine de\u2026","_links":{"self":[{"href":"https:\/\/theatre-petit-louvre.fr\/avignon\/wp-json\/wp\/v2\/pages\/2427","targetHints":{"allow":["GET"]}}],"collection":[{"href":"https:\/\/theatre-petit-louvre.fr\/avignon\/wp-json\/wp\/v2\/pages"}],"about":[{"href":"https:\/\/theatre-petit-louvre.fr\/avignon\/wp-json\/wp\/v2\/types\/page"}],"author":[{"embeddable":true,"href":"https:\/\/theatre-petit-louvre.fr\/avignon\/wp-json\/wp\/v2\/users\/1"}],"replies":[{"embeddable":true,"href":"https:\/\/theatre-petit-louvre.fr\/avignon\/wp-json\/wp\/v2\/comments?post=2427"}],"version-history":[{"count":8,"href":"https:\/\/theatre-petit-louvre.fr\/avignon\/wp-json\/wp\/v2\/pages\/2427\/revisions"}],"predecessor-version":[{"id":2575,"href":"https:\/\/theatre-petit-louvre.fr\/avignon\/wp-json\/wp\/v2\/pages\/2427\/revisions\/2575"}],"wp:attachment":[{"href":"https:\/\/theatre-petit-louvre.fr\/avignon\/wp-json\/wp\/v2\/media?parent=2427"}],"wp:term":[{"taxonomy":"category","embeddable":true,"href":"https:\/\/theatre-petit-louvre.fr\/avignon\/wp-json\/wp\/v2\/categories?post=2427"},{"taxonomy":"post_tag","embeddable":true,"href":"https:\/\/theatre-petit-louvre.fr\/avignon\/wp-json\/wp\/v2\/tags?post=2427"}],"curies":[{"name":"wp","href":"https:\/\/api.w.org\/{rel}","templated":true}]}}