{"id":2759,"date":"2021-06-26T14:15:40","date_gmt":"2021-06-26T13:15:40","guid":{"rendered":"https:\/\/theatre-petit-louvre.fr\/avignon\/?page_id=2759"},"modified":"2021-06-28T16:45:35","modified_gmt":"2021-06-28T15:45:35","slug":"avignon-2021","status":"publish","type":"page","link":"https:\/\/theatre-petit-louvre.fr\/avignon\/avignon-2021\/","title":{"rendered":"Avignon 2021"},"content":{"rendered":"<p>&nbsp;<\/p>\n<p><b>A LA LUNA,<\/b><\/p>\n<ul>\n<li>\u00e0 15h40, <strong><em>La Vie mat\u00e9rielle<\/em><\/strong>, de Marguerite Duras,\u00a0adapt\u00e9e par Michel Monnereau, mise en sc\u00e8ne par William Mesguich, avec Catherine Artigala.\u00a0<a href=\"https:\/\/www.theatre-laluna.fr\/spectacle\/la-vie-materielle\">https:\/\/www.theatre-laluna.fr\/spectacle\/la-vie-materielle<\/a><\/li>\n<li>\u00a0\u00e0 21h35, <em><strong>Les Raisins de la col\u00e8re<\/strong><\/em>, d&rsquo;apr\u00e8s John Steinbeck, adapt\u00e9 et mis en sc\u00e8ne par Xavier Simonin, direction musicale Jean-Jacques Milteau.\u00a0<a href=\"https:\/\/www.theatre-laluna.fr\/spectacle\/les-raisins-de-la-colere\">https:\/\/www.theatre-laluna.fr\/spectacle\/les-raisins-de-la-colere<\/a><\/li>\n<\/ul>\n<p>&nbsp;<\/p>\n<p><b>AUX LUCIOLES,<\/b><\/p>\n<ul>\n<li>\u00e0 14h, <strong><em>Les Fables de La Fontaine, miniatures lyriques<\/em><\/strong>, 16 fables de La Fontaine mises en musique par Isabelle Aboulker pour mezzo-soprano, baryton et trio d&rsquo;instruments.\u00a0<a href=\"https:\/\/www.vostickets.net\/billet?ID=THEATRE_DES_LUCIOLES&amp;SPC=10495\">https:\/\/www.vostickets.net\/billet?ID=THEATRE_DES_LUCIOLES&amp;SPC=10495<\/a><\/li>\n<\/ul>\n<p>&nbsp;<\/p>\n<p><b>A LA CONDITION DES SOIES,<\/b><\/p>\n<ul>\n<li>\u00e0 11h35,<strong><em> Les Travailleurs de la mer<\/em><\/strong>, d&rsquo;apr\u00e8s Victor Hugo, adapt\u00e9 et interpr\u00e9t\u00e9 par Paul Fructus.\u00a0<a href=\"https:\/\/www.conditiondessoies.com\/programme-2021\/les-travailleurs-de-la-mer\/\">https:\/\/www.conditiondessoies.com\/programme-2021\/les-travailleurs-de-la-mer\/<\/a><\/li>\n<li>\u00e0 14h30, <strong style=\"font-size: 1rem;\"><em>To be (or not)<\/em><\/strong><span style=\"font-size: 1rem;\">, de, mis en sc\u00e8ne et interpr\u00e9t\u00e9 par Laurent Cappe.\u00a0<a href=\"https:\/\/www.conditiondessoies.com\/programme-2021\/to-be\/\">https:\/\/www.conditiondessoies.com\/programme-2021\/to-be\/<\/a><\/span><\/li>\n<li><span style=\"font-size: 1rem;\">\u00e0 18h25, <\/span><em style=\"font-size: 1rem;\"><strong>La Promesse de l&rsquo;aube<\/strong><\/em><span style=\"font-size: 1rem;\">, d&rsquo;apr\u00e8s Romain Gary, adapt\u00e9e et interpr\u00e9t\u00e9e par Franck Desmedt, mise en sc\u00e8ne par St\u00e9phane Laporte.\u00a0<a href=\"https:\/\/www.conditiondessoies.com\/programme-2021\/la-promesse-de-l-aube\/\">https:\/\/www.conditiondessoies.com\/programme-2021\/la-promesse-de-l-aube\/<\/a><\/span><\/li>\n<\/ul>\n<p>&nbsp;<\/p>\n<p><b>AUX CORPS SAINTS,<\/b><\/p>\n<ul>\n<li>\u00e0 10h30, <strong><em>Flagrant D\u00e9ni<\/em><\/strong>, d&rsquo;apr\u00e8s Guy de Maupassant, adapt\u00e9 et interpr\u00e9t\u00e9 par Alain Payen, mis en sc\u00e8ne par Catherine Benamou.<\/li>\n<\/ul>\n","protected":false},"excerpt":{"rendered":"<p>&nbsp; A LA LUNA, \u00e0 15h40, La Vie mat\u00e9rielle, de Marguerite Duras,\u00a0adapt\u00e9e par Michel Monnereau, mise en sc\u00e8ne par William Mesguich, avec Catherine Artigala.\u00a0https:\/\/www.theatre-laluna.fr\/spectacle\/la-vie-materielle \u00a0\u00e0 21h35, Les Raisins de la col\u00e8re, d&rsquo;apr\u00e8s John Steinbeck, adapt\u00e9 et mis en sc\u00e8ne par Xavier Simonin, direction musicale Jean-Jacques Milteau.\u00a0https:\/\/www.theatre-laluna.fr\/spectacle\/les-raisins-de-la-colere &nbsp; AUX LUCIOLES, \u00e0 14h, Les Fables de La [&hellip;]<\/p>\n","protected":false},"author":1,"featured_media":0,"parent":0,"menu_order":0,"comment_status":"closed","ping_status":"closed","template":"","meta":{"_uag_custom_page_level_css":"","site-sidebar-layout":"default","site-content-layout":"","ast-site-content-layout":"default","site-content-style":"default","site-sidebar-style":"default","ast-global-header-display":"","ast-banner-title-visibility":"","ast-main-header-display":"","ast-hfb-above-header-display":"","ast-hfb-below-header-display":"","ast-hfb-mobile-header-display":"","site-post-title":"","ast-breadcrumbs-content":"","ast-featured-img":"","footer-sml-layout":"","ast-disable-related-posts":"","theme-transparent-header-meta":"","adv-header-id-meta":"","stick-header-meta":"","header-above-stick-meta":"","header-main-stick-meta":"","header-below-stick-meta":"","astra-migrate-meta-layouts":"default","ast-page-background-enabled":"default","ast-page-background-meta":{"desktop":{"background-color":"var(--ast-global-color-4)","background-image":"","background-repeat":"repeat","background-position":"center center","background-size":"auto","background-attachment":"scroll","background-type":"","background-media":"","overlay-type":"","overlay-color":"","overlay-opacity":"","overlay-gradient":""},"tablet":{"background-color":"","background-image":"","background-repeat":"repeat","background-position":"center center","background-size":"auto","background-attachment":"scroll","background-type":"","background-media":"","overlay-type":"","overlay-color":"","overlay-opacity":"","overlay-gradient":""},"mobile":{"background-color":"","background-image":"","background-repeat":"repeat","background-position":"center center","background-size":"auto","background-attachment":"scroll","background-type":"","background-media":"","overlay-type":"","overlay-color":"","overlay-opacity":"","overlay-gradient":""}},"ast-content-background-meta":{"desktop":{"background-color":"var(--ast-global-color-5)","background-image":"","background-repeat":"repeat","background-position":"center center","background-size":"auto","background-attachment":"scroll","background-type":"","background-media":"","overlay-type":"","overlay-color":"","overlay-opacity":"","overlay-gradient":""},"tablet":{"background-color":"var(--ast-global-color-5)","background-image":"","background-repeat":"repeat","background-position":"center center","background-size":"auto","background-attachment":"scroll","background-type":"","background-media":"","overlay-type":"","overlay-color":"","overlay-opacity":"","overlay-gradient":""},"mobile":{"background-color":"var(--ast-global-color-5)","background-image":"","background-repeat":"repeat","background-position":"center center","background-size":"auto","background-attachment":"scroll","background-type":"","background-media":"","overlay-type":"","overlay-color":"","overlay-opacity":"","overlay-gradient":""}},"footnotes":"","_links_to":"","_links_to_target":""},"categories":[],"tags":[],"class_list":["post-2759","page","type-page","status-publish","hentry"],"yoast_head":"<!-- This site is optimized with the Yoast SEO plugin v27.5 - https:\/\/yoast.com\/product\/yoast-seo-wordpress\/ -->\n<title>Avignon 2021 - Le Petit Louvre<\/title>\n<meta name=\"description\" content=\"Chaque \u00e9t\u00e9, un th\u00e9\u00e2tre au c\u0153ur d&#039;Avignon, Festival off : des textes, des auteurs, des autrices, des acteurs, des actrices. Deux salles climatis\u00e9es, 15 spectacles, un bar-restaurant.\" \/>\n<meta name=\"robots\" content=\"index, follow, max-snippet:-1, max-image-preview:large, max-video-preview:-1\" \/>\n<link rel=\"canonical\" href=\"https:\/\/theatre-petit-louvre.fr\/avignon\/avignon-2021\/\" \/>\n<meta property=\"og:locale\" content=\"fr_FR\" \/>\n<meta property=\"og:type\" content=\"article\" \/>\n<meta property=\"og:title\" content=\"Avignon 2021 - Le Petit Louvre\" \/>\n<meta property=\"og:description\" content=\"Chaque \u00e9t\u00e9, un th\u00e9\u00e2tre au c\u0153ur d&#039;Avignon, Festival off : des textes, des auteurs, des autrices, des acteurs, des actrices. Deux salles climatis\u00e9es, 15 spectacles, un bar-restaurant.\" \/>\n<meta property=\"og:url\" content=\"https:\/\/theatre-petit-louvre.fr\/avignon\/avignon-2021\/\" \/>\n<meta property=\"og:site_name\" content=\"Le Petit Louvre\" \/>\n<meta property=\"article:modified_time\" content=\"2021-06-28T15:45:35+00:00\" \/>\n<meta name=\"twitter:label1\" content=\"Dur\u00e9e de lecture estim\u00e9e\" \/>\n\t<meta name=\"twitter:data1\" content=\"1 minute\" \/>\n<script type=\"application\/ld+json\" class=\"yoast-schema-graph\">{\"@context\":\"https:\\\/\\\/schema.org\",\"@graph\":[{\"@type\":\"WebPage\",\"@id\":\"https:\\\/\\\/theatre-petit-louvre.fr\\\/avignon\\\/avignon-2021\\\/\",\"url\":\"https:\\\/\\\/theatre-petit-louvre.fr\\\/avignon\\\/avignon-2021\\\/\",\"name\":\"Avignon 2021 - Le Petit Louvre\",\"isPartOf\":{\"@id\":\"https:\\\/\\\/theatre-petit-louvre.fr\\\/avignon\\\/#website\"},\"datePublished\":\"2021-06-26T13:15:40+00:00\",\"dateModified\":\"2021-06-28T15:45:35+00:00\",\"description\":\"Chaque \u00e9t\u00e9, un th\u00e9\u00e2tre au c\u0153ur d'Avignon, Festival off : des textes, des auteurs, des autrices, des acteurs, des actrices. Deux salles climatis\u00e9es, 15 spectacles, un bar-restaurant.\",\"breadcrumb\":{\"@id\":\"https:\\\/\\\/theatre-petit-louvre.fr\\\/avignon\\\/avignon-2021\\\/#breadcrumb\"},\"inLanguage\":\"fr-FR\",\"potentialAction\":[{\"@type\":\"ReadAction\",\"target\":[\"https:\\\/\\\/theatre-petit-louvre.fr\\\/avignon\\\/avignon-2021\\\/\"]}]},{\"@type\":\"BreadcrumbList\",\"@id\":\"https:\\\/\\\/theatre-petit-louvre.fr\\\/avignon\\\/avignon-2021\\\/#breadcrumb\",\"itemListElement\":[{\"@type\":\"ListItem\",\"position\":1,\"name\":\"Home\",\"item\":\"https:\\\/\\\/theatre-petit-louvre.fr\\\/avignon\\\/\"},{\"@type\":\"ListItem\",\"position\":2,\"name\":\"Avignon 2021\"}]},{\"@type\":\"WebSite\",\"@id\":\"https:\\\/\\\/theatre-petit-louvre.fr\\\/avignon\\\/#website\",\"url\":\"https:\\\/\\\/theatre-petit-louvre.fr\\\/avignon\\\/\",\"name\":\"Le Petit Louvre\",\"description\":\"un th\u00e9\u00e2tre au c\u0153ur d&#039;Avignon | Festival off\",\"publisher\":{\"@id\":\"https:\\\/\\\/theatre-petit-louvre.fr\\\/avignon\\\/#organization\"},\"potentialAction\":[{\"@type\":\"SearchAction\",\"target\":{\"@type\":\"EntryPoint\",\"urlTemplate\":\"https:\\\/\\\/theatre-petit-louvre.fr\\\/avignon\\\/?s={search_term_string}\"},\"query-input\":{\"@type\":\"PropertyValueSpecification\",\"valueRequired\":true,\"valueName\":\"search_term_string\"}}],\"inLanguage\":\"fr-FR\"},{\"@type\":\"Organization\",\"@id\":\"https:\\\/\\\/theatre-petit-louvre.fr\\\/avignon\\\/#organization\",\"name\":\"Th\u00e9\u00e2tre Le Petit Louvre\",\"url\":\"https:\\\/\\\/theatre-petit-louvre.fr\\\/avignon\\\/\",\"logo\":{\"@type\":\"ImageObject\",\"inLanguage\":\"fr-FR\",\"@id\":\"https:\\\/\\\/theatre-petit-louvre.fr\\\/avignon\\\/#\\\/schema\\\/logo\\\/image\\\/\",\"url\":\"https:\\\/\\\/theatre-petit-louvre.fr\\\/avignon\\\/wp-content\\\/uploads\\\/2022\\\/05\\\/logo_petit-louvre_2008_RVB.png\",\"contentUrl\":\"https:\\\/\\\/theatre-petit-louvre.fr\\\/avignon\\\/wp-content\\\/uploads\\\/2022\\\/05\\\/logo_petit-louvre_2008_RVB.png\",\"width\":374,\"height\":800,\"caption\":\"Th\u00e9\u00e2tre Le Petit Louvre\"},\"image\":{\"@id\":\"https:\\\/\\\/theatre-petit-louvre.fr\\\/avignon\\\/#\\\/schema\\\/logo\\\/image\\\/\"}}]}<\/script>\n<!-- \/ Yoast SEO plugin. -->","yoast_head_json":{"title":"Avignon 2021 - Le Petit Louvre","description":"Chaque \u00e9t\u00e9, un th\u00e9\u00e2tre au c\u0153ur d'Avignon, Festival off : des textes, des auteurs, des autrices, des acteurs, des actrices. Deux salles climatis\u00e9es, 15 spectacles, un bar-restaurant.","robots":{"index":"index","follow":"follow","max-snippet":"max-snippet:-1","max-image-preview":"max-image-preview:large","max-video-preview":"max-video-preview:-1"},"canonical":"https:\/\/theatre-petit-louvre.fr\/avignon\/avignon-2021\/","og_locale":"fr_FR","og_type":"article","og_title":"Avignon 2021 - Le Petit Louvre","og_description":"Chaque \u00e9t\u00e9, un th\u00e9\u00e2tre au c\u0153ur d'Avignon, Festival off : des textes, des auteurs, des autrices, des acteurs, des actrices. Deux salles climatis\u00e9es, 15 spectacles, un bar-restaurant.","og_url":"https:\/\/theatre-petit-louvre.fr\/avignon\/avignon-2021\/","og_site_name":"Le Petit Louvre","article_modified_time":"2021-06-28T15:45:35+00:00","twitter_misc":{"Dur\u00e9e de lecture estim\u00e9e":"1 minute"},"schema":{"@context":"https:\/\/schema.org","@graph":[{"@type":"WebPage","@id":"https:\/\/theatre-petit-louvre.fr\/avignon\/avignon-2021\/","url":"https:\/\/theatre-petit-louvre.fr\/avignon\/avignon-2021\/","name":"Avignon 2021 - Le Petit Louvre","isPartOf":{"@id":"https:\/\/theatre-petit-louvre.fr\/avignon\/#website"},"datePublished":"2021-06-26T13:15:40+00:00","dateModified":"2021-06-28T15:45:35+00:00","description":"Chaque \u00e9t\u00e9, un th\u00e9\u00e2tre au c\u0153ur d'Avignon, Festival off : des textes, des auteurs, des autrices, des acteurs, des actrices. Deux salles climatis\u00e9es, 15 spectacles, un bar-restaurant.","breadcrumb":{"@id":"https:\/\/theatre-petit-louvre.fr\/avignon\/avignon-2021\/#breadcrumb"},"inLanguage":"fr-FR","potentialAction":[{"@type":"ReadAction","target":["https:\/\/theatre-petit-louvre.fr\/avignon\/avignon-2021\/"]}]},{"@type":"BreadcrumbList","@id":"https:\/\/theatre-petit-louvre.fr\/avignon\/avignon-2021\/#breadcrumb","itemListElement":[{"@type":"ListItem","position":1,"name":"Home","item":"https:\/\/theatre-petit-louvre.fr\/avignon\/"},{"@type":"ListItem","position":2,"name":"Avignon 2021"}]},{"@type":"WebSite","@id":"https:\/\/theatre-petit-louvre.fr\/avignon\/#website","url":"https:\/\/theatre-petit-louvre.fr\/avignon\/","name":"Le Petit Louvre","description":"un th\u00e9\u00e2tre au c\u0153ur d&#039;Avignon | Festival off","publisher":{"@id":"https:\/\/theatre-petit-louvre.fr\/avignon\/#organization"},"potentialAction":[{"@type":"SearchAction","target":{"@type":"EntryPoint","urlTemplate":"https:\/\/theatre-petit-louvre.fr\/avignon\/?s={search_term_string}"},"query-input":{"@type":"PropertyValueSpecification","valueRequired":true,"valueName":"search_term_string"}}],"inLanguage":"fr-FR"},{"@type":"Organization","@id":"https:\/\/theatre-petit-louvre.fr\/avignon\/#organization","name":"Th\u00e9\u00e2tre Le Petit Louvre","url":"https:\/\/theatre-petit-louvre.fr\/avignon\/","logo":{"@type":"ImageObject","inLanguage":"fr-FR","@id":"https:\/\/theatre-petit-louvre.fr\/avignon\/#\/schema\/logo\/image\/","url":"https:\/\/theatre-petit-louvre.fr\/avignon\/wp-content\/uploads\/2022\/05\/logo_petit-louvre_2008_RVB.png","contentUrl":"https:\/\/theatre-petit-louvre.fr\/avignon\/wp-content\/uploads\/2022\/05\/logo_petit-louvre_2008_RVB.png","width":374,"height":800,"caption":"Th\u00e9\u00e2tre Le Petit Louvre"},"image":{"@id":"https:\/\/theatre-petit-louvre.fr\/avignon\/#\/schema\/logo\/image\/"}}]}},"uagb_featured_image_src":{"full":false,"thumbnail":false,"medium":false,"medium_large":false,"large":false,"1536x1536":false,"2048x2048":false},"uagb_author_info":{"display_name":"cyber","author_link":"https:\/\/theatre-petit-louvre.fr\/avignon\/author\/cyber\/"},"uagb_comment_info":0,"uagb_excerpt":"&nbsp; A LA LUNA, \u00e0 15h40, La Vie mat\u00e9rielle, de Marguerite Duras,\u00a0adapt\u00e9e par Michel Monnereau, mise en sc\u00e8ne par William Mesguich, avec Catherine Artigala.\u00a0https:\/\/www.theatre-laluna.fr\/spectacle\/la-vie-materielle \u00a0\u00e0 21h35, Les Raisins de la col\u00e8re, d&rsquo;apr\u00e8s John Steinbeck, adapt\u00e9 et mis en sc\u00e8ne par Xavier Simonin, direction musicale Jean-Jacques Milteau.\u00a0https:\/\/www.theatre-laluna.fr\/spectacle\/les-raisins-de-la-colere &nbsp; AUX LUCIOLES, \u00e0 14h, Les Fables de La\u2026","_links":{"self":[{"href":"https:\/\/theatre-petit-louvre.fr\/avignon\/wp-json\/wp\/v2\/pages\/2759","targetHints":{"allow":["GET"]}}],"collection":[{"href":"https:\/\/theatre-petit-louvre.fr\/avignon\/wp-json\/wp\/v2\/pages"}],"about":[{"href":"https:\/\/theatre-petit-louvre.fr\/avignon\/wp-json\/wp\/v2\/types\/page"}],"author":[{"embeddable":true,"href":"https:\/\/theatre-petit-louvre.fr\/avignon\/wp-json\/wp\/v2\/users\/1"}],"replies":[{"embeddable":true,"href":"https:\/\/theatre-petit-louvre.fr\/avignon\/wp-json\/wp\/v2\/comments?post=2759"}],"version-history":[{"count":4,"href":"https:\/\/theatre-petit-louvre.fr\/avignon\/wp-json\/wp\/v2\/pages\/2759\/revisions"}],"predecessor-version":[{"id":2773,"href":"https:\/\/theatre-petit-louvre.fr\/avignon\/wp-json\/wp\/v2\/pages\/2759\/revisions\/2773"}],"wp:attachment":[{"href":"https:\/\/theatre-petit-louvre.fr\/avignon\/wp-json\/wp\/v2\/media?parent=2759"}],"wp:term":[{"taxonomy":"category","embeddable":true,"href":"https:\/\/theatre-petit-louvre.fr\/avignon\/wp-json\/wp\/v2\/categories?post=2759"},{"taxonomy":"post_tag","embeddable":true,"href":"https:\/\/theatre-petit-louvre.fr\/avignon\/wp-json\/wp\/v2\/tags?post=2759"}],"curies":[{"name":"wp","href":"https:\/\/api.w.org\/{rel}","templated":true}]}}