{"id":2798,"date":"2022-04-12T19:20:14","date_gmt":"2022-04-12T18:20:14","guid":{"rendered":"https:\/\/theatre-petit-louvre.fr\/avignon\/?page_id=2798"},"modified":"2023-06-30T18:06:38","modified_gmt":"2023-06-30T17:06:38","slug":"romeo-et-juliette","status":"publish","type":"page","link":"https:\/\/theatre-petit-louvre.fr\/avignon\/romeo-et-juliette\/","title":{"rendered":"ROMEO &#038; JULIETTE"},"content":{"rendered":"\n<p><strong>De Shakespeare, adaptation et mise en sc\u00e8ne : Manon Montel<\/strong><br>Compagnie Chouchenko<\/p>\n\n\n\n<p class=\"has-ast-global-color-4-background-color has-background\"><strong>CHAPELLE DES TEMPLIERS<\/strong> du 7 au 29 juillet 2023 \u00e0 <strong>10h00<\/strong>. Dur\u00e9e <strong>1h30<\/strong><br>Tarifs<strong> 23\/16\/10<\/strong> <strong>euros<\/strong>. Rel\u00e2che le mercredi <strong>(12, 19 et 26 juillet)<\/strong><\/p>\n\n\n\n<div class=\"wp-block-buttons is-layout-flex wp-block-buttons-is-layout-flex\">\n<div class=\"wp-block-button\"><a class=\"wp-block-button__link wp-element-button\" href=\"https:\/\/billetterie-le-petit-louvre.tickandlive.com\/evenement\/romeo-juliette\" target=\"_blank\" rel=\"noreferrer noopener\">R\u00e9servez vos places<\/a><\/div>\n<\/div>\n\n\n\n<div style=\"height:31px\" aria-hidden=\"true\" class=\"wp-block-spacer\"><\/div>\n\n\n\n<figure class=\"wp-block-gallery has-nested-images columns-default is-cropped wp-block-gallery-1 is-layout-flex wp-block-gallery-is-layout-flex\">\n<figure class=\"wp-block-image size-large\"><a href=\"https:\/\/theatre-petit-louvre.fr\/avignon\/wp-content\/uploads\/2022\/05\/IMG_0216-@philippe-hanula.jpg\" rel=\"lightbox[2798]\"><img loading=\"lazy\" decoding=\"async\" width=\"765\" height=\"510\" data-id=\"2999\" src=\"https:\/\/theatre-petit-louvre.fr\/avignon\/wp-content\/uploads\/2022\/05\/IMG_0216-@philippe-hanula-765x510.jpg\" alt=\"\" class=\"wp-image-2999\" srcset=\"https:\/\/theatre-petit-louvre.fr\/avignon\/wp-content\/uploads\/2022\/05\/IMG_0216-@philippe-hanula-765x510.jpg 765w, https:\/\/theatre-petit-louvre.fr\/avignon\/wp-content\/uploads\/2022\/05\/IMG_0216-@philippe-hanula-300x200.jpg 300w, https:\/\/theatre-petit-louvre.fr\/avignon\/wp-content\/uploads\/2022\/05\/IMG_0216-@philippe-hanula-150x100.jpg 150w, https:\/\/theatre-petit-louvre.fr\/avignon\/wp-content\/uploads\/2022\/05\/IMG_0216-@philippe-hanula-768x512.jpg 768w, https:\/\/theatre-petit-louvre.fr\/avignon\/wp-content\/uploads\/2022\/05\/IMG_0216-@philippe-hanula.jpg 900w\" sizes=\"auto, (max-width: 765px) 100vw, 765px\" \/><\/a><\/figure>\n\n\n\n<figure class=\"wp-block-image size-large\"><a href=\"https:\/\/theatre-petit-louvre.fr\/avignon\/wp-content\/uploads\/2022\/05\/IMG_9573-@philippe-hanula.jpg\" rel=\"lightbox[2798]\"><img loading=\"lazy\" decoding=\"async\" width=\"765\" height=\"510\" data-id=\"3000\" src=\"https:\/\/theatre-petit-louvre.fr\/avignon\/wp-content\/uploads\/2022\/05\/IMG_9573-@philippe-hanula-765x510.jpg\" alt=\"\" class=\"wp-image-3000\" srcset=\"https:\/\/theatre-petit-louvre.fr\/avignon\/wp-content\/uploads\/2022\/05\/IMG_9573-@philippe-hanula-765x510.jpg 765w, https:\/\/theatre-petit-louvre.fr\/avignon\/wp-content\/uploads\/2022\/05\/IMG_9573-@philippe-hanula-300x200.jpg 300w, https:\/\/theatre-petit-louvre.fr\/avignon\/wp-content\/uploads\/2022\/05\/IMG_9573-@philippe-hanula-150x100.jpg 150w, https:\/\/theatre-petit-louvre.fr\/avignon\/wp-content\/uploads\/2022\/05\/IMG_9573-@philippe-hanula-768x512.jpg 768w, https:\/\/theatre-petit-louvre.fr\/avignon\/wp-content\/uploads\/2022\/05\/IMG_9573-@philippe-hanula.jpg 900w\" sizes=\"auto, (max-width: 765px) 100vw, 765px\" \/><\/a><\/figure>\n<\/figure>\n\n\n\n<div style=\"height:30px\" aria-hidden=\"true\" class=\"wp-block-spacer\"><\/div>\n\n\n\n<p style=\"font-size:15px\"><strong>Musique et danse transcendent un destin tragique. <\/strong><br><strong>Drame mythique ici r\u00e9duit \u00e0 six personnages, ce fougueux <em>Rom\u00e9o et Juliette<\/em> accueille compositions originales et chor\u00e9graphies qui le magnifient.<\/strong><\/p>\n\n\n\n<figure class=\"wp-block-image alignleft size-medium is-resized is-style-default\"><img loading=\"lazy\" decoding=\"async\" src=\"https:\/\/theatre-petit-louvre.fr\/avignon\/wp-content\/uploads\/2022\/05\/1-Romeo-212x300.jpeg\" alt=\"affiche Rom\u00e9o et Juliette\" class=\"wp-image-2985\" width=\"184\" height=\"260\" srcset=\"https:\/\/theatre-petit-louvre.fr\/avignon\/wp-content\/uploads\/2022\/05\/1-Romeo-212x300.jpeg 212w, https:\/\/theatre-petit-louvre.fr\/avignon\/wp-content\/uploads\/2022\/05\/1-Romeo-361x510.jpeg 361w, https:\/\/theatre-petit-louvre.fr\/avignon\/wp-content\/uploads\/2022\/05\/1-Romeo-106x150.jpeg 106w, https:\/\/theatre-petit-louvre.fr\/avignon\/wp-content\/uploads\/2022\/05\/1-Romeo.jpeg 425w\" sizes=\"auto, (max-width: 184px) 100vw, 184px\" \/><\/figure>\n\n\n\n<p class=\"has-small-font-size\">La Compagnie Chouchenko revient au Petit Louvre avec la trag\u00e9die la plus c\u00e9l\u00e8bre de Shakespeare qui a d\u00e9j\u00e0 charm\u00e9 le public l\u2019ann\u00e9e derni\u00e8re. Pour ceux qui n\u2019y \u00e9taient pas, revoici l\u2019occasion d\u2019\u00eatre s\u00e9duit. L\u2019histoire, nous la connaissons tous&nbsp;: Malgr\u00e9 la haine qui d\u00e9vore leurs deux familles, Rom\u00e9o Montaigu et Juliette Capulet succombent au coup de foudre lors d\u2019un bal. Bravant la volont\u00e9 familiale, ils d\u00e9cident de s\u2019unir dans le plus grand secret. <\/p>\n\n\n\n<p class=\"has-small-font-size\">Manon Montel, dans son adaptation, a choisi de privil\u00e9gier la lutte de l&rsquo;Homme face au Destin, s&rsquo;axant sur la probl\u00e9matique de la fatalit\u00e9 : sommes-nous les jouets de la Fortune ou pouvons-nous avoir une emprise sur notre Destin ? Les six artistes au plateau s\u2019emparent du mythe pour emporter le public au c\u0153ur d\u2019un foisonnement de passions o\u00f9 se c\u00f4toient grivoiserie et po\u00e9sie, com\u00e9die et trag\u00e9die, r\u00e9alisme et fantastique, dans une mise en sc\u00e8ne qui m\u00eale la musique, la danse et les combats. <br><\/p>\n\n\n\n<p class=\"has-text-align-left has-ast-global-color-0-color has-ast-global-color-4-background-color has-text-color has-background\" style=\"font-size:14px\"><strong>Avec<\/strong> <strong>Xavier Berlioz, Jean-Baptiste des Boscs, Claire Faurot, Manon Montel, L\u00e9o Paget, Thomas Willaime<\/strong><\/p>\n\n\n\n<figure class=\"wp-block-embed is-type-video is-provider-youtube wp-block-embed-youtube wp-embed-aspect-16-9 wp-has-aspect-ratio\"><div class=\"wp-block-embed__wrapper\">\n<iframe loading=\"lazy\" title=\"Rom\u00e9o &amp; Juliette \/ Avignon 2023 \/ Le Petit Louvre, 10h\" width=\"500\" height=\"281\" src=\"https:\/\/www.youtube.com\/embed\/VM5yGGs3I-Y?feature=oembed\" frameborder=\"0\" allow=\"accelerometer; autoplay; clipboard-write; encrypted-media; gyroscope; picture-in-picture; web-share\" referrerpolicy=\"strict-origin-when-cross-origin\" allowfullscreen><\/iframe>\n<\/div><\/figure>\n\n\n\n<div style=\"height:21px\" aria-hidden=\"true\" class=\"wp-block-spacer\"><\/div>\n\n\n\n<p class=\"has-ast-global-color-0-color has-text-color has-small-font-size\"><em>Musiques originales<\/em>\u00a0: Samuel Sen\u00e9 et Jean-Baptiste des Boscs &#8211; <em>Chor\u00e9graphie\u00a0<\/em>: Claire Faurot &#8211; <em>Combat\u00a0<\/em>: L\u00e9o Paget <em>Costumes\u00a0<\/em>: Madeleine Lhopitallier &#8211; <em>Lumi\u00e8res\u00a0<\/em>: Manon Montel, Guillaume Janon &#8211; <em>D\u00e9cors\u00a0<\/em>: HLH &amp; PDG<\/p>\n\n\n\n<p class=\"has-small-font-size\"> \u00ab Avec sensibilit\u00e9 et d\u00e9licatesse, Manon Montel nous fait saisir la trame subtile du texte shakespearien dans un ensemble harmonieux, po\u00e9tique et charg\u00e9 d&rsquo;\u00e9motion. \u00bb <strong>Fran\u00e7ois Laroque<\/strong>, conseiller litt\u00e9raire et professeur \u00e9m\u00e9rite, sp\u00e9cialiste de Shakespeare<\/p>\n\n\n\n<p class=\"has-small-font-size\">\u00ab&nbsp;Un vrai bonheur que ce <em>Rom\u00e9o et Juliette<\/em>. En forme d\u2019\u00e9pure de l\u2019intrigue, visant la clart\u00e9, la mise en sc\u00e8ne laisse paradoxalement \u00e9clater le foisonnement des passions et des d\u00e9r\u00e9lictions, le c\u00f4toiement incessant de la trag\u00e9die et de la com\u00e9die.&nbsp;\u00bb <strong>La Terrasse<\/strong><\/p>\n\n\n\n<p class=\"has-small-font-size\">\u00ab&nbsp;Adaptation bouleversante, toute de fougue et de passion. De magnifiques lumi\u00e8res et la musique, omnipr\u00e9sente doublure du texte, participent du charme puissant du spectacle. Le violoncelle de Jean-Baptiste Des Boscs est un atout ma\u00eetre, notamment dans un ultime tableau, d\u00e9chirant et magnifique.&nbsp;\u00bb<strong>L\u2019Express<\/strong><\/p>\n\n\n\n<p class=\"has-small-font-size\">\u00ab La passion et le naufrage des amoureux emportent le tout, par l\u2019\u00e9l\u00e9gance et la sobri\u00e9t\u00e9 de la mise en sc\u00e8ne. Manon Montel tire du classique de Shakespeare une morale quasi-bovaryste : un v\u00e9ritable moment de gr\u00e2ce. \u00bb <strong>Le Figaro<\/strong><\/p>\n\n\n\n<p class=\"has-small-font-size\">\u00ab&nbsp;Moment de gr\u00e2ce lorsque le beau Rom\u00e9o et la fragile Juliette dansent leur amour.&nbsp;\u00bb<strong>Le Parisien<\/strong><\/p>\n\n\n\n<p><\/p>\n\n\n\n<p><\/p>\n\n\n\n<p><\/p>\n\n\n\n<p><\/p>\n\n\n\n<p><\/p>\n\n\n\n<p><\/p>\n\n\n\n<p><\/p>\n\n\n\n<p><\/p>\n\n\n\n<p><\/p>\n\n\n\n<p><\/p>\n\n\n\n<p><\/p>\n\n\n\n<div style=\"height:100px\" aria-hidden=\"true\" class=\"wp-block-spacer\"><\/div>\n","protected":false},"excerpt":{"rendered":"<p>De Shakespeare, adaptation et mise en sc\u00e8ne : Manon MontelCompagnie Chouchenko CHAPELLE DES TEMPLIERS du 7 au 29 juillet 2023 \u00e0 10h00. Dur\u00e9e 1h30Tarifs 23\/16\/10 euros. Rel\u00e2che le mercredi (12, 19 et 26 juillet) Musique et danse transcendent un destin tragique. Drame mythique ici r\u00e9duit \u00e0 six personnages, ce fougueux Rom\u00e9o et Juliette accueille compositions [&hellip;]<\/p>\n","protected":false},"author":3,"featured_media":0,"parent":0,"menu_order":1,"comment_status":"closed","ping_status":"closed","template":"","meta":{"_uag_custom_page_level_css":"","site-sidebar-layout":"default","site-content-layout":"","ast-site-content-layout":"default","site-content-style":"default","site-sidebar-style":"default","ast-global-header-display":"","ast-banner-title-visibility":"","ast-main-header-display":"","ast-hfb-above-header-display":"","ast-hfb-below-header-display":"","ast-hfb-mobile-header-display":"","site-post-title":"","ast-breadcrumbs-content":"","ast-featured-img":"","footer-sml-layout":"","ast-disable-related-posts":"","theme-transparent-header-meta":"","adv-header-id-meta":"","stick-header-meta":"","header-above-stick-meta":"","header-main-stick-meta":"","header-below-stick-meta":"","astra-migrate-meta-layouts":"default","ast-page-background-enabled":"default","ast-page-background-meta":{"desktop":{"background-color":"var(--ast-global-color-4)","background-image":"","background-repeat":"repeat","background-position":"center center","background-size":"auto","background-attachment":"scroll","background-type":"","background-media":"","overlay-type":"","overlay-color":"","overlay-opacity":"","overlay-gradient":""},"tablet":{"background-color":"","background-image":"","background-repeat":"repeat","background-position":"center center","background-size":"auto","background-attachment":"scroll","background-type":"","background-media":"","overlay-type":"","overlay-color":"","overlay-opacity":"","overlay-gradient":""},"mobile":{"background-color":"","background-image":"","background-repeat":"repeat","background-position":"center center","background-size":"auto","background-attachment":"scroll","background-type":"","background-media":"","overlay-type":"","overlay-color":"","overlay-opacity":"","overlay-gradient":""}},"ast-content-background-meta":{"desktop":{"background-color":"var(--ast-global-color-5)","background-image":"","background-repeat":"repeat","background-position":"center center","background-size":"auto","background-attachment":"scroll","background-type":"","background-media":"","overlay-type":"","overlay-color":"","overlay-opacity":"","overlay-gradient":""},"tablet":{"background-color":"var(--ast-global-color-5)","background-image":"","background-repeat":"repeat","background-position":"center center","background-size":"auto","background-attachment":"scroll","background-type":"","background-media":"","overlay-type":"","overlay-color":"","overlay-opacity":"","overlay-gradient":""},"mobile":{"background-color":"var(--ast-global-color-5)","background-image":"","background-repeat":"repeat","background-position":"center center","background-size":"auto","background-attachment":"scroll","background-type":"","background-media":"","overlay-type":"","overlay-color":"","overlay-opacity":"","overlay-gradient":""}},"footnotes":"","_links_to":"","_links_to_target":""},"categories":[20,9],"tags":[],"class_list":["post-2798","page","type-page","status-publish","hentry","category-20","category-chapelle-des-templiers"],"yoast_head":"<!-- This site is optimized with the Yoast SEO plugin v27.3 - https:\/\/yoast.com\/product\/yoast-seo-wordpress\/ -->\n<title>ROMEO &amp; JULIETTE - Le Petit Louvre<\/title>\n<meta name=\"description\" content=\"Chaque \u00e9t\u00e9, un th\u00e9\u00e2tre au c\u0153ur d&#039;Avignon, Festival off : des textes, des auteurs, des autrices, des acteurs, des actrices. Deux salles climatis\u00e9es, 15 spectacles, un bar-restaurant.\" \/>\n<meta name=\"robots\" content=\"index, follow, max-snippet:-1, max-image-preview:large, max-video-preview:-1\" \/>\n<link rel=\"canonical\" href=\"https:\/\/theatre-petit-louvre.fr\/avignon\/romeo-et-juliette\/\" \/>\n<meta property=\"og:locale\" content=\"fr_FR\" \/>\n<meta property=\"og:type\" content=\"article\" \/>\n<meta property=\"og:title\" content=\"ROMEO &amp; JULIETTE - Le Petit Louvre\" \/>\n<meta property=\"og:description\" content=\"Chaque \u00e9t\u00e9, un th\u00e9\u00e2tre au c\u0153ur d&#039;Avignon, Festival off : des textes, des auteurs, des autrices, des acteurs, des actrices. Deux salles climatis\u00e9es, 15 spectacles, un bar-restaurant.\" \/>\n<meta property=\"og:url\" content=\"https:\/\/theatre-petit-louvre.fr\/avignon\/romeo-et-juliette\/\" \/>\n<meta property=\"og:site_name\" content=\"Le Petit Louvre\" \/>\n<meta property=\"article:modified_time\" content=\"2023-06-30T17:06:38+00:00\" \/>\n<meta property=\"og:image\" content=\"https:\/\/theatre-petit-louvre.fr\/avignon\/wp-content\/uploads\/2022\/05\/IMG_0216-@philippe-hanula-765x510.jpg\" \/>\n<meta name=\"twitter:label1\" content=\"Dur\u00e9e de lecture estim\u00e9e\" \/>\n\t<meta name=\"twitter:data1\" content=\"1 minute\" \/>\n<script type=\"application\/ld+json\" class=\"yoast-schema-graph\">{\"@context\":\"https:\\\/\\\/schema.org\",\"@graph\":[{\"@type\":\"WebPage\",\"@id\":\"https:\\\/\\\/theatre-petit-louvre.fr\\\/avignon\\\/romeo-et-juliette\\\/\",\"url\":\"https:\\\/\\\/theatre-petit-louvre.fr\\\/avignon\\\/romeo-et-juliette\\\/\",\"name\":\"ROMEO & JULIETTE - Le Petit Louvre\",\"isPartOf\":{\"@id\":\"https:\\\/\\\/theatre-petit-louvre.fr\\\/avignon\\\/#website\"},\"primaryImageOfPage\":{\"@id\":\"https:\\\/\\\/theatre-petit-louvre.fr\\\/avignon\\\/romeo-et-juliette\\\/#primaryimage\"},\"image\":{\"@id\":\"https:\\\/\\\/theatre-petit-louvre.fr\\\/avignon\\\/romeo-et-juliette\\\/#primaryimage\"},\"thumbnailUrl\":\"https:\\\/\\\/theatre-petit-louvre.fr\\\/avignon\\\/wp-content\\\/uploads\\\/2022\\\/05\\\/IMG_0216-@philippe-hanula-765x510.jpg\",\"datePublished\":\"2022-04-12T18:20:14+00:00\",\"dateModified\":\"2023-06-30T17:06:38+00:00\",\"description\":\"Chaque \u00e9t\u00e9, un th\u00e9\u00e2tre au c\u0153ur d'Avignon, Festival off : des textes, des auteurs, des autrices, des acteurs, des actrices. Deux salles climatis\u00e9es, 15 spectacles, un bar-restaurant.\",\"breadcrumb\":{\"@id\":\"https:\\\/\\\/theatre-petit-louvre.fr\\\/avignon\\\/romeo-et-juliette\\\/#breadcrumb\"},\"inLanguage\":\"fr-FR\",\"potentialAction\":[{\"@type\":\"ReadAction\",\"target\":[\"https:\\\/\\\/theatre-petit-louvre.fr\\\/avignon\\\/romeo-et-juliette\\\/\"]}]},{\"@type\":\"ImageObject\",\"inLanguage\":\"fr-FR\",\"@id\":\"https:\\\/\\\/theatre-petit-louvre.fr\\\/avignon\\\/romeo-et-juliette\\\/#primaryimage\",\"url\":\"https:\\\/\\\/theatre-petit-louvre.fr\\\/avignon\\\/wp-content\\\/uploads\\\/2022\\\/05\\\/IMG_0216-@philippe-hanula.jpg\",\"contentUrl\":\"https:\\\/\\\/theatre-petit-louvre.fr\\\/avignon\\\/wp-content\\\/uploads\\\/2022\\\/05\\\/IMG_0216-@philippe-hanula.jpg\",\"width\":900,\"height\":600},{\"@type\":\"BreadcrumbList\",\"@id\":\"https:\\\/\\\/theatre-petit-louvre.fr\\\/avignon\\\/romeo-et-juliette\\\/#breadcrumb\",\"itemListElement\":[{\"@type\":\"ListItem\",\"position\":1,\"name\":\"Home\",\"item\":\"https:\\\/\\\/theatre-petit-louvre.fr\\\/avignon\\\/\"},{\"@type\":\"ListItem\",\"position\":2,\"name\":\"ROMEO &#038; JULIETTE\"}]},{\"@type\":\"WebSite\",\"@id\":\"https:\\\/\\\/theatre-petit-louvre.fr\\\/avignon\\\/#website\",\"url\":\"https:\\\/\\\/theatre-petit-louvre.fr\\\/avignon\\\/\",\"name\":\"Le Petit Louvre\",\"description\":\"un th\u00e9\u00e2tre au c\u0153ur d&#039;Avignon | Festival off\",\"publisher\":{\"@id\":\"https:\\\/\\\/theatre-petit-louvre.fr\\\/avignon\\\/#organization\"},\"potentialAction\":[{\"@type\":\"SearchAction\",\"target\":{\"@type\":\"EntryPoint\",\"urlTemplate\":\"https:\\\/\\\/theatre-petit-louvre.fr\\\/avignon\\\/?s={search_term_string}\"},\"query-input\":{\"@type\":\"PropertyValueSpecification\",\"valueRequired\":true,\"valueName\":\"search_term_string\"}}],\"inLanguage\":\"fr-FR\"},{\"@type\":\"Organization\",\"@id\":\"https:\\\/\\\/theatre-petit-louvre.fr\\\/avignon\\\/#organization\",\"name\":\"Th\u00e9\u00e2tre Le Petit Louvre\",\"url\":\"https:\\\/\\\/theatre-petit-louvre.fr\\\/avignon\\\/\",\"logo\":{\"@type\":\"ImageObject\",\"inLanguage\":\"fr-FR\",\"@id\":\"https:\\\/\\\/theatre-petit-louvre.fr\\\/avignon\\\/#\\\/schema\\\/logo\\\/image\\\/\",\"url\":\"https:\\\/\\\/theatre-petit-louvre.fr\\\/avignon\\\/wp-content\\\/uploads\\\/2022\\\/05\\\/logo_petit-louvre_2008_RVB.png\",\"contentUrl\":\"https:\\\/\\\/theatre-petit-louvre.fr\\\/avignon\\\/wp-content\\\/uploads\\\/2022\\\/05\\\/logo_petit-louvre_2008_RVB.png\",\"width\":374,\"height\":800,\"caption\":\"Th\u00e9\u00e2tre Le Petit Louvre\"},\"image\":{\"@id\":\"https:\\\/\\\/theatre-petit-louvre.fr\\\/avignon\\\/#\\\/schema\\\/logo\\\/image\\\/\"}}]}<\/script>\n<!-- \/ Yoast SEO plugin. -->","yoast_head_json":{"title":"ROMEO & JULIETTE - Le Petit Louvre","description":"Chaque \u00e9t\u00e9, un th\u00e9\u00e2tre au c\u0153ur d'Avignon, Festival off : des textes, des auteurs, des autrices, des acteurs, des actrices. Deux salles climatis\u00e9es, 15 spectacles, un bar-restaurant.","robots":{"index":"index","follow":"follow","max-snippet":"max-snippet:-1","max-image-preview":"max-image-preview:large","max-video-preview":"max-video-preview:-1"},"canonical":"https:\/\/theatre-petit-louvre.fr\/avignon\/romeo-et-juliette\/","og_locale":"fr_FR","og_type":"article","og_title":"ROMEO & JULIETTE - Le Petit Louvre","og_description":"Chaque \u00e9t\u00e9, un th\u00e9\u00e2tre au c\u0153ur d'Avignon, Festival off : des textes, des auteurs, des autrices, des acteurs, des actrices. Deux salles climatis\u00e9es, 15 spectacles, un bar-restaurant.","og_url":"https:\/\/theatre-petit-louvre.fr\/avignon\/romeo-et-juliette\/","og_site_name":"Le Petit Louvre","article_modified_time":"2023-06-30T17:06:38+00:00","og_image":[{"url":"https:\/\/theatre-petit-louvre.fr\/avignon\/wp-content\/uploads\/2022\/05\/IMG_0216-@philippe-hanula-765x510.jpg","type":"","width":"","height":""}],"twitter_misc":{"Dur\u00e9e de lecture estim\u00e9e":"1 minute"},"schema":{"@context":"https:\/\/schema.org","@graph":[{"@type":"WebPage","@id":"https:\/\/theatre-petit-louvre.fr\/avignon\/romeo-et-juliette\/","url":"https:\/\/theatre-petit-louvre.fr\/avignon\/romeo-et-juliette\/","name":"ROMEO & JULIETTE - Le Petit Louvre","isPartOf":{"@id":"https:\/\/theatre-petit-louvre.fr\/avignon\/#website"},"primaryImageOfPage":{"@id":"https:\/\/theatre-petit-louvre.fr\/avignon\/romeo-et-juliette\/#primaryimage"},"image":{"@id":"https:\/\/theatre-petit-louvre.fr\/avignon\/romeo-et-juliette\/#primaryimage"},"thumbnailUrl":"https:\/\/theatre-petit-louvre.fr\/avignon\/wp-content\/uploads\/2022\/05\/IMG_0216-@philippe-hanula-765x510.jpg","datePublished":"2022-04-12T18:20:14+00:00","dateModified":"2023-06-30T17:06:38+00:00","description":"Chaque \u00e9t\u00e9, un th\u00e9\u00e2tre au c\u0153ur d'Avignon, Festival off : des textes, des auteurs, des autrices, des acteurs, des actrices. Deux salles climatis\u00e9es, 15 spectacles, un bar-restaurant.","breadcrumb":{"@id":"https:\/\/theatre-petit-louvre.fr\/avignon\/romeo-et-juliette\/#breadcrumb"},"inLanguage":"fr-FR","potentialAction":[{"@type":"ReadAction","target":["https:\/\/theatre-petit-louvre.fr\/avignon\/romeo-et-juliette\/"]}]},{"@type":"ImageObject","inLanguage":"fr-FR","@id":"https:\/\/theatre-petit-louvre.fr\/avignon\/romeo-et-juliette\/#primaryimage","url":"https:\/\/theatre-petit-louvre.fr\/avignon\/wp-content\/uploads\/2022\/05\/IMG_0216-@philippe-hanula.jpg","contentUrl":"https:\/\/theatre-petit-louvre.fr\/avignon\/wp-content\/uploads\/2022\/05\/IMG_0216-@philippe-hanula.jpg","width":900,"height":600},{"@type":"BreadcrumbList","@id":"https:\/\/theatre-petit-louvre.fr\/avignon\/romeo-et-juliette\/#breadcrumb","itemListElement":[{"@type":"ListItem","position":1,"name":"Home","item":"https:\/\/theatre-petit-louvre.fr\/avignon\/"},{"@type":"ListItem","position":2,"name":"ROMEO &#038; JULIETTE"}]},{"@type":"WebSite","@id":"https:\/\/theatre-petit-louvre.fr\/avignon\/#website","url":"https:\/\/theatre-petit-louvre.fr\/avignon\/","name":"Le Petit Louvre","description":"un th\u00e9\u00e2tre au c\u0153ur d&#039;Avignon | Festival off","publisher":{"@id":"https:\/\/theatre-petit-louvre.fr\/avignon\/#organization"},"potentialAction":[{"@type":"SearchAction","target":{"@type":"EntryPoint","urlTemplate":"https:\/\/theatre-petit-louvre.fr\/avignon\/?s={search_term_string}"},"query-input":{"@type":"PropertyValueSpecification","valueRequired":true,"valueName":"search_term_string"}}],"inLanguage":"fr-FR"},{"@type":"Organization","@id":"https:\/\/theatre-petit-louvre.fr\/avignon\/#organization","name":"Th\u00e9\u00e2tre Le Petit Louvre","url":"https:\/\/theatre-petit-louvre.fr\/avignon\/","logo":{"@type":"ImageObject","inLanguage":"fr-FR","@id":"https:\/\/theatre-petit-louvre.fr\/avignon\/#\/schema\/logo\/image\/","url":"https:\/\/theatre-petit-louvre.fr\/avignon\/wp-content\/uploads\/2022\/05\/logo_petit-louvre_2008_RVB.png","contentUrl":"https:\/\/theatre-petit-louvre.fr\/avignon\/wp-content\/uploads\/2022\/05\/logo_petit-louvre_2008_RVB.png","width":374,"height":800,"caption":"Th\u00e9\u00e2tre Le Petit Louvre"},"image":{"@id":"https:\/\/theatre-petit-louvre.fr\/avignon\/#\/schema\/logo\/image\/"}}]}},"uagb_featured_image_src":{"full":false,"thumbnail":false,"medium":false,"medium_large":false,"large":false,"1536x1536":false,"2048x2048":false},"uagb_author_info":{"display_name":"Jocelyne","author_link":"https:\/\/theatre-petit-louvre.fr\/avignon\/author\/jocelyne\/"},"uagb_comment_info":0,"uagb_excerpt":"De Shakespeare, adaptation et mise en sc\u00e8ne : Manon MontelCompagnie Chouchenko CHAPELLE DES TEMPLIERS du 7 au 29 juillet 2023 \u00e0 10h00. Dur\u00e9e 1h30Tarifs 23\/16\/10 euros. Rel\u00e2che le mercredi (12, 19 et 26 juillet) Musique et danse transcendent un destin tragique. Drame mythique ici r\u00e9duit \u00e0 six personnages, ce fougueux Rom\u00e9o et Juliette accueille compositions\u2026","_links":{"self":[{"href":"https:\/\/theatre-petit-louvre.fr\/avignon\/wp-json\/wp\/v2\/pages\/2798","targetHints":{"allow":["GET"]}}],"collection":[{"href":"https:\/\/theatre-petit-louvre.fr\/avignon\/wp-json\/wp\/v2\/pages"}],"about":[{"href":"https:\/\/theatre-petit-louvre.fr\/avignon\/wp-json\/wp\/v2\/types\/page"}],"author":[{"embeddable":true,"href":"https:\/\/theatre-petit-louvre.fr\/avignon\/wp-json\/wp\/v2\/users\/3"}],"replies":[{"embeddable":true,"href":"https:\/\/theatre-petit-louvre.fr\/avignon\/wp-json\/wp\/v2\/comments?post=2798"}],"version-history":[{"count":78,"href":"https:\/\/theatre-petit-louvre.fr\/avignon\/wp-json\/wp\/v2\/pages\/2798\/revisions"}],"predecessor-version":[{"id":3786,"href":"https:\/\/theatre-petit-louvre.fr\/avignon\/wp-json\/wp\/v2\/pages\/2798\/revisions\/3786"}],"wp:attachment":[{"href":"https:\/\/theatre-petit-louvre.fr\/avignon\/wp-json\/wp\/v2\/media?parent=2798"}],"wp:term":[{"taxonomy":"category","embeddable":true,"href":"https:\/\/theatre-petit-louvre.fr\/avignon\/wp-json\/wp\/v2\/categories?post=2798"},{"taxonomy":"post_tag","embeddable":true,"href":"https:\/\/theatre-petit-louvre.fr\/avignon\/wp-json\/wp\/v2\/tags?post=2798"}],"curies":[{"name":"wp","href":"https:\/\/api.w.org\/{rel}","templated":true}]}}