{"id":2803,"date":"2022-04-12T19:37:07","date_gmt":"2022-04-12T18:37:07","guid":{"rendered":"https:\/\/theatre-petit-louvre.fr\/avignon\/?page_id=2803"},"modified":"2023-07-01T19:03:58","modified_gmt":"2023-07-01T18:03:58","slug":"la-promesse-de-laube","status":"publish","type":"page","link":"https:\/\/theatre-petit-louvre.fr\/avignon\/la-promesse-de-laube\/","title":{"rendered":"LA PROMESSE DE L&rsquo;AUBE"},"content":{"rendered":"\n<div style=\"height:29px\" aria-hidden=\"true\" class=\"wp-block-spacer\"><\/div>\n\n\n\n<p><strong>De Romain Gary.&nbsp;Adaptation et jeu&nbsp;: Franck Desmedt. Mise en sc\u00e8ne&nbsp;: St\u00e9phane Laporte<\/strong><br>Production SeaArt<\/p>\n\n\n\n<p class=\"has-ast-global-color-4-background-color has-background\"><strong>CHAPELLE DES TEMPLIERS<\/strong> du 7 au 30 juillet \u00e0 <strong>12h00<\/strong>. Dur\u00e9e <strong>1h05<\/strong><br>Tarifs <strong>22\/15 euros<\/strong>. Rel\u00e2che le mardi <strong>(12, 19 et 26 juillet)<\/strong><\/p>\n\n\n\n<figure class=\"wp-block-gallery has-nested-images columns-default is-cropped wp-block-gallery-1 is-layout-flex wp-block-gallery-is-layout-flex\">\n<figure class=\"wp-block-image size-large\"><img loading=\"lazy\" decoding=\"async\" width=\"765\" height=\"510\" data-id=\"3030\" src=\"https:\/\/theatre-petit-louvre.fr\/avignon\/wp-content\/uploads\/2022\/05\/Promesse10-credit-Laurence-Lot-765x510.jpg\" alt=\"\" class=\"wp-image-3030\" srcset=\"https:\/\/theatre-petit-louvre.fr\/avignon\/wp-content\/uploads\/2022\/05\/Promesse10-credit-Laurence-Lot-765x510.jpg 765w, https:\/\/theatre-petit-louvre.fr\/avignon\/wp-content\/uploads\/2022\/05\/Promesse10-credit-Laurence-Lot-300x200.jpg 300w, https:\/\/theatre-petit-louvre.fr\/avignon\/wp-content\/uploads\/2022\/05\/Promesse10-credit-Laurence-Lot-150x100.jpg 150w, https:\/\/theatre-petit-louvre.fr\/avignon\/wp-content\/uploads\/2022\/05\/Promesse10-credit-Laurence-Lot-768x512.jpg 768w, https:\/\/theatre-petit-louvre.fr\/avignon\/wp-content\/uploads\/2022\/05\/Promesse10-credit-Laurence-Lot.jpg 900w\" sizes=\"auto, (max-width: 765px) 100vw, 765px\" \/><\/figure>\n\n\n\n<figure class=\"wp-block-image size-large\"><img loading=\"lazy\" decoding=\"async\" width=\"765\" height=\"510\" data-id=\"3032\" src=\"https:\/\/theatre-petit-louvre.fr\/avignon\/wp-content\/uploads\/2022\/05\/Promesse14-credit-Laurence-Lot-765x510.jpg\" alt=\"\" class=\"wp-image-3032\" srcset=\"https:\/\/theatre-petit-louvre.fr\/avignon\/wp-content\/uploads\/2022\/05\/Promesse14-credit-Laurence-Lot-765x510.jpg 765w, https:\/\/theatre-petit-louvre.fr\/avignon\/wp-content\/uploads\/2022\/05\/Promesse14-credit-Laurence-Lot-300x200.jpg 300w, https:\/\/theatre-petit-louvre.fr\/avignon\/wp-content\/uploads\/2022\/05\/Promesse14-credit-Laurence-Lot-150x100.jpg 150w, https:\/\/theatre-petit-louvre.fr\/avignon\/wp-content\/uploads\/2022\/05\/Promesse14-credit-Laurence-Lot-768x512.jpg 768w, https:\/\/theatre-petit-louvre.fr\/avignon\/wp-content\/uploads\/2022\/05\/Promesse14-credit-Laurence-Lot.jpg 900w\" sizes=\"auto, (max-width: 765px) 100vw, 765px\" \/><\/figure>\n\n\n\n<figure class=\"wp-block-image size-large\"><img loading=\"lazy\" decoding=\"async\" width=\"765\" height=\"510\" data-id=\"3031\" src=\"https:\/\/theatre-petit-louvre.fr\/avignon\/wp-content\/uploads\/2022\/05\/Promesse15-credit-Laurence-Lot-765x510.jpg\" alt=\"\" class=\"wp-image-3031\" srcset=\"https:\/\/theatre-petit-louvre.fr\/avignon\/wp-content\/uploads\/2022\/05\/Promesse15-credit-Laurence-Lot-765x510.jpg 765w, https:\/\/theatre-petit-louvre.fr\/avignon\/wp-content\/uploads\/2022\/05\/Promesse15-credit-Laurence-Lot-300x200.jpg 300w, https:\/\/theatre-petit-louvre.fr\/avignon\/wp-content\/uploads\/2022\/05\/Promesse15-credit-Laurence-Lot-150x100.jpg 150w, https:\/\/theatre-petit-louvre.fr\/avignon\/wp-content\/uploads\/2022\/05\/Promesse15-credit-Laurence-Lot-768x512.jpg 768w, https:\/\/theatre-petit-louvre.fr\/avignon\/wp-content\/uploads\/2022\/05\/Promesse15-credit-Laurence-Lot.jpg 900w\" sizes=\"auto, (max-width: 765px) 100vw, 765px\" \/><\/figure>\n<\/figure>\n\n\n\n<p class=\"has-small-font-size\"><strong>Un amour maternel inconditionnel et fondateur. Ou comment l\u2019amour fou qu\u2019une m\u00e8re porte \u00e0 son fils donne naissance \u00e0 sa force cr\u00e9atrice. Franck Desmedt, qui les incarne tous les deux, fait aussi d\u00e9filer sous nos yeux une foule de personnages et retrace avec virtuosit\u00e9 l\u2019itin\u00e9raire de l\u2019un de nos auteurs les plus myst\u00e9rieux.<\/strong><\/p>\n\n\n\n<figure class=\"wp-block-image alignleft size-medium is-resized\"><img loading=\"lazy\" decoding=\"async\" src=\"https:\/\/theatre-petit-louvre.fr\/avignon\/wp-content\/uploads\/2022\/05\/La-promesse-de-laube-avignon-2022-446x531-1-252x300.jpg\" alt=\"\" class=\"wp-image-3035\" width=\"210\" height=\"250\" srcset=\"https:\/\/theatre-petit-louvre.fr\/avignon\/wp-content\/uploads\/2022\/05\/La-promesse-de-laube-avignon-2022-446x531-1-252x300.jpg 252w, https:\/\/theatre-petit-louvre.fr\/avignon\/wp-content\/uploads\/2022\/05\/La-promesse-de-laube-avignon-2022-446x531-1-428x510.jpg 428w, https:\/\/theatre-petit-louvre.fr\/avignon\/wp-content\/uploads\/2022\/05\/La-promesse-de-laube-avignon-2022-446x531-1-126x150.jpg 126w, https:\/\/theatre-petit-louvre.fr\/avignon\/wp-content\/uploads\/2022\/05\/La-promesse-de-laube-avignon-2022-446x531-1.jpg 446w\" sizes=\"auto, (max-width: 210px) 100vw, 210px\" \/><\/figure>\n\n\n\n<p class=\"has-small-font-size\"><em>La Promesse de l\u2019aube<\/em> est un roman autobiographique \u00e9crit par Romain Gary en 1960. Il a perdu sa m\u00e8re vingt auparavant et s\u2019attache avec ce texte \u00e0 lui rendre hommage. <em>La Promesse<\/em>, c\u2019est celle que nous fait la vie lorsqu\u2019elle nous donne une m\u00e8re aussi aimante, une m\u00e8re qui croit de mani\u00e8re absolue dans le talent de son fils et lui promet ainsi une carri\u00e8re des plus brillantes. <em>La Promesse<\/em> sera tenue puisque l\u2019auteur a eu le succ\u00e8s que l\u2019on sait et qui l\u2019a conduit \u00e0 recevoir deux fois le prix Goncourt&nbsp;! Mais <em>La Promesse<\/em> aura aussi un go\u00fbt l\u00e9g\u00e8rement amer puisqu\u2019il ne retrouvera pas dans ses relations amoureuses un amour aussi absolu. \u00ab Avec l\u2019amour maternel, la vie vous fait \u00e0 l\u2019aube une promesse qu\u2019elle ne tient jamais. \u00bb<br>Le travail d\u2019adaptation et de mise en sc\u00e8ne s\u2019articule sur deux grandes parties&nbsp;: Dans la premi\u00e8re, celle des ann\u00e9es d\u2019enfance et d\u2019adolescence, s\u2019incarne le personnage de la m\u00e8re, ancienne actrice russe, juive et pauvre, qui a incontestablement une revanche \u00e0 prendre sur la vie et qui entoure son fils d\u2019un amour fou, \u00e9touffant. Son omnipr\u00e9sence est sugg\u00e9r\u00e9e sur sc\u00e8ne par une ombre qui la repr\u00e9sente m\u00eame lorsque l\u2019acteur ne l\u2019incarne pas et ainsi diffuse une ambiance anxiog\u00e8ne et traduit l\u2019ambivalence de cet amour fait d\u2019ombre et de lumi\u00e8re. Dans la seconde partie, l\u2019ombre a disparu et la guerre est l\u00e0. La m\u00e8re n\u2019appara\u00eet plus qu\u2019\u00e0 travers les nombreuses lettres c\u00e9l\u00e9brant la gloire de son fils, qu\u2019elle lui envoie.<br>Comme le souligne Franck Desmedt \u00ab&nbsp;La premi\u00e8re partie est un va-et-vient douloureux entre Gary et sa m\u00e8re, la deuxi\u00e8me un impossible va-et-vient entre Gary et l\u2019id\u00e9al qu\u2019elle avait pour lui.&nbsp;\u00bb<\/p>\n\n\n\n<p class=\"has-ast-global-color-0-color has-ast-global-color-4-background-color has-text-color has-background has-small-font-size\"><strong>Avec Franck Desmedt<\/strong>, nomin\u00e9 aux Moli\u00e8res 2022 dans la cat\u00e9gorie Seul en sc\u00e8ne<\/p>\n\n\n\n<p class=\"has-ast-global-color-0-color has-text-color has-small-font-size\"><em>Lumi\u00e8res <\/em>: Laurent B\u00e9al<\/p>\n\n\n\n<p class=\"has-small-font-size\">\u00ab Quel acteur que Franck Desmedt ! En virtuose il incarne \u00e0 la fois Romain Gary et sa m\u00e8re. Fascinant et trouble voyage qui ne peut que bouleverser.\u00bb <strong>T\u00e9l\u00e9rama<\/strong> <strong>TT<\/strong><\/p>\n\n\n\n<p class=\"has-small-font-size\">\u00ab Une performance de haute vol\u00e9e.\u00bb <strong>Le Parisien<\/strong><\/p>\n\n\n\n<p class=\"has-small-font-size\">\u00abOn red\u00e9couvre le livre.\u00bb <strong>L\u2019Obs***<\/strong><\/p>\n\n\n\n<p class=\"has-small-font-size\">\u00abUn spectacle neuf, id\u00e9al. Un immense interpr\u00e8te. \u00c0 voir absolument.\u00bb <strong>Le Journal d\u2019Armelle H\u00e9liot<\/strong><\/p>\n\n\n\n<p class=\"has-ast-global-color-3-color has-text-color has-small-font-size\"><br><\/p>\n","protected":false},"excerpt":{"rendered":"<p>De Romain Gary.&nbsp;Adaptation et jeu&nbsp;: Franck Desmedt. Mise en sc\u00e8ne&nbsp;: St\u00e9phane LaporteProduction SeaArt CHAPELLE DES TEMPLIERS du 7 au 30 juillet \u00e0 12h00. Dur\u00e9e 1h05Tarifs 22\/15 euros. Rel\u00e2che le mardi (12, 19 et 26 juillet) Un amour maternel inconditionnel et fondateur. Ou comment l\u2019amour fou qu\u2019une m\u00e8re porte \u00e0 son fils donne naissance \u00e0 sa [&hellip;]<\/p>\n","protected":false},"author":3,"featured_media":0,"parent":0,"menu_order":0,"comment_status":"closed","ping_status":"closed","template":"","meta":{"_uag_custom_page_level_css":"","site-sidebar-layout":"default","site-content-layout":"","ast-site-content-layout":"default","site-content-style":"default","site-sidebar-style":"default","ast-global-header-display":"","ast-banner-title-visibility":"","ast-main-header-display":"","ast-hfb-above-header-display":"","ast-hfb-below-header-display":"","ast-hfb-mobile-header-display":"","site-post-title":"","ast-breadcrumbs-content":"","ast-featured-img":"","footer-sml-layout":"","ast-disable-related-posts":"","theme-transparent-header-meta":"","adv-header-id-meta":"","stick-header-meta":"","header-above-stick-meta":"","header-main-stick-meta":"","header-below-stick-meta":"","astra-migrate-meta-layouts":"default","ast-page-background-enabled":"default","ast-page-background-meta":{"desktop":{"background-color":"var(--ast-global-color-4)","background-image":"","background-repeat":"repeat","background-position":"center center","background-size":"auto","background-attachment":"scroll","background-type":"","background-media":"","overlay-type":"","overlay-color":"","overlay-opacity":"","overlay-gradient":""},"tablet":{"background-color":"","background-image":"","background-repeat":"repeat","background-position":"center center","background-size":"auto","background-attachment":"scroll","background-type":"","background-media":"","overlay-type":"","overlay-color":"","overlay-opacity":"","overlay-gradient":""},"mobile":{"background-color":"","background-image":"","background-repeat":"repeat","background-position":"center center","background-size":"auto","background-attachment":"scroll","background-type":"","background-media":"","overlay-type":"","overlay-color":"","overlay-opacity":"","overlay-gradient":""}},"ast-content-background-meta":{"desktop":{"background-color":"var(--ast-global-color-5)","background-image":"","background-repeat":"repeat","background-position":"center center","background-size":"auto","background-attachment":"scroll","background-type":"","background-media":"","overlay-type":"","overlay-color":"","overlay-opacity":"","overlay-gradient":""},"tablet":{"background-color":"var(--ast-global-color-5)","background-image":"","background-repeat":"repeat","background-position":"center center","background-size":"auto","background-attachment":"scroll","background-type":"","background-media":"","overlay-type":"","overlay-color":"","overlay-opacity":"","overlay-gradient":""},"mobile":{"background-color":"var(--ast-global-color-5)","background-image":"","background-repeat":"repeat","background-position":"center center","background-size":"auto","background-attachment":"scroll","background-type":"","background-media":"","overlay-type":"","overlay-color":"","overlay-opacity":"","overlay-gradient":""}},"footnotes":"","_links_to":"","_links_to_target":""},"categories":[18,9],"tags":[],"class_list":["post-2803","page","type-page","status-publish","hentry","category-vingt-deux","category-chapelle-des-templiers"],"yoast_head":"<!-- This site is optimized with the Yoast SEO plugin v27.5 - https:\/\/yoast.com\/product\/yoast-seo-wordpress\/ -->\n<title>LA PROMESSE DE L&#039;AUBE - Le Petit Louvre<\/title>\n<meta name=\"description\" content=\"Chaque \u00e9t\u00e9, un th\u00e9\u00e2tre au c\u0153ur d&#039;Avignon, Festival off : des textes, des auteurs, des autrices, des acteurs, des actrices. Deux salles climatis\u00e9es, 15 spectacles, un bar-restaurant.\" \/>\n<meta name=\"robots\" content=\"index, follow, max-snippet:-1, max-image-preview:large, max-video-preview:-1\" \/>\n<link rel=\"canonical\" href=\"https:\/\/theatre-petit-louvre.fr\/avignon\/la-promesse-de-laube\/\" \/>\n<meta property=\"og:locale\" content=\"fr_FR\" \/>\n<meta property=\"og:type\" content=\"article\" \/>\n<meta property=\"og:title\" content=\"LA PROMESSE DE L&#039;AUBE - Le Petit Louvre\" \/>\n<meta property=\"og:description\" content=\"Chaque \u00e9t\u00e9, un th\u00e9\u00e2tre au c\u0153ur d&#039;Avignon, Festival off : des textes, des auteurs, des autrices, des acteurs, des actrices. Deux salles climatis\u00e9es, 15 spectacles, un bar-restaurant.\" \/>\n<meta property=\"og:url\" content=\"https:\/\/theatre-petit-louvre.fr\/avignon\/la-promesse-de-laube\/\" \/>\n<meta property=\"og:site_name\" content=\"Le Petit Louvre\" \/>\n<meta property=\"article:modified_time\" content=\"2023-07-01T18:03:58+00:00\" \/>\n<meta property=\"og:image\" content=\"https:\/\/theatre-petit-louvre.fr\/avignon\/wp-content\/uploads\/2022\/05\/Promesse10-credit-Laurence-Lot-765x510.jpg\" \/>\n<meta name=\"twitter:label1\" content=\"Dur\u00e9e de lecture estim\u00e9e\" \/>\n\t<meta name=\"twitter:data1\" content=\"1 minute\" \/>\n<script type=\"application\/ld+json\" class=\"yoast-schema-graph\">{\"@context\":\"https:\\\/\\\/schema.org\",\"@graph\":[{\"@type\":\"WebPage\",\"@id\":\"https:\\\/\\\/theatre-petit-louvre.fr\\\/avignon\\\/la-promesse-de-laube\\\/\",\"url\":\"https:\\\/\\\/theatre-petit-louvre.fr\\\/avignon\\\/la-promesse-de-laube\\\/\",\"name\":\"LA PROMESSE DE L'AUBE - Le Petit Louvre\",\"isPartOf\":{\"@id\":\"https:\\\/\\\/theatre-petit-louvre.fr\\\/avignon\\\/#website\"},\"primaryImageOfPage\":{\"@id\":\"https:\\\/\\\/theatre-petit-louvre.fr\\\/avignon\\\/la-promesse-de-laube\\\/#primaryimage\"},\"image\":{\"@id\":\"https:\\\/\\\/theatre-petit-louvre.fr\\\/avignon\\\/la-promesse-de-laube\\\/#primaryimage\"},\"thumbnailUrl\":\"https:\\\/\\\/theatre-petit-louvre.fr\\\/avignon\\\/wp-content\\\/uploads\\\/2022\\\/05\\\/Promesse10-credit-Laurence-Lot-765x510.jpg\",\"datePublished\":\"2022-04-12T18:37:07+00:00\",\"dateModified\":\"2023-07-01T18:03:58+00:00\",\"description\":\"Chaque \u00e9t\u00e9, un th\u00e9\u00e2tre au c\u0153ur d'Avignon, Festival off : des textes, des auteurs, des autrices, des acteurs, des actrices. Deux salles climatis\u00e9es, 15 spectacles, un bar-restaurant.\",\"breadcrumb\":{\"@id\":\"https:\\\/\\\/theatre-petit-louvre.fr\\\/avignon\\\/la-promesse-de-laube\\\/#breadcrumb\"},\"inLanguage\":\"fr-FR\",\"potentialAction\":[{\"@type\":\"ReadAction\",\"target\":[\"https:\\\/\\\/theatre-petit-louvre.fr\\\/avignon\\\/la-promesse-de-laube\\\/\"]}]},{\"@type\":\"ImageObject\",\"inLanguage\":\"fr-FR\",\"@id\":\"https:\\\/\\\/theatre-petit-louvre.fr\\\/avignon\\\/la-promesse-de-laube\\\/#primaryimage\",\"url\":\"https:\\\/\\\/theatre-petit-louvre.fr\\\/avignon\\\/wp-content\\\/uploads\\\/2022\\\/05\\\/Promesse10-credit-Laurence-Lot.jpg\",\"contentUrl\":\"https:\\\/\\\/theatre-petit-louvre.fr\\\/avignon\\\/wp-content\\\/uploads\\\/2022\\\/05\\\/Promesse10-credit-Laurence-Lot.jpg\",\"width\":900,\"height\":600},{\"@type\":\"BreadcrumbList\",\"@id\":\"https:\\\/\\\/theatre-petit-louvre.fr\\\/avignon\\\/la-promesse-de-laube\\\/#breadcrumb\",\"itemListElement\":[{\"@type\":\"ListItem\",\"position\":1,\"name\":\"Home\",\"item\":\"https:\\\/\\\/theatre-petit-louvre.fr\\\/avignon\\\/\"},{\"@type\":\"ListItem\",\"position\":2,\"name\":\"LA PROMESSE DE L&rsquo;AUBE\"}]},{\"@type\":\"WebSite\",\"@id\":\"https:\\\/\\\/theatre-petit-louvre.fr\\\/avignon\\\/#website\",\"url\":\"https:\\\/\\\/theatre-petit-louvre.fr\\\/avignon\\\/\",\"name\":\"Le Petit Louvre\",\"description\":\"un th\u00e9\u00e2tre au c\u0153ur d&#039;Avignon | Festival off\",\"publisher\":{\"@id\":\"https:\\\/\\\/theatre-petit-louvre.fr\\\/avignon\\\/#organization\"},\"potentialAction\":[{\"@type\":\"SearchAction\",\"target\":{\"@type\":\"EntryPoint\",\"urlTemplate\":\"https:\\\/\\\/theatre-petit-louvre.fr\\\/avignon\\\/?s={search_term_string}\"},\"query-input\":{\"@type\":\"PropertyValueSpecification\",\"valueRequired\":true,\"valueName\":\"search_term_string\"}}],\"inLanguage\":\"fr-FR\"},{\"@type\":\"Organization\",\"@id\":\"https:\\\/\\\/theatre-petit-louvre.fr\\\/avignon\\\/#organization\",\"name\":\"Th\u00e9\u00e2tre Le Petit Louvre\",\"url\":\"https:\\\/\\\/theatre-petit-louvre.fr\\\/avignon\\\/\",\"logo\":{\"@type\":\"ImageObject\",\"inLanguage\":\"fr-FR\",\"@id\":\"https:\\\/\\\/theatre-petit-louvre.fr\\\/avignon\\\/#\\\/schema\\\/logo\\\/image\\\/\",\"url\":\"https:\\\/\\\/theatre-petit-louvre.fr\\\/avignon\\\/wp-content\\\/uploads\\\/2022\\\/05\\\/logo_petit-louvre_2008_RVB.png\",\"contentUrl\":\"https:\\\/\\\/theatre-petit-louvre.fr\\\/avignon\\\/wp-content\\\/uploads\\\/2022\\\/05\\\/logo_petit-louvre_2008_RVB.png\",\"width\":374,\"height\":800,\"caption\":\"Th\u00e9\u00e2tre Le Petit Louvre\"},\"image\":{\"@id\":\"https:\\\/\\\/theatre-petit-louvre.fr\\\/avignon\\\/#\\\/schema\\\/logo\\\/image\\\/\"}}]}<\/script>\n<!-- \/ Yoast SEO plugin. -->","yoast_head_json":{"title":"LA PROMESSE DE L'AUBE - Le Petit Louvre","description":"Chaque \u00e9t\u00e9, un th\u00e9\u00e2tre au c\u0153ur d'Avignon, Festival off : des textes, des auteurs, des autrices, des acteurs, des actrices. Deux salles climatis\u00e9es, 15 spectacles, un bar-restaurant.","robots":{"index":"index","follow":"follow","max-snippet":"max-snippet:-1","max-image-preview":"max-image-preview:large","max-video-preview":"max-video-preview:-1"},"canonical":"https:\/\/theatre-petit-louvre.fr\/avignon\/la-promesse-de-laube\/","og_locale":"fr_FR","og_type":"article","og_title":"LA PROMESSE DE L'AUBE - Le Petit Louvre","og_description":"Chaque \u00e9t\u00e9, un th\u00e9\u00e2tre au c\u0153ur d'Avignon, Festival off : des textes, des auteurs, des autrices, des acteurs, des actrices. Deux salles climatis\u00e9es, 15 spectacles, un bar-restaurant.","og_url":"https:\/\/theatre-petit-louvre.fr\/avignon\/la-promesse-de-laube\/","og_site_name":"Le Petit Louvre","article_modified_time":"2023-07-01T18:03:58+00:00","og_image":[{"url":"https:\/\/theatre-petit-louvre.fr\/avignon\/wp-content\/uploads\/2022\/05\/Promesse10-credit-Laurence-Lot-765x510.jpg","type":"","width":"","height":""}],"twitter_misc":{"Dur\u00e9e de lecture estim\u00e9e":"1 minute"},"schema":{"@context":"https:\/\/schema.org","@graph":[{"@type":"WebPage","@id":"https:\/\/theatre-petit-louvre.fr\/avignon\/la-promesse-de-laube\/","url":"https:\/\/theatre-petit-louvre.fr\/avignon\/la-promesse-de-laube\/","name":"LA PROMESSE DE L'AUBE - Le Petit Louvre","isPartOf":{"@id":"https:\/\/theatre-petit-louvre.fr\/avignon\/#website"},"primaryImageOfPage":{"@id":"https:\/\/theatre-petit-louvre.fr\/avignon\/la-promesse-de-laube\/#primaryimage"},"image":{"@id":"https:\/\/theatre-petit-louvre.fr\/avignon\/la-promesse-de-laube\/#primaryimage"},"thumbnailUrl":"https:\/\/theatre-petit-louvre.fr\/avignon\/wp-content\/uploads\/2022\/05\/Promesse10-credit-Laurence-Lot-765x510.jpg","datePublished":"2022-04-12T18:37:07+00:00","dateModified":"2023-07-01T18:03:58+00:00","description":"Chaque \u00e9t\u00e9, un th\u00e9\u00e2tre au c\u0153ur d'Avignon, Festival off : des textes, des auteurs, des autrices, des acteurs, des actrices. Deux salles climatis\u00e9es, 15 spectacles, un bar-restaurant.","breadcrumb":{"@id":"https:\/\/theatre-petit-louvre.fr\/avignon\/la-promesse-de-laube\/#breadcrumb"},"inLanguage":"fr-FR","potentialAction":[{"@type":"ReadAction","target":["https:\/\/theatre-petit-louvre.fr\/avignon\/la-promesse-de-laube\/"]}]},{"@type":"ImageObject","inLanguage":"fr-FR","@id":"https:\/\/theatre-petit-louvre.fr\/avignon\/la-promesse-de-laube\/#primaryimage","url":"https:\/\/theatre-petit-louvre.fr\/avignon\/wp-content\/uploads\/2022\/05\/Promesse10-credit-Laurence-Lot.jpg","contentUrl":"https:\/\/theatre-petit-louvre.fr\/avignon\/wp-content\/uploads\/2022\/05\/Promesse10-credit-Laurence-Lot.jpg","width":900,"height":600},{"@type":"BreadcrumbList","@id":"https:\/\/theatre-petit-louvre.fr\/avignon\/la-promesse-de-laube\/#breadcrumb","itemListElement":[{"@type":"ListItem","position":1,"name":"Home","item":"https:\/\/theatre-petit-louvre.fr\/avignon\/"},{"@type":"ListItem","position":2,"name":"LA PROMESSE DE L&rsquo;AUBE"}]},{"@type":"WebSite","@id":"https:\/\/theatre-petit-louvre.fr\/avignon\/#website","url":"https:\/\/theatre-petit-louvre.fr\/avignon\/","name":"Le Petit Louvre","description":"un th\u00e9\u00e2tre au c\u0153ur d&#039;Avignon | Festival off","publisher":{"@id":"https:\/\/theatre-petit-louvre.fr\/avignon\/#organization"},"potentialAction":[{"@type":"SearchAction","target":{"@type":"EntryPoint","urlTemplate":"https:\/\/theatre-petit-louvre.fr\/avignon\/?s={search_term_string}"},"query-input":{"@type":"PropertyValueSpecification","valueRequired":true,"valueName":"search_term_string"}}],"inLanguage":"fr-FR"},{"@type":"Organization","@id":"https:\/\/theatre-petit-louvre.fr\/avignon\/#organization","name":"Th\u00e9\u00e2tre Le Petit Louvre","url":"https:\/\/theatre-petit-louvre.fr\/avignon\/","logo":{"@type":"ImageObject","inLanguage":"fr-FR","@id":"https:\/\/theatre-petit-louvre.fr\/avignon\/#\/schema\/logo\/image\/","url":"https:\/\/theatre-petit-louvre.fr\/avignon\/wp-content\/uploads\/2022\/05\/logo_petit-louvre_2008_RVB.png","contentUrl":"https:\/\/theatre-petit-louvre.fr\/avignon\/wp-content\/uploads\/2022\/05\/logo_petit-louvre_2008_RVB.png","width":374,"height":800,"caption":"Th\u00e9\u00e2tre Le Petit Louvre"},"image":{"@id":"https:\/\/theatre-petit-louvre.fr\/avignon\/#\/schema\/logo\/image\/"}}]}},"uagb_featured_image_src":{"full":false,"thumbnail":false,"medium":false,"medium_large":false,"large":false,"1536x1536":false,"2048x2048":false},"uagb_author_info":{"display_name":"Jocelyne","author_link":"https:\/\/theatre-petit-louvre.fr\/avignon\/author\/jocelyne\/"},"uagb_comment_info":0,"uagb_excerpt":"De Romain Gary.&nbsp;Adaptation et jeu&nbsp;: Franck Desmedt. Mise en sc\u00e8ne&nbsp;: St\u00e9phane LaporteProduction SeaArt CHAPELLE DES TEMPLIERS du 7 au 30 juillet \u00e0 12h00. Dur\u00e9e 1h05Tarifs 22\/15 euros. Rel\u00e2che le mardi (12, 19 et 26 juillet) Un amour maternel inconditionnel et fondateur. Ou comment l\u2019amour fou qu\u2019une m\u00e8re porte \u00e0 son fils donne naissance \u00e0 sa\u2026","_links":{"self":[{"href":"https:\/\/theatre-petit-louvre.fr\/avignon\/wp-json\/wp\/v2\/pages\/2803","targetHints":{"allow":["GET"]}}],"collection":[{"href":"https:\/\/theatre-petit-louvre.fr\/avignon\/wp-json\/wp\/v2\/pages"}],"about":[{"href":"https:\/\/theatre-petit-louvre.fr\/avignon\/wp-json\/wp\/v2\/types\/page"}],"author":[{"embeddable":true,"href":"https:\/\/theatre-petit-louvre.fr\/avignon\/wp-json\/wp\/v2\/users\/3"}],"replies":[{"embeddable":true,"href":"https:\/\/theatre-petit-louvre.fr\/avignon\/wp-json\/wp\/v2\/comments?post=2803"}],"version-history":[{"count":21,"href":"https:\/\/theatre-petit-louvre.fr\/avignon\/wp-json\/wp\/v2\/pages\/2803\/revisions"}],"predecessor-version":[{"id":3790,"href":"https:\/\/theatre-petit-louvre.fr\/avignon\/wp-json\/wp\/v2\/pages\/2803\/revisions\/3790"}],"wp:attachment":[{"href":"https:\/\/theatre-petit-louvre.fr\/avignon\/wp-json\/wp\/v2\/media?parent=2803"}],"wp:term":[{"taxonomy":"category","embeddable":true,"href":"https:\/\/theatre-petit-louvre.fr\/avignon\/wp-json\/wp\/v2\/categories?post=2803"},{"taxonomy":"post_tag","embeddable":true,"href":"https:\/\/theatre-petit-louvre.fr\/avignon\/wp-json\/wp\/v2\/tags?post=2803"}],"curies":[{"name":"wp","href":"https:\/\/api.w.org\/{rel}","templated":true}]}}