{"id":2806,"date":"2022-04-12T19:41:10","date_gmt":"2022-04-12T18:41:10","guid":{"rendered":"https:\/\/theatre-petit-louvre.fr\/avignon\/?page_id=2806"},"modified":"2023-07-01T19:06:12","modified_gmt":"2023-07-01T18:06:12","slug":"les-raisins-de-la-colere","status":"publish","type":"page","link":"https:\/\/theatre-petit-louvre.fr\/avignon\/les-raisins-de-la-colere\/","title":{"rendered":"LES RAISINS DE LA COLERE"},"content":{"rendered":"\n<div style=\"height:29px\" aria-hidden=\"true\" class=\"wp-block-spacer\"><\/div>\n\n\n\n<p><strong>de John Steinbeck;&nbsp;Adaptation, jeu et mise en sc\u00e8ne&nbsp;: Xavier Simonin.&nbsp;<\/strong><br><strong><strong>Direction musicale&nbsp;: Jean-Jacques Milteau.<\/strong><\/strong><br>Production SeaArt<\/p>\n\n\n\n<p class=\"has-ast-global-color-4-background-color has-background\"><strong>CHAPELLE DES TEMPLIERS <\/strong>du 7 au 30 juillet, \u00e0 <strong>13h45<\/strong>.<br>Tarifs <strong>24\/16 euros<\/strong>. Rel\u00e2che le mardi <strong>(12, 19 et 26 juillet)<\/strong>.<\/p>\n\n\n\n<figure class=\"wp-block-gallery has-nested-images columns-default is-cropped wp-block-gallery-1 is-layout-flex wp-block-gallery-is-layout-flex\">\n<figure class=\"wp-block-image size-large\"><img loading=\"lazy\" decoding=\"async\" width=\"889\" height=\"468\" data-id=\"3095\" src=\"https:\/\/theatre-petit-louvre.fr\/avignon\/wp-content\/uploads\/2022\/05\/PhotoLot-Raisins01-e1653857200999.jpg\" alt=\"\" class=\"wp-image-3095\" srcset=\"https:\/\/theatre-petit-louvre.fr\/avignon\/wp-content\/uploads\/2022\/05\/PhotoLot-Raisins01-e1653857200999.jpg 889w, https:\/\/theatre-petit-louvre.fr\/avignon\/wp-content\/uploads\/2022\/05\/PhotoLot-Raisins01-e1653857200999-300x158.jpg 300w, https:\/\/theatre-petit-louvre.fr\/avignon\/wp-content\/uploads\/2022\/05\/PhotoLot-Raisins01-e1653857200999-150x79.jpg 150w, https:\/\/theatre-petit-louvre.fr\/avignon\/wp-content\/uploads\/2022\/05\/PhotoLot-Raisins01-e1653857200999-768x404.jpg 768w\" sizes=\"auto, (max-width: 889px) 100vw, 889px\" \/><\/figure>\n\n\n\n<figure class=\"wp-block-image size-large\"><img loading=\"lazy\" decoding=\"async\" width=\"400\" height=\"499\" data-id=\"3096\" src=\"https:\/\/theatre-petit-louvre.fr\/avignon\/wp-content\/uploads\/2022\/05\/PhotoLot-Raisins55-2-e1653857071233.jpg\" alt=\"\" class=\"wp-image-3096\" srcset=\"https:\/\/theatre-petit-louvre.fr\/avignon\/wp-content\/uploads\/2022\/05\/PhotoLot-Raisins55-2-e1653857071233.jpg 400w, https:\/\/theatre-petit-louvre.fr\/avignon\/wp-content\/uploads\/2022\/05\/PhotoLot-Raisins55-2-e1653857071233-240x300.jpg 240w, https:\/\/theatre-petit-louvre.fr\/avignon\/wp-content\/uploads\/2022\/05\/PhotoLot-Raisins55-2-e1653857071233-120x150.jpg 120w\" sizes=\"auto, (max-width: 400px) 100vw, 400px\" \/><\/figure>\n<\/figure>\n\n\n\n<p class=\"has-small-font-size\"><strong><strong>Sur la route 66<\/strong><\/strong>. <strong><strong>Ce chef-d\u2019\u0153uvre de la litt\u00e9rature am\u00e9ricaine, film inoubliable de John Ford, est port\u00e9 pour la premi\u00e8re fois \u00e0 la sc\u00e8ne. Pour ce vrai road movie th\u00e9\u00e2tral, poignant et magnifique, Xavier Simonin est entour\u00e9 de trois musiciens chanteurs qui nous emm\u00e8neront sur la route 66 (<em>the mother road<\/em>) de l\u2019Arizona \u00e0 la Californie.<\/strong><\/strong><\/p>\n\n\n\n<figure class=\"wp-block-image alignleft size-large is-resized\"><img loading=\"lazy\" decoding=\"async\" src=\"https:\/\/theatre-petit-louvre.fr\/avignon\/wp-content\/uploads\/2022\/05\/2-Les-Raisins-de-la-colere-1-340x510.jpg\" alt=\"\" class=\"wp-image-3151\" width=\"198\" height=\"297\" srcset=\"https:\/\/theatre-petit-louvre.fr\/avignon\/wp-content\/uploads\/2022\/05\/2-Les-Raisins-de-la-colere-1-340x510.jpg 340w, https:\/\/theatre-petit-louvre.fr\/avignon\/wp-content\/uploads\/2022\/05\/2-Les-Raisins-de-la-colere-1-200x300.jpg 200w, https:\/\/theatre-petit-louvre.fr\/avignon\/wp-content\/uploads\/2022\/05\/2-Les-Raisins-de-la-colere-1-100x150.jpg 100w, https:\/\/theatre-petit-louvre.fr\/avignon\/wp-content\/uploads\/2022\/05\/2-Les-Raisins-de-la-colere-1.jpg 400w\" sizes=\"auto, (max-width: 198px) 100vw, 198px\" \/><\/figure>\n\n\n\n<p class=\"has-small-font-size\">Apr\u00e8s&nbsp;<em>L\u2019Or<\/em>&nbsp;de Blaise Cendras, Xavier Simonin et Jean-Jacques Milteau se retrouvent pour une adaptation musicale et litt\u00e9raire de cette \u0153uvre intemporelle qui \u00e9voque la grande migration du <em>Dust Bowl<\/em> (le \u00ab&nbsp;bassin de poussi\u00e8re&nbsp;\u00bb, r\u00e9gion situ\u00e9e entre l\u2019Oklahoma, le Kansas et le Texas et fortement touch\u00e9e dans les ann\u00e9es 30 par une s\u00e9rie de temp\u00eates de poussi\u00e8re) vers la Californie sur fond de Grande D\u00e9pression.<br>L\u2019exode de la famille Joad abandonnant sa terre ravag\u00e9e pour ce qu\u2019elle croit \u00eatre une terre promise donne \u00e0 John Steinbeck mati\u00e8re \u00e0 \u00e9crire la plus grande chronique sociale sur ces ann\u00e9es 30 aux Etats-Unis. Entre espoir et mis\u00e8re, g\u00e9n\u00e9rosit\u00e9 et mesquinerie, \u00e9blouissements et violences, l\u2019auteur exprime sa tendresse pour ses personnages, m\u00e9tayers pauvres au langage simple&nbsp;; il \u00e9crit comme ils parlent, offrant ainsi davantage de profondeur et d\u2019intensit\u00e9 \u00e0 son \u00e9pop\u00e9e. En donnant la parole aux travailleurs, l\u2019auteur d\u00e9rangea profond\u00e9ment l\u2019Am\u00e9rique conservatrice mais le roman recevra n\u00e9anmoins le prix Pulitzer en 1940.<br>Entre r\u00e9cit, chants et musique, la cr\u00e9ation de Xavier Simonin et Jean-Jacques Milteau va servir d\u2019\u00e9crin \u00e0 cette \u0153uvre intemporelle, saisissante de pr\u00e9monition, miroir fulgurant tendu sur notre \u00e9poque.<\/p>\n\n\n\n<p class=\"has-small-font-size\"><\/p>\n\n\n\n<p class=\"has-ast-global-color-0-color has-ast-global-color-4-background-color has-text-color has-background\"><strong>Avec Xavier Simonin, Claire Nivard, Stephen Harrison et Manu Bertrand ou Glenn Arzel<\/strong><\/p>\n\n\n\n<p class=\"has-ast-global-color-0-color has-text-color has-small-font-size\"><em>Chansons (\u00e9criture et composition)<\/em> : Claire Nivard et Glenn Arzel<\/p>\n\n\n\n<p class=\"has-small-font-size\">\u00ab&nbsp;Avec Simonin, qui incarne la rugosit\u00e9 de ces pauvres h\u00e8res et semble porter sur lui toute leur mis\u00e8re, trois musiciens et chanteurs interpr\u00e8tent la bande-son. Dobro et banjo, lap steel, contrebasse, guitare et violon, ca sonne comme l\u00e0-bas. Un vrai voyage, litt\u00e9raire et sensoriel.&nbsp;\u00bb<strong> Le Parisien<\/strong><\/p>\n\n\n\n<p class=\"has-small-font-size\">\u00ab&nbsp;Le texte r\u00e9v\u00e8le toute la force du chef-d\u2019\u0153uvre de Steinbeck. Avis aux chercheurs de p\u00e9pites.&nbsp;\u00bb<strong> La Provence<\/strong><\/p>\n\n\n\n<p class=\"has-small-font-size\">\u00ab&nbsp;Xavier Simonin absolument remarquable passe avec brio d\u2019un personnage \u00e0 l\u2019autre.&nbsp;\u00bb<strong> Webth\u00e9\u00e2tre<\/strong><\/p>\n","protected":false},"excerpt":{"rendered":"<p>de John Steinbeck;&nbsp;Adaptation, jeu et mise en sc\u00e8ne&nbsp;: Xavier Simonin.&nbsp;Direction musicale&nbsp;: Jean-Jacques Milteau.Production SeaArt CHAPELLE DES TEMPLIERS du 7 au 30 juillet, \u00e0 13h45.Tarifs 24\/16 euros. Rel\u00e2che le mardi (12, 19 et 26 juillet). Sur la route 66. Ce chef-d\u2019\u0153uvre de la litt\u00e9rature am\u00e9ricaine, film inoubliable de John Ford, est port\u00e9 pour la premi\u00e8re fois [&hellip;]<\/p>\n","protected":false},"author":3,"featured_media":0,"parent":0,"menu_order":0,"comment_status":"closed","ping_status":"closed","template":"","meta":{"_uag_custom_page_level_css":"","site-sidebar-layout":"default","site-content-layout":"","ast-site-content-layout":"default","site-content-style":"default","site-sidebar-style":"default","ast-global-header-display":"","ast-banner-title-visibility":"","ast-main-header-display":"","ast-hfb-above-header-display":"","ast-hfb-below-header-display":"","ast-hfb-mobile-header-display":"","site-post-title":"","ast-breadcrumbs-content":"","ast-featured-img":"","footer-sml-layout":"","ast-disable-related-posts":"","theme-transparent-header-meta":"","adv-header-id-meta":"","stick-header-meta":"","header-above-stick-meta":"","header-main-stick-meta":"","header-below-stick-meta":"","astra-migrate-meta-layouts":"default","ast-page-background-enabled":"default","ast-page-background-meta":{"desktop":{"background-color":"var(--ast-global-color-4)","background-image":"","background-repeat":"repeat","background-position":"center center","background-size":"auto","background-attachment":"scroll","background-type":"","background-media":"","overlay-type":"","overlay-color":"","overlay-opacity":"","overlay-gradient":""},"tablet":{"background-color":"","background-image":"","background-repeat":"repeat","background-position":"center center","background-size":"auto","background-attachment":"scroll","background-type":"","background-media":"","overlay-type":"","overlay-color":"","overlay-opacity":"","overlay-gradient":""},"mobile":{"background-color":"","background-image":"","background-repeat":"repeat","background-position":"center center","background-size":"auto","background-attachment":"scroll","background-type":"","background-media":"","overlay-type":"","overlay-color":"","overlay-opacity":"","overlay-gradient":""}},"ast-content-background-meta":{"desktop":{"background-color":"var(--ast-global-color-5)","background-image":"","background-repeat":"repeat","background-position":"center center","background-size":"auto","background-attachment":"scroll","background-type":"","background-media":"","overlay-type":"","overlay-color":"","overlay-opacity":"","overlay-gradient":""},"tablet":{"background-color":"var(--ast-global-color-5)","background-image":"","background-repeat":"repeat","background-position":"center center","background-size":"auto","background-attachment":"scroll","background-type":"","background-media":"","overlay-type":"","overlay-color":"","overlay-opacity":"","overlay-gradient":""},"mobile":{"background-color":"var(--ast-global-color-5)","background-image":"","background-repeat":"repeat","background-position":"center center","background-size":"auto","background-attachment":"scroll","background-type":"","background-media":"","overlay-type":"","overlay-color":"","overlay-opacity":"","overlay-gradient":""}},"footnotes":"","_links_to":"","_links_to_target":""},"categories":[18,9],"tags":[],"class_list":["post-2806","page","type-page","status-publish","hentry","category-vingt-deux","category-chapelle-des-templiers"],"yoast_head":"<!-- This site is optimized with the Yoast SEO plugin v27.6 - https:\/\/yoast.com\/product\/yoast-seo-wordpress\/ -->\n<title>LES RAISINS DE LA COLERE - Le Petit Louvre<\/title>\n<meta name=\"description\" content=\"Chaque \u00e9t\u00e9, un th\u00e9\u00e2tre au c\u0153ur d&#039;Avignon, Festival off : des textes, des auteurs, des autrices, des acteurs, des actrices. Deux salles climatis\u00e9es, 15 spectacles, un bar-restaurant.\" \/>\n<meta name=\"robots\" content=\"index, follow, max-snippet:-1, max-image-preview:large, max-video-preview:-1\" \/>\n<link rel=\"canonical\" href=\"https:\/\/theatre-petit-louvre.fr\/avignon\/les-raisins-de-la-colere\/\" \/>\n<meta property=\"og:locale\" content=\"fr_FR\" \/>\n<meta property=\"og:type\" content=\"article\" \/>\n<meta property=\"og:title\" content=\"LES RAISINS DE LA COLERE - Le Petit Louvre\" \/>\n<meta property=\"og:description\" content=\"Chaque \u00e9t\u00e9, un th\u00e9\u00e2tre au c\u0153ur d&#039;Avignon, Festival off : des textes, des auteurs, des autrices, des acteurs, des actrices. Deux salles climatis\u00e9es, 15 spectacles, un bar-restaurant.\" \/>\n<meta property=\"og:url\" content=\"https:\/\/theatre-petit-louvre.fr\/avignon\/les-raisins-de-la-colere\/\" \/>\n<meta property=\"og:site_name\" content=\"Le Petit Louvre\" \/>\n<meta property=\"article:modified_time\" content=\"2023-07-01T18:06:12+00:00\" \/>\n<meta property=\"og:image\" content=\"https:\/\/theatre-petit-louvre.fr\/avignon\/wp-content\/uploads\/2022\/05\/PhotoLot-Raisins01-e1653857200999.jpg\" \/>\n<meta name=\"twitter:label1\" content=\"Dur\u00e9e de lecture estim\u00e9e\" \/>\n\t<meta name=\"twitter:data1\" content=\"1 minute\" \/>\n<script type=\"application\/ld+json\" class=\"yoast-schema-graph\">{\"@context\":\"https:\\\/\\\/schema.org\",\"@graph\":[{\"@type\":\"WebPage\",\"@id\":\"https:\\\/\\\/theatre-petit-louvre.fr\\\/avignon\\\/les-raisins-de-la-colere\\\/\",\"url\":\"https:\\\/\\\/theatre-petit-louvre.fr\\\/avignon\\\/les-raisins-de-la-colere\\\/\",\"name\":\"LES RAISINS DE LA COLERE - Le Petit Louvre\",\"isPartOf\":{\"@id\":\"https:\\\/\\\/theatre-petit-louvre.fr\\\/avignon\\\/#website\"},\"primaryImageOfPage\":{\"@id\":\"https:\\\/\\\/theatre-petit-louvre.fr\\\/avignon\\\/les-raisins-de-la-colere\\\/#primaryimage\"},\"image\":{\"@id\":\"https:\\\/\\\/theatre-petit-louvre.fr\\\/avignon\\\/les-raisins-de-la-colere\\\/#primaryimage\"},\"thumbnailUrl\":\"https:\\\/\\\/theatre-petit-louvre.fr\\\/avignon\\\/wp-content\\\/uploads\\\/2022\\\/05\\\/PhotoLot-Raisins01-e1653857200999.jpg\",\"datePublished\":\"2022-04-12T18:41:10+00:00\",\"dateModified\":\"2023-07-01T18:06:12+00:00\",\"description\":\"Chaque \u00e9t\u00e9, un th\u00e9\u00e2tre au c\u0153ur d'Avignon, Festival off : des textes, des auteurs, des autrices, des acteurs, des actrices. Deux salles climatis\u00e9es, 15 spectacles, un bar-restaurant.\",\"breadcrumb\":{\"@id\":\"https:\\\/\\\/theatre-petit-louvre.fr\\\/avignon\\\/les-raisins-de-la-colere\\\/#breadcrumb\"},\"inLanguage\":\"fr-FR\",\"potentialAction\":[{\"@type\":\"ReadAction\",\"target\":[\"https:\\\/\\\/theatre-petit-louvre.fr\\\/avignon\\\/les-raisins-de-la-colere\\\/\"]}]},{\"@type\":\"ImageObject\",\"inLanguage\":\"fr-FR\",\"@id\":\"https:\\\/\\\/theatre-petit-louvre.fr\\\/avignon\\\/les-raisins-de-la-colere\\\/#primaryimage\",\"url\":\"https:\\\/\\\/theatre-petit-louvre.fr\\\/avignon\\\/wp-content\\\/uploads\\\/2022\\\/05\\\/PhotoLot-Raisins01-e1653857200999.jpg\",\"contentUrl\":\"https:\\\/\\\/theatre-petit-louvre.fr\\\/avignon\\\/wp-content\\\/uploads\\\/2022\\\/05\\\/PhotoLot-Raisins01-e1653857200999.jpg\",\"width\":889,\"height\":468},{\"@type\":\"BreadcrumbList\",\"@id\":\"https:\\\/\\\/theatre-petit-louvre.fr\\\/avignon\\\/les-raisins-de-la-colere\\\/#breadcrumb\",\"itemListElement\":[{\"@type\":\"ListItem\",\"position\":1,\"name\":\"Home\",\"item\":\"https:\\\/\\\/theatre-petit-louvre.fr\\\/avignon\\\/\"},{\"@type\":\"ListItem\",\"position\":2,\"name\":\"LES RAISINS DE LA COLERE\"}]},{\"@type\":\"WebSite\",\"@id\":\"https:\\\/\\\/theatre-petit-louvre.fr\\\/avignon\\\/#website\",\"url\":\"https:\\\/\\\/theatre-petit-louvre.fr\\\/avignon\\\/\",\"name\":\"Le Petit Louvre\",\"description\":\"un th\u00e9\u00e2tre au c\u0153ur d&#039;Avignon | Festival off\",\"publisher\":{\"@id\":\"https:\\\/\\\/theatre-petit-louvre.fr\\\/avignon\\\/#organization\"},\"potentialAction\":[{\"@type\":\"SearchAction\",\"target\":{\"@type\":\"EntryPoint\",\"urlTemplate\":\"https:\\\/\\\/theatre-petit-louvre.fr\\\/avignon\\\/?s={search_term_string}\"},\"query-input\":{\"@type\":\"PropertyValueSpecification\",\"valueRequired\":true,\"valueName\":\"search_term_string\"}}],\"inLanguage\":\"fr-FR\"},{\"@type\":\"Organization\",\"@id\":\"https:\\\/\\\/theatre-petit-louvre.fr\\\/avignon\\\/#organization\",\"name\":\"Th\u00e9\u00e2tre Le Petit Louvre\",\"url\":\"https:\\\/\\\/theatre-petit-louvre.fr\\\/avignon\\\/\",\"logo\":{\"@type\":\"ImageObject\",\"inLanguage\":\"fr-FR\",\"@id\":\"https:\\\/\\\/theatre-petit-louvre.fr\\\/avignon\\\/#\\\/schema\\\/logo\\\/image\\\/\",\"url\":\"https:\\\/\\\/theatre-petit-louvre.fr\\\/avignon\\\/wp-content\\\/uploads\\\/2022\\\/05\\\/logo_petit-louvre_2008_RVB.png\",\"contentUrl\":\"https:\\\/\\\/theatre-petit-louvre.fr\\\/avignon\\\/wp-content\\\/uploads\\\/2022\\\/05\\\/logo_petit-louvre_2008_RVB.png\",\"width\":374,\"height\":800,\"caption\":\"Th\u00e9\u00e2tre Le Petit Louvre\"},\"image\":{\"@id\":\"https:\\\/\\\/theatre-petit-louvre.fr\\\/avignon\\\/#\\\/schema\\\/logo\\\/image\\\/\"}}]}<\/script>\n<!-- \/ Yoast SEO plugin. -->","yoast_head_json":{"title":"LES RAISINS DE LA COLERE - Le Petit Louvre","description":"Chaque \u00e9t\u00e9, un th\u00e9\u00e2tre au c\u0153ur d'Avignon, Festival off : des textes, des auteurs, des autrices, des acteurs, des actrices. Deux salles climatis\u00e9es, 15 spectacles, un bar-restaurant.","robots":{"index":"index","follow":"follow","max-snippet":"max-snippet:-1","max-image-preview":"max-image-preview:large","max-video-preview":"max-video-preview:-1"},"canonical":"https:\/\/theatre-petit-louvre.fr\/avignon\/les-raisins-de-la-colere\/","og_locale":"fr_FR","og_type":"article","og_title":"LES RAISINS DE LA COLERE - Le Petit Louvre","og_description":"Chaque \u00e9t\u00e9, un th\u00e9\u00e2tre au c\u0153ur d'Avignon, Festival off : des textes, des auteurs, des autrices, des acteurs, des actrices. Deux salles climatis\u00e9es, 15 spectacles, un bar-restaurant.","og_url":"https:\/\/theatre-petit-louvre.fr\/avignon\/les-raisins-de-la-colere\/","og_site_name":"Le Petit Louvre","article_modified_time":"2023-07-01T18:06:12+00:00","og_image":[{"url":"https:\/\/theatre-petit-louvre.fr\/avignon\/wp-content\/uploads\/2022\/05\/PhotoLot-Raisins01-e1653857200999.jpg","type":"","width":"","height":""}],"twitter_misc":{"Dur\u00e9e de lecture estim\u00e9e":"1 minute"},"schema":{"@context":"https:\/\/schema.org","@graph":[{"@type":"WebPage","@id":"https:\/\/theatre-petit-louvre.fr\/avignon\/les-raisins-de-la-colere\/","url":"https:\/\/theatre-petit-louvre.fr\/avignon\/les-raisins-de-la-colere\/","name":"LES RAISINS DE LA COLERE - Le Petit Louvre","isPartOf":{"@id":"https:\/\/theatre-petit-louvre.fr\/avignon\/#website"},"primaryImageOfPage":{"@id":"https:\/\/theatre-petit-louvre.fr\/avignon\/les-raisins-de-la-colere\/#primaryimage"},"image":{"@id":"https:\/\/theatre-petit-louvre.fr\/avignon\/les-raisins-de-la-colere\/#primaryimage"},"thumbnailUrl":"https:\/\/theatre-petit-louvre.fr\/avignon\/wp-content\/uploads\/2022\/05\/PhotoLot-Raisins01-e1653857200999.jpg","datePublished":"2022-04-12T18:41:10+00:00","dateModified":"2023-07-01T18:06:12+00:00","description":"Chaque \u00e9t\u00e9, un th\u00e9\u00e2tre au c\u0153ur d'Avignon, Festival off : des textes, des auteurs, des autrices, des acteurs, des actrices. Deux salles climatis\u00e9es, 15 spectacles, un bar-restaurant.","breadcrumb":{"@id":"https:\/\/theatre-petit-louvre.fr\/avignon\/les-raisins-de-la-colere\/#breadcrumb"},"inLanguage":"fr-FR","potentialAction":[{"@type":"ReadAction","target":["https:\/\/theatre-petit-louvre.fr\/avignon\/les-raisins-de-la-colere\/"]}]},{"@type":"ImageObject","inLanguage":"fr-FR","@id":"https:\/\/theatre-petit-louvre.fr\/avignon\/les-raisins-de-la-colere\/#primaryimage","url":"https:\/\/theatre-petit-louvre.fr\/avignon\/wp-content\/uploads\/2022\/05\/PhotoLot-Raisins01-e1653857200999.jpg","contentUrl":"https:\/\/theatre-petit-louvre.fr\/avignon\/wp-content\/uploads\/2022\/05\/PhotoLot-Raisins01-e1653857200999.jpg","width":889,"height":468},{"@type":"BreadcrumbList","@id":"https:\/\/theatre-petit-louvre.fr\/avignon\/les-raisins-de-la-colere\/#breadcrumb","itemListElement":[{"@type":"ListItem","position":1,"name":"Home","item":"https:\/\/theatre-petit-louvre.fr\/avignon\/"},{"@type":"ListItem","position":2,"name":"LES RAISINS DE LA COLERE"}]},{"@type":"WebSite","@id":"https:\/\/theatre-petit-louvre.fr\/avignon\/#website","url":"https:\/\/theatre-petit-louvre.fr\/avignon\/","name":"Le Petit Louvre","description":"un th\u00e9\u00e2tre au c\u0153ur d&#039;Avignon | Festival off","publisher":{"@id":"https:\/\/theatre-petit-louvre.fr\/avignon\/#organization"},"potentialAction":[{"@type":"SearchAction","target":{"@type":"EntryPoint","urlTemplate":"https:\/\/theatre-petit-louvre.fr\/avignon\/?s={search_term_string}"},"query-input":{"@type":"PropertyValueSpecification","valueRequired":true,"valueName":"search_term_string"}}],"inLanguage":"fr-FR"},{"@type":"Organization","@id":"https:\/\/theatre-petit-louvre.fr\/avignon\/#organization","name":"Th\u00e9\u00e2tre Le Petit Louvre","url":"https:\/\/theatre-petit-louvre.fr\/avignon\/","logo":{"@type":"ImageObject","inLanguage":"fr-FR","@id":"https:\/\/theatre-petit-louvre.fr\/avignon\/#\/schema\/logo\/image\/","url":"https:\/\/theatre-petit-louvre.fr\/avignon\/wp-content\/uploads\/2022\/05\/logo_petit-louvre_2008_RVB.png","contentUrl":"https:\/\/theatre-petit-louvre.fr\/avignon\/wp-content\/uploads\/2022\/05\/logo_petit-louvre_2008_RVB.png","width":374,"height":800,"caption":"Th\u00e9\u00e2tre Le Petit Louvre"},"image":{"@id":"https:\/\/theatre-petit-louvre.fr\/avignon\/#\/schema\/logo\/image\/"}}]}},"uagb_featured_image_src":{"full":false,"thumbnail":false,"medium":false,"medium_large":false,"large":false,"1536x1536":false,"2048x2048":false},"uagb_author_info":{"display_name":"Jocelyne","author_link":"https:\/\/theatre-petit-louvre.fr\/avignon\/author\/jocelyne\/"},"uagb_comment_info":0,"uagb_excerpt":"de John Steinbeck;&nbsp;Adaptation, jeu et mise en sc\u00e8ne&nbsp;: Xavier Simonin.&nbsp;Direction musicale&nbsp;: Jean-Jacques Milteau.Production SeaArt CHAPELLE DES TEMPLIERS du 7 au 30 juillet, \u00e0 13h45.Tarifs 24\/16 euros. Rel\u00e2che le mardi (12, 19 et 26 juillet). Sur la route 66. Ce chef-d\u2019\u0153uvre de la litt\u00e9rature am\u00e9ricaine, film inoubliable de John Ford, est port\u00e9 pour la premi\u00e8re fois\u2026","_links":{"self":[{"href":"https:\/\/theatre-petit-louvre.fr\/avignon\/wp-json\/wp\/v2\/pages\/2806","targetHints":{"allow":["GET"]}}],"collection":[{"href":"https:\/\/theatre-petit-louvre.fr\/avignon\/wp-json\/wp\/v2\/pages"}],"about":[{"href":"https:\/\/theatre-petit-louvre.fr\/avignon\/wp-json\/wp\/v2\/types\/page"}],"author":[{"embeddable":true,"href":"https:\/\/theatre-petit-louvre.fr\/avignon\/wp-json\/wp\/v2\/users\/3"}],"replies":[{"embeddable":true,"href":"https:\/\/theatre-petit-louvre.fr\/avignon\/wp-json\/wp\/v2\/comments?post=2806"}],"version-history":[{"count":24,"href":"https:\/\/theatre-petit-louvre.fr\/avignon\/wp-json\/wp\/v2\/pages\/2806\/revisions"}],"predecessor-version":[{"id":3793,"href":"https:\/\/theatre-petit-louvre.fr\/avignon\/wp-json\/wp\/v2\/pages\/2806\/revisions\/3793"}],"wp:attachment":[{"href":"https:\/\/theatre-petit-louvre.fr\/avignon\/wp-json\/wp\/v2\/media?parent=2806"}],"wp:term":[{"taxonomy":"category","embeddable":true,"href":"https:\/\/theatre-petit-louvre.fr\/avignon\/wp-json\/wp\/v2\/categories?post=2806"},{"taxonomy":"post_tag","embeddable":true,"href":"https:\/\/theatre-petit-louvre.fr\/avignon\/wp-json\/wp\/v2\/tags?post=2806"}],"curies":[{"name":"wp","href":"https:\/\/api.w.org\/{rel}","templated":true}]}}