{"id":2813,"date":"2022-04-12T19:50:25","date_gmt":"2022-04-12T18:50:25","guid":{"rendered":"https:\/\/theatre-petit-louvre.fr\/avignon\/?page_id=2813"},"modified":"2023-06-05T06:22:40","modified_gmt":"2023-06-05T05:22:40","slug":"fables-miniatures-lyriques","status":"publish","type":"page","link":"https:\/\/theatre-petit-louvre.fr\/avignon\/fables-miniatures-lyriques\/","title":{"rendered":"FABLES, Miniatures Lyriques"},"content":{"rendered":"\n<p><strong>de La Fontaine.&nbsp;Mise en musique&nbsp;: Isabelle Aboulker. Mise en sc\u00e8ne&nbsp;: L\u00e9na Rond\u00e9<\/strong><br>Compagnie In-Sense<\/p>\n\n\n\n<p class=\"has-ast-global-color-4-background-color has-background\"><strong>CHAPELLE DES TEMPLIERS<\/strong>. du 7 au 29 juillet 2023, \u00e0 <strong>17h55<\/strong>. Dur\u00e9e <strong>1h05<\/strong><br>Tarifs <strong>24\/16\/12 euros<\/strong>. Rel\u00e2che le mercredi <strong>(12, 19 et 26 juillet)<\/strong><\/p>\n\n\n\n<div class=\"wp-block-buttons is-layout-flex wp-block-buttons-is-layout-flex\">\n<div class=\"wp-block-button\"><a class=\"wp-block-button__link\" href=\"https:\/\/billetterie-le-petit-louvre.tickandlive.com\/evenement\/fables-miniatures-lyriques\" target=\"_blank\" rel=\"noreferrer noopener\">R\u00e9servez vos places<\/a><\/div>\n<\/div>\n\n\n\n<div style=\"height:31px\" aria-hidden=\"true\" class=\"wp-block-spacer\"><\/div>\n\n\n\n<figure class=\"wp-block-gallery has-nested-images columns-default is-cropped wp-block-gallery-1 is-layout-flex wp-block-gallery-is-layout-flex\">\n<figure class=\"wp-block-image size-large\"><img loading=\"lazy\" decoding=\"async\" width=\"765\" height=\"510\" data-id=\"3131\" src=\"https:\/\/theatre-petit-louvre.fr\/avignon\/wp-content\/uploads\/2022\/05\/HD2021MaiCieInsenseByKaroCottier_Y3A9131-copie-765x510.jpeg\" alt=\"\" class=\"wp-image-3131\" srcset=\"https:\/\/theatre-petit-louvre.fr\/avignon\/wp-content\/uploads\/2022\/05\/HD2021MaiCieInsenseByKaroCottier_Y3A9131-copie-765x510.jpeg 765w, https:\/\/theatre-petit-louvre.fr\/avignon\/wp-content\/uploads\/2022\/05\/HD2021MaiCieInsenseByKaroCottier_Y3A9131-copie-300x200.jpeg 300w, https:\/\/theatre-petit-louvre.fr\/avignon\/wp-content\/uploads\/2022\/05\/HD2021MaiCieInsenseByKaroCottier_Y3A9131-copie-150x100.jpeg 150w, https:\/\/theatre-petit-louvre.fr\/avignon\/wp-content\/uploads\/2022\/05\/HD2021MaiCieInsenseByKaroCottier_Y3A9131-copie-768x512.jpeg 768w, https:\/\/theatre-petit-louvre.fr\/avignon\/wp-content\/uploads\/2022\/05\/HD2021MaiCieInsenseByKaroCottier_Y3A9131-copie.jpeg 900w\" sizes=\"auto, (max-width: 765px) 100vw, 765px\" \/><\/figure>\n\n\n\n<figure class=\"wp-block-image size-large\"><img loading=\"lazy\" decoding=\"async\" width=\"765\" height=\"510\" data-id=\"3132\" src=\"https:\/\/theatre-petit-louvre.fr\/avignon\/wp-content\/uploads\/2022\/05\/HD2021MaiCieInsenseByKaroCottier_Y3A9304-copie-765x510.jpeg\" alt=\"\" class=\"wp-image-3132\" srcset=\"https:\/\/theatre-petit-louvre.fr\/avignon\/wp-content\/uploads\/2022\/05\/HD2021MaiCieInsenseByKaroCottier_Y3A9304-copie-765x510.jpeg 765w, https:\/\/theatre-petit-louvre.fr\/avignon\/wp-content\/uploads\/2022\/05\/HD2021MaiCieInsenseByKaroCottier_Y3A9304-copie-300x200.jpeg 300w, https:\/\/theatre-petit-louvre.fr\/avignon\/wp-content\/uploads\/2022\/05\/HD2021MaiCieInsenseByKaroCottier_Y3A9304-copie-150x100.jpeg 150w, https:\/\/theatre-petit-louvre.fr\/avignon\/wp-content\/uploads\/2022\/05\/HD2021MaiCieInsenseByKaroCottier_Y3A9304-copie-768x512.jpeg 768w, https:\/\/theatre-petit-louvre.fr\/avignon\/wp-content\/uploads\/2022\/05\/HD2021MaiCieInsenseByKaroCottier_Y3A9304-copie.jpeg 900w\" sizes=\"auto, (max-width: 765px) 100vw, 765px\" \/><\/figure>\n<\/figure>\n\n\n\n<p style=\"font-size:15px\"><strong>La Fontaine en op\u00e9ras miniatures<\/strong><br><strong>Mises en musique par Isabelle Aboulker, les <em>Fables<\/em> ici sont chant\u00e9es. Dans une mise en sc\u00e8ne ludique et propice \u00e0 la r\u00eaverie, les interpr\u00e8tes (une mezzo, un baryton et un trio piano-violoncelle-clarinette)<\/strong> <strong>nous rappellent combien ces textes sont des miroirs de notre humanit\u00e9.<\/strong><\/p>\n\n\n\n<div class=\"wp-block-image\"><figure class=\"alignleft size-large is-resized\"><img loading=\"lazy\" decoding=\"async\" src=\"https:\/\/theatre-petit-louvre.fr\/avignon\/wp-content\/uploads\/2022\/05\/5-Fables-362x510.jpeg\" alt=\"\" class=\"wp-image-3135\" width=\"249\" height=\"351\" srcset=\"https:\/\/theatre-petit-louvre.fr\/avignon\/wp-content\/uploads\/2022\/05\/5-Fables-362x510.jpeg 362w, https:\/\/theatre-petit-louvre.fr\/avignon\/wp-content\/uploads\/2022\/05\/5-Fables-213x300.jpeg 213w, https:\/\/theatre-petit-louvre.fr\/avignon\/wp-content\/uploads\/2022\/05\/5-Fables-107x150.jpeg 107w, https:\/\/theatre-petit-louvre.fr\/avignon\/wp-content\/uploads\/2022\/05\/5-Fables.jpeg 426w\" sizes=\"auto, (max-width: 249px) 100vw, 249px\" \/><\/figure><\/div>\n\n\n\n<p class=\"has-small-font-size\">La Fontaine, en \u00e9crivant ses fables, d\u00e9clare clairement vouloir \u00e9clairer le monde qui nous entoure par le rire et la po\u00e9sie, donnant ainsi \u00e0 observer des \u00ab&nbsp;v\u00e9rit\u00e9s qui servent de le\u00e7ons&nbsp;\u00bb. Il nous laisse de petits r\u00e9cits p\u00e9tris d\u2019ironie et de clairvoyance qui, aujourd\u2019hui encore, r\u00e9sonnent en chacun de nous. Par leur contenu bien s\u00fbr mais aussi par leur prosodie tr\u00e8s libre, qui fait la part belle aux dialogues. Isabelle Aboulker, qui a depuis longtemps une passion pour le grand fabuliste, a choisi d\u2019en adapter quelques-unes sous forme \u00ab&nbsp;d\u2019op\u00e9ras miniatures&nbsp;\u00bb en confiant l\u2019interpr\u00e9tation \u00e0 deux chanteurs lyriques, accompagn\u00e9s de trois musiciennes. Quatorze fables constituent cet \u00e9l\u00e9gant spectacle, troisi\u00e8me collaboration de la compositrice avec la compagnie In-Sense (<em>Antoinette la poule savante<\/em>, mini-op\u00e9ra pour les enfants \u00e9crit et mis en musique par Isabelle Aboulker, <em>Un conte du chat perch\u00e9<\/em>, op\u00e9ra jeune public d\u2019Isabelle Aboulker sur un texte de Marcel Aym\u00e9). La compagnie In-Sense, compagnie d\u2019op\u00e9ra plus particuli\u00e8rement tourn\u00e9e vers le jeune public, d\u00e9veloppe depuis quinze ans un volet p\u00e9dagogique que ne renierait pas Jean de La Fontaine. Il \u00e9tait donc naturel que ce spectacle voie le jour. La proposition sc\u00e9nique de L\u00e9na Rond\u00e9, qui fait surgir toutes sortes d\u2019objets des niches et tiroirs d\u2019un \u00ab&nbsp;meuble-monde&nbsp;\u00bb \u00e9voque de mani\u00e8re ludique l\u2019\u00e9poque baroque et son go\u00fbt pour les cabinets de curiosit\u00e9s, aussi appel\u00e9s chambre des merveilles, qui faisaient fureur partout en Europe et avaient pour fonction de nous donner \u00e0 d\u00e9couvrir le monde. D\u00e9j\u00e0 accueillies au Petit Louvre en 2022, ces <em>Fables<\/em> reviennent nous en-chanter.<\/p>\n\n\n\n<p class=\"has-ast-global-color-0-color has-ast-global-color-4-background-color has-text-color has-background\"><strong>Avec Marie Blanc (mezzo-soprano), Philippe Scagni (baryton), Ernestine Bluteau (piano), Marina Nguyen The (violoncelle), Ma\u00eft\u00e9 Atasay (clarinette).<\/strong><\/p>\n\n\n\n<p class=\"has-ast-global-color-0-color has-text-color has-small-font-size\"><em>Cr\u00e9ation lumi\u00e8re<\/em> : Agathe Patonnier &#8211; <em>R\u00e9gie lumi\u00e8re<\/em> : Fr\u00e9d\u00e9ric Evrard &#8211; <em>Conception des d\u00e9cors et des accessoires<\/em> : L\u00e9na Rond\u00e9, Pia Rond\u00e9, Marc Rond\u00e9 et Evald Rond\u00e9 &#8211; <em>Consultant magie<\/em> : David Tholander &#8211; <em>Costumes <\/em>: Madeleine Lhopitallier.<\/p>\n\n\n\n<p class=\"has-small-font-size\">\u00ab&nbsp;On aime passionn\u00e9ment. La compagnie In-Sense offre une belle adaptation des <em>Fables<\/em> de Jean de La Fontaine qui t\u00e9moigne de la passion d\u2019Isabelle Aboulker pour le fabuliste. Ces petits op\u00e9ras miniatures\u2026 se savourent en famille.&nbsp;\u00bb <strong>TTT T\u00e9l\u00e9rama<\/strong><\/p>\n\n\n\n<p class=\"has-small-font-size\">\u00ab&nbsp;Les Fables Enchant\u00e9es&nbsp;\u00bb <strong>La Terrasse<\/strong><\/p>\n\n\n\n<p class=\"has-small-font-size\">\u00ab&nbsp;Un petit bijou du off. A voir absolument pour les enfants comme pour les grands.&nbsp;\u00bb <strong>Sudart<\/strong><\/p>\n\n\n\n<p class=\"has-small-font-size\">\u00ab&nbsp;Une version musicale des <em>Fables<\/em> interpr\u00e9t\u00e9e par deux chanteurs qui endossent avec un parfait mim\u00e9tisme l\u2019animal vedette et se parent de ses attributs (\u2026) un interlude baroque enchant\u00e9.&nbsp;\u00bb <strong>La Provence<\/strong><\/p>\n","protected":false},"excerpt":{"rendered":"<p>de La Fontaine.&nbsp;Mise en musique&nbsp;: Isabelle Aboulker. Mise en sc\u00e8ne&nbsp;: L\u00e9na Rond\u00e9Compagnie In-Sense CHAPELLE DES TEMPLIERS. du 7 au 29 juillet 2023, \u00e0 17h55. Dur\u00e9e 1h05Tarifs 24\/16\/12 euros. Rel\u00e2che le mercredi (12, 19 et 26 juillet) La Fontaine en op\u00e9ras miniaturesMises en musique par Isabelle Aboulker, les Fables ici sont chant\u00e9es. Dans une mise en [&hellip;]<\/p>\n","protected":false},"author":3,"featured_media":0,"parent":0,"menu_order":0,"comment_status":"closed","ping_status":"closed","template":"","meta":{"_uag_custom_page_level_css":"","site-sidebar-layout":"default","site-content-layout":"","ast-site-content-layout":"default","site-content-style":"default","site-sidebar-style":"default","ast-global-header-display":"","ast-banner-title-visibility":"","ast-main-header-display":"","ast-hfb-above-header-display":"","ast-hfb-below-header-display":"","ast-hfb-mobile-header-display":"","site-post-title":"","ast-breadcrumbs-content":"","ast-featured-img":"","footer-sml-layout":"","ast-disable-related-posts":"","theme-transparent-header-meta":"","adv-header-id-meta":"","stick-header-meta":"","header-above-stick-meta":"","header-main-stick-meta":"","header-below-stick-meta":"","astra-migrate-meta-layouts":"default","ast-page-background-enabled":"default","ast-page-background-meta":{"desktop":{"background-color":"var(--ast-global-color-4)","background-image":"","background-repeat":"repeat","background-position":"center center","background-size":"auto","background-attachment":"scroll","background-type":"","background-media":"","overlay-type":"","overlay-color":"","overlay-opacity":"","overlay-gradient":""},"tablet":{"background-color":"","background-image":"","background-repeat":"repeat","background-position":"center center","background-size":"auto","background-attachment":"scroll","background-type":"","background-media":"","overlay-type":"","overlay-color":"","overlay-opacity":"","overlay-gradient":""},"mobile":{"background-color":"","background-image":"","background-repeat":"repeat","background-position":"center center","background-size":"auto","background-attachment":"scroll","background-type":"","background-media":"","overlay-type":"","overlay-color":"","overlay-opacity":"","overlay-gradient":""}},"ast-content-background-meta":{"desktop":{"background-color":"var(--ast-global-color-5)","background-image":"","background-repeat":"repeat","background-position":"center center","background-size":"auto","background-attachment":"scroll","background-type":"","background-media":"","overlay-type":"","overlay-color":"","overlay-opacity":"","overlay-gradient":""},"tablet":{"background-color":"var(--ast-global-color-5)","background-image":"","background-repeat":"repeat","background-position":"center center","background-size":"auto","background-attachment":"scroll","background-type":"","background-media":"","overlay-type":"","overlay-color":"","overlay-opacity":"","overlay-gradient":""},"mobile":{"background-color":"var(--ast-global-color-5)","background-image":"","background-repeat":"repeat","background-position":"center center","background-size":"auto","background-attachment":"scroll","background-type":"","background-media":"","overlay-type":"","overlay-color":"","overlay-opacity":"","overlay-gradient":""}},"footnotes":"","_links_to":"","_links_to_target":""},"categories":[20,9],"tags":[],"class_list":["post-2813","page","type-page","status-publish","hentry","category-20","category-chapelle-des-templiers"],"yoast_head":"<!-- This site is optimized with the Yoast SEO plugin v27.6 - https:\/\/yoast.com\/product\/yoast-seo-wordpress\/ -->\n<title>FABLES, Miniatures Lyriques - Le Petit Louvre<\/title>\n<meta name=\"description\" content=\"Chaque \u00e9t\u00e9, un th\u00e9\u00e2tre au c\u0153ur d&#039;Avignon, Festival off : des textes, des auteurs, des autrices, des acteurs, des actrices. Deux salles climatis\u00e9es, 15 spectacles, un bar-restaurant.\" \/>\n<meta name=\"robots\" content=\"index, follow, max-snippet:-1, max-image-preview:large, max-video-preview:-1\" \/>\n<link rel=\"canonical\" href=\"https:\/\/theatre-petit-louvre.fr\/avignon\/fables-miniatures-lyriques\/\" \/>\n<meta property=\"og:locale\" content=\"fr_FR\" \/>\n<meta property=\"og:type\" content=\"article\" \/>\n<meta property=\"og:title\" content=\"FABLES, Miniatures Lyriques - Le Petit Louvre\" \/>\n<meta property=\"og:description\" content=\"Chaque \u00e9t\u00e9, un th\u00e9\u00e2tre au c\u0153ur d&#039;Avignon, Festival off : des textes, des auteurs, des autrices, des acteurs, des actrices. Deux salles climatis\u00e9es, 15 spectacles, un bar-restaurant.\" \/>\n<meta property=\"og:url\" content=\"https:\/\/theatre-petit-louvre.fr\/avignon\/fables-miniatures-lyriques\/\" \/>\n<meta property=\"og:site_name\" content=\"Le Petit Louvre\" \/>\n<meta property=\"article:modified_time\" content=\"2023-06-05T05:22:40+00:00\" \/>\n<meta property=\"og:image\" content=\"https:\/\/theatre-petit-louvre.fr\/avignon\/wp-content\/uploads\/2022\/05\/HD2021MaiCieInsenseByKaroCottier_Y3A9131-copie-765x510.jpeg\" \/>\n<meta name=\"twitter:label1\" content=\"Dur\u00e9e de lecture estim\u00e9e\" \/>\n\t<meta name=\"twitter:data1\" content=\"1 minute\" \/>\n<script type=\"application\/ld+json\" class=\"yoast-schema-graph\">{\"@context\":\"https:\\\/\\\/schema.org\",\"@graph\":[{\"@type\":\"WebPage\",\"@id\":\"https:\\\/\\\/theatre-petit-louvre.fr\\\/avignon\\\/fables-miniatures-lyriques\\\/\",\"url\":\"https:\\\/\\\/theatre-petit-louvre.fr\\\/avignon\\\/fables-miniatures-lyriques\\\/\",\"name\":\"FABLES, Miniatures Lyriques - Le Petit Louvre\",\"isPartOf\":{\"@id\":\"https:\\\/\\\/theatre-petit-louvre.fr\\\/avignon\\\/#website\"},\"primaryImageOfPage\":{\"@id\":\"https:\\\/\\\/theatre-petit-louvre.fr\\\/avignon\\\/fables-miniatures-lyriques\\\/#primaryimage\"},\"image\":{\"@id\":\"https:\\\/\\\/theatre-petit-louvre.fr\\\/avignon\\\/fables-miniatures-lyriques\\\/#primaryimage\"},\"thumbnailUrl\":\"https:\\\/\\\/theatre-petit-louvre.fr\\\/avignon\\\/wp-content\\\/uploads\\\/2022\\\/05\\\/HD2021MaiCieInsenseByKaroCottier_Y3A9131-copie-765x510.jpeg\",\"datePublished\":\"2022-04-12T18:50:25+00:00\",\"dateModified\":\"2023-06-05T05:22:40+00:00\",\"description\":\"Chaque \u00e9t\u00e9, un th\u00e9\u00e2tre au c\u0153ur d'Avignon, Festival off : des textes, des auteurs, des autrices, des acteurs, des actrices. Deux salles climatis\u00e9es, 15 spectacles, un bar-restaurant.\",\"breadcrumb\":{\"@id\":\"https:\\\/\\\/theatre-petit-louvre.fr\\\/avignon\\\/fables-miniatures-lyriques\\\/#breadcrumb\"},\"inLanguage\":\"fr-FR\",\"potentialAction\":[{\"@type\":\"ReadAction\",\"target\":[\"https:\\\/\\\/theatre-petit-louvre.fr\\\/avignon\\\/fables-miniatures-lyriques\\\/\"]}]},{\"@type\":\"ImageObject\",\"inLanguage\":\"fr-FR\",\"@id\":\"https:\\\/\\\/theatre-petit-louvre.fr\\\/avignon\\\/fables-miniatures-lyriques\\\/#primaryimage\",\"url\":\"https:\\\/\\\/theatre-petit-louvre.fr\\\/avignon\\\/wp-content\\\/uploads\\\/2022\\\/05\\\/HD2021MaiCieInsenseByKaroCottier_Y3A9131-copie.jpeg\",\"contentUrl\":\"https:\\\/\\\/theatre-petit-louvre.fr\\\/avignon\\\/wp-content\\\/uploads\\\/2022\\\/05\\\/HD2021MaiCieInsenseByKaroCottier_Y3A9131-copie.jpeg\",\"width\":900,\"height\":600},{\"@type\":\"BreadcrumbList\",\"@id\":\"https:\\\/\\\/theatre-petit-louvre.fr\\\/avignon\\\/fables-miniatures-lyriques\\\/#breadcrumb\",\"itemListElement\":[{\"@type\":\"ListItem\",\"position\":1,\"name\":\"Home\",\"item\":\"https:\\\/\\\/theatre-petit-louvre.fr\\\/avignon\\\/\"},{\"@type\":\"ListItem\",\"position\":2,\"name\":\"FABLES, Miniatures Lyriques\"}]},{\"@type\":\"WebSite\",\"@id\":\"https:\\\/\\\/theatre-petit-louvre.fr\\\/avignon\\\/#website\",\"url\":\"https:\\\/\\\/theatre-petit-louvre.fr\\\/avignon\\\/\",\"name\":\"Le Petit Louvre\",\"description\":\"un th\u00e9\u00e2tre au c\u0153ur d&#039;Avignon | Festival off\",\"publisher\":{\"@id\":\"https:\\\/\\\/theatre-petit-louvre.fr\\\/avignon\\\/#organization\"},\"potentialAction\":[{\"@type\":\"SearchAction\",\"target\":{\"@type\":\"EntryPoint\",\"urlTemplate\":\"https:\\\/\\\/theatre-petit-louvre.fr\\\/avignon\\\/?s={search_term_string}\"},\"query-input\":{\"@type\":\"PropertyValueSpecification\",\"valueRequired\":true,\"valueName\":\"search_term_string\"}}],\"inLanguage\":\"fr-FR\"},{\"@type\":\"Organization\",\"@id\":\"https:\\\/\\\/theatre-petit-louvre.fr\\\/avignon\\\/#organization\",\"name\":\"Th\u00e9\u00e2tre Le Petit Louvre\",\"url\":\"https:\\\/\\\/theatre-petit-louvre.fr\\\/avignon\\\/\",\"logo\":{\"@type\":\"ImageObject\",\"inLanguage\":\"fr-FR\",\"@id\":\"https:\\\/\\\/theatre-petit-louvre.fr\\\/avignon\\\/#\\\/schema\\\/logo\\\/image\\\/\",\"url\":\"https:\\\/\\\/theatre-petit-louvre.fr\\\/avignon\\\/wp-content\\\/uploads\\\/2022\\\/05\\\/logo_petit-louvre_2008_RVB.png\",\"contentUrl\":\"https:\\\/\\\/theatre-petit-louvre.fr\\\/avignon\\\/wp-content\\\/uploads\\\/2022\\\/05\\\/logo_petit-louvre_2008_RVB.png\",\"width\":374,\"height\":800,\"caption\":\"Th\u00e9\u00e2tre Le Petit Louvre\"},\"image\":{\"@id\":\"https:\\\/\\\/theatre-petit-louvre.fr\\\/avignon\\\/#\\\/schema\\\/logo\\\/image\\\/\"}}]}<\/script>\n<!-- \/ Yoast SEO plugin. -->","yoast_head_json":{"title":"FABLES, Miniatures Lyriques - Le Petit Louvre","description":"Chaque \u00e9t\u00e9, un th\u00e9\u00e2tre au c\u0153ur d'Avignon, Festival off : des textes, des auteurs, des autrices, des acteurs, des actrices. Deux salles climatis\u00e9es, 15 spectacles, un bar-restaurant.","robots":{"index":"index","follow":"follow","max-snippet":"max-snippet:-1","max-image-preview":"max-image-preview:large","max-video-preview":"max-video-preview:-1"},"canonical":"https:\/\/theatre-petit-louvre.fr\/avignon\/fables-miniatures-lyriques\/","og_locale":"fr_FR","og_type":"article","og_title":"FABLES, Miniatures Lyriques - Le Petit Louvre","og_description":"Chaque \u00e9t\u00e9, un th\u00e9\u00e2tre au c\u0153ur d'Avignon, Festival off : des textes, des auteurs, des autrices, des acteurs, des actrices. Deux salles climatis\u00e9es, 15 spectacles, un bar-restaurant.","og_url":"https:\/\/theatre-petit-louvre.fr\/avignon\/fables-miniatures-lyriques\/","og_site_name":"Le Petit Louvre","article_modified_time":"2023-06-05T05:22:40+00:00","og_image":[{"url":"https:\/\/theatre-petit-louvre.fr\/avignon\/wp-content\/uploads\/2022\/05\/HD2021MaiCieInsenseByKaroCottier_Y3A9131-copie-765x510.jpeg","type":"","width":"","height":""}],"twitter_misc":{"Dur\u00e9e de lecture estim\u00e9e":"1 minute"},"schema":{"@context":"https:\/\/schema.org","@graph":[{"@type":"WebPage","@id":"https:\/\/theatre-petit-louvre.fr\/avignon\/fables-miniatures-lyriques\/","url":"https:\/\/theatre-petit-louvre.fr\/avignon\/fables-miniatures-lyriques\/","name":"FABLES, Miniatures Lyriques - Le Petit Louvre","isPartOf":{"@id":"https:\/\/theatre-petit-louvre.fr\/avignon\/#website"},"primaryImageOfPage":{"@id":"https:\/\/theatre-petit-louvre.fr\/avignon\/fables-miniatures-lyriques\/#primaryimage"},"image":{"@id":"https:\/\/theatre-petit-louvre.fr\/avignon\/fables-miniatures-lyriques\/#primaryimage"},"thumbnailUrl":"https:\/\/theatre-petit-louvre.fr\/avignon\/wp-content\/uploads\/2022\/05\/HD2021MaiCieInsenseByKaroCottier_Y3A9131-copie-765x510.jpeg","datePublished":"2022-04-12T18:50:25+00:00","dateModified":"2023-06-05T05:22:40+00:00","description":"Chaque \u00e9t\u00e9, un th\u00e9\u00e2tre au c\u0153ur d'Avignon, Festival off : des textes, des auteurs, des autrices, des acteurs, des actrices. Deux salles climatis\u00e9es, 15 spectacles, un bar-restaurant.","breadcrumb":{"@id":"https:\/\/theatre-petit-louvre.fr\/avignon\/fables-miniatures-lyriques\/#breadcrumb"},"inLanguage":"fr-FR","potentialAction":[{"@type":"ReadAction","target":["https:\/\/theatre-petit-louvre.fr\/avignon\/fables-miniatures-lyriques\/"]}]},{"@type":"ImageObject","inLanguage":"fr-FR","@id":"https:\/\/theatre-petit-louvre.fr\/avignon\/fables-miniatures-lyriques\/#primaryimage","url":"https:\/\/theatre-petit-louvre.fr\/avignon\/wp-content\/uploads\/2022\/05\/HD2021MaiCieInsenseByKaroCottier_Y3A9131-copie.jpeg","contentUrl":"https:\/\/theatre-petit-louvre.fr\/avignon\/wp-content\/uploads\/2022\/05\/HD2021MaiCieInsenseByKaroCottier_Y3A9131-copie.jpeg","width":900,"height":600},{"@type":"BreadcrumbList","@id":"https:\/\/theatre-petit-louvre.fr\/avignon\/fables-miniatures-lyriques\/#breadcrumb","itemListElement":[{"@type":"ListItem","position":1,"name":"Home","item":"https:\/\/theatre-petit-louvre.fr\/avignon\/"},{"@type":"ListItem","position":2,"name":"FABLES, Miniatures Lyriques"}]},{"@type":"WebSite","@id":"https:\/\/theatre-petit-louvre.fr\/avignon\/#website","url":"https:\/\/theatre-petit-louvre.fr\/avignon\/","name":"Le Petit Louvre","description":"un th\u00e9\u00e2tre au c\u0153ur d&#039;Avignon | Festival off","publisher":{"@id":"https:\/\/theatre-petit-louvre.fr\/avignon\/#organization"},"potentialAction":[{"@type":"SearchAction","target":{"@type":"EntryPoint","urlTemplate":"https:\/\/theatre-petit-louvre.fr\/avignon\/?s={search_term_string}"},"query-input":{"@type":"PropertyValueSpecification","valueRequired":true,"valueName":"search_term_string"}}],"inLanguage":"fr-FR"},{"@type":"Organization","@id":"https:\/\/theatre-petit-louvre.fr\/avignon\/#organization","name":"Th\u00e9\u00e2tre Le Petit Louvre","url":"https:\/\/theatre-petit-louvre.fr\/avignon\/","logo":{"@type":"ImageObject","inLanguage":"fr-FR","@id":"https:\/\/theatre-petit-louvre.fr\/avignon\/#\/schema\/logo\/image\/","url":"https:\/\/theatre-petit-louvre.fr\/avignon\/wp-content\/uploads\/2022\/05\/logo_petit-louvre_2008_RVB.png","contentUrl":"https:\/\/theatre-petit-louvre.fr\/avignon\/wp-content\/uploads\/2022\/05\/logo_petit-louvre_2008_RVB.png","width":374,"height":800,"caption":"Th\u00e9\u00e2tre Le Petit Louvre"},"image":{"@id":"https:\/\/theatre-petit-louvre.fr\/avignon\/#\/schema\/logo\/image\/"}}]}},"uagb_featured_image_src":{"full":false,"thumbnail":false,"medium":false,"medium_large":false,"large":false,"1536x1536":false,"2048x2048":false},"uagb_author_info":{"display_name":"Jocelyne","author_link":"https:\/\/theatre-petit-louvre.fr\/avignon\/author\/jocelyne\/"},"uagb_comment_info":0,"uagb_excerpt":"de La Fontaine.&nbsp;Mise en musique&nbsp;: Isabelle Aboulker. Mise en sc\u00e8ne&nbsp;: L\u00e9na Rond\u00e9Compagnie In-Sense CHAPELLE DES TEMPLIERS. du 7 au 29 juillet 2023, \u00e0 17h55. Dur\u00e9e 1h05Tarifs 24\/16\/12 euros. Rel\u00e2che le mercredi (12, 19 et 26 juillet) La Fontaine en op\u00e9ras miniaturesMises en musique par Isabelle Aboulker, les Fables ici sont chant\u00e9es. Dans une mise en\u2026","_links":{"self":[{"href":"https:\/\/theatre-petit-louvre.fr\/avignon\/wp-json\/wp\/v2\/pages\/2813","targetHints":{"allow":["GET"]}}],"collection":[{"href":"https:\/\/theatre-petit-louvre.fr\/avignon\/wp-json\/wp\/v2\/pages"}],"about":[{"href":"https:\/\/theatre-petit-louvre.fr\/avignon\/wp-json\/wp\/v2\/types\/page"}],"author":[{"embeddable":true,"href":"https:\/\/theatre-petit-louvre.fr\/avignon\/wp-json\/wp\/v2\/users\/3"}],"replies":[{"embeddable":true,"href":"https:\/\/theatre-petit-louvre.fr\/avignon\/wp-json\/wp\/v2\/comments?post=2813"}],"version-history":[{"count":25,"href":"https:\/\/theatre-petit-louvre.fr\/avignon\/wp-json\/wp\/v2\/pages\/2813\/revisions"}],"predecessor-version":[{"id":3706,"href":"https:\/\/theatre-petit-louvre.fr\/avignon\/wp-json\/wp\/v2\/pages\/2813\/revisions\/3706"}],"wp:attachment":[{"href":"https:\/\/theatre-petit-louvre.fr\/avignon\/wp-json\/wp\/v2\/media?parent=2813"}],"wp:term":[{"taxonomy":"category","embeddable":true,"href":"https:\/\/theatre-petit-louvre.fr\/avignon\/wp-json\/wp\/v2\/categories?post=2813"},{"taxonomy":"post_tag","embeddable":true,"href":"https:\/\/theatre-petit-louvre.fr\/avignon\/wp-json\/wp\/v2\/tags?post=2813"}],"curies":[{"name":"wp","href":"https:\/\/api.w.org\/{rel}","templated":true}]}}