{"id":2821,"date":"2022-04-12T20:01:53","date_gmt":"2022-04-12T19:01:53","guid":{"rendered":"https:\/\/theatre-petit-louvre.fr\/avignon\/?page_id=2821"},"modified":"2023-06-06T10:41:54","modified_gmt":"2023-06-06T09:41:54","slug":"les-fous-allies","status":"publish","type":"page","link":"https:\/\/theatre-petit-louvre.fr\/avignon\/les-fous-allies\/","title":{"rendered":"LES FOUS ALLIES"},"content":{"rendered":"\n<p><strong>de Vincent Cordier.&nbsp;Mise en sc\u00e8ne&nbsp;: St\u00e9phane Duclot. <\/strong><br>L\u2019Inventorium de Calliope<\/p>\n\n\n\n<p class=\"has-ast-global-color-4-background-color has-background\"><strong>SALLE VAN GOGH<\/strong> du 7 au 29 juillet 2023, \u00e0 <strong>11h40<\/strong>. Dur\u00e9e <strong>1h10<\/strong><br>Tarifs <strong>18\/12\/10 euros<\/strong>. Rel\u00e2che le mercredi <strong>(12, 19 et 26 juillet)<\/strong>.<\/p>\n\n\n\n<div class=\"wp-block-buttons is-layout-flex wp-block-buttons-is-layout-flex\">\n<div class=\"wp-block-button\"><a class=\"wp-block-button__link wp-element-button\" href=\"https:\/\/billetterie-le-petit-louvre.tickandlive.com\/evenement\/les-fous-allies\" target=\"_blank\" rel=\"noreferrer noopener\">R\u00e9servez vos places<\/a><\/div>\n<\/div>\n\n\n\n<div style=\"height:31px\" aria-hidden=\"true\" class=\"wp-block-spacer\"><\/div>\n\n\n\n<figure class=\"wp-block-gallery has-nested-images columns-default is-cropped wp-block-gallery-1 is-layout-flex wp-block-gallery-is-layout-flex\">\n<figure class=\"wp-block-image size-large\"><a href=\"https:\/\/theatre-petit-louvre.fr\/avignon\/wp-content\/uploads\/2023\/04\/Fous2@SylvainCrasset.jpg\" rel=\"lightbox[2821]\"><img loading=\"lazy\" decoding=\"async\" width=\"767\" height=\"510\" data-id=\"3458\" src=\"https:\/\/theatre-petit-louvre.fr\/avignon\/wp-content\/uploads\/2023\/04\/Fous2@SylvainCrasset-767x510.jpg\" alt=\"\" class=\"wp-image-3458\" srcset=\"https:\/\/theatre-petit-louvre.fr\/avignon\/wp-content\/uploads\/2023\/04\/Fous2@SylvainCrasset-767x510.jpg 767w, https:\/\/theatre-petit-louvre.fr\/avignon\/wp-content\/uploads\/2023\/04\/Fous2@SylvainCrasset-300x200.jpg 300w, https:\/\/theatre-petit-louvre.fr\/avignon\/wp-content\/uploads\/2023\/04\/Fous2@SylvainCrasset-150x100.jpg 150w, https:\/\/theatre-petit-louvre.fr\/avignon\/wp-content\/uploads\/2023\/04\/Fous2@SylvainCrasset-768x511.jpg 768w, https:\/\/theatre-petit-louvre.fr\/avignon\/wp-content\/uploads\/2023\/04\/Fous2@SylvainCrasset.jpg 902w\" sizes=\"auto, (max-width: 767px) 100vw, 767px\" \/><\/a><\/figure>\n\n\n\n<figure class=\"wp-block-image size-large\"><a href=\"https:\/\/theatre-petit-louvre.fr\/avignon\/wp-content\/uploads\/2022\/05\/DSCF8305.jpg\" rel=\"lightbox[2821]\"><img loading=\"lazy\" decoding=\"async\" width=\"765\" height=\"510\" data-id=\"3198\" src=\"https:\/\/theatre-petit-louvre.fr\/avignon\/wp-content\/uploads\/2022\/05\/DSCF8305-765x510.jpg\" alt=\"\" class=\"wp-image-3198\" srcset=\"https:\/\/theatre-petit-louvre.fr\/avignon\/wp-content\/uploads\/2022\/05\/DSCF8305-765x510.jpg 765w, https:\/\/theatre-petit-louvre.fr\/avignon\/wp-content\/uploads\/2022\/05\/DSCF8305-300x200.jpg 300w, https:\/\/theatre-petit-louvre.fr\/avignon\/wp-content\/uploads\/2022\/05\/DSCF8305-150x100.jpg 150w, https:\/\/theatre-petit-louvre.fr\/avignon\/wp-content\/uploads\/2022\/05\/DSCF8305-768x512.jpg 768w, https:\/\/theatre-petit-louvre.fr\/avignon\/wp-content\/uploads\/2022\/05\/DSCF8305.jpg 900w\" sizes=\"auto, (max-width: 765px) 100vw, 765px\" \/><\/a><\/figure>\n<\/figure>\n\n\n\n<p style=\"font-size:14px\"><strong>Portraits d\u2019humains \u00e9gar\u00e9s.<\/strong><br><strong>Une succession de situations o\u00f9 rien n\u2019\u00e9gale la l\u00e2chet\u00e9, l\u2019hypocrisie, la mauvaise foi, l\u2019\u00e9go\u00efsme des personnages. Le duo, dans un encha\u00eenement de sayn\u00e8tes qui fr\u00f4lent l\u2019absurde et le surr\u00e9alisme, nous embarque bien au-del\u00e0 du quotidien.<\/strong><\/p>\n\n\n\n<div class=\"wp-block-media-text alignwide is-stacked-on-mobile\" style=\"grid-template-columns:39% auto\"><figure class=\"wp-block-media-text__media\"><img loading=\"lazy\" decoding=\"async\" width=\"343\" height=\"510\" src=\"https:\/\/theatre-petit-louvre.fr\/avignon\/wp-content\/uploads\/2022\/05\/9-Les-Fous-allies-343x510.jpg\" alt=\"\" class=\"wp-image-3199 size-full\" srcset=\"https:\/\/theatre-petit-louvre.fr\/avignon\/wp-content\/uploads\/2022\/05\/9-Les-Fous-allies-343x510.jpg 343w, https:\/\/theatre-petit-louvre.fr\/avignon\/wp-content\/uploads\/2022\/05\/9-Les-Fous-allies-202x300.jpg 202w, https:\/\/theatre-petit-louvre.fr\/avignon\/wp-content\/uploads\/2022\/05\/9-Les-Fous-allies-101x150.jpg 101w, https:\/\/theatre-petit-louvre.fr\/avignon\/wp-content\/uploads\/2022\/05\/9-Les-Fous-allies.jpg 403w\" sizes=\"auto, (max-width: 343px) 100vw, 343px\" \/><\/figure><div class=\"wp-block-media-text__content\">\n<p class=\"has-small-font-size\">Vincent Cordier a grandi en Belgique. Depuis son enfance il observe les gens et s\u2019amuse de leurs petits et grands d\u00e9fauts. Cet aspect-l\u00e0 de sa personnalit\u00e9 n\u2019est pas \u00e9tranger \u00e0 l\u2019\u00e9criture cisel\u00e9e de sa pi\u00e8ce. Avec bienveillance, il caricature jusqu\u2019\u00e0 l\u2019absurde nos travers dans les relations avec l\u2019autre. Les amoureux de l\u2019humour belge adoreront le c\u00f4t\u00e9 surr\u00e9aliste et d\u00e9cal\u00e9 du spectacle.<br>De quoi s\u2019agit-il&nbsp;? Pendant 1h10, Hugo et Victor (alias Vincent Cordier et Fabrice Pannetier, \u00e0 moins que \u00e7a ne soit l\u2019inverse) vont endosser le costume de seize personnages&nbsp;et passer de l\u2019un \u00e0 l\u2019autre avec beaucoup de finesse, d\u2019\u00e9motion et d\u2019humour : tour \u00e0 tour amis, mari\u00e9s, notaire et client, coll\u00e8gues, patient et m\u00e9decin, couple, ils vont \u00e9changer, s\u2019affronter \u00e0 partir de situations ordinaires, et progressivement basculer vers l\u2019absurde, voire la folie. Ils sont dr\u00f4les, \u00e0 mourir de rire, justes et grin\u00e7ants. Les deux com\u00e9diens nous offrent ici un spectacle rare, plein d\u2019humour, sans aucune vulgarit\u00e9, bien que terriblement provocateur.&nbsp; Quant \u00e0 la mise en sc\u00e8ne tr\u00e8s originale de St\u00e9phane Duclot, elle permet, tout en \u00e9tant simple et sobre, d\u2019encha\u00eener habilement les sayn\u00e8tes et de maintenir un rythme en musique tr\u00e8s enlev\u00e9.<\/p>\n<\/div><\/div>\n\n\n\n<p class=\"has-ast-global-color-0-color has-ast-global-color-4-background-color has-text-color has-background\"><strong>Avec Vincent Cordier et Fabrice Pannetier<\/strong><\/p>\n\n\n\n<p class=\"has-small-font-size\"><strong>Extrait <\/strong>:<br>\u00ab&nbsp;&#8211; Chouchou, j\u2019ai tu\u00e9 ta m\u00e8re.<br>&#8211; Mais qu&rsquo;est-ce que tu racontes ? Maman est morte depuis longtemps !<br>&#8211; Je sais, j&rsquo;aurais d\u00fb te le dire plus t\u00f4t.\u00bb<\/p>\n\n\n\n<p class=\"has-small-font-size\">\u00ab&nbsp;Ils auraient pu s\u2019appeler Un et Deux comme chez&nbsp;<strong>Dubillard<\/strong>, tant ils manient bien le d\u00e9calage et l\u2019absurde, \u00eatre comme les Fr\u00e8res ennemis de&nbsp;<strong>Teddy Vrignault<\/strong>&nbsp;et&nbsp;<strong>Andr\u00e9 Gaillard<\/strong>, tant ils ne sont d\u2019accord sur rien. Sous la forme de <em>Diablogues<\/em>, les deux comparses \u00e9changent des propos sur la mort, la vie, l\u2019amour, l\u2019amiti\u00e9 et\u2026 le trop-plein de gentillesse (ce sketch est \u00e9norme).&nbsp;Un spectacle d\u2019une irr\u00e9sistible dr\u00f4lerie.&nbsp;\u00bb<strong> L\u2019\u0153il d\u2019Olivier<\/strong><\/p>\n\n\n\n<p class=\"has-small-font-size\">\u00ab&nbsp;Une com\u00e9die hilarante.&nbsp;\u00bb<strong> Midi libre<\/strong><\/p>\n\n\n\n<p class=\"has-small-font-size\">\u00ab&nbsp;Des situations burlesques et loufoques. Un succ\u00e8s&nbsp;!&nbsp;\u00bb<strong> La Voix du Nord<\/strong><\/p>\n\n\n\n<p class=\"has-small-font-size\">\u00ab&nbsp;De l\u2019humour nouveau&nbsp;!&nbsp;\u00bb<strong> France 3<\/strong><\/p>\n\n\n\n<p class=\"has-small-font-size\">\u00ab Extr\u00eamement bien vu. R\u00e9gl\u00e9 comme du papier \u00e0 musique.&nbsp;\u00bb <strong>France Bleu<\/strong><\/p>\n\n\n\n<p class=\"has-small-font-size\">Spectacle nomin\u00e9 aux<strong> Cyranos 2023 <\/strong>(qui r\u00e9compensent les spectacles de th\u00e9\u00e2tre se jouant dans les salles de moins de 200 places) dans la cat\u00e9gorie <strong>Meilleur spectacle d\u2019humour<\/strong>.<\/p>\n\n\n\n<p class=\"has-small-font-size\"><\/p>\n\n\n\n<p class=\"has-small-font-size\"><\/p>\n","protected":false},"excerpt":{"rendered":"<p>de Vincent Cordier.&nbsp;Mise en sc\u00e8ne&nbsp;: St\u00e9phane Duclot. L\u2019Inventorium de Calliope SALLE VAN GOGH du 7 au 29 juillet 2023, \u00e0 11h40. Dur\u00e9e 1h10Tarifs 18\/12\/10 euros. Rel\u00e2che le mercredi (12, 19 et 26 juillet). Portraits d\u2019humains \u00e9gar\u00e9s.Une succession de situations o\u00f9 rien n\u2019\u00e9gale la l\u00e2chet\u00e9, l\u2019hypocrisie, la mauvaise foi, l\u2019\u00e9go\u00efsme des personnages. Le duo, dans un [&hellip;]<\/p>\n","protected":false},"author":3,"featured_media":0,"parent":0,"menu_order":0,"comment_status":"closed","ping_status":"closed","template":"","meta":{"_uag_custom_page_level_css":"","site-sidebar-layout":"default","site-content-layout":"","ast-site-content-layout":"default","site-content-style":"default","site-sidebar-style":"default","ast-global-header-display":"","ast-banner-title-visibility":"","ast-main-header-display":"","ast-hfb-above-header-display":"","ast-hfb-below-header-display":"","ast-hfb-mobile-header-display":"","site-post-title":"","ast-breadcrumbs-content":"","ast-featured-img":"","footer-sml-layout":"","ast-disable-related-posts":"","theme-transparent-header-meta":"","adv-header-id-meta":"","stick-header-meta":"","header-above-stick-meta":"","header-main-stick-meta":"","header-below-stick-meta":"","astra-migrate-meta-layouts":"default","ast-page-background-enabled":"default","ast-page-background-meta":{"desktop":{"background-color":"var(--ast-global-color-4)","background-image":"","background-repeat":"repeat","background-position":"center center","background-size":"auto","background-attachment":"scroll","background-type":"","background-media":"","overlay-type":"","overlay-color":"","overlay-opacity":"","overlay-gradient":""},"tablet":{"background-color":"","background-image":"","background-repeat":"repeat","background-position":"center center","background-size":"auto","background-attachment":"scroll","background-type":"","background-media":"","overlay-type":"","overlay-color":"","overlay-opacity":"","overlay-gradient":""},"mobile":{"background-color":"","background-image":"","background-repeat":"repeat","background-position":"center center","background-size":"auto","background-attachment":"scroll","background-type":"","background-media":"","overlay-type":"","overlay-color":"","overlay-opacity":"","overlay-gradient":""}},"ast-content-background-meta":{"desktop":{"background-color":"var(--ast-global-color-5)","background-image":"","background-repeat":"repeat","background-position":"center center","background-size":"auto","background-attachment":"scroll","background-type":"","background-media":"","overlay-type":"","overlay-color":"","overlay-opacity":"","overlay-gradient":""},"tablet":{"background-color":"var(--ast-global-color-5)","background-image":"","background-repeat":"repeat","background-position":"center center","background-size":"auto","background-attachment":"scroll","background-type":"","background-media":"","overlay-type":"","overlay-color":"","overlay-opacity":"","overlay-gradient":""},"mobile":{"background-color":"var(--ast-global-color-5)","background-image":"","background-repeat":"repeat","background-position":"center center","background-size":"auto","background-attachment":"scroll","background-type":"","background-media":"","overlay-type":"","overlay-color":"","overlay-opacity":"","overlay-gradient":""}},"footnotes":"","_links_to":"","_links_to_target":""},"categories":[20,10],"tags":[],"class_list":["post-2821","page","type-page","status-publish","hentry","category-20","category-salle-van-gogh"],"yoast_head":"<!-- This site is optimized with the Yoast SEO plugin v27.4 - https:\/\/yoast.com\/product\/yoast-seo-wordpress\/ -->\n<title>LES FOUS ALLIES - Le Petit Louvre<\/title>\n<meta name=\"description\" content=\"Chaque \u00e9t\u00e9, un th\u00e9\u00e2tre au c\u0153ur d&#039;Avignon, Festival off : des textes, des auteurs, des autrices, des acteurs, des actrices. Deux salles climatis\u00e9es, 15 spectacles, un bar-restaurant.\" \/>\n<meta name=\"robots\" content=\"index, follow, max-snippet:-1, max-image-preview:large, max-video-preview:-1\" \/>\n<link rel=\"canonical\" href=\"https:\/\/theatre-petit-louvre.fr\/avignon\/les-fous-allies\/\" \/>\n<meta property=\"og:locale\" content=\"fr_FR\" \/>\n<meta property=\"og:type\" content=\"article\" \/>\n<meta property=\"og:title\" content=\"LES FOUS ALLIES - Le Petit Louvre\" \/>\n<meta property=\"og:description\" content=\"Chaque \u00e9t\u00e9, un th\u00e9\u00e2tre au c\u0153ur d&#039;Avignon, Festival off : des textes, des auteurs, des autrices, des acteurs, des actrices. Deux salles climatis\u00e9es, 15 spectacles, un bar-restaurant.\" \/>\n<meta property=\"og:url\" content=\"https:\/\/theatre-petit-louvre.fr\/avignon\/les-fous-allies\/\" \/>\n<meta property=\"og:site_name\" content=\"Le Petit Louvre\" \/>\n<meta property=\"article:modified_time\" content=\"2023-06-06T09:41:54+00:00\" \/>\n<meta property=\"og:image\" content=\"https:\/\/theatre-petit-louvre.fr\/avignon\/wp-content\/uploads\/2023\/04\/Fous2@SylvainCrasset-767x510.jpg\" \/>\n<meta name=\"twitter:label1\" content=\"Dur\u00e9e de lecture estim\u00e9e\" \/>\n\t<meta name=\"twitter:data1\" content=\"1 minute\" \/>\n<script type=\"application\/ld+json\" class=\"yoast-schema-graph\">{\"@context\":\"https:\\\/\\\/schema.org\",\"@graph\":[{\"@type\":\"WebPage\",\"@id\":\"https:\\\/\\\/theatre-petit-louvre.fr\\\/avignon\\\/les-fous-allies\\\/\",\"url\":\"https:\\\/\\\/theatre-petit-louvre.fr\\\/avignon\\\/les-fous-allies\\\/\",\"name\":\"LES FOUS ALLIES - Le Petit Louvre\",\"isPartOf\":{\"@id\":\"https:\\\/\\\/theatre-petit-louvre.fr\\\/avignon\\\/#website\"},\"primaryImageOfPage\":{\"@id\":\"https:\\\/\\\/theatre-petit-louvre.fr\\\/avignon\\\/les-fous-allies\\\/#primaryimage\"},\"image\":{\"@id\":\"https:\\\/\\\/theatre-petit-louvre.fr\\\/avignon\\\/les-fous-allies\\\/#primaryimage\"},\"thumbnailUrl\":\"https:\\\/\\\/theatre-petit-louvre.fr\\\/avignon\\\/wp-content\\\/uploads\\\/2023\\\/04\\\/Fous2@SylvainCrasset-767x510.jpg\",\"datePublished\":\"2022-04-12T19:01:53+00:00\",\"dateModified\":\"2023-06-06T09:41:54+00:00\",\"description\":\"Chaque \u00e9t\u00e9, un th\u00e9\u00e2tre au c\u0153ur d'Avignon, Festival off : des textes, des auteurs, des autrices, des acteurs, des actrices. Deux salles climatis\u00e9es, 15 spectacles, un bar-restaurant.\",\"breadcrumb\":{\"@id\":\"https:\\\/\\\/theatre-petit-louvre.fr\\\/avignon\\\/les-fous-allies\\\/#breadcrumb\"},\"inLanguage\":\"fr-FR\",\"potentialAction\":[{\"@type\":\"ReadAction\",\"target\":[\"https:\\\/\\\/theatre-petit-louvre.fr\\\/avignon\\\/les-fous-allies\\\/\"]}]},{\"@type\":\"ImageObject\",\"inLanguage\":\"fr-FR\",\"@id\":\"https:\\\/\\\/theatre-petit-louvre.fr\\\/avignon\\\/les-fous-allies\\\/#primaryimage\",\"url\":\"https:\\\/\\\/theatre-petit-louvre.fr\\\/avignon\\\/wp-content\\\/uploads\\\/2023\\\/04\\\/Fous2@SylvainCrasset.jpg\",\"contentUrl\":\"https:\\\/\\\/theatre-petit-louvre.fr\\\/avignon\\\/wp-content\\\/uploads\\\/2023\\\/04\\\/Fous2@SylvainCrasset.jpg\",\"width\":902,\"height\":600},{\"@type\":\"BreadcrumbList\",\"@id\":\"https:\\\/\\\/theatre-petit-louvre.fr\\\/avignon\\\/les-fous-allies\\\/#breadcrumb\",\"itemListElement\":[{\"@type\":\"ListItem\",\"position\":1,\"name\":\"Home\",\"item\":\"https:\\\/\\\/theatre-petit-louvre.fr\\\/avignon\\\/\"},{\"@type\":\"ListItem\",\"position\":2,\"name\":\"LES FOUS ALLIES\"}]},{\"@type\":\"WebSite\",\"@id\":\"https:\\\/\\\/theatre-petit-louvre.fr\\\/avignon\\\/#website\",\"url\":\"https:\\\/\\\/theatre-petit-louvre.fr\\\/avignon\\\/\",\"name\":\"Le Petit Louvre\",\"description\":\"un th\u00e9\u00e2tre au c\u0153ur d&#039;Avignon | Festival off\",\"publisher\":{\"@id\":\"https:\\\/\\\/theatre-petit-louvre.fr\\\/avignon\\\/#organization\"},\"potentialAction\":[{\"@type\":\"SearchAction\",\"target\":{\"@type\":\"EntryPoint\",\"urlTemplate\":\"https:\\\/\\\/theatre-petit-louvre.fr\\\/avignon\\\/?s={search_term_string}\"},\"query-input\":{\"@type\":\"PropertyValueSpecification\",\"valueRequired\":true,\"valueName\":\"search_term_string\"}}],\"inLanguage\":\"fr-FR\"},{\"@type\":\"Organization\",\"@id\":\"https:\\\/\\\/theatre-petit-louvre.fr\\\/avignon\\\/#organization\",\"name\":\"Th\u00e9\u00e2tre Le Petit Louvre\",\"url\":\"https:\\\/\\\/theatre-petit-louvre.fr\\\/avignon\\\/\",\"logo\":{\"@type\":\"ImageObject\",\"inLanguage\":\"fr-FR\",\"@id\":\"https:\\\/\\\/theatre-petit-louvre.fr\\\/avignon\\\/#\\\/schema\\\/logo\\\/image\\\/\",\"url\":\"https:\\\/\\\/theatre-petit-louvre.fr\\\/avignon\\\/wp-content\\\/uploads\\\/2022\\\/05\\\/logo_petit-louvre_2008_RVB.png\",\"contentUrl\":\"https:\\\/\\\/theatre-petit-louvre.fr\\\/avignon\\\/wp-content\\\/uploads\\\/2022\\\/05\\\/logo_petit-louvre_2008_RVB.png\",\"width\":374,\"height\":800,\"caption\":\"Th\u00e9\u00e2tre Le Petit Louvre\"},\"image\":{\"@id\":\"https:\\\/\\\/theatre-petit-louvre.fr\\\/avignon\\\/#\\\/schema\\\/logo\\\/image\\\/\"}}]}<\/script>\n<!-- \/ Yoast SEO plugin. -->","yoast_head_json":{"title":"LES FOUS ALLIES - Le Petit Louvre","description":"Chaque \u00e9t\u00e9, un th\u00e9\u00e2tre au c\u0153ur d'Avignon, Festival off : des textes, des auteurs, des autrices, des acteurs, des actrices. Deux salles climatis\u00e9es, 15 spectacles, un bar-restaurant.","robots":{"index":"index","follow":"follow","max-snippet":"max-snippet:-1","max-image-preview":"max-image-preview:large","max-video-preview":"max-video-preview:-1"},"canonical":"https:\/\/theatre-petit-louvre.fr\/avignon\/les-fous-allies\/","og_locale":"fr_FR","og_type":"article","og_title":"LES FOUS ALLIES - Le Petit Louvre","og_description":"Chaque \u00e9t\u00e9, un th\u00e9\u00e2tre au c\u0153ur d'Avignon, Festival off : des textes, des auteurs, des autrices, des acteurs, des actrices. Deux salles climatis\u00e9es, 15 spectacles, un bar-restaurant.","og_url":"https:\/\/theatre-petit-louvre.fr\/avignon\/les-fous-allies\/","og_site_name":"Le Petit Louvre","article_modified_time":"2023-06-06T09:41:54+00:00","og_image":[{"url":"https:\/\/theatre-petit-louvre.fr\/avignon\/wp-content\/uploads\/2023\/04\/Fous2@SylvainCrasset-767x510.jpg","type":"","width":"","height":""}],"twitter_misc":{"Dur\u00e9e de lecture estim\u00e9e":"1 minute"},"schema":{"@context":"https:\/\/schema.org","@graph":[{"@type":"WebPage","@id":"https:\/\/theatre-petit-louvre.fr\/avignon\/les-fous-allies\/","url":"https:\/\/theatre-petit-louvre.fr\/avignon\/les-fous-allies\/","name":"LES FOUS ALLIES - Le Petit Louvre","isPartOf":{"@id":"https:\/\/theatre-petit-louvre.fr\/avignon\/#website"},"primaryImageOfPage":{"@id":"https:\/\/theatre-petit-louvre.fr\/avignon\/les-fous-allies\/#primaryimage"},"image":{"@id":"https:\/\/theatre-petit-louvre.fr\/avignon\/les-fous-allies\/#primaryimage"},"thumbnailUrl":"https:\/\/theatre-petit-louvre.fr\/avignon\/wp-content\/uploads\/2023\/04\/Fous2@SylvainCrasset-767x510.jpg","datePublished":"2022-04-12T19:01:53+00:00","dateModified":"2023-06-06T09:41:54+00:00","description":"Chaque \u00e9t\u00e9, un th\u00e9\u00e2tre au c\u0153ur d'Avignon, Festival off : des textes, des auteurs, des autrices, des acteurs, des actrices. Deux salles climatis\u00e9es, 15 spectacles, un bar-restaurant.","breadcrumb":{"@id":"https:\/\/theatre-petit-louvre.fr\/avignon\/les-fous-allies\/#breadcrumb"},"inLanguage":"fr-FR","potentialAction":[{"@type":"ReadAction","target":["https:\/\/theatre-petit-louvre.fr\/avignon\/les-fous-allies\/"]}]},{"@type":"ImageObject","inLanguage":"fr-FR","@id":"https:\/\/theatre-petit-louvre.fr\/avignon\/les-fous-allies\/#primaryimage","url":"https:\/\/theatre-petit-louvre.fr\/avignon\/wp-content\/uploads\/2023\/04\/Fous2@SylvainCrasset.jpg","contentUrl":"https:\/\/theatre-petit-louvre.fr\/avignon\/wp-content\/uploads\/2023\/04\/Fous2@SylvainCrasset.jpg","width":902,"height":600},{"@type":"BreadcrumbList","@id":"https:\/\/theatre-petit-louvre.fr\/avignon\/les-fous-allies\/#breadcrumb","itemListElement":[{"@type":"ListItem","position":1,"name":"Home","item":"https:\/\/theatre-petit-louvre.fr\/avignon\/"},{"@type":"ListItem","position":2,"name":"LES FOUS ALLIES"}]},{"@type":"WebSite","@id":"https:\/\/theatre-petit-louvre.fr\/avignon\/#website","url":"https:\/\/theatre-petit-louvre.fr\/avignon\/","name":"Le Petit Louvre","description":"un th\u00e9\u00e2tre au c\u0153ur d&#039;Avignon | Festival off","publisher":{"@id":"https:\/\/theatre-petit-louvre.fr\/avignon\/#organization"},"potentialAction":[{"@type":"SearchAction","target":{"@type":"EntryPoint","urlTemplate":"https:\/\/theatre-petit-louvre.fr\/avignon\/?s={search_term_string}"},"query-input":{"@type":"PropertyValueSpecification","valueRequired":true,"valueName":"search_term_string"}}],"inLanguage":"fr-FR"},{"@type":"Organization","@id":"https:\/\/theatre-petit-louvre.fr\/avignon\/#organization","name":"Th\u00e9\u00e2tre Le Petit Louvre","url":"https:\/\/theatre-petit-louvre.fr\/avignon\/","logo":{"@type":"ImageObject","inLanguage":"fr-FR","@id":"https:\/\/theatre-petit-louvre.fr\/avignon\/#\/schema\/logo\/image\/","url":"https:\/\/theatre-petit-louvre.fr\/avignon\/wp-content\/uploads\/2022\/05\/logo_petit-louvre_2008_RVB.png","contentUrl":"https:\/\/theatre-petit-louvre.fr\/avignon\/wp-content\/uploads\/2022\/05\/logo_petit-louvre_2008_RVB.png","width":374,"height":800,"caption":"Th\u00e9\u00e2tre Le Petit Louvre"},"image":{"@id":"https:\/\/theatre-petit-louvre.fr\/avignon\/#\/schema\/logo\/image\/"}}]}},"uagb_featured_image_src":{"full":false,"thumbnail":false,"medium":false,"medium_large":false,"large":false,"1536x1536":false,"2048x2048":false},"uagb_author_info":{"display_name":"Jocelyne","author_link":"https:\/\/theatre-petit-louvre.fr\/avignon\/author\/jocelyne\/"},"uagb_comment_info":0,"uagb_excerpt":"de Vincent Cordier.&nbsp;Mise en sc\u00e8ne&nbsp;: St\u00e9phane Duclot. L\u2019Inventorium de Calliope SALLE VAN GOGH du 7 au 29 juillet 2023, \u00e0 11h40. Dur\u00e9e 1h10Tarifs 18\/12\/10 euros. Rel\u00e2che le mercredi (12, 19 et 26 juillet). Portraits d\u2019humains \u00e9gar\u00e9s.Une succession de situations o\u00f9 rien n\u2019\u00e9gale la l\u00e2chet\u00e9, l\u2019hypocrisie, la mauvaise foi, l\u2019\u00e9go\u00efsme des personnages. Le duo, dans un\u2026","_links":{"self":[{"href":"https:\/\/theatre-petit-louvre.fr\/avignon\/wp-json\/wp\/v2\/pages\/2821","targetHints":{"allow":["GET"]}}],"collection":[{"href":"https:\/\/theatre-petit-louvre.fr\/avignon\/wp-json\/wp\/v2\/pages"}],"about":[{"href":"https:\/\/theatre-petit-louvre.fr\/avignon\/wp-json\/wp\/v2\/types\/page"}],"author":[{"embeddable":true,"href":"https:\/\/theatre-petit-louvre.fr\/avignon\/wp-json\/wp\/v2\/users\/3"}],"replies":[{"embeddable":true,"href":"https:\/\/theatre-petit-louvre.fr\/avignon\/wp-json\/wp\/v2\/comments?post=2821"}],"version-history":[{"count":17,"href":"https:\/\/theatre-petit-louvre.fr\/avignon\/wp-json\/wp\/v2\/pages\/2821\/revisions"}],"predecessor-version":[{"id":3756,"href":"https:\/\/theatre-petit-louvre.fr\/avignon\/wp-json\/wp\/v2\/pages\/2821\/revisions\/3756"}],"wp:attachment":[{"href":"https:\/\/theatre-petit-louvre.fr\/avignon\/wp-json\/wp\/v2\/media?parent=2821"}],"wp:term":[{"taxonomy":"category","embeddable":true,"href":"https:\/\/theatre-petit-louvre.fr\/avignon\/wp-json\/wp\/v2\/categories?post=2821"},{"taxonomy":"post_tag","embeddable":true,"href":"https:\/\/theatre-petit-louvre.fr\/avignon\/wp-json\/wp\/v2\/tags?post=2821"}],"curies":[{"name":"wp","href":"https:\/\/api.w.org\/{rel}","templated":true}]}}