{"id":2823,"date":"2022-04-12T20:04:32","date_gmt":"2022-04-12T19:04:32","guid":{"rendered":"https:\/\/theatre-petit-louvre.fr\/avignon\/?page_id=2823"},"modified":"2023-07-01T14:35:31","modified_gmt":"2023-07-01T13:35:31","slug":"alceste-ou-lacteur-fou","status":"publish","type":"page","link":"https:\/\/theatre-petit-louvre.fr\/avignon\/alceste-ou-lacteur-fou\/","title":{"rendered":"ALCESTE ou l&rsquo;Acteur fou"},"content":{"rendered":"\n<div style=\"height:29px\" aria-hidden=\"true\" class=\"wp-block-spacer\"><\/div>\n\n\n\n<p><strong>De Anne Delb\u00e9e, mise en sc\u00e8ne Anne Delb\u00e9e<\/strong><br>Passage production<\/p>\n\n\n\n<p><strong>SALLE VAN GOGH<\/strong>. Du 7 au 30 juillet, \u00e0 <strong>13h45<\/strong>. Dur\u00e9e : <strong>1h10<\/strong><br>TARIFS <strong>20\/14 euros<\/strong>. Rel\u00e2che le mardi <strong>(12, 19 et 26 juillet)<\/strong><\/p>\n\n\n\n<figure class=\"wp-block-image size-large\"><img loading=\"lazy\" decoding=\"async\" width=\"900\" height=\"416\" src=\"https:\/\/theatre-petit-louvre.fr\/avignon\/wp-content\/uploads\/2022\/05\/Alceste-ou-lacteur-fou_hires-e1653856290801-900x416.jpg\" alt=\"\" class=\"wp-image-3204\" srcset=\"https:\/\/theatre-petit-louvre.fr\/avignon\/wp-content\/uploads\/2022\/05\/Alceste-ou-lacteur-fou_hires-e1653856290801-900x416.jpg 900w, https:\/\/theatre-petit-louvre.fr\/avignon\/wp-content\/uploads\/2022\/05\/Alceste-ou-lacteur-fou_hires-e1653856290801-300x139.jpg 300w, https:\/\/theatre-petit-louvre.fr\/avignon\/wp-content\/uploads\/2022\/05\/Alceste-ou-lacteur-fou_hires-e1653856290801-150x69.jpg 150w, https:\/\/theatre-petit-louvre.fr\/avignon\/wp-content\/uploads\/2022\/05\/Alceste-ou-lacteur-fou_hires-e1653856290801-768x355.jpg 768w, https:\/\/theatre-petit-louvre.fr\/avignon\/wp-content\/uploads\/2022\/05\/Alceste-ou-lacteur-fou_hires-e1653856290801.jpg 983w\" sizes=\"auto, (max-width: 900px) 100vw, 900px\" \/><\/figure>\n\n\n\n<p class=\"has-small-font-size\"><strong>Redonner vie aux acteurs<\/strong>. <strong>Apr\u00e8s une repr\u00e9sentation du <em>Misanthrope<\/em> de Moli\u00e8re, Captain et Isidore rest\u00e9s seuls ne vont pas quitter le plateau du th\u00e9\u00e2tre. Ivresse, rage, d\u00e9sespoir, joie, d\u00e9sir, pour une nuit de folie o\u00f9 tout est possible, m\u00eame la venue de Moli\u00e8re&#8230;<\/strong><\/p>\n\n\n\n<figure class=\"wp-block-image alignleft size-large is-resized\"><img loading=\"lazy\" decoding=\"async\" src=\"https:\/\/theatre-petit-louvre.fr\/avignon\/wp-content\/uploads\/2022\/05\/10-Alceste-ou-lacteur-fou-340x510.jpg\" alt=\"\" class=\"wp-image-3205\" width=\"207\" height=\"311\" srcset=\"https:\/\/theatre-petit-louvre.fr\/avignon\/wp-content\/uploads\/2022\/05\/10-Alceste-ou-lacteur-fou-340x510.jpg 340w, https:\/\/theatre-petit-louvre.fr\/avignon\/wp-content\/uploads\/2022\/05\/10-Alceste-ou-lacteur-fou-200x300.jpg 200w, https:\/\/theatre-petit-louvre.fr\/avignon\/wp-content\/uploads\/2022\/05\/10-Alceste-ou-lacteur-fou-100x150.jpg 100w, https:\/\/theatre-petit-louvre.fr\/avignon\/wp-content\/uploads\/2022\/05\/10-Alceste-ou-lacteur-fou.jpg 400w\" sizes=\"auto, (max-width: 207px) 100vw, 207px\" \/><\/figure>\n\n\n\n<p class=\"has-small-font-size\"><em>\u00ab&nbsp;Nous \u00e9tions en Juillet 2020 ! Les th\u00e9\u00e2tres \u00e9taient devenus silencieux\u2026 Pour combien de temps&nbsp;?<\/em><br><em>Th\u00e9\u00e2tre de la pr\u00e9sence, en chair et en os, face aux spectateurs vivants, acte irrempla\u00e7able depuis la nuit des temps, dernier acte de r\u00e9sistance dans des moments troubl\u00e9s, musel\u00e9s, \u00e9touff\u00e9s. Essentiel ! Je ressentais cette mort comme si bient\u00f4t l\u2019humanit\u00e9 enti\u00e8re allait dispara\u00eetre. Car sans la parole humaine, nous sommes bien peu de choses. L\u2019humanit\u00e9 n\u2019\u00e9tait plus qu\u2019un visage, le m\u00eame, cach\u00e9, plat sous les masques et les voix des sons pr\u00e9enregistr\u00e9s. Certes nous avions encore droit \u00e0 des retransmissions, des captations, des live, ersatz du Th\u00e9\u00e2tre\u2026 Mais le Th\u00e9\u00e2tre \u00e0 l\u2019image de l\u2019humanit\u00e9 avait perdu son rire, la palpitation de ses larmes, l\u2019emballement de son c\u0153ur, le battement de ses pieds, le claquement de ses mains et surtout le scintillement des po\u00e8tes.<\/em><br><em>C\u2019est alors que j\u2019ai pens\u00e9 \u00e0 Moli\u00e8re. D\u00e9cembre 1665, Moli\u00e8re tombe malade, les gazettes le disent mourant. L\u2019Illustre Th\u00e9\u00e2tre ferme. Solitaire, sans troupe, il \u00e9crit pourtant pour r\u00e9sister encore une fois gr\u00e2ce au th\u00e9\u00e2tre. Ce sera <\/em>Le Misanthrope<em> quelques mois plus tard et la grande figure d\u2019Alceste, l\u2019extravagant, dans la lumi\u00e8re immortelle de la sc\u00e8ne, cet endroit \u00e9cart\u00e9 (\u2026) \u00ab\u00a0O\u00f9 d\u2019\u00eatre Homme d\u2019honneur on ait la libert\u00e9\u00a0\u00bb.<\/em><br><em>Le Vieux Ma\u00eetre, l\u2019Illustre Clown, le grand Moli\u00e8re qui ne renon\u00e7ait jamais et repoussait la mort dans les coulisses du R\u00e9el, sachant qu\u2019au Th\u00e9\u00e2tre on ressuscite toujours, m\u2019a souffl\u00e9 cet Alceste ou L\u2019Acteur Fou, J\u2019ai alors \u00e9crit pour les deux acteurs qui avaient jou\u00e9 pour moi Alceste et Philinte deux ans auparavant \u00e0 Versailles&nbsp;; j\u2019ai \u00e9crit pour qu\u2019ils s\u2019incarnent dans les personnages de Captain et Isidore&nbsp;; et le troisi\u00e8me, le personnage de \u00ab\u00a0Elle&nbsp;\u00ab\u00a0, m\u2019a \u00e9t\u00e9 inspir\u00e9 par celle qui jouait alors C\u00e9lim\u00e8ne.<\/em><br><em>Quand on est chef de troupe, \u00e9crire pour des acteurs et des actrices est irrempla\u00e7able.<\/em><br><em>Durant ces mois de silence, nous avons r\u00e9p\u00e9t\u00e9 au Th\u00e9\u00e2tre de la Contrescarpe sans d\u00e9cor, sans dates, sans horizon mais dans l\u2019espace infini du th\u00e9\u00e2tre o\u00f9 comme le dit Louis Jouvet&nbsp;: \u00ab\u00a0Personne n\u2019a jamais verrouill\u00e9 la porte aux esprits.<\/em>\u00ab\u00a0<br><em>Je n\u2019avais pas pens\u00e9 une seule seconde qu\u2019en 2022 ce serait le 400\u00e8me anniversaire de la naissance de Moli\u00e8re \u2014 Le Hasard est toujours au rendez-vous.\u00bb<\/em> <strong>Anne Delb\u00e9e<\/strong><\/p>\n\n\n\n<p class=\"has-ast-global-color-0-color has-ast-global-color-4-background-color has-text-color has-background\"><strong>Avec Valentin Fruitier, Emmanuel Barrouyer et la voix d&rsquo;Emilie Delb\u00e9e<\/strong><\/p>\n\n\n\n<p class=\"has-ast-global-color-0-color has-text-color has-small-font-size\"><em>Costumes&nbsp;<\/em>: Mine Verg\u00e8s &#8211; <em>Musique&nbsp;<\/em>: Patrick Najean<\/p>\n\n\n\n<p><\/p>\n","protected":false},"excerpt":{"rendered":"<p>De Anne Delb\u00e9e, mise en sc\u00e8ne Anne Delb\u00e9ePassage production SALLE VAN GOGH. Du 7 au 30 juillet, \u00e0 13h45. Dur\u00e9e : 1h10TARIFS 20\/14 euros. Rel\u00e2che le mardi (12, 19 et 26 juillet) Redonner vie aux acteurs. Apr\u00e8s une repr\u00e9sentation du Misanthrope de Moli\u00e8re, Captain et Isidore rest\u00e9s seuls ne vont pas quitter le plateau du [&hellip;]<\/p>\n","protected":false},"author":3,"featured_media":0,"parent":0,"menu_order":0,"comment_status":"closed","ping_status":"closed","template":"","meta":{"_uag_custom_page_level_css":"","site-sidebar-layout":"default","site-content-layout":"","ast-site-content-layout":"default","site-content-style":"default","site-sidebar-style":"default","ast-global-header-display":"","ast-banner-title-visibility":"","ast-main-header-display":"","ast-hfb-above-header-display":"","ast-hfb-below-header-display":"","ast-hfb-mobile-header-display":"","site-post-title":"","ast-breadcrumbs-content":"","ast-featured-img":"","footer-sml-layout":"","ast-disable-related-posts":"","theme-transparent-header-meta":"","adv-header-id-meta":"","stick-header-meta":"","header-above-stick-meta":"","header-main-stick-meta":"","header-below-stick-meta":"","astra-migrate-meta-layouts":"default","ast-page-background-enabled":"default","ast-page-background-meta":{"desktop":{"background-color":"var(--ast-global-color-4)","background-image":"","background-repeat":"repeat","background-position":"center center","background-size":"auto","background-attachment":"scroll","background-type":"","background-media":"","overlay-type":"","overlay-color":"","overlay-opacity":"","overlay-gradient":""},"tablet":{"background-color":"","background-image":"","background-repeat":"repeat","background-position":"center center","background-size":"auto","background-attachment":"scroll","background-type":"","background-media":"","overlay-type":"","overlay-color":"","overlay-opacity":"","overlay-gradient":""},"mobile":{"background-color":"","background-image":"","background-repeat":"repeat","background-position":"center center","background-size":"auto","background-attachment":"scroll","background-type":"","background-media":"","overlay-type":"","overlay-color":"","overlay-opacity":"","overlay-gradient":""}},"ast-content-background-meta":{"desktop":{"background-color":"var(--ast-global-color-5)","background-image":"","background-repeat":"repeat","background-position":"center center","background-size":"auto","background-attachment":"scroll","background-type":"","background-media":"","overlay-type":"","overlay-color":"","overlay-opacity":"","overlay-gradient":""},"tablet":{"background-color":"var(--ast-global-color-5)","background-image":"","background-repeat":"repeat","background-position":"center center","background-size":"auto","background-attachment":"scroll","background-type":"","background-media":"","overlay-type":"","overlay-color":"","overlay-opacity":"","overlay-gradient":""},"mobile":{"background-color":"var(--ast-global-color-5)","background-image":"","background-repeat":"repeat","background-position":"center center","background-size":"auto","background-attachment":"scroll","background-type":"","background-media":"","overlay-type":"","overlay-color":"","overlay-opacity":"","overlay-gradient":""}},"footnotes":"","_links_to":"","_links_to_target":""},"categories":[18,10],"tags":[],"class_list":["post-2823","page","type-page","status-publish","hentry","category-vingt-deux","category-salle-van-gogh"],"yoast_head":"<!-- This site is optimized with the Yoast SEO plugin v27.3 - https:\/\/yoast.com\/product\/yoast-seo-wordpress\/ -->\n<title>ALCESTE ou l&#039;Acteur fou - Le Petit Louvre<\/title>\n<meta name=\"description\" content=\"Chaque \u00e9t\u00e9, un th\u00e9\u00e2tre au c\u0153ur d&#039;Avignon, Festival off : des textes, des auteurs, des autrices, des acteurs, des actrices. Deux salles climatis\u00e9es, 15 spectacles, un bar-restaurant.\" \/>\n<meta name=\"robots\" content=\"index, follow, max-snippet:-1, max-image-preview:large, max-video-preview:-1\" \/>\n<link rel=\"canonical\" href=\"https:\/\/theatre-petit-louvre.fr\/avignon\/alceste-ou-lacteur-fou\/\" \/>\n<meta property=\"og:locale\" content=\"fr_FR\" \/>\n<meta property=\"og:type\" content=\"article\" \/>\n<meta property=\"og:title\" content=\"ALCESTE ou l&#039;Acteur fou - Le Petit Louvre\" \/>\n<meta property=\"og:description\" content=\"Chaque \u00e9t\u00e9, un th\u00e9\u00e2tre au c\u0153ur d&#039;Avignon, Festival off : des textes, des auteurs, des autrices, des acteurs, des actrices. Deux salles climatis\u00e9es, 15 spectacles, un bar-restaurant.\" \/>\n<meta property=\"og:url\" content=\"https:\/\/theatre-petit-louvre.fr\/avignon\/alceste-ou-lacteur-fou\/\" \/>\n<meta property=\"og:site_name\" content=\"Le Petit Louvre\" \/>\n<meta property=\"article:modified_time\" content=\"2023-07-01T13:35:31+00:00\" \/>\n<meta property=\"og:image\" content=\"https:\/\/theatre-petit-louvre.fr\/avignon\/wp-content\/uploads\/2022\/05\/Alceste-ou-lacteur-fou_hires-e1653856290801-900x416.jpg\" \/>\n<meta name=\"twitter:label1\" content=\"Dur\u00e9e de lecture estim\u00e9e\" \/>\n\t<meta name=\"twitter:data1\" content=\"1 minute\" \/>\n<script type=\"application\/ld+json\" class=\"yoast-schema-graph\">{\"@context\":\"https:\\\/\\\/schema.org\",\"@graph\":[{\"@type\":\"WebPage\",\"@id\":\"https:\\\/\\\/theatre-petit-louvre.fr\\\/avignon\\\/alceste-ou-lacteur-fou\\\/\",\"url\":\"https:\\\/\\\/theatre-petit-louvre.fr\\\/avignon\\\/alceste-ou-lacteur-fou\\\/\",\"name\":\"ALCESTE ou l'Acteur fou - Le Petit Louvre\",\"isPartOf\":{\"@id\":\"https:\\\/\\\/theatre-petit-louvre.fr\\\/avignon\\\/#website\"},\"primaryImageOfPage\":{\"@id\":\"https:\\\/\\\/theatre-petit-louvre.fr\\\/avignon\\\/alceste-ou-lacteur-fou\\\/#primaryimage\"},\"image\":{\"@id\":\"https:\\\/\\\/theatre-petit-louvre.fr\\\/avignon\\\/alceste-ou-lacteur-fou\\\/#primaryimage\"},\"thumbnailUrl\":\"https:\\\/\\\/theatre-petit-louvre.fr\\\/avignon\\\/wp-content\\\/uploads\\\/2022\\\/05\\\/Alceste-ou-lacteur-fou_hires-e1653856290801-900x416.jpg\",\"datePublished\":\"2022-04-12T19:04:32+00:00\",\"dateModified\":\"2023-07-01T13:35:31+00:00\",\"description\":\"Chaque \u00e9t\u00e9, un th\u00e9\u00e2tre au c\u0153ur d'Avignon, Festival off : des textes, des auteurs, des autrices, des acteurs, des actrices. Deux salles climatis\u00e9es, 15 spectacles, un bar-restaurant.\",\"breadcrumb\":{\"@id\":\"https:\\\/\\\/theatre-petit-louvre.fr\\\/avignon\\\/alceste-ou-lacteur-fou\\\/#breadcrumb\"},\"inLanguage\":\"fr-FR\",\"potentialAction\":[{\"@type\":\"ReadAction\",\"target\":[\"https:\\\/\\\/theatre-petit-louvre.fr\\\/avignon\\\/alceste-ou-lacteur-fou\\\/\"]}]},{\"@type\":\"ImageObject\",\"inLanguage\":\"fr-FR\",\"@id\":\"https:\\\/\\\/theatre-petit-louvre.fr\\\/avignon\\\/alceste-ou-lacteur-fou\\\/#primaryimage\",\"url\":\"https:\\\/\\\/theatre-petit-louvre.fr\\\/avignon\\\/wp-content\\\/uploads\\\/2022\\\/05\\\/Alceste-ou-lacteur-fou_hires-e1653856290801.jpg\",\"contentUrl\":\"https:\\\/\\\/theatre-petit-louvre.fr\\\/avignon\\\/wp-content\\\/uploads\\\/2022\\\/05\\\/Alceste-ou-lacteur-fou_hires-e1653856290801.jpg\",\"width\":983,\"height\":454},{\"@type\":\"BreadcrumbList\",\"@id\":\"https:\\\/\\\/theatre-petit-louvre.fr\\\/avignon\\\/alceste-ou-lacteur-fou\\\/#breadcrumb\",\"itemListElement\":[{\"@type\":\"ListItem\",\"position\":1,\"name\":\"Home\",\"item\":\"https:\\\/\\\/theatre-petit-louvre.fr\\\/avignon\\\/\"},{\"@type\":\"ListItem\",\"position\":2,\"name\":\"ALCESTE ou l&rsquo;Acteur fou\"}]},{\"@type\":\"WebSite\",\"@id\":\"https:\\\/\\\/theatre-petit-louvre.fr\\\/avignon\\\/#website\",\"url\":\"https:\\\/\\\/theatre-petit-louvre.fr\\\/avignon\\\/\",\"name\":\"Le Petit Louvre\",\"description\":\"un th\u00e9\u00e2tre au c\u0153ur d&#039;Avignon | Festival off\",\"publisher\":{\"@id\":\"https:\\\/\\\/theatre-petit-louvre.fr\\\/avignon\\\/#organization\"},\"potentialAction\":[{\"@type\":\"SearchAction\",\"target\":{\"@type\":\"EntryPoint\",\"urlTemplate\":\"https:\\\/\\\/theatre-petit-louvre.fr\\\/avignon\\\/?s={search_term_string}\"},\"query-input\":{\"@type\":\"PropertyValueSpecification\",\"valueRequired\":true,\"valueName\":\"search_term_string\"}}],\"inLanguage\":\"fr-FR\"},{\"@type\":\"Organization\",\"@id\":\"https:\\\/\\\/theatre-petit-louvre.fr\\\/avignon\\\/#organization\",\"name\":\"Th\u00e9\u00e2tre Le Petit Louvre\",\"url\":\"https:\\\/\\\/theatre-petit-louvre.fr\\\/avignon\\\/\",\"logo\":{\"@type\":\"ImageObject\",\"inLanguage\":\"fr-FR\",\"@id\":\"https:\\\/\\\/theatre-petit-louvre.fr\\\/avignon\\\/#\\\/schema\\\/logo\\\/image\\\/\",\"url\":\"https:\\\/\\\/theatre-petit-louvre.fr\\\/avignon\\\/wp-content\\\/uploads\\\/2022\\\/05\\\/logo_petit-louvre_2008_RVB.png\",\"contentUrl\":\"https:\\\/\\\/theatre-petit-louvre.fr\\\/avignon\\\/wp-content\\\/uploads\\\/2022\\\/05\\\/logo_petit-louvre_2008_RVB.png\",\"width\":374,\"height\":800,\"caption\":\"Th\u00e9\u00e2tre Le Petit Louvre\"},\"image\":{\"@id\":\"https:\\\/\\\/theatre-petit-louvre.fr\\\/avignon\\\/#\\\/schema\\\/logo\\\/image\\\/\"}}]}<\/script>\n<!-- \/ Yoast SEO plugin. -->","yoast_head_json":{"title":"ALCESTE ou l'Acteur fou - Le Petit Louvre","description":"Chaque \u00e9t\u00e9, un th\u00e9\u00e2tre au c\u0153ur d'Avignon, Festival off : des textes, des auteurs, des autrices, des acteurs, des actrices. Deux salles climatis\u00e9es, 15 spectacles, un bar-restaurant.","robots":{"index":"index","follow":"follow","max-snippet":"max-snippet:-1","max-image-preview":"max-image-preview:large","max-video-preview":"max-video-preview:-1"},"canonical":"https:\/\/theatre-petit-louvre.fr\/avignon\/alceste-ou-lacteur-fou\/","og_locale":"fr_FR","og_type":"article","og_title":"ALCESTE ou l'Acteur fou - Le Petit Louvre","og_description":"Chaque \u00e9t\u00e9, un th\u00e9\u00e2tre au c\u0153ur d'Avignon, Festival off : des textes, des auteurs, des autrices, des acteurs, des actrices. Deux salles climatis\u00e9es, 15 spectacles, un bar-restaurant.","og_url":"https:\/\/theatre-petit-louvre.fr\/avignon\/alceste-ou-lacteur-fou\/","og_site_name":"Le Petit Louvre","article_modified_time":"2023-07-01T13:35:31+00:00","og_image":[{"url":"https:\/\/theatre-petit-louvre.fr\/avignon\/wp-content\/uploads\/2022\/05\/Alceste-ou-lacteur-fou_hires-e1653856290801-900x416.jpg","type":"","width":"","height":""}],"twitter_misc":{"Dur\u00e9e de lecture estim\u00e9e":"1 minute"},"schema":{"@context":"https:\/\/schema.org","@graph":[{"@type":"WebPage","@id":"https:\/\/theatre-petit-louvre.fr\/avignon\/alceste-ou-lacteur-fou\/","url":"https:\/\/theatre-petit-louvre.fr\/avignon\/alceste-ou-lacteur-fou\/","name":"ALCESTE ou l'Acteur fou - Le Petit Louvre","isPartOf":{"@id":"https:\/\/theatre-petit-louvre.fr\/avignon\/#website"},"primaryImageOfPage":{"@id":"https:\/\/theatre-petit-louvre.fr\/avignon\/alceste-ou-lacteur-fou\/#primaryimage"},"image":{"@id":"https:\/\/theatre-petit-louvre.fr\/avignon\/alceste-ou-lacteur-fou\/#primaryimage"},"thumbnailUrl":"https:\/\/theatre-petit-louvre.fr\/avignon\/wp-content\/uploads\/2022\/05\/Alceste-ou-lacteur-fou_hires-e1653856290801-900x416.jpg","datePublished":"2022-04-12T19:04:32+00:00","dateModified":"2023-07-01T13:35:31+00:00","description":"Chaque \u00e9t\u00e9, un th\u00e9\u00e2tre au c\u0153ur d'Avignon, Festival off : des textes, des auteurs, des autrices, des acteurs, des actrices. Deux salles climatis\u00e9es, 15 spectacles, un bar-restaurant.","breadcrumb":{"@id":"https:\/\/theatre-petit-louvre.fr\/avignon\/alceste-ou-lacteur-fou\/#breadcrumb"},"inLanguage":"fr-FR","potentialAction":[{"@type":"ReadAction","target":["https:\/\/theatre-petit-louvre.fr\/avignon\/alceste-ou-lacteur-fou\/"]}]},{"@type":"ImageObject","inLanguage":"fr-FR","@id":"https:\/\/theatre-petit-louvre.fr\/avignon\/alceste-ou-lacteur-fou\/#primaryimage","url":"https:\/\/theatre-petit-louvre.fr\/avignon\/wp-content\/uploads\/2022\/05\/Alceste-ou-lacteur-fou_hires-e1653856290801.jpg","contentUrl":"https:\/\/theatre-petit-louvre.fr\/avignon\/wp-content\/uploads\/2022\/05\/Alceste-ou-lacteur-fou_hires-e1653856290801.jpg","width":983,"height":454},{"@type":"BreadcrumbList","@id":"https:\/\/theatre-petit-louvre.fr\/avignon\/alceste-ou-lacteur-fou\/#breadcrumb","itemListElement":[{"@type":"ListItem","position":1,"name":"Home","item":"https:\/\/theatre-petit-louvre.fr\/avignon\/"},{"@type":"ListItem","position":2,"name":"ALCESTE ou l&rsquo;Acteur fou"}]},{"@type":"WebSite","@id":"https:\/\/theatre-petit-louvre.fr\/avignon\/#website","url":"https:\/\/theatre-petit-louvre.fr\/avignon\/","name":"Le Petit Louvre","description":"un th\u00e9\u00e2tre au c\u0153ur d&#039;Avignon | Festival off","publisher":{"@id":"https:\/\/theatre-petit-louvre.fr\/avignon\/#organization"},"potentialAction":[{"@type":"SearchAction","target":{"@type":"EntryPoint","urlTemplate":"https:\/\/theatre-petit-louvre.fr\/avignon\/?s={search_term_string}"},"query-input":{"@type":"PropertyValueSpecification","valueRequired":true,"valueName":"search_term_string"}}],"inLanguage":"fr-FR"},{"@type":"Organization","@id":"https:\/\/theatre-petit-louvre.fr\/avignon\/#organization","name":"Th\u00e9\u00e2tre Le Petit Louvre","url":"https:\/\/theatre-petit-louvre.fr\/avignon\/","logo":{"@type":"ImageObject","inLanguage":"fr-FR","@id":"https:\/\/theatre-petit-louvre.fr\/avignon\/#\/schema\/logo\/image\/","url":"https:\/\/theatre-petit-louvre.fr\/avignon\/wp-content\/uploads\/2022\/05\/logo_petit-louvre_2008_RVB.png","contentUrl":"https:\/\/theatre-petit-louvre.fr\/avignon\/wp-content\/uploads\/2022\/05\/logo_petit-louvre_2008_RVB.png","width":374,"height":800,"caption":"Th\u00e9\u00e2tre Le Petit Louvre"},"image":{"@id":"https:\/\/theatre-petit-louvre.fr\/avignon\/#\/schema\/logo\/image\/"}}]}},"uagb_featured_image_src":{"full":false,"thumbnail":false,"medium":false,"medium_large":false,"large":false,"1536x1536":false,"2048x2048":false},"uagb_author_info":{"display_name":"Jocelyne","author_link":"https:\/\/theatre-petit-louvre.fr\/avignon\/author\/jocelyne\/"},"uagb_comment_info":0,"uagb_excerpt":"De Anne Delb\u00e9e, mise en sc\u00e8ne Anne Delb\u00e9ePassage production SALLE VAN GOGH. Du 7 au 30 juillet, \u00e0 13h45. Dur\u00e9e : 1h10TARIFS 20\/14 euros. Rel\u00e2che le mardi (12, 19 et 26 juillet) Redonner vie aux acteurs. Apr\u00e8s une repr\u00e9sentation du Misanthrope de Moli\u00e8re, Captain et Isidore rest\u00e9s seuls ne vont pas quitter le plateau du\u2026","_links":{"self":[{"href":"https:\/\/theatre-petit-louvre.fr\/avignon\/wp-json\/wp\/v2\/pages\/2823","targetHints":{"allow":["GET"]}}],"collection":[{"href":"https:\/\/theatre-petit-louvre.fr\/avignon\/wp-json\/wp\/v2\/pages"}],"about":[{"href":"https:\/\/theatre-petit-louvre.fr\/avignon\/wp-json\/wp\/v2\/types\/page"}],"author":[{"embeddable":true,"href":"https:\/\/theatre-petit-louvre.fr\/avignon\/wp-json\/wp\/v2\/users\/3"}],"replies":[{"embeddable":true,"href":"https:\/\/theatre-petit-louvre.fr\/avignon\/wp-json\/wp\/v2\/comments?post=2823"}],"version-history":[{"count":17,"href":"https:\/\/theatre-petit-louvre.fr\/avignon\/wp-json\/wp\/v2\/pages\/2823\/revisions"}],"predecessor-version":[{"id":3787,"href":"https:\/\/theatre-petit-louvre.fr\/avignon\/wp-json\/wp\/v2\/pages\/2823\/revisions\/3787"}],"wp:attachment":[{"href":"https:\/\/theatre-petit-louvre.fr\/avignon\/wp-json\/wp\/v2\/media?parent=2823"}],"wp:term":[{"taxonomy":"category","embeddable":true,"href":"https:\/\/theatre-petit-louvre.fr\/avignon\/wp-json\/wp\/v2\/categories?post=2823"},{"taxonomy":"post_tag","embeddable":true,"href":"https:\/\/theatre-petit-louvre.fr\/avignon\/wp-json\/wp\/v2\/tags?post=2823"}],"curies":[{"name":"wp","href":"https:\/\/api.w.org\/{rel}","templated":true}]}}