{"id":2825,"date":"2022-04-12T20:06:28","date_gmt":"2022-04-12T19:06:28","guid":{"rendered":"https:\/\/theatre-petit-louvre.fr\/avignon\/?page_id=2825"},"modified":"2023-07-01T19:05:37","modified_gmt":"2023-07-01T18:05:37","slug":"la-vie-materielle","status":"publish","type":"page","link":"https:\/\/theatre-petit-louvre.fr\/avignon\/la-vie-materielle\/","title":{"rendered":"LA VIE MATERIELLE"},"content":{"rendered":"\n<div style=\"height:29px\" aria-hidden=\"true\" class=\"wp-block-spacer\"><\/div>\n\n\n\n<p><strong>de Marguerite Duras.&nbsp;Mise en sc\u00e8ne&nbsp;: William Mesguich. <br><\/strong>Passage production<\/p>\n\n\n\n<p><strong>SALLE VAN GOGH<\/strong>. Du 7 au 30 juillet, \u00e0 <strong>15h20<\/strong>. Dur\u00e9e : <strong>1h<\/strong><br>TARIFS <strong>20\/14 euros<\/strong>. Rel\u00e2che le mardi <strong>(12, 19 et 26 juillet)<\/strong> ainsi qu&rsquo;une rel\u00e2che exceptionnelle le <strong>25 juillet.<\/strong><\/p>\n\n\n\n<figure class=\"wp-block-gallery has-nested-images columns-default is-cropped wp-block-gallery-1 is-layout-flex wp-block-gallery-is-layout-flex\">\n<figure class=\"wp-block-image size-large\"><img loading=\"lazy\" decoding=\"async\" width=\"765\" height=\"510\" data-id=\"3213\" src=\"https:\/\/theatre-petit-louvre.fr\/avignon\/wp-content\/uploads\/2022\/05\/PHOTOS-la-vie-materielle_XC2-copie-web-765x510.jpg\" alt=\"\" class=\"wp-image-3213\" srcset=\"https:\/\/theatre-petit-louvre.fr\/avignon\/wp-content\/uploads\/2022\/05\/PHOTOS-la-vie-materielle_XC2-copie-web-765x510.jpg 765w, https:\/\/theatre-petit-louvre.fr\/avignon\/wp-content\/uploads\/2022\/05\/PHOTOS-la-vie-materielle_XC2-copie-web-300x200.jpg 300w, https:\/\/theatre-petit-louvre.fr\/avignon\/wp-content\/uploads\/2022\/05\/PHOTOS-la-vie-materielle_XC2-copie-web-150x100.jpg 150w, https:\/\/theatre-petit-louvre.fr\/avignon\/wp-content\/uploads\/2022\/05\/PHOTOS-la-vie-materielle_XC2-copie-web-768x512.jpg 768w, https:\/\/theatre-petit-louvre.fr\/avignon\/wp-content\/uploads\/2022\/05\/PHOTOS-la-vie-materielle_XC2-copie-web.jpg 900w\" sizes=\"auto, (max-width: 765px) 100vw, 765px\" \/><\/figure>\n\n\n\n<figure class=\"wp-block-image size-large\"><img loading=\"lazy\" decoding=\"async\" width=\"765\" height=\"510\" data-id=\"3211\" src=\"https:\/\/theatre-petit-louvre.fr\/avignon\/wp-content\/uploads\/2022\/05\/PHOTOS-la-vie-materielle_XC3-765x510.jpg\" alt=\"\" class=\"wp-image-3211\" srcset=\"https:\/\/theatre-petit-louvre.fr\/avignon\/wp-content\/uploads\/2022\/05\/PHOTOS-la-vie-materielle_XC3-765x510.jpg 765w, https:\/\/theatre-petit-louvre.fr\/avignon\/wp-content\/uploads\/2022\/05\/PHOTOS-la-vie-materielle_XC3-300x200.jpg 300w, https:\/\/theatre-petit-louvre.fr\/avignon\/wp-content\/uploads\/2022\/05\/PHOTOS-la-vie-materielle_XC3-150x100.jpg 150w, https:\/\/theatre-petit-louvre.fr\/avignon\/wp-content\/uploads\/2022\/05\/PHOTOS-la-vie-materielle_XC3-768x512.jpg 768w, https:\/\/theatre-petit-louvre.fr\/avignon\/wp-content\/uploads\/2022\/05\/PHOTOS-la-vie-materielle_XC3.jpg 900w\" sizes=\"auto, (max-width: 765px) 100vw, 765px\" \/><\/figure>\n\n\n\n<figure class=\"wp-block-image size-large\"><img loading=\"lazy\" decoding=\"async\" width=\"765\" height=\"510\" data-id=\"3212\" src=\"https:\/\/theatre-petit-louvre.fr\/avignon\/wp-content\/uploads\/2022\/05\/PHOTOS-la-vie-materielle_XC4-765x510.jpg\" alt=\"\" class=\"wp-image-3212\" srcset=\"https:\/\/theatre-petit-louvre.fr\/avignon\/wp-content\/uploads\/2022\/05\/PHOTOS-la-vie-materielle_XC4-765x510.jpg 765w, https:\/\/theatre-petit-louvre.fr\/avignon\/wp-content\/uploads\/2022\/05\/PHOTOS-la-vie-materielle_XC4-300x200.jpg 300w, https:\/\/theatre-petit-louvre.fr\/avignon\/wp-content\/uploads\/2022\/05\/PHOTOS-la-vie-materielle_XC4-150x100.jpg 150w, https:\/\/theatre-petit-louvre.fr\/avignon\/wp-content\/uploads\/2022\/05\/PHOTOS-la-vie-materielle_XC4-768x512.jpg 768w, https:\/\/theatre-petit-louvre.fr\/avignon\/wp-content\/uploads\/2022\/05\/PHOTOS-la-vie-materielle_XC4.jpg 900w\" sizes=\"auto, (max-width: 765px) 100vw, 765px\" \/><\/figure>\n<\/figure>\n\n\n\n<p class=\"has-small-font-size\"><strong>Confession d\u2019un auteur majeur<\/strong>. <strong>Accord\u00e9s au journaliste et \u00e9crivain J\u00e9r\u00f4me Beaujour et retravaill\u00e9s par la suite, ces entretiens sont l&rsquo;occasion pour Marguerite Duras d&rsquo;aborder sans tabou tous ses sujets de pr\u00e9dilection, <strong>l&rsquo;enfance en Indochine, le rapport \u00e0 la m\u00e8re, les lieux fondateurs de sa vie d&rsquo;adulte, la vie amoureuse et sexuelle, l&rsquo;alcool\u2026 Catherine Artigala d\u00e9roule avec grande justesse cette vie hors norme.<\/strong> <\/strong><\/p>\n\n\n\n<figure class=\"wp-block-image alignleft size-large is-resized\"><img loading=\"lazy\" decoding=\"async\" src=\"https:\/\/theatre-petit-louvre.fr\/avignon\/wp-content\/uploads\/2022\/05\/11-La-Vie-materielle-361x510.jpg\" alt=\"\" class=\"wp-image-3214\" width=\"202\" height=\"285\" srcset=\"https:\/\/theatre-petit-louvre.fr\/avignon\/wp-content\/uploads\/2022\/05\/11-La-Vie-materielle-361x510.jpg 361w, https:\/\/theatre-petit-louvre.fr\/avignon\/wp-content\/uploads\/2022\/05\/11-La-Vie-materielle-213x300.jpg 213w, https:\/\/theatre-petit-louvre.fr\/avignon\/wp-content\/uploads\/2022\/05\/11-La-Vie-materielle-106x150.jpg 106w, https:\/\/theatre-petit-louvre.fr\/avignon\/wp-content\/uploads\/2022\/05\/11-La-Vie-materielle.jpg 425w\" sizes=\"auto, (max-width: 202px) 100vw, 202px\" \/><\/figure>\n\n\n\n<p class=\"has-small-font-size\"><em>La Vie Mat\u00e9rielle<\/em> a \u00e9t\u00e9 con\u00e7ue au d\u00e9part comme une s\u00e9rie d\u2019entretiens avec le journaliste-\u00e9crivain J\u00e9r\u00f4me Beaujour. Progressivement les questions ont \u00e9t\u00e9 gomm\u00e9es et le dialogue s\u2019est transform\u00e9 en un long monologue autour de la pens\u00e9e de l\u2019autrice. Marguerite Duras se livre sans tabou, nous parle d\u2019elle, de sa vie, intime et professionnelle, de son enfance, des lieux fondateurs (Paris, Neauphle-le-Ch\u00e2teau, Trouville), de sa rencontre d\u00e9terminante avec Yann Andr\u00e9a, de l\u2019\u00e9criture un peu, et de l\u2019ivresse alcoolique. Elle parle de la femme qu\u2019elle a \u00e9t\u00e9, qu\u2019elle est, de sa vie amoureuse et sexuelle, et \u00e0 travers elle, de toutes les femmes, m\u00e8res, amantes, femmes au foyer\u2026 des hommes aussi, du d\u00e9sir,&nbsp;de l\u2019amour\u2026 \u00ab&nbsp;<em>Le livre ne repr\u00e9sente tout au plus que ce que je pense certaines fois, certains jours, de certaines choses.<\/em>&nbsp;\u00bb dira-t-elle. On est en 1987, elle a 73 ans, elle est \u00e0 l\u2019apog\u00e9e de sa carri\u00e8re d\u2019autrice et de cin\u00e9aste.<br>De cet encha\u00eenement de textes, Michel Monnereau a privil\u00e9gi\u00e9 des \u00e9l\u00e9ments concrets de la vie quotidienne pour les assembler en un spectacle d\u2019une heure au cours duquel \u00ab&nbsp;\u2026<em>Duras d\u00e9noue le lien qu\u2019elle entretient au monde, aux rapports homme\/femme, \u00e0 la sexualit\u00e9, \u00e0 son enfance. Il est question de ses obsessions, de ses peurs, de ses convictions. On d\u00e9couvre une Duras se d\u00e9battant dans un quotidien qu\u2019elle peine \u00e0 ma\u00eetriser, se lovant dans la sensualit\u00e9, chemin magnifique vers le plaisir, m\u00ealant l\u2019interdit et la gr\u00e2ce comme un pied de nez magistral fait \u00e0 la bien-pensance bourgeoise et confortable.<\/em>&nbsp;\u00bb William Mesguich<\/p>\n\n\n\n<p class=\"has-ast-global-color-0-color has-ast-global-color-4-background-color has-text-color has-background\"><strong>Avec Catherine Artigala<\/strong><\/p>\n\n\n\n<p class=\"has-ast-global-color-0-color has-text-color has-small-font-size\"><em>Cr\u00e9ation lumi\u00e8res<\/em>&nbsp;: William Mesguich &#8211; <em>Cr\u00e9ation sonore<\/em>&nbsp;: Mathieu Rollin &#8211; <em>Costume&nbsp;<\/em>: Sonia Bosc<\/p>\n\n\n\n<p class=\"has-small-font-size\">\u00ab&nbsp;B\u00eate de sc\u00e8ne, magnifique croqueuse de mots, croqueuse de vie, Catherine Artigala livre les souvenirs de Duras, bec et ongles tendus pour en d\u00e9coudre avec le rideau sale de la r\u00e9alit\u00e9.&nbsp;\u00bb <strong>Le Monde libertaire<\/strong><\/p>\n\n\n\n<p class=\"has-small-font-size\">\u00ab&nbsp;Une magnifique performance dirig\u00e9e de main de ma\u00eetre par William Mesguich.&nbsp;\u00bb <strong>Th\u00e9\u00e2tre passion<\/strong><\/p>\n\n\n\n<p class=\"has-small-font-size\">\u00ab&nbsp;Catherine Artigala est Marguerite. Un mim\u00e9tisme exceptionnel. Une performance d\u2019actrice. La mise en sc\u00e8ne subtile de William Mesguich donne toute la mesure de la com\u00e9dienne. Une tr\u00e8s belle pi\u00e8ce qui nous touche \u00e9norm\u00e9ment.&nbsp;\u00bb <strong>Regarts<\/strong><\/p>\n\n\n\n<p class=\"has-small-font-size\">\u00ab&nbsp;Dirig\u00e9e par le talentueux William Mesguich, Catherine Artigala est admirable\u2026 Une adaptation brillante men\u00e9e par Michel Monnereau \u00bb <strong>Toute la culture<\/strong><\/p>\n","protected":false},"excerpt":{"rendered":"<p>de Marguerite Duras.&nbsp;Mise en sc\u00e8ne&nbsp;: William Mesguich. Passage production SALLE VAN GOGH. Du 7 au 30 juillet, \u00e0 15h20. Dur\u00e9e : 1hTARIFS 20\/14 euros. Rel\u00e2che le mardi (12, 19 et 26 juillet) ainsi qu&rsquo;une rel\u00e2che exceptionnelle le 25 juillet. Confession d\u2019un auteur majeur. Accord\u00e9s au journaliste et \u00e9crivain J\u00e9r\u00f4me Beaujour et retravaill\u00e9s par la suite, [&hellip;]<\/p>\n","protected":false},"author":3,"featured_media":0,"parent":0,"menu_order":0,"comment_status":"closed","ping_status":"closed","template":"","meta":{"_uag_custom_page_level_css":"","site-sidebar-layout":"default","site-content-layout":"","ast-site-content-layout":"default","site-content-style":"default","site-sidebar-style":"default","ast-global-header-display":"","ast-banner-title-visibility":"","ast-main-header-display":"","ast-hfb-above-header-display":"","ast-hfb-below-header-display":"","ast-hfb-mobile-header-display":"","site-post-title":"","ast-breadcrumbs-content":"","ast-featured-img":"","footer-sml-layout":"","ast-disable-related-posts":"","theme-transparent-header-meta":"","adv-header-id-meta":"","stick-header-meta":"","header-above-stick-meta":"","header-main-stick-meta":"","header-below-stick-meta":"","astra-migrate-meta-layouts":"default","ast-page-background-enabled":"default","ast-page-background-meta":{"desktop":{"background-color":"var(--ast-global-color-4)","background-image":"","background-repeat":"repeat","background-position":"center center","background-size":"auto","background-attachment":"scroll","background-type":"","background-media":"","overlay-type":"","overlay-color":"","overlay-opacity":"","overlay-gradient":""},"tablet":{"background-color":"","background-image":"","background-repeat":"repeat","background-position":"center center","background-size":"auto","background-attachment":"scroll","background-type":"","background-media":"","overlay-type":"","overlay-color":"","overlay-opacity":"","overlay-gradient":""},"mobile":{"background-color":"","background-image":"","background-repeat":"repeat","background-position":"center center","background-size":"auto","background-attachment":"scroll","background-type":"","background-media":"","overlay-type":"","overlay-color":"","overlay-opacity":"","overlay-gradient":""}},"ast-content-background-meta":{"desktop":{"background-color":"var(--ast-global-color-5)","background-image":"","background-repeat":"repeat","background-position":"center center","background-size":"auto","background-attachment":"scroll","background-type":"","background-media":"","overlay-type":"","overlay-color":"","overlay-opacity":"","overlay-gradient":""},"tablet":{"background-color":"var(--ast-global-color-5)","background-image":"","background-repeat":"repeat","background-position":"center center","background-size":"auto","background-attachment":"scroll","background-type":"","background-media":"","overlay-type":"","overlay-color":"","overlay-opacity":"","overlay-gradient":""},"mobile":{"background-color":"var(--ast-global-color-5)","background-image":"","background-repeat":"repeat","background-position":"center center","background-size":"auto","background-attachment":"scroll","background-type":"","background-media":"","overlay-type":"","overlay-color":"","overlay-opacity":"","overlay-gradient":""}},"footnotes":"","_links_to":"","_links_to_target":""},"categories":[18,10],"tags":[],"class_list":["post-2825","page","type-page","status-publish","hentry","category-vingt-deux","category-salle-van-gogh"],"yoast_head":"<!-- This site is optimized with the Yoast SEO plugin v27.6 - https:\/\/yoast.com\/product\/yoast-seo-wordpress\/ -->\n<title>LA VIE MATERIELLE - Le Petit Louvre<\/title>\n<meta name=\"description\" content=\"Chaque \u00e9t\u00e9, un th\u00e9\u00e2tre au c\u0153ur d&#039;Avignon, Festival off : des textes, des auteurs, des autrices, des acteurs, des actrices. Deux salles climatis\u00e9es, 15 spectacles, un bar-restaurant.\" \/>\n<meta name=\"robots\" content=\"index, follow, max-snippet:-1, max-image-preview:large, max-video-preview:-1\" \/>\n<link rel=\"canonical\" href=\"https:\/\/theatre-petit-louvre.fr\/avignon\/la-vie-materielle\/\" \/>\n<meta property=\"og:locale\" content=\"fr_FR\" \/>\n<meta property=\"og:type\" content=\"article\" \/>\n<meta property=\"og:title\" content=\"LA VIE MATERIELLE - Le Petit Louvre\" \/>\n<meta property=\"og:description\" content=\"Chaque \u00e9t\u00e9, un th\u00e9\u00e2tre au c\u0153ur d&#039;Avignon, Festival off : des textes, des auteurs, des autrices, des acteurs, des actrices. Deux salles climatis\u00e9es, 15 spectacles, un bar-restaurant.\" \/>\n<meta property=\"og:url\" content=\"https:\/\/theatre-petit-louvre.fr\/avignon\/la-vie-materielle\/\" \/>\n<meta property=\"og:site_name\" content=\"Le Petit Louvre\" \/>\n<meta property=\"article:modified_time\" content=\"2023-07-01T18:05:37+00:00\" \/>\n<meta property=\"og:image\" content=\"https:\/\/theatre-petit-louvre.fr\/avignon\/wp-content\/uploads\/2022\/05\/PHOTOS-la-vie-materielle_XC2-copie-web-765x510.jpg\" \/>\n<meta name=\"twitter:label1\" content=\"Dur\u00e9e de lecture estim\u00e9e\" \/>\n\t<meta name=\"twitter:data1\" content=\"1 minute\" \/>\n<script type=\"application\/ld+json\" class=\"yoast-schema-graph\">{\"@context\":\"https:\\\/\\\/schema.org\",\"@graph\":[{\"@type\":\"WebPage\",\"@id\":\"https:\\\/\\\/theatre-petit-louvre.fr\\\/avignon\\\/la-vie-materielle\\\/\",\"url\":\"https:\\\/\\\/theatre-petit-louvre.fr\\\/avignon\\\/la-vie-materielle\\\/\",\"name\":\"LA VIE MATERIELLE - Le Petit Louvre\",\"isPartOf\":{\"@id\":\"https:\\\/\\\/theatre-petit-louvre.fr\\\/avignon\\\/#website\"},\"primaryImageOfPage\":{\"@id\":\"https:\\\/\\\/theatre-petit-louvre.fr\\\/avignon\\\/la-vie-materielle\\\/#primaryimage\"},\"image\":{\"@id\":\"https:\\\/\\\/theatre-petit-louvre.fr\\\/avignon\\\/la-vie-materielle\\\/#primaryimage\"},\"thumbnailUrl\":\"https:\\\/\\\/theatre-petit-louvre.fr\\\/avignon\\\/wp-content\\\/uploads\\\/2022\\\/05\\\/PHOTOS-la-vie-materielle_XC2-copie-web-765x510.jpg\",\"datePublished\":\"2022-04-12T19:06:28+00:00\",\"dateModified\":\"2023-07-01T18:05:37+00:00\",\"description\":\"Chaque \u00e9t\u00e9, un th\u00e9\u00e2tre au c\u0153ur d'Avignon, Festival off : des textes, des auteurs, des autrices, des acteurs, des actrices. Deux salles climatis\u00e9es, 15 spectacles, un bar-restaurant.\",\"breadcrumb\":{\"@id\":\"https:\\\/\\\/theatre-petit-louvre.fr\\\/avignon\\\/la-vie-materielle\\\/#breadcrumb\"},\"inLanguage\":\"fr-FR\",\"potentialAction\":[{\"@type\":\"ReadAction\",\"target\":[\"https:\\\/\\\/theatre-petit-louvre.fr\\\/avignon\\\/la-vie-materielle\\\/\"]}]},{\"@type\":\"ImageObject\",\"inLanguage\":\"fr-FR\",\"@id\":\"https:\\\/\\\/theatre-petit-louvre.fr\\\/avignon\\\/la-vie-materielle\\\/#primaryimage\",\"url\":\"https:\\\/\\\/theatre-petit-louvre.fr\\\/avignon\\\/wp-content\\\/uploads\\\/2022\\\/05\\\/PHOTOS-la-vie-materielle_XC2-copie-web.jpg\",\"contentUrl\":\"https:\\\/\\\/theatre-petit-louvre.fr\\\/avignon\\\/wp-content\\\/uploads\\\/2022\\\/05\\\/PHOTOS-la-vie-materielle_XC2-copie-web.jpg\",\"width\":900,\"height\":600},{\"@type\":\"BreadcrumbList\",\"@id\":\"https:\\\/\\\/theatre-petit-louvre.fr\\\/avignon\\\/la-vie-materielle\\\/#breadcrumb\",\"itemListElement\":[{\"@type\":\"ListItem\",\"position\":1,\"name\":\"Home\",\"item\":\"https:\\\/\\\/theatre-petit-louvre.fr\\\/avignon\\\/\"},{\"@type\":\"ListItem\",\"position\":2,\"name\":\"LA VIE MATERIELLE\"}]},{\"@type\":\"WebSite\",\"@id\":\"https:\\\/\\\/theatre-petit-louvre.fr\\\/avignon\\\/#website\",\"url\":\"https:\\\/\\\/theatre-petit-louvre.fr\\\/avignon\\\/\",\"name\":\"Le Petit Louvre\",\"description\":\"un th\u00e9\u00e2tre au c\u0153ur d&#039;Avignon | Festival off\",\"publisher\":{\"@id\":\"https:\\\/\\\/theatre-petit-louvre.fr\\\/avignon\\\/#organization\"},\"potentialAction\":[{\"@type\":\"SearchAction\",\"target\":{\"@type\":\"EntryPoint\",\"urlTemplate\":\"https:\\\/\\\/theatre-petit-louvre.fr\\\/avignon\\\/?s={search_term_string}\"},\"query-input\":{\"@type\":\"PropertyValueSpecification\",\"valueRequired\":true,\"valueName\":\"search_term_string\"}}],\"inLanguage\":\"fr-FR\"},{\"@type\":\"Organization\",\"@id\":\"https:\\\/\\\/theatre-petit-louvre.fr\\\/avignon\\\/#organization\",\"name\":\"Th\u00e9\u00e2tre Le Petit Louvre\",\"url\":\"https:\\\/\\\/theatre-petit-louvre.fr\\\/avignon\\\/\",\"logo\":{\"@type\":\"ImageObject\",\"inLanguage\":\"fr-FR\",\"@id\":\"https:\\\/\\\/theatre-petit-louvre.fr\\\/avignon\\\/#\\\/schema\\\/logo\\\/image\\\/\",\"url\":\"https:\\\/\\\/theatre-petit-louvre.fr\\\/avignon\\\/wp-content\\\/uploads\\\/2022\\\/05\\\/logo_petit-louvre_2008_RVB.png\",\"contentUrl\":\"https:\\\/\\\/theatre-petit-louvre.fr\\\/avignon\\\/wp-content\\\/uploads\\\/2022\\\/05\\\/logo_petit-louvre_2008_RVB.png\",\"width\":374,\"height\":800,\"caption\":\"Th\u00e9\u00e2tre Le Petit Louvre\"},\"image\":{\"@id\":\"https:\\\/\\\/theatre-petit-louvre.fr\\\/avignon\\\/#\\\/schema\\\/logo\\\/image\\\/\"}}]}<\/script>\n<!-- \/ Yoast SEO plugin. -->","yoast_head_json":{"title":"LA VIE MATERIELLE - Le Petit Louvre","description":"Chaque \u00e9t\u00e9, un th\u00e9\u00e2tre au c\u0153ur d'Avignon, Festival off : des textes, des auteurs, des autrices, des acteurs, des actrices. Deux salles climatis\u00e9es, 15 spectacles, un bar-restaurant.","robots":{"index":"index","follow":"follow","max-snippet":"max-snippet:-1","max-image-preview":"max-image-preview:large","max-video-preview":"max-video-preview:-1"},"canonical":"https:\/\/theatre-petit-louvre.fr\/avignon\/la-vie-materielle\/","og_locale":"fr_FR","og_type":"article","og_title":"LA VIE MATERIELLE - Le Petit Louvre","og_description":"Chaque \u00e9t\u00e9, un th\u00e9\u00e2tre au c\u0153ur d'Avignon, Festival off : des textes, des auteurs, des autrices, des acteurs, des actrices. Deux salles climatis\u00e9es, 15 spectacles, un bar-restaurant.","og_url":"https:\/\/theatre-petit-louvre.fr\/avignon\/la-vie-materielle\/","og_site_name":"Le Petit Louvre","article_modified_time":"2023-07-01T18:05:37+00:00","og_image":[{"url":"https:\/\/theatre-petit-louvre.fr\/avignon\/wp-content\/uploads\/2022\/05\/PHOTOS-la-vie-materielle_XC2-copie-web-765x510.jpg","type":"","width":"","height":""}],"twitter_misc":{"Dur\u00e9e de lecture estim\u00e9e":"1 minute"},"schema":{"@context":"https:\/\/schema.org","@graph":[{"@type":"WebPage","@id":"https:\/\/theatre-petit-louvre.fr\/avignon\/la-vie-materielle\/","url":"https:\/\/theatre-petit-louvre.fr\/avignon\/la-vie-materielle\/","name":"LA VIE MATERIELLE - Le Petit Louvre","isPartOf":{"@id":"https:\/\/theatre-petit-louvre.fr\/avignon\/#website"},"primaryImageOfPage":{"@id":"https:\/\/theatre-petit-louvre.fr\/avignon\/la-vie-materielle\/#primaryimage"},"image":{"@id":"https:\/\/theatre-petit-louvre.fr\/avignon\/la-vie-materielle\/#primaryimage"},"thumbnailUrl":"https:\/\/theatre-petit-louvre.fr\/avignon\/wp-content\/uploads\/2022\/05\/PHOTOS-la-vie-materielle_XC2-copie-web-765x510.jpg","datePublished":"2022-04-12T19:06:28+00:00","dateModified":"2023-07-01T18:05:37+00:00","description":"Chaque \u00e9t\u00e9, un th\u00e9\u00e2tre au c\u0153ur d'Avignon, Festival off : des textes, des auteurs, des autrices, des acteurs, des actrices. Deux salles climatis\u00e9es, 15 spectacles, un bar-restaurant.","breadcrumb":{"@id":"https:\/\/theatre-petit-louvre.fr\/avignon\/la-vie-materielle\/#breadcrumb"},"inLanguage":"fr-FR","potentialAction":[{"@type":"ReadAction","target":["https:\/\/theatre-petit-louvre.fr\/avignon\/la-vie-materielle\/"]}]},{"@type":"ImageObject","inLanguage":"fr-FR","@id":"https:\/\/theatre-petit-louvre.fr\/avignon\/la-vie-materielle\/#primaryimage","url":"https:\/\/theatre-petit-louvre.fr\/avignon\/wp-content\/uploads\/2022\/05\/PHOTOS-la-vie-materielle_XC2-copie-web.jpg","contentUrl":"https:\/\/theatre-petit-louvre.fr\/avignon\/wp-content\/uploads\/2022\/05\/PHOTOS-la-vie-materielle_XC2-copie-web.jpg","width":900,"height":600},{"@type":"BreadcrumbList","@id":"https:\/\/theatre-petit-louvre.fr\/avignon\/la-vie-materielle\/#breadcrumb","itemListElement":[{"@type":"ListItem","position":1,"name":"Home","item":"https:\/\/theatre-petit-louvre.fr\/avignon\/"},{"@type":"ListItem","position":2,"name":"LA VIE MATERIELLE"}]},{"@type":"WebSite","@id":"https:\/\/theatre-petit-louvre.fr\/avignon\/#website","url":"https:\/\/theatre-petit-louvre.fr\/avignon\/","name":"Le Petit Louvre","description":"un th\u00e9\u00e2tre au c\u0153ur d&#039;Avignon | Festival off","publisher":{"@id":"https:\/\/theatre-petit-louvre.fr\/avignon\/#organization"},"potentialAction":[{"@type":"SearchAction","target":{"@type":"EntryPoint","urlTemplate":"https:\/\/theatre-petit-louvre.fr\/avignon\/?s={search_term_string}"},"query-input":{"@type":"PropertyValueSpecification","valueRequired":true,"valueName":"search_term_string"}}],"inLanguage":"fr-FR"},{"@type":"Organization","@id":"https:\/\/theatre-petit-louvre.fr\/avignon\/#organization","name":"Th\u00e9\u00e2tre Le Petit Louvre","url":"https:\/\/theatre-petit-louvre.fr\/avignon\/","logo":{"@type":"ImageObject","inLanguage":"fr-FR","@id":"https:\/\/theatre-petit-louvre.fr\/avignon\/#\/schema\/logo\/image\/","url":"https:\/\/theatre-petit-louvre.fr\/avignon\/wp-content\/uploads\/2022\/05\/logo_petit-louvre_2008_RVB.png","contentUrl":"https:\/\/theatre-petit-louvre.fr\/avignon\/wp-content\/uploads\/2022\/05\/logo_petit-louvre_2008_RVB.png","width":374,"height":800,"caption":"Th\u00e9\u00e2tre Le Petit Louvre"},"image":{"@id":"https:\/\/theatre-petit-louvre.fr\/avignon\/#\/schema\/logo\/image\/"}}]}},"uagb_featured_image_src":{"full":false,"thumbnail":false,"medium":false,"medium_large":false,"large":false,"1536x1536":false,"2048x2048":false},"uagb_author_info":{"display_name":"Jocelyne","author_link":"https:\/\/theatre-petit-louvre.fr\/avignon\/author\/jocelyne\/"},"uagb_comment_info":0,"uagb_excerpt":"de Marguerite Duras.&nbsp;Mise en sc\u00e8ne&nbsp;: William Mesguich. Passage production SALLE VAN GOGH. Du 7 au 30 juillet, \u00e0 15h20. Dur\u00e9e : 1hTARIFS 20\/14 euros. Rel\u00e2che le mardi (12, 19 et 26 juillet) ainsi qu&rsquo;une rel\u00e2che exceptionnelle le 25 juillet. Confession d\u2019un auteur majeur. Accord\u00e9s au journaliste et \u00e9crivain J\u00e9r\u00f4me Beaujour et retravaill\u00e9s par la suite,\u2026","_links":{"self":[{"href":"https:\/\/theatre-petit-louvre.fr\/avignon\/wp-json\/wp\/v2\/pages\/2825","targetHints":{"allow":["GET"]}}],"collection":[{"href":"https:\/\/theatre-petit-louvre.fr\/avignon\/wp-json\/wp\/v2\/pages"}],"about":[{"href":"https:\/\/theatre-petit-louvre.fr\/avignon\/wp-json\/wp\/v2\/types\/page"}],"author":[{"embeddable":true,"href":"https:\/\/theatre-petit-louvre.fr\/avignon\/wp-json\/wp\/v2\/users\/3"}],"replies":[{"embeddable":true,"href":"https:\/\/theatre-petit-louvre.fr\/avignon\/wp-json\/wp\/v2\/comments?post=2825"}],"version-history":[{"count":9,"href":"https:\/\/theatre-petit-louvre.fr\/avignon\/wp-json\/wp\/v2\/pages\/2825\/revisions"}],"predecessor-version":[{"id":3792,"href":"https:\/\/theatre-petit-louvre.fr\/avignon\/wp-json\/wp\/v2\/pages\/2825\/revisions\/3792"}],"wp:attachment":[{"href":"https:\/\/theatre-petit-louvre.fr\/avignon\/wp-json\/wp\/v2\/media?parent=2825"}],"wp:term":[{"taxonomy":"category","embeddable":true,"href":"https:\/\/theatre-petit-louvre.fr\/avignon\/wp-json\/wp\/v2\/categories?post=2825"},{"taxonomy":"post_tag","embeddable":true,"href":"https:\/\/theatre-petit-louvre.fr\/avignon\/wp-json\/wp\/v2\/tags?post=2825"}],"curies":[{"name":"wp","href":"https:\/\/api.w.org\/{rel}","templated":true}]}}