{"id":2831,"date":"2022-04-12T20:11:51","date_gmt":"2022-04-12T19:11:51","guid":{"rendered":"https:\/\/theatre-petit-louvre.fr\/avignon\/?page_id=2831"},"modified":"2023-07-01T19:07:03","modified_gmt":"2023-07-01T18:07:03","slug":"mixology","status":"publish","type":"page","link":"https:\/\/theatre-petit-louvre.fr\/avignon\/mixology\/","title":{"rendered":"MIXOLOGY"},"content":{"rendered":"\n<div style=\"height:29px\" aria-hidden=\"true\" class=\"wp-block-spacer\"><\/div>\n\n\n\n<p><strong>de Katerina Fotinaki.&nbsp;Mise en sc\u00e8ne : Nicolas Lakiotakis<\/strong><br>Production Coq H\u00e9ron.<\/p>\n\n\n\n<figure class=\"wp-block-gallery has-nested-images columns-default is-cropped wp-block-gallery-1 is-layout-flex wp-block-gallery-is-layout-flex\">\n<figure class=\"wp-block-image size-large\"><img loading=\"lazy\" decoding=\"async\" width=\"764\" height=\"510\" data-id=\"3233\" src=\"https:\/\/theatre-petit-louvre.fr\/avignon\/wp-content\/uploads\/2022\/05\/Katerina-Fotinaki-portrait-1-764x510.jpg\" alt=\"\" class=\"wp-image-3233\" srcset=\"https:\/\/theatre-petit-louvre.fr\/avignon\/wp-content\/uploads\/2022\/05\/Katerina-Fotinaki-portrait-1-764x510.jpg 764w, https:\/\/theatre-petit-louvre.fr\/avignon\/wp-content\/uploads\/2022\/05\/Katerina-Fotinaki-portrait-1-300x200.jpg 300w, https:\/\/theatre-petit-louvre.fr\/avignon\/wp-content\/uploads\/2022\/05\/Katerina-Fotinaki-portrait-1-150x100.jpg 150w, https:\/\/theatre-petit-louvre.fr\/avignon\/wp-content\/uploads\/2022\/05\/Katerina-Fotinaki-portrait-1-768x513.jpg 768w, https:\/\/theatre-petit-louvre.fr\/avignon\/wp-content\/uploads\/2022\/05\/Katerina-Fotinaki-portrait-1.jpg 899w\" sizes=\"auto, (max-width: 764px) 100vw, 764px\" \/><\/figure>\n\n\n\n<figure class=\"wp-block-image size-large\"><img loading=\"lazy\" decoding=\"async\" width=\"764\" height=\"510\" data-id=\"3234\" src=\"https:\/\/theatre-petit-louvre.fr\/avignon\/wp-content\/uploads\/2022\/05\/Katerina-Fotinaki-live-764x510.jpg\" alt=\"\" class=\"wp-image-3234\" srcset=\"https:\/\/theatre-petit-louvre.fr\/avignon\/wp-content\/uploads\/2022\/05\/Katerina-Fotinaki-live-764x510.jpg 764w, https:\/\/theatre-petit-louvre.fr\/avignon\/wp-content\/uploads\/2022\/05\/Katerina-Fotinaki-live-300x200.jpg 300w, https:\/\/theatre-petit-louvre.fr\/avignon\/wp-content\/uploads\/2022\/05\/Katerina-Fotinaki-live-150x100.jpg 150w, https:\/\/theatre-petit-louvre.fr\/avignon\/wp-content\/uploads\/2022\/05\/Katerina-Fotinaki-live-768x513.jpg 768w, https:\/\/theatre-petit-louvre.fr\/avignon\/wp-content\/uploads\/2022\/05\/Katerina-Fotinaki-live.jpg 899w\" sizes=\"auto, (max-width: 764px) 100vw, 764px\" \/><\/figure>\n\n\n\n<figure class=\"wp-block-image size-large\"><img loading=\"lazy\" decoding=\"async\" width=\"764\" height=\"510\" data-id=\"3232\" src=\"https:\/\/theatre-petit-louvre.fr\/avignon\/wp-content\/uploads\/2022\/05\/Katerina-Fotinaki-portrait-2-764x510.jpg\" alt=\"\" class=\"wp-image-3232\" srcset=\"https:\/\/theatre-petit-louvre.fr\/avignon\/wp-content\/uploads\/2022\/05\/Katerina-Fotinaki-portrait-2-764x510.jpg 764w, https:\/\/theatre-petit-louvre.fr\/avignon\/wp-content\/uploads\/2022\/05\/Katerina-Fotinaki-portrait-2-300x200.jpg 300w, https:\/\/theatre-petit-louvre.fr\/avignon\/wp-content\/uploads\/2022\/05\/Katerina-Fotinaki-portrait-2-150x100.jpg 150w, https:\/\/theatre-petit-louvre.fr\/avignon\/wp-content\/uploads\/2022\/05\/Katerina-Fotinaki-portrait-2-768x513.jpg 768w, https:\/\/theatre-petit-louvre.fr\/avignon\/wp-content\/uploads\/2022\/05\/Katerina-Fotinaki-portrait-2.jpg 899w\" sizes=\"auto, (max-width: 764px) 100vw, 764px\" \/><\/figure>\n<\/figure>\n\n\n\n<p class=\"has-ast-global-color-4-background-color has-background\"><strong>SALLE VAN GOGH<\/strong>. Du 7 au 30 juillet, \u00e0 <strong>19h40<\/strong>. Dur\u00e9e : <strong>1h<\/strong><br>TARIFS<strong> 20\/14\/10 euros<\/strong>. Rel\u00e2che le mardi <strong>(12, 19 et 26 juillet)<\/strong>.<\/p>\n\n\n\n<p class=\"has-small-font-size\"><strong>Concert solo<\/strong>. <strong>Comme si elle&nbsp;pr\u00e9parait un cocktail, dont la&nbsp;saveur d\u00e9coule du m\u00e9lange&nbsp;de ses composants, Katerina Fotinaki sort&nbsp;du p\u00e9rim\u00e8tre de la chanson&nbsp;po\u00e9tique grecque, pour r\u00e9unir&nbsp;avec une grande libert\u00e9, avec&nbsp;puissance et \u00e9l\u00e9gance, des&nbsp;ingr\u00e9dients insolites \u00e0 travers&nbsp;les langues, les styles et les&nbsp;\u00e9poques.<\/strong><\/p>\n\n\n\n<figure class=\"wp-block-image alignleft size-large is-resized\"><img loading=\"lazy\" decoding=\"async\" src=\"https:\/\/theatre-petit-louvre.fr\/avignon\/wp-content\/uploads\/2022\/05\/14-Mixology-360x510.jpeg\" alt=\"\" class=\"wp-image-3235\" width=\"214\" height=\"303\" srcset=\"https:\/\/theatre-petit-louvre.fr\/avignon\/wp-content\/uploads\/2022\/05\/14-Mixology-360x510.jpeg 360w, https:\/\/theatre-petit-louvre.fr\/avignon\/wp-content\/uploads\/2022\/05\/14-Mixology-212x300.jpeg 212w, https:\/\/theatre-petit-louvre.fr\/avignon\/wp-content\/uploads\/2022\/05\/14-Mixology-106x150.jpeg 106w, https:\/\/theatre-petit-louvre.fr\/avignon\/wp-content\/uploads\/2022\/05\/14-Mixology.jpeg 424w\" sizes=\"auto, (max-width: 214px) 100vw, 214px\" \/><\/figure>\n\n\n\n<p class=\"has-small-font-size\">Avant d\u2019\u00eatre un concert, <em>Mixology <\/em>est le titre du dernier album de Katerina Fotinaki, compositrice, chanteuse et arrangeuse. Sorti en&nbsp;septembre 2021 et con\u00e7u pendant le confinement, il nous d\u00e9voile une&nbsp;facette in\u00e9dite de son univers&nbsp;musical et po\u00e9tique. Cette retraite impos\u00e9e lui a en effet donn\u00e9 le d\u00e9sir de mettre en musique et de chanter dans leurs multiples langues des po\u00e8tes qui lui \u00e9taient proches comme W. Blake, T.S. Eliott, Louise Labb\u00e9, Kostis Palamas\u2026. A cette f\u00eate po\u00e9tique et sonore sont venus s\u2019ajouter Barbara, du <em>rebetiko<\/em>, des chansons m\u00e9di\u00e9vales ou punk telle que <em>Kiss Off <\/em>de Violent Femme. Et pour exprimer en un mot cette travers\u00e9e entre les \u00e9poques et les styles, le concept de Mixology s\u2019est impos\u00e9. Si le fil conducteur reste le verbe po\u00e9tique, les compositions originales et les reprises ou m\u00e9tamorphoses inattendues se succ\u00e8dent en toute gr\u00e2ce, bonheur et virtuosit\u00e9. Chaque chanson est comme un cocktail compos\u00e9 d\u2019ingr\u00e9dients aussi diff\u00e9rents que surprenants.<br>Katerina Fotinaki se dit sorci\u00e8re et elle l\u2019est sans doute un peu pour r\u00e9ussir de tels bouquets qu\u2019elle accompagne de nombreux instruments visibles (guitares, ukulele basse, percussions, harmonica) ou convoqu\u00e9s par sa baguette magique\u2026.<br>Venir au Petit Louvre pour Katerina est un symbole fort. La derni\u00e8re fois qu\u2019elle a \u00e9t\u00e9 applaudie ici, c\u2019\u00e9tait dans la Chapelle des Templiers en compagnie d\u2019Ang\u00e9lique Ionatos, sa \u00ab&nbsp;s\u0153ur&nbsp;\u00bb, sa complice, avec qui elle a tant partag\u00e9 la Gr\u00e8ce d\u2019hier et d\u2019aujourd\u2019hui et \u00e0 qui elle d\u00e9die ce concert.<\/p>\n\n\n\n<p class=\"has-ast-global-color-0-color has-ast-global-color-4-background-color has-text-color has-background\"><strong>Avec Katerina Fotinaki<\/strong><\/p>\n\n\n\n<p class=\"has-ast-global-color-0-color has-text-color has-small-font-size\"><em>Conseil musicologique<\/em>&nbsp;: Theodora Psychoyou &#8211; <em>Conseil dramaturgique<\/em>&nbsp;: Elli Papakonstantinou &#8211; <em>Voix off&nbsp;<\/em>: &nbsp;Marc Mauillon, Katarina&nbsp;Livljanic, David Ayala, Aglaia&nbsp;Pappas<\/p>\n\n\n\n<p class=\"has-small-font-size\">\u00ab&nbsp;Entre r\u00eave de jardin anglais (une ode \u00e0 T.S. Eliot) et dystopie europ\u00e9enne, elle distille ici et l\u00e0 des effluves pop, des fragrances m\u00e9di\u00e9vales ou des \u00e9pices punk, pour mieux mettre en avant le verbe po\u00e9tique, socle de son imaginaire furieusement versatile.&nbsp;\u00bb <strong>TTT T\u00e9l\u00e9rama<\/strong><\/p>\n\n\n\n<p class=\"has-small-font-size\"><em>\u00ab&nbsp;S<\/em>lamant un texte de Barbara, d\u00e9tournant l\u2019air d\u2019op\u00e9ra de&nbsp;Carmen&nbsp;sur un th\u00e8me manouche, chuchotant un po\u00e8me sur d\u2019\u00e9tranges percussions, puisant chez Peggy Lee ou chez Violent Femmes, Katerina Fotinaki s\u2019autorise tout. Les guitares flottent entre classique, traditionnel, moderne et avant-garde.<em>&nbsp;\u00bb<\/em> <strong>L\u2019Alsace<\/strong><\/p>\n\n\n\n<p><\/p>\n","protected":false},"excerpt":{"rendered":"<p>de Katerina Fotinaki.&nbsp;Mise en sc\u00e8ne : Nicolas LakiotakisProduction Coq H\u00e9ron. SALLE VAN GOGH. Du 7 au 30 juillet, \u00e0 19h40. Dur\u00e9e : 1hTARIFS 20\/14\/10 euros. Rel\u00e2che le mardi (12, 19 et 26 juillet). Concert solo. Comme si elle&nbsp;pr\u00e9parait un cocktail, dont la&nbsp;saveur d\u00e9coule du m\u00e9lange&nbsp;de ses composants, Katerina Fotinaki sort&nbsp;du p\u00e9rim\u00e8tre de la chanson&nbsp;po\u00e9tique grecque, [&hellip;]<\/p>\n","protected":false},"author":3,"featured_media":0,"parent":0,"menu_order":0,"comment_status":"closed","ping_status":"closed","template":"","meta":{"_uag_custom_page_level_css":"","site-sidebar-layout":"default","site-content-layout":"","ast-site-content-layout":"default","site-content-style":"default","site-sidebar-style":"default","ast-global-header-display":"","ast-banner-title-visibility":"","ast-main-header-display":"","ast-hfb-above-header-display":"","ast-hfb-below-header-display":"","ast-hfb-mobile-header-display":"","site-post-title":"","ast-breadcrumbs-content":"","ast-featured-img":"","footer-sml-layout":"","ast-disable-related-posts":"","theme-transparent-header-meta":"","adv-header-id-meta":"","stick-header-meta":"","header-above-stick-meta":"","header-main-stick-meta":"","header-below-stick-meta":"","astra-migrate-meta-layouts":"default","ast-page-background-enabled":"default","ast-page-background-meta":{"desktop":{"background-color":"var(--ast-global-color-4)","background-image":"","background-repeat":"repeat","background-position":"center center","background-size":"auto","background-attachment":"scroll","background-type":"","background-media":"","overlay-type":"","overlay-color":"","overlay-opacity":"","overlay-gradient":""},"tablet":{"background-color":"","background-image":"","background-repeat":"repeat","background-position":"center center","background-size":"auto","background-attachment":"scroll","background-type":"","background-media":"","overlay-type":"","overlay-color":"","overlay-opacity":"","overlay-gradient":""},"mobile":{"background-color":"","background-image":"","background-repeat":"repeat","background-position":"center center","background-size":"auto","background-attachment":"scroll","background-type":"","background-media":"","overlay-type":"","overlay-color":"","overlay-opacity":"","overlay-gradient":""}},"ast-content-background-meta":{"desktop":{"background-color":"var(--ast-global-color-5)","background-image":"","background-repeat":"repeat","background-position":"center center","background-size":"auto","background-attachment":"scroll","background-type":"","background-media":"","overlay-type":"","overlay-color":"","overlay-opacity":"","overlay-gradient":""},"tablet":{"background-color":"var(--ast-global-color-5)","background-image":"","background-repeat":"repeat","background-position":"center center","background-size":"auto","background-attachment":"scroll","background-type":"","background-media":"","overlay-type":"","overlay-color":"","overlay-opacity":"","overlay-gradient":""},"mobile":{"background-color":"var(--ast-global-color-5)","background-image":"","background-repeat":"repeat","background-position":"center center","background-size":"auto","background-attachment":"scroll","background-type":"","background-media":"","overlay-type":"","overlay-color":"","overlay-opacity":"","overlay-gradient":""}},"footnotes":"","_links_to":"","_links_to_target":""},"categories":[18,10],"tags":[],"class_list":["post-2831","page","type-page","status-publish","hentry","category-vingt-deux","category-salle-van-gogh"],"yoast_head":"<!-- This site is optimized with the Yoast SEO plugin v27.3 - https:\/\/yoast.com\/product\/yoast-seo-wordpress\/ -->\n<title>MIXOLOGY - Le Petit Louvre<\/title>\n<meta name=\"description\" content=\"Chaque \u00e9t\u00e9, un th\u00e9\u00e2tre au c\u0153ur d&#039;Avignon, Festival off : des textes, des auteurs, des autrices, des acteurs, des actrices. Deux salles climatis\u00e9es, 15 spectacles, un bar-restaurant.\" \/>\n<meta name=\"robots\" content=\"index, follow, max-snippet:-1, max-image-preview:large, max-video-preview:-1\" \/>\n<link rel=\"canonical\" href=\"https:\/\/theatre-petit-louvre.fr\/avignon\/mixology\/\" \/>\n<meta property=\"og:locale\" content=\"fr_FR\" \/>\n<meta property=\"og:type\" content=\"article\" \/>\n<meta property=\"og:title\" content=\"MIXOLOGY - Le Petit Louvre\" \/>\n<meta property=\"og:description\" content=\"Chaque \u00e9t\u00e9, un th\u00e9\u00e2tre au c\u0153ur d&#039;Avignon, Festival off : des textes, des auteurs, des autrices, des acteurs, des actrices. Deux salles climatis\u00e9es, 15 spectacles, un bar-restaurant.\" \/>\n<meta property=\"og:url\" content=\"https:\/\/theatre-petit-louvre.fr\/avignon\/mixology\/\" \/>\n<meta property=\"og:site_name\" content=\"Le Petit Louvre\" \/>\n<meta property=\"article:modified_time\" content=\"2023-07-01T18:07:03+00:00\" \/>\n<meta property=\"og:image\" content=\"https:\/\/theatre-petit-louvre.fr\/avignon\/wp-content\/uploads\/2022\/05\/Katerina-Fotinaki-portrait-1-764x510.jpg\" \/>\n<meta name=\"twitter:label1\" content=\"Dur\u00e9e de lecture estim\u00e9e\" \/>\n\t<meta name=\"twitter:data1\" content=\"1 minute\" \/>\n<script type=\"application\/ld+json\" class=\"yoast-schema-graph\">{\"@context\":\"https:\\\/\\\/schema.org\",\"@graph\":[{\"@type\":\"WebPage\",\"@id\":\"https:\\\/\\\/theatre-petit-louvre.fr\\\/avignon\\\/mixology\\\/\",\"url\":\"https:\\\/\\\/theatre-petit-louvre.fr\\\/avignon\\\/mixology\\\/\",\"name\":\"MIXOLOGY - Le Petit Louvre\",\"isPartOf\":{\"@id\":\"https:\\\/\\\/theatre-petit-louvre.fr\\\/avignon\\\/#website\"},\"primaryImageOfPage\":{\"@id\":\"https:\\\/\\\/theatre-petit-louvre.fr\\\/avignon\\\/mixology\\\/#primaryimage\"},\"image\":{\"@id\":\"https:\\\/\\\/theatre-petit-louvre.fr\\\/avignon\\\/mixology\\\/#primaryimage\"},\"thumbnailUrl\":\"https:\\\/\\\/theatre-petit-louvre.fr\\\/avignon\\\/wp-content\\\/uploads\\\/2022\\\/05\\\/Katerina-Fotinaki-portrait-1-764x510.jpg\",\"datePublished\":\"2022-04-12T19:11:51+00:00\",\"dateModified\":\"2023-07-01T18:07:03+00:00\",\"description\":\"Chaque \u00e9t\u00e9, un th\u00e9\u00e2tre au c\u0153ur d'Avignon, Festival off : des textes, des auteurs, des autrices, des acteurs, des actrices. Deux salles climatis\u00e9es, 15 spectacles, un bar-restaurant.\",\"breadcrumb\":{\"@id\":\"https:\\\/\\\/theatre-petit-louvre.fr\\\/avignon\\\/mixology\\\/#breadcrumb\"},\"inLanguage\":\"fr-FR\",\"potentialAction\":[{\"@type\":\"ReadAction\",\"target\":[\"https:\\\/\\\/theatre-petit-louvre.fr\\\/avignon\\\/mixology\\\/\"]}]},{\"@type\":\"ImageObject\",\"inLanguage\":\"fr-FR\",\"@id\":\"https:\\\/\\\/theatre-petit-louvre.fr\\\/avignon\\\/mixology\\\/#primaryimage\",\"url\":\"https:\\\/\\\/theatre-petit-louvre.fr\\\/avignon\\\/wp-content\\\/uploads\\\/2022\\\/05\\\/Katerina-Fotinaki-portrait-1.jpg\",\"contentUrl\":\"https:\\\/\\\/theatre-petit-louvre.fr\\\/avignon\\\/wp-content\\\/uploads\\\/2022\\\/05\\\/Katerina-Fotinaki-portrait-1.jpg\",\"width\":899,\"height\":600},{\"@type\":\"BreadcrumbList\",\"@id\":\"https:\\\/\\\/theatre-petit-louvre.fr\\\/avignon\\\/mixology\\\/#breadcrumb\",\"itemListElement\":[{\"@type\":\"ListItem\",\"position\":1,\"name\":\"Home\",\"item\":\"https:\\\/\\\/theatre-petit-louvre.fr\\\/avignon\\\/\"},{\"@type\":\"ListItem\",\"position\":2,\"name\":\"MIXOLOGY\"}]},{\"@type\":\"WebSite\",\"@id\":\"https:\\\/\\\/theatre-petit-louvre.fr\\\/avignon\\\/#website\",\"url\":\"https:\\\/\\\/theatre-petit-louvre.fr\\\/avignon\\\/\",\"name\":\"Le Petit Louvre\",\"description\":\"un th\u00e9\u00e2tre au c\u0153ur d&#039;Avignon | Festival off\",\"publisher\":{\"@id\":\"https:\\\/\\\/theatre-petit-louvre.fr\\\/avignon\\\/#organization\"},\"potentialAction\":[{\"@type\":\"SearchAction\",\"target\":{\"@type\":\"EntryPoint\",\"urlTemplate\":\"https:\\\/\\\/theatre-petit-louvre.fr\\\/avignon\\\/?s={search_term_string}\"},\"query-input\":{\"@type\":\"PropertyValueSpecification\",\"valueRequired\":true,\"valueName\":\"search_term_string\"}}],\"inLanguage\":\"fr-FR\"},{\"@type\":\"Organization\",\"@id\":\"https:\\\/\\\/theatre-petit-louvre.fr\\\/avignon\\\/#organization\",\"name\":\"Th\u00e9\u00e2tre Le Petit Louvre\",\"url\":\"https:\\\/\\\/theatre-petit-louvre.fr\\\/avignon\\\/\",\"logo\":{\"@type\":\"ImageObject\",\"inLanguage\":\"fr-FR\",\"@id\":\"https:\\\/\\\/theatre-petit-louvre.fr\\\/avignon\\\/#\\\/schema\\\/logo\\\/image\\\/\",\"url\":\"https:\\\/\\\/theatre-petit-louvre.fr\\\/avignon\\\/wp-content\\\/uploads\\\/2022\\\/05\\\/logo_petit-louvre_2008_RVB.png\",\"contentUrl\":\"https:\\\/\\\/theatre-petit-louvre.fr\\\/avignon\\\/wp-content\\\/uploads\\\/2022\\\/05\\\/logo_petit-louvre_2008_RVB.png\",\"width\":374,\"height\":800,\"caption\":\"Th\u00e9\u00e2tre Le Petit Louvre\"},\"image\":{\"@id\":\"https:\\\/\\\/theatre-petit-louvre.fr\\\/avignon\\\/#\\\/schema\\\/logo\\\/image\\\/\"}}]}<\/script>\n<!-- \/ Yoast SEO plugin. -->","yoast_head_json":{"title":"MIXOLOGY - Le Petit Louvre","description":"Chaque \u00e9t\u00e9, un th\u00e9\u00e2tre au c\u0153ur d'Avignon, Festival off : des textes, des auteurs, des autrices, des acteurs, des actrices. Deux salles climatis\u00e9es, 15 spectacles, un bar-restaurant.","robots":{"index":"index","follow":"follow","max-snippet":"max-snippet:-1","max-image-preview":"max-image-preview:large","max-video-preview":"max-video-preview:-1"},"canonical":"https:\/\/theatre-petit-louvre.fr\/avignon\/mixology\/","og_locale":"fr_FR","og_type":"article","og_title":"MIXOLOGY - Le Petit Louvre","og_description":"Chaque \u00e9t\u00e9, un th\u00e9\u00e2tre au c\u0153ur d'Avignon, Festival off : des textes, des auteurs, des autrices, des acteurs, des actrices. Deux salles climatis\u00e9es, 15 spectacles, un bar-restaurant.","og_url":"https:\/\/theatre-petit-louvre.fr\/avignon\/mixology\/","og_site_name":"Le Petit Louvre","article_modified_time":"2023-07-01T18:07:03+00:00","og_image":[{"url":"https:\/\/theatre-petit-louvre.fr\/avignon\/wp-content\/uploads\/2022\/05\/Katerina-Fotinaki-portrait-1-764x510.jpg","type":"","width":"","height":""}],"twitter_misc":{"Dur\u00e9e de lecture estim\u00e9e":"1 minute"},"schema":{"@context":"https:\/\/schema.org","@graph":[{"@type":"WebPage","@id":"https:\/\/theatre-petit-louvre.fr\/avignon\/mixology\/","url":"https:\/\/theatre-petit-louvre.fr\/avignon\/mixology\/","name":"MIXOLOGY - Le Petit Louvre","isPartOf":{"@id":"https:\/\/theatre-petit-louvre.fr\/avignon\/#website"},"primaryImageOfPage":{"@id":"https:\/\/theatre-petit-louvre.fr\/avignon\/mixology\/#primaryimage"},"image":{"@id":"https:\/\/theatre-petit-louvre.fr\/avignon\/mixology\/#primaryimage"},"thumbnailUrl":"https:\/\/theatre-petit-louvre.fr\/avignon\/wp-content\/uploads\/2022\/05\/Katerina-Fotinaki-portrait-1-764x510.jpg","datePublished":"2022-04-12T19:11:51+00:00","dateModified":"2023-07-01T18:07:03+00:00","description":"Chaque \u00e9t\u00e9, un th\u00e9\u00e2tre au c\u0153ur d'Avignon, Festival off : des textes, des auteurs, des autrices, des acteurs, des actrices. Deux salles climatis\u00e9es, 15 spectacles, un bar-restaurant.","breadcrumb":{"@id":"https:\/\/theatre-petit-louvre.fr\/avignon\/mixology\/#breadcrumb"},"inLanguage":"fr-FR","potentialAction":[{"@type":"ReadAction","target":["https:\/\/theatre-petit-louvre.fr\/avignon\/mixology\/"]}]},{"@type":"ImageObject","inLanguage":"fr-FR","@id":"https:\/\/theatre-petit-louvre.fr\/avignon\/mixology\/#primaryimage","url":"https:\/\/theatre-petit-louvre.fr\/avignon\/wp-content\/uploads\/2022\/05\/Katerina-Fotinaki-portrait-1.jpg","contentUrl":"https:\/\/theatre-petit-louvre.fr\/avignon\/wp-content\/uploads\/2022\/05\/Katerina-Fotinaki-portrait-1.jpg","width":899,"height":600},{"@type":"BreadcrumbList","@id":"https:\/\/theatre-petit-louvre.fr\/avignon\/mixology\/#breadcrumb","itemListElement":[{"@type":"ListItem","position":1,"name":"Home","item":"https:\/\/theatre-petit-louvre.fr\/avignon\/"},{"@type":"ListItem","position":2,"name":"MIXOLOGY"}]},{"@type":"WebSite","@id":"https:\/\/theatre-petit-louvre.fr\/avignon\/#website","url":"https:\/\/theatre-petit-louvre.fr\/avignon\/","name":"Le Petit Louvre","description":"un th\u00e9\u00e2tre au c\u0153ur d&#039;Avignon | Festival off","publisher":{"@id":"https:\/\/theatre-petit-louvre.fr\/avignon\/#organization"},"potentialAction":[{"@type":"SearchAction","target":{"@type":"EntryPoint","urlTemplate":"https:\/\/theatre-petit-louvre.fr\/avignon\/?s={search_term_string}"},"query-input":{"@type":"PropertyValueSpecification","valueRequired":true,"valueName":"search_term_string"}}],"inLanguage":"fr-FR"},{"@type":"Organization","@id":"https:\/\/theatre-petit-louvre.fr\/avignon\/#organization","name":"Th\u00e9\u00e2tre Le Petit Louvre","url":"https:\/\/theatre-petit-louvre.fr\/avignon\/","logo":{"@type":"ImageObject","inLanguage":"fr-FR","@id":"https:\/\/theatre-petit-louvre.fr\/avignon\/#\/schema\/logo\/image\/","url":"https:\/\/theatre-petit-louvre.fr\/avignon\/wp-content\/uploads\/2022\/05\/logo_petit-louvre_2008_RVB.png","contentUrl":"https:\/\/theatre-petit-louvre.fr\/avignon\/wp-content\/uploads\/2022\/05\/logo_petit-louvre_2008_RVB.png","width":374,"height":800,"caption":"Th\u00e9\u00e2tre Le Petit Louvre"},"image":{"@id":"https:\/\/theatre-petit-louvre.fr\/avignon\/#\/schema\/logo\/image\/"}}]}},"uagb_featured_image_src":{"full":false,"thumbnail":false,"medium":false,"medium_large":false,"large":false,"1536x1536":false,"2048x2048":false},"uagb_author_info":{"display_name":"Jocelyne","author_link":"https:\/\/theatre-petit-louvre.fr\/avignon\/author\/jocelyne\/"},"uagb_comment_info":0,"uagb_excerpt":"de Katerina Fotinaki.&nbsp;Mise en sc\u00e8ne : Nicolas LakiotakisProduction Coq H\u00e9ron. SALLE VAN GOGH. Du 7 au 30 juillet, \u00e0 19h40. Dur\u00e9e : 1hTARIFS 20\/14\/10 euros. Rel\u00e2che le mardi (12, 19 et 26 juillet). Concert solo. Comme si elle&nbsp;pr\u00e9parait un cocktail, dont la&nbsp;saveur d\u00e9coule du m\u00e9lange&nbsp;de ses composants, Katerina Fotinaki sort&nbsp;du p\u00e9rim\u00e8tre de la chanson&nbsp;po\u00e9tique grecque,\u2026","_links":{"self":[{"href":"https:\/\/theatre-petit-louvre.fr\/avignon\/wp-json\/wp\/v2\/pages\/2831","targetHints":{"allow":["GET"]}}],"collection":[{"href":"https:\/\/theatre-petit-louvre.fr\/avignon\/wp-json\/wp\/v2\/pages"}],"about":[{"href":"https:\/\/theatre-petit-louvre.fr\/avignon\/wp-json\/wp\/v2\/types\/page"}],"author":[{"embeddable":true,"href":"https:\/\/theatre-petit-louvre.fr\/avignon\/wp-json\/wp\/v2\/users\/3"}],"replies":[{"embeddable":true,"href":"https:\/\/theatre-petit-louvre.fr\/avignon\/wp-json\/wp\/v2\/comments?post=2831"}],"version-history":[{"count":7,"href":"https:\/\/theatre-petit-louvre.fr\/avignon\/wp-json\/wp\/v2\/pages\/2831\/revisions"}],"predecessor-version":[{"id":3794,"href":"https:\/\/theatre-petit-louvre.fr\/avignon\/wp-json\/wp\/v2\/pages\/2831\/revisions\/3794"}],"wp:attachment":[{"href":"https:\/\/theatre-petit-louvre.fr\/avignon\/wp-json\/wp\/v2\/media?parent=2831"}],"wp:term":[{"taxonomy":"category","embeddable":true,"href":"https:\/\/theatre-petit-louvre.fr\/avignon\/wp-json\/wp\/v2\/categories?post=2831"},{"taxonomy":"post_tag","embeddable":true,"href":"https:\/\/theatre-petit-louvre.fr\/avignon\/wp-json\/wp\/v2\/tags?post=2831"}],"curies":[{"name":"wp","href":"https:\/\/api.w.org\/{rel}","templated":true}]}}