{"id":2833,"date":"2022-04-12T20:13:39","date_gmt":"2022-04-12T19:13:39","guid":{"rendered":"https:\/\/theatre-petit-louvre.fr\/avignon\/?page_id=2833"},"modified":"2023-07-01T19:07:48","modified_gmt":"2023-07-01T18:07:48","slug":"mon-age-dor","status":"publish","type":"page","link":"https:\/\/theatre-petit-louvre.fr\/avignon\/mon-age-dor\/","title":{"rendered":"MON AGE D&rsquo;OR"},"content":{"rendered":"\n<div style=\"height:29px\" aria-hidden=\"true\" class=\"wp-block-spacer\"><\/div>\n\n\n\n<p><strong>de Natalie Akoun.&nbsp;Mise en sc\u00e8ne&nbsp;: Olivier Cruveiller. <\/strong><br>Compagnie des Madones<\/p>\n\n\n\n<p class=\"has-ast-global-color-4-background-color has-background\"><strong>SALLE VAN GOGH<\/strong>. Du 7 au 30 juillet, \u00e0 <strong>21h05<\/strong>. Dur\u00e9e : <strong>1h30<\/strong><br>TARIFS <strong>20\/14 euros<\/strong>. Rel\u00e2che le mardi (<strong>12, 19 et 26 juillet<\/strong>)<\/p>\n\n\n\n<figure class=\"wp-block-image size-large\"><a href=\"https:\/\/vimeo.com\/714005324\"><img loading=\"lazy\" decoding=\"async\" width=\"900\" height=\"434\" src=\"https:\/\/theatre-petit-louvre.fr\/avignon\/wp-content\/uploads\/2022\/05\/Mon-age-dOr-e1653855747954-900x434.jpg\" alt=\"\" class=\"wp-image-3239\" srcset=\"https:\/\/theatre-petit-louvre.fr\/avignon\/wp-content\/uploads\/2022\/05\/Mon-age-dOr-e1653855747954-900x434.jpg 900w, https:\/\/theatre-petit-louvre.fr\/avignon\/wp-content\/uploads\/2022\/05\/Mon-age-dOr-e1653855747954-300x145.jpg 300w, https:\/\/theatre-petit-louvre.fr\/avignon\/wp-content\/uploads\/2022\/05\/Mon-age-dOr-e1653855747954-150x72.jpg 150w, https:\/\/theatre-petit-louvre.fr\/avignon\/wp-content\/uploads\/2022\/05\/Mon-age-dOr-e1653855747954-768x370.jpg 768w, https:\/\/theatre-petit-louvre.fr\/avignon\/wp-content\/uploads\/2022\/05\/Mon-age-dOr-e1653855747954.jpg 902w\" sizes=\"auto, (max-width: 900px) 100vw, 900px\" \/><\/a><\/figure>\n\n\n\n<p class=\"has-small-font-size\"><strong>Ode au th\u00e9\u00e2tre&#8230; mais aussi spectacle sur la naissance d\u2019une vocation, regard \u00e9merveill\u00e9 sur l\u2019\u00e9tat d\u2019\u00eatre artiste. Car \u00eatre artiste est un \u00e9tat. C\u2019est ce que Natalie Akoun nous chuchote en chansons.<\/strong><\/p>\n\n\n\n<figure class=\"wp-block-image alignleft size-large is-resized\"><img loading=\"lazy\" decoding=\"async\" src=\"https:\/\/theatre-petit-louvre.fr\/avignon\/wp-content\/uploads\/2022\/05\/15-Mon-age-dor-360x510.jpg\" alt=\"\" class=\"wp-image-3240\" width=\"193\" height=\"274\" srcset=\"https:\/\/theatre-petit-louvre.fr\/avignon\/wp-content\/uploads\/2022\/05\/15-Mon-age-dor-360x510.jpg 360w, https:\/\/theatre-petit-louvre.fr\/avignon\/wp-content\/uploads\/2022\/05\/15-Mon-age-dor-212x300.jpg 212w, https:\/\/theatre-petit-louvre.fr\/avignon\/wp-content\/uploads\/2022\/05\/15-Mon-age-dor-106x150.jpg 106w, https:\/\/theatre-petit-louvre.fr\/avignon\/wp-content\/uploads\/2022\/05\/15-Mon-age-dor.jpg 424w\" sizes=\"auto, (max-width: 193px) 100vw, 193px\" \/><\/figure>\n\n\n\n<p class=\"has-small-font-size\">En appelant son spectacle <em>Mon \u00e2ge d&rsquo;Or<\/em>, Natalie Akoun nous d\u00e9voile d&#8217;embl\u00e9e ce qui a ensoleill\u00e9 son enfance et l&rsquo;a conduite jusqu&rsquo;\u00e0 nous : la Cartoucherie de Vincennes et tous ses lieux magiques dont le th\u00e9\u00e2tre du Soleil. Quand elle assiste \u00e0 <em>L&rsquo;Age d&rsquo;or<\/em> d&rsquo;Ariane Mnouchkine, la jeune Natalie prend conscience que sa place n&rsquo;est pas dans la salle mais sur sc\u00e8ne. Elle veut faire partie de cette grande famille de saltimbanques.<br><em>Mon \u00e2ge d&rsquo;Or<\/em> est une com\u00e9die tant th\u00e9\u00e2trale que musicale, un spectacle o\u00f9 les chansons sont \u00ab\u00a0tricot\u00e9es dans le texte\u00a0\u00bb. De Maxime Le Forestier \u00e0 L\u00e9o Ferr\u00e9 en passant par Boris Vian, Barbara, Georges Delerue ou Serge Rezvani, Natalie nous fat partager ces m\u00e9lodies qui ont jalonn\u00e9 sa vie d&rsquo;enfant, d&rsquo;adolescente, de jeune adulte.<br>Ses compagnons de sc\u00e8ne, Vincent Leterme et Laurent Valero, ne se contentent pas de l&rsquo;accompagner au piano, au violon et \u00e0 la fl\u00fbte. Ils jouent avec elle, font partie de son histoire et une tendre complicit\u00e9 circule entre eux, dans une mise en sc\u00e8ne g\u00e9n\u00e9reuse qui laisse toute la place aux interpr\u00e8tes.<br>Natalie se souvient et nous fait partager sans aucune m\u00e9lancolie, mais avec beaucoup de gaiet\u00e9, de l\u00e9g\u00e8ret\u00e9 et de d\u00e9licatesse, les instants forts d\u2019une vie d\u2019artiste.<\/p>\n\n\n\n<p class=\"has-ast-global-color-0-color has-ast-global-color-4-background-color has-text-color has-background\"><strong>Avec Natalie Akoun, Vincent Leterme (piano), Laurent Valero (violon et fl\u00fbtes).<\/strong><br><em>A partir du 25 juillet, Osvaldo Calo remplacera Vincent Leterme.<\/em><\/p>\n\n\n\n<p class=\"has-ast-global-color-0-color has-text-color has-small-font-size\"><em>Son <\/em>: Jean-Marc Istria &#8211; <em>Lumi\u00e8res <\/em>: Pierre Peyronnet &#8211; <em>Voix de l&rsquo;enfant<\/em> : P\u00e9n\u00e9lope Berlaud<\/p>\n\n\n\n<p class=\"has-small-font-size\">\u00ab&nbsp;Le plaisir des rencontres, la chaleur du nid familial, la vocation d\u2019artiste, le tout comme dans\u00e9 dans l\u2019\u00e2me par une f\u00e9e de poche qui vous prend par le bout du c\u0153ur.&nbsp;\u00bb<strong> L\u2019Humanit\u00e9<\/strong><\/p>\n\n\n\n<p class=\"has-small-font-size\">\u00ab&nbsp;Avec l\u00e9g\u00e8ret\u00e9 et trois petites notes de musique, elle donne le secret de son bonheur : \u00eatre fid\u00e8le \u00e0 ses songes, \u00e0 son enfance et \u00e0 la sc\u00e8ne. Jouez violons, sonnez cr\u00e9celles.&nbsp;\u00bb <strong>L\u2019Obs<\/strong><\/p>\n\n\n\n<p class=\"has-small-font-size\">\u00ab&nbsp;Ce r\u00e9cital est une p\u00e9pite d\u2019\u00e9motions chatoyantes, une mani\u00e8re merveilleuse d\u2019\u00eatre plong\u00e9 dans la musique, la po\u00e9sie, l\u2019esprit.&nbsp;\u00bb <strong>Le Journal d\u2019Armelle H\u00e9liot<\/strong><\/p>\n\n\n\n<p class=\"has-small-font-size\">\u00ab&nbsp;De Mnouchkine \u00e0 Ferr\u00e9, des colos au Conservatoire, Natalie Akoun, accompagn\u00e9e par Vincent Leterme et Laurent Valero, met sa vie en chansons.<br>Une merveille de charme et d\u2019intelligence.&nbsp;\u00bb <strong>La Terrasse<\/strong><\/p>\n\n\n\n<p class=\"has-small-font-size\"><\/p>\n","protected":false},"excerpt":{"rendered":"<p>de Natalie Akoun.&nbsp;Mise en sc\u00e8ne&nbsp;: Olivier Cruveiller. Compagnie des Madones SALLE VAN GOGH. Du 7 au 30 juillet, \u00e0 21h05. Dur\u00e9e : 1h30TARIFS 20\/14 euros. Rel\u00e2che le mardi (12, 19 et 26 juillet) Ode au th\u00e9\u00e2tre&#8230; mais aussi spectacle sur la naissance d\u2019une vocation, regard \u00e9merveill\u00e9 sur l\u2019\u00e9tat d\u2019\u00eatre artiste. Car \u00eatre artiste est un [&hellip;]<\/p>\n","protected":false},"author":3,"featured_media":0,"parent":0,"menu_order":0,"comment_status":"closed","ping_status":"closed","template":"","meta":{"_uag_custom_page_level_css":"","site-sidebar-layout":"default","site-content-layout":"","ast-site-content-layout":"default","site-content-style":"default","site-sidebar-style":"default","ast-global-header-display":"","ast-banner-title-visibility":"","ast-main-header-display":"","ast-hfb-above-header-display":"","ast-hfb-below-header-display":"","ast-hfb-mobile-header-display":"","site-post-title":"","ast-breadcrumbs-content":"","ast-featured-img":"","footer-sml-layout":"","ast-disable-related-posts":"","theme-transparent-header-meta":"","adv-header-id-meta":"","stick-header-meta":"","header-above-stick-meta":"","header-main-stick-meta":"","header-below-stick-meta":"","astra-migrate-meta-layouts":"default","ast-page-background-enabled":"default","ast-page-background-meta":{"desktop":{"background-color":"var(--ast-global-color-4)","background-image":"","background-repeat":"repeat","background-position":"center center","background-size":"auto","background-attachment":"scroll","background-type":"","background-media":"","overlay-type":"","overlay-color":"","overlay-opacity":"","overlay-gradient":""},"tablet":{"background-color":"","background-image":"","background-repeat":"repeat","background-position":"center center","background-size":"auto","background-attachment":"scroll","background-type":"","background-media":"","overlay-type":"","overlay-color":"","overlay-opacity":"","overlay-gradient":""},"mobile":{"background-color":"","background-image":"","background-repeat":"repeat","background-position":"center center","background-size":"auto","background-attachment":"scroll","background-type":"","background-media":"","overlay-type":"","overlay-color":"","overlay-opacity":"","overlay-gradient":""}},"ast-content-background-meta":{"desktop":{"background-color":"var(--ast-global-color-5)","background-image":"","background-repeat":"repeat","background-position":"center center","background-size":"auto","background-attachment":"scroll","background-type":"","background-media":"","overlay-type":"","overlay-color":"","overlay-opacity":"","overlay-gradient":""},"tablet":{"background-color":"var(--ast-global-color-5)","background-image":"","background-repeat":"repeat","background-position":"center center","background-size":"auto","background-attachment":"scroll","background-type":"","background-media":"","overlay-type":"","overlay-color":"","overlay-opacity":"","overlay-gradient":""},"mobile":{"background-color":"var(--ast-global-color-5)","background-image":"","background-repeat":"repeat","background-position":"center center","background-size":"auto","background-attachment":"scroll","background-type":"","background-media":"","overlay-type":"","overlay-color":"","overlay-opacity":"","overlay-gradient":""}},"footnotes":"","_links_to":"","_links_to_target":""},"categories":[18,10],"tags":[],"class_list":["post-2833","page","type-page","status-publish","hentry","category-vingt-deux","category-salle-van-gogh"],"yoast_head":"<!-- This site is optimized with the Yoast SEO plugin v27.3 - https:\/\/yoast.com\/product\/yoast-seo-wordpress\/ -->\n<title>MON AGE D&#039;OR - Le Petit Louvre<\/title>\n<meta name=\"description\" content=\"Chaque \u00e9t\u00e9, un th\u00e9\u00e2tre au c\u0153ur d&#039;Avignon, Festival off : des textes, des auteurs, des autrices, des acteurs, des actrices. Deux salles climatis\u00e9es, 15 spectacles, un bar-restaurant.\" \/>\n<meta name=\"robots\" content=\"index, follow, max-snippet:-1, max-image-preview:large, max-video-preview:-1\" \/>\n<link rel=\"canonical\" href=\"https:\/\/theatre-petit-louvre.fr\/avignon\/mon-age-dor\/\" \/>\n<meta property=\"og:locale\" content=\"fr_FR\" \/>\n<meta property=\"og:type\" content=\"article\" \/>\n<meta property=\"og:title\" content=\"MON AGE D&#039;OR - Le Petit Louvre\" \/>\n<meta property=\"og:description\" content=\"Chaque \u00e9t\u00e9, un th\u00e9\u00e2tre au c\u0153ur d&#039;Avignon, Festival off : des textes, des auteurs, des autrices, des acteurs, des actrices. Deux salles climatis\u00e9es, 15 spectacles, un bar-restaurant.\" \/>\n<meta property=\"og:url\" content=\"https:\/\/theatre-petit-louvre.fr\/avignon\/mon-age-dor\/\" \/>\n<meta property=\"og:site_name\" content=\"Le Petit Louvre\" \/>\n<meta property=\"article:modified_time\" content=\"2023-07-01T18:07:48+00:00\" \/>\n<meta property=\"og:image\" content=\"https:\/\/theatre-petit-louvre.fr\/avignon\/wp-content\/uploads\/2022\/05\/Mon-age-dOr-e1653855747954-900x434.jpg\" \/>\n<meta name=\"twitter:label1\" content=\"Dur\u00e9e de lecture estim\u00e9e\" \/>\n\t<meta name=\"twitter:data1\" content=\"1 minute\" \/>\n<script type=\"application\/ld+json\" class=\"yoast-schema-graph\">{\"@context\":\"https:\\\/\\\/schema.org\",\"@graph\":[{\"@type\":\"WebPage\",\"@id\":\"https:\\\/\\\/theatre-petit-louvre.fr\\\/avignon\\\/mon-age-dor\\\/\",\"url\":\"https:\\\/\\\/theatre-petit-louvre.fr\\\/avignon\\\/mon-age-dor\\\/\",\"name\":\"MON AGE D'OR - Le Petit Louvre\",\"isPartOf\":{\"@id\":\"https:\\\/\\\/theatre-petit-louvre.fr\\\/avignon\\\/#website\"},\"primaryImageOfPage\":{\"@id\":\"https:\\\/\\\/theatre-petit-louvre.fr\\\/avignon\\\/mon-age-dor\\\/#primaryimage\"},\"image\":{\"@id\":\"https:\\\/\\\/theatre-petit-louvre.fr\\\/avignon\\\/mon-age-dor\\\/#primaryimage\"},\"thumbnailUrl\":\"https:\\\/\\\/theatre-petit-louvre.fr\\\/avignon\\\/wp-content\\\/uploads\\\/2022\\\/05\\\/Mon-age-dOr-e1653855747954-900x434.jpg\",\"datePublished\":\"2022-04-12T19:13:39+00:00\",\"dateModified\":\"2023-07-01T18:07:48+00:00\",\"description\":\"Chaque \u00e9t\u00e9, un th\u00e9\u00e2tre au c\u0153ur d'Avignon, Festival off : des textes, des auteurs, des autrices, des acteurs, des actrices. Deux salles climatis\u00e9es, 15 spectacles, un bar-restaurant.\",\"breadcrumb\":{\"@id\":\"https:\\\/\\\/theatre-petit-louvre.fr\\\/avignon\\\/mon-age-dor\\\/#breadcrumb\"},\"inLanguage\":\"fr-FR\",\"potentialAction\":[{\"@type\":\"ReadAction\",\"target\":[\"https:\\\/\\\/theatre-petit-louvre.fr\\\/avignon\\\/mon-age-dor\\\/\"]}]},{\"@type\":\"ImageObject\",\"inLanguage\":\"fr-FR\",\"@id\":\"https:\\\/\\\/theatre-petit-louvre.fr\\\/avignon\\\/mon-age-dor\\\/#primaryimage\",\"url\":\"https:\\\/\\\/theatre-petit-louvre.fr\\\/avignon\\\/wp-content\\\/uploads\\\/2022\\\/05\\\/Mon-age-dOr-e1653855747954.jpg\",\"contentUrl\":\"https:\\\/\\\/theatre-petit-louvre.fr\\\/avignon\\\/wp-content\\\/uploads\\\/2022\\\/05\\\/Mon-age-dOr-e1653855747954.jpg\",\"width\":902,\"height\":435},{\"@type\":\"BreadcrumbList\",\"@id\":\"https:\\\/\\\/theatre-petit-louvre.fr\\\/avignon\\\/mon-age-dor\\\/#breadcrumb\",\"itemListElement\":[{\"@type\":\"ListItem\",\"position\":1,\"name\":\"Home\",\"item\":\"https:\\\/\\\/theatre-petit-louvre.fr\\\/avignon\\\/\"},{\"@type\":\"ListItem\",\"position\":2,\"name\":\"MON AGE D&rsquo;OR\"}]},{\"@type\":\"WebSite\",\"@id\":\"https:\\\/\\\/theatre-petit-louvre.fr\\\/avignon\\\/#website\",\"url\":\"https:\\\/\\\/theatre-petit-louvre.fr\\\/avignon\\\/\",\"name\":\"Le Petit Louvre\",\"description\":\"un th\u00e9\u00e2tre au c\u0153ur d&#039;Avignon | Festival off\",\"publisher\":{\"@id\":\"https:\\\/\\\/theatre-petit-louvre.fr\\\/avignon\\\/#organization\"},\"potentialAction\":[{\"@type\":\"SearchAction\",\"target\":{\"@type\":\"EntryPoint\",\"urlTemplate\":\"https:\\\/\\\/theatre-petit-louvre.fr\\\/avignon\\\/?s={search_term_string}\"},\"query-input\":{\"@type\":\"PropertyValueSpecification\",\"valueRequired\":true,\"valueName\":\"search_term_string\"}}],\"inLanguage\":\"fr-FR\"},{\"@type\":\"Organization\",\"@id\":\"https:\\\/\\\/theatre-petit-louvre.fr\\\/avignon\\\/#organization\",\"name\":\"Th\u00e9\u00e2tre Le Petit Louvre\",\"url\":\"https:\\\/\\\/theatre-petit-louvre.fr\\\/avignon\\\/\",\"logo\":{\"@type\":\"ImageObject\",\"inLanguage\":\"fr-FR\",\"@id\":\"https:\\\/\\\/theatre-petit-louvre.fr\\\/avignon\\\/#\\\/schema\\\/logo\\\/image\\\/\",\"url\":\"https:\\\/\\\/theatre-petit-louvre.fr\\\/avignon\\\/wp-content\\\/uploads\\\/2022\\\/05\\\/logo_petit-louvre_2008_RVB.png\",\"contentUrl\":\"https:\\\/\\\/theatre-petit-louvre.fr\\\/avignon\\\/wp-content\\\/uploads\\\/2022\\\/05\\\/logo_petit-louvre_2008_RVB.png\",\"width\":374,\"height\":800,\"caption\":\"Th\u00e9\u00e2tre Le Petit Louvre\"},\"image\":{\"@id\":\"https:\\\/\\\/theatre-petit-louvre.fr\\\/avignon\\\/#\\\/schema\\\/logo\\\/image\\\/\"}}]}<\/script>\n<!-- \/ Yoast SEO plugin. -->","yoast_head_json":{"title":"MON AGE D'OR - Le Petit Louvre","description":"Chaque \u00e9t\u00e9, un th\u00e9\u00e2tre au c\u0153ur d'Avignon, Festival off : des textes, des auteurs, des autrices, des acteurs, des actrices. Deux salles climatis\u00e9es, 15 spectacles, un bar-restaurant.","robots":{"index":"index","follow":"follow","max-snippet":"max-snippet:-1","max-image-preview":"max-image-preview:large","max-video-preview":"max-video-preview:-1"},"canonical":"https:\/\/theatre-petit-louvre.fr\/avignon\/mon-age-dor\/","og_locale":"fr_FR","og_type":"article","og_title":"MON AGE D'OR - Le Petit Louvre","og_description":"Chaque \u00e9t\u00e9, un th\u00e9\u00e2tre au c\u0153ur d'Avignon, Festival off : des textes, des auteurs, des autrices, des acteurs, des actrices. Deux salles climatis\u00e9es, 15 spectacles, un bar-restaurant.","og_url":"https:\/\/theatre-petit-louvre.fr\/avignon\/mon-age-dor\/","og_site_name":"Le Petit Louvre","article_modified_time":"2023-07-01T18:07:48+00:00","og_image":[{"url":"https:\/\/theatre-petit-louvre.fr\/avignon\/wp-content\/uploads\/2022\/05\/Mon-age-dOr-e1653855747954-900x434.jpg","type":"","width":"","height":""}],"twitter_misc":{"Dur\u00e9e de lecture estim\u00e9e":"1 minute"},"schema":{"@context":"https:\/\/schema.org","@graph":[{"@type":"WebPage","@id":"https:\/\/theatre-petit-louvre.fr\/avignon\/mon-age-dor\/","url":"https:\/\/theatre-petit-louvre.fr\/avignon\/mon-age-dor\/","name":"MON AGE D'OR - Le Petit Louvre","isPartOf":{"@id":"https:\/\/theatre-petit-louvre.fr\/avignon\/#website"},"primaryImageOfPage":{"@id":"https:\/\/theatre-petit-louvre.fr\/avignon\/mon-age-dor\/#primaryimage"},"image":{"@id":"https:\/\/theatre-petit-louvre.fr\/avignon\/mon-age-dor\/#primaryimage"},"thumbnailUrl":"https:\/\/theatre-petit-louvre.fr\/avignon\/wp-content\/uploads\/2022\/05\/Mon-age-dOr-e1653855747954-900x434.jpg","datePublished":"2022-04-12T19:13:39+00:00","dateModified":"2023-07-01T18:07:48+00:00","description":"Chaque \u00e9t\u00e9, un th\u00e9\u00e2tre au c\u0153ur d'Avignon, Festival off : des textes, des auteurs, des autrices, des acteurs, des actrices. Deux salles climatis\u00e9es, 15 spectacles, un bar-restaurant.","breadcrumb":{"@id":"https:\/\/theatre-petit-louvre.fr\/avignon\/mon-age-dor\/#breadcrumb"},"inLanguage":"fr-FR","potentialAction":[{"@type":"ReadAction","target":["https:\/\/theatre-petit-louvre.fr\/avignon\/mon-age-dor\/"]}]},{"@type":"ImageObject","inLanguage":"fr-FR","@id":"https:\/\/theatre-petit-louvre.fr\/avignon\/mon-age-dor\/#primaryimage","url":"https:\/\/theatre-petit-louvre.fr\/avignon\/wp-content\/uploads\/2022\/05\/Mon-age-dOr-e1653855747954.jpg","contentUrl":"https:\/\/theatre-petit-louvre.fr\/avignon\/wp-content\/uploads\/2022\/05\/Mon-age-dOr-e1653855747954.jpg","width":902,"height":435},{"@type":"BreadcrumbList","@id":"https:\/\/theatre-petit-louvre.fr\/avignon\/mon-age-dor\/#breadcrumb","itemListElement":[{"@type":"ListItem","position":1,"name":"Home","item":"https:\/\/theatre-petit-louvre.fr\/avignon\/"},{"@type":"ListItem","position":2,"name":"MON AGE D&rsquo;OR"}]},{"@type":"WebSite","@id":"https:\/\/theatre-petit-louvre.fr\/avignon\/#website","url":"https:\/\/theatre-petit-louvre.fr\/avignon\/","name":"Le Petit Louvre","description":"un th\u00e9\u00e2tre au c\u0153ur d&#039;Avignon | Festival off","publisher":{"@id":"https:\/\/theatre-petit-louvre.fr\/avignon\/#organization"},"potentialAction":[{"@type":"SearchAction","target":{"@type":"EntryPoint","urlTemplate":"https:\/\/theatre-petit-louvre.fr\/avignon\/?s={search_term_string}"},"query-input":{"@type":"PropertyValueSpecification","valueRequired":true,"valueName":"search_term_string"}}],"inLanguage":"fr-FR"},{"@type":"Organization","@id":"https:\/\/theatre-petit-louvre.fr\/avignon\/#organization","name":"Th\u00e9\u00e2tre Le Petit Louvre","url":"https:\/\/theatre-petit-louvre.fr\/avignon\/","logo":{"@type":"ImageObject","inLanguage":"fr-FR","@id":"https:\/\/theatre-petit-louvre.fr\/avignon\/#\/schema\/logo\/image\/","url":"https:\/\/theatre-petit-louvre.fr\/avignon\/wp-content\/uploads\/2022\/05\/logo_petit-louvre_2008_RVB.png","contentUrl":"https:\/\/theatre-petit-louvre.fr\/avignon\/wp-content\/uploads\/2022\/05\/logo_petit-louvre_2008_RVB.png","width":374,"height":800,"caption":"Th\u00e9\u00e2tre Le Petit Louvre"},"image":{"@id":"https:\/\/theatre-petit-louvre.fr\/avignon\/#\/schema\/logo\/image\/"}}]}},"uagb_featured_image_src":{"full":false,"thumbnail":false,"medium":false,"medium_large":false,"large":false,"1536x1536":false,"2048x2048":false},"uagb_author_info":{"display_name":"Jocelyne","author_link":"https:\/\/theatre-petit-louvre.fr\/avignon\/author\/jocelyne\/"},"uagb_comment_info":0,"uagb_excerpt":"de Natalie Akoun.&nbsp;Mise en sc\u00e8ne&nbsp;: Olivier Cruveiller. Compagnie des Madones SALLE VAN GOGH. Du 7 au 30 juillet, \u00e0 21h05. Dur\u00e9e : 1h30TARIFS 20\/14 euros. Rel\u00e2che le mardi (12, 19 et 26 juillet) Ode au th\u00e9\u00e2tre&#8230; mais aussi spectacle sur la naissance d\u2019une vocation, regard \u00e9merveill\u00e9 sur l\u2019\u00e9tat d\u2019\u00eatre artiste. Car \u00eatre artiste est un\u2026","_links":{"self":[{"href":"https:\/\/theatre-petit-louvre.fr\/avignon\/wp-json\/wp\/v2\/pages\/2833","targetHints":{"allow":["GET"]}}],"collection":[{"href":"https:\/\/theatre-petit-louvre.fr\/avignon\/wp-json\/wp\/v2\/pages"}],"about":[{"href":"https:\/\/theatre-petit-louvre.fr\/avignon\/wp-json\/wp\/v2\/types\/page"}],"author":[{"embeddable":true,"href":"https:\/\/theatre-petit-louvre.fr\/avignon\/wp-json\/wp\/v2\/users\/3"}],"replies":[{"embeddable":true,"href":"https:\/\/theatre-petit-louvre.fr\/avignon\/wp-json\/wp\/v2\/comments?post=2833"}],"version-history":[{"count":11,"href":"https:\/\/theatre-petit-louvre.fr\/avignon\/wp-json\/wp\/v2\/pages\/2833\/revisions"}],"predecessor-version":[{"id":3795,"href":"https:\/\/theatre-petit-louvre.fr\/avignon\/wp-json\/wp\/v2\/pages\/2833\/revisions\/3795"}],"wp:attachment":[{"href":"https:\/\/theatre-petit-louvre.fr\/avignon\/wp-json\/wp\/v2\/media?parent=2833"}],"wp:term":[{"taxonomy":"category","embeddable":true,"href":"https:\/\/theatre-petit-louvre.fr\/avignon\/wp-json\/wp\/v2\/categories?post=2833"},{"taxonomy":"post_tag","embeddable":true,"href":"https:\/\/theatre-petit-louvre.fr\/avignon\/wp-json\/wp\/v2\/tags?post=2833"}],"curies":[{"name":"wp","href":"https:\/\/api.w.org\/{rel}","templated":true}]}}