{"id":3533,"date":"2023-05-10T17:21:26","date_gmt":"2023-05-10T16:21:26","guid":{"rendered":"https:\/\/theatre-petit-louvre.fr\/avignon\/?page_id=3533"},"modified":"2023-06-05T06:27:36","modified_gmt":"2023-06-05T05:27:36","slug":"monsieur-proust","status":"publish","type":"page","link":"https:\/\/theatre-petit-louvre.fr\/avignon\/monsieur-proust\/","title":{"rendered":"MONSIEUR PROUST"},"content":{"rendered":"\n<p><strong>D&rsquo;apr\u00e8s les entretiens de Georges Belmont avec C\u00e9leste Albaret, mise en sc\u00e8ne : Ivan Morane<\/strong><br>Sea Art<\/p>\n\n\n\n<p class=\"has-ast-global-color-4-background-color has-background\"><strong>SALLE VAN GOGH <\/strong>du 7 au 29 juillet 2023 \u00e0 <strong>10h00<\/strong>. Dur\u00e9e : <strong>1h20<\/strong><br>Tarifs : <strong>18\/12 euro<\/strong>s. Rel\u00e2che le mercredi <strong>(12, 19 et 26 juillet)<\/strong><\/p>\n\n\n\n<div class=\"wp-block-buttons is-layout-flex wp-block-buttons-is-layout-flex\">\n<div class=\"wp-block-button\"><a class=\"wp-block-button__link\" href=\"https:\/\/billetterie-le-petit-louvre.tickandlive.com\/evenement\/monsieur-proust\" target=\"_blank\" rel=\"noreferrer noopener\">R\u00e9servez vos places<\/a><\/div>\n<\/div>\n\n\n\n<div style=\"height:31px\" aria-hidden=\"true\" class=\"wp-block-spacer\"><\/div>\n\n\n\n<figure class=\"wp-block-gallery has-nested-images columns-default is-cropped wp-block-gallery-1 is-layout-flex wp-block-gallery-is-layout-flex\">\n<figure class=\"wp-block-image size-large\"><a href=\"https:\/\/theatre-petit-louvre.fr\/avignon\/wp-content\/uploads\/2023\/05\/PhotoLot-MProust04.jpg\" rel=\"lightbox[3533]\"><img loading=\"lazy\" decoding=\"async\" width=\"337\" height=\"510\" data-id=\"3535\" src=\"https:\/\/theatre-petit-louvre.fr\/avignon\/wp-content\/uploads\/2023\/05\/PhotoLot-MProust04-337x510.jpg\" alt=\"\" class=\"wp-image-3535\" srcset=\"https:\/\/theatre-petit-louvre.fr\/avignon\/wp-content\/uploads\/2023\/05\/PhotoLot-MProust04-337x510.jpg 337w, https:\/\/theatre-petit-louvre.fr\/avignon\/wp-content\/uploads\/2023\/05\/PhotoLot-MProust04-199x300.jpg 199w, https:\/\/theatre-petit-louvre.fr\/avignon\/wp-content\/uploads\/2023\/05\/PhotoLot-MProust04-99x150.jpg 99w, https:\/\/theatre-petit-louvre.fr\/avignon\/wp-content\/uploads\/2023\/05\/PhotoLot-MProust04.jpg 397w\" sizes=\"auto, (max-width: 337px) 100vw, 337px\" \/><\/a><\/figure>\n\n\n\n<figure class=\"wp-block-image size-large\"><a href=\"https:\/\/theatre-petit-louvre.fr\/avignon\/wp-content\/uploads\/2023\/05\/PhotoLot-MProust27.jpg\" rel=\"lightbox[3533]\"><img loading=\"lazy\" decoding=\"async\" width=\"739\" height=\"510\" data-id=\"3536\" src=\"https:\/\/theatre-petit-louvre.fr\/avignon\/wp-content\/uploads\/2023\/05\/PhotoLot-MProust27-739x510.jpg\" alt=\"\" class=\"wp-image-3536\" srcset=\"https:\/\/theatre-petit-louvre.fr\/avignon\/wp-content\/uploads\/2023\/05\/PhotoLot-MProust27-739x510.jpg 739w, https:\/\/theatre-petit-louvre.fr\/avignon\/wp-content\/uploads\/2023\/05\/PhotoLot-MProust27-300x207.jpg 300w, https:\/\/theatre-petit-louvre.fr\/avignon\/wp-content\/uploads\/2023\/05\/PhotoLot-MProust27-150x104.jpg 150w, https:\/\/theatre-petit-louvre.fr\/avignon\/wp-content\/uploads\/2023\/05\/PhotoLot-MProust27-768x530.jpg 768w, https:\/\/theatre-petit-louvre.fr\/avignon\/wp-content\/uploads\/2023\/05\/PhotoLot-MProust27.jpg 869w\" sizes=\"auto, (max-width: 739px) 100vw, 739px\" \/><\/a><\/figure>\n<\/figure>\n\n\n\n<p style=\"font-size:15px\"><strong>Un v\u00e9ritable personnage de th\u00e9\u00e2tre. <\/strong><br><strong>Bien que l\u2019ayant servi les huit derni\u00e8res ann\u00e9es de sa vie, C\u00e9leste Albaret est volontairement rest\u00e9e dans l\u2019ombre de Marcel Proust et n\u2019a accept\u00e9 qu\u2019en 1973 de livrer ses souvenirs. Ivan Morane en fait \u0153uvre th\u00e9\u00e2trale \u00ab&nbsp;pour faire d\u00e9couvrir cette femme merveilleuse dont le sens admirable du r\u00e9cit en fait un r\u00e9el personnage de th\u00e9\u00e2tre&nbsp;\u00bb<\/strong><\/p>\n\n\n\n<div class=\"wp-block-media-text alignwide is-stacked-on-mobile\" style=\"grid-template-columns:32% auto\"><figure class=\"wp-block-media-text__media\"><img loading=\"lazy\" decoding=\"async\" width=\"339\" height=\"510\" src=\"https:\/\/theatre-petit-louvre.fr\/avignon\/wp-content\/uploads\/2023\/05\/Monsieur-Proust-339x510.jpg\" alt=\"\" class=\"wp-image-3537 size-full\" srcset=\"https:\/\/theatre-petit-louvre.fr\/avignon\/wp-content\/uploads\/2023\/05\/Monsieur-Proust-339x510.jpg 339w, https:\/\/theatre-petit-louvre.fr\/avignon\/wp-content\/uploads\/2023\/05\/Monsieur-Proust-200x300.jpg 200w, https:\/\/theatre-petit-louvre.fr\/avignon\/wp-content\/uploads\/2023\/05\/Monsieur-Proust-100x150.jpg 100w, https:\/\/theatre-petit-louvre.fr\/avignon\/wp-content\/uploads\/2023\/05\/Monsieur-Proust.jpg 399w\" sizes=\"auto, (max-width: 339px) 100vw, 339px\" \/><\/figure><div class=\"wp-block-media-text__content\">\n<p class=\"has-small-font-size\">C\u00e9leste Albaret a vingt-trois ans lorsqu\u2019elle rentre au service de Marcel Proust&nbsp;; elle accompagnera les derni\u00e8res ann\u00e9es de la vie de l\u2019\u00e9crivain. Accompagnera car, bien davantage qu\u2019une gouvernante (m\u00eame si elle exerce ce r\u00f4le \u00e0 la perfection), elle sera une compagne ; elle vivra au rythme, le plus souvent nocturne, de Marcel, l\u2019\u00e9coutera lui rapporter ses soir\u00e9es mondaines, \u00e9crira sous sa dict\u00e9e, le soignera, tentera de le nourrir, acc\u00e8dera \u00e0 toutes ses demandes, parfois incongrues et bien souvent les devancera. Et c\u2019est elle qui mettra au point, avec l\u2019\u00e9crivain, la technique des paperoles, ces petites bandes de papier coll\u00e9es dans les cahiers manuscrits qui permettent d\u2019ajouter du texte lorsque les pages sont pleines. Ivan Morane nous propose ici, en entrant dans l\u2019ombre de l\u2019\u00e9crivain, de mettre en pleine lumi\u00e8re le personnage de C\u00e9leste, incarn\u00e9 passionn\u00e9ment par C\u00e9line Samie et, comme il a une large palette de talents, c\u2019est lui qui a cr\u00e9\u00e9 les lumi\u00e8res de ce spectacle qui sculptent les diff\u00e9rents espaces de vie et de souvenirs de C\u00e9leste. Sans d\u00e9cor aucun, il nous fait entrer chez l\u2019\u00e9crivain.<\/p>\n<\/div><\/div>\n\n\n\n<p class=\"has-ast-global-color-0-color has-ast-global-color-4-background-color has-text-color has-background\"><strong>Avec C\u00e9line Samie<\/strong><\/p>\n\n\n\n<p class=\"has-ast-global-color-0-color has-text-color has-small-font-size\"><em>Lumi\u00e8res <\/em>: Ivan Morane<\/p>\n\n\n\n<p class=\"has-small-font-size\">\u00ab&nbsp;Il fallait bien toute la ma\u00eetrise et la pr\u00e9sence de C\u00e9line Samie, ancienne soci\u00e9taire de la Com\u00e9die-Fran\u00e7aise, pour se glisser dans la robe noire modeste et les petits souliers de C\u00e9leste. En ce centenaire de la mort de l&rsquo;\u00e9crivain, quel plus bel hommage pouvait lui \u00eatre rendu au th\u00e9\u00e2tre ? Le fant\u00f4me de Marcel est l\u00e0, au milieu d&rsquo;un nuage de fum\u00e9e, dans les mots de C\u00e9leste susurr\u00e9s, dans\u00e9s, pleur\u00e9s par la voix de C\u00e9line Samie.&nbsp;\u00bb<strong> Le Figaro<\/strong><\/p>\n\n\n\n<p class=\"has-small-font-size\">\u00ab&nbsp;Sous la direction d&rsquo;Ivan Morane et en adresse au public, C\u00e9line Samie porte superbement la partition narrative en forme de r\u00e9cit \u00e9maill\u00e9 de soliloques, brefs \u00e9pisodes anecdotiques et dialogues \u00e0 une voix qui contribue \u00e9galement \u00e0 pr\u00e9ciser la figure de Marcel Proust grand seigneur et reclus.&nbsp;\u00bb <strong>Froggy\u2019s delight<\/strong><\/p>\n\n\n\n<p class=\"has-small-font-size\">\u00ab&nbsp;C\u00e9line Samie est lumineuse. Elle se glisse avec toute autant d\u2019aisance dans les personnages de Proust, Gide et Gallimard. On a alors le sentiment que c\u2019est C\u00e9leste qui les parodie. Ce spectacle d\u00e9licat donne envie de retourner du <em>C\u00f4t\u00e9 de chez Swan <\/em>ou de <em>Guermantes<\/em>, de se mettre <em>A l\u2019ombre des jeunes filles<\/em> <em>en fleurs<\/em>, de grignoter cette fameuse madeleine.&nbsp;\u00bb <strong>L\u2019oeil d\u2019Olivier<\/strong><\/p>\n","protected":false},"excerpt":{"rendered":"<p>D&rsquo;apr\u00e8s les entretiens de Georges Belmont avec C\u00e9leste Albaret, mise en sc\u00e8ne : Ivan MoraneSea Art SALLE VAN GOGH du 7 au 29 juillet 2023 \u00e0 10h00. Dur\u00e9e : 1h20Tarifs : 18\/12 euros. Rel\u00e2che le mercredi (12, 19 et 26 juillet) Un v\u00e9ritable personnage de th\u00e9\u00e2tre. Bien que l\u2019ayant servi les huit derni\u00e8res ann\u00e9es de [&hellip;]<\/p>\n","protected":false},"author":3,"featured_media":0,"parent":0,"menu_order":0,"comment_status":"closed","ping_status":"closed","template":"","meta":{"_uag_custom_page_level_css":"","site-sidebar-layout":"default","site-content-layout":"","ast-site-content-layout":"default","site-content-style":"default","site-sidebar-style":"default","ast-global-header-display":"","ast-banner-title-visibility":"","ast-main-header-display":"","ast-hfb-above-header-display":"","ast-hfb-below-header-display":"","ast-hfb-mobile-header-display":"","site-post-title":"","ast-breadcrumbs-content":"","ast-featured-img":"","footer-sml-layout":"","ast-disable-related-posts":"","theme-transparent-header-meta":"","adv-header-id-meta":"","stick-header-meta":"","header-above-stick-meta":"","header-main-stick-meta":"","header-below-stick-meta":"","astra-migrate-meta-layouts":"default","ast-page-background-enabled":"default","ast-page-background-meta":{"desktop":{"background-color":"var(--ast-global-color-4)","background-image":"","background-repeat":"repeat","background-position":"center center","background-size":"auto","background-attachment":"scroll","background-type":"","background-media":"","overlay-type":"","overlay-color":"","overlay-opacity":"","overlay-gradient":""},"tablet":{"background-color":"","background-image":"","background-repeat":"repeat","background-position":"center center","background-size":"auto","background-attachment":"scroll","background-type":"","background-media":"","overlay-type":"","overlay-color":"","overlay-opacity":"","overlay-gradient":""},"mobile":{"background-color":"","background-image":"","background-repeat":"repeat","background-position":"center center","background-size":"auto","background-attachment":"scroll","background-type":"","background-media":"","overlay-type":"","overlay-color":"","overlay-opacity":"","overlay-gradient":""}},"ast-content-background-meta":{"desktop":{"background-color":"var(--ast-global-color-5)","background-image":"","background-repeat":"repeat","background-position":"center center","background-size":"auto","background-attachment":"scroll","background-type":"","background-media":"","overlay-type":"","overlay-color":"","overlay-opacity":"","overlay-gradient":""},"tablet":{"background-color":"var(--ast-global-color-5)","background-image":"","background-repeat":"repeat","background-position":"center center","background-size":"auto","background-attachment":"scroll","background-type":"","background-media":"","overlay-type":"","overlay-color":"","overlay-opacity":"","overlay-gradient":""},"mobile":{"background-color":"var(--ast-global-color-5)","background-image":"","background-repeat":"repeat","background-position":"center center","background-size":"auto","background-attachment":"scroll","background-type":"","background-media":"","overlay-type":"","overlay-color":"","overlay-opacity":"","overlay-gradient":""}},"footnotes":"","_links_to":"","_links_to_target":""},"categories":[20,10],"tags":[],"class_list":["post-3533","page","type-page","status-publish","hentry","category-20","category-salle-van-gogh"],"yoast_head":"<!-- This site is optimized with the Yoast SEO plugin v27.3 - https:\/\/yoast.com\/product\/yoast-seo-wordpress\/ -->\n<title>MONSIEUR PROUST - Le Petit Louvre<\/title>\n<meta name=\"description\" content=\"Chaque \u00e9t\u00e9, un th\u00e9\u00e2tre au c\u0153ur d&#039;Avignon, Festival off : des textes, des auteurs, des autrices, des acteurs, des actrices. Deux salles climatis\u00e9es, 15 spectacles, un bar-restaurant.\" \/>\n<meta name=\"robots\" content=\"index, follow, max-snippet:-1, max-image-preview:large, max-video-preview:-1\" \/>\n<link rel=\"canonical\" href=\"https:\/\/theatre-petit-louvre.fr\/avignon\/monsieur-proust\/\" \/>\n<meta property=\"og:locale\" content=\"fr_FR\" \/>\n<meta property=\"og:type\" content=\"article\" \/>\n<meta property=\"og:title\" content=\"MONSIEUR PROUST - Le Petit Louvre\" \/>\n<meta property=\"og:description\" content=\"Chaque \u00e9t\u00e9, un th\u00e9\u00e2tre au c\u0153ur d&#039;Avignon, Festival off : des textes, des auteurs, des autrices, des acteurs, des actrices. Deux salles climatis\u00e9es, 15 spectacles, un bar-restaurant.\" \/>\n<meta property=\"og:url\" content=\"https:\/\/theatre-petit-louvre.fr\/avignon\/monsieur-proust\/\" \/>\n<meta property=\"og:site_name\" content=\"Le Petit Louvre\" \/>\n<meta property=\"article:modified_time\" content=\"2023-06-05T05:27:36+00:00\" \/>\n<meta property=\"og:image\" content=\"https:\/\/theatre-petit-louvre.fr\/avignon\/wp-content\/uploads\/2023\/05\/PhotoLot-MProust04-337x510.jpg\" \/>\n<meta name=\"twitter:label1\" content=\"Dur\u00e9e de lecture estim\u00e9e\" \/>\n\t<meta name=\"twitter:data1\" content=\"3 minutes\" \/>\n<script type=\"application\/ld+json\" class=\"yoast-schema-graph\">{\"@context\":\"https:\\\/\\\/schema.org\",\"@graph\":[{\"@type\":\"WebPage\",\"@id\":\"https:\\\/\\\/theatre-petit-louvre.fr\\\/avignon\\\/monsieur-proust\\\/\",\"url\":\"https:\\\/\\\/theatre-petit-louvre.fr\\\/avignon\\\/monsieur-proust\\\/\",\"name\":\"MONSIEUR PROUST - Le Petit Louvre\",\"isPartOf\":{\"@id\":\"https:\\\/\\\/theatre-petit-louvre.fr\\\/avignon\\\/#website\"},\"primaryImageOfPage\":{\"@id\":\"https:\\\/\\\/theatre-petit-louvre.fr\\\/avignon\\\/monsieur-proust\\\/#primaryimage\"},\"image\":{\"@id\":\"https:\\\/\\\/theatre-petit-louvre.fr\\\/avignon\\\/monsieur-proust\\\/#primaryimage\"},\"thumbnailUrl\":\"https:\\\/\\\/theatre-petit-louvre.fr\\\/avignon\\\/wp-content\\\/uploads\\\/2023\\\/05\\\/PhotoLot-MProust04-337x510.jpg\",\"datePublished\":\"2023-05-10T16:21:26+00:00\",\"dateModified\":\"2023-06-05T05:27:36+00:00\",\"description\":\"Chaque \u00e9t\u00e9, un th\u00e9\u00e2tre au c\u0153ur d'Avignon, Festival off : des textes, des auteurs, des autrices, des acteurs, des actrices. Deux salles climatis\u00e9es, 15 spectacles, un bar-restaurant.\",\"breadcrumb\":{\"@id\":\"https:\\\/\\\/theatre-petit-louvre.fr\\\/avignon\\\/monsieur-proust\\\/#breadcrumb\"},\"inLanguage\":\"fr-FR\",\"potentialAction\":[{\"@type\":\"ReadAction\",\"target\":[\"https:\\\/\\\/theatre-petit-louvre.fr\\\/avignon\\\/monsieur-proust\\\/\"]}]},{\"@type\":\"ImageObject\",\"inLanguage\":\"fr-FR\",\"@id\":\"https:\\\/\\\/theatre-petit-louvre.fr\\\/avignon\\\/monsieur-proust\\\/#primaryimage\",\"url\":\"https:\\\/\\\/theatre-petit-louvre.fr\\\/avignon\\\/wp-content\\\/uploads\\\/2023\\\/05\\\/PhotoLot-MProust04.jpg\",\"contentUrl\":\"https:\\\/\\\/theatre-petit-louvre.fr\\\/avignon\\\/wp-content\\\/uploads\\\/2023\\\/05\\\/PhotoLot-MProust04.jpg\",\"width\":397,\"height\":600},{\"@type\":\"BreadcrumbList\",\"@id\":\"https:\\\/\\\/theatre-petit-louvre.fr\\\/avignon\\\/monsieur-proust\\\/#breadcrumb\",\"itemListElement\":[{\"@type\":\"ListItem\",\"position\":1,\"name\":\"Home\",\"item\":\"https:\\\/\\\/theatre-petit-louvre.fr\\\/avignon\\\/\"},{\"@type\":\"ListItem\",\"position\":2,\"name\":\"MONSIEUR PROUST\"}]},{\"@type\":\"WebSite\",\"@id\":\"https:\\\/\\\/theatre-petit-louvre.fr\\\/avignon\\\/#website\",\"url\":\"https:\\\/\\\/theatre-petit-louvre.fr\\\/avignon\\\/\",\"name\":\"Le Petit Louvre\",\"description\":\"un th\u00e9\u00e2tre au c\u0153ur d&#039;Avignon | Festival off\",\"publisher\":{\"@id\":\"https:\\\/\\\/theatre-petit-louvre.fr\\\/avignon\\\/#organization\"},\"potentialAction\":[{\"@type\":\"SearchAction\",\"target\":{\"@type\":\"EntryPoint\",\"urlTemplate\":\"https:\\\/\\\/theatre-petit-louvre.fr\\\/avignon\\\/?s={search_term_string}\"},\"query-input\":{\"@type\":\"PropertyValueSpecification\",\"valueRequired\":true,\"valueName\":\"search_term_string\"}}],\"inLanguage\":\"fr-FR\"},{\"@type\":\"Organization\",\"@id\":\"https:\\\/\\\/theatre-petit-louvre.fr\\\/avignon\\\/#organization\",\"name\":\"Th\u00e9\u00e2tre Le Petit Louvre\",\"url\":\"https:\\\/\\\/theatre-petit-louvre.fr\\\/avignon\\\/\",\"logo\":{\"@type\":\"ImageObject\",\"inLanguage\":\"fr-FR\",\"@id\":\"https:\\\/\\\/theatre-petit-louvre.fr\\\/avignon\\\/#\\\/schema\\\/logo\\\/image\\\/\",\"url\":\"https:\\\/\\\/theatre-petit-louvre.fr\\\/avignon\\\/wp-content\\\/uploads\\\/2022\\\/05\\\/logo_petit-louvre_2008_RVB.png\",\"contentUrl\":\"https:\\\/\\\/theatre-petit-louvre.fr\\\/avignon\\\/wp-content\\\/uploads\\\/2022\\\/05\\\/logo_petit-louvre_2008_RVB.png\",\"width\":374,\"height\":800,\"caption\":\"Th\u00e9\u00e2tre Le Petit Louvre\"},\"image\":{\"@id\":\"https:\\\/\\\/theatre-petit-louvre.fr\\\/avignon\\\/#\\\/schema\\\/logo\\\/image\\\/\"}}]}<\/script>\n<!-- \/ Yoast SEO plugin. -->","yoast_head_json":{"title":"MONSIEUR PROUST - Le Petit Louvre","description":"Chaque \u00e9t\u00e9, un th\u00e9\u00e2tre au c\u0153ur d'Avignon, Festival off : des textes, des auteurs, des autrices, des acteurs, des actrices. Deux salles climatis\u00e9es, 15 spectacles, un bar-restaurant.","robots":{"index":"index","follow":"follow","max-snippet":"max-snippet:-1","max-image-preview":"max-image-preview:large","max-video-preview":"max-video-preview:-1"},"canonical":"https:\/\/theatre-petit-louvre.fr\/avignon\/monsieur-proust\/","og_locale":"fr_FR","og_type":"article","og_title":"MONSIEUR PROUST - Le Petit Louvre","og_description":"Chaque \u00e9t\u00e9, un th\u00e9\u00e2tre au c\u0153ur d'Avignon, Festival off : des textes, des auteurs, des autrices, des acteurs, des actrices. Deux salles climatis\u00e9es, 15 spectacles, un bar-restaurant.","og_url":"https:\/\/theatre-petit-louvre.fr\/avignon\/monsieur-proust\/","og_site_name":"Le Petit Louvre","article_modified_time":"2023-06-05T05:27:36+00:00","og_image":[{"url":"https:\/\/theatre-petit-louvre.fr\/avignon\/wp-content\/uploads\/2023\/05\/PhotoLot-MProust04-337x510.jpg","type":"","width":"","height":""}],"twitter_misc":{"Dur\u00e9e de lecture estim\u00e9e":"3 minutes"},"schema":{"@context":"https:\/\/schema.org","@graph":[{"@type":"WebPage","@id":"https:\/\/theatre-petit-louvre.fr\/avignon\/monsieur-proust\/","url":"https:\/\/theatre-petit-louvre.fr\/avignon\/monsieur-proust\/","name":"MONSIEUR PROUST - Le Petit Louvre","isPartOf":{"@id":"https:\/\/theatre-petit-louvre.fr\/avignon\/#website"},"primaryImageOfPage":{"@id":"https:\/\/theatre-petit-louvre.fr\/avignon\/monsieur-proust\/#primaryimage"},"image":{"@id":"https:\/\/theatre-petit-louvre.fr\/avignon\/monsieur-proust\/#primaryimage"},"thumbnailUrl":"https:\/\/theatre-petit-louvre.fr\/avignon\/wp-content\/uploads\/2023\/05\/PhotoLot-MProust04-337x510.jpg","datePublished":"2023-05-10T16:21:26+00:00","dateModified":"2023-06-05T05:27:36+00:00","description":"Chaque \u00e9t\u00e9, un th\u00e9\u00e2tre au c\u0153ur d'Avignon, Festival off : des textes, des auteurs, des autrices, des acteurs, des actrices. Deux salles climatis\u00e9es, 15 spectacles, un bar-restaurant.","breadcrumb":{"@id":"https:\/\/theatre-petit-louvre.fr\/avignon\/monsieur-proust\/#breadcrumb"},"inLanguage":"fr-FR","potentialAction":[{"@type":"ReadAction","target":["https:\/\/theatre-petit-louvre.fr\/avignon\/monsieur-proust\/"]}]},{"@type":"ImageObject","inLanguage":"fr-FR","@id":"https:\/\/theatre-petit-louvre.fr\/avignon\/monsieur-proust\/#primaryimage","url":"https:\/\/theatre-petit-louvre.fr\/avignon\/wp-content\/uploads\/2023\/05\/PhotoLot-MProust04.jpg","contentUrl":"https:\/\/theatre-petit-louvre.fr\/avignon\/wp-content\/uploads\/2023\/05\/PhotoLot-MProust04.jpg","width":397,"height":600},{"@type":"BreadcrumbList","@id":"https:\/\/theatre-petit-louvre.fr\/avignon\/monsieur-proust\/#breadcrumb","itemListElement":[{"@type":"ListItem","position":1,"name":"Home","item":"https:\/\/theatre-petit-louvre.fr\/avignon\/"},{"@type":"ListItem","position":2,"name":"MONSIEUR PROUST"}]},{"@type":"WebSite","@id":"https:\/\/theatre-petit-louvre.fr\/avignon\/#website","url":"https:\/\/theatre-petit-louvre.fr\/avignon\/","name":"Le Petit Louvre","description":"un th\u00e9\u00e2tre au c\u0153ur d&#039;Avignon | Festival off","publisher":{"@id":"https:\/\/theatre-petit-louvre.fr\/avignon\/#organization"},"potentialAction":[{"@type":"SearchAction","target":{"@type":"EntryPoint","urlTemplate":"https:\/\/theatre-petit-louvre.fr\/avignon\/?s={search_term_string}"},"query-input":{"@type":"PropertyValueSpecification","valueRequired":true,"valueName":"search_term_string"}}],"inLanguage":"fr-FR"},{"@type":"Organization","@id":"https:\/\/theatre-petit-louvre.fr\/avignon\/#organization","name":"Th\u00e9\u00e2tre Le Petit Louvre","url":"https:\/\/theatre-petit-louvre.fr\/avignon\/","logo":{"@type":"ImageObject","inLanguage":"fr-FR","@id":"https:\/\/theatre-petit-louvre.fr\/avignon\/#\/schema\/logo\/image\/","url":"https:\/\/theatre-petit-louvre.fr\/avignon\/wp-content\/uploads\/2022\/05\/logo_petit-louvre_2008_RVB.png","contentUrl":"https:\/\/theatre-petit-louvre.fr\/avignon\/wp-content\/uploads\/2022\/05\/logo_petit-louvre_2008_RVB.png","width":374,"height":800,"caption":"Th\u00e9\u00e2tre Le Petit Louvre"},"image":{"@id":"https:\/\/theatre-petit-louvre.fr\/avignon\/#\/schema\/logo\/image\/"}}]}},"uagb_featured_image_src":{"full":false,"thumbnail":false,"medium":false,"medium_large":false,"large":false,"1536x1536":false,"2048x2048":false},"uagb_author_info":{"display_name":"Jocelyne","author_link":"https:\/\/theatre-petit-louvre.fr\/avignon\/author\/jocelyne\/"},"uagb_comment_info":0,"uagb_excerpt":"D&rsquo;apr\u00e8s les entretiens de Georges Belmont avec C\u00e9leste Albaret, mise en sc\u00e8ne : Ivan MoraneSea Art SALLE VAN GOGH du 7 au 29 juillet 2023 \u00e0 10h00. Dur\u00e9e : 1h20Tarifs : 18\/12 euros. Rel\u00e2che le mercredi (12, 19 et 26 juillet) Un v\u00e9ritable personnage de th\u00e9\u00e2tre. Bien que l\u2019ayant servi les huit derni\u00e8res ann\u00e9es de\u2026","_links":{"self":[{"href":"https:\/\/theatre-petit-louvre.fr\/avignon\/wp-json\/wp\/v2\/pages\/3533","targetHints":{"allow":["GET"]}}],"collection":[{"href":"https:\/\/theatre-petit-louvre.fr\/avignon\/wp-json\/wp\/v2\/pages"}],"about":[{"href":"https:\/\/theatre-petit-louvre.fr\/avignon\/wp-json\/wp\/v2\/types\/page"}],"author":[{"embeddable":true,"href":"https:\/\/theatre-petit-louvre.fr\/avignon\/wp-json\/wp\/v2\/users\/3"}],"replies":[{"embeddable":true,"href":"https:\/\/theatre-petit-louvre.fr\/avignon\/wp-json\/wp\/v2\/comments?post=3533"}],"version-history":[{"count":5,"href":"https:\/\/theatre-petit-louvre.fr\/avignon\/wp-json\/wp\/v2\/pages\/3533\/revisions"}],"predecessor-version":[{"id":3711,"href":"https:\/\/theatre-petit-louvre.fr\/avignon\/wp-json\/wp\/v2\/pages\/3533\/revisions\/3711"}],"wp:attachment":[{"href":"https:\/\/theatre-petit-louvre.fr\/avignon\/wp-json\/wp\/v2\/media?parent=3533"}],"wp:term":[{"taxonomy":"category","embeddable":true,"href":"https:\/\/theatre-petit-louvre.fr\/avignon\/wp-json\/wp\/v2\/categories?post=3533"},{"taxonomy":"post_tag","embeddable":true,"href":"https:\/\/theatre-petit-louvre.fr\/avignon\/wp-json\/wp\/v2\/tags?post=3533"}],"curies":[{"name":"wp","href":"https:\/\/api.w.org\/{rel}","templated":true}]}}