{"id":3549,"date":"2023-05-10T17:57:03","date_gmt":"2023-05-10T16:57:03","guid":{"rendered":"https:\/\/theatre-petit-louvre.fr\/avignon\/?page_id=3549"},"modified":"2023-06-05T06:28:24","modified_gmt":"2023-06-05T05:28:24","slug":"giono-paysages-visages","status":"publish","type":"page","link":"https:\/\/theatre-petit-louvre.fr\/avignon\/giono-paysages-visages\/","title":{"rendered":"GIONO &#8211; PAYSAGES, VISAGES"},"content":{"rendered":"\n<p><strong>D&rsquo;apr\u00e8s les textes de Jean Giono. Adaptation et mise en sc\u00e8ne : Paul Fructus<\/strong><br>Sea Art<\/p>\n\n\n\n<p><strong>SALLE VAN GOGH<\/strong> du 7 au 29 juillet 2023 \u00e0 <strong>13h15<\/strong>. Dur\u00e9e : <strong>1h10<\/strong><br>Tarifs <strong>18\/12 euros<\/strong>. Rel\u00e2che le mercredi <strong>(12, 19 et 26 juillet)<\/strong><\/p>\n\n\n\n<div class=\"wp-block-buttons is-layout-flex wp-block-buttons-is-layout-flex\">\n<div class=\"wp-block-button\"><a class=\"wp-block-button__link\" href=\"https:\/\/billetterie-le-petit-louvre.tickandlive.com\/evenement\/giono-paysages-visages\" target=\"_blank\" rel=\"noreferrer noopener\">R\u00e9servez vos places<\/a><\/div>\n<\/div>\n\n\n\n<div style=\"height:31px\" aria-hidden=\"true\" class=\"wp-block-spacer\"><\/div>\n\n\n\n<figure class=\"wp-block-image size-large\"><img loading=\"lazy\" decoding=\"async\" width=\"684\" height=\"510\" src=\"https:\/\/theatre-petit-louvre.fr\/avignon\/wp-content\/uploads\/2023\/05\/Giono-2-684x510.jpg\" alt=\"\" class=\"wp-image-3551\" srcset=\"https:\/\/theatre-petit-louvre.fr\/avignon\/wp-content\/uploads\/2023\/05\/Giono-2-684x510.jpg 684w, https:\/\/theatre-petit-louvre.fr\/avignon\/wp-content\/uploads\/2023\/05\/Giono-2-300x224.jpg 300w, https:\/\/theatre-petit-louvre.fr\/avignon\/wp-content\/uploads\/2023\/05\/Giono-2-150x112.jpg 150w, https:\/\/theatre-petit-louvre.fr\/avignon\/wp-content\/uploads\/2023\/05\/Giono-2-768x572.jpg 768w, https:\/\/theatre-petit-louvre.fr\/avignon\/wp-content\/uploads\/2023\/05\/Giono-2.jpg 805w\" sizes=\"auto, (max-width: 684px) 100vw, 684px\" \/><\/figure>\n\n\n\n<p style=\"font-size:14px\"><strong>Invitation au voyage immobile. <\/strong><br><strong>Avec un banc pour seul d\u00e9cor, Paul Fructus nous transporte au c\u0153ur de l\u2019univers de Jean Giono, avec le texte, le texte, rien que le texte, pour nous offrir une brass\u00e9e de paysages et de visages. \u00ab&nbsp;Tout est au c\u0153ur de chaque mot.&nbsp;\u00bb<\/strong><\/p>\n\n\n\n<div class=\"wp-block-media-text alignwide is-stacked-on-mobile\"><figure class=\"wp-block-media-text__media\"><img loading=\"lazy\" decoding=\"async\" width=\"339\" height=\"510\" src=\"https:\/\/theatre-petit-louvre.fr\/avignon\/wp-content\/uploads\/2023\/05\/Giono-3-339x510.jpg\" alt=\"\" class=\"wp-image-3552 size-full\" srcset=\"https:\/\/theatre-petit-louvre.fr\/avignon\/wp-content\/uploads\/2023\/05\/Giono-3-339x510.jpg 339w, https:\/\/theatre-petit-louvre.fr\/avignon\/wp-content\/uploads\/2023\/05\/Giono-3-200x300.jpg 200w, https:\/\/theatre-petit-louvre.fr\/avignon\/wp-content\/uploads\/2023\/05\/Giono-3-100x150.jpg 100w, https:\/\/theatre-petit-louvre.fr\/avignon\/wp-content\/uploads\/2023\/05\/Giono-3.jpg 399w\" sizes=\"auto, (max-width: 339px) 100vw, 339px\" \/><\/figure><div class=\"wp-block-media-text__content\">\n<p class=\"has-small-font-size\">N\u00e9 en 1895 dans une famille modeste (m\u00e8re repasseuse, p\u00e8re cordonnier), l&rsquo;enfance de Jean Giono est un \u00e2ge d\u2019or dont il cherchera toute sa vie \u00e0 faire revivre l\u2019atmosph\u00e8re. A 16 ans, pour des raisons \u00e9conomiques, il est contraint d\u2019arr\u00eater ses \u00e9tudes pour travailler comme coursier dans une banque. Il compl\u00e8te sa formation en lisant les classiques par lui-m\u00eame et avec passion. Mobilis\u00e9 en 1915, il fait l\u2019exp\u00e9rience de l\u2019horreur et de l\u2019absurdit\u00e9. Autodidacte, il commence \u00e0 \u00e9crire au retour de la guerre, anim\u00e9 par la recherche du bonheur, le bonheur de vivre, le bonheur d\u2019\u00e9crire.<\/p>\n\n\n\n<p class=\"has-small-font-size\">Dans ce triptyque pour un voyage, Paul Fructus, avec un banc pour tout d\u00e9cor, nous invite \u00e0 le suivre&nbsp;: un d\u00e9tour par <em>Un de Baumugnes <\/em>(extrait), une \u00e9tape avec le <em>Pr\u00e9lude de Pan<\/em> et sur le retour, <em>Le Chant du monde<\/em> (extrait). \u00ab&nbsp;Ouvrir un livre de Jean Giono, c\u2019est ouvrir une porte sur des paysage tourment\u00e9s et une humanit\u00e9 emport\u00e9e dans la danse folle des saisons. Il n\u2019y a pas que de l\u2019\u00e9merveillement, il y a aussi du vertige. Le m\u00eame vertige qu\u2019\u00e0 la contemplation d\u2019un paysage de Van Gogh. Les arbres se tordent sous les m\u00eames ventes froids, sous les m\u00eames soleils fous. C\u2019est avec l\u2019app\u00e9tit de faire entendre \u00e0 haute voix les mots et le monde de Giono, et une ind\u00e9niable appr\u00e9hension, que je pr\u00e9pare ce voyage. Ma canne est bien ferr\u00e9e, mon pas est assur\u00e9 et ma peur est toute neuve. En route. Rendez-vous \u00e0 la crois\u00e9e des sentiers de la montagne de Lure pour partager cette brass\u00e9e de paysages et de visages.&nbsp;\u00bb <strong>Paul Fructus<\/strong><\/p>\n<\/div><\/div>\n\n\n\n<p class=\"has-ast-global-color-0-color has-ast-global-color-4-background-color has-text-color has-background\"><strong>Avec Paul Fructus<\/strong><\/p>\n\n\n\n<p class=\"has-ast-global-color-0-color has-text-color has-small-font-size\"><em>Univers sonore<\/em> : Adrien Meulien &#8211; <em>Sc\u00e9nographie &amp; lumi\u00e8res<\/em> : Pierre Vigna &#8211; <em>Costume<\/em> : Cissou Winling &#8211; Avec la complicit\u00e9 de Bernard Colmet et Jean-Louis Hourdin<\/p>\n\n\n\n<p class=\"has-small-font-size\">\u00ab&nbsp;Ce spectacle mont\u00e9 par Paul Fructus respecte \u00e0 la virgule pr\u00e8s les textes de mon p\u00e8re, c\u2019est un enchantement, le mot n\u2019est pas faible. Il restitue cette mont\u00e9e de s\u00e8ve de la nature, bless\u00e9e et malmen\u00e9e par les hommes, qui se venge en les faisant s\u2019\u00e9puiser dans une danse d\u00e9moniaque d\u00e9clench\u00e9e par le Dieu Pan revenu sur terre. Un vrai r\u00e9gal&nbsp;!&nbsp;\u00bb<strong> Sylvie Durbet Giono<\/strong><\/p>\n","protected":false},"excerpt":{"rendered":"<p>D&rsquo;apr\u00e8s les textes de Jean Giono. Adaptation et mise en sc\u00e8ne : Paul FructusSea Art SALLE VAN GOGH du 7 au 29 juillet 2023 \u00e0 13h15. Dur\u00e9e : 1h10Tarifs 18\/12 euros. Rel\u00e2che le mercredi (12, 19 et 26 juillet) Invitation au voyage immobile. Avec un banc pour seul d\u00e9cor, Paul Fructus nous transporte au c\u0153ur [&hellip;]<\/p>\n","protected":false},"author":3,"featured_media":0,"parent":0,"menu_order":0,"comment_status":"closed","ping_status":"closed","template":"","meta":{"_uag_custom_page_level_css":"","site-sidebar-layout":"default","site-content-layout":"","ast-site-content-layout":"default","site-content-style":"default","site-sidebar-style":"default","ast-global-header-display":"","ast-banner-title-visibility":"","ast-main-header-display":"","ast-hfb-above-header-display":"","ast-hfb-below-header-display":"","ast-hfb-mobile-header-display":"","site-post-title":"","ast-breadcrumbs-content":"","ast-featured-img":"","footer-sml-layout":"","ast-disable-related-posts":"","theme-transparent-header-meta":"","adv-header-id-meta":"","stick-header-meta":"","header-above-stick-meta":"","header-main-stick-meta":"","header-below-stick-meta":"","astra-migrate-meta-layouts":"default","ast-page-background-enabled":"default","ast-page-background-meta":{"desktop":{"background-color":"var(--ast-global-color-4)","background-image":"","background-repeat":"repeat","background-position":"center center","background-size":"auto","background-attachment":"scroll","background-type":"","background-media":"","overlay-type":"","overlay-color":"","overlay-opacity":"","overlay-gradient":""},"tablet":{"background-color":"","background-image":"","background-repeat":"repeat","background-position":"center center","background-size":"auto","background-attachment":"scroll","background-type":"","background-media":"","overlay-type":"","overlay-color":"","overlay-opacity":"","overlay-gradient":""},"mobile":{"background-color":"","background-image":"","background-repeat":"repeat","background-position":"center center","background-size":"auto","background-attachment":"scroll","background-type":"","background-media":"","overlay-type":"","overlay-color":"","overlay-opacity":"","overlay-gradient":""}},"ast-content-background-meta":{"desktop":{"background-color":"var(--ast-global-color-5)","background-image":"","background-repeat":"repeat","background-position":"center center","background-size":"auto","background-attachment":"scroll","background-type":"","background-media":"","overlay-type":"","overlay-color":"","overlay-opacity":"","overlay-gradient":""},"tablet":{"background-color":"var(--ast-global-color-5)","background-image":"","background-repeat":"repeat","background-position":"center center","background-size":"auto","background-attachment":"scroll","background-type":"","background-media":"","overlay-type":"","overlay-color":"","overlay-opacity":"","overlay-gradient":""},"mobile":{"background-color":"var(--ast-global-color-5)","background-image":"","background-repeat":"repeat","background-position":"center center","background-size":"auto","background-attachment":"scroll","background-type":"","background-media":"","overlay-type":"","overlay-color":"","overlay-opacity":"","overlay-gradient":""}},"footnotes":"","_links_to":"","_links_to_target":""},"categories":[],"tags":[],"class_list":["post-3549","page","type-page","status-publish","hentry"],"yoast_head":"<!-- This site is optimized with the Yoast SEO plugin v27.4 - https:\/\/yoast.com\/product\/yoast-seo-wordpress\/ -->\n<title>GIONO - PAYSAGES, VISAGES - Le Petit Louvre<\/title>\n<meta name=\"description\" content=\"Chaque \u00e9t\u00e9, un th\u00e9\u00e2tre au c\u0153ur d&#039;Avignon, Festival off : des textes, des auteurs, des autrices, des acteurs, des actrices. Deux salles climatis\u00e9es, 15 spectacles, un bar-restaurant.\" \/>\n<meta name=\"robots\" content=\"index, follow, max-snippet:-1, max-image-preview:large, max-video-preview:-1\" \/>\n<link rel=\"canonical\" href=\"https:\/\/theatre-petit-louvre.fr\/avignon\/giono-paysages-visages\/\" \/>\n<meta property=\"og:locale\" content=\"fr_FR\" \/>\n<meta property=\"og:type\" content=\"article\" \/>\n<meta property=\"og:title\" content=\"GIONO - PAYSAGES, VISAGES - Le Petit Louvre\" \/>\n<meta property=\"og:description\" content=\"Chaque \u00e9t\u00e9, un th\u00e9\u00e2tre au c\u0153ur d&#039;Avignon, Festival off : des textes, des auteurs, des autrices, des acteurs, des actrices. Deux salles climatis\u00e9es, 15 spectacles, un bar-restaurant.\" \/>\n<meta property=\"og:url\" content=\"https:\/\/theatre-petit-louvre.fr\/avignon\/giono-paysages-visages\/\" \/>\n<meta property=\"og:site_name\" content=\"Le Petit Louvre\" \/>\n<meta property=\"article:modified_time\" content=\"2023-06-05T05:28:24+00:00\" \/>\n<meta property=\"og:image\" content=\"https:\/\/theatre-petit-louvre.fr\/avignon\/wp-content\/uploads\/2023\/05\/Giono-2-684x510.jpg\" \/>\n<meta name=\"twitter:label1\" content=\"Dur\u00e9e de lecture estim\u00e9e\" \/>\n\t<meta name=\"twitter:data1\" content=\"2 minutes\" \/>\n<script type=\"application\/ld+json\" class=\"yoast-schema-graph\">{\"@context\":\"https:\\\/\\\/schema.org\",\"@graph\":[{\"@type\":\"WebPage\",\"@id\":\"https:\\\/\\\/theatre-petit-louvre.fr\\\/avignon\\\/giono-paysages-visages\\\/\",\"url\":\"https:\\\/\\\/theatre-petit-louvre.fr\\\/avignon\\\/giono-paysages-visages\\\/\",\"name\":\"GIONO - PAYSAGES, VISAGES - Le Petit Louvre\",\"isPartOf\":{\"@id\":\"https:\\\/\\\/theatre-petit-louvre.fr\\\/avignon\\\/#website\"},\"primaryImageOfPage\":{\"@id\":\"https:\\\/\\\/theatre-petit-louvre.fr\\\/avignon\\\/giono-paysages-visages\\\/#primaryimage\"},\"image\":{\"@id\":\"https:\\\/\\\/theatre-petit-louvre.fr\\\/avignon\\\/giono-paysages-visages\\\/#primaryimage\"},\"thumbnailUrl\":\"https:\\\/\\\/theatre-petit-louvre.fr\\\/avignon\\\/wp-content\\\/uploads\\\/2023\\\/05\\\/Giono-2-684x510.jpg\",\"datePublished\":\"2023-05-10T16:57:03+00:00\",\"dateModified\":\"2023-06-05T05:28:24+00:00\",\"description\":\"Chaque \u00e9t\u00e9, un th\u00e9\u00e2tre au c\u0153ur d'Avignon, Festival off : des textes, des auteurs, des autrices, des acteurs, des actrices. Deux salles climatis\u00e9es, 15 spectacles, un bar-restaurant.\",\"breadcrumb\":{\"@id\":\"https:\\\/\\\/theatre-petit-louvre.fr\\\/avignon\\\/giono-paysages-visages\\\/#breadcrumb\"},\"inLanguage\":\"fr-FR\",\"potentialAction\":[{\"@type\":\"ReadAction\",\"target\":[\"https:\\\/\\\/theatre-petit-louvre.fr\\\/avignon\\\/giono-paysages-visages\\\/\"]}]},{\"@type\":\"ImageObject\",\"inLanguage\":\"fr-FR\",\"@id\":\"https:\\\/\\\/theatre-petit-louvre.fr\\\/avignon\\\/giono-paysages-visages\\\/#primaryimage\",\"url\":\"https:\\\/\\\/theatre-petit-louvre.fr\\\/avignon\\\/wp-content\\\/uploads\\\/2023\\\/05\\\/Giono-2.jpg\",\"contentUrl\":\"https:\\\/\\\/theatre-petit-louvre.fr\\\/avignon\\\/wp-content\\\/uploads\\\/2023\\\/05\\\/Giono-2.jpg\",\"width\":805,\"height\":600},{\"@type\":\"BreadcrumbList\",\"@id\":\"https:\\\/\\\/theatre-petit-louvre.fr\\\/avignon\\\/giono-paysages-visages\\\/#breadcrumb\",\"itemListElement\":[{\"@type\":\"ListItem\",\"position\":1,\"name\":\"Home\",\"item\":\"https:\\\/\\\/theatre-petit-louvre.fr\\\/avignon\\\/\"},{\"@type\":\"ListItem\",\"position\":2,\"name\":\"GIONO &#8211; PAYSAGES, VISAGES\"}]},{\"@type\":\"WebSite\",\"@id\":\"https:\\\/\\\/theatre-petit-louvre.fr\\\/avignon\\\/#website\",\"url\":\"https:\\\/\\\/theatre-petit-louvre.fr\\\/avignon\\\/\",\"name\":\"Le Petit Louvre\",\"description\":\"un th\u00e9\u00e2tre au c\u0153ur d&#039;Avignon | Festival off\",\"publisher\":{\"@id\":\"https:\\\/\\\/theatre-petit-louvre.fr\\\/avignon\\\/#organization\"},\"potentialAction\":[{\"@type\":\"SearchAction\",\"target\":{\"@type\":\"EntryPoint\",\"urlTemplate\":\"https:\\\/\\\/theatre-petit-louvre.fr\\\/avignon\\\/?s={search_term_string}\"},\"query-input\":{\"@type\":\"PropertyValueSpecification\",\"valueRequired\":true,\"valueName\":\"search_term_string\"}}],\"inLanguage\":\"fr-FR\"},{\"@type\":\"Organization\",\"@id\":\"https:\\\/\\\/theatre-petit-louvre.fr\\\/avignon\\\/#organization\",\"name\":\"Th\u00e9\u00e2tre Le Petit Louvre\",\"url\":\"https:\\\/\\\/theatre-petit-louvre.fr\\\/avignon\\\/\",\"logo\":{\"@type\":\"ImageObject\",\"inLanguage\":\"fr-FR\",\"@id\":\"https:\\\/\\\/theatre-petit-louvre.fr\\\/avignon\\\/#\\\/schema\\\/logo\\\/image\\\/\",\"url\":\"https:\\\/\\\/theatre-petit-louvre.fr\\\/avignon\\\/wp-content\\\/uploads\\\/2022\\\/05\\\/logo_petit-louvre_2008_RVB.png\",\"contentUrl\":\"https:\\\/\\\/theatre-petit-louvre.fr\\\/avignon\\\/wp-content\\\/uploads\\\/2022\\\/05\\\/logo_petit-louvre_2008_RVB.png\",\"width\":374,\"height\":800,\"caption\":\"Th\u00e9\u00e2tre Le Petit Louvre\"},\"image\":{\"@id\":\"https:\\\/\\\/theatre-petit-louvre.fr\\\/avignon\\\/#\\\/schema\\\/logo\\\/image\\\/\"}}]}<\/script>\n<!-- \/ Yoast SEO plugin. -->","yoast_head_json":{"title":"GIONO - PAYSAGES, VISAGES - Le Petit Louvre","description":"Chaque \u00e9t\u00e9, un th\u00e9\u00e2tre au c\u0153ur d'Avignon, Festival off : des textes, des auteurs, des autrices, des acteurs, des actrices. Deux salles climatis\u00e9es, 15 spectacles, un bar-restaurant.","robots":{"index":"index","follow":"follow","max-snippet":"max-snippet:-1","max-image-preview":"max-image-preview:large","max-video-preview":"max-video-preview:-1"},"canonical":"https:\/\/theatre-petit-louvre.fr\/avignon\/giono-paysages-visages\/","og_locale":"fr_FR","og_type":"article","og_title":"GIONO - PAYSAGES, VISAGES - Le Petit Louvre","og_description":"Chaque \u00e9t\u00e9, un th\u00e9\u00e2tre au c\u0153ur d'Avignon, Festival off : des textes, des auteurs, des autrices, des acteurs, des actrices. Deux salles climatis\u00e9es, 15 spectacles, un bar-restaurant.","og_url":"https:\/\/theatre-petit-louvre.fr\/avignon\/giono-paysages-visages\/","og_site_name":"Le Petit Louvre","article_modified_time":"2023-06-05T05:28:24+00:00","og_image":[{"url":"https:\/\/theatre-petit-louvre.fr\/avignon\/wp-content\/uploads\/2023\/05\/Giono-2-684x510.jpg","type":"","width":"","height":""}],"twitter_misc":{"Dur\u00e9e de lecture estim\u00e9e":"2 minutes"},"schema":{"@context":"https:\/\/schema.org","@graph":[{"@type":"WebPage","@id":"https:\/\/theatre-petit-louvre.fr\/avignon\/giono-paysages-visages\/","url":"https:\/\/theatre-petit-louvre.fr\/avignon\/giono-paysages-visages\/","name":"GIONO - PAYSAGES, VISAGES - Le Petit Louvre","isPartOf":{"@id":"https:\/\/theatre-petit-louvre.fr\/avignon\/#website"},"primaryImageOfPage":{"@id":"https:\/\/theatre-petit-louvre.fr\/avignon\/giono-paysages-visages\/#primaryimage"},"image":{"@id":"https:\/\/theatre-petit-louvre.fr\/avignon\/giono-paysages-visages\/#primaryimage"},"thumbnailUrl":"https:\/\/theatre-petit-louvre.fr\/avignon\/wp-content\/uploads\/2023\/05\/Giono-2-684x510.jpg","datePublished":"2023-05-10T16:57:03+00:00","dateModified":"2023-06-05T05:28:24+00:00","description":"Chaque \u00e9t\u00e9, un th\u00e9\u00e2tre au c\u0153ur d'Avignon, Festival off : des textes, des auteurs, des autrices, des acteurs, des actrices. Deux salles climatis\u00e9es, 15 spectacles, un bar-restaurant.","breadcrumb":{"@id":"https:\/\/theatre-petit-louvre.fr\/avignon\/giono-paysages-visages\/#breadcrumb"},"inLanguage":"fr-FR","potentialAction":[{"@type":"ReadAction","target":["https:\/\/theatre-petit-louvre.fr\/avignon\/giono-paysages-visages\/"]}]},{"@type":"ImageObject","inLanguage":"fr-FR","@id":"https:\/\/theatre-petit-louvre.fr\/avignon\/giono-paysages-visages\/#primaryimage","url":"https:\/\/theatre-petit-louvre.fr\/avignon\/wp-content\/uploads\/2023\/05\/Giono-2.jpg","contentUrl":"https:\/\/theatre-petit-louvre.fr\/avignon\/wp-content\/uploads\/2023\/05\/Giono-2.jpg","width":805,"height":600},{"@type":"BreadcrumbList","@id":"https:\/\/theatre-petit-louvre.fr\/avignon\/giono-paysages-visages\/#breadcrumb","itemListElement":[{"@type":"ListItem","position":1,"name":"Home","item":"https:\/\/theatre-petit-louvre.fr\/avignon\/"},{"@type":"ListItem","position":2,"name":"GIONO &#8211; PAYSAGES, VISAGES"}]},{"@type":"WebSite","@id":"https:\/\/theatre-petit-louvre.fr\/avignon\/#website","url":"https:\/\/theatre-petit-louvre.fr\/avignon\/","name":"Le Petit Louvre","description":"un th\u00e9\u00e2tre au c\u0153ur d&#039;Avignon | Festival off","publisher":{"@id":"https:\/\/theatre-petit-louvre.fr\/avignon\/#organization"},"potentialAction":[{"@type":"SearchAction","target":{"@type":"EntryPoint","urlTemplate":"https:\/\/theatre-petit-louvre.fr\/avignon\/?s={search_term_string}"},"query-input":{"@type":"PropertyValueSpecification","valueRequired":true,"valueName":"search_term_string"}}],"inLanguage":"fr-FR"},{"@type":"Organization","@id":"https:\/\/theatre-petit-louvre.fr\/avignon\/#organization","name":"Th\u00e9\u00e2tre Le Petit Louvre","url":"https:\/\/theatre-petit-louvre.fr\/avignon\/","logo":{"@type":"ImageObject","inLanguage":"fr-FR","@id":"https:\/\/theatre-petit-louvre.fr\/avignon\/#\/schema\/logo\/image\/","url":"https:\/\/theatre-petit-louvre.fr\/avignon\/wp-content\/uploads\/2022\/05\/logo_petit-louvre_2008_RVB.png","contentUrl":"https:\/\/theatre-petit-louvre.fr\/avignon\/wp-content\/uploads\/2022\/05\/logo_petit-louvre_2008_RVB.png","width":374,"height":800,"caption":"Th\u00e9\u00e2tre Le Petit Louvre"},"image":{"@id":"https:\/\/theatre-petit-louvre.fr\/avignon\/#\/schema\/logo\/image\/"}}]}},"uagb_featured_image_src":{"full":false,"thumbnail":false,"medium":false,"medium_large":false,"large":false,"1536x1536":false,"2048x2048":false},"uagb_author_info":{"display_name":"Jocelyne","author_link":"https:\/\/theatre-petit-louvre.fr\/avignon\/author\/jocelyne\/"},"uagb_comment_info":0,"uagb_excerpt":"D&rsquo;apr\u00e8s les textes de Jean Giono. Adaptation et mise en sc\u00e8ne : Paul FructusSea Art SALLE VAN GOGH du 7 au 29 juillet 2023 \u00e0 13h15. Dur\u00e9e : 1h10Tarifs 18\/12 euros. Rel\u00e2che le mercredi (12, 19 et 26 juillet) Invitation au voyage immobile. Avec un banc pour seul d\u00e9cor, Paul Fructus nous transporte au c\u0153ur\u2026","_links":{"self":[{"href":"https:\/\/theatre-petit-louvre.fr\/avignon\/wp-json\/wp\/v2\/pages\/3549","targetHints":{"allow":["GET"]}}],"collection":[{"href":"https:\/\/theatre-petit-louvre.fr\/avignon\/wp-json\/wp\/v2\/pages"}],"about":[{"href":"https:\/\/theatre-petit-louvre.fr\/avignon\/wp-json\/wp\/v2\/types\/page"}],"author":[{"embeddable":true,"href":"https:\/\/theatre-petit-louvre.fr\/avignon\/wp-json\/wp\/v2\/users\/3"}],"replies":[{"embeddable":true,"href":"https:\/\/theatre-petit-louvre.fr\/avignon\/wp-json\/wp\/v2\/comments?post=3549"}],"version-history":[{"count":4,"href":"https:\/\/theatre-petit-louvre.fr\/avignon\/wp-json\/wp\/v2\/pages\/3549\/revisions"}],"predecessor-version":[{"id":3712,"href":"https:\/\/theatre-petit-louvre.fr\/avignon\/wp-json\/wp\/v2\/pages\/3549\/revisions\/3712"}],"wp:attachment":[{"href":"https:\/\/theatre-petit-louvre.fr\/avignon\/wp-json\/wp\/v2\/media?parent=3549"}],"wp:term":[{"taxonomy":"category","embeddable":true,"href":"https:\/\/theatre-petit-louvre.fr\/avignon\/wp-json\/wp\/v2\/categories?post=3549"},{"taxonomy":"post_tag","embeddable":true,"href":"https:\/\/theatre-petit-louvre.fr\/avignon\/wp-json\/wp\/v2\/tags?post=3549"}],"curies":[{"name":"wp","href":"https:\/\/api.w.org\/{rel}","templated":true}]}}