{"id":4100,"date":"2025-05-13T08:25:23","date_gmt":"2025-05-13T07:25:23","guid":{"rendered":"https:\/\/theatre-petit-louvre.fr\/avignon\/?page_id=4100"},"modified":"2025-05-21T13:42:10","modified_gmt":"2025-05-21T12:42:10","slug":"le-barbier-de-seville","status":"publish","type":"page","link":"https:\/\/theatre-petit-louvre.fr\/avignon\/le-barbier-de-seville\/","title":{"rendered":"LE BARBIER DE S\u00c9VILLE"},"content":{"rendered":"\n<p><strong><em>de Pierre-Augustin Caron de Beaumarchais<\/em><\/strong><\/p>\n\n\n\n<p class=\"has-ast-global-color-4-background-color has-background\"><strong>CHAPELLE DES TEMPLIERS <\/strong> du 5 au 26 juillet 2025 \u00e0 <strong>11h45<\/strong>. Rel\u00e2che le mercredi <strong>(9, 16 et 23 juillet)<\/strong><br>Dur\u00e9e <strong>1h20<\/strong> &#8211; \u00e0 partir de 7 ans &#8211;  Tarifs B <strong>23\/16\/10 euros<\/strong>. <\/p>\n\n\n\n<div class=\"wp-block-buttons alignwide is-content-justification-center is-layout-flex wp-container-core-buttons-is-layout-a89b3969 wp-block-buttons-is-layout-flex\">\n<div class=\"wp-block-button\"><a class=\"wp-block-button__link wp-element-button\" href=\"https:\/\/billetterie-le-petit-louvre.tickandlive.com\/evenement\/le-barbier-de-seville\" target=\"_blank\" rel=\"noreferrer noopener\">R\u00e9servez vos places<\/a><\/div>\n<\/div>\n\n\n\n<div style=\"height:31px\" aria-hidden=\"true\" class=\"wp-block-spacer\"><\/div>\n\n\n\n<figure class=\"wp-block-image aligncenter size-large\"><img loading=\"lazy\" decoding=\"async\" width=\"765\" height=\"510\" src=\"https:\/\/theatre-petit-louvre.fr\/avignon\/wp-content\/uploads\/2025\/04\/2024_05_12-A\u2560e\u252c\u00aeChang-Martin-Le-Barbier-de-SA\u2560a\u252c\u00aeville-Cie-Les-Modits-IMG_1232-765x510.jpg\" alt=\"\" class=\"wp-image-4274\" srcset=\"https:\/\/theatre-petit-louvre.fr\/avignon\/wp-content\/uploads\/2025\/04\/2024_05_12-A\u2560e\u252c\u00aeChang-Martin-Le-Barbier-de-SA\u2560a\u252c\u00aeville-Cie-Les-Modits-IMG_1232-765x510.jpg 765w, https:\/\/theatre-petit-louvre.fr\/avignon\/wp-content\/uploads\/2025\/04\/2024_05_12-A\u2560e\u252c\u00aeChang-Martin-Le-Barbier-de-SA\u2560a\u252c\u00aeville-Cie-Les-Modits-IMG_1232-300x200.jpg 300w, https:\/\/theatre-petit-louvre.fr\/avignon\/wp-content\/uploads\/2025\/04\/2024_05_12-A\u2560e\u252c\u00aeChang-Martin-Le-Barbier-de-SA\u2560a\u252c\u00aeville-Cie-Les-Modits-IMG_1232-150x100.jpg 150w, https:\/\/theatre-petit-louvre.fr\/avignon\/wp-content\/uploads\/2025\/04\/2024_05_12-A\u2560e\u252c\u00aeChang-Martin-Le-Barbier-de-SA\u2560a\u252c\u00aeville-Cie-Les-Modits-IMG_1232-768x512.jpg 768w, https:\/\/theatre-petit-louvre.fr\/avignon\/wp-content\/uploads\/2025\/04\/2024_05_12-A\u2560e\u252c\u00aeChang-Martin-Le-Barbier-de-SA\u2560a\u252c\u00aeville-Cie-Les-Modits-IMG_1232.jpg 900w\" sizes=\"auto, (max-width: 765px) 100vw, 765px\" \/><\/figure>\n\n\n\n<p class=\"has-text-align-center\">\u00a9 Chang Martin<\/p>\n\n\n\n<p style=\"font-size:14px\">TU M&rsquo;ENFERMES, JE M&rsquo;ENFUIS !<\/p>\n\n\n\n<p style=\"font-size:14px\">\u00c0 S\u00e9ville, Rosine, une jeune fille orpheline, est retenue captive par son tuteur, le docteur Bartholo. Promise \u00e0 un mariage forc\u00e9 \u00e0 ses 18 ans, elle tombe amoureuse d\u2019un myst\u00e9rieux amant qui la courtise en secret. Ce n\u2019est autre que le comte Almaviva, qui, aid\u00e9 de son ancien valet, le malicieux Barbier Figaro, va tenter de la lib\u00e9rer\u2026&nbsp; Dans une mise en sc\u00e8ne virevoltante, musicale, dr\u00f4le et enlev\u00e9e, ce Barbier de S\u00e9ville fait la part belle au panache, \u00e0 l\u2019amour, \u00e0 l\u2019audace et \u00e0 l&rsquo;irr\u00e9v\u00e9rence de ses personnages ! Le Barbier de S\u00e9ville est une ode \u00e0 la libert\u00e9.<\/p>\n\n\n\n<p><\/p>\n\n\n\n<div class=\"wp-block-media-text alignwide is-stacked-on-mobile\" style=\"grid-template-columns:36% auto\"><figure class=\"wp-block-media-text__media\"><img loading=\"lazy\" decoding=\"async\" width=\"340\" height=\"510\" src=\"https:\/\/theatre-petit-louvre.fr\/avignon\/wp-content\/uploads\/2025\/04\/AFFICHE-VIERGE-BARBIER-DE-SEVILLE-340x510.jpg\" alt=\"\" class=\"wp-image-4268 size-full\" srcset=\"https:\/\/theatre-petit-louvre.fr\/avignon\/wp-content\/uploads\/2025\/04\/AFFICHE-VIERGE-BARBIER-DE-SEVILLE-340x510.jpg 340w, https:\/\/theatre-petit-louvre.fr\/avignon\/wp-content\/uploads\/2025\/04\/AFFICHE-VIERGE-BARBIER-DE-SEVILLE-200x300.jpg 200w, https:\/\/theatre-petit-louvre.fr\/avignon\/wp-content\/uploads\/2025\/04\/AFFICHE-VIERGE-BARBIER-DE-SEVILLE-100x150.jpg 100w, https:\/\/theatre-petit-louvre.fr\/avignon\/wp-content\/uploads\/2025\/04\/AFFICHE-VIERGE-BARBIER-DE-SEVILLE.jpg 400w\" sizes=\"auto, (max-width: 340px) 100vw, 340px\" \/><\/figure><div class=\"wp-block-media-text__content\">\n<p>Adaptation :  Mathieu Rannou et Justine Vultaggio<\/p>\n\n\n\n<p>Mise en sc\u00e8ne : Justine Vultaggio &#8211; Assistants mise en sc\u00e8ne : Alexis Rocamora<\/p>\n\n\n\n<p>Avec : Victor O\u2019Byrne ou Jules Fabre, Oscar Voisin, Micha\u00ebl Giorno-Cohen, Justine Vultaggio et Alexis Rocamora<\/p>\n\n\n\n<p>D\u00e9cors : Marion Canivet <\/p>\n\n\n\n<p>Costumes : Marion Fran\u00e7ois<\/p>\n\n\n\n<p>Lumi\u00e8res : Rapha\u00ebl Bertomeu<\/p>\n\n\n\n<p>Musique et Son : Mathieu Rannou<\/p>\n\n\n\n<p class=\"has-small-font-size\">Production : Les Modits Compagnie<\/p>\n<\/div><\/div>\n\n\n\n<p class=\"has-small-font-size\"><\/p>\n\n\n\n<p><strong>T\u00e9l\u00e9rama \u2022 TTT<\/strong> \u00ab\u00a0<em>La pi\u00e8ce de Beaumarchais r\u00e9v\u00e8le ici tout son comique et sa profondeur. Magnifique !<\/em> &nbsp;\u201c<\/p>\n\n\n\n<p><strong><em>Figaro Magazine<\/em><\/strong> \u2022 \u201c<em>Mise en sc\u00e8ne pr\u00e9cise et rythm\u00e9e, tout est fait pour servir le comique de situation, avec de la fantaisie brochant sur le tout, pour notre plus grand plaisir ! \u201c<\/em><\/p>\n\n\n\n<p><strong><em>La Th\u00e9\u00e2troth\u00e8que<\/em><\/strong> \u2022 \u201c<em>Une mise en sc\u00e8ne p\u00e9tillante et pleine d&rsquo;audace o\u00f9 chaque d\u00e9tail est pens\u00e9 pour \u00e9merveiller et faire r\u00e9fl\u00e9chir.\u201d<\/em><\/p>\n\n\n\n<p><strong><em>Le monde du cin\u00e9<\/em><\/strong> \u2022 \u201c<em>Jubilation et admiration sont au rendez-vous de ce Barbier de S\u00e9ville.\u201d<\/em><\/p>\n\n\n\n<p><em><strong>Tatouvu \u2022<\/strong> \u201cCe barbier virevoltant et pittoresque est une p\u00e9pite ! Une mise en sc\u00e8ne entre vaudeville et comedia dell&rsquo;arte qui offre un vent de libert\u00e9 salutaire\u201c<\/em><\/p>\n\n\n\n<p><\/p>\n","protected":false},"excerpt":{"rendered":"<p>de Pierre-Augustin Caron de Beaumarchais CHAPELLE DES TEMPLIERS du 5 au 26 juillet 2025 \u00e0 11h45. Rel\u00e2che le mercredi (9, 16 et 23 juillet)Dur\u00e9e 1h20 &#8211; \u00e0 partir de 7 ans &#8211; Tarifs B 23\/16\/10 euros. \u00a9 Chang Martin TU M&rsquo;ENFERMES, JE M&rsquo;ENFUIS ! \u00c0 S\u00e9ville, Rosine, une jeune fille orpheline, est retenue captive par [&hellip;]<\/p>\n","protected":false},"author":3,"featured_media":0,"parent":0,"menu_order":0,"comment_status":"closed","ping_status":"closed","template":"","meta":{"_uag_custom_page_level_css":"","site-sidebar-layout":"default","site-content-layout":"","ast-site-content-layout":"default","site-content-style":"default","site-sidebar-style":"default","ast-global-header-display":"","ast-banner-title-visibility":"","ast-main-header-display":"","ast-hfb-above-header-display":"","ast-hfb-below-header-display":"","ast-hfb-mobile-header-display":"","site-post-title":"","ast-breadcrumbs-content":"","ast-featured-img":"","footer-sml-layout":"","ast-disable-related-posts":"","theme-transparent-header-meta":"","adv-header-id-meta":"","stick-header-meta":"","header-above-stick-meta":"","header-main-stick-meta":"","header-below-stick-meta":"","astra-migrate-meta-layouts":"set","ast-page-background-enabled":"default","ast-page-background-meta":{"desktop":{"background-color":"var(--ast-global-color-4)","background-image":"","background-repeat":"repeat","background-position":"center center","background-size":"auto","background-attachment":"scroll","background-type":"","background-media":"","overlay-type":"","overlay-color":"","overlay-gradient":""},"tablet":{"background-color":"","background-image":"","background-repeat":"repeat","background-position":"center center","background-size":"auto","background-attachment":"scroll","background-type":"","background-media":"","overlay-type":"","overlay-color":"","overlay-gradient":""},"mobile":{"background-color":"","background-image":"","background-repeat":"repeat","background-position":"center center","background-size":"auto","background-attachment":"scroll","background-type":"","background-media":"","overlay-type":"","overlay-color":"","overlay-gradient":""}},"ast-content-background-meta":{"desktop":{"background-color":"var(--ast-global-color-5)","background-image":"","background-repeat":"repeat","background-position":"center center","background-size":"auto","background-attachment":"scroll","background-type":"","background-media":"","overlay-type":"","overlay-color":"","overlay-gradient":""},"tablet":{"background-color":"var(--ast-global-color-5)","background-image":"","background-repeat":"repeat","background-position":"center center","background-size":"auto","background-attachment":"scroll","background-type":"","background-media":"","overlay-type":"","overlay-color":"","overlay-gradient":""},"mobile":{"background-color":"var(--ast-global-color-5)","background-image":"","background-repeat":"repeat","background-position":"center center","background-size":"auto","background-attachment":"scroll","background-type":"","background-media":"","overlay-type":"","overlay-color":"","overlay-gradient":""}},"footnotes":"","_links_to":"","_links_to_target":""},"categories":[],"tags":[],"class_list":["post-4100","page","type-page","status-publish","hentry"],"yoast_head":"<!-- This site is optimized with the Yoast SEO plugin v27.6 - https:\/\/yoast.com\/product\/yoast-seo-wordpress\/ -->\n<title>LE BARBIER DE S\u00c9VILLE - Le Petit Louvre<\/title>\n<meta name=\"description\" content=\"Chaque \u00e9t\u00e9, un th\u00e9\u00e2tre au c\u0153ur d&#039;Avignon, Festival off : des textes, des auteurs, des autrices, des acteurs, des actrices. Deux salles climatis\u00e9es, 15 spectacles, un bar-restaurant.\" \/>\n<meta name=\"robots\" content=\"index, follow, max-snippet:-1, max-image-preview:large, max-video-preview:-1\" \/>\n<link rel=\"canonical\" href=\"https:\/\/theatre-petit-louvre.fr\/avignon\/le-barbier-de-seville\/\" \/>\n<meta property=\"og:locale\" content=\"fr_FR\" \/>\n<meta property=\"og:type\" content=\"article\" \/>\n<meta property=\"og:title\" content=\"LE BARBIER DE S\u00c9VILLE - Le Petit Louvre\" \/>\n<meta property=\"og:description\" content=\"Chaque \u00e9t\u00e9, un th\u00e9\u00e2tre au c\u0153ur d&#039;Avignon, Festival off : des textes, des auteurs, des autrices, des acteurs, des actrices. Deux salles climatis\u00e9es, 15 spectacles, un bar-restaurant.\" \/>\n<meta property=\"og:url\" content=\"https:\/\/theatre-petit-louvre.fr\/avignon\/le-barbier-de-seville\/\" \/>\n<meta property=\"og:site_name\" content=\"Le Petit Louvre\" \/>\n<meta property=\"article:modified_time\" content=\"2025-05-21T12:42:10+00:00\" \/>\n<meta property=\"og:image\" content=\"https:\/\/theatre-petit-louvre.fr\/avignon\/wp-content\/uploads\/2025\/04\/AFFICHE-VIERGE-BARBIER-DE-SEVILLE-340x510.jpg\" \/>\n<meta name=\"twitter:label1\" content=\"Dur\u00e9e de lecture estim\u00e9e\" \/>\n\t<meta name=\"twitter:data1\" content=\"2 minutes\" \/>\n<script type=\"application\/ld+json\" class=\"yoast-schema-graph\">{\"@context\":\"https:\\\/\\\/schema.org\",\"@graph\":[{\"@type\":\"WebPage\",\"@id\":\"https:\\\/\\\/theatre-petit-louvre.fr\\\/avignon\\\/le-barbier-de-seville\\\/\",\"url\":\"https:\\\/\\\/theatre-petit-louvre.fr\\\/avignon\\\/le-barbier-de-seville\\\/\",\"name\":\"LE BARBIER DE S\u00c9VILLE - Le Petit Louvre\",\"isPartOf\":{\"@id\":\"https:\\\/\\\/theatre-petit-louvre.fr\\\/avignon\\\/#website\"},\"primaryImageOfPage\":{\"@id\":\"https:\\\/\\\/theatre-petit-louvre.fr\\\/avignon\\\/le-barbier-de-seville\\\/#primaryimage\"},\"image\":{\"@id\":\"https:\\\/\\\/theatre-petit-louvre.fr\\\/avignon\\\/le-barbier-de-seville\\\/#primaryimage\"},\"thumbnailUrl\":\"https:\\\/\\\/theatre-petit-louvre.fr\\\/avignon\\\/wp-content\\\/uploads\\\/2025\\\/04\\\/AFFICHE-VIERGE-BARBIER-DE-SEVILLE-340x510.jpg\",\"datePublished\":\"2025-05-13T07:25:23+00:00\",\"dateModified\":\"2025-05-21T12:42:10+00:00\",\"description\":\"Chaque \u00e9t\u00e9, un th\u00e9\u00e2tre au c\u0153ur d'Avignon, Festival off : des textes, des auteurs, des autrices, des acteurs, des actrices. Deux salles climatis\u00e9es, 15 spectacles, un bar-restaurant.\",\"breadcrumb\":{\"@id\":\"https:\\\/\\\/theatre-petit-louvre.fr\\\/avignon\\\/le-barbier-de-seville\\\/#breadcrumb\"},\"inLanguage\":\"fr-FR\",\"potentialAction\":[{\"@type\":\"ReadAction\",\"target\":[\"https:\\\/\\\/theatre-petit-louvre.fr\\\/avignon\\\/le-barbier-de-seville\\\/\"]}]},{\"@type\":\"ImageObject\",\"inLanguage\":\"fr-FR\",\"@id\":\"https:\\\/\\\/theatre-petit-louvre.fr\\\/avignon\\\/le-barbier-de-seville\\\/#primaryimage\",\"url\":\"https:\\\/\\\/theatre-petit-louvre.fr\\\/avignon\\\/wp-content\\\/uploads\\\/2025\\\/04\\\/AFFICHE-VIERGE-BARBIER-DE-SEVILLE.jpg\",\"contentUrl\":\"https:\\\/\\\/theatre-petit-louvre.fr\\\/avignon\\\/wp-content\\\/uploads\\\/2025\\\/04\\\/AFFICHE-VIERGE-BARBIER-DE-SEVILLE.jpg\",\"width\":400,\"height\":600,\"caption\":\"gold cage isolated on a white background\"},{\"@type\":\"BreadcrumbList\",\"@id\":\"https:\\\/\\\/theatre-petit-louvre.fr\\\/avignon\\\/le-barbier-de-seville\\\/#breadcrumb\",\"itemListElement\":[{\"@type\":\"ListItem\",\"position\":1,\"name\":\"Home\",\"item\":\"https:\\\/\\\/theatre-petit-louvre.fr\\\/avignon\\\/\"},{\"@type\":\"ListItem\",\"position\":2,\"name\":\"LE BARBIER DE S\u00c9VILLE\"}]},{\"@type\":\"WebSite\",\"@id\":\"https:\\\/\\\/theatre-petit-louvre.fr\\\/avignon\\\/#website\",\"url\":\"https:\\\/\\\/theatre-petit-louvre.fr\\\/avignon\\\/\",\"name\":\"Le Petit Louvre\",\"description\":\"un th\u00e9\u00e2tre au c\u0153ur d&#039;Avignon | Festival off\",\"publisher\":{\"@id\":\"https:\\\/\\\/theatre-petit-louvre.fr\\\/avignon\\\/#organization\"},\"potentialAction\":[{\"@type\":\"SearchAction\",\"target\":{\"@type\":\"EntryPoint\",\"urlTemplate\":\"https:\\\/\\\/theatre-petit-louvre.fr\\\/avignon\\\/?s={search_term_string}\"},\"query-input\":{\"@type\":\"PropertyValueSpecification\",\"valueRequired\":true,\"valueName\":\"search_term_string\"}}],\"inLanguage\":\"fr-FR\"},{\"@type\":\"Organization\",\"@id\":\"https:\\\/\\\/theatre-petit-louvre.fr\\\/avignon\\\/#organization\",\"name\":\"Th\u00e9\u00e2tre Le Petit Louvre\",\"url\":\"https:\\\/\\\/theatre-petit-louvre.fr\\\/avignon\\\/\",\"logo\":{\"@type\":\"ImageObject\",\"inLanguage\":\"fr-FR\",\"@id\":\"https:\\\/\\\/theatre-petit-louvre.fr\\\/avignon\\\/#\\\/schema\\\/logo\\\/image\\\/\",\"url\":\"https:\\\/\\\/theatre-petit-louvre.fr\\\/avignon\\\/wp-content\\\/uploads\\\/2022\\\/05\\\/logo_petit-louvre_2008_RVB.png\",\"contentUrl\":\"https:\\\/\\\/theatre-petit-louvre.fr\\\/avignon\\\/wp-content\\\/uploads\\\/2022\\\/05\\\/logo_petit-louvre_2008_RVB.png\",\"width\":374,\"height\":800,\"caption\":\"Th\u00e9\u00e2tre Le Petit Louvre\"},\"image\":{\"@id\":\"https:\\\/\\\/theatre-petit-louvre.fr\\\/avignon\\\/#\\\/schema\\\/logo\\\/image\\\/\"}}]}<\/script>\n<!-- \/ Yoast SEO plugin. -->","yoast_head_json":{"title":"LE BARBIER DE S\u00c9VILLE - Le Petit Louvre","description":"Chaque \u00e9t\u00e9, un th\u00e9\u00e2tre au c\u0153ur d'Avignon, Festival off : des textes, des auteurs, des autrices, des acteurs, des actrices. Deux salles climatis\u00e9es, 15 spectacles, un bar-restaurant.","robots":{"index":"index","follow":"follow","max-snippet":"max-snippet:-1","max-image-preview":"max-image-preview:large","max-video-preview":"max-video-preview:-1"},"canonical":"https:\/\/theatre-petit-louvre.fr\/avignon\/le-barbier-de-seville\/","og_locale":"fr_FR","og_type":"article","og_title":"LE BARBIER DE S\u00c9VILLE - Le Petit Louvre","og_description":"Chaque \u00e9t\u00e9, un th\u00e9\u00e2tre au c\u0153ur d'Avignon, Festival off : des textes, des auteurs, des autrices, des acteurs, des actrices. Deux salles climatis\u00e9es, 15 spectacles, un bar-restaurant.","og_url":"https:\/\/theatre-petit-louvre.fr\/avignon\/le-barbier-de-seville\/","og_site_name":"Le Petit Louvre","article_modified_time":"2025-05-21T12:42:10+00:00","og_image":[{"url":"https:\/\/theatre-petit-louvre.fr\/avignon\/wp-content\/uploads\/2025\/04\/AFFICHE-VIERGE-BARBIER-DE-SEVILLE-340x510.jpg","type":"","width":"","height":""}],"twitter_misc":{"Dur\u00e9e de lecture estim\u00e9e":"2 minutes"},"schema":{"@context":"https:\/\/schema.org","@graph":[{"@type":"WebPage","@id":"https:\/\/theatre-petit-louvre.fr\/avignon\/le-barbier-de-seville\/","url":"https:\/\/theatre-petit-louvre.fr\/avignon\/le-barbier-de-seville\/","name":"LE BARBIER DE S\u00c9VILLE - Le Petit Louvre","isPartOf":{"@id":"https:\/\/theatre-petit-louvre.fr\/avignon\/#website"},"primaryImageOfPage":{"@id":"https:\/\/theatre-petit-louvre.fr\/avignon\/le-barbier-de-seville\/#primaryimage"},"image":{"@id":"https:\/\/theatre-petit-louvre.fr\/avignon\/le-barbier-de-seville\/#primaryimage"},"thumbnailUrl":"https:\/\/theatre-petit-louvre.fr\/avignon\/wp-content\/uploads\/2025\/04\/AFFICHE-VIERGE-BARBIER-DE-SEVILLE-340x510.jpg","datePublished":"2025-05-13T07:25:23+00:00","dateModified":"2025-05-21T12:42:10+00:00","description":"Chaque \u00e9t\u00e9, un th\u00e9\u00e2tre au c\u0153ur d'Avignon, Festival off : des textes, des auteurs, des autrices, des acteurs, des actrices. Deux salles climatis\u00e9es, 15 spectacles, un bar-restaurant.","breadcrumb":{"@id":"https:\/\/theatre-petit-louvre.fr\/avignon\/le-barbier-de-seville\/#breadcrumb"},"inLanguage":"fr-FR","potentialAction":[{"@type":"ReadAction","target":["https:\/\/theatre-petit-louvre.fr\/avignon\/le-barbier-de-seville\/"]}]},{"@type":"ImageObject","inLanguage":"fr-FR","@id":"https:\/\/theatre-petit-louvre.fr\/avignon\/le-barbier-de-seville\/#primaryimage","url":"https:\/\/theatre-petit-louvre.fr\/avignon\/wp-content\/uploads\/2025\/04\/AFFICHE-VIERGE-BARBIER-DE-SEVILLE.jpg","contentUrl":"https:\/\/theatre-petit-louvre.fr\/avignon\/wp-content\/uploads\/2025\/04\/AFFICHE-VIERGE-BARBIER-DE-SEVILLE.jpg","width":400,"height":600,"caption":"gold cage isolated on a white background"},{"@type":"BreadcrumbList","@id":"https:\/\/theatre-petit-louvre.fr\/avignon\/le-barbier-de-seville\/#breadcrumb","itemListElement":[{"@type":"ListItem","position":1,"name":"Home","item":"https:\/\/theatre-petit-louvre.fr\/avignon\/"},{"@type":"ListItem","position":2,"name":"LE BARBIER DE S\u00c9VILLE"}]},{"@type":"WebSite","@id":"https:\/\/theatre-petit-louvre.fr\/avignon\/#website","url":"https:\/\/theatre-petit-louvre.fr\/avignon\/","name":"Le Petit Louvre","description":"un th\u00e9\u00e2tre au c\u0153ur d&#039;Avignon | Festival off","publisher":{"@id":"https:\/\/theatre-petit-louvre.fr\/avignon\/#organization"},"potentialAction":[{"@type":"SearchAction","target":{"@type":"EntryPoint","urlTemplate":"https:\/\/theatre-petit-louvre.fr\/avignon\/?s={search_term_string}"},"query-input":{"@type":"PropertyValueSpecification","valueRequired":true,"valueName":"search_term_string"}}],"inLanguage":"fr-FR"},{"@type":"Organization","@id":"https:\/\/theatre-petit-louvre.fr\/avignon\/#organization","name":"Th\u00e9\u00e2tre Le Petit Louvre","url":"https:\/\/theatre-petit-louvre.fr\/avignon\/","logo":{"@type":"ImageObject","inLanguage":"fr-FR","@id":"https:\/\/theatre-petit-louvre.fr\/avignon\/#\/schema\/logo\/image\/","url":"https:\/\/theatre-petit-louvre.fr\/avignon\/wp-content\/uploads\/2022\/05\/logo_petit-louvre_2008_RVB.png","contentUrl":"https:\/\/theatre-petit-louvre.fr\/avignon\/wp-content\/uploads\/2022\/05\/logo_petit-louvre_2008_RVB.png","width":374,"height":800,"caption":"Th\u00e9\u00e2tre Le Petit Louvre"},"image":{"@id":"https:\/\/theatre-petit-louvre.fr\/avignon\/#\/schema\/logo\/image\/"}}]}},"uagb_featured_image_src":{"full":false,"thumbnail":false,"medium":false,"medium_large":false,"large":false,"1536x1536":false,"2048x2048":false},"uagb_author_info":{"display_name":"Jocelyne","author_link":"https:\/\/theatre-petit-louvre.fr\/avignon\/author\/jocelyne\/"},"uagb_comment_info":0,"uagb_excerpt":"de Pierre-Augustin Caron de Beaumarchais CHAPELLE DES TEMPLIERS du 5 au 26 juillet 2025 \u00e0 11h45. Rel\u00e2che le mercredi (9, 16 et 23 juillet)Dur\u00e9e 1h20 &#8211; \u00e0 partir de 7 ans &#8211; Tarifs B 23\/16\/10 euros. \u00a9 Chang Martin TU M&rsquo;ENFERMES, JE M&rsquo;ENFUIS ! \u00c0 S\u00e9ville, Rosine, une jeune fille orpheline, est retenue captive par\u2026","_links":{"self":[{"href":"https:\/\/theatre-petit-louvre.fr\/avignon\/wp-json\/wp\/v2\/pages\/4100","targetHints":{"allow":["GET"]}}],"collection":[{"href":"https:\/\/theatre-petit-louvre.fr\/avignon\/wp-json\/wp\/v2\/pages"}],"about":[{"href":"https:\/\/theatre-petit-louvre.fr\/avignon\/wp-json\/wp\/v2\/types\/page"}],"author":[{"embeddable":true,"href":"https:\/\/theatre-petit-louvre.fr\/avignon\/wp-json\/wp\/v2\/users\/3"}],"replies":[{"embeddable":true,"href":"https:\/\/theatre-petit-louvre.fr\/avignon\/wp-json\/wp\/v2\/comments?post=4100"}],"version-history":[{"count":18,"href":"https:\/\/theatre-petit-louvre.fr\/avignon\/wp-json\/wp\/v2\/pages\/4100\/revisions"}],"predecessor-version":[{"id":4511,"href":"https:\/\/theatre-petit-louvre.fr\/avignon\/wp-json\/wp\/v2\/pages\/4100\/revisions\/4511"}],"wp:attachment":[{"href":"https:\/\/theatre-petit-louvre.fr\/avignon\/wp-json\/wp\/v2\/media?parent=4100"}],"wp:term":[{"taxonomy":"category","embeddable":true,"href":"https:\/\/theatre-petit-louvre.fr\/avignon\/wp-json\/wp\/v2\/categories?post=4100"},{"taxonomy":"post_tag","embeddable":true,"href":"https:\/\/theatre-petit-louvre.fr\/avignon\/wp-json\/wp\/v2\/tags?post=4100"}],"curies":[{"name":"wp","href":"https:\/\/api.w.org\/{rel}","templated":true}]}}