{"id":4129,"date":"2025-05-13T08:27:50","date_gmt":"2025-05-13T07:27:50","guid":{"rendered":"https:\/\/theatre-petit-louvre.fr\/avignon\/?page_id=4129"},"modified":"2025-05-13T08:27:50","modified_gmt":"2025-05-13T07:27:50","slug":"les-grands-roles","status":"publish","type":"page","link":"https:\/\/theatre-petit-louvre.fr\/avignon\/les-grands-roles\/","title":{"rendered":"LES GRANDS R\u00d4LES"},"content":{"rendered":"\n<p><strong><em>Adaptation par Les Mauvais \u00c9l\u00e8ves \u2013 Mise en sc\u00e8ne Shirley et Dino<\/em><\/strong><\/p>\n\n\n\n<p class=\"has-ast-global-color-4-background-color has-background\"><strong>CHAPELLE DES TEMPLIERS <\/strong> du 5 au 26 juillet 2025 \u00e0 <strong>15h25<\/strong> &#8211; <strong>JOURS IMPAIRS<\/strong> . Rel\u00e2che le mercredi <strong>(9, 16 et 23 juillet)<\/strong><br>Dur\u00e9e <strong>1h30<\/strong> &#8211; A partir de a ns &#8211; Tarifs B <strong>23\/16\/10 euros<\/strong>.<\/p>\n\n\n\n<div class=\"wp-block-buttons alignwide is-content-justification-center is-layout-flex wp-container-core-buttons-is-layout-a89b3969 wp-block-buttons-is-layout-flex\">\n<div class=\"wp-block-button\"><a class=\"wp-block-button__link wp-element-button\" href=\"https:\/\/billetterie-le-petit-louvre.tickandlive.com\/evenement\/les-grands-roles\" target=\"_blank\" rel=\"noreferrer noopener\">R\u00e9servez vos places<\/a><\/div>\n<\/div>\n\n\n\n<div style=\"height:31px\" aria-hidden=\"true\" class=\"wp-block-spacer\"><\/div>\n\n\n\n<figure class=\"wp-block-image aligncenter size-large\"><img loading=\"lazy\" decoding=\"async\" width=\"765\" height=\"510\" src=\"https:\/\/theatre-petit-louvre.fr\/avignon\/wp-content\/uploads\/2025\/04\/LES-GRANDS-ROLES-Credit-Goff-2-765x510.jpg\" alt=\"\" class=\"wp-image-4333\" srcset=\"https:\/\/theatre-petit-louvre.fr\/avignon\/wp-content\/uploads\/2025\/04\/LES-GRANDS-ROLES-Credit-Goff-2-765x510.jpg 765w, https:\/\/theatre-petit-louvre.fr\/avignon\/wp-content\/uploads\/2025\/04\/LES-GRANDS-ROLES-Credit-Goff-2-300x200.jpg 300w, https:\/\/theatre-petit-louvre.fr\/avignon\/wp-content\/uploads\/2025\/04\/LES-GRANDS-ROLES-Credit-Goff-2-150x100.jpg 150w, https:\/\/theatre-petit-louvre.fr\/avignon\/wp-content\/uploads\/2025\/04\/LES-GRANDS-ROLES-Credit-Goff-2-768x512.jpg 768w, https:\/\/theatre-petit-louvre.fr\/avignon\/wp-content\/uploads\/2025\/04\/LES-GRANDS-ROLES-Credit-Goff-2.jpg 900w\" sizes=\"auto, (max-width: 765px) 100vw, 765px\" \/><\/figure>\n\n\n\n<p class=\"has-text-align-center\">\u00a9 Goff<\/p>\n\n\n\n<p style=\"font-size:14px\">SUCC\u00c8S !  REPRISE<\/p>\n\n\n\n<p style=\"font-size:14px\">Les Grands R\u00f4les sont de retour !<br>Venez vous r\u00e9jouir de cette adaptation d\u00e9jant\u00e9e des grands tubes du th\u00e9\u00e2tre classique.<br>Quatre com\u00e9diens font d\u00e9filer leurs quatorze personnages hauts en couleur. Ils composent avec des extraits de Ruy Blas, Cyrano de Bergerac, Dom Juan, Richard III, Rom\u00e9o et Juliette et bien d\u2019autres tout aussi incontournables.<br>Et si Dom Juan \u00e9tait une femme ? Cyrano est-il si grandiose ? M\u00e9d\u00e9e, plus sensuelle que sanguinaire ?<br>Les Mauvais \u00c9l\u00e8ves vous embarquent pour un floril\u00e8ge d\u00e9lirant et inattendu o\u00f9 plus que jamais ils d\u00e9fendent un th\u00e9\u00e2tre libre.<br>Un spectacle dr\u00f4le, surprenant et touchant.<br>D\u00e9couvrez les grandes sc\u00e8nes du th\u00e9\u00e2tre comme vous ne les avez encore jamais vues !<\/p>\n\n\n\n<p style=\"font-size:14px\"><\/p>\n\n\n\n<div class=\"wp-block-media-text alignwide is-stacked-on-mobile\" style=\"grid-template-columns:36% auto\"><figure class=\"wp-block-media-text__media\"><img loading=\"lazy\" decoding=\"async\" width=\"383\" height=\"510\" src=\"https:\/\/theatre-petit-louvre.fr\/avignon\/wp-content\/uploads\/2025\/04\/Affiche-LGR-Originale-A2_MARS_25-image-image-1-1-383x510.jpg\" alt=\"\" class=\"wp-image-4264 size-full\" srcset=\"https:\/\/theatre-petit-louvre.fr\/avignon\/wp-content\/uploads\/2025\/04\/Affiche-LGR-Originale-A2_MARS_25-image-image-1-1-383x510.jpg 383w, https:\/\/theatre-petit-louvre.fr\/avignon\/wp-content\/uploads\/2025\/04\/Affiche-LGR-Originale-A2_MARS_25-image-image-1-1-225x300.jpg 225w, https:\/\/theatre-petit-louvre.fr\/avignon\/wp-content\/uploads\/2025\/04\/Affiche-LGR-Originale-A2_MARS_25-image-image-1-1-113x150.jpg 113w, https:\/\/theatre-petit-louvre.fr\/avignon\/wp-content\/uploads\/2025\/04\/Affiche-LGR-Originale-A2_MARS_25-image-image-1-1.jpg 450w\" sizes=\"auto, (max-width: 383px) 100vw, 383px\" \/><\/figure><div class=\"wp-block-media-text__content\">\n<p>Mise en sc\u00e8ne : Shirley et Dino<\/p>\n\n\n\n<p>Adaptation : Les Mauvais El\u00e8ves<\/p>\n\n\n\n<p>Avec : Val\u00e9rian Behar-Bonnet, Elisa Benizio, B\u00e9r\u00e9nice Coudy et Antoine Richard<\/p>\n\n\n\n<p>Lumi\u00e8res : Jacques Rouveyrollis<\/p>\n\n\n\n<p><\/p>\n\n\n\n<p><\/p>\n\n\n\n<p class=\"has-small-font-size\">Production : Les Mauvais \u00c9l\u00e8ves<\/p>\n<\/div><\/div>\n\n\n\n<p class=\"has-small-font-size\"><\/p>\n\n\n\n<p><em><strong>Le Parisien \u2022 *****<\/strong> \u00ab\u00a0Les excellents Mauvais \u00c9l\u00e8ves s\u2019attaquent avec bonheur aux grands classiques du th\u00e9\u00e2tre. Ils sont pass\u00e9s ma\u00eetres dans l\u2019art du d\u00e9calage, jouant avec g\u00e9n\u00e9rosit\u00e9 et talent. D\u00e9cal\u00e9s, excentriques et irr\u00e9sistibles. &nbsp;\u201c<\/em><\/p>\n\n\n\n<p><em><strong>La Provence<\/strong> \u2022 \u201cC\u2019est in\u00e9narrable, c\u2019est d\u00e9sopilant, \u00e7a d\u00e9coiffe, \u00e7a \u00e9bouriffe, c\u2019est un festival de rires et\u2026on ne se sent pas b\u00eate de rire ! longtemps apr\u00e8s on en pleure encore. De rire !\u00a0\u00bb<\/em><\/p>\n\n\n\n<p><em><strong>France Info<\/strong> \u2022 \u201cOn ne s\u2019ennuie pas une seconde ! Jubilatoire et hilarant du d\u00e9but \u00e0 la fin ! On<br>rit \u00e0 gorge d\u00e9ploy\u00e9e de bout en bout.\u00a0\u00bb<\/em><\/p>\n\n\n\n<p><em><strong>Point de Vue<\/strong> \u2022 \u201cBest-of th\u00e9\u00e2tral \u00e0 la sauce fantaisie. Shirley et Dino se sont charg\u00e9s<br>d\u2019apporter l\u2019excentricit\u00e9 qui fait leur marque de fabrique \u00e0 ce r\u00e9jouissant pot-pourri.\u00a0\u00bb<\/em><\/p>\n\n\n\n<p><\/p>\n\n\n\n<p><\/p>\n","protected":false},"excerpt":{"rendered":"<p>Adaptation par Les Mauvais \u00c9l\u00e8ves \u2013 Mise en sc\u00e8ne Shirley et Dino CHAPELLE DES TEMPLIERS du 5 au 26 juillet 2025 \u00e0 15h25 &#8211; JOURS IMPAIRS . Rel\u00e2che le mercredi (9, 16 et 23 juillet)Dur\u00e9e 1h30 &#8211; A partir de a ns &#8211; Tarifs B 23\/16\/10 euros. \u00a9 Goff SUCC\u00c8S ! REPRISE Les Grands R\u00f4les [&hellip;]<\/p>\n","protected":false},"author":3,"featured_media":0,"parent":0,"menu_order":0,"comment_status":"closed","ping_status":"closed","template":"","meta":{"_uag_custom_page_level_css":"","site-sidebar-layout":"default","site-content-layout":"","ast-site-content-layout":"default","site-content-style":"default","site-sidebar-style":"default","ast-global-header-display":"","ast-banner-title-visibility":"","ast-main-header-display":"","ast-hfb-above-header-display":"","ast-hfb-below-header-display":"","ast-hfb-mobile-header-display":"","site-post-title":"","ast-breadcrumbs-content":"","ast-featured-img":"","footer-sml-layout":"","ast-disable-related-posts":"","theme-transparent-header-meta":"","adv-header-id-meta":"","stick-header-meta":"","header-above-stick-meta":"","header-main-stick-meta":"","header-below-stick-meta":"","astra-migrate-meta-layouts":"set","ast-page-background-enabled":"default","ast-page-background-meta":{"desktop":{"background-color":"var(--ast-global-color-4)","background-image":"","background-repeat":"repeat","background-position":"center center","background-size":"auto","background-attachment":"scroll","background-type":"","background-media":"","overlay-type":"","overlay-color":"","overlay-gradient":""},"tablet":{"background-color":"","background-image":"","background-repeat":"repeat","background-position":"center center","background-size":"auto","background-attachment":"scroll","background-type":"","background-media":"","overlay-type":"","overlay-color":"","overlay-gradient":""},"mobile":{"background-color":"","background-image":"","background-repeat":"repeat","background-position":"center center","background-size":"auto","background-attachment":"scroll","background-type":"","background-media":"","overlay-type":"","overlay-color":"","overlay-gradient":""}},"ast-content-background-meta":{"desktop":{"background-color":"var(--ast-global-color-5)","background-image":"","background-repeat":"repeat","background-position":"center center","background-size":"auto","background-attachment":"scroll","background-type":"","background-media":"","overlay-type":"","overlay-color":"","overlay-gradient":""},"tablet":{"background-color":"var(--ast-global-color-5)","background-image":"","background-repeat":"repeat","background-position":"center center","background-size":"auto","background-attachment":"scroll","background-type":"","background-media":"","overlay-type":"","overlay-color":"","overlay-gradient":""},"mobile":{"background-color":"var(--ast-global-color-5)","background-image":"","background-repeat":"repeat","background-position":"center center","background-size":"auto","background-attachment":"scroll","background-type":"","background-media":"","overlay-type":"","overlay-color":"","overlay-gradient":""}},"footnotes":"","_links_to":"","_links_to_target":""},"categories":[],"tags":[],"class_list":["post-4129","page","type-page","status-publish","hentry"],"yoast_head":"<!-- This site is optimized with the Yoast SEO plugin v27.6 - https:\/\/yoast.com\/product\/yoast-seo-wordpress\/ -->\n<title>LES GRANDS R\u00d4LES - Le Petit Louvre<\/title>\n<meta name=\"description\" content=\"Chaque \u00e9t\u00e9, un th\u00e9\u00e2tre au c\u0153ur d&#039;Avignon, Festival off : des textes, des auteurs, des autrices, des acteurs, des actrices. Deux salles climatis\u00e9es, 15 spectacles, un bar-restaurant.\" \/>\n<meta name=\"robots\" content=\"index, follow, max-snippet:-1, max-image-preview:large, max-video-preview:-1\" \/>\n<link rel=\"canonical\" href=\"https:\/\/theatre-petit-louvre.fr\/avignon\/les-grands-roles\/\" \/>\n<meta property=\"og:locale\" content=\"fr_FR\" \/>\n<meta property=\"og:type\" content=\"article\" \/>\n<meta property=\"og:title\" content=\"LES GRANDS R\u00d4LES - Le Petit Louvre\" \/>\n<meta property=\"og:description\" content=\"Chaque \u00e9t\u00e9, un th\u00e9\u00e2tre au c\u0153ur d&#039;Avignon, Festival off : des textes, des auteurs, des autrices, des acteurs, des actrices. Deux salles climatis\u00e9es, 15 spectacles, un bar-restaurant.\" \/>\n<meta property=\"og:url\" content=\"https:\/\/theatre-petit-louvre.fr\/avignon\/les-grands-roles\/\" \/>\n<meta property=\"og:site_name\" content=\"Le Petit Louvre\" \/>\n<meta property=\"og:image\" content=\"https:\/\/theatre-petit-louvre.fr\/avignon\/wp-content\/uploads\/2025\/04\/LES-GRANDS-ROLES-Credit-Goff-2.jpg\" \/>\n\t<meta property=\"og:image:width\" content=\"900\" \/>\n\t<meta property=\"og:image:height\" content=\"600\" \/>\n\t<meta property=\"og:image:type\" content=\"image\/jpeg\" \/>\n<meta name=\"twitter:label1\" content=\"Dur\u00e9e de lecture estim\u00e9e\" \/>\n\t<meta name=\"twitter:data1\" content=\"2 minutes\" \/>\n<script type=\"application\/ld+json\" class=\"yoast-schema-graph\">{\"@context\":\"https:\\\/\\\/schema.org\",\"@graph\":[{\"@type\":\"WebPage\",\"@id\":\"https:\\\/\\\/theatre-petit-louvre.fr\\\/avignon\\\/les-grands-roles\\\/\",\"url\":\"https:\\\/\\\/theatre-petit-louvre.fr\\\/avignon\\\/les-grands-roles\\\/\",\"name\":\"LES GRANDS R\u00d4LES - Le Petit Louvre\",\"isPartOf\":{\"@id\":\"https:\\\/\\\/theatre-petit-louvre.fr\\\/avignon\\\/#website\"},\"primaryImageOfPage\":{\"@id\":\"https:\\\/\\\/theatre-petit-louvre.fr\\\/avignon\\\/les-grands-roles\\\/#primaryimage\"},\"image\":{\"@id\":\"https:\\\/\\\/theatre-petit-louvre.fr\\\/avignon\\\/les-grands-roles\\\/#primaryimage\"},\"thumbnailUrl\":\"https:\\\/\\\/theatre-petit-louvre.fr\\\/avignon\\\/wp-content\\\/uploads\\\/2025\\\/04\\\/LES-GRANDS-ROLES-Credit-Goff-2-765x510.jpg\",\"datePublished\":\"2025-05-13T07:27:50+00:00\",\"description\":\"Chaque \u00e9t\u00e9, un th\u00e9\u00e2tre au c\u0153ur d'Avignon, Festival off : des textes, des auteurs, des autrices, des acteurs, des actrices. Deux salles climatis\u00e9es, 15 spectacles, un bar-restaurant.\",\"breadcrumb\":{\"@id\":\"https:\\\/\\\/theatre-petit-louvre.fr\\\/avignon\\\/les-grands-roles\\\/#breadcrumb\"},\"inLanguage\":\"fr-FR\",\"potentialAction\":[{\"@type\":\"ReadAction\",\"target\":[\"https:\\\/\\\/theatre-petit-louvre.fr\\\/avignon\\\/les-grands-roles\\\/\"]}]},{\"@type\":\"ImageObject\",\"inLanguage\":\"fr-FR\",\"@id\":\"https:\\\/\\\/theatre-petit-louvre.fr\\\/avignon\\\/les-grands-roles\\\/#primaryimage\",\"url\":\"https:\\\/\\\/theatre-petit-louvre.fr\\\/avignon\\\/wp-content\\\/uploads\\\/2025\\\/04\\\/LES-GRANDS-ROLES-Credit-Goff-2.jpg\",\"contentUrl\":\"https:\\\/\\\/theatre-petit-louvre.fr\\\/avignon\\\/wp-content\\\/uploads\\\/2025\\\/04\\\/LES-GRANDS-ROLES-Credit-Goff-2.jpg\",\"width\":900,\"height\":600},{\"@type\":\"BreadcrumbList\",\"@id\":\"https:\\\/\\\/theatre-petit-louvre.fr\\\/avignon\\\/les-grands-roles\\\/#breadcrumb\",\"itemListElement\":[{\"@type\":\"ListItem\",\"position\":1,\"name\":\"Home\",\"item\":\"https:\\\/\\\/theatre-petit-louvre.fr\\\/avignon\\\/\"},{\"@type\":\"ListItem\",\"position\":2,\"name\":\"LES GRANDS R\u00d4LES\"}]},{\"@type\":\"WebSite\",\"@id\":\"https:\\\/\\\/theatre-petit-louvre.fr\\\/avignon\\\/#website\",\"url\":\"https:\\\/\\\/theatre-petit-louvre.fr\\\/avignon\\\/\",\"name\":\"Le Petit Louvre\",\"description\":\"un th\u00e9\u00e2tre au c\u0153ur d&#039;Avignon | Festival off\",\"publisher\":{\"@id\":\"https:\\\/\\\/theatre-petit-louvre.fr\\\/avignon\\\/#organization\"},\"potentialAction\":[{\"@type\":\"SearchAction\",\"target\":{\"@type\":\"EntryPoint\",\"urlTemplate\":\"https:\\\/\\\/theatre-petit-louvre.fr\\\/avignon\\\/?s={search_term_string}\"},\"query-input\":{\"@type\":\"PropertyValueSpecification\",\"valueRequired\":true,\"valueName\":\"search_term_string\"}}],\"inLanguage\":\"fr-FR\"},{\"@type\":\"Organization\",\"@id\":\"https:\\\/\\\/theatre-petit-louvre.fr\\\/avignon\\\/#organization\",\"name\":\"Th\u00e9\u00e2tre Le Petit Louvre\",\"url\":\"https:\\\/\\\/theatre-petit-louvre.fr\\\/avignon\\\/\",\"logo\":{\"@type\":\"ImageObject\",\"inLanguage\":\"fr-FR\",\"@id\":\"https:\\\/\\\/theatre-petit-louvre.fr\\\/avignon\\\/#\\\/schema\\\/logo\\\/image\\\/\",\"url\":\"https:\\\/\\\/theatre-petit-louvre.fr\\\/avignon\\\/wp-content\\\/uploads\\\/2022\\\/05\\\/logo_petit-louvre_2008_RVB.png\",\"contentUrl\":\"https:\\\/\\\/theatre-petit-louvre.fr\\\/avignon\\\/wp-content\\\/uploads\\\/2022\\\/05\\\/logo_petit-louvre_2008_RVB.png\",\"width\":374,\"height\":800,\"caption\":\"Th\u00e9\u00e2tre Le Petit Louvre\"},\"image\":{\"@id\":\"https:\\\/\\\/theatre-petit-louvre.fr\\\/avignon\\\/#\\\/schema\\\/logo\\\/image\\\/\"}}]}<\/script>\n<!-- \/ Yoast SEO plugin. -->","yoast_head_json":{"title":"LES GRANDS R\u00d4LES - Le Petit Louvre","description":"Chaque \u00e9t\u00e9, un th\u00e9\u00e2tre au c\u0153ur d'Avignon, Festival off : des textes, des auteurs, des autrices, des acteurs, des actrices. Deux salles climatis\u00e9es, 15 spectacles, un bar-restaurant.","robots":{"index":"index","follow":"follow","max-snippet":"max-snippet:-1","max-image-preview":"max-image-preview:large","max-video-preview":"max-video-preview:-1"},"canonical":"https:\/\/theatre-petit-louvre.fr\/avignon\/les-grands-roles\/","og_locale":"fr_FR","og_type":"article","og_title":"LES GRANDS R\u00d4LES - Le Petit Louvre","og_description":"Chaque \u00e9t\u00e9, un th\u00e9\u00e2tre au c\u0153ur d'Avignon, Festival off : des textes, des auteurs, des autrices, des acteurs, des actrices. Deux salles climatis\u00e9es, 15 spectacles, un bar-restaurant.","og_url":"https:\/\/theatre-petit-louvre.fr\/avignon\/les-grands-roles\/","og_site_name":"Le Petit Louvre","og_image":[{"width":900,"height":600,"url":"https:\/\/theatre-petit-louvre.fr\/avignon\/wp-content\/uploads\/2025\/04\/LES-GRANDS-ROLES-Credit-Goff-2.jpg","type":"image\/jpeg"}],"twitter_misc":{"Dur\u00e9e de lecture estim\u00e9e":"2 minutes"},"schema":{"@context":"https:\/\/schema.org","@graph":[{"@type":"WebPage","@id":"https:\/\/theatre-petit-louvre.fr\/avignon\/les-grands-roles\/","url":"https:\/\/theatre-petit-louvre.fr\/avignon\/les-grands-roles\/","name":"LES GRANDS R\u00d4LES - Le Petit Louvre","isPartOf":{"@id":"https:\/\/theatre-petit-louvre.fr\/avignon\/#website"},"primaryImageOfPage":{"@id":"https:\/\/theatre-petit-louvre.fr\/avignon\/les-grands-roles\/#primaryimage"},"image":{"@id":"https:\/\/theatre-petit-louvre.fr\/avignon\/les-grands-roles\/#primaryimage"},"thumbnailUrl":"https:\/\/theatre-petit-louvre.fr\/avignon\/wp-content\/uploads\/2025\/04\/LES-GRANDS-ROLES-Credit-Goff-2-765x510.jpg","datePublished":"2025-05-13T07:27:50+00:00","description":"Chaque \u00e9t\u00e9, un th\u00e9\u00e2tre au c\u0153ur d'Avignon, Festival off : des textes, des auteurs, des autrices, des acteurs, des actrices. Deux salles climatis\u00e9es, 15 spectacles, un bar-restaurant.","breadcrumb":{"@id":"https:\/\/theatre-petit-louvre.fr\/avignon\/les-grands-roles\/#breadcrumb"},"inLanguage":"fr-FR","potentialAction":[{"@type":"ReadAction","target":["https:\/\/theatre-petit-louvre.fr\/avignon\/les-grands-roles\/"]}]},{"@type":"ImageObject","inLanguage":"fr-FR","@id":"https:\/\/theatre-petit-louvre.fr\/avignon\/les-grands-roles\/#primaryimage","url":"https:\/\/theatre-petit-louvre.fr\/avignon\/wp-content\/uploads\/2025\/04\/LES-GRANDS-ROLES-Credit-Goff-2.jpg","contentUrl":"https:\/\/theatre-petit-louvre.fr\/avignon\/wp-content\/uploads\/2025\/04\/LES-GRANDS-ROLES-Credit-Goff-2.jpg","width":900,"height":600},{"@type":"BreadcrumbList","@id":"https:\/\/theatre-petit-louvre.fr\/avignon\/les-grands-roles\/#breadcrumb","itemListElement":[{"@type":"ListItem","position":1,"name":"Home","item":"https:\/\/theatre-petit-louvre.fr\/avignon\/"},{"@type":"ListItem","position":2,"name":"LES GRANDS R\u00d4LES"}]},{"@type":"WebSite","@id":"https:\/\/theatre-petit-louvre.fr\/avignon\/#website","url":"https:\/\/theatre-petit-louvre.fr\/avignon\/","name":"Le Petit Louvre","description":"un th\u00e9\u00e2tre au c\u0153ur d&#039;Avignon | Festival off","publisher":{"@id":"https:\/\/theatre-petit-louvre.fr\/avignon\/#organization"},"potentialAction":[{"@type":"SearchAction","target":{"@type":"EntryPoint","urlTemplate":"https:\/\/theatre-petit-louvre.fr\/avignon\/?s={search_term_string}"},"query-input":{"@type":"PropertyValueSpecification","valueRequired":true,"valueName":"search_term_string"}}],"inLanguage":"fr-FR"},{"@type":"Organization","@id":"https:\/\/theatre-petit-louvre.fr\/avignon\/#organization","name":"Th\u00e9\u00e2tre Le Petit Louvre","url":"https:\/\/theatre-petit-louvre.fr\/avignon\/","logo":{"@type":"ImageObject","inLanguage":"fr-FR","@id":"https:\/\/theatre-petit-louvre.fr\/avignon\/#\/schema\/logo\/image\/","url":"https:\/\/theatre-petit-louvre.fr\/avignon\/wp-content\/uploads\/2022\/05\/logo_petit-louvre_2008_RVB.png","contentUrl":"https:\/\/theatre-petit-louvre.fr\/avignon\/wp-content\/uploads\/2022\/05\/logo_petit-louvre_2008_RVB.png","width":374,"height":800,"caption":"Th\u00e9\u00e2tre Le Petit Louvre"},"image":{"@id":"https:\/\/theatre-petit-louvre.fr\/avignon\/#\/schema\/logo\/image\/"}}]}},"uagb_featured_image_src":{"full":false,"thumbnail":false,"medium":false,"medium_large":false,"large":false,"1536x1536":false,"2048x2048":false},"uagb_author_info":{"display_name":"Jocelyne","author_link":"https:\/\/theatre-petit-louvre.fr\/avignon\/author\/jocelyne\/"},"uagb_comment_info":0,"uagb_excerpt":"Adaptation par Les Mauvais \u00c9l\u00e8ves \u2013 Mise en sc\u00e8ne Shirley et Dino CHAPELLE DES TEMPLIERS du 5 au 26 juillet 2025 \u00e0 15h25 &#8211; JOURS IMPAIRS . Rel\u00e2che le mercredi (9, 16 et 23 juillet)Dur\u00e9e 1h30 &#8211; A partir de a ns &#8211; Tarifs B 23\/16\/10 euros. \u00a9 Goff SUCC\u00c8S ! REPRISE Les Grands R\u00f4les\u2026","_links":{"self":[{"href":"https:\/\/theatre-petit-louvre.fr\/avignon\/wp-json\/wp\/v2\/pages\/4129","targetHints":{"allow":["GET"]}}],"collection":[{"href":"https:\/\/theatre-petit-louvre.fr\/avignon\/wp-json\/wp\/v2\/pages"}],"about":[{"href":"https:\/\/theatre-petit-louvre.fr\/avignon\/wp-json\/wp\/v2\/types\/page"}],"author":[{"embeddable":true,"href":"https:\/\/theatre-petit-louvre.fr\/avignon\/wp-json\/wp\/v2\/users\/3"}],"replies":[{"embeddable":true,"href":"https:\/\/theatre-petit-louvre.fr\/avignon\/wp-json\/wp\/v2\/comments?post=4129"}],"version-history":[{"count":15,"href":"https:\/\/theatre-petit-louvre.fr\/avignon\/wp-json\/wp\/v2\/pages\/4129\/revisions"}],"predecessor-version":[{"id":4387,"href":"https:\/\/theatre-petit-louvre.fr\/avignon\/wp-json\/wp\/v2\/pages\/4129\/revisions\/4387"}],"wp:attachment":[{"href":"https:\/\/theatre-petit-louvre.fr\/avignon\/wp-json\/wp\/v2\/media?parent=4129"}],"wp:term":[{"taxonomy":"category","embeddable":true,"href":"https:\/\/theatre-petit-louvre.fr\/avignon\/wp-json\/wp\/v2\/categories?post=4129"},{"taxonomy":"post_tag","embeddable":true,"href":"https:\/\/theatre-petit-louvre.fr\/avignon\/wp-json\/wp\/v2\/tags?post=4129"}],"curies":[{"name":"wp","href":"https:\/\/api.w.org\/{rel}","templated":true}]}}