{"id":4134,"date":"2025-05-13T08:29:15","date_gmt":"2025-05-13T07:29:15","guid":{"rendered":"https:\/\/theatre-petit-louvre.fr\/avignon\/?page_id=4134"},"modified":"2025-06-05T13:09:47","modified_gmt":"2025-06-05T12:09:47","slug":"le-journal-dun-fou","status":"publish","type":"page","link":"https:\/\/theatre-petit-louvre.fr\/avignon\/le-journal-dun-fou\/","title":{"rendered":"LE JOURNAL D&rsquo;UN FOU"},"content":{"rendered":"\n<p><strong><em>de Nikola\u00ef Gogol &#8211; Adaptation et mise en sc\u00e8ne de Ronan Rivi\u00e8re<\/em><\/strong><\/p>\n\n\n\n<div class=\"wp-block-columns is-layout-flex wp-container-core-columns-is-layout-28f84493 wp-block-columns-is-layout-flex\">\n<div class=\"wp-block-column is-layout-flow wp-block-column-is-layout-flow\" style=\"flex-basis:100%\">\n<p class=\"has-text-align-left has-ast-global-color-4-background-color has-background\"><strong>CHAPELLE DES TEMPLIERS <\/strong> du 5 au 26 juillet 2025 \u00e0 <strong>17h25<\/strong> . Rel\u00e2che le mercredi <strong>(9, 16 et 23 juillet)<\/strong><br>Dur\u00e9e <strong>1h15<\/strong> &#8211; A partir de 12 ans &#8211;   Tarifs B <strong>23\/16\/10 euros<\/strong>. <\/p>\n<\/div>\n<\/div>\n\n\n\n<p><\/p>\n\n\n\n<div class=\"wp-block-buttons alignwide is-content-justification-center is-layout-flex wp-container-core-buttons-is-layout-a89b3969 wp-block-buttons-is-layout-flex\">\n<div class=\"wp-block-button\"><a class=\"wp-block-button__link wp-element-button\" href=\"https:\/\/billetterie-le-petit-louvre.tickandlive.com\/evenement\/le-journal-dun-fou\" target=\"_blank\" rel=\"noreferrer noopener\">R\u00e9servez vos places<\/a><\/div>\n<\/div>\n\n\n\n<div style=\"height:31px\" aria-hidden=\"true\" class=\"wp-block-spacer\"><\/div>\n\n\n\n<figure class=\"wp-block-image aligncenter size-full is-resized\"><img loading=\"lazy\" decoding=\"async\" width=\"640\" height=\"427\" src=\"https:\/\/theatre-petit-louvre.fr\/avignon\/wp-content\/uploads\/2025\/06\/JDF-WEB3-c-E.Seignez.jpeg\" alt=\"\" class=\"wp-image-4646\" style=\"width:910px;height:auto\" srcset=\"https:\/\/theatre-petit-louvre.fr\/avignon\/wp-content\/uploads\/2025\/06\/JDF-WEB3-c-E.Seignez.jpeg 640w, https:\/\/theatre-petit-louvre.fr\/avignon\/wp-content\/uploads\/2025\/06\/JDF-WEB3-c-E.Seignez-300x200.jpeg 300w, https:\/\/theatre-petit-louvre.fr\/avignon\/wp-content\/uploads\/2025\/06\/JDF-WEB3-c-E.Seignez-150x100.jpeg 150w\" sizes=\"auto, (max-width: 640px) 100vw, 640px\" \/><figcaption class=\"wp-element-caption\">\u00a9 E. Seignez<\/figcaption><\/figure>\n\n\n\n<p><\/p>\n\n\n\n<p style=\"font-size:14px\">Aksenty Ivanovitch, discret fonctionnaire de Saint-P\u00e9tersbourg, a bien du mal \u00e0 trouver sa place dans le monde : il vit seul avec sa domestique Mavra, et ses amours et ses ambitions sont contrari\u00e9es par sa maladresse et sa distraction. Il s\u2019invente alors une vie nettement plus enviable, jusqu\u2019\u00e0 perdre tout rapport \u00e0 la r\u00e9alit\u00e9.<\/p>\n\n\n\n<p>Une adaptation pour trois interpr\u00e8tes (1 com\u00e9dien, 1 com\u00e9dienne et 1 pianiste) de la plus dr\u00f4le et touchante des <em>Nouvelles de P\u00e9tersbourg<\/em>, avec la musique de Prokofiev jou\u00e9e sur sc\u00e8ne au piano qui r\u00e9pond au texte de Gogol.<\/p>\n\n\n\n<p style=\"font-size:14px\">Apr\u00e8s le succ\u00e8s du <em>Revizor<\/em>, du <em>Nez<\/em>, de <em>la Foire de Madrid<\/em>, du <em>Double<\/em>, et du <em>Roman de Moli\u00e8re<\/em> aux festivals pr\u00e9c\u00e9dents, le collectif Voix des Plumes, habitu\u00e9 du Petit Louvre, revient dans la chapelle des Templiers avec ce spectacle qui a d\u00e9j\u00e0 \u00e9t\u00e9 jou\u00e9 plus de 100 fois \u00e0 Paris (au Lucernaire et au Ranelagh), \u00e0 Avignon (au th\u00e9\u00e2tre du Balcon pour le off 2024) et en tourn\u00e9e.<\/p>\n\n\n\n<p><\/p>\n\n\n\n<div class=\"wp-block-media-text alignwide is-stacked-on-mobile\" style=\"grid-template-columns:36% auto\"><figure class=\"wp-block-media-text__media\"><img loading=\"lazy\" decoding=\"async\" width=\"428\" height=\"510\" src=\"https:\/\/theatre-petit-louvre.fr\/avignon\/wp-content\/uploads\/2025\/04\/JOURNAL-DUN-FOU-VDP-visuel-prog-off-428x510.jpg\" alt=\"\" class=\"wp-image-4153 size-full\" srcset=\"https:\/\/theatre-petit-louvre.fr\/avignon\/wp-content\/uploads\/2025\/04\/JOURNAL-DUN-FOU-VDP-visuel-prog-off-428x510.jpg 428w, https:\/\/theatre-petit-louvre.fr\/avignon\/wp-content\/uploads\/2025\/04\/JOURNAL-DUN-FOU-VDP-visuel-prog-off-252x300.jpg 252w, https:\/\/theatre-petit-louvre.fr\/avignon\/wp-content\/uploads\/2025\/04\/JOURNAL-DUN-FOU-VDP-visuel-prog-off-126x150.jpg 126w, https:\/\/theatre-petit-louvre.fr\/avignon\/wp-content\/uploads\/2025\/04\/JOURNAL-DUN-FOU-VDP-visuel-prog-off.jpg 446w\" sizes=\"auto, (max-width: 428px) 100vw, 428px\" \/><\/figure><div class=\"wp-block-media-text__content\">\n<p>Avec Ronan Rivi\u00e8re, Am\u00e9lie Vignaux et au piano : Olivier Mazal<\/p>\n\n\n\n<p>D\u00e9cors : Antoine Milian<\/p>\n\n\n\n<p>Costumes : Corinne Rossi<\/p>\n\n\n\n<p>Lumi\u00e8res : Marc Augustin-Viguier<\/p>\n\n\n\n<p>Musique: Sergue\u00ef Prokofiev<\/p>\n\n\n\n<p class=\"has-small-font-size\">Production : La Voix des Plumes, en partenariat avec le Mois Moli\u00e8re et Le Lucernaire<\/p>\n<\/div><\/div>\n\n\n\n<p class=\"has-small-font-size\"><\/p>\n\n\n\n<p><strong><em>L&rsquo;Humanit\u00e9 <\/em>\u2022 <\/strong> \u00ab\u00a0<em>Dr\u00f4le et touchant \u00e0 la fois<\/em>.\u201c<\/p>\n\n\n\n<p><strong><em>Figaro <\/em><\/strong> \u2022 \u201c<em>Fascinant Voyage dans l\u2019Irrationnel. Ronan Rivi\u00e8re impressionne dans ce r\u00f4le<\/em>. <em>\u201c<\/em><\/p>\n\n\n\n<p><strong><em>Journal du Dimanche<\/em><\/strong> \u2022 *** \u201c<em>L\u2019acteur donne \u00e0 ce fou une vision joyeuse et presque rayonnante. Car chez Gogol sous le grotesque g\u00eet toujours le sublime.\u201d<\/em><\/p>\n\n\n\n<p><strong><em>La Terrasse <\/em><\/strong> \u2022 \u201c<em>M\u00eame la brave Mavra (formidable Am\u00e9lie Vignaux) semble touch\u00e9e.\u201d<\/em><\/p>\n\n\n\n<p><em><strong>France Musique \u2022<\/strong> \u201cUn tr\u00e8s joli spectacle avec le pianiste Olivier Mazal. Les partitions de Prokofiev r\u00e9pondent bien au texte de Gogol.\u201c<\/em><\/p>\n\n\n\n<p><em><strong>RFI \u2022<\/strong> \u201cL\u2019adaptation r\u00e9ussit \u00e0 recr\u00e9er les m\u00e9canismes comiques les plus subtils de l\u2019\u0153uvre de Gogol.\u201c<\/em><\/p>\n\n\n\n<p><\/p>\n","protected":false},"excerpt":{"rendered":"<p>de Nikola\u00ef Gogol &#8211; Adaptation et mise en sc\u00e8ne de Ronan Rivi\u00e8re CHAPELLE DES TEMPLIERS du 5 au 26 juillet 2025 \u00e0 17h25 . Rel\u00e2che le mercredi (9, 16 et 23 juillet)Dur\u00e9e 1h15 &#8211; A partir de 12 ans &#8211; Tarifs B 23\/16\/10 euros. Aksenty Ivanovitch, discret fonctionnaire de Saint-P\u00e9tersbourg, a bien du mal \u00e0 [&hellip;]<\/p>\n","protected":false},"author":3,"featured_media":0,"parent":0,"menu_order":0,"comment_status":"closed","ping_status":"closed","template":"","meta":{"_uag_custom_page_level_css":"","site-sidebar-layout":"default","site-content-layout":"","ast-site-content-layout":"default","site-content-style":"default","site-sidebar-style":"default","ast-global-header-display":"","ast-banner-title-visibility":"","ast-main-header-display":"","ast-hfb-above-header-display":"","ast-hfb-below-header-display":"","ast-hfb-mobile-header-display":"","site-post-title":"","ast-breadcrumbs-content":"","ast-featured-img":"","footer-sml-layout":"","ast-disable-related-posts":"","theme-transparent-header-meta":"","adv-header-id-meta":"","stick-header-meta":"","header-above-stick-meta":"","header-main-stick-meta":"","header-below-stick-meta":"","astra-migrate-meta-layouts":"set","ast-page-background-enabled":"default","ast-page-background-meta":{"desktop":{"background-color":"var(--ast-global-color-4)","background-image":"","background-repeat":"repeat","background-position":"center center","background-size":"auto","background-attachment":"scroll","background-type":"","background-media":"","overlay-type":"","overlay-color":"","overlay-gradient":""},"tablet":{"background-color":"","background-image":"","background-repeat":"repeat","background-position":"center center","background-size":"auto","background-attachment":"scroll","background-type":"","background-media":"","overlay-type":"","overlay-color":"","overlay-gradient":""},"mobile":{"background-color":"","background-image":"","background-repeat":"repeat","background-position":"center center","background-size":"auto","background-attachment":"scroll","background-type":"","background-media":"","overlay-type":"","overlay-color":"","overlay-gradient":""}},"ast-content-background-meta":{"desktop":{"background-color":"var(--ast-global-color-5)","background-image":"","background-repeat":"repeat","background-position":"center center","background-size":"auto","background-attachment":"scroll","background-type":"","background-media":"","overlay-type":"","overlay-color":"","overlay-gradient":""},"tablet":{"background-color":"var(--ast-global-color-5)","background-image":"","background-repeat":"repeat","background-position":"center center","background-size":"auto","background-attachment":"scroll","background-type":"","background-media":"","overlay-type":"","overlay-color":"","overlay-gradient":""},"mobile":{"background-color":"var(--ast-global-color-5)","background-image":"","background-repeat":"repeat","background-position":"center center","background-size":"auto","background-attachment":"scroll","background-type":"","background-media":"","overlay-type":"","overlay-color":"","overlay-gradient":""}},"footnotes":"","_links_to":"","_links_to_target":""},"categories":[],"tags":[],"class_list":["post-4134","page","type-page","status-publish","hentry"],"yoast_head":"<!-- This site is optimized with the Yoast SEO plugin v27.5 - https:\/\/yoast.com\/product\/yoast-seo-wordpress\/ -->\n<title>LE JOURNAL D&#039;UN FOU - Le Petit Louvre<\/title>\n<meta name=\"description\" content=\"Chaque \u00e9t\u00e9, un th\u00e9\u00e2tre au c\u0153ur d&#039;Avignon, Festival off : des textes, des auteurs, des autrices, des acteurs, des actrices. Deux salles climatis\u00e9es, 15 spectacles, un bar-restaurant.\" \/>\n<meta name=\"robots\" content=\"index, follow, max-snippet:-1, max-image-preview:large, max-video-preview:-1\" \/>\n<link rel=\"canonical\" href=\"https:\/\/theatre-petit-louvre.fr\/avignon\/le-journal-dun-fou\/\" \/>\n<meta property=\"og:locale\" content=\"fr_FR\" \/>\n<meta property=\"og:type\" content=\"article\" \/>\n<meta property=\"og:title\" content=\"LE JOURNAL D&#039;UN FOU - Le Petit Louvre\" \/>\n<meta property=\"og:description\" content=\"Chaque \u00e9t\u00e9, un th\u00e9\u00e2tre au c\u0153ur d&#039;Avignon, Festival off : des textes, des auteurs, des autrices, des acteurs, des actrices. Deux salles climatis\u00e9es, 15 spectacles, un bar-restaurant.\" \/>\n<meta property=\"og:url\" content=\"https:\/\/theatre-petit-louvre.fr\/avignon\/le-journal-dun-fou\/\" \/>\n<meta property=\"og:site_name\" content=\"Le Petit Louvre\" \/>\n<meta property=\"article:modified_time\" content=\"2025-06-05T12:09:47+00:00\" \/>\n<meta property=\"og:image\" content=\"https:\/\/theatre-petit-louvre.fr\/avignon\/wp-content\/uploads\/2025\/06\/JDF-WEB3-c-E.Seignez.jpeg\" \/>\n\t<meta property=\"og:image:width\" content=\"640\" \/>\n\t<meta property=\"og:image:height\" content=\"427\" \/>\n\t<meta property=\"og:image:type\" content=\"image\/jpeg\" \/>\n<meta name=\"twitter:label1\" content=\"Dur\u00e9e de lecture estim\u00e9e\" \/>\n\t<meta name=\"twitter:data1\" content=\"2 minutes\" \/>\n<script type=\"application\/ld+json\" class=\"yoast-schema-graph\">{\"@context\":\"https:\\\/\\\/schema.org\",\"@graph\":[{\"@type\":\"WebPage\",\"@id\":\"https:\\\/\\\/theatre-petit-louvre.fr\\\/avignon\\\/le-journal-dun-fou\\\/\",\"url\":\"https:\\\/\\\/theatre-petit-louvre.fr\\\/avignon\\\/le-journal-dun-fou\\\/\",\"name\":\"LE JOURNAL D'UN FOU - Le Petit Louvre\",\"isPartOf\":{\"@id\":\"https:\\\/\\\/theatre-petit-louvre.fr\\\/avignon\\\/#website\"},\"primaryImageOfPage\":{\"@id\":\"https:\\\/\\\/theatre-petit-louvre.fr\\\/avignon\\\/le-journal-dun-fou\\\/#primaryimage\"},\"image\":{\"@id\":\"https:\\\/\\\/theatre-petit-louvre.fr\\\/avignon\\\/le-journal-dun-fou\\\/#primaryimage\"},\"thumbnailUrl\":\"https:\\\/\\\/theatre-petit-louvre.fr\\\/avignon\\\/wp-content\\\/uploads\\\/2025\\\/06\\\/JDF-WEB3-c-E.Seignez.jpeg\",\"datePublished\":\"2025-05-13T07:29:15+00:00\",\"dateModified\":\"2025-06-05T12:09:47+00:00\",\"description\":\"Chaque \u00e9t\u00e9, un th\u00e9\u00e2tre au c\u0153ur d'Avignon, Festival off : des textes, des auteurs, des autrices, des acteurs, des actrices. Deux salles climatis\u00e9es, 15 spectacles, un bar-restaurant.\",\"breadcrumb\":{\"@id\":\"https:\\\/\\\/theatre-petit-louvre.fr\\\/avignon\\\/le-journal-dun-fou\\\/#breadcrumb\"},\"inLanguage\":\"fr-FR\",\"potentialAction\":[{\"@type\":\"ReadAction\",\"target\":[\"https:\\\/\\\/theatre-petit-louvre.fr\\\/avignon\\\/le-journal-dun-fou\\\/\"]}]},{\"@type\":\"ImageObject\",\"inLanguage\":\"fr-FR\",\"@id\":\"https:\\\/\\\/theatre-petit-louvre.fr\\\/avignon\\\/le-journal-dun-fou\\\/#primaryimage\",\"url\":\"https:\\\/\\\/theatre-petit-louvre.fr\\\/avignon\\\/wp-content\\\/uploads\\\/2025\\\/06\\\/JDF-WEB3-c-E.Seignez.jpeg\",\"contentUrl\":\"https:\\\/\\\/theatre-petit-louvre.fr\\\/avignon\\\/wp-content\\\/uploads\\\/2025\\\/06\\\/JDF-WEB3-c-E.Seignez.jpeg\",\"width\":640,\"height\":427,\"caption\":\"????\"},{\"@type\":\"BreadcrumbList\",\"@id\":\"https:\\\/\\\/theatre-petit-louvre.fr\\\/avignon\\\/le-journal-dun-fou\\\/#breadcrumb\",\"itemListElement\":[{\"@type\":\"ListItem\",\"position\":1,\"name\":\"Home\",\"item\":\"https:\\\/\\\/theatre-petit-louvre.fr\\\/avignon\\\/\"},{\"@type\":\"ListItem\",\"position\":2,\"name\":\"LE JOURNAL D&rsquo;UN FOU\"}]},{\"@type\":\"WebSite\",\"@id\":\"https:\\\/\\\/theatre-petit-louvre.fr\\\/avignon\\\/#website\",\"url\":\"https:\\\/\\\/theatre-petit-louvre.fr\\\/avignon\\\/\",\"name\":\"Le Petit Louvre\",\"description\":\"un th\u00e9\u00e2tre au c\u0153ur d&#039;Avignon | Festival off\",\"publisher\":{\"@id\":\"https:\\\/\\\/theatre-petit-louvre.fr\\\/avignon\\\/#organization\"},\"potentialAction\":[{\"@type\":\"SearchAction\",\"target\":{\"@type\":\"EntryPoint\",\"urlTemplate\":\"https:\\\/\\\/theatre-petit-louvre.fr\\\/avignon\\\/?s={search_term_string}\"},\"query-input\":{\"@type\":\"PropertyValueSpecification\",\"valueRequired\":true,\"valueName\":\"search_term_string\"}}],\"inLanguage\":\"fr-FR\"},{\"@type\":\"Organization\",\"@id\":\"https:\\\/\\\/theatre-petit-louvre.fr\\\/avignon\\\/#organization\",\"name\":\"Th\u00e9\u00e2tre Le Petit Louvre\",\"url\":\"https:\\\/\\\/theatre-petit-louvre.fr\\\/avignon\\\/\",\"logo\":{\"@type\":\"ImageObject\",\"inLanguage\":\"fr-FR\",\"@id\":\"https:\\\/\\\/theatre-petit-louvre.fr\\\/avignon\\\/#\\\/schema\\\/logo\\\/image\\\/\",\"url\":\"https:\\\/\\\/theatre-petit-louvre.fr\\\/avignon\\\/wp-content\\\/uploads\\\/2022\\\/05\\\/logo_petit-louvre_2008_RVB.png\",\"contentUrl\":\"https:\\\/\\\/theatre-petit-louvre.fr\\\/avignon\\\/wp-content\\\/uploads\\\/2022\\\/05\\\/logo_petit-louvre_2008_RVB.png\",\"width\":374,\"height\":800,\"caption\":\"Th\u00e9\u00e2tre Le Petit Louvre\"},\"image\":{\"@id\":\"https:\\\/\\\/theatre-petit-louvre.fr\\\/avignon\\\/#\\\/schema\\\/logo\\\/image\\\/\"}}]}<\/script>\n<!-- \/ Yoast SEO plugin. -->","yoast_head_json":{"title":"LE JOURNAL D'UN FOU - Le Petit Louvre","description":"Chaque \u00e9t\u00e9, un th\u00e9\u00e2tre au c\u0153ur d'Avignon, Festival off : des textes, des auteurs, des autrices, des acteurs, des actrices. Deux salles climatis\u00e9es, 15 spectacles, un bar-restaurant.","robots":{"index":"index","follow":"follow","max-snippet":"max-snippet:-1","max-image-preview":"max-image-preview:large","max-video-preview":"max-video-preview:-1"},"canonical":"https:\/\/theatre-petit-louvre.fr\/avignon\/le-journal-dun-fou\/","og_locale":"fr_FR","og_type":"article","og_title":"LE JOURNAL D'UN FOU - Le Petit Louvre","og_description":"Chaque \u00e9t\u00e9, un th\u00e9\u00e2tre au c\u0153ur d'Avignon, Festival off : des textes, des auteurs, des autrices, des acteurs, des actrices. Deux salles climatis\u00e9es, 15 spectacles, un bar-restaurant.","og_url":"https:\/\/theatre-petit-louvre.fr\/avignon\/le-journal-dun-fou\/","og_site_name":"Le Petit Louvre","article_modified_time":"2025-06-05T12:09:47+00:00","og_image":[{"width":640,"height":427,"url":"https:\/\/theatre-petit-louvre.fr\/avignon\/wp-content\/uploads\/2025\/06\/JDF-WEB3-c-E.Seignez.jpeg","type":"image\/jpeg"}],"twitter_misc":{"Dur\u00e9e de lecture estim\u00e9e":"2 minutes"},"schema":{"@context":"https:\/\/schema.org","@graph":[{"@type":"WebPage","@id":"https:\/\/theatre-petit-louvre.fr\/avignon\/le-journal-dun-fou\/","url":"https:\/\/theatre-petit-louvre.fr\/avignon\/le-journal-dun-fou\/","name":"LE JOURNAL D'UN FOU - Le Petit Louvre","isPartOf":{"@id":"https:\/\/theatre-petit-louvre.fr\/avignon\/#website"},"primaryImageOfPage":{"@id":"https:\/\/theatre-petit-louvre.fr\/avignon\/le-journal-dun-fou\/#primaryimage"},"image":{"@id":"https:\/\/theatre-petit-louvre.fr\/avignon\/le-journal-dun-fou\/#primaryimage"},"thumbnailUrl":"https:\/\/theatre-petit-louvre.fr\/avignon\/wp-content\/uploads\/2025\/06\/JDF-WEB3-c-E.Seignez.jpeg","datePublished":"2025-05-13T07:29:15+00:00","dateModified":"2025-06-05T12:09:47+00:00","description":"Chaque \u00e9t\u00e9, un th\u00e9\u00e2tre au c\u0153ur d'Avignon, Festival off : des textes, des auteurs, des autrices, des acteurs, des actrices. Deux salles climatis\u00e9es, 15 spectacles, un bar-restaurant.","breadcrumb":{"@id":"https:\/\/theatre-petit-louvre.fr\/avignon\/le-journal-dun-fou\/#breadcrumb"},"inLanguage":"fr-FR","potentialAction":[{"@type":"ReadAction","target":["https:\/\/theatre-petit-louvre.fr\/avignon\/le-journal-dun-fou\/"]}]},{"@type":"ImageObject","inLanguage":"fr-FR","@id":"https:\/\/theatre-petit-louvre.fr\/avignon\/le-journal-dun-fou\/#primaryimage","url":"https:\/\/theatre-petit-louvre.fr\/avignon\/wp-content\/uploads\/2025\/06\/JDF-WEB3-c-E.Seignez.jpeg","contentUrl":"https:\/\/theatre-petit-louvre.fr\/avignon\/wp-content\/uploads\/2025\/06\/JDF-WEB3-c-E.Seignez.jpeg","width":640,"height":427,"caption":"????"},{"@type":"BreadcrumbList","@id":"https:\/\/theatre-petit-louvre.fr\/avignon\/le-journal-dun-fou\/#breadcrumb","itemListElement":[{"@type":"ListItem","position":1,"name":"Home","item":"https:\/\/theatre-petit-louvre.fr\/avignon\/"},{"@type":"ListItem","position":2,"name":"LE JOURNAL D&rsquo;UN FOU"}]},{"@type":"WebSite","@id":"https:\/\/theatre-petit-louvre.fr\/avignon\/#website","url":"https:\/\/theatre-petit-louvre.fr\/avignon\/","name":"Le Petit Louvre","description":"un th\u00e9\u00e2tre au c\u0153ur d&#039;Avignon | Festival off","publisher":{"@id":"https:\/\/theatre-petit-louvre.fr\/avignon\/#organization"},"potentialAction":[{"@type":"SearchAction","target":{"@type":"EntryPoint","urlTemplate":"https:\/\/theatre-petit-louvre.fr\/avignon\/?s={search_term_string}"},"query-input":{"@type":"PropertyValueSpecification","valueRequired":true,"valueName":"search_term_string"}}],"inLanguage":"fr-FR"},{"@type":"Organization","@id":"https:\/\/theatre-petit-louvre.fr\/avignon\/#organization","name":"Th\u00e9\u00e2tre Le Petit Louvre","url":"https:\/\/theatre-petit-louvre.fr\/avignon\/","logo":{"@type":"ImageObject","inLanguage":"fr-FR","@id":"https:\/\/theatre-petit-louvre.fr\/avignon\/#\/schema\/logo\/image\/","url":"https:\/\/theatre-petit-louvre.fr\/avignon\/wp-content\/uploads\/2022\/05\/logo_petit-louvre_2008_RVB.png","contentUrl":"https:\/\/theatre-petit-louvre.fr\/avignon\/wp-content\/uploads\/2022\/05\/logo_petit-louvre_2008_RVB.png","width":374,"height":800,"caption":"Th\u00e9\u00e2tre Le Petit Louvre"},"image":{"@id":"https:\/\/theatre-petit-louvre.fr\/avignon\/#\/schema\/logo\/image\/"}}]}},"uagb_featured_image_src":{"full":false,"thumbnail":false,"medium":false,"medium_large":false,"large":false,"1536x1536":false,"2048x2048":false},"uagb_author_info":{"display_name":"Jocelyne","author_link":"https:\/\/theatre-petit-louvre.fr\/avignon\/author\/jocelyne\/"},"uagb_comment_info":0,"uagb_excerpt":"de Nikola\u00ef Gogol &#8211; Adaptation et mise en sc\u00e8ne de Ronan Rivi\u00e8re CHAPELLE DES TEMPLIERS du 5 au 26 juillet 2025 \u00e0 17h25 . Rel\u00e2che le mercredi (9, 16 et 23 juillet)Dur\u00e9e 1h15 &#8211; A partir de 12 ans &#8211; Tarifs B 23\/16\/10 euros. Aksenty Ivanovitch, discret fonctionnaire de Saint-P\u00e9tersbourg, a bien du mal \u00e0\u2026","_links":{"self":[{"href":"https:\/\/theatre-petit-louvre.fr\/avignon\/wp-json\/wp\/v2\/pages\/4134","targetHints":{"allow":["GET"]}}],"collection":[{"href":"https:\/\/theatre-petit-louvre.fr\/avignon\/wp-json\/wp\/v2\/pages"}],"about":[{"href":"https:\/\/theatre-petit-louvre.fr\/avignon\/wp-json\/wp\/v2\/types\/page"}],"author":[{"embeddable":true,"href":"https:\/\/theatre-petit-louvre.fr\/avignon\/wp-json\/wp\/v2\/users\/3"}],"replies":[{"embeddable":true,"href":"https:\/\/theatre-petit-louvre.fr\/avignon\/wp-json\/wp\/v2\/comments?post=4134"}],"version-history":[{"count":13,"href":"https:\/\/theatre-petit-louvre.fr\/avignon\/wp-json\/wp\/v2\/pages\/4134\/revisions"}],"predecessor-version":[{"id":4696,"href":"https:\/\/theatre-petit-louvre.fr\/avignon\/wp-json\/wp\/v2\/pages\/4134\/revisions\/4696"}],"wp:attachment":[{"href":"https:\/\/theatre-petit-louvre.fr\/avignon\/wp-json\/wp\/v2\/media?parent=4134"}],"wp:term":[{"taxonomy":"category","embeddable":true,"href":"https:\/\/theatre-petit-louvre.fr\/avignon\/wp-json\/wp\/v2\/categories?post=4134"},{"taxonomy":"post_tag","embeddable":true,"href":"https:\/\/theatre-petit-louvre.fr\/avignon\/wp-json\/wp\/v2\/tags?post=4134"}],"curies":[{"name":"wp","href":"https:\/\/api.w.org\/{rel}","templated":true}]}}