{"id":4136,"date":"2025-05-13T08:30:02","date_gmt":"2025-05-13T07:30:02","guid":{"rendered":"https:\/\/theatre-petit-louvre.fr\/avignon\/?page_id=4136"},"modified":"2025-05-13T08:30:02","modified_gmt":"2025-05-13T07:30:02","slug":"le-village-de-lallemand-ou-le-journal-des-freres-schiller","status":"publish","type":"page","link":"https:\/\/theatre-petit-louvre.fr\/avignon\/le-village-de-lallemand-ou-le-journal-des-freres-schiller\/","title":{"rendered":"LE VILLAGE DE L&rsquo;ALLEMAND                              ou le journal des fr\u00e8res Schiller"},"content":{"rendered":"\n<p><strong><em>de Boualem Sansal<\/em><\/strong><\/p>\n\n\n\n<p class=\"has-ast-global-color-4-background-color has-background\"><strong>CHAPELLE DES TEMPLIERS <\/strong> du 5 au 26 juillet 2025 \u00e0 <strong>19h10<\/strong> . Rel\u00e2che le mercredi <strong>(9, 16 et 23 juillet)<\/strong> <br>Dur\u00e9e <strong>1h25<\/strong> &#8211; A partir de 14 ans Tarifs B <strong>23\/16\/12 euros<\/strong>.<\/p>\n\n\n\n<div class=\"wp-block-buttons alignwide is-content-justification-center is-layout-flex wp-container-core-buttons-is-layout-a89b3969 wp-block-buttons-is-layout-flex\">\n<div class=\"wp-block-button\"><a class=\"wp-block-button__link wp-element-button\" href=\"https:\/\/billetterie-le-petit-louvre.tickandlive.com\/evenement\/le-village-de-lallemand\" target=\"_blank\" rel=\"noreferrer noopener\">R\u00e9servez vos places<\/a><\/div>\n<\/div>\n\n\n\n<div style=\"height:31px\" aria-hidden=\"true\" class=\"wp-block-spacer\"><\/div>\n\n\n\n<figure class=\"wp-block-gallery aligncenter has-nested-images columns-default is-cropped wp-block-gallery-1 is-layout-flex wp-block-gallery-is-layout-flex\">\n<figure class=\"wp-block-image size-large\"><img loading=\"lazy\" decoding=\"async\" width=\"848\" height=\"510\" data-id=\"4205\" src=\"https:\/\/theatre-petit-louvre.fr\/avignon\/wp-content\/uploads\/2025\/04\/LeVillage-48-848x510.jpg\" alt=\"\" class=\"wp-image-4205\" srcset=\"https:\/\/theatre-petit-louvre.fr\/avignon\/wp-content\/uploads\/2025\/04\/LeVillage-48-848x510.jpg 848w, https:\/\/theatre-petit-louvre.fr\/avignon\/wp-content\/uploads\/2025\/04\/LeVillage-48-300x180.jpg 300w, https:\/\/theatre-petit-louvre.fr\/avignon\/wp-content\/uploads\/2025\/04\/LeVillage-48-150x90.jpg 150w, https:\/\/theatre-petit-louvre.fr\/avignon\/wp-content\/uploads\/2025\/04\/LeVillage-48-768x462.jpg 768w, https:\/\/theatre-petit-louvre.fr\/avignon\/wp-content\/uploads\/2025\/04\/LeVillage-48.jpg 998w\" sizes=\"auto, (max-width: 848px) 100vw, 848px\" \/><\/figure>\n<\/figure>\n\n\n\n<p class=\"has-text-align-center\">\u00a9 Arnaud-Emmanuel Veron<\/p>\n\n\n\n<p style=\"font-size:14px\"><strong>\u00ab\u00a0Le Village de l\u2019Allemand ou le journal des fr\u00e8res Schiller\u00a0\u00bb<\/strong>,&nbsp;de l\u2019\u0153uvre de Boualem Sansal.&nbsp;&nbsp;<\/p>\n\n\n\n<p>Dans cette premi\u00e8re adaptation du roman de Boualem Sansal, la Cie les Asphod\u00e8les du Colibri\u00a0explore cette tension entre m\u00e9moire et silence. Inspir\u00e9e d\u2019une histoire vraie, l\u2019intrigue suit Rachel et Malrich, deux fr\u00e8res que tout oppose, confront\u00e9s aux r\u00e9v\u00e9lations sur le pass\u00e9 nazi de leur p\u00e8re.\u00a0<br>Le premier s\u2019effondre sous le poids de cette v\u00e9rit\u00e9, tandis que le second s\u2019en saisit pour questionner : sommes-nous comptables des fautes de nos parents ?<br><br>Un r\u00e9cit qui sert de cri contre l&rsquo;oubli, l&rsquo;amn\u00e9sie et le n\u00e9gationnisme.\u00a0Une parole n\u00e9cessaire, envers et contre les silences.<br>\u00ab On ne parle pas de \u00e7a aux enfants. \u00bb Cette phrase, si r\u00e9pandue, refl\u00e8te une peur universelle : celle de transmettre un h\u00e9ritage trop lourd, d\u2019affronter la honte ou de trouver les mots justes. Mais la peur n\u2019efface ni le danger, ni le pass\u00e9.<\/p>\n\n\n\n<p>Cette adaptation th\u00e9\u00e2trale d\u00e9passe cette seule question. Elle interroge la capacit\u00e9 de chacun \u00e0 se r\u00e9approprier la parole, \u00e0 reconqu\u00e9rir la v\u00e9rit\u00e9 et \u00e0 faire face au pass\u00e9 pour envisager un avenir.<br>Avec l\u2019intensit\u00e9 d\u2019une trag\u00e9die moderne, la pi\u00e8ce \u00e9meut, bouscule et console, rappelant que l\u2019espoir, malgr\u00e9 tout, reste possible.<\/p>\n\n\n\n<p style=\"font-size:14px\">Dans un contexte o\u00f9 Boualem Sansal, auteur de renom et voix majeure du monde francophone, a \u00e9t\u00e9 arr\u00eat\u00e9 en Alg\u00e9rie, cette \u0153uvre prend une r\u00e9sonance encore plus forte.&nbsp;<br>Elle offre une opportunit\u00e9 unique d\u2019\u00e9clairer le public sur les combats pour&nbsp;<strong>la libert\u00e9 d\u2019expression, la justice et la m\u00e9moire<\/strong>.<\/p>\n\n\n\n<div class=\"wp-block-media-text alignwide is-stacked-on-mobile\" style=\"grid-template-columns:47% auto\"><figure class=\"wp-block-media-text__media\"><img loading=\"lazy\" decoding=\"async\" width=\"360\" height=\"510\" src=\"https:\/\/theatre-petit-louvre.fr\/avignon\/wp-content\/uploads\/2025\/04\/LE-VILLAGE-Avignon-360x510.jpg\" alt=\"\" class=\"wp-image-4260 size-full\" srcset=\"https:\/\/theatre-petit-louvre.fr\/avignon\/wp-content\/uploads\/2025\/04\/LE-VILLAGE-Avignon-360x510.jpg 360w, https:\/\/theatre-petit-louvre.fr\/avignon\/wp-content\/uploads\/2025\/04\/LE-VILLAGE-Avignon-212x300.jpg 212w, https:\/\/theatre-petit-louvre.fr\/avignon\/wp-content\/uploads\/2025\/04\/LE-VILLAGE-Avignon-106x150.jpg 106w, https:\/\/theatre-petit-louvre.fr\/avignon\/wp-content\/uploads\/2025\/04\/LE-VILLAGE-Avignon.jpg 424w\" sizes=\"auto, (max-width: 360px) 100vw, 360px\" \/><\/figure><div class=\"wp-block-media-text__content\">\n<p>Adaptation : Luca Franceschi<\/p>\n\n\n\n<p>Mise en sc\u00e8ne : Luca Franceschi<\/p>\n\n\n\n<p>Avec : Valerian Moutawe \u2013 Nicolas Moisy \u2013 Alexandra Nicolaidis \u2013 Samuel Camus \u2013 Louise Daly \u2013 Yann Ducruet <\/p>\n\n\n\n<p>Direction artistique&nbsp;: Thierry Auzer<\/p>\n\n\n\n<p>D\u00e9cor : Coline Gaufillet<\/p>\n\n\n\n<p>Costumes : Ang\u00e9lique Monbeig<\/p>\n\n\n\n<p>Lumi\u00e8res : Samuel Bovet<\/p>\n\n\n\n<p>Musique et Son : Vincent Arnaud<\/p>\n\n\n\n<p class=\"has-small-font-size\">Production : Compagnie les Asphod\u00e8les du Colibri<\/p>\n<\/div><\/div>\n\n\n\n<p class=\"has-small-font-size\"><\/p>\n\n\n\n<p><em><strong>Journal Nuvol\u00a0<\/strong>\u2022<\/em>\u00a0<em>\u00ab Les spectateurs sont invit\u00e9s \u00e0 un voyage \u00e9motionnel intense qui, dans le plus grand respect du roman de Boualem Sansal\u00a0,\u00a0laissera place \u00e0 l\u2019introspection et \u00e0 l\u2019analyse personnelle&#8230; \u00c0 la fois dr\u00f4le, sensible et bouleversant \u00bb<\/em><\/p>\n\n\n\n<p><\/p>\n\n\n\n<p><\/p>\n","protected":false},"excerpt":{"rendered":"<p>de Boualem Sansal CHAPELLE DES TEMPLIERS du 5 au 26 juillet 2025 \u00e0 19h10 . Rel\u00e2che le mercredi (9, 16 et 23 juillet) Dur\u00e9e 1h25 &#8211; A partir de 14 ans Tarifs B 23\/16\/12 euros. \u00a9 Arnaud-Emmanuel Veron \u00ab\u00a0Le Village de l\u2019Allemand ou le journal des fr\u00e8res Schiller\u00a0\u00bb,&nbsp;de l\u2019\u0153uvre de Boualem Sansal.&nbsp;&nbsp; Dans cette premi\u00e8re [&hellip;]<\/p>\n","protected":false},"author":3,"featured_media":0,"parent":0,"menu_order":0,"comment_status":"closed","ping_status":"closed","template":"","meta":{"_uag_custom_page_level_css":"","site-sidebar-layout":"default","site-content-layout":"","ast-site-content-layout":"default","site-content-style":"default","site-sidebar-style":"default","ast-global-header-display":"","ast-banner-title-visibility":"","ast-main-header-display":"","ast-hfb-above-header-display":"","ast-hfb-below-header-display":"","ast-hfb-mobile-header-display":"","site-post-title":"","ast-breadcrumbs-content":"","ast-featured-img":"","footer-sml-layout":"","ast-disable-related-posts":"","theme-transparent-header-meta":"","adv-header-id-meta":"","stick-header-meta":"","header-above-stick-meta":"","header-main-stick-meta":"","header-below-stick-meta":"","astra-migrate-meta-layouts":"set","ast-page-background-enabled":"default","ast-page-background-meta":{"desktop":{"background-color":"var(--ast-global-color-4)","background-image":"","background-repeat":"repeat","background-position":"center center","background-size":"auto","background-attachment":"scroll","background-type":"","background-media":"","overlay-type":"","overlay-color":"","overlay-gradient":""},"tablet":{"background-color":"","background-image":"","background-repeat":"repeat","background-position":"center center","background-size":"auto","background-attachment":"scroll","background-type":"","background-media":"","overlay-type":"","overlay-color":"","overlay-gradient":""},"mobile":{"background-color":"","background-image":"","background-repeat":"repeat","background-position":"center center","background-size":"auto","background-attachment":"scroll","background-type":"","background-media":"","overlay-type":"","overlay-color":"","overlay-gradient":""}},"ast-content-background-meta":{"desktop":{"background-color":"var(--ast-global-color-5)","background-image":"","background-repeat":"repeat","background-position":"center center","background-size":"auto","background-attachment":"scroll","background-type":"","background-media":"","overlay-type":"","overlay-color":"","overlay-gradient":""},"tablet":{"background-color":"var(--ast-global-color-5)","background-image":"","background-repeat":"repeat","background-position":"center center","background-size":"auto","background-attachment":"scroll","background-type":"","background-media":"","overlay-type":"","overlay-color":"","overlay-gradient":""},"mobile":{"background-color":"var(--ast-global-color-5)","background-image":"","background-repeat":"repeat","background-position":"center center","background-size":"auto","background-attachment":"scroll","background-type":"","background-media":"","overlay-type":"","overlay-color":"","overlay-gradient":""}},"footnotes":"","_links_to":"","_links_to_target":""},"categories":[],"tags":[],"class_list":["post-4136","page","type-page","status-publish","hentry"],"yoast_head":"<!-- This site is optimized with the Yoast SEO plugin v27.5 - https:\/\/yoast.com\/product\/yoast-seo-wordpress\/ -->\n<title>LE VILLAGE DE L&#039;ALLEMAND               ou le journal des fr\u00e8res Schiller - Le Petit Louvre<\/title>\n<meta name=\"description\" content=\"Chaque \u00e9t\u00e9, un th\u00e9\u00e2tre au c\u0153ur d&#039;Avignon, Festival off : des textes, des auteurs, des autrices, des acteurs, des actrices. Deux salles climatis\u00e9es, 15 spectacles, un bar-restaurant.\" \/>\n<meta name=\"robots\" content=\"index, follow, max-snippet:-1, max-image-preview:large, max-video-preview:-1\" \/>\n<link rel=\"canonical\" href=\"https:\/\/theatre-petit-louvre.fr\/avignon\/le-village-de-lallemand-ou-le-journal-des-freres-schiller\/\" \/>\n<meta property=\"og:locale\" content=\"fr_FR\" \/>\n<meta property=\"og:type\" content=\"article\" \/>\n<meta property=\"og:title\" content=\"LE VILLAGE DE L&#039;ALLEMAND               ou le journal des fr\u00e8res Schiller - Le Petit Louvre\" \/>\n<meta property=\"og:description\" content=\"Chaque \u00e9t\u00e9, un th\u00e9\u00e2tre au c\u0153ur d&#039;Avignon, Festival off : des textes, des auteurs, des autrices, des acteurs, des actrices. Deux salles climatis\u00e9es, 15 spectacles, un bar-restaurant.\" \/>\n<meta property=\"og:url\" content=\"https:\/\/theatre-petit-louvre.fr\/avignon\/le-village-de-lallemand-ou-le-journal-des-freres-schiller\/\" \/>\n<meta property=\"og:site_name\" content=\"Le Petit Louvre\" \/>\n<meta property=\"og:image\" content=\"https:\/\/theatre-petit-louvre.fr\/avignon\/wp-content\/uploads\/2025\/04\/LeVillage-48.jpg\" \/>\n\t<meta property=\"og:image:width\" content=\"998\" \/>\n\t<meta property=\"og:image:height\" content=\"600\" \/>\n\t<meta property=\"og:image:type\" content=\"image\/jpeg\" \/>\n<meta name=\"twitter:label1\" content=\"Dur\u00e9e de lecture estim\u00e9e\" \/>\n\t<meta name=\"twitter:data1\" content=\"2 minutes\" \/>\n<script type=\"application\/ld+json\" class=\"yoast-schema-graph\">{\"@context\":\"https:\\\/\\\/schema.org\",\"@graph\":[{\"@type\":\"WebPage\",\"@id\":\"https:\\\/\\\/theatre-petit-louvre.fr\\\/avignon\\\/le-village-de-lallemand-ou-le-journal-des-freres-schiller\\\/\",\"url\":\"https:\\\/\\\/theatre-petit-louvre.fr\\\/avignon\\\/le-village-de-lallemand-ou-le-journal-des-freres-schiller\\\/\",\"name\":\"LE VILLAGE DE L'ALLEMAND ou le journal des fr\u00e8res Schiller - Le Petit Louvre\",\"isPartOf\":{\"@id\":\"https:\\\/\\\/theatre-petit-louvre.fr\\\/avignon\\\/#website\"},\"primaryImageOfPage\":{\"@id\":\"https:\\\/\\\/theatre-petit-louvre.fr\\\/avignon\\\/le-village-de-lallemand-ou-le-journal-des-freres-schiller\\\/#primaryimage\"},\"image\":{\"@id\":\"https:\\\/\\\/theatre-petit-louvre.fr\\\/avignon\\\/le-village-de-lallemand-ou-le-journal-des-freres-schiller\\\/#primaryimage\"},\"thumbnailUrl\":\"https:\\\/\\\/theatre-petit-louvre.fr\\\/avignon\\\/wp-content\\\/uploads\\\/2025\\\/04\\\/LeVillage-48-848x510.jpg\",\"datePublished\":\"2025-05-13T07:30:02+00:00\",\"description\":\"Chaque \u00e9t\u00e9, un th\u00e9\u00e2tre au c\u0153ur d'Avignon, Festival off : des textes, des auteurs, des autrices, des acteurs, des actrices. Deux salles climatis\u00e9es, 15 spectacles, un bar-restaurant.\",\"breadcrumb\":{\"@id\":\"https:\\\/\\\/theatre-petit-louvre.fr\\\/avignon\\\/le-village-de-lallemand-ou-le-journal-des-freres-schiller\\\/#breadcrumb\"},\"inLanguage\":\"fr-FR\",\"potentialAction\":[{\"@type\":\"ReadAction\",\"target\":[\"https:\\\/\\\/theatre-petit-louvre.fr\\\/avignon\\\/le-village-de-lallemand-ou-le-journal-des-freres-schiller\\\/\"]}]},{\"@type\":\"ImageObject\",\"inLanguage\":\"fr-FR\",\"@id\":\"https:\\\/\\\/theatre-petit-louvre.fr\\\/avignon\\\/le-village-de-lallemand-ou-le-journal-des-freres-schiller\\\/#primaryimage\",\"url\":\"https:\\\/\\\/theatre-petit-louvre.fr\\\/avignon\\\/wp-content\\\/uploads\\\/2025\\\/04\\\/LeVillage-48.jpg\",\"contentUrl\":\"https:\\\/\\\/theatre-petit-louvre.fr\\\/avignon\\\/wp-content\\\/uploads\\\/2025\\\/04\\\/LeVillage-48.jpg\",\"width\":998,\"height\":600},{\"@type\":\"BreadcrumbList\",\"@id\":\"https:\\\/\\\/theatre-petit-louvre.fr\\\/avignon\\\/le-village-de-lallemand-ou-le-journal-des-freres-schiller\\\/#breadcrumb\",\"itemListElement\":[{\"@type\":\"ListItem\",\"position\":1,\"name\":\"Home\",\"item\":\"https:\\\/\\\/theatre-petit-louvre.fr\\\/avignon\\\/\"},{\"@type\":\"ListItem\",\"position\":2,\"name\":\"LE VILLAGE DE L&rsquo;ALLEMAND ou le journal des fr\u00e8res Schiller\"}]},{\"@type\":\"WebSite\",\"@id\":\"https:\\\/\\\/theatre-petit-louvre.fr\\\/avignon\\\/#website\",\"url\":\"https:\\\/\\\/theatre-petit-louvre.fr\\\/avignon\\\/\",\"name\":\"Le Petit Louvre\",\"description\":\"un th\u00e9\u00e2tre au c\u0153ur d&#039;Avignon | Festival off\",\"publisher\":{\"@id\":\"https:\\\/\\\/theatre-petit-louvre.fr\\\/avignon\\\/#organization\"},\"potentialAction\":[{\"@type\":\"SearchAction\",\"target\":{\"@type\":\"EntryPoint\",\"urlTemplate\":\"https:\\\/\\\/theatre-petit-louvre.fr\\\/avignon\\\/?s={search_term_string}\"},\"query-input\":{\"@type\":\"PropertyValueSpecification\",\"valueRequired\":true,\"valueName\":\"search_term_string\"}}],\"inLanguage\":\"fr-FR\"},{\"@type\":\"Organization\",\"@id\":\"https:\\\/\\\/theatre-petit-louvre.fr\\\/avignon\\\/#organization\",\"name\":\"Th\u00e9\u00e2tre Le Petit Louvre\",\"url\":\"https:\\\/\\\/theatre-petit-louvre.fr\\\/avignon\\\/\",\"logo\":{\"@type\":\"ImageObject\",\"inLanguage\":\"fr-FR\",\"@id\":\"https:\\\/\\\/theatre-petit-louvre.fr\\\/avignon\\\/#\\\/schema\\\/logo\\\/image\\\/\",\"url\":\"https:\\\/\\\/theatre-petit-louvre.fr\\\/avignon\\\/wp-content\\\/uploads\\\/2022\\\/05\\\/logo_petit-louvre_2008_RVB.png\",\"contentUrl\":\"https:\\\/\\\/theatre-petit-louvre.fr\\\/avignon\\\/wp-content\\\/uploads\\\/2022\\\/05\\\/logo_petit-louvre_2008_RVB.png\",\"width\":374,\"height\":800,\"caption\":\"Th\u00e9\u00e2tre Le Petit Louvre\"},\"image\":{\"@id\":\"https:\\\/\\\/theatre-petit-louvre.fr\\\/avignon\\\/#\\\/schema\\\/logo\\\/image\\\/\"}}]}<\/script>\n<!-- \/ Yoast SEO plugin. -->","yoast_head_json":{"title":"LE VILLAGE DE L'ALLEMAND               ou le journal des fr\u00e8res Schiller - Le Petit Louvre","description":"Chaque \u00e9t\u00e9, un th\u00e9\u00e2tre au c\u0153ur d'Avignon, Festival off : des textes, des auteurs, des autrices, des acteurs, des actrices. Deux salles climatis\u00e9es, 15 spectacles, un bar-restaurant.","robots":{"index":"index","follow":"follow","max-snippet":"max-snippet:-1","max-image-preview":"max-image-preview:large","max-video-preview":"max-video-preview:-1"},"canonical":"https:\/\/theatre-petit-louvre.fr\/avignon\/le-village-de-lallemand-ou-le-journal-des-freres-schiller\/","og_locale":"fr_FR","og_type":"article","og_title":"LE VILLAGE DE L'ALLEMAND               ou le journal des fr\u00e8res Schiller - Le Petit Louvre","og_description":"Chaque \u00e9t\u00e9, un th\u00e9\u00e2tre au c\u0153ur d'Avignon, Festival off : des textes, des auteurs, des autrices, des acteurs, des actrices. Deux salles climatis\u00e9es, 15 spectacles, un bar-restaurant.","og_url":"https:\/\/theatre-petit-louvre.fr\/avignon\/le-village-de-lallemand-ou-le-journal-des-freres-schiller\/","og_site_name":"Le Petit Louvre","og_image":[{"width":998,"height":600,"url":"https:\/\/theatre-petit-louvre.fr\/avignon\/wp-content\/uploads\/2025\/04\/LeVillage-48.jpg","type":"image\/jpeg"}],"twitter_misc":{"Dur\u00e9e de lecture estim\u00e9e":"2 minutes"},"schema":{"@context":"https:\/\/schema.org","@graph":[{"@type":"WebPage","@id":"https:\/\/theatre-petit-louvre.fr\/avignon\/le-village-de-lallemand-ou-le-journal-des-freres-schiller\/","url":"https:\/\/theatre-petit-louvre.fr\/avignon\/le-village-de-lallemand-ou-le-journal-des-freres-schiller\/","name":"LE VILLAGE DE L'ALLEMAND ou le journal des fr\u00e8res Schiller - Le Petit Louvre","isPartOf":{"@id":"https:\/\/theatre-petit-louvre.fr\/avignon\/#website"},"primaryImageOfPage":{"@id":"https:\/\/theatre-petit-louvre.fr\/avignon\/le-village-de-lallemand-ou-le-journal-des-freres-schiller\/#primaryimage"},"image":{"@id":"https:\/\/theatre-petit-louvre.fr\/avignon\/le-village-de-lallemand-ou-le-journal-des-freres-schiller\/#primaryimage"},"thumbnailUrl":"https:\/\/theatre-petit-louvre.fr\/avignon\/wp-content\/uploads\/2025\/04\/LeVillage-48-848x510.jpg","datePublished":"2025-05-13T07:30:02+00:00","description":"Chaque \u00e9t\u00e9, un th\u00e9\u00e2tre au c\u0153ur d'Avignon, Festival off : des textes, des auteurs, des autrices, des acteurs, des actrices. Deux salles climatis\u00e9es, 15 spectacles, un bar-restaurant.","breadcrumb":{"@id":"https:\/\/theatre-petit-louvre.fr\/avignon\/le-village-de-lallemand-ou-le-journal-des-freres-schiller\/#breadcrumb"},"inLanguage":"fr-FR","potentialAction":[{"@type":"ReadAction","target":["https:\/\/theatre-petit-louvre.fr\/avignon\/le-village-de-lallemand-ou-le-journal-des-freres-schiller\/"]}]},{"@type":"ImageObject","inLanguage":"fr-FR","@id":"https:\/\/theatre-petit-louvre.fr\/avignon\/le-village-de-lallemand-ou-le-journal-des-freres-schiller\/#primaryimage","url":"https:\/\/theatre-petit-louvre.fr\/avignon\/wp-content\/uploads\/2025\/04\/LeVillage-48.jpg","contentUrl":"https:\/\/theatre-petit-louvre.fr\/avignon\/wp-content\/uploads\/2025\/04\/LeVillage-48.jpg","width":998,"height":600},{"@type":"BreadcrumbList","@id":"https:\/\/theatre-petit-louvre.fr\/avignon\/le-village-de-lallemand-ou-le-journal-des-freres-schiller\/#breadcrumb","itemListElement":[{"@type":"ListItem","position":1,"name":"Home","item":"https:\/\/theatre-petit-louvre.fr\/avignon\/"},{"@type":"ListItem","position":2,"name":"LE VILLAGE DE L&rsquo;ALLEMAND ou le journal des fr\u00e8res Schiller"}]},{"@type":"WebSite","@id":"https:\/\/theatre-petit-louvre.fr\/avignon\/#website","url":"https:\/\/theatre-petit-louvre.fr\/avignon\/","name":"Le Petit Louvre","description":"un th\u00e9\u00e2tre au c\u0153ur d&#039;Avignon | Festival off","publisher":{"@id":"https:\/\/theatre-petit-louvre.fr\/avignon\/#organization"},"potentialAction":[{"@type":"SearchAction","target":{"@type":"EntryPoint","urlTemplate":"https:\/\/theatre-petit-louvre.fr\/avignon\/?s={search_term_string}"},"query-input":{"@type":"PropertyValueSpecification","valueRequired":true,"valueName":"search_term_string"}}],"inLanguage":"fr-FR"},{"@type":"Organization","@id":"https:\/\/theatre-petit-louvre.fr\/avignon\/#organization","name":"Th\u00e9\u00e2tre Le Petit Louvre","url":"https:\/\/theatre-petit-louvre.fr\/avignon\/","logo":{"@type":"ImageObject","inLanguage":"fr-FR","@id":"https:\/\/theatre-petit-louvre.fr\/avignon\/#\/schema\/logo\/image\/","url":"https:\/\/theatre-petit-louvre.fr\/avignon\/wp-content\/uploads\/2022\/05\/logo_petit-louvre_2008_RVB.png","contentUrl":"https:\/\/theatre-petit-louvre.fr\/avignon\/wp-content\/uploads\/2022\/05\/logo_petit-louvre_2008_RVB.png","width":374,"height":800,"caption":"Th\u00e9\u00e2tre Le Petit Louvre"},"image":{"@id":"https:\/\/theatre-petit-louvre.fr\/avignon\/#\/schema\/logo\/image\/"}}]}},"uagb_featured_image_src":{"full":false,"thumbnail":false,"medium":false,"medium_large":false,"large":false,"1536x1536":false,"2048x2048":false},"uagb_author_info":{"display_name":"Jocelyne","author_link":"https:\/\/theatre-petit-louvre.fr\/avignon\/author\/jocelyne\/"},"uagb_comment_info":0,"uagb_excerpt":"de Boualem Sansal CHAPELLE DES TEMPLIERS du 5 au 26 juillet 2025 \u00e0 19h10 . Rel\u00e2che le mercredi (9, 16 et 23 juillet) Dur\u00e9e 1h25 &#8211; A partir de 14 ans Tarifs B 23\/16\/12 euros. \u00a9 Arnaud-Emmanuel Veron \u00ab\u00a0Le Village de l\u2019Allemand ou le journal des fr\u00e8res Schiller\u00a0\u00bb,&nbsp;de l\u2019\u0153uvre de Boualem Sansal.&nbsp;&nbsp; Dans cette premi\u00e8re\u2026","_links":{"self":[{"href":"https:\/\/theatre-petit-louvre.fr\/avignon\/wp-json\/wp\/v2\/pages\/4136","targetHints":{"allow":["GET"]}}],"collection":[{"href":"https:\/\/theatre-petit-louvre.fr\/avignon\/wp-json\/wp\/v2\/pages"}],"about":[{"href":"https:\/\/theatre-petit-louvre.fr\/avignon\/wp-json\/wp\/v2\/types\/page"}],"author":[{"embeddable":true,"href":"https:\/\/theatre-petit-louvre.fr\/avignon\/wp-json\/wp\/v2\/users\/3"}],"replies":[{"embeddable":true,"href":"https:\/\/theatre-petit-louvre.fr\/avignon\/wp-json\/wp\/v2\/comments?post=4136"}],"version-history":[{"count":17,"href":"https:\/\/theatre-petit-louvre.fr\/avignon\/wp-json\/wp\/v2\/pages\/4136\/revisions"}],"predecessor-version":[{"id":4437,"href":"https:\/\/theatre-petit-louvre.fr\/avignon\/wp-json\/wp\/v2\/pages\/4136\/revisions\/4437"}],"wp:attachment":[{"href":"https:\/\/theatre-petit-louvre.fr\/avignon\/wp-json\/wp\/v2\/media?parent=4136"}],"wp:term":[{"taxonomy":"category","embeddable":true,"href":"https:\/\/theatre-petit-louvre.fr\/avignon\/wp-json\/wp\/v2\/categories?post=4136"},{"taxonomy":"post_tag","embeddable":true,"href":"https:\/\/theatre-petit-louvre.fr\/avignon\/wp-json\/wp\/v2\/tags?post=4136"}],"curies":[{"name":"wp","href":"https:\/\/api.w.org\/{rel}","templated":true}]}}