{"id":4141,"date":"2025-05-13T08:31:42","date_gmt":"2025-05-13T07:31:42","guid":{"rendered":"https:\/\/theatre-petit-louvre.fr\/avignon\/?page_id=4141"},"modified":"2025-05-13T08:53:15","modified_gmt":"2025-05-13T07:53:15","slug":"3-voix-3-voyages","status":"publish","type":"page","link":"https:\/\/theatre-petit-louvre.fr\/avignon\/3-voix-3-voyages\/","title":{"rendered":"3 VOIX, 3 VOYAGES"},"content":{"rendered":"\n<h2 class=\"wp-block-heading\">Nina Forte, Devon Graves et Laura Woody<\/h2>\n\n\n\n<p><strong><mark style=\"background-color:#abb8c3\" class=\"has-inline-color has-ast-global-color-1-color\">  3 Repr\u00e9sentations exceptionnelles : dimanche 13, vendredi 18 et dimanche 20 juillet \u00e0 21h05  <\/mark><\/strong><\/p>\n\n\n\n<p class=\"has-ast-global-color-4-background-color has-background\"><strong>CHAPELLE DES TEMPLIERS <\/strong> \u00e0 <strong>21h05<\/strong><br>Dur\u00e9e <strong>1h20<\/strong>  &#8211; A partir de 10 ans . Tarifs A <strong>25\/17\/10 euros<\/strong>. <\/p>\n\n\n\n<div class=\"wp-block-buttons alignwide is-content-justification-center is-layout-flex wp-container-core-buttons-is-layout-a89b3969 wp-block-buttons-is-layout-flex\">\n<div class=\"wp-block-button\"><a class=\"wp-block-button__link wp-element-button\" href=\"https:\/\/billetterie-le-petit-louvre.tickandlive.com\/evenement\/3-voix-3-voyages\" target=\"_blank\" rel=\"noreferrer noopener\">R\u00e9servez vos places<\/a><\/div>\n<\/div>\n\n\n\n<div style=\"height:31px\" aria-hidden=\"true\" class=\"wp-block-spacer\"><\/div>\n\n\n\n<figure class=\"wp-block-image aligncenter size-large\"><img loading=\"lazy\" decoding=\"async\" width=\"357\" height=\"510\" src=\"https:\/\/theatre-petit-louvre.fr\/avignon\/wp-content\/uploads\/2025\/04\/3-voix-3-voyages-25-Neutre-DEF-2-357x510.jpg\" alt=\"\" class=\"wp-image-4285\" srcset=\"https:\/\/theatre-petit-louvre.fr\/avignon\/wp-content\/uploads\/2025\/04\/3-voix-3-voyages-25-Neutre-DEF-2-357x510.jpg 357w, https:\/\/theatre-petit-louvre.fr\/avignon\/wp-content\/uploads\/2025\/04\/3-voix-3-voyages-25-Neutre-DEF-2-210x300.jpg 210w, https:\/\/theatre-petit-louvre.fr\/avignon\/wp-content\/uploads\/2025\/04\/3-voix-3-voyages-25-Neutre-DEF-2-105x150.jpg 105w, https:\/\/theatre-petit-louvre.fr\/avignon\/wp-content\/uploads\/2025\/04\/3-voix-3-voyages-25-Neutre-DEF-2.jpg 420w\" sizes=\"auto, (max-width: 357px) 100vw, 357px\" \/><\/figure>\n\n\n\n<p><\/p>\n\n\n\n<p style=\"font-size:14px\">\u00c0 l\u2019heure o\u00f9 les \u00e9toiles \u00e9clairent le ciel d&rsquo;Avignon, venez d\u00e9couvrir les univers musicaux de 3 chanteuses et autrices-compositrices.&nbsp;<br><br><strong>Nina Forte<\/strong>, accompagn\u00e9e de sa guitare, chante en fran\u00e7ais et en anglais sur des standards de jazz mais interpr\u00e8te aussi des compositions personnelles.<br><br>Com\u00e9dienne, chanteuse et improvisatrice, <strong>Laura Woody<\/strong>, venue de l\u2019Indiana, nous \u00e9meut et nous fait voyager&nbsp;avec des chansons de com\u00e9dies musicales, du rock des ann\u00e9es 70 ou du folk, qui rappelle ses origines. <br><br>Chanteuse, auteure-compositrice, conteuse, <strong>Devon Graves<\/strong> aime explorer l&rsquo;interaction entre les mots et la musique. Elle est connue pour avoir \u00e9crit des tubes pour des artistes tels que The Kids United, Celestal et Cecilia Krull, ainsi que pour son propre succ\u00e8s de 2024 \u00ab Beautiful Lie \u00bb&nbsp;; les chansons originales de Devon m\u00ealent des influences pop et folk, avec des paroles \u00e9labor\u00e9es et poignantes, le tout saupoudr\u00e9 d&rsquo;une touche d&rsquo;humour et de soleil.<\/p>\n\n\n\n<div class=\"wp-block-media-text alignwide is-stacked-on-mobile\" style=\"grid-template-columns:36% auto\"><figure class=\"wp-block-media-text__media\"><img loading=\"lazy\" decoding=\"async\" width=\"357\" height=\"510\" src=\"https:\/\/theatre-petit-louvre.fr\/avignon\/wp-content\/uploads\/2025\/04\/3-voix-3-voyages-25-Neutre-DEF-2-357x510.jpg\" alt=\"\" class=\"wp-image-4285 size-full\" srcset=\"https:\/\/theatre-petit-louvre.fr\/avignon\/wp-content\/uploads\/2025\/04\/3-voix-3-voyages-25-Neutre-DEF-2-357x510.jpg 357w, https:\/\/theatre-petit-louvre.fr\/avignon\/wp-content\/uploads\/2025\/04\/3-voix-3-voyages-25-Neutre-DEF-2-210x300.jpg 210w, https:\/\/theatre-petit-louvre.fr\/avignon\/wp-content\/uploads\/2025\/04\/3-voix-3-voyages-25-Neutre-DEF-2-105x150.jpg 105w, https:\/\/theatre-petit-louvre.fr\/avignon\/wp-content\/uploads\/2025\/04\/3-voix-3-voyages-25-Neutre-DEF-2.jpg 420w\" sizes=\"auto, (max-width: 357px) 100vw, 357px\" \/><\/figure><div class=\"wp-block-media-text__content\">\n<p class=\"has-small-font-size\">Production : <strong>Les Passionn\u00e9s du R\u00eave&nbsp;<\/strong><\/p>\n<\/div><\/div>\n\n\n\n<p><\/p>\n","protected":false},"excerpt":{"rendered":"<p>Nina Forte, Devon Graves et Laura Woody 3 Repr\u00e9sentations exceptionnelles : dimanche 13, vendredi 18 et dimanche 20 juillet \u00e0 21h05 CHAPELLE DES TEMPLIERS \u00e0 21h05Dur\u00e9e 1h20 &#8211; A partir de 10 ans . Tarifs A 25\/17\/10 euros. \u00c0 l\u2019heure o\u00f9 les \u00e9toiles \u00e9clairent le ciel d&rsquo;Avignon, venez d\u00e9couvrir les univers musicaux de 3 chanteuses [&hellip;]<\/p>\n","protected":false},"author":3,"featured_media":0,"parent":0,"menu_order":0,"comment_status":"closed","ping_status":"closed","template":"","meta":{"_uag_custom_page_level_css":"","site-sidebar-layout":"default","site-content-layout":"","ast-site-content-layout":"default","site-content-style":"default","site-sidebar-style":"default","ast-global-header-display":"","ast-banner-title-visibility":"","ast-main-header-display":"","ast-hfb-above-header-display":"","ast-hfb-below-header-display":"","ast-hfb-mobile-header-display":"","site-post-title":"","ast-breadcrumbs-content":"","ast-featured-img":"","footer-sml-layout":"","ast-disable-related-posts":"","theme-transparent-header-meta":"","adv-header-id-meta":"","stick-header-meta":"","header-above-stick-meta":"","header-main-stick-meta":"","header-below-stick-meta":"","astra-migrate-meta-layouts":"set","ast-page-background-enabled":"default","ast-page-background-meta":{"desktop":{"background-color":"var(--ast-global-color-4)","background-image":"","background-repeat":"repeat","background-position":"center center","background-size":"auto","background-attachment":"scroll","background-type":"","background-media":"","overlay-type":"","overlay-color":"","overlay-gradient":""},"tablet":{"background-color":"","background-image":"","background-repeat":"repeat","background-position":"center center","background-size":"auto","background-attachment":"scroll","background-type":"","background-media":"","overlay-type":"","overlay-color":"","overlay-gradient":""},"mobile":{"background-color":"","background-image":"","background-repeat":"repeat","background-position":"center center","background-size":"auto","background-attachment":"scroll","background-type":"","background-media":"","overlay-type":"","overlay-color":"","overlay-gradient":""}},"ast-content-background-meta":{"desktop":{"background-color":"var(--ast-global-color-5)","background-image":"","background-repeat":"repeat","background-position":"center center","background-size":"auto","background-attachment":"scroll","background-type":"","background-media":"","overlay-type":"","overlay-color":"","overlay-gradient":""},"tablet":{"background-color":"var(--ast-global-color-5)","background-image":"","background-repeat":"repeat","background-position":"center center","background-size":"auto","background-attachment":"scroll","background-type":"","background-media":"","overlay-type":"","overlay-color":"","overlay-gradient":""},"mobile":{"background-color":"var(--ast-global-color-5)","background-image":"","background-repeat":"repeat","background-position":"center center","background-size":"auto","background-attachment":"scroll","background-type":"","background-media":"","overlay-type":"","overlay-color":"","overlay-gradient":""}},"footnotes":"","_links_to":"","_links_to_target":""},"categories":[],"tags":[],"class_list":["post-4141","page","type-page","status-publish","hentry"],"yoast_head":"<!-- This site is optimized with the Yoast SEO plugin v27.6 - https:\/\/yoast.com\/product\/yoast-seo-wordpress\/ -->\n<title>3 VOIX, 3 VOYAGES - Le Petit Louvre<\/title>\n<meta name=\"description\" content=\"Chaque \u00e9t\u00e9, un th\u00e9\u00e2tre au c\u0153ur d&#039;Avignon, Festival off : des textes, des auteurs, des autrices, des acteurs, des actrices. Deux salles climatis\u00e9es, 15 spectacles, un bar-restaurant.\" \/>\n<meta name=\"robots\" content=\"index, follow, max-snippet:-1, max-image-preview:large, max-video-preview:-1\" \/>\n<link rel=\"canonical\" href=\"https:\/\/theatre-petit-louvre.fr\/avignon\/3-voix-3-voyages\/\" \/>\n<meta property=\"og:locale\" content=\"fr_FR\" \/>\n<meta property=\"og:type\" content=\"article\" \/>\n<meta property=\"og:title\" content=\"3 VOIX, 3 VOYAGES - Le Petit Louvre\" \/>\n<meta property=\"og:description\" content=\"Chaque \u00e9t\u00e9, un th\u00e9\u00e2tre au c\u0153ur d&#039;Avignon, Festival off : des textes, des auteurs, des autrices, des acteurs, des actrices. Deux salles climatis\u00e9es, 15 spectacles, un bar-restaurant.\" \/>\n<meta property=\"og:url\" content=\"https:\/\/theatre-petit-louvre.fr\/avignon\/3-voix-3-voyages\/\" \/>\n<meta property=\"og:site_name\" content=\"Le Petit Louvre\" \/>\n<meta property=\"article:modified_time\" content=\"2025-05-13T07:53:15+00:00\" \/>\n<meta property=\"og:image\" content=\"https:\/\/theatre-petit-louvre.fr\/avignon\/wp-content\/uploads\/2025\/04\/3-voix-3-voyages-25-Neutre-DEF-2.jpg\" \/>\n\t<meta property=\"og:image:width\" content=\"420\" \/>\n\t<meta property=\"og:image:height\" content=\"600\" \/>\n\t<meta property=\"og:image:type\" content=\"image\/jpeg\" \/>\n<meta name=\"twitter:label1\" content=\"Dur\u00e9e de lecture estim\u00e9e\" \/>\n\t<meta name=\"twitter:data1\" content=\"1 minute\" \/>\n<script type=\"application\/ld+json\" class=\"yoast-schema-graph\">{\"@context\":\"https:\\\/\\\/schema.org\",\"@graph\":[{\"@type\":\"WebPage\",\"@id\":\"https:\\\/\\\/theatre-petit-louvre.fr\\\/avignon\\\/3-voix-3-voyages\\\/\",\"url\":\"https:\\\/\\\/theatre-petit-louvre.fr\\\/avignon\\\/3-voix-3-voyages\\\/\",\"name\":\"3 VOIX, 3 VOYAGES - Le Petit Louvre\",\"isPartOf\":{\"@id\":\"https:\\\/\\\/theatre-petit-louvre.fr\\\/avignon\\\/#website\"},\"primaryImageOfPage\":{\"@id\":\"https:\\\/\\\/theatre-petit-louvre.fr\\\/avignon\\\/3-voix-3-voyages\\\/#primaryimage\"},\"image\":{\"@id\":\"https:\\\/\\\/theatre-petit-louvre.fr\\\/avignon\\\/3-voix-3-voyages\\\/#primaryimage\"},\"thumbnailUrl\":\"https:\\\/\\\/theatre-petit-louvre.fr\\\/avignon\\\/wp-content\\\/uploads\\\/2025\\\/04\\\/3-voix-3-voyages-25-Neutre-DEF-2-357x510.jpg\",\"datePublished\":\"2025-05-13T07:31:42+00:00\",\"dateModified\":\"2025-05-13T07:53:15+00:00\",\"description\":\"Chaque \u00e9t\u00e9, un th\u00e9\u00e2tre au c\u0153ur d'Avignon, Festival off : des textes, des auteurs, des autrices, des acteurs, des actrices. Deux salles climatis\u00e9es, 15 spectacles, un bar-restaurant.\",\"breadcrumb\":{\"@id\":\"https:\\\/\\\/theatre-petit-louvre.fr\\\/avignon\\\/3-voix-3-voyages\\\/#breadcrumb\"},\"inLanguage\":\"fr-FR\",\"potentialAction\":[{\"@type\":\"ReadAction\",\"target\":[\"https:\\\/\\\/theatre-petit-louvre.fr\\\/avignon\\\/3-voix-3-voyages\\\/\"]}]},{\"@type\":\"ImageObject\",\"inLanguage\":\"fr-FR\",\"@id\":\"https:\\\/\\\/theatre-petit-louvre.fr\\\/avignon\\\/3-voix-3-voyages\\\/#primaryimage\",\"url\":\"https:\\\/\\\/theatre-petit-louvre.fr\\\/avignon\\\/wp-content\\\/uploads\\\/2025\\\/04\\\/3-voix-3-voyages-25-Neutre-DEF-2.jpg\",\"contentUrl\":\"https:\\\/\\\/theatre-petit-louvre.fr\\\/avignon\\\/wp-content\\\/uploads\\\/2025\\\/04\\\/3-voix-3-voyages-25-Neutre-DEF-2.jpg\",\"width\":420,\"height\":600},{\"@type\":\"BreadcrumbList\",\"@id\":\"https:\\\/\\\/theatre-petit-louvre.fr\\\/avignon\\\/3-voix-3-voyages\\\/#breadcrumb\",\"itemListElement\":[{\"@type\":\"ListItem\",\"position\":1,\"name\":\"Home\",\"item\":\"https:\\\/\\\/theatre-petit-louvre.fr\\\/avignon\\\/\"},{\"@type\":\"ListItem\",\"position\":2,\"name\":\"3 VOIX, 3 VOYAGES\"}]},{\"@type\":\"WebSite\",\"@id\":\"https:\\\/\\\/theatre-petit-louvre.fr\\\/avignon\\\/#website\",\"url\":\"https:\\\/\\\/theatre-petit-louvre.fr\\\/avignon\\\/\",\"name\":\"Le Petit Louvre\",\"description\":\"un th\u00e9\u00e2tre au c\u0153ur d&#039;Avignon | Festival off\",\"publisher\":{\"@id\":\"https:\\\/\\\/theatre-petit-louvre.fr\\\/avignon\\\/#organization\"},\"potentialAction\":[{\"@type\":\"SearchAction\",\"target\":{\"@type\":\"EntryPoint\",\"urlTemplate\":\"https:\\\/\\\/theatre-petit-louvre.fr\\\/avignon\\\/?s={search_term_string}\"},\"query-input\":{\"@type\":\"PropertyValueSpecification\",\"valueRequired\":true,\"valueName\":\"search_term_string\"}}],\"inLanguage\":\"fr-FR\"},{\"@type\":\"Organization\",\"@id\":\"https:\\\/\\\/theatre-petit-louvre.fr\\\/avignon\\\/#organization\",\"name\":\"Th\u00e9\u00e2tre Le Petit Louvre\",\"url\":\"https:\\\/\\\/theatre-petit-louvre.fr\\\/avignon\\\/\",\"logo\":{\"@type\":\"ImageObject\",\"inLanguage\":\"fr-FR\",\"@id\":\"https:\\\/\\\/theatre-petit-louvre.fr\\\/avignon\\\/#\\\/schema\\\/logo\\\/image\\\/\",\"url\":\"https:\\\/\\\/theatre-petit-louvre.fr\\\/avignon\\\/wp-content\\\/uploads\\\/2022\\\/05\\\/logo_petit-louvre_2008_RVB.png\",\"contentUrl\":\"https:\\\/\\\/theatre-petit-louvre.fr\\\/avignon\\\/wp-content\\\/uploads\\\/2022\\\/05\\\/logo_petit-louvre_2008_RVB.png\",\"width\":374,\"height\":800,\"caption\":\"Th\u00e9\u00e2tre Le Petit Louvre\"},\"image\":{\"@id\":\"https:\\\/\\\/theatre-petit-louvre.fr\\\/avignon\\\/#\\\/schema\\\/logo\\\/image\\\/\"}}]}<\/script>\n<!-- \/ Yoast SEO plugin. -->","yoast_head_json":{"title":"3 VOIX, 3 VOYAGES - Le Petit Louvre","description":"Chaque \u00e9t\u00e9, un th\u00e9\u00e2tre au c\u0153ur d'Avignon, Festival off : des textes, des auteurs, des autrices, des acteurs, des actrices. Deux salles climatis\u00e9es, 15 spectacles, un bar-restaurant.","robots":{"index":"index","follow":"follow","max-snippet":"max-snippet:-1","max-image-preview":"max-image-preview:large","max-video-preview":"max-video-preview:-1"},"canonical":"https:\/\/theatre-petit-louvre.fr\/avignon\/3-voix-3-voyages\/","og_locale":"fr_FR","og_type":"article","og_title":"3 VOIX, 3 VOYAGES - Le Petit Louvre","og_description":"Chaque \u00e9t\u00e9, un th\u00e9\u00e2tre au c\u0153ur d'Avignon, Festival off : des textes, des auteurs, des autrices, des acteurs, des actrices. Deux salles climatis\u00e9es, 15 spectacles, un bar-restaurant.","og_url":"https:\/\/theatre-petit-louvre.fr\/avignon\/3-voix-3-voyages\/","og_site_name":"Le Petit Louvre","article_modified_time":"2025-05-13T07:53:15+00:00","og_image":[{"width":420,"height":600,"url":"https:\/\/theatre-petit-louvre.fr\/avignon\/wp-content\/uploads\/2025\/04\/3-voix-3-voyages-25-Neutre-DEF-2.jpg","type":"image\/jpeg"}],"twitter_misc":{"Dur\u00e9e de lecture estim\u00e9e":"1 minute"},"schema":{"@context":"https:\/\/schema.org","@graph":[{"@type":"WebPage","@id":"https:\/\/theatre-petit-louvre.fr\/avignon\/3-voix-3-voyages\/","url":"https:\/\/theatre-petit-louvre.fr\/avignon\/3-voix-3-voyages\/","name":"3 VOIX, 3 VOYAGES - Le Petit Louvre","isPartOf":{"@id":"https:\/\/theatre-petit-louvre.fr\/avignon\/#website"},"primaryImageOfPage":{"@id":"https:\/\/theatre-petit-louvre.fr\/avignon\/3-voix-3-voyages\/#primaryimage"},"image":{"@id":"https:\/\/theatre-petit-louvre.fr\/avignon\/3-voix-3-voyages\/#primaryimage"},"thumbnailUrl":"https:\/\/theatre-petit-louvre.fr\/avignon\/wp-content\/uploads\/2025\/04\/3-voix-3-voyages-25-Neutre-DEF-2-357x510.jpg","datePublished":"2025-05-13T07:31:42+00:00","dateModified":"2025-05-13T07:53:15+00:00","description":"Chaque \u00e9t\u00e9, un th\u00e9\u00e2tre au c\u0153ur d'Avignon, Festival off : des textes, des auteurs, des autrices, des acteurs, des actrices. Deux salles climatis\u00e9es, 15 spectacles, un bar-restaurant.","breadcrumb":{"@id":"https:\/\/theatre-petit-louvre.fr\/avignon\/3-voix-3-voyages\/#breadcrumb"},"inLanguage":"fr-FR","potentialAction":[{"@type":"ReadAction","target":["https:\/\/theatre-petit-louvre.fr\/avignon\/3-voix-3-voyages\/"]}]},{"@type":"ImageObject","inLanguage":"fr-FR","@id":"https:\/\/theatre-petit-louvre.fr\/avignon\/3-voix-3-voyages\/#primaryimage","url":"https:\/\/theatre-petit-louvre.fr\/avignon\/wp-content\/uploads\/2025\/04\/3-voix-3-voyages-25-Neutre-DEF-2.jpg","contentUrl":"https:\/\/theatre-petit-louvre.fr\/avignon\/wp-content\/uploads\/2025\/04\/3-voix-3-voyages-25-Neutre-DEF-2.jpg","width":420,"height":600},{"@type":"BreadcrumbList","@id":"https:\/\/theatre-petit-louvre.fr\/avignon\/3-voix-3-voyages\/#breadcrumb","itemListElement":[{"@type":"ListItem","position":1,"name":"Home","item":"https:\/\/theatre-petit-louvre.fr\/avignon\/"},{"@type":"ListItem","position":2,"name":"3 VOIX, 3 VOYAGES"}]},{"@type":"WebSite","@id":"https:\/\/theatre-petit-louvre.fr\/avignon\/#website","url":"https:\/\/theatre-petit-louvre.fr\/avignon\/","name":"Le Petit Louvre","description":"un th\u00e9\u00e2tre au c\u0153ur d&#039;Avignon | Festival off","publisher":{"@id":"https:\/\/theatre-petit-louvre.fr\/avignon\/#organization"},"potentialAction":[{"@type":"SearchAction","target":{"@type":"EntryPoint","urlTemplate":"https:\/\/theatre-petit-louvre.fr\/avignon\/?s={search_term_string}"},"query-input":{"@type":"PropertyValueSpecification","valueRequired":true,"valueName":"search_term_string"}}],"inLanguage":"fr-FR"},{"@type":"Organization","@id":"https:\/\/theatre-petit-louvre.fr\/avignon\/#organization","name":"Th\u00e9\u00e2tre Le Petit Louvre","url":"https:\/\/theatre-petit-louvre.fr\/avignon\/","logo":{"@type":"ImageObject","inLanguage":"fr-FR","@id":"https:\/\/theatre-petit-louvre.fr\/avignon\/#\/schema\/logo\/image\/","url":"https:\/\/theatre-petit-louvre.fr\/avignon\/wp-content\/uploads\/2022\/05\/logo_petit-louvre_2008_RVB.png","contentUrl":"https:\/\/theatre-petit-louvre.fr\/avignon\/wp-content\/uploads\/2022\/05\/logo_petit-louvre_2008_RVB.png","width":374,"height":800,"caption":"Th\u00e9\u00e2tre Le Petit Louvre"},"image":{"@id":"https:\/\/theatre-petit-louvre.fr\/avignon\/#\/schema\/logo\/image\/"}}]}},"uagb_featured_image_src":{"full":false,"thumbnail":false,"medium":false,"medium_large":false,"large":false,"1536x1536":false,"2048x2048":false},"uagb_author_info":{"display_name":"Jocelyne","author_link":"https:\/\/theatre-petit-louvre.fr\/avignon\/author\/jocelyne\/"},"uagb_comment_info":0,"uagb_excerpt":"Nina Forte, Devon Graves et Laura Woody 3 Repr\u00e9sentations exceptionnelles : dimanche 13, vendredi 18 et dimanche 20 juillet \u00e0 21h05 CHAPELLE DES TEMPLIERS \u00e0 21h05Dur\u00e9e 1h20 &#8211; A partir de 10 ans . Tarifs A 25\/17\/10 euros. \u00c0 l\u2019heure o\u00f9 les \u00e9toiles \u00e9clairent le ciel d&rsquo;Avignon, venez d\u00e9couvrir les univers musicaux de 3 chanteuses\u2026","_links":{"self":[{"href":"https:\/\/theatre-petit-louvre.fr\/avignon\/wp-json\/wp\/v2\/pages\/4141","targetHints":{"allow":["GET"]}}],"collection":[{"href":"https:\/\/theatre-petit-louvre.fr\/avignon\/wp-json\/wp\/v2\/pages"}],"about":[{"href":"https:\/\/theatre-petit-louvre.fr\/avignon\/wp-json\/wp\/v2\/types\/page"}],"author":[{"embeddable":true,"href":"https:\/\/theatre-petit-louvre.fr\/avignon\/wp-json\/wp\/v2\/users\/3"}],"replies":[{"embeddable":true,"href":"https:\/\/theatre-petit-louvre.fr\/avignon\/wp-json\/wp\/v2\/comments?post=4141"}],"version-history":[{"count":15,"href":"https:\/\/theatre-petit-louvre.fr\/avignon\/wp-json\/wp\/v2\/pages\/4141\/revisions"}],"predecessor-version":[{"id":4493,"href":"https:\/\/theatre-petit-louvre.fr\/avignon\/wp-json\/wp\/v2\/pages\/4141\/revisions\/4493"}],"wp:attachment":[{"href":"https:\/\/theatre-petit-louvre.fr\/avignon\/wp-json\/wp\/v2\/media?parent=4141"}],"wp:term":[{"taxonomy":"category","embeddable":true,"href":"https:\/\/theatre-petit-louvre.fr\/avignon\/wp-json\/wp\/v2\/categories?post=4141"},{"taxonomy":"post_tag","embeddable":true,"href":"https:\/\/theatre-petit-louvre.fr\/avignon\/wp-json\/wp\/v2\/tags?post=4141"}],"curies":[{"name":"wp","href":"https:\/\/api.w.org\/{rel}","templated":true}]}}