{"id":4155,"date":"2025-05-13T08:35:43","date_gmt":"2025-05-13T07:35:43","guid":{"rendered":"https:\/\/theatre-petit-louvre.fr\/avignon\/?page_id=4155"},"modified":"2025-05-13T08:35:43","modified_gmt":"2025-05-13T07:35:43","slug":"lettre-dune-inconnue","status":"publish","type":"page","link":"https:\/\/theatre-petit-louvre.fr\/avignon\/lettre-dune-inconnue\/","title":{"rendered":"LETTRE D&rsquo;UNE INCONNUE"},"content":{"rendered":"\n<p class=\"has-text-align-left\"><strong><em>de Stefan Zweig<\/em><\/strong><\/p>\n\n\n\n<p><\/p>\n\n\n\n<div class=\"wp-block-columns is-layout-flex wp-container-core-columns-is-layout-28f84493 wp-block-columns-is-layout-flex\">\n<div class=\"wp-block-column is-layout-flow wp-block-column-is-layout-flow\" style=\"flex-basis:100%\">\n<p class=\"has-text-align-left has-ast-global-color-4-background-color has-background\"><strong>SALLE VAN GOGH <\/strong> du 5 au 26 juillet 2025 \u00e0 <strong>15h00<\/strong> . Rel\u00e2che le mercredi <strong>(9, 16 et 23 juillet)<\/strong><br>Dur\u00e9e <strong>1h05<\/strong> &#8211; \u00e0 partir de 12 ans &#8211; Tarifs A <strong>22\/15\/12 euros<\/strong>. Rel\u00e2che le mercredi <strong>(9, 16 et 23 juillet)<\/strong><\/p>\n<\/div>\n<\/div>\n\n\n\n<p><\/p>\n\n\n\n<div class=\"wp-block-buttons alignwide is-content-justification-center is-layout-flex wp-container-core-buttons-is-layout-a89b3969 wp-block-buttons-is-layout-flex\">\n<div class=\"wp-block-button\"><a class=\"wp-block-button__link wp-element-button\" href=\"https:\/\/billetterie-le-petit-louvre.tickandlive.com\/evenement\/lettre-dune-inconnue\" target=\"_blank\" rel=\"noreferrer noopener\">R\u00e9servez vos places<\/a><\/div>\n<\/div>\n\n\n\n<div style=\"height:31px\" aria-hidden=\"true\" class=\"wp-block-spacer\"><\/div>\n\n\n\n<figure class=\"wp-block-image aligncenter size-large\"><img loading=\"lazy\" decoding=\"async\" width=\"680\" height=\"510\" src=\"https:\/\/theatre-petit-louvre.fr\/avignon\/wp-content\/uploads\/2025\/04\/1_Lettre-dune-inconnue-cPITT-680x510.jpg\" alt=\"\" class=\"wp-image-4296\" srcset=\"https:\/\/theatre-petit-louvre.fr\/avignon\/wp-content\/uploads\/2025\/04\/1_Lettre-dune-inconnue-cPITT-680x510.jpg 680w, https:\/\/theatre-petit-louvre.fr\/avignon\/wp-content\/uploads\/2025\/04\/1_Lettre-dune-inconnue-cPITT-300x225.jpg 300w, https:\/\/theatre-petit-louvre.fr\/avignon\/wp-content\/uploads\/2025\/04\/1_Lettre-dune-inconnue-cPITT-150x113.jpg 150w, https:\/\/theatre-petit-louvre.fr\/avignon\/wp-content\/uploads\/2025\/04\/1_Lettre-dune-inconnue-cPITT-768x576.jpg 768w, https:\/\/theatre-petit-louvre.fr\/avignon\/wp-content\/uploads\/2025\/04\/1_Lettre-dune-inconnue-cPITT.jpg 800w\" sizes=\"auto, (max-width: 680px) 100vw, 680px\" \/><\/figure>\n\n\n\n<p class=\"has-text-align-center\">\u00a9 PITT<\/p>\n\n\n\n<p style=\"font-size:14px\"><strong>Une pi\u00e8ce r\u00e9compens\u00e9e par le Cyrano 2023 du meilleur seul-en-sc\u00e8ne et pr\u00e9sente pour la 4<sup>\u00e8me<\/sup> ann\u00e9e au Festival Off !<\/strong><\/p>\n\n\n\n<p>\u00ab&nbsp;Je n\u2019ai rien de toi. Plus d\u2019enfant, pas un mot, pas une ligne, pas de place dans ta m\u00e9moire.&nbsp;\u00bb<\/p>\n\n\n\n<p>Qui est-elle, cette inconnue qui au chevet de son enfant mort, \u00e9crit \u00e0 l\u2019homme qu\u2019elle aime depuis toujours&nbsp;? Jeune fille solitaire&nbsp;? Femme devenue m\u00e8re dans le secret&nbsp;? Prostitu\u00e9e qui ne dit pas son nom&nbsp;? D\u2019ailleurs, le sait-elle seulement&nbsp;?<\/p>\n\n\n\n<p>L\u2019histoire qu\u2019elle lui confie est pourtant la sienne. Celle de son amour absolu et secret. De son obsession aussi. L\u2019obsession de lui. L\u2019histoire de celle qu\u2019elle est devenue parce qu\u2019il ne l\u2019a jamais reconnue&nbsp;: une femme sans \u00e2ge, sans visage et sans nom, qui s\u2019est lentement effac\u00e9e aux yeux du monde.<\/p>\n\n\n\n<p>Car ne pas exister dans son regard \u00e0 lui, c\u2019\u00e9tait n\u2019exister dans celui de personne. <\/p>\n\n\n\n<p>Entre amour et oubli, cette histoire d\u2019obsession, cruelle et crue, est d\u2019une stup\u00e9fiante modernit\u00e9. Car elle traite aussi de solitude, de r\u00e9silience et d&rsquo;espoir.<\/p>\n\n\n\n<p style=\"font-size:14px\"><\/p>\n\n\n\n<div class=\"wp-block-media-text alignwide is-stacked-on-mobile\" style=\"grid-template-columns:36% auto\"><figure class=\"wp-block-media-text__media\"><img loading=\"lazy\" decoding=\"async\" width=\"363\" height=\"510\" src=\"https:\/\/theatre-petit-louvre.fr\/avignon\/wp-content\/uploads\/2025\/04\/Lettre-dune-inconnue_AFFICHE-nue-363x510.jpg\" alt=\"\" class=\"wp-image-4298 size-full\" srcset=\"https:\/\/theatre-petit-louvre.fr\/avignon\/wp-content\/uploads\/2025\/04\/Lettre-dune-inconnue_AFFICHE-nue-363x510.jpg 363w, https:\/\/theatre-petit-louvre.fr\/avignon\/wp-content\/uploads\/2025\/04\/Lettre-dune-inconnue_AFFICHE-nue-214x300.jpg 214w, https:\/\/theatre-petit-louvre.fr\/avignon\/wp-content\/uploads\/2025\/04\/Lettre-dune-inconnue_AFFICHE-nue-107x150.jpg 107w, https:\/\/theatre-petit-louvre.fr\/avignon\/wp-content\/uploads\/2025\/04\/Lettre-dune-inconnue_AFFICHE-nue.jpg 427w\" sizes=\"auto, (max-width: 363px) 100vw, 363px\" \/><\/figure><div class=\"wp-block-media-text__content\">\n<p>Adaptation : Betty PELISSOU<\/p>\n\n\n\n<p>Mise en sc\u00e8ne : William MESGUICH<\/p>\n\n\n\n<p>Avec : Betty PELISSOU<\/p>\n\n\n\n<p>Costumes : Marie-Caroline BEHUE<\/p>\n\n\n\n<p>Musique et Son : Thomas DEBORDE<\/p>\n\n\n\n<p class=\"has-small-font-size\">Production : La Cie Poqueline \u2013 Rapha\u00ebl PELISSOU<\/p>\n<\/div><\/div>\n\n\n\n<p class=\"has-small-font-size\"><\/p>\n\n\n\n<p><em><strong>Le Canard Enchain\u00e9<\/strong> \u2022 \u00ab\u00a0Dans la prenante mise en sc\u00e8ne de William Mesguich, o\u00f9 l\u2019obscurit\u00e9 enveloppe chaque instant de trag\u00e9die, Betty Pelissou incarne cette passion qui, jusqu\u2019\u00e0 l\u2019obsession, consume tout.&nbsp;\u00ab\u00a0<\/em><\/p>\n\n\n\n<p><em><strong>Classique en Provence <\/strong>\u2022 \u00ab\u00a0Un texte fort, port\u00e9 par une com\u00e9dienne totalement investie dans le r\u00f4le au point qu\u2019elle n\u2019en ressort pas indemne et nous non plus.\u00a0\u00bb<\/em><\/p>\n\n\n\n<p><em><strong>La Grande Parade <\/strong>\u2022 \u00ab\u00a0Un spectacle d\u2019une fascinante et cruelle beaut\u00e9 qui ne lasse pas de bouleverser.\u00a0\u00bb<\/em><\/p>\n\n\n\n<p><em><strong>Passion Magazine<\/strong> \u2022 \u00ab\u00a0La mise en sc\u00e8ne de William Mesguich met en lumi\u00e8re la fragilit\u00e9 de cette femme d\u2019une fa\u00e7on remarquable. La com\u00e9dienne Betty Pelissou [&#8230;] est \u00e9poustouflante de sinc\u00e9rit\u00e9 et montre une vuln\u00e9rabilit\u00e9 presque enfantine. [&#8230;] Laissez-vous emporter par la beaut\u00e9 de l\u2019\u00e9criture de l\u2019auteur et le jeu \u00e0 vous arracher les tripes de Betty Pelissou.\u00a0\u00bb<\/em><\/p>\n\n\n\n<p><em><strong>ART SCENE.radio<\/strong> \u2022 \u00ab\u00a0Une romance sur un fond de notes dramatiques et poignantes, un seul en en sc\u00e8ne, interpr\u00e9t\u00e9 avec une \u00e9motion bouleversante par Betty Pelissou.\u00a0\u00bb<\/em><\/p>\n\n\n\n<p><em><strong>Passion Th\u00e9\u00e2tre <\/strong>\u2022 \u00ab\u00a0Incroyable, scotch\u00e9e, \u00e9mue aux larmes. [&#8230;] La force incroyable de l\u2019interpr\u00e9tation de Betty Pelissou est l\u00e0, elle se m\u00e9tamorphose [&#8230;]. Les larmes sont dans les starting-blocks durant toute la pi\u00e8ce.\u00a0\u00bb<\/em><\/p>\n\n\n\n<p><em><strong>Cult.news <\/strong>\u2022 \u00ab\u00a0Les mots s\u2019agitent devant nous, nous vivons chaque phrase. La prouesse doit beaucoup \u00e0 la com\u00e9dienne, formidable et bouleversante Betty Pelissou. Gr\u00e2ce \u00e0 peu, \u00e0 de l\u2019invisible, les mots sont entendus, et ils sont riches de leur \u00e9quivoque, de leur \u00e9tranget\u00e9. La mise en sc\u00e8ne de Mesguich ne se voit pas, elle en est sacr\u00e9ment efficace.\u00a0\u00bb<\/em><\/p>\n\n\n\n<p><em><strong>Hollybuzz <\/strong>\u2022 \u00ab\u00a0Un bijou \u00e0 venir applaudir sans mod\u00e9ration dont on ne sort pas indemne\u2026\u00a0\u00bb<\/em><\/p>\n\n\n\n<p><em><strong>Radio J <\/strong>\u2022 \u00ab\u00a0Betty Pelissou, mise en sc\u00e8ne par William Mesguich, est l\u2019interpr\u00e8te vibrante de cette nouvelle dont les mots d\u00e9chirent le coeur. Merci \u00e0 eux deux, \u00e0 Stefan Zweig pour cette \u00ab Lettre d\u2019une Inconnue\u00bb.\u00a0\u00bb<\/em><\/p>\n\n\n\n<p><em><strong>Syma News <\/strong>\u2022 \u00ab\u00a0C\u2019est avec une grande justesse et beaucoup de g\u00e9n\u00e9rosit\u00e9 que Betty Pelissou donne vie \u00e0 l\u2019inconnue de Zweig. Changeant d\u2019humeur, de rythme et de visage, elle passe de la jeune fille espi\u00e8gle \u00e0 la m\u00e8re d\u00e9vast\u00e9e en nous offrant une vaste palette de sentiments.\u00a0\u00bb<\/em><\/p>\n\n\n\n<p><em><strong>Th\u00e9\u00e2tre au Vent <\/strong>\u2022 \u00ab\u00a0Comment ne pas \u00eatre reconnaissant envers la com\u00e9dienne Betty PELISSOU puisque nous l\u2019entendons exister sur sc\u00e8ne cet amour, nous le partageons, nous nous y abandonnons sans honte.\u00a0\u00bb<\/em><\/p>\n\n\n\n<p><\/p>\n\n\n\n<p><\/p>\n\n\n\n<p><\/p>\n\n\n\n<p><\/p>\n\n\n\n<p><\/p>\n\n\n\n<p><\/p>\n","protected":false},"excerpt":{"rendered":"<p>de Stefan Zweig SALLE VAN GOGH du 5 au 26 juillet 2025 \u00e0 15h00 . Rel\u00e2che le mercredi (9, 16 et 23 juillet)Dur\u00e9e 1h05 &#8211; \u00e0 partir de 12 ans &#8211; Tarifs A 22\/15\/12 euros. Rel\u00e2che le mercredi (9, 16 et 23 juillet) \u00a9 PITT Une pi\u00e8ce r\u00e9compens\u00e9e par le Cyrano 2023 du meilleur seul-en-sc\u00e8ne [&hellip;]<\/p>\n","protected":false},"author":3,"featured_media":0,"parent":0,"menu_order":0,"comment_status":"closed","ping_status":"closed","template":"","meta":{"_uag_custom_page_level_css":"","site-sidebar-layout":"default","site-content-layout":"","ast-site-content-layout":"default","site-content-style":"default","site-sidebar-style":"default","ast-global-header-display":"","ast-banner-title-visibility":"","ast-main-header-display":"","ast-hfb-above-header-display":"","ast-hfb-below-header-display":"","ast-hfb-mobile-header-display":"","site-post-title":"","ast-breadcrumbs-content":"","ast-featured-img":"","footer-sml-layout":"","ast-disable-related-posts":"","theme-transparent-header-meta":"","adv-header-id-meta":"","stick-header-meta":"","header-above-stick-meta":"","header-main-stick-meta":"","header-below-stick-meta":"","astra-migrate-meta-layouts":"set","ast-page-background-enabled":"default","ast-page-background-meta":{"desktop":{"background-color":"var(--ast-global-color-4)","background-image":"","background-repeat":"repeat","background-position":"center center","background-size":"auto","background-attachment":"scroll","background-type":"","background-media":"","overlay-type":"","overlay-color":"","overlay-gradient":""},"tablet":{"background-color":"","background-image":"","background-repeat":"repeat","background-position":"center center","background-size":"auto","background-attachment":"scroll","background-type":"","background-media":"","overlay-type":"","overlay-color":"","overlay-gradient":""},"mobile":{"background-color":"","background-image":"","background-repeat":"repeat","background-position":"center center","background-size":"auto","background-attachment":"scroll","background-type":"","background-media":"","overlay-type":"","overlay-color":"","overlay-gradient":""}},"ast-content-background-meta":{"desktop":{"background-color":"var(--ast-global-color-5)","background-image":"","background-repeat":"repeat","background-position":"center center","background-size":"auto","background-attachment":"scroll","background-type":"","background-media":"","overlay-type":"","overlay-color":"","overlay-gradient":""},"tablet":{"background-color":"var(--ast-global-color-5)","background-image":"","background-repeat":"repeat","background-position":"center center","background-size":"auto","background-attachment":"scroll","background-type":"","background-media":"","overlay-type":"","overlay-color":"","overlay-gradient":""},"mobile":{"background-color":"var(--ast-global-color-5)","background-image":"","background-repeat":"repeat","background-position":"center center","background-size":"auto","background-attachment":"scroll","background-type":"","background-media":"","overlay-type":"","overlay-color":"","overlay-gradient":""}},"footnotes":"","_links_to":"","_links_to_target":""},"categories":[],"tags":[],"class_list":["post-4155","page","type-page","status-publish","hentry"],"yoast_head":"<!-- This site is optimized with the Yoast SEO plugin v27.6 - https:\/\/yoast.com\/product\/yoast-seo-wordpress\/ -->\n<title>LETTRE D&#039;UNE INCONNUE - Le Petit Louvre<\/title>\n<meta name=\"description\" content=\"Chaque \u00e9t\u00e9, un th\u00e9\u00e2tre au c\u0153ur d&#039;Avignon, Festival off : des textes, des auteurs, des autrices, des acteurs, des actrices. Deux salles climatis\u00e9es, 15 spectacles, un bar-restaurant.\" \/>\n<meta name=\"robots\" content=\"index, follow, max-snippet:-1, max-image-preview:large, max-video-preview:-1\" \/>\n<link rel=\"canonical\" href=\"https:\/\/theatre-petit-louvre.fr\/avignon\/lettre-dune-inconnue\/\" \/>\n<meta property=\"og:locale\" content=\"fr_FR\" \/>\n<meta property=\"og:type\" content=\"article\" \/>\n<meta property=\"og:title\" content=\"LETTRE D&#039;UNE INCONNUE - Le Petit Louvre\" \/>\n<meta property=\"og:description\" content=\"Chaque \u00e9t\u00e9, un th\u00e9\u00e2tre au c\u0153ur d&#039;Avignon, Festival off : des textes, des auteurs, des autrices, des acteurs, des actrices. Deux salles climatis\u00e9es, 15 spectacles, un bar-restaurant.\" \/>\n<meta property=\"og:url\" content=\"https:\/\/theatre-petit-louvre.fr\/avignon\/lettre-dune-inconnue\/\" \/>\n<meta property=\"og:site_name\" content=\"Le Petit Louvre\" \/>\n<meta property=\"og:image\" content=\"https:\/\/theatre-petit-louvre.fr\/avignon\/wp-content\/uploads\/2025\/04\/1_Lettre-dune-inconnue-cPITT.jpg\" \/>\n\t<meta property=\"og:image:width\" content=\"800\" \/>\n\t<meta property=\"og:image:height\" content=\"600\" \/>\n\t<meta property=\"og:image:type\" content=\"image\/jpeg\" \/>\n<meta name=\"twitter:label1\" content=\"Dur\u00e9e de lecture estim\u00e9e\" \/>\n\t<meta name=\"twitter:data1\" content=\"3 minutes\" \/>\n<script type=\"application\/ld+json\" class=\"yoast-schema-graph\">{\"@context\":\"https:\\\/\\\/schema.org\",\"@graph\":[{\"@type\":\"WebPage\",\"@id\":\"https:\\\/\\\/theatre-petit-louvre.fr\\\/avignon\\\/lettre-dune-inconnue\\\/\",\"url\":\"https:\\\/\\\/theatre-petit-louvre.fr\\\/avignon\\\/lettre-dune-inconnue\\\/\",\"name\":\"LETTRE D'UNE INCONNUE - Le Petit Louvre\",\"isPartOf\":{\"@id\":\"https:\\\/\\\/theatre-petit-louvre.fr\\\/avignon\\\/#website\"},\"primaryImageOfPage\":{\"@id\":\"https:\\\/\\\/theatre-petit-louvre.fr\\\/avignon\\\/lettre-dune-inconnue\\\/#primaryimage\"},\"image\":{\"@id\":\"https:\\\/\\\/theatre-petit-louvre.fr\\\/avignon\\\/lettre-dune-inconnue\\\/#primaryimage\"},\"thumbnailUrl\":\"https:\\\/\\\/theatre-petit-louvre.fr\\\/avignon\\\/wp-content\\\/uploads\\\/2025\\\/04\\\/1_Lettre-dune-inconnue-cPITT-680x510.jpg\",\"datePublished\":\"2025-05-13T07:35:43+00:00\",\"description\":\"Chaque \u00e9t\u00e9, un th\u00e9\u00e2tre au c\u0153ur d'Avignon, Festival off : des textes, des auteurs, des autrices, des acteurs, des actrices. Deux salles climatis\u00e9es, 15 spectacles, un bar-restaurant.\",\"breadcrumb\":{\"@id\":\"https:\\\/\\\/theatre-petit-louvre.fr\\\/avignon\\\/lettre-dune-inconnue\\\/#breadcrumb\"},\"inLanguage\":\"fr-FR\",\"potentialAction\":[{\"@type\":\"ReadAction\",\"target\":[\"https:\\\/\\\/theatre-petit-louvre.fr\\\/avignon\\\/lettre-dune-inconnue\\\/\"]}]},{\"@type\":\"ImageObject\",\"inLanguage\":\"fr-FR\",\"@id\":\"https:\\\/\\\/theatre-petit-louvre.fr\\\/avignon\\\/lettre-dune-inconnue\\\/#primaryimage\",\"url\":\"https:\\\/\\\/theatre-petit-louvre.fr\\\/avignon\\\/wp-content\\\/uploads\\\/2025\\\/04\\\/1_Lettre-dune-inconnue-cPITT.jpg\",\"contentUrl\":\"https:\\\/\\\/theatre-petit-louvre.fr\\\/avignon\\\/wp-content\\\/uploads\\\/2025\\\/04\\\/1_Lettre-dune-inconnue-cPITT.jpg\",\"width\":800,\"height\":600},{\"@type\":\"BreadcrumbList\",\"@id\":\"https:\\\/\\\/theatre-petit-louvre.fr\\\/avignon\\\/lettre-dune-inconnue\\\/#breadcrumb\",\"itemListElement\":[{\"@type\":\"ListItem\",\"position\":1,\"name\":\"Home\",\"item\":\"https:\\\/\\\/theatre-petit-louvre.fr\\\/avignon\\\/\"},{\"@type\":\"ListItem\",\"position\":2,\"name\":\"LETTRE D&rsquo;UNE INCONNUE\"}]},{\"@type\":\"WebSite\",\"@id\":\"https:\\\/\\\/theatre-petit-louvre.fr\\\/avignon\\\/#website\",\"url\":\"https:\\\/\\\/theatre-petit-louvre.fr\\\/avignon\\\/\",\"name\":\"Le Petit Louvre\",\"description\":\"un th\u00e9\u00e2tre au c\u0153ur d&#039;Avignon | Festival off\",\"publisher\":{\"@id\":\"https:\\\/\\\/theatre-petit-louvre.fr\\\/avignon\\\/#organization\"},\"potentialAction\":[{\"@type\":\"SearchAction\",\"target\":{\"@type\":\"EntryPoint\",\"urlTemplate\":\"https:\\\/\\\/theatre-petit-louvre.fr\\\/avignon\\\/?s={search_term_string}\"},\"query-input\":{\"@type\":\"PropertyValueSpecification\",\"valueRequired\":true,\"valueName\":\"search_term_string\"}}],\"inLanguage\":\"fr-FR\"},{\"@type\":\"Organization\",\"@id\":\"https:\\\/\\\/theatre-petit-louvre.fr\\\/avignon\\\/#organization\",\"name\":\"Th\u00e9\u00e2tre Le Petit Louvre\",\"url\":\"https:\\\/\\\/theatre-petit-louvre.fr\\\/avignon\\\/\",\"logo\":{\"@type\":\"ImageObject\",\"inLanguage\":\"fr-FR\",\"@id\":\"https:\\\/\\\/theatre-petit-louvre.fr\\\/avignon\\\/#\\\/schema\\\/logo\\\/image\\\/\",\"url\":\"https:\\\/\\\/theatre-petit-louvre.fr\\\/avignon\\\/wp-content\\\/uploads\\\/2022\\\/05\\\/logo_petit-louvre_2008_RVB.png\",\"contentUrl\":\"https:\\\/\\\/theatre-petit-louvre.fr\\\/avignon\\\/wp-content\\\/uploads\\\/2022\\\/05\\\/logo_petit-louvre_2008_RVB.png\",\"width\":374,\"height\":800,\"caption\":\"Th\u00e9\u00e2tre Le Petit Louvre\"},\"image\":{\"@id\":\"https:\\\/\\\/theatre-petit-louvre.fr\\\/avignon\\\/#\\\/schema\\\/logo\\\/image\\\/\"}}]}<\/script>\n<!-- \/ Yoast SEO plugin. -->","yoast_head_json":{"title":"LETTRE D'UNE INCONNUE - Le Petit Louvre","description":"Chaque \u00e9t\u00e9, un th\u00e9\u00e2tre au c\u0153ur d'Avignon, Festival off : des textes, des auteurs, des autrices, des acteurs, des actrices. Deux salles climatis\u00e9es, 15 spectacles, un bar-restaurant.","robots":{"index":"index","follow":"follow","max-snippet":"max-snippet:-1","max-image-preview":"max-image-preview:large","max-video-preview":"max-video-preview:-1"},"canonical":"https:\/\/theatre-petit-louvre.fr\/avignon\/lettre-dune-inconnue\/","og_locale":"fr_FR","og_type":"article","og_title":"LETTRE D'UNE INCONNUE - Le Petit Louvre","og_description":"Chaque \u00e9t\u00e9, un th\u00e9\u00e2tre au c\u0153ur d'Avignon, Festival off : des textes, des auteurs, des autrices, des acteurs, des actrices. Deux salles climatis\u00e9es, 15 spectacles, un bar-restaurant.","og_url":"https:\/\/theatre-petit-louvre.fr\/avignon\/lettre-dune-inconnue\/","og_site_name":"Le Petit Louvre","og_image":[{"width":800,"height":600,"url":"https:\/\/theatre-petit-louvre.fr\/avignon\/wp-content\/uploads\/2025\/04\/1_Lettre-dune-inconnue-cPITT.jpg","type":"image\/jpeg"}],"twitter_misc":{"Dur\u00e9e de lecture estim\u00e9e":"3 minutes"},"schema":{"@context":"https:\/\/schema.org","@graph":[{"@type":"WebPage","@id":"https:\/\/theatre-petit-louvre.fr\/avignon\/lettre-dune-inconnue\/","url":"https:\/\/theatre-petit-louvre.fr\/avignon\/lettre-dune-inconnue\/","name":"LETTRE D'UNE INCONNUE - Le Petit Louvre","isPartOf":{"@id":"https:\/\/theatre-petit-louvre.fr\/avignon\/#website"},"primaryImageOfPage":{"@id":"https:\/\/theatre-petit-louvre.fr\/avignon\/lettre-dune-inconnue\/#primaryimage"},"image":{"@id":"https:\/\/theatre-petit-louvre.fr\/avignon\/lettre-dune-inconnue\/#primaryimage"},"thumbnailUrl":"https:\/\/theatre-petit-louvre.fr\/avignon\/wp-content\/uploads\/2025\/04\/1_Lettre-dune-inconnue-cPITT-680x510.jpg","datePublished":"2025-05-13T07:35:43+00:00","description":"Chaque \u00e9t\u00e9, un th\u00e9\u00e2tre au c\u0153ur d'Avignon, Festival off : des textes, des auteurs, des autrices, des acteurs, des actrices. Deux salles climatis\u00e9es, 15 spectacles, un bar-restaurant.","breadcrumb":{"@id":"https:\/\/theatre-petit-louvre.fr\/avignon\/lettre-dune-inconnue\/#breadcrumb"},"inLanguage":"fr-FR","potentialAction":[{"@type":"ReadAction","target":["https:\/\/theatre-petit-louvre.fr\/avignon\/lettre-dune-inconnue\/"]}]},{"@type":"ImageObject","inLanguage":"fr-FR","@id":"https:\/\/theatre-petit-louvre.fr\/avignon\/lettre-dune-inconnue\/#primaryimage","url":"https:\/\/theatre-petit-louvre.fr\/avignon\/wp-content\/uploads\/2025\/04\/1_Lettre-dune-inconnue-cPITT.jpg","contentUrl":"https:\/\/theatre-petit-louvre.fr\/avignon\/wp-content\/uploads\/2025\/04\/1_Lettre-dune-inconnue-cPITT.jpg","width":800,"height":600},{"@type":"BreadcrumbList","@id":"https:\/\/theatre-petit-louvre.fr\/avignon\/lettre-dune-inconnue\/#breadcrumb","itemListElement":[{"@type":"ListItem","position":1,"name":"Home","item":"https:\/\/theatre-petit-louvre.fr\/avignon\/"},{"@type":"ListItem","position":2,"name":"LETTRE D&rsquo;UNE INCONNUE"}]},{"@type":"WebSite","@id":"https:\/\/theatre-petit-louvre.fr\/avignon\/#website","url":"https:\/\/theatre-petit-louvre.fr\/avignon\/","name":"Le Petit Louvre","description":"un th\u00e9\u00e2tre au c\u0153ur d&#039;Avignon | Festival off","publisher":{"@id":"https:\/\/theatre-petit-louvre.fr\/avignon\/#organization"},"potentialAction":[{"@type":"SearchAction","target":{"@type":"EntryPoint","urlTemplate":"https:\/\/theatre-petit-louvre.fr\/avignon\/?s={search_term_string}"},"query-input":{"@type":"PropertyValueSpecification","valueRequired":true,"valueName":"search_term_string"}}],"inLanguage":"fr-FR"},{"@type":"Organization","@id":"https:\/\/theatre-petit-louvre.fr\/avignon\/#organization","name":"Th\u00e9\u00e2tre Le Petit Louvre","url":"https:\/\/theatre-petit-louvre.fr\/avignon\/","logo":{"@type":"ImageObject","inLanguage":"fr-FR","@id":"https:\/\/theatre-petit-louvre.fr\/avignon\/#\/schema\/logo\/image\/","url":"https:\/\/theatre-petit-louvre.fr\/avignon\/wp-content\/uploads\/2022\/05\/logo_petit-louvre_2008_RVB.png","contentUrl":"https:\/\/theatre-petit-louvre.fr\/avignon\/wp-content\/uploads\/2022\/05\/logo_petit-louvre_2008_RVB.png","width":374,"height":800,"caption":"Th\u00e9\u00e2tre Le Petit Louvre"},"image":{"@id":"https:\/\/theatre-petit-louvre.fr\/avignon\/#\/schema\/logo\/image\/"}}]}},"uagb_featured_image_src":{"full":false,"thumbnail":false,"medium":false,"medium_large":false,"large":false,"1536x1536":false,"2048x2048":false},"uagb_author_info":{"display_name":"Jocelyne","author_link":"https:\/\/theatre-petit-louvre.fr\/avignon\/author\/jocelyne\/"},"uagb_comment_info":0,"uagb_excerpt":"de Stefan Zweig SALLE VAN GOGH du 5 au 26 juillet 2025 \u00e0 15h00 . Rel\u00e2che le mercredi (9, 16 et 23 juillet)Dur\u00e9e 1h05 &#8211; \u00e0 partir de 12 ans &#8211; Tarifs A 22\/15\/12 euros. Rel\u00e2che le mercredi (9, 16 et 23 juillet) \u00a9 PITT Une pi\u00e8ce r\u00e9compens\u00e9e par le Cyrano 2023 du meilleur seul-en-sc\u00e8ne\u2026","_links":{"self":[{"href":"https:\/\/theatre-petit-louvre.fr\/avignon\/wp-json\/wp\/v2\/pages\/4155","targetHints":{"allow":["GET"]}}],"collection":[{"href":"https:\/\/theatre-petit-louvre.fr\/avignon\/wp-json\/wp\/v2\/pages"}],"about":[{"href":"https:\/\/theatre-petit-louvre.fr\/avignon\/wp-json\/wp\/v2\/types\/page"}],"author":[{"embeddable":true,"href":"https:\/\/theatre-petit-louvre.fr\/avignon\/wp-json\/wp\/v2\/users\/3"}],"replies":[{"embeddable":true,"href":"https:\/\/theatre-petit-louvre.fr\/avignon\/wp-json\/wp\/v2\/comments?post=4155"}],"version-history":[{"count":11,"href":"https:\/\/theatre-petit-louvre.fr\/avignon\/wp-json\/wp\/v2\/pages\/4155\/revisions"}],"predecessor-version":[{"id":4411,"href":"https:\/\/theatre-petit-louvre.fr\/avignon\/wp-json\/wp\/v2\/pages\/4155\/revisions\/4411"}],"wp:attachment":[{"href":"https:\/\/theatre-petit-louvre.fr\/avignon\/wp-json\/wp\/v2\/media?parent=4155"}],"wp:term":[{"taxonomy":"category","embeddable":true,"href":"https:\/\/theatre-petit-louvre.fr\/avignon\/wp-json\/wp\/v2\/categories?post=4155"},{"taxonomy":"post_tag","embeddable":true,"href":"https:\/\/theatre-petit-louvre.fr\/avignon\/wp-json\/wp\/v2\/tags?post=4155"}],"curies":[{"name":"wp","href":"https:\/\/api.w.org\/{rel}","templated":true}]}}