{"id":4162,"date":"2025-05-13T08:33:12","date_gmt":"2025-05-13T07:33:12","guid":{"rendered":"https:\/\/theatre-petit-louvre.fr\/avignon\/?page_id=4162"},"modified":"2025-06-16T13:57:52","modified_gmt":"2025-06-16T12:57:52","slug":"pharaon-akhenaton-le-maudit","status":"publish","type":"page","link":"https:\/\/theatre-petit-louvre.fr\/avignon\/pharaon-akhenaton-le-maudit\/","title":{"rendered":"PHARAON,  AKHENATON LE MAUDIT"},"content":{"rendered":"\n<p class=\"has-text-align-left\"><strong><em>de Alexandre Delimoges<\/em><\/strong><\/p>\n\n\n\n<p><\/p>\n\n\n\n<div class=\"wp-block-columns is-layout-flex wp-container-core-columns-is-layout-28f84493 wp-block-columns-is-layout-flex\">\n<div class=\"wp-block-column is-layout-flow wp-block-column-is-layout-flow\" style=\"flex-basis:100%\">\n<p class=\"has-text-align-left has-ast-global-color-4-background-color has-background\"><strong>SALLE VAN GOGH <\/strong> du 5 au 26 juillet 2025 \u00e0 <strong>11h45<\/strong> . Rel\u00e2che le mercredi et le jeudi <strong>(9, 10, 16, 17, 23 et 24 juillet)<\/strong> <br>Dur\u00e9e <strong>1h10<\/strong>. \u00e0 partir de 10 ans &#8211; Tarifs A <strong>22\/15\/12 euros<\/strong>.<\/p>\n<\/div>\n<\/div>\n\n\n\n<p><\/p>\n\n\n\n<div class=\"wp-block-buttons alignwide is-content-justification-center is-layout-flex wp-container-core-buttons-is-layout-a89b3969 wp-block-buttons-is-layout-flex\">\n<div class=\"wp-block-button\"><a class=\"wp-block-button__link wp-element-button\" href=\"https:\/\/billetterie-le-petit-louvre.tickandlive.com\/evenement\/pharaon-akhenaton-le-maudit\" target=\"_blank\" rel=\"noreferrer noopener\">R\u00e9servez vos places<\/a><\/div>\n<\/div>\n\n\n\n<div style=\"height:31px\" aria-hidden=\"true\" class=\"wp-block-spacer\"><\/div>\n\n\n\n<figure class=\"wp-block-image aligncenter size-large is-resized\"><img loading=\"lazy\" decoding=\"async\" width=\"770\" height=\"510\" src=\"https:\/\/theatre-petit-louvre.fr\/avignon\/wp-content\/uploads\/2025\/06\/2-AKHENATON-Triste-1-770x510.jpg\" alt=\"\" class=\"wp-image-4663\" style=\"width:881px;height:auto\" srcset=\"https:\/\/theatre-petit-louvre.fr\/avignon\/wp-content\/uploads\/2025\/06\/2-AKHENATON-Triste-1-770x510.jpg 770w, https:\/\/theatre-petit-louvre.fr\/avignon\/wp-content\/uploads\/2025\/06\/2-AKHENATON-Triste-1-300x199.jpg 300w, https:\/\/theatre-petit-louvre.fr\/avignon\/wp-content\/uploads\/2025\/06\/2-AKHENATON-Triste-1-150x99.jpg 150w, https:\/\/theatre-petit-louvre.fr\/avignon\/wp-content\/uploads\/2025\/06\/2-AKHENATON-Triste-1-768x509.jpg 768w, https:\/\/theatre-petit-louvre.fr\/avignon\/wp-content\/uploads\/2025\/06\/2-AKHENATON-Triste-1.jpg 906w\" sizes=\"auto, (max-width: 770px) 100vw, 770px\" \/><figcaption class=\"wp-element-caption\">\u00a9 Franck Calabrone<\/figcaption><\/figure>\n\n\n\n<p><\/p>\n\n\n\n<p style=\"font-size:14px\"><strong>L\u2019incroyable destin\u00e9e d\u2019un pharaon hors du commun, p\u00e8re du monoth\u00e9isme, qui r\u00e9volutionna son temps et bouleversa la religion, l\u2019amour, l\u2019art et la soci\u00e9t\u00e9.<\/strong><\/p>\n\n\n\n<p><strong>Seul sur son tr\u00f4ne, abandonn\u00e9 de tous, le pharaon Akhenaton se retrouve face \u00e0 ses contradictions. Confront\u00e9 \u00e0 la haine de ses ministres, il tente d\u2019\u00e9viter un Coup d\u2019Etat. P\u00e8re du monoth\u00e9isme, il se bat contre les religions ancestrales et cr\u00e9e la premi\u00e8re guerre de religion. D\u00e9laiss\u00e9 par son \u00e9pouse Nefertiti, on veut l\u2019\u00e9loigner de son fils Toutankhamon. Qui veut la chute de la XVIII\u00e8me dynastie \u00e9gyptienne ?<\/strong><\/p>\n\n\n\n<p><strong>Revivez la derni\u00e8re heure du r\u00e8gne du pharaon Akhenaton.<\/strong><\/p>\n\n\n\n<p style=\"font-size:14px\"><strong>Un seul en sc\u00e8ne document\u00e9 troublant et lumineux, par le cr\u00e9ateur de \u00ab&nbsp;Gustave Eiffel en fer et contre tous&nbsp;\u00bb (Prix meilleur auteur festival d\u2019Avignon 2018) et de \u00ab&nbsp;Le Radeau de la M\u00e9duse, 60 minutes d\u2019humour, d\u2019Art et d\u2019Histoire&nbsp;\u00bb (Prix meilleur spectacle festival d\u2019Avignon 2024).<\/strong><\/p>\n\n\n\n<p><\/p>\n\n\n\n<p style=\"font-size:14px\"><\/p>\n\n\n\n<div class=\"wp-block-media-text alignwide is-stacked-on-mobile\" style=\"grid-template-columns:36% auto\"><figure class=\"wp-block-media-text__media\"><img loading=\"lazy\" decoding=\"async\" width=\"340\" height=\"510\" src=\"https:\/\/theatre-petit-louvre.fr\/avignon\/wp-content\/uploads\/2025\/04\/PHARAON-340x510.jpg\" alt=\"\" class=\"wp-image-4246 size-full\" srcset=\"https:\/\/theatre-petit-louvre.fr\/avignon\/wp-content\/uploads\/2025\/04\/PHARAON-340x510.jpg 340w, https:\/\/theatre-petit-louvre.fr\/avignon\/wp-content\/uploads\/2025\/04\/PHARAON-200x300.jpg 200w, https:\/\/theatre-petit-louvre.fr\/avignon\/wp-content\/uploads\/2025\/04\/PHARAON-100x150.jpg 100w, https:\/\/theatre-petit-louvre.fr\/avignon\/wp-content\/uploads\/2025\/04\/PHARAON.jpg 400w\" sizes=\"auto, (max-width: 340px) 100vw, 340px\" \/><\/figure><div class=\"wp-block-media-text__content\">\n<p>Mise en sc\u00e8ne : Robert Kiener<\/p>\n\n\n\n<p>Avec :  Alexandre Delimoges<\/p>\n\n\n\n<p>Costumes : Jef Castaing<\/p>\n\n\n\n<p>Musique et Son : Cl\u00e9ment Duval<\/p>\n\n\n\n<p><\/p>\n\n\n\n<p class=\"has-small-font-size\">Production : Les Cousins d&rsquo;Arnolphe<\/p>\n<\/div><\/div>\n\n\n\n<p class=\"has-small-font-size\"><\/p>\n\n\n\n<p>DE LA COUR AU JARDIN <em><strong>\u2022<\/strong><\/em> \u00ab\u00a0On ne peut \u00eatre qu\u2019impressionn\u00e9 par l\u2019interpr\u00e9tation d&rsquo;Alexandre Delimoges (\u2026) souvent bouleversant. On ressort (\u2026) profond\u00e9ment marqu\u00e9 par ce spectacle.\u00a0\u00bb Yves Poey<\/p>\n\n\n\n<p>L&rsquo;AUTRE SCENE <em><strong>\u2022\u00a0<\/strong><\/em>\u00ab\u00a0\u00c0 travers cette relecture historique et spirituelle, le spectacle propose une r\u00e9flexion percutante sur le pouvoir, la foi. Une performance saisissante, port\u00e9e par une \u00e9rudition rare et une pr\u00e9sence sc\u00e9nique remarquable. Le geste est une messe.\u00a0\u00bb David Rof\u00e9-Sarfati<\/p>\n\n\n\n<p>COUP DE THEATRE <em><strong>\u2022<\/strong><\/em> \u00ab\u00a0Ce seul-en-sc\u00e8ne est autant admirable par la performance d\u2019acteur \u2013 absolument bouleversant \u2013 que par l\u2019\u00e9rudition et l\u2019authenticit\u00e9 du propos. Il nous offre d\u2019approcher Toutankhamon, N\u00e9fertiti, Akhenaton, Rams\u00e8s\u2026 Passionnant !\u00a0\u00bb Isabelle Levy<\/p>\n\n\n\n<p>L&rsquo;OURS\u00a0<em><strong>\u2022<\/strong><\/em> \u00a0\u00ab\u00a0Une tr\u00e8s belle le\u00e7on de jeu th\u00e9\u00e2tral et une subtile incarnation.\u00a0\u00bb Andr\u00e9 Robert<\/p>\n\n\n\n<p><\/p>\n\n\n\n<p><\/p>\n\n\n\n<p><\/p>\n\n\n\n<p><\/p>\n\n\n\n<p><\/p>\n\n\n\n<p><\/p>\n","protected":false},"excerpt":{"rendered":"<p>de Alexandre Delimoges SALLE VAN GOGH du 5 au 26 juillet 2025 \u00e0 11h45 . Rel\u00e2che le mercredi et le jeudi (9, 10, 16, 17, 23 et 24 juillet) Dur\u00e9e 1h10. \u00e0 partir de 10 ans &#8211; Tarifs A 22\/15\/12 euros. L\u2019incroyable destin\u00e9e d\u2019un pharaon hors du commun, p\u00e8re du monoth\u00e9isme, qui r\u00e9volutionna son temps [&hellip;]<\/p>\n","protected":false},"author":3,"featured_media":0,"parent":0,"menu_order":0,"comment_status":"closed","ping_status":"closed","template":"","meta":{"_uag_custom_page_level_css":"","site-sidebar-layout":"default","site-content-layout":"","ast-site-content-layout":"default","site-content-style":"default","site-sidebar-style":"default","ast-global-header-display":"","ast-banner-title-visibility":"","ast-main-header-display":"","ast-hfb-above-header-display":"","ast-hfb-below-header-display":"","ast-hfb-mobile-header-display":"","site-post-title":"","ast-breadcrumbs-content":"","ast-featured-img":"","footer-sml-layout":"","ast-disable-related-posts":"","theme-transparent-header-meta":"","adv-header-id-meta":"","stick-header-meta":"","header-above-stick-meta":"","header-main-stick-meta":"","header-below-stick-meta":"","astra-migrate-meta-layouts":"set","ast-page-background-enabled":"default","ast-page-background-meta":{"desktop":{"background-color":"var(--ast-global-color-4)","background-image":"","background-repeat":"repeat","background-position":"center center","background-size":"auto","background-attachment":"scroll","background-type":"","background-media":"","overlay-type":"","overlay-color":"","overlay-gradient":""},"tablet":{"background-color":"","background-image":"","background-repeat":"repeat","background-position":"center center","background-size":"auto","background-attachment":"scroll","background-type":"","background-media":"","overlay-type":"","overlay-color":"","overlay-gradient":""},"mobile":{"background-color":"","background-image":"","background-repeat":"repeat","background-position":"center center","background-size":"auto","background-attachment":"scroll","background-type":"","background-media":"","overlay-type":"","overlay-color":"","overlay-gradient":""}},"ast-content-background-meta":{"desktop":{"background-color":"var(--ast-global-color-5)","background-image":"","background-repeat":"repeat","background-position":"center center","background-size":"auto","background-attachment":"scroll","background-type":"","background-media":"","overlay-type":"","overlay-color":"","overlay-gradient":""},"tablet":{"background-color":"var(--ast-global-color-5)","background-image":"","background-repeat":"repeat","background-position":"center center","background-size":"auto","background-attachment":"scroll","background-type":"","background-media":"","overlay-type":"","overlay-color":"","overlay-gradient":""},"mobile":{"background-color":"var(--ast-global-color-5)","background-image":"","background-repeat":"repeat","background-position":"center center","background-size":"auto","background-attachment":"scroll","background-type":"","background-media":"","overlay-type":"","overlay-color":"","overlay-gradient":""}},"footnotes":"","_links_to":"","_links_to_target":""},"categories":[],"tags":[],"class_list":["post-4162","page","type-page","status-publish","hentry"],"yoast_head":"<!-- This site is optimized with the Yoast SEO plugin v27.6 - https:\/\/yoast.com\/product\/yoast-seo-wordpress\/ -->\n<title>PHARAON, AKHENATON LE MAUDIT - Le Petit Louvre<\/title>\n<meta name=\"description\" content=\"Chaque \u00e9t\u00e9, un th\u00e9\u00e2tre au c\u0153ur d&#039;Avignon, Festival off : des textes, des auteurs, des autrices, des acteurs, des actrices. Deux salles climatis\u00e9es, 15 spectacles, un bar-restaurant.\" \/>\n<meta name=\"robots\" content=\"index, follow, max-snippet:-1, max-image-preview:large, max-video-preview:-1\" \/>\n<link rel=\"canonical\" href=\"https:\/\/theatre-petit-louvre.fr\/avignon\/pharaon-akhenaton-le-maudit\/\" \/>\n<meta property=\"og:locale\" content=\"fr_FR\" \/>\n<meta property=\"og:type\" content=\"article\" \/>\n<meta property=\"og:title\" content=\"PHARAON, AKHENATON LE MAUDIT - Le Petit Louvre\" \/>\n<meta property=\"og:description\" content=\"Chaque \u00e9t\u00e9, un th\u00e9\u00e2tre au c\u0153ur d&#039;Avignon, Festival off : des textes, des auteurs, des autrices, des acteurs, des actrices. Deux salles climatis\u00e9es, 15 spectacles, un bar-restaurant.\" \/>\n<meta property=\"og:url\" content=\"https:\/\/theatre-petit-louvre.fr\/avignon\/pharaon-akhenaton-le-maudit\/\" \/>\n<meta property=\"og:site_name\" content=\"Le Petit Louvre\" \/>\n<meta property=\"article:modified_time\" content=\"2025-06-16T12:57:52+00:00\" \/>\n<meta property=\"og:image\" content=\"https:\/\/theatre-petit-louvre.fr\/avignon\/wp-content\/uploads\/2025\/06\/2-AKHENATON-Triste-1.jpg\" \/>\n\t<meta property=\"og:image:width\" content=\"906\" \/>\n\t<meta property=\"og:image:height\" content=\"600\" \/>\n\t<meta property=\"og:image:type\" content=\"image\/jpeg\" \/>\n<meta name=\"twitter:label1\" content=\"Dur\u00e9e de lecture estim\u00e9e\" \/>\n\t<meta name=\"twitter:data1\" content=\"2 minutes\" \/>\n<script type=\"application\/ld+json\" class=\"yoast-schema-graph\">{\"@context\":\"https:\\\/\\\/schema.org\",\"@graph\":[{\"@type\":\"WebPage\",\"@id\":\"https:\\\/\\\/theatre-petit-louvre.fr\\\/avignon\\\/pharaon-akhenaton-le-maudit\\\/\",\"url\":\"https:\\\/\\\/theatre-petit-louvre.fr\\\/avignon\\\/pharaon-akhenaton-le-maudit\\\/\",\"name\":\"PHARAON, AKHENATON LE MAUDIT - Le Petit Louvre\",\"isPartOf\":{\"@id\":\"https:\\\/\\\/theatre-petit-louvre.fr\\\/avignon\\\/#website\"},\"primaryImageOfPage\":{\"@id\":\"https:\\\/\\\/theatre-petit-louvre.fr\\\/avignon\\\/pharaon-akhenaton-le-maudit\\\/#primaryimage\"},\"image\":{\"@id\":\"https:\\\/\\\/theatre-petit-louvre.fr\\\/avignon\\\/pharaon-akhenaton-le-maudit\\\/#primaryimage\"},\"thumbnailUrl\":\"https:\\\/\\\/theatre-petit-louvre.fr\\\/avignon\\\/wp-content\\\/uploads\\\/2025\\\/06\\\/2-AKHENATON-Triste-1-770x510.jpg\",\"datePublished\":\"2025-05-13T07:33:12+00:00\",\"dateModified\":\"2025-06-16T12:57:52+00:00\",\"description\":\"Chaque \u00e9t\u00e9, un th\u00e9\u00e2tre au c\u0153ur d'Avignon, Festival off : des textes, des auteurs, des autrices, des acteurs, des actrices. Deux salles climatis\u00e9es, 15 spectacles, un bar-restaurant.\",\"breadcrumb\":{\"@id\":\"https:\\\/\\\/theatre-petit-louvre.fr\\\/avignon\\\/pharaon-akhenaton-le-maudit\\\/#breadcrumb\"},\"inLanguage\":\"fr-FR\",\"potentialAction\":[{\"@type\":\"ReadAction\",\"target\":[\"https:\\\/\\\/theatre-petit-louvre.fr\\\/avignon\\\/pharaon-akhenaton-le-maudit\\\/\"]}]},{\"@type\":\"ImageObject\",\"inLanguage\":\"fr-FR\",\"@id\":\"https:\\\/\\\/theatre-petit-louvre.fr\\\/avignon\\\/pharaon-akhenaton-le-maudit\\\/#primaryimage\",\"url\":\"https:\\\/\\\/theatre-petit-louvre.fr\\\/avignon\\\/wp-content\\\/uploads\\\/2025\\\/06\\\/2-AKHENATON-Triste-1.jpg\",\"contentUrl\":\"https:\\\/\\\/theatre-petit-louvre.fr\\\/avignon\\\/wp-content\\\/uploads\\\/2025\\\/06\\\/2-AKHENATON-Triste-1.jpg\",\"width\":906,\"height\":600},{\"@type\":\"BreadcrumbList\",\"@id\":\"https:\\\/\\\/theatre-petit-louvre.fr\\\/avignon\\\/pharaon-akhenaton-le-maudit\\\/#breadcrumb\",\"itemListElement\":[{\"@type\":\"ListItem\",\"position\":1,\"name\":\"Home\",\"item\":\"https:\\\/\\\/theatre-petit-louvre.fr\\\/avignon\\\/\"},{\"@type\":\"ListItem\",\"position\":2,\"name\":\"PHARAON, AKHENATON LE MAUDIT\"}]},{\"@type\":\"WebSite\",\"@id\":\"https:\\\/\\\/theatre-petit-louvre.fr\\\/avignon\\\/#website\",\"url\":\"https:\\\/\\\/theatre-petit-louvre.fr\\\/avignon\\\/\",\"name\":\"Le Petit Louvre\",\"description\":\"un th\u00e9\u00e2tre au c\u0153ur d&#039;Avignon | Festival off\",\"publisher\":{\"@id\":\"https:\\\/\\\/theatre-petit-louvre.fr\\\/avignon\\\/#organization\"},\"potentialAction\":[{\"@type\":\"SearchAction\",\"target\":{\"@type\":\"EntryPoint\",\"urlTemplate\":\"https:\\\/\\\/theatre-petit-louvre.fr\\\/avignon\\\/?s={search_term_string}\"},\"query-input\":{\"@type\":\"PropertyValueSpecification\",\"valueRequired\":true,\"valueName\":\"search_term_string\"}}],\"inLanguage\":\"fr-FR\"},{\"@type\":\"Organization\",\"@id\":\"https:\\\/\\\/theatre-petit-louvre.fr\\\/avignon\\\/#organization\",\"name\":\"Th\u00e9\u00e2tre Le Petit Louvre\",\"url\":\"https:\\\/\\\/theatre-petit-louvre.fr\\\/avignon\\\/\",\"logo\":{\"@type\":\"ImageObject\",\"inLanguage\":\"fr-FR\",\"@id\":\"https:\\\/\\\/theatre-petit-louvre.fr\\\/avignon\\\/#\\\/schema\\\/logo\\\/image\\\/\",\"url\":\"https:\\\/\\\/theatre-petit-louvre.fr\\\/avignon\\\/wp-content\\\/uploads\\\/2022\\\/05\\\/logo_petit-louvre_2008_RVB.png\",\"contentUrl\":\"https:\\\/\\\/theatre-petit-louvre.fr\\\/avignon\\\/wp-content\\\/uploads\\\/2022\\\/05\\\/logo_petit-louvre_2008_RVB.png\",\"width\":374,\"height\":800,\"caption\":\"Th\u00e9\u00e2tre Le Petit Louvre\"},\"image\":{\"@id\":\"https:\\\/\\\/theatre-petit-louvre.fr\\\/avignon\\\/#\\\/schema\\\/logo\\\/image\\\/\"}}]}<\/script>\n<!-- \/ Yoast SEO plugin. -->","yoast_head_json":{"title":"PHARAON, AKHENATON LE MAUDIT - Le Petit Louvre","description":"Chaque \u00e9t\u00e9, un th\u00e9\u00e2tre au c\u0153ur d'Avignon, Festival off : des textes, des auteurs, des autrices, des acteurs, des actrices. Deux salles climatis\u00e9es, 15 spectacles, un bar-restaurant.","robots":{"index":"index","follow":"follow","max-snippet":"max-snippet:-1","max-image-preview":"max-image-preview:large","max-video-preview":"max-video-preview:-1"},"canonical":"https:\/\/theatre-petit-louvre.fr\/avignon\/pharaon-akhenaton-le-maudit\/","og_locale":"fr_FR","og_type":"article","og_title":"PHARAON, AKHENATON LE MAUDIT - Le Petit Louvre","og_description":"Chaque \u00e9t\u00e9, un th\u00e9\u00e2tre au c\u0153ur d'Avignon, Festival off : des textes, des auteurs, des autrices, des acteurs, des actrices. Deux salles climatis\u00e9es, 15 spectacles, un bar-restaurant.","og_url":"https:\/\/theatre-petit-louvre.fr\/avignon\/pharaon-akhenaton-le-maudit\/","og_site_name":"Le Petit Louvre","article_modified_time":"2025-06-16T12:57:52+00:00","og_image":[{"width":906,"height":600,"url":"https:\/\/theatre-petit-louvre.fr\/avignon\/wp-content\/uploads\/2025\/06\/2-AKHENATON-Triste-1.jpg","type":"image\/jpeg"}],"twitter_misc":{"Dur\u00e9e de lecture estim\u00e9e":"2 minutes"},"schema":{"@context":"https:\/\/schema.org","@graph":[{"@type":"WebPage","@id":"https:\/\/theatre-petit-louvre.fr\/avignon\/pharaon-akhenaton-le-maudit\/","url":"https:\/\/theatre-petit-louvre.fr\/avignon\/pharaon-akhenaton-le-maudit\/","name":"PHARAON, AKHENATON LE MAUDIT - Le Petit Louvre","isPartOf":{"@id":"https:\/\/theatre-petit-louvre.fr\/avignon\/#website"},"primaryImageOfPage":{"@id":"https:\/\/theatre-petit-louvre.fr\/avignon\/pharaon-akhenaton-le-maudit\/#primaryimage"},"image":{"@id":"https:\/\/theatre-petit-louvre.fr\/avignon\/pharaon-akhenaton-le-maudit\/#primaryimage"},"thumbnailUrl":"https:\/\/theatre-petit-louvre.fr\/avignon\/wp-content\/uploads\/2025\/06\/2-AKHENATON-Triste-1-770x510.jpg","datePublished":"2025-05-13T07:33:12+00:00","dateModified":"2025-06-16T12:57:52+00:00","description":"Chaque \u00e9t\u00e9, un th\u00e9\u00e2tre au c\u0153ur d'Avignon, Festival off : des textes, des auteurs, des autrices, des acteurs, des actrices. Deux salles climatis\u00e9es, 15 spectacles, un bar-restaurant.","breadcrumb":{"@id":"https:\/\/theatre-petit-louvre.fr\/avignon\/pharaon-akhenaton-le-maudit\/#breadcrumb"},"inLanguage":"fr-FR","potentialAction":[{"@type":"ReadAction","target":["https:\/\/theatre-petit-louvre.fr\/avignon\/pharaon-akhenaton-le-maudit\/"]}]},{"@type":"ImageObject","inLanguage":"fr-FR","@id":"https:\/\/theatre-petit-louvre.fr\/avignon\/pharaon-akhenaton-le-maudit\/#primaryimage","url":"https:\/\/theatre-petit-louvre.fr\/avignon\/wp-content\/uploads\/2025\/06\/2-AKHENATON-Triste-1.jpg","contentUrl":"https:\/\/theatre-petit-louvre.fr\/avignon\/wp-content\/uploads\/2025\/06\/2-AKHENATON-Triste-1.jpg","width":906,"height":600},{"@type":"BreadcrumbList","@id":"https:\/\/theatre-petit-louvre.fr\/avignon\/pharaon-akhenaton-le-maudit\/#breadcrumb","itemListElement":[{"@type":"ListItem","position":1,"name":"Home","item":"https:\/\/theatre-petit-louvre.fr\/avignon\/"},{"@type":"ListItem","position":2,"name":"PHARAON, AKHENATON LE MAUDIT"}]},{"@type":"WebSite","@id":"https:\/\/theatre-petit-louvre.fr\/avignon\/#website","url":"https:\/\/theatre-petit-louvre.fr\/avignon\/","name":"Le Petit Louvre","description":"un th\u00e9\u00e2tre au c\u0153ur d&#039;Avignon | Festival off","publisher":{"@id":"https:\/\/theatre-petit-louvre.fr\/avignon\/#organization"},"potentialAction":[{"@type":"SearchAction","target":{"@type":"EntryPoint","urlTemplate":"https:\/\/theatre-petit-louvre.fr\/avignon\/?s={search_term_string}"},"query-input":{"@type":"PropertyValueSpecification","valueRequired":true,"valueName":"search_term_string"}}],"inLanguage":"fr-FR"},{"@type":"Organization","@id":"https:\/\/theatre-petit-louvre.fr\/avignon\/#organization","name":"Th\u00e9\u00e2tre Le Petit Louvre","url":"https:\/\/theatre-petit-louvre.fr\/avignon\/","logo":{"@type":"ImageObject","inLanguage":"fr-FR","@id":"https:\/\/theatre-petit-louvre.fr\/avignon\/#\/schema\/logo\/image\/","url":"https:\/\/theatre-petit-louvre.fr\/avignon\/wp-content\/uploads\/2022\/05\/logo_petit-louvre_2008_RVB.png","contentUrl":"https:\/\/theatre-petit-louvre.fr\/avignon\/wp-content\/uploads\/2022\/05\/logo_petit-louvre_2008_RVB.png","width":374,"height":800,"caption":"Th\u00e9\u00e2tre Le Petit Louvre"},"image":{"@id":"https:\/\/theatre-petit-louvre.fr\/avignon\/#\/schema\/logo\/image\/"}}]}},"uagb_featured_image_src":{"full":false,"thumbnail":false,"medium":false,"medium_large":false,"large":false,"1536x1536":false,"2048x2048":false},"uagb_author_info":{"display_name":"Jocelyne","author_link":"https:\/\/theatre-petit-louvre.fr\/avignon\/author\/jocelyne\/"},"uagb_comment_info":0,"uagb_excerpt":"de Alexandre Delimoges SALLE VAN GOGH du 5 au 26 juillet 2025 \u00e0 11h45 . Rel\u00e2che le mercredi et le jeudi (9, 10, 16, 17, 23 et 24 juillet) Dur\u00e9e 1h10. \u00e0 partir de 10 ans &#8211; Tarifs A 22\/15\/12 euros. L\u2019incroyable destin\u00e9e d\u2019un pharaon hors du commun, p\u00e8re du monoth\u00e9isme, qui r\u00e9volutionna son temps\u2026","_links":{"self":[{"href":"https:\/\/theatre-petit-louvre.fr\/avignon\/wp-json\/wp\/v2\/pages\/4162","targetHints":{"allow":["GET"]}}],"collection":[{"href":"https:\/\/theatre-petit-louvre.fr\/avignon\/wp-json\/wp\/v2\/pages"}],"about":[{"href":"https:\/\/theatre-petit-louvre.fr\/avignon\/wp-json\/wp\/v2\/types\/page"}],"author":[{"embeddable":true,"href":"https:\/\/theatre-petit-louvre.fr\/avignon\/wp-json\/wp\/v2\/users\/3"}],"replies":[{"embeddable":true,"href":"https:\/\/theatre-petit-louvre.fr\/avignon\/wp-json\/wp\/v2\/comments?post=4162"}],"version-history":[{"count":14,"href":"https:\/\/theatre-petit-louvre.fr\/avignon\/wp-json\/wp\/v2\/pages\/4162\/revisions"}],"predecessor-version":[{"id":4664,"href":"https:\/\/theatre-petit-louvre.fr\/avignon\/wp-json\/wp\/v2\/pages\/4162\/revisions\/4664"}],"wp:attachment":[{"href":"https:\/\/theatre-petit-louvre.fr\/avignon\/wp-json\/wp\/v2\/media?parent=4162"}],"wp:term":[{"taxonomy":"category","embeddable":true,"href":"https:\/\/theatre-petit-louvre.fr\/avignon\/wp-json\/wp\/v2\/categories?post=4162"},{"taxonomy":"post_tag","embeddable":true,"href":"https:\/\/theatre-petit-louvre.fr\/avignon\/wp-json\/wp\/v2\/tags?post=4162"}],"curies":[{"name":"wp","href":"https:\/\/api.w.org\/{rel}","templated":true}]}}