{"id":4196,"date":"2025-05-13T08:36:23","date_gmt":"2025-05-13T07:36:23","guid":{"rendered":"https:\/\/theatre-petit-louvre.fr\/avignon\/?page_id=4196"},"modified":"2025-05-14T08:15:54","modified_gmt":"2025-05-14T07:15:54","slug":"scarlett-ohara-la-derniere-conference-de-presse-de-vivien-leigh","status":"publish","type":"page","link":"https:\/\/theatre-petit-louvre.fr\/avignon\/scarlett-ohara-la-derniere-conference-de-presse-de-vivien-leigh\/","title":{"rendered":"SCARLETT O&rsquo;HARA . LA DERNI\u00c8RE CONF\u00c9RENCE DE PRESSE DE VIVIEN LEIGH"},"content":{"rendered":"\n<p class=\"has-text-align-left\"><strong><em>de <\/em><\/strong><em><strong>Marcy Lafferty . Adaptation Caroline Silhol<\/strong><\/em><\/p>\n\n\n\n<p><\/p>\n\n\n\n<div class=\"wp-block-columns is-layout-flex wp-container-core-columns-is-layout-28f84493 wp-block-columns-is-layout-flex\">\n<div class=\"wp-block-column is-layout-flow wp-block-column-is-layout-flow\" style=\"flex-basis:100%\">\n<p class=\"has-text-align-left has-ast-global-color-4-background-color has-background\"><strong>SALLE VAN GOGH <\/strong> du 5 au 26 juillet 2025 \u00e0 <strong>16h30<\/strong> .Rel\u00e2che le mercredi <strong>(9, 16 et 23 juillet)<\/strong><br>Dur\u00e9e <strong>1h20<\/strong> &#8211; \u00e0 partir de 12 ans &#8211; Tarifs A <strong>20\/14\/10<\/strong> <strong>euros<\/strong>.<\/p>\n<\/div>\n<\/div>\n\n\n\n<div class=\"wp-block-buttons alignwide is-content-justification-center is-layout-flex wp-container-core-buttons-is-layout-a89b3969 wp-block-buttons-is-layout-flex\">\n<div class=\"wp-block-button\"><a class=\"wp-block-button__link wp-element-button\" href=\"https:\/\/billetterie-le-petit-louvre.tickandlive.com\/evenement\/scarlett-ohara\" target=\"_blank\" rel=\"noreferrer noopener\">R\u00e9servez vos places<\/a><\/div>\n<\/div>\n\n\n\n<p><\/p>\n\n\n\n<div style=\"height:31px\" aria-hidden=\"true\" class=\"wp-block-spacer\"><\/div>\n\n\n\n<figure class=\"wp-block-image aligncenter size-large\"><img loading=\"lazy\" decoding=\"async\" width=\"765\" height=\"510\" src=\"https:\/\/theatre-petit-louvre.fr\/avignon\/wp-content\/uploads\/2025\/04\/Toubon-Filage-Scarlett-004-ST_pp-765x510.jpg\" alt=\"\" class=\"wp-image-4300\" srcset=\"https:\/\/theatre-petit-louvre.fr\/avignon\/wp-content\/uploads\/2025\/04\/Toubon-Filage-Scarlett-004-ST_pp-765x510.jpg 765w, https:\/\/theatre-petit-louvre.fr\/avignon\/wp-content\/uploads\/2025\/04\/Toubon-Filage-Scarlett-004-ST_pp-300x200.jpg 300w, https:\/\/theatre-petit-louvre.fr\/avignon\/wp-content\/uploads\/2025\/04\/Toubon-Filage-Scarlett-004-ST_pp-150x100.jpg 150w, https:\/\/theatre-petit-louvre.fr\/avignon\/wp-content\/uploads\/2025\/04\/Toubon-Filage-Scarlett-004-ST_pp-768x512.jpg 768w, https:\/\/theatre-petit-louvre.fr\/avignon\/wp-content\/uploads\/2025\/04\/Toubon-Filage-Scarlett-004-ST_pp.jpg 900w\" sizes=\"auto, (max-width: 765px) 100vw, 765px\" \/><\/figure>\n\n\n\n<p style=\"font-size:14px\"><\/p>\n\n\n\n<p>Inoubliable Scarlett d\u2019\u00ab\u00a0Autant En Emporte le vent\u00a0\u00bb, d\u00e9chirante Blanche Dubois du \u00ab\u00a0Tramway Nomm\u00e9 D\u00e9sir\u00a0\u00bb, artiste aux deux oscars, Vivien Leigh forma avec Sir Laurence Olivier \u00ab\u00a0le couple royal du th\u00e9\u00e2tre\u00a0\u00bb,\u00a0offrant au monde entier les plus belles repr\u00e9sentations de Shakespeare. Leur d\u00e9chirante rupture lui laissa une blessure ingu\u00e9rissable.<\/p>\n\n\n\n<p>Caroline Silhol se glisse dans la peau de cette star fragile, \u00e0 l&rsquo;humour insolent et au temp\u00e9rament de feu. Une vie comme un roman: La gloire, les failles et cette soif de vivre et de jouer jusqu&rsquo;au bout. Un destin hors normes de femme et d&rsquo;actrice qui se sont perdues l&rsquo;une dans l&rsquo;autre.<\/p>\n\n\n\n<p style=\"font-size:14px\"><\/p>\n\n\n\n<div class=\"wp-block-media-text alignwide is-stacked-on-mobile\" style=\"grid-template-columns:36% auto\"><figure class=\"wp-block-media-text__media\"><img loading=\"lazy\" decoding=\"async\" width=\"340\" height=\"510\" src=\"https:\/\/theatre-petit-louvre.fr\/avignon\/wp-content\/uploads\/2025\/04\/Toubon-Filage-Scarlett-026-ST_pp-340x510.jpg\" alt=\"\" class=\"wp-image-4303 size-full\" srcset=\"https:\/\/theatre-petit-louvre.fr\/avignon\/wp-content\/uploads\/2025\/04\/Toubon-Filage-Scarlett-026-ST_pp-340x510.jpg 340w, https:\/\/theatre-petit-louvre.fr\/avignon\/wp-content\/uploads\/2025\/04\/Toubon-Filage-Scarlett-026-ST_pp-200x300.jpg 200w, https:\/\/theatre-petit-louvre.fr\/avignon\/wp-content\/uploads\/2025\/04\/Toubon-Filage-Scarlett-026-ST_pp-100x150.jpg 100w, https:\/\/theatre-petit-louvre.fr\/avignon\/wp-content\/uploads\/2025\/04\/Toubon-Filage-Scarlett-026-ST_pp.jpg 400w\" sizes=\"auto, (max-width: 340px) 100vw, 340px\" \/><\/figure><div class=\"wp-block-media-text__content\">\n<p>Avec : Caroline Silhol<\/p>\n\n\n\n<p>Collaboration artistique&nbsp;: Anne Bourgeois<\/p>\n\n\n\n<p>Costumes : Christophe Lebo<\/p>\n\n\n\n<p>Lumi\u00e8res : Denis Koransky<\/p>\n\n\n\n<p>Musique et Son : Nicolas Jorelle<\/p>\n\n\n\n<p class=\"has-small-font-size\">Production : Petites Notes<\/p>\n<\/div><\/div>\n\n\n\n<p class=\"has-small-font-size\"><\/p>\n\n\n\n<p><em><strong>Le Figaro<\/strong> \u2022 \u00ab\u00a0Tour \u00e0 tour provocante, amusante et \u00e9mouvante, Caroline Silhol irradie.&nbsp;\u00ab\u00a0<\/em><\/p>\n\n\n\n<p><strong><em>Telerama \u2022<\/em><\/strong> <em>\u00ab\u00a0Vivien Leigh revit devant nous avec sensualit\u00e9,\u00a0\u00e9l\u00e9gance, humour et \u00e9clats de folie\u00a0\u00bb<\/em><\/p>\n\n\n\n<p><em><strong>Match\u00a0<em>\u2022<\/em><\/strong><\/em> <em>\u00ab\u00a0A voir absolument\u00a0\u00bb<\/em><\/p>\n\n\n\n<p><em><strong>Le journal d\u2019Armelle H\u00e9liot <\/strong>\u2022 \u00ab\u00a0Caroline Silhol est d\u2019une v\u00e9rit\u00e9 fascinante. Du vrai et du grand th\u00e9\u00e2tre<\/em>. <em>\u00ab\u00a0<\/em><\/p>\n\n\n\n<p><em><strong>MULTI Catherine schwaab <em>\u2022<\/em>\u00a0<\/strong>\u00ab\u00a0intimes, poignantes, dr\u00f4les, d\u00e9sesp\u00e9r\u00e9es, radicales et f\u00e9roces, ces confidences de Vivien Leigh sont\u00a0un bijou. Tout est vrai, bouleversant, ironique, magnifique.\u00a0\u00bb<\/em><\/p>\n\n\n\n<p><em><em><strong>Fig\u00a0Mag <em><strong><em>\u2022<\/em><\/strong><\/em> <\/strong>\u00a0\u00bb Silhol tout en fragilit\u00e9 et temp\u00e9rament de feu\u00a0\u00bb<\/em><\/em><\/p>\n\n\n\n<p><em><em><strong>Artistic Rezo<\/strong>\u00a0\u2022 \u00ab\u00a0Caroline Silhol est Vivien. Elle parvient \u00e0 saisir et \u00e0 transmettre sa folie d\u2019incarner, de jouer et d\u2019aimer.\u00a0\u00bb<\/em><\/em><\/p>\n\n\n\n<p><em><em><strong>Tatouvu<\/strong><\/em>\u00a0<em>\u2022 \u00ab\u00a0Appr\u00eatez-vous \u00e0 prendre une claque magistrale. Caroline Silhol est non seulement une immense com\u00e9dienne mais une star\u2026 comme Vivien Leigh.\u00a0\u00bb<\/em><\/em><\/p>\n\n\n\n<p><\/p>\n\n\n\n<p><\/p>\n\n\n\n<p><\/p>\n\n\n\n<p><\/p>\n\n\n\n<p><\/p>\n\n\n\n<p><\/p>\n\n\n\n<p><\/p>\n\n\n\n<p><\/p>\n","protected":false},"excerpt":{"rendered":"<p>de Marcy Lafferty . Adaptation Caroline Silhol SALLE VAN GOGH du 5 au 26 juillet 2025 \u00e0 16h30 .Rel\u00e2che le mercredi (9, 16 et 23 juillet)Dur\u00e9e 1h20 &#8211; \u00e0 partir de 12 ans &#8211; Tarifs A 20\/14\/10 euros. Inoubliable Scarlett d\u2019\u00ab\u00a0Autant En Emporte le vent\u00a0\u00bb, d\u00e9chirante Blanche Dubois du \u00ab\u00a0Tramway Nomm\u00e9 D\u00e9sir\u00a0\u00bb, artiste aux deux [&hellip;]<\/p>\n","protected":false},"author":3,"featured_media":0,"parent":0,"menu_order":0,"comment_status":"closed","ping_status":"closed","template":"","meta":{"_uag_custom_page_level_css":"","site-sidebar-layout":"default","site-content-layout":"","ast-site-content-layout":"default","site-content-style":"default","site-sidebar-style":"default","ast-global-header-display":"","ast-banner-title-visibility":"","ast-main-header-display":"","ast-hfb-above-header-display":"","ast-hfb-below-header-display":"","ast-hfb-mobile-header-display":"","site-post-title":"","ast-breadcrumbs-content":"","ast-featured-img":"","footer-sml-layout":"","ast-disable-related-posts":"","theme-transparent-header-meta":"","adv-header-id-meta":"","stick-header-meta":"","header-above-stick-meta":"","header-main-stick-meta":"","header-below-stick-meta":"","astra-migrate-meta-layouts":"set","ast-page-background-enabled":"default","ast-page-background-meta":{"desktop":{"background-color":"var(--ast-global-color-4)","background-image":"","background-repeat":"repeat","background-position":"center center","background-size":"auto","background-attachment":"scroll","background-type":"","background-media":"","overlay-type":"","overlay-color":"","overlay-gradient":""},"tablet":{"background-color":"","background-image":"","background-repeat":"repeat","background-position":"center center","background-size":"auto","background-attachment":"scroll","background-type":"","background-media":"","overlay-type":"","overlay-color":"","overlay-gradient":""},"mobile":{"background-color":"","background-image":"","background-repeat":"repeat","background-position":"center center","background-size":"auto","background-attachment":"scroll","background-type":"","background-media":"","overlay-type":"","overlay-color":"","overlay-gradient":""}},"ast-content-background-meta":{"desktop":{"background-color":"var(--ast-global-color-5)","background-image":"","background-repeat":"repeat","background-position":"center center","background-size":"auto","background-attachment":"scroll","background-type":"","background-media":"","overlay-type":"","overlay-color":"","overlay-gradient":""},"tablet":{"background-color":"var(--ast-global-color-5)","background-image":"","background-repeat":"repeat","background-position":"center center","background-size":"auto","background-attachment":"scroll","background-type":"","background-media":"","overlay-type":"","overlay-color":"","overlay-gradient":""},"mobile":{"background-color":"var(--ast-global-color-5)","background-image":"","background-repeat":"repeat","background-position":"center center","background-size":"auto","background-attachment":"scroll","background-type":"","background-media":"","overlay-type":"","overlay-color":"","overlay-gradient":""}},"footnotes":"","_links_to":"","_links_to_target":""},"categories":[],"tags":[],"class_list":["post-4196","page","type-page","status-publish","hentry"],"yoast_head":"<!-- This site is optimized with the Yoast SEO plugin v27.6 - https:\/\/yoast.com\/product\/yoast-seo-wordpress\/ -->\n<title>SCARLETT O&#039;HARA . LA DERNI\u00c8RE CONF\u00c9RENCE DE PRESSE DE VIVIEN LEIGH - Le Petit Louvre<\/title>\n<meta name=\"description\" content=\"Chaque \u00e9t\u00e9, un th\u00e9\u00e2tre au c\u0153ur d&#039;Avignon, Festival off : des textes, des auteurs, des autrices, des acteurs, des actrices. Deux salles climatis\u00e9es, 15 spectacles, un bar-restaurant.\" \/>\n<meta name=\"robots\" content=\"index, follow, max-snippet:-1, max-image-preview:large, max-video-preview:-1\" \/>\n<link rel=\"canonical\" href=\"https:\/\/theatre-petit-louvre.fr\/avignon\/scarlett-ohara-la-derniere-conference-de-presse-de-vivien-leigh\/\" \/>\n<meta property=\"og:locale\" content=\"fr_FR\" \/>\n<meta property=\"og:type\" content=\"article\" \/>\n<meta property=\"og:title\" content=\"SCARLETT O&#039;HARA . LA DERNI\u00c8RE CONF\u00c9RENCE DE PRESSE DE VIVIEN LEIGH - Le Petit Louvre\" \/>\n<meta property=\"og:description\" content=\"Chaque \u00e9t\u00e9, un th\u00e9\u00e2tre au c\u0153ur d&#039;Avignon, Festival off : des textes, des auteurs, des autrices, des acteurs, des actrices. Deux salles climatis\u00e9es, 15 spectacles, un bar-restaurant.\" \/>\n<meta property=\"og:url\" content=\"https:\/\/theatre-petit-louvre.fr\/avignon\/scarlett-ohara-la-derniere-conference-de-presse-de-vivien-leigh\/\" \/>\n<meta property=\"og:site_name\" content=\"Le Petit Louvre\" \/>\n<meta property=\"article:modified_time\" content=\"2025-05-14T07:15:54+00:00\" \/>\n<meta property=\"og:image\" content=\"https:\/\/theatre-petit-louvre.fr\/avignon\/wp-content\/uploads\/2025\/04\/Toubon-Filage-Scarlett-004-ST_pp.jpg\" \/>\n\t<meta property=\"og:image:width\" content=\"900\" \/>\n\t<meta property=\"og:image:height\" content=\"600\" \/>\n\t<meta property=\"og:image:type\" content=\"image\/jpeg\" \/>\n<meta name=\"twitter:label1\" content=\"Dur\u00e9e de lecture estim\u00e9e\" \/>\n\t<meta name=\"twitter:data1\" content=\"1 minute\" \/>\n<script type=\"application\/ld+json\" class=\"yoast-schema-graph\">{\"@context\":\"https:\\\/\\\/schema.org\",\"@graph\":[{\"@type\":\"WebPage\",\"@id\":\"https:\\\/\\\/theatre-petit-louvre.fr\\\/avignon\\\/scarlett-ohara-la-derniere-conference-de-presse-de-vivien-leigh\\\/\",\"url\":\"https:\\\/\\\/theatre-petit-louvre.fr\\\/avignon\\\/scarlett-ohara-la-derniere-conference-de-presse-de-vivien-leigh\\\/\",\"name\":\"SCARLETT O'HARA . LA DERNI\u00c8RE CONF\u00c9RENCE DE PRESSE DE VIVIEN LEIGH - Le Petit Louvre\",\"isPartOf\":{\"@id\":\"https:\\\/\\\/theatre-petit-louvre.fr\\\/avignon\\\/#website\"},\"primaryImageOfPage\":{\"@id\":\"https:\\\/\\\/theatre-petit-louvre.fr\\\/avignon\\\/scarlett-ohara-la-derniere-conference-de-presse-de-vivien-leigh\\\/#primaryimage\"},\"image\":{\"@id\":\"https:\\\/\\\/theatre-petit-louvre.fr\\\/avignon\\\/scarlett-ohara-la-derniere-conference-de-presse-de-vivien-leigh\\\/#primaryimage\"},\"thumbnailUrl\":\"https:\\\/\\\/theatre-petit-louvre.fr\\\/avignon\\\/wp-content\\\/uploads\\\/2025\\\/04\\\/Toubon-Filage-Scarlett-004-ST_pp-765x510.jpg\",\"datePublished\":\"2025-05-13T07:36:23+00:00\",\"dateModified\":\"2025-05-14T07:15:54+00:00\",\"description\":\"Chaque \u00e9t\u00e9, un th\u00e9\u00e2tre au c\u0153ur d'Avignon, Festival off : des textes, des auteurs, des autrices, des acteurs, des actrices. Deux salles climatis\u00e9es, 15 spectacles, un bar-restaurant.\",\"breadcrumb\":{\"@id\":\"https:\\\/\\\/theatre-petit-louvre.fr\\\/avignon\\\/scarlett-ohara-la-derniere-conference-de-presse-de-vivien-leigh\\\/#breadcrumb\"},\"inLanguage\":\"fr-FR\",\"potentialAction\":[{\"@type\":\"ReadAction\",\"target\":[\"https:\\\/\\\/theatre-petit-louvre.fr\\\/avignon\\\/scarlett-ohara-la-derniere-conference-de-presse-de-vivien-leigh\\\/\"]}]},{\"@type\":\"ImageObject\",\"inLanguage\":\"fr-FR\",\"@id\":\"https:\\\/\\\/theatre-petit-louvre.fr\\\/avignon\\\/scarlett-ohara-la-derniere-conference-de-presse-de-vivien-leigh\\\/#primaryimage\",\"url\":\"https:\\\/\\\/theatre-petit-louvre.fr\\\/avignon\\\/wp-content\\\/uploads\\\/2025\\\/04\\\/Toubon-Filage-Scarlett-004-ST_pp.jpg\",\"contentUrl\":\"https:\\\/\\\/theatre-petit-louvre.fr\\\/avignon\\\/wp-content\\\/uploads\\\/2025\\\/04\\\/Toubon-Filage-Scarlett-004-ST_pp.jpg\",\"width\":900,\"height\":600,\"caption\":\"Caroline Silhol, filage Scarlett O\u2019Hara, la derni\u00e8re conf\u00e9rence de presse de Vivien Leigh au Th\u00e9\u00e2tre de Poche-Montparnasse\"},{\"@type\":\"BreadcrumbList\",\"@id\":\"https:\\\/\\\/theatre-petit-louvre.fr\\\/avignon\\\/scarlett-ohara-la-derniere-conference-de-presse-de-vivien-leigh\\\/#breadcrumb\",\"itemListElement\":[{\"@type\":\"ListItem\",\"position\":1,\"name\":\"Home\",\"item\":\"https:\\\/\\\/theatre-petit-louvre.fr\\\/avignon\\\/\"},{\"@type\":\"ListItem\",\"position\":2,\"name\":\"SCARLETT O&rsquo;HARA . LA DERNI\u00c8RE CONF\u00c9RENCE DE PRESSE DE VIVIEN LEIGH\"}]},{\"@type\":\"WebSite\",\"@id\":\"https:\\\/\\\/theatre-petit-louvre.fr\\\/avignon\\\/#website\",\"url\":\"https:\\\/\\\/theatre-petit-louvre.fr\\\/avignon\\\/\",\"name\":\"Le Petit Louvre\",\"description\":\"un th\u00e9\u00e2tre au c\u0153ur d&#039;Avignon | Festival off\",\"publisher\":{\"@id\":\"https:\\\/\\\/theatre-petit-louvre.fr\\\/avignon\\\/#organization\"},\"potentialAction\":[{\"@type\":\"SearchAction\",\"target\":{\"@type\":\"EntryPoint\",\"urlTemplate\":\"https:\\\/\\\/theatre-petit-louvre.fr\\\/avignon\\\/?s={search_term_string}\"},\"query-input\":{\"@type\":\"PropertyValueSpecification\",\"valueRequired\":true,\"valueName\":\"search_term_string\"}}],\"inLanguage\":\"fr-FR\"},{\"@type\":\"Organization\",\"@id\":\"https:\\\/\\\/theatre-petit-louvre.fr\\\/avignon\\\/#organization\",\"name\":\"Th\u00e9\u00e2tre Le Petit Louvre\",\"url\":\"https:\\\/\\\/theatre-petit-louvre.fr\\\/avignon\\\/\",\"logo\":{\"@type\":\"ImageObject\",\"inLanguage\":\"fr-FR\",\"@id\":\"https:\\\/\\\/theatre-petit-louvre.fr\\\/avignon\\\/#\\\/schema\\\/logo\\\/image\\\/\",\"url\":\"https:\\\/\\\/theatre-petit-louvre.fr\\\/avignon\\\/wp-content\\\/uploads\\\/2022\\\/05\\\/logo_petit-louvre_2008_RVB.png\",\"contentUrl\":\"https:\\\/\\\/theatre-petit-louvre.fr\\\/avignon\\\/wp-content\\\/uploads\\\/2022\\\/05\\\/logo_petit-louvre_2008_RVB.png\",\"width\":374,\"height\":800,\"caption\":\"Th\u00e9\u00e2tre Le Petit Louvre\"},\"image\":{\"@id\":\"https:\\\/\\\/theatre-petit-louvre.fr\\\/avignon\\\/#\\\/schema\\\/logo\\\/image\\\/\"}}]}<\/script>\n<!-- \/ Yoast SEO plugin. -->","yoast_head_json":{"title":"SCARLETT O'HARA . LA DERNI\u00c8RE CONF\u00c9RENCE DE PRESSE DE VIVIEN LEIGH - Le Petit Louvre","description":"Chaque \u00e9t\u00e9, un th\u00e9\u00e2tre au c\u0153ur d'Avignon, Festival off : des textes, des auteurs, des autrices, des acteurs, des actrices. Deux salles climatis\u00e9es, 15 spectacles, un bar-restaurant.","robots":{"index":"index","follow":"follow","max-snippet":"max-snippet:-1","max-image-preview":"max-image-preview:large","max-video-preview":"max-video-preview:-1"},"canonical":"https:\/\/theatre-petit-louvre.fr\/avignon\/scarlett-ohara-la-derniere-conference-de-presse-de-vivien-leigh\/","og_locale":"fr_FR","og_type":"article","og_title":"SCARLETT O'HARA . LA DERNI\u00c8RE CONF\u00c9RENCE DE PRESSE DE VIVIEN LEIGH - Le Petit Louvre","og_description":"Chaque \u00e9t\u00e9, un th\u00e9\u00e2tre au c\u0153ur d'Avignon, Festival off : des textes, des auteurs, des autrices, des acteurs, des actrices. Deux salles climatis\u00e9es, 15 spectacles, un bar-restaurant.","og_url":"https:\/\/theatre-petit-louvre.fr\/avignon\/scarlett-ohara-la-derniere-conference-de-presse-de-vivien-leigh\/","og_site_name":"Le Petit Louvre","article_modified_time":"2025-05-14T07:15:54+00:00","og_image":[{"width":900,"height":600,"url":"https:\/\/theatre-petit-louvre.fr\/avignon\/wp-content\/uploads\/2025\/04\/Toubon-Filage-Scarlett-004-ST_pp.jpg","type":"image\/jpeg"}],"twitter_misc":{"Dur\u00e9e de lecture estim\u00e9e":"1 minute"},"schema":{"@context":"https:\/\/schema.org","@graph":[{"@type":"WebPage","@id":"https:\/\/theatre-petit-louvre.fr\/avignon\/scarlett-ohara-la-derniere-conference-de-presse-de-vivien-leigh\/","url":"https:\/\/theatre-petit-louvre.fr\/avignon\/scarlett-ohara-la-derniere-conference-de-presse-de-vivien-leigh\/","name":"SCARLETT O'HARA . LA DERNI\u00c8RE CONF\u00c9RENCE DE PRESSE DE VIVIEN LEIGH - Le Petit Louvre","isPartOf":{"@id":"https:\/\/theatre-petit-louvre.fr\/avignon\/#website"},"primaryImageOfPage":{"@id":"https:\/\/theatre-petit-louvre.fr\/avignon\/scarlett-ohara-la-derniere-conference-de-presse-de-vivien-leigh\/#primaryimage"},"image":{"@id":"https:\/\/theatre-petit-louvre.fr\/avignon\/scarlett-ohara-la-derniere-conference-de-presse-de-vivien-leigh\/#primaryimage"},"thumbnailUrl":"https:\/\/theatre-petit-louvre.fr\/avignon\/wp-content\/uploads\/2025\/04\/Toubon-Filage-Scarlett-004-ST_pp-765x510.jpg","datePublished":"2025-05-13T07:36:23+00:00","dateModified":"2025-05-14T07:15:54+00:00","description":"Chaque \u00e9t\u00e9, un th\u00e9\u00e2tre au c\u0153ur d'Avignon, Festival off : des textes, des auteurs, des autrices, des acteurs, des actrices. Deux salles climatis\u00e9es, 15 spectacles, un bar-restaurant.","breadcrumb":{"@id":"https:\/\/theatre-petit-louvre.fr\/avignon\/scarlett-ohara-la-derniere-conference-de-presse-de-vivien-leigh\/#breadcrumb"},"inLanguage":"fr-FR","potentialAction":[{"@type":"ReadAction","target":["https:\/\/theatre-petit-louvre.fr\/avignon\/scarlett-ohara-la-derniere-conference-de-presse-de-vivien-leigh\/"]}]},{"@type":"ImageObject","inLanguage":"fr-FR","@id":"https:\/\/theatre-petit-louvre.fr\/avignon\/scarlett-ohara-la-derniere-conference-de-presse-de-vivien-leigh\/#primaryimage","url":"https:\/\/theatre-petit-louvre.fr\/avignon\/wp-content\/uploads\/2025\/04\/Toubon-Filage-Scarlett-004-ST_pp.jpg","contentUrl":"https:\/\/theatre-petit-louvre.fr\/avignon\/wp-content\/uploads\/2025\/04\/Toubon-Filage-Scarlett-004-ST_pp.jpg","width":900,"height":600,"caption":"Caroline Silhol, filage Scarlett O\u2019Hara, la derni\u00e8re conf\u00e9rence de presse de Vivien Leigh au Th\u00e9\u00e2tre de Poche-Montparnasse"},{"@type":"BreadcrumbList","@id":"https:\/\/theatre-petit-louvre.fr\/avignon\/scarlett-ohara-la-derniere-conference-de-presse-de-vivien-leigh\/#breadcrumb","itemListElement":[{"@type":"ListItem","position":1,"name":"Home","item":"https:\/\/theatre-petit-louvre.fr\/avignon\/"},{"@type":"ListItem","position":2,"name":"SCARLETT O&rsquo;HARA . LA DERNI\u00c8RE CONF\u00c9RENCE DE PRESSE DE VIVIEN LEIGH"}]},{"@type":"WebSite","@id":"https:\/\/theatre-petit-louvre.fr\/avignon\/#website","url":"https:\/\/theatre-petit-louvre.fr\/avignon\/","name":"Le Petit Louvre","description":"un th\u00e9\u00e2tre au c\u0153ur d&#039;Avignon | Festival off","publisher":{"@id":"https:\/\/theatre-petit-louvre.fr\/avignon\/#organization"},"potentialAction":[{"@type":"SearchAction","target":{"@type":"EntryPoint","urlTemplate":"https:\/\/theatre-petit-louvre.fr\/avignon\/?s={search_term_string}"},"query-input":{"@type":"PropertyValueSpecification","valueRequired":true,"valueName":"search_term_string"}}],"inLanguage":"fr-FR"},{"@type":"Organization","@id":"https:\/\/theatre-petit-louvre.fr\/avignon\/#organization","name":"Th\u00e9\u00e2tre Le Petit Louvre","url":"https:\/\/theatre-petit-louvre.fr\/avignon\/","logo":{"@type":"ImageObject","inLanguage":"fr-FR","@id":"https:\/\/theatre-petit-louvre.fr\/avignon\/#\/schema\/logo\/image\/","url":"https:\/\/theatre-petit-louvre.fr\/avignon\/wp-content\/uploads\/2022\/05\/logo_petit-louvre_2008_RVB.png","contentUrl":"https:\/\/theatre-petit-louvre.fr\/avignon\/wp-content\/uploads\/2022\/05\/logo_petit-louvre_2008_RVB.png","width":374,"height":800,"caption":"Th\u00e9\u00e2tre Le Petit Louvre"},"image":{"@id":"https:\/\/theatre-petit-louvre.fr\/avignon\/#\/schema\/logo\/image\/"}}]}},"uagb_featured_image_src":{"full":false,"thumbnail":false,"medium":false,"medium_large":false,"large":false,"1536x1536":false,"2048x2048":false},"uagb_author_info":{"display_name":"Jocelyne","author_link":"https:\/\/theatre-petit-louvre.fr\/avignon\/author\/jocelyne\/"},"uagb_comment_info":0,"uagb_excerpt":"de Marcy Lafferty . Adaptation Caroline Silhol SALLE VAN GOGH du 5 au 26 juillet 2025 \u00e0 16h30 .Rel\u00e2che le mercredi (9, 16 et 23 juillet)Dur\u00e9e 1h20 &#8211; \u00e0 partir de 12 ans &#8211; Tarifs A 20\/14\/10 euros. Inoubliable Scarlett d\u2019\u00ab\u00a0Autant En Emporte le vent\u00a0\u00bb, d\u00e9chirante Blanche Dubois du \u00ab\u00a0Tramway Nomm\u00e9 D\u00e9sir\u00a0\u00bb, artiste aux deux\u2026","_links":{"self":[{"href":"https:\/\/theatre-petit-louvre.fr\/avignon\/wp-json\/wp\/v2\/pages\/4196","targetHints":{"allow":["GET"]}}],"collection":[{"href":"https:\/\/theatre-petit-louvre.fr\/avignon\/wp-json\/wp\/v2\/pages"}],"about":[{"href":"https:\/\/theatre-petit-louvre.fr\/avignon\/wp-json\/wp\/v2\/types\/page"}],"author":[{"embeddable":true,"href":"https:\/\/theatre-petit-louvre.fr\/avignon\/wp-json\/wp\/v2\/users\/3"}],"replies":[{"embeddable":true,"href":"https:\/\/theatre-petit-louvre.fr\/avignon\/wp-json\/wp\/v2\/comments?post=4196"}],"version-history":[{"count":10,"href":"https:\/\/theatre-petit-louvre.fr\/avignon\/wp-json\/wp\/v2\/pages\/4196\/revisions"}],"predecessor-version":[{"id":4499,"href":"https:\/\/theatre-petit-louvre.fr\/avignon\/wp-json\/wp\/v2\/pages\/4196\/revisions\/4499"}],"wp:attachment":[{"href":"https:\/\/theatre-petit-louvre.fr\/avignon\/wp-json\/wp\/v2\/media?parent=4196"}],"wp:term":[{"taxonomy":"category","embeddable":true,"href":"https:\/\/theatre-petit-louvre.fr\/avignon\/wp-json\/wp\/v2\/categories?post=4196"},{"taxonomy":"post_tag","embeddable":true,"href":"https:\/\/theatre-petit-louvre.fr\/avignon\/wp-json\/wp\/v2\/tags?post=4196"}],"curies":[{"name":"wp","href":"https:\/\/api.w.org\/{rel}","templated":true}]}}