{"id":4681,"date":"2026-01-13T11:24:21","date_gmt":"2026-01-13T10:24:21","guid":{"rendered":"https:\/\/theatre-petit-louvre.fr\/avignon\/?page_id=4681"},"modified":"2026-01-15T15:50:52","modified_gmt":"2026-01-15T14:50:52","slug":"accueil_saison_2026-pre","status":"publish","type":"page","link":"https:\/\/theatre-petit-louvre.fr\/avignon\/accueil_saison_2026-pre\/","title":{"rendered":"accueil_saison_2026 Pr\u00e8"},"content":{"rendered":"\n<h2 class=\"wp-block-heading has-text-align-center has-border-color has-ast-global-color-5-border-color\" style=\"border-width:9px\">FESTIVAL AVIGNON OFF<br>du 04 AU 25 JUILLET 2026<\/h2>\n\n\n\n<p class=\"has-text-align-center\"><\/p>\n\n\n\n<h2 class=\"wp-block-heading has-text-align-center\">PROGRAMMATION 2026 \u00c0 VENIR&#8230;<\/h2>\n\n\n\n<p class=\"has-text-align-center\"><\/p>\n\n\n\n<hr class=\"wp-block-separator has-text-color has-cyan-bluish-gray-color has-alpha-channel-opacity has-cyan-bluish-gray-background-color has-background is-style-default\" style=\"margin-top:var(--wp--preset--spacing--40);margin-bottom:var(--wp--preset--spacing--40)\"\/>\n\n\n\n<p class=\"has-text-align-center\"><\/p>\n\n\n\n<hr class=\"wp-block-separator has-text-color has-cyan-bluish-gray-color has-alpha-channel-opacity has-cyan-bluish-gray-background-color has-background is-style-default\"\/>\n\n\n\n<figure class=\"wp-block-gallery has-nested-images columns-default is-cropped wp-block-gallery-1 is-layout-flex wp-block-gallery-is-layout-flex\">\n<figure class=\"wp-block-image size-large\"><img loading=\"lazy\" decoding=\"async\" width=\"340\" height=\"510\" data-id=\"3825\" src=\"https:\/\/theatre-petit-louvre.fr\/avignon\/wp-content\/uploads\/2024\/04\/711280_PetitLouvre-49-340x510.jpeg\" alt=\"\" class=\"wp-image-3825\" srcset=\"https:\/\/theatre-petit-louvre.fr\/avignon\/wp-content\/uploads\/2024\/04\/711280_PetitLouvre-49-340x510.jpeg 340w, https:\/\/theatre-petit-louvre.fr\/avignon\/wp-content\/uploads\/2024\/04\/711280_PetitLouvre-49-200x300.jpeg 200w, https:\/\/theatre-petit-louvre.fr\/avignon\/wp-content\/uploads\/2024\/04\/711280_PetitLouvre-49-100x150.jpeg 100w, https:\/\/theatre-petit-louvre.fr\/avignon\/wp-content\/uploads\/2024\/04\/711280_PetitLouvre-49.jpeg 400w\" sizes=\"auto, (max-width: 340px) 100vw, 340px\" \/><\/figure>\n\n\n\n<figure class=\"wp-block-image size-large\"><img loading=\"lazy\" decoding=\"async\" width=\"383\" height=\"510\" data-id=\"3824\" src=\"https:\/\/theatre-petit-louvre.fr\/avignon\/wp-content\/uploads\/2024\/04\/IMG20220707174023-383x510.jpg\" alt=\"\" class=\"wp-image-3824\" srcset=\"https:\/\/theatre-petit-louvre.fr\/avignon\/wp-content\/uploads\/2024\/04\/IMG20220707174023-383x510.jpg 383w, https:\/\/theatre-petit-louvre.fr\/avignon\/wp-content\/uploads\/2024\/04\/IMG20220707174023-225x300.jpg 225w, https:\/\/theatre-petit-louvre.fr\/avignon\/wp-content\/uploads\/2024\/04\/IMG20220707174023-113x150.jpg 113w, https:\/\/theatre-petit-louvre.fr\/avignon\/wp-content\/uploads\/2024\/04\/IMG20220707174023.jpg 450w\" sizes=\"auto, (max-width: 383px) 100vw, 383px\" \/><\/figure>\n\n\n\n<figure class=\"wp-block-image size-large\"><img loading=\"lazy\" decoding=\"async\" width=\"383\" height=\"510\" data-id=\"3826\" src=\"https:\/\/theatre-petit-louvre.fr\/avignon\/wp-content\/uploads\/2024\/04\/WhatsApp-Image-2024-03-14-at-14.26.21-383x510.jpeg\" alt=\"\" class=\"wp-image-3826\" srcset=\"https:\/\/theatre-petit-louvre.fr\/avignon\/wp-content\/uploads\/2024\/04\/WhatsApp-Image-2024-03-14-at-14.26.21-383x510.jpeg 383w, https:\/\/theatre-petit-louvre.fr\/avignon\/wp-content\/uploads\/2024\/04\/WhatsApp-Image-2024-03-14-at-14.26.21-225x300.jpeg 225w, https:\/\/theatre-petit-louvre.fr\/avignon\/wp-content\/uploads\/2024\/04\/WhatsApp-Image-2024-03-14-at-14.26.21-113x150.jpeg 113w, https:\/\/theatre-petit-louvre.fr\/avignon\/wp-content\/uploads\/2024\/04\/WhatsApp-Image-2024-03-14-at-14.26.21.jpeg 450w\" sizes=\"auto, (max-width: 383px) 100vw, 383px\" \/><\/figure>\n<\/figure>\n\n\n\n<hr class=\"wp-block-separator has-text-color has-cyan-bluish-gray-color has-alpha-channel-opacity has-cyan-bluish-gray-background-color has-background is-style-default\"\/>\n\n\n\n<h2 class=\"wp-block-heading has-text-align-center\">RENDEZ-VOUS AU BISTRO&rsquo;TH\u00c9\u00c2TRE<\/h2>\n\n\n\n<div class=\"wp-block-media-text is-stacked-on-mobile\" style=\"grid-template-columns:39% auto\"><figure class=\"wp-block-media-text__media\"><img loading=\"lazy\" decoding=\"async\" width=\"680\" height=\"510\" src=\"https:\/\/theatre-petit-louvre.fr\/avignon\/wp-content\/uploads\/2025\/04\/Bitrotheatre-680x510.jpg\" alt=\"\" class=\"wp-image-4370 size-full\" srcset=\"https:\/\/theatre-petit-louvre.fr\/avignon\/wp-content\/uploads\/2025\/04\/Bitrotheatre-680x510.jpg 680w, https:\/\/theatre-petit-louvre.fr\/avignon\/wp-content\/uploads\/2025\/04\/Bitrotheatre-300x225.jpg 300w, https:\/\/theatre-petit-louvre.fr\/avignon\/wp-content\/uploads\/2025\/04\/Bitrotheatre-150x113.jpg 150w, https:\/\/theatre-petit-louvre.fr\/avignon\/wp-content\/uploads\/2025\/04\/Bitrotheatre-768x576.jpg 768w, https:\/\/theatre-petit-louvre.fr\/avignon\/wp-content\/uploads\/2025\/04\/Bitrotheatre.jpg 800w\" sizes=\"auto, (max-width: 680px) 100vw, 680px\" \/><\/figure><div class=\"wp-block-media-text__content\">\n<p>Imaginez-vous assis \u00e0 une table de notre restaurant du Petit Louvre en plein air, entour\u00e9s d\u2019une brume rafra\u00eechissante \u00e9mise par nos brumisateurs, cr\u00e9ant une atmosph\u00e8re festive et d\u00e9contract\u00e9e. Profitez d\u2019un repas l\u00e9ger et frais, dans notre petit coin de paradis estival. <\/p>\n\n\n\n<p><strong>Venez d\u00e9jeuner et d\u00eener avant et apr\u00e8s le spectacle de 10h \u00e0 21h30 &#8211; \u00e0 deux pas de la place de l\u2019horloge<\/strong><\/p>\n\n\n\n<p>Bistro&rsquo;Th\u00e9\u00e2tre &#8211; 3 rue Felix Gras (Entr\u00e9e Chapelle des templiers)<\/p>\n<\/div><\/div>\n\n\n\n<hr class=\"wp-block-separator has-text-color has-cyan-bluish-gray-color has-alpha-channel-opacity has-cyan-bluish-gray-background-color has-background is-style-default\"\/>\n\n\n\n<p><\/p>\n\n\n\n<p><\/p>\n\n\n","protected":false},"excerpt":{"rendered":"<p>FESTIVAL AVIGNON OFFdu 04 AU 25 JUILLET 2026 PROGRAMMATION 2026 \u00c0 VENIR&#8230; RENDEZ-VOUS AU BISTRO&rsquo;TH\u00c9\u00c2TRE Imaginez-vous assis \u00e0 une table de notre restaurant du Petit Louvre en plein air, entour\u00e9s d\u2019une brume rafra\u00eechissante \u00e9mise par nos brumisateurs, cr\u00e9ant une atmosph\u00e8re festive et d\u00e9contract\u00e9e. Profitez d\u2019un repas l\u00e9ger et frais, dans notre petit coin de paradis [&hellip;]<\/p>\n","protected":false},"author":3,"featured_media":3825,"parent":0,"menu_order":0,"comment_status":"closed","ping_status":"closed","template":"","meta":{"_uag_custom_page_level_css":"","site-sidebar-layout":"default","site-content-layout":"","ast-site-content-layout":"default","site-content-style":"unboxed","site-sidebar-style":"default","ast-global-header-display":"","ast-banner-title-visibility":"","ast-main-header-display":"","ast-hfb-above-header-display":"","ast-hfb-below-header-display":"","ast-hfb-mobile-header-display":"","site-post-title":"disabled","ast-breadcrumbs-content":"","ast-featured-img":"","footer-sml-layout":"","ast-disable-related-posts":"","theme-transparent-header-meta":"disabled","adv-header-id-meta":"","stick-header-meta":"","header-above-stick-meta":"","header-main-stick-meta":"","header-below-stick-meta":"","astra-migrate-meta-layouts":"set","ast-page-background-enabled":"default","ast-page-background-meta":{"desktop":{"background-color":"var(--ast-global-color-4)","background-image":"","background-repeat":"repeat","background-position":"center center","background-size":"auto","background-attachment":"scroll","background-type":"","background-media":"","overlay-type":"","overlay-color":"","overlay-gradient":""},"tablet":{"background-color":"","background-image":"","background-repeat":"repeat","background-position":"center center","background-size":"auto","background-attachment":"scroll","background-type":"","background-media":"","overlay-type":"","overlay-color":"","overlay-gradient":""},"mobile":{"background-color":"","background-image":"","background-repeat":"repeat","background-position":"center center","background-size":"auto","background-attachment":"scroll","background-type":"","background-media":"","overlay-type":"","overlay-color":"","overlay-gradient":""}},"ast-content-background-meta":{"desktop":{"background-color":"var(--ast-global-color-5)","background-image":"","background-repeat":"repeat","background-position":"center center","background-size":"auto","background-attachment":"scroll","background-type":"","background-media":"","overlay-type":"","overlay-color":"","overlay-gradient":""},"tablet":{"background-color":"var(--ast-global-color-5)","background-image":"","background-repeat":"repeat","background-position":"center center","background-size":"auto","background-attachment":"scroll","background-type":"","background-media":"","overlay-type":"","overlay-color":"","overlay-gradient":""},"mobile":{"background-color":"var(--ast-global-color-5)","background-image":"","background-repeat":"repeat","background-position":"center center","background-size":"auto","background-attachment":"scroll","background-type":"","background-media":"","overlay-type":"","overlay-color":"","overlay-gradient":""}},"footnotes":"","_links_to":"","_links_to_target":""},"categories":[21],"tags":[],"class_list":["post-4681","page","type-page","status-publish","has-post-thumbnail","hentry","category-21"],"yoast_head":"<!-- This site is optimized with the Yoast SEO plugin v27.5 - https:\/\/yoast.com\/product\/yoast-seo-wordpress\/ -->\n<title>accueil_saison_2026 Pr\u00e8 - Le Petit Louvre<\/title>\n<meta name=\"description\" content=\"Chaque \u00e9t\u00e9, un th\u00e9\u00e2tre au c\u0153ur d&#039;Avignon, Festival off : des textes, des auteurs, des autrices, des acteurs, des actrices. Deux salles climatis\u00e9es, 15 spectacles, un bar-restaurant.\" \/>\n<meta name=\"robots\" content=\"index, follow, max-snippet:-1, max-image-preview:large, max-video-preview:-1\" \/>\n<link rel=\"canonical\" href=\"https:\/\/theatre-petit-louvre.fr\/avignon\/accueil_saison_2026-pre\/\" \/>\n<meta property=\"og:locale\" content=\"fr_FR\" \/>\n<meta property=\"og:type\" content=\"article\" \/>\n<meta property=\"og:title\" content=\"accueil_saison_2026 Pr\u00e8 - Le Petit Louvre\" \/>\n<meta property=\"og:description\" content=\"Chaque \u00e9t\u00e9, un th\u00e9\u00e2tre au c\u0153ur d&#039;Avignon, Festival off : des textes, des auteurs, des autrices, des acteurs, des actrices. Deux salles climatis\u00e9es, 15 spectacles, un bar-restaurant.\" \/>\n<meta property=\"og:url\" content=\"https:\/\/theatre-petit-louvre.fr\/avignon\/accueil_saison_2026-pre\/\" \/>\n<meta property=\"og:site_name\" content=\"Le Petit Louvre\" \/>\n<meta property=\"article:modified_time\" content=\"2026-01-15T14:50:52+00:00\" \/>\n<meta property=\"og:image\" content=\"https:\/\/theatre-petit-louvre.fr\/avignon\/wp-content\/uploads\/2024\/04\/711280_PetitLouvre-49.jpeg\" \/>\n\t<meta property=\"og:image:width\" content=\"400\" \/>\n\t<meta property=\"og:image:height\" content=\"600\" \/>\n\t<meta property=\"og:image:type\" content=\"image\/jpeg\" \/>\n<meta name=\"twitter:label1\" content=\"Dur\u00e9e de lecture estim\u00e9e\" \/>\n\t<meta name=\"twitter:data1\" content=\"1 minute\" \/>\n<script type=\"application\/ld+json\" class=\"yoast-schema-graph\">{\"@context\":\"https:\\\/\\\/schema.org\",\"@graph\":[{\"@type\":\"WebPage\",\"@id\":\"https:\\\/\\\/theatre-petit-louvre.fr\\\/avignon\\\/accueil_saison_2026-pre\\\/\",\"url\":\"https:\\\/\\\/theatre-petit-louvre.fr\\\/avignon\\\/accueil_saison_2026-pre\\\/\",\"name\":\"accueil_saison_2026 Pr\u00e8 - Le Petit Louvre\",\"isPartOf\":{\"@id\":\"https:\\\/\\\/theatre-petit-louvre.fr\\\/avignon\\\/#website\"},\"primaryImageOfPage\":{\"@id\":\"https:\\\/\\\/theatre-petit-louvre.fr\\\/avignon\\\/accueil_saison_2026-pre\\\/#primaryimage\"},\"image\":{\"@id\":\"https:\\\/\\\/theatre-petit-louvre.fr\\\/avignon\\\/accueil_saison_2026-pre\\\/#primaryimage\"},\"thumbnailUrl\":\"https:\\\/\\\/theatre-petit-louvre.fr\\\/avignon\\\/wp-content\\\/uploads\\\/2024\\\/04\\\/711280_PetitLouvre-49.jpeg\",\"datePublished\":\"2026-01-13T10:24:21+00:00\",\"dateModified\":\"2026-01-15T14:50:52+00:00\",\"description\":\"Chaque \u00e9t\u00e9, un th\u00e9\u00e2tre au c\u0153ur d'Avignon, Festival off : des textes, des auteurs, des autrices, des acteurs, des actrices. Deux salles climatis\u00e9es, 15 spectacles, un bar-restaurant.\",\"breadcrumb\":{\"@id\":\"https:\\\/\\\/theatre-petit-louvre.fr\\\/avignon\\\/accueil_saison_2026-pre\\\/#breadcrumb\"},\"inLanguage\":\"fr-FR\",\"potentialAction\":[{\"@type\":\"ReadAction\",\"target\":[\"https:\\\/\\\/theatre-petit-louvre.fr\\\/avignon\\\/accueil_saison_2026-pre\\\/\"]}]},{\"@type\":\"ImageObject\",\"inLanguage\":\"fr-FR\",\"@id\":\"https:\\\/\\\/theatre-petit-louvre.fr\\\/avignon\\\/accueil_saison_2026-pre\\\/#primaryimage\",\"url\":\"https:\\\/\\\/theatre-petit-louvre.fr\\\/avignon\\\/wp-content\\\/uploads\\\/2024\\\/04\\\/711280_PetitLouvre-49.jpeg\",\"contentUrl\":\"https:\\\/\\\/theatre-petit-louvre.fr\\\/avignon\\\/wp-content\\\/uploads\\\/2024\\\/04\\\/711280_PetitLouvre-49.jpeg\",\"width\":400,\"height\":600},{\"@type\":\"BreadcrumbList\",\"@id\":\"https:\\\/\\\/theatre-petit-louvre.fr\\\/avignon\\\/accueil_saison_2026-pre\\\/#breadcrumb\",\"itemListElement\":[{\"@type\":\"ListItem\",\"position\":1,\"name\":\"Home\",\"item\":\"https:\\\/\\\/theatre-petit-louvre.fr\\\/avignon\\\/\"},{\"@type\":\"ListItem\",\"position\":2,\"name\":\"accueil_saison_2026 Pr\u00e8\"}]},{\"@type\":\"WebSite\",\"@id\":\"https:\\\/\\\/theatre-petit-louvre.fr\\\/avignon\\\/#website\",\"url\":\"https:\\\/\\\/theatre-petit-louvre.fr\\\/avignon\\\/\",\"name\":\"Le Petit Louvre\",\"description\":\"un th\u00e9\u00e2tre au c\u0153ur d&#039;Avignon | Festival off\",\"publisher\":{\"@id\":\"https:\\\/\\\/theatre-petit-louvre.fr\\\/avignon\\\/#organization\"},\"potentialAction\":[{\"@type\":\"SearchAction\",\"target\":{\"@type\":\"EntryPoint\",\"urlTemplate\":\"https:\\\/\\\/theatre-petit-louvre.fr\\\/avignon\\\/?s={search_term_string}\"},\"query-input\":{\"@type\":\"PropertyValueSpecification\",\"valueRequired\":true,\"valueName\":\"search_term_string\"}}],\"inLanguage\":\"fr-FR\"},{\"@type\":\"Organization\",\"@id\":\"https:\\\/\\\/theatre-petit-louvre.fr\\\/avignon\\\/#organization\",\"name\":\"Th\u00e9\u00e2tre Le Petit Louvre\",\"url\":\"https:\\\/\\\/theatre-petit-louvre.fr\\\/avignon\\\/\",\"logo\":{\"@type\":\"ImageObject\",\"inLanguage\":\"fr-FR\",\"@id\":\"https:\\\/\\\/theatre-petit-louvre.fr\\\/avignon\\\/#\\\/schema\\\/logo\\\/image\\\/\",\"url\":\"https:\\\/\\\/theatre-petit-louvre.fr\\\/avignon\\\/wp-content\\\/uploads\\\/2022\\\/05\\\/logo_petit-louvre_2008_RVB.png\",\"contentUrl\":\"https:\\\/\\\/theatre-petit-louvre.fr\\\/avignon\\\/wp-content\\\/uploads\\\/2022\\\/05\\\/logo_petit-louvre_2008_RVB.png\",\"width\":374,\"height\":800,\"caption\":\"Th\u00e9\u00e2tre Le Petit Louvre\"},\"image\":{\"@id\":\"https:\\\/\\\/theatre-petit-louvre.fr\\\/avignon\\\/#\\\/schema\\\/logo\\\/image\\\/\"}}]}<\/script>\n<!-- \/ Yoast SEO plugin. -->","yoast_head_json":{"title":"accueil_saison_2026 Pr\u00e8 - Le Petit Louvre","description":"Chaque \u00e9t\u00e9, un th\u00e9\u00e2tre au c\u0153ur d'Avignon, Festival off : des textes, des auteurs, des autrices, des acteurs, des actrices. Deux salles climatis\u00e9es, 15 spectacles, un bar-restaurant.","robots":{"index":"index","follow":"follow","max-snippet":"max-snippet:-1","max-image-preview":"max-image-preview:large","max-video-preview":"max-video-preview:-1"},"canonical":"https:\/\/theatre-petit-louvre.fr\/avignon\/accueil_saison_2026-pre\/","og_locale":"fr_FR","og_type":"article","og_title":"accueil_saison_2026 Pr\u00e8 - Le Petit Louvre","og_description":"Chaque \u00e9t\u00e9, un th\u00e9\u00e2tre au c\u0153ur d'Avignon, Festival off : des textes, des auteurs, des autrices, des acteurs, des actrices. Deux salles climatis\u00e9es, 15 spectacles, un bar-restaurant.","og_url":"https:\/\/theatre-petit-louvre.fr\/avignon\/accueil_saison_2026-pre\/","og_site_name":"Le Petit Louvre","article_modified_time":"2026-01-15T14:50:52+00:00","og_image":[{"width":400,"height":600,"url":"https:\/\/theatre-petit-louvre.fr\/avignon\/wp-content\/uploads\/2024\/04\/711280_PetitLouvre-49.jpeg","type":"image\/jpeg"}],"twitter_misc":{"Dur\u00e9e de lecture estim\u00e9e":"1 minute"},"schema":{"@context":"https:\/\/schema.org","@graph":[{"@type":"WebPage","@id":"https:\/\/theatre-petit-louvre.fr\/avignon\/accueil_saison_2026-pre\/","url":"https:\/\/theatre-petit-louvre.fr\/avignon\/accueil_saison_2026-pre\/","name":"accueil_saison_2026 Pr\u00e8 - Le Petit Louvre","isPartOf":{"@id":"https:\/\/theatre-petit-louvre.fr\/avignon\/#website"},"primaryImageOfPage":{"@id":"https:\/\/theatre-petit-louvre.fr\/avignon\/accueil_saison_2026-pre\/#primaryimage"},"image":{"@id":"https:\/\/theatre-petit-louvre.fr\/avignon\/accueil_saison_2026-pre\/#primaryimage"},"thumbnailUrl":"https:\/\/theatre-petit-louvre.fr\/avignon\/wp-content\/uploads\/2024\/04\/711280_PetitLouvre-49.jpeg","datePublished":"2026-01-13T10:24:21+00:00","dateModified":"2026-01-15T14:50:52+00:00","description":"Chaque \u00e9t\u00e9, un th\u00e9\u00e2tre au c\u0153ur d'Avignon, Festival off : des textes, des auteurs, des autrices, des acteurs, des actrices. Deux salles climatis\u00e9es, 15 spectacles, un bar-restaurant.","breadcrumb":{"@id":"https:\/\/theatre-petit-louvre.fr\/avignon\/accueil_saison_2026-pre\/#breadcrumb"},"inLanguage":"fr-FR","potentialAction":[{"@type":"ReadAction","target":["https:\/\/theatre-petit-louvre.fr\/avignon\/accueil_saison_2026-pre\/"]}]},{"@type":"ImageObject","inLanguage":"fr-FR","@id":"https:\/\/theatre-petit-louvre.fr\/avignon\/accueil_saison_2026-pre\/#primaryimage","url":"https:\/\/theatre-petit-louvre.fr\/avignon\/wp-content\/uploads\/2024\/04\/711280_PetitLouvre-49.jpeg","contentUrl":"https:\/\/theatre-petit-louvre.fr\/avignon\/wp-content\/uploads\/2024\/04\/711280_PetitLouvre-49.jpeg","width":400,"height":600},{"@type":"BreadcrumbList","@id":"https:\/\/theatre-petit-louvre.fr\/avignon\/accueil_saison_2026-pre\/#breadcrumb","itemListElement":[{"@type":"ListItem","position":1,"name":"Home","item":"https:\/\/theatre-petit-louvre.fr\/avignon\/"},{"@type":"ListItem","position":2,"name":"accueil_saison_2026 Pr\u00e8"}]},{"@type":"WebSite","@id":"https:\/\/theatre-petit-louvre.fr\/avignon\/#website","url":"https:\/\/theatre-petit-louvre.fr\/avignon\/","name":"Le Petit Louvre","description":"un th\u00e9\u00e2tre au c\u0153ur d&#039;Avignon | Festival off","publisher":{"@id":"https:\/\/theatre-petit-louvre.fr\/avignon\/#organization"},"potentialAction":[{"@type":"SearchAction","target":{"@type":"EntryPoint","urlTemplate":"https:\/\/theatre-petit-louvre.fr\/avignon\/?s={search_term_string}"},"query-input":{"@type":"PropertyValueSpecification","valueRequired":true,"valueName":"search_term_string"}}],"inLanguage":"fr-FR"},{"@type":"Organization","@id":"https:\/\/theatre-petit-louvre.fr\/avignon\/#organization","name":"Th\u00e9\u00e2tre Le Petit Louvre","url":"https:\/\/theatre-petit-louvre.fr\/avignon\/","logo":{"@type":"ImageObject","inLanguage":"fr-FR","@id":"https:\/\/theatre-petit-louvre.fr\/avignon\/#\/schema\/logo\/image\/","url":"https:\/\/theatre-petit-louvre.fr\/avignon\/wp-content\/uploads\/2022\/05\/logo_petit-louvre_2008_RVB.png","contentUrl":"https:\/\/theatre-petit-louvre.fr\/avignon\/wp-content\/uploads\/2022\/05\/logo_petit-louvre_2008_RVB.png","width":374,"height":800,"caption":"Th\u00e9\u00e2tre Le Petit Louvre"},"image":{"@id":"https:\/\/theatre-petit-louvre.fr\/avignon\/#\/schema\/logo\/image\/"}}]}},"uagb_featured_image_src":{"full":["https:\/\/theatre-petit-louvre.fr\/avignon\/wp-content\/uploads\/2024\/04\/711280_PetitLouvre-49.jpeg",400,600,false],"thumbnail":["https:\/\/theatre-petit-louvre.fr\/avignon\/wp-content\/uploads\/2024\/04\/711280_PetitLouvre-49-100x150.jpeg",100,150,true],"medium":["https:\/\/theatre-petit-louvre.fr\/avignon\/wp-content\/uploads\/2024\/04\/711280_PetitLouvre-49-200x300.jpeg",200,300,true],"medium_large":["https:\/\/theatre-petit-louvre.fr\/avignon\/wp-content\/uploads\/2024\/04\/711280_PetitLouvre-49.jpeg",400,600,false],"large":["https:\/\/theatre-petit-louvre.fr\/avignon\/wp-content\/uploads\/2024\/04\/711280_PetitLouvre-49-340x510.jpeg",340,510,true],"1536x1536":["https:\/\/theatre-petit-louvre.fr\/avignon\/wp-content\/uploads\/2024\/04\/711280_PetitLouvre-49.jpeg",400,600,false],"2048x2048":["https:\/\/theatre-petit-louvre.fr\/avignon\/wp-content\/uploads\/2024\/04\/711280_PetitLouvre-49.jpeg",400,600,false]},"uagb_author_info":{"display_name":"Jocelyne","author_link":"https:\/\/theatre-petit-louvre.fr\/avignon\/author\/jocelyne\/"},"uagb_comment_info":0,"uagb_excerpt":"FESTIVAL AVIGNON OFFdu 04 AU 25 JUILLET 2026 PROGRAMMATION 2026 \u00c0 VENIR&#8230; RENDEZ-VOUS AU BISTRO&rsquo;TH\u00c9\u00c2TRE Imaginez-vous assis \u00e0 une table de notre restaurant du Petit Louvre en plein air, entour\u00e9s d\u2019une brume rafra\u00eechissante \u00e9mise par nos brumisateurs, cr\u00e9ant une atmosph\u00e8re festive et d\u00e9contract\u00e9e. Profitez d\u2019un repas l\u00e9ger et frais, dans notre petit coin de paradis\u2026","_links":{"self":[{"href":"https:\/\/theatre-petit-louvre.fr\/avignon\/wp-json\/wp\/v2\/pages\/4681","targetHints":{"allow":["GET"]}}],"collection":[{"href":"https:\/\/theatre-petit-louvre.fr\/avignon\/wp-json\/wp\/v2\/pages"}],"about":[{"href":"https:\/\/theatre-petit-louvre.fr\/avignon\/wp-json\/wp\/v2\/types\/page"}],"author":[{"embeddable":true,"href":"https:\/\/theatre-petit-louvre.fr\/avignon\/wp-json\/wp\/v2\/users\/3"}],"replies":[{"embeddable":true,"href":"https:\/\/theatre-petit-louvre.fr\/avignon\/wp-json\/wp\/v2\/comments?post=4681"}],"version-history":[{"count":2,"href":"https:\/\/theatre-petit-louvre.fr\/avignon\/wp-json\/wp\/v2\/pages\/4681\/revisions"}],"predecessor-version":[{"id":4685,"href":"https:\/\/theatre-petit-louvre.fr\/avignon\/wp-json\/wp\/v2\/pages\/4681\/revisions\/4685"}],"wp:featuredmedia":[{"embeddable":true,"href":"https:\/\/theatre-petit-louvre.fr\/avignon\/wp-json\/wp\/v2\/media\/3825"}],"wp:attachment":[{"href":"https:\/\/theatre-petit-louvre.fr\/avignon\/wp-json\/wp\/v2\/media?parent=4681"}],"wp:term":[{"taxonomy":"category","embeddable":true,"href":"https:\/\/theatre-petit-louvre.fr\/avignon\/wp-json\/wp\/v2\/categories?post=4681"},{"taxonomy":"post_tag","embeddable":true,"href":"https:\/\/theatre-petit-louvre.fr\/avignon\/wp-json\/wp\/v2\/tags?post=4681"}],"curies":[{"name":"wp","href":"https:\/\/api.w.org\/{rel}","templated":true}]}}