{"id":4708,"date":"2026-04-13T16:52:57","date_gmt":"2026-04-13T15:52:57","guid":{"rendered":"https:\/\/theatre-petit-louvre.fr\/avignon\/?page_id=4708"},"modified":"2026-04-17T11:29:08","modified_gmt":"2026-04-17T10:29:08","slug":"pl26-les-nuits-blanches","status":"publish","type":"page","link":"https:\/\/theatre-petit-louvre.fr\/avignon\/pl26-les-nuits-blanches\/","title":{"rendered":"PL26 &#8211; LES NUITS BLANCHES"},"content":{"rendered":"\n<h2 class=\"wp-block-heading\"><strong>LES NUITS BLANCHES<\/strong><br><em>de Fiodor Dosto\u00efevski<\/em><\/h2>\n\n\n\n<p class=\"has-ast-global-color-4-background-color has-background\"><strong>15h50<\/strong> &#8211; <strong>CHAPELLE DES TEMPLIERS <\/strong><br>du 4 au 25 juillet 2026 . Rel\u00e2che le jeudi <strong>(9, 16 et 23 juillet)<\/strong><br>Dur\u00e9e <strong>1h10<\/strong> &#8211; A partir de 12 ans &#8211; Tarifs B <strong>24\/17\/12 euros<\/strong>.<\/p>\n\n\n\n<div class=\"wp-block-buttons alignwide is-content-justification-center is-layout-flex wp-container-core-buttons-is-layout-a89b3969 wp-block-buttons-is-layout-flex\">\n<div class=\"wp-block-button\"><a class=\"wp-block-button__link wp-element-button\" href=\"https:\/\/billetterie-le-petit-louvre.tickandlive.com\/evenement\/les-nuits-blanches\" target=\"_blank\" rel=\"noreferrer noopener\">R\u00e9servez vos places<\/a><\/div>\n<\/div>\n\n\n\n<div class=\"wp-block-media-text is-stacked-on-mobile is-vertically-aligned-center\" style=\"grid-template-columns:33% auto\"><figure class=\"wp-block-media-text__media\"><img loading=\"lazy\" decoding=\"async\" width=\"340\" height=\"510\" src=\"https:\/\/theatre-petit-louvre.fr\/avignon\/wp-content\/uploads\/2026\/03\/AFFICHE-VIERGE-NUITS-BLANCHES-A4-340x510.jpg\" alt=\"\" class=\"wp-image-4705 size-full\" srcset=\"https:\/\/theatre-petit-louvre.fr\/avignon\/wp-content\/uploads\/2026\/03\/AFFICHE-VIERGE-NUITS-BLANCHES-A4-340x510.jpg 340w, https:\/\/theatre-petit-louvre.fr\/avignon\/wp-content\/uploads\/2026\/03\/AFFICHE-VIERGE-NUITS-BLANCHES-A4-200x300.jpg 200w, https:\/\/theatre-petit-louvre.fr\/avignon\/wp-content\/uploads\/2026\/03\/AFFICHE-VIERGE-NUITS-BLANCHES-A4-100x150.jpg 100w, https:\/\/theatre-petit-louvre.fr\/avignon\/wp-content\/uploads\/2026\/03\/AFFICHE-VIERGE-NUITS-BLANCHES-A4.jpg 400w\" sizes=\"auto, (max-width: 340px) 100vw, 340px\" \/><\/figure><div class=\"wp-block-media-text__content\">\n<p>Adaptation et <em>Mise en sc\u00e8ne de <\/em><strong><em>Ronan Rivi\u00e8re<\/em><\/strong><br><br>Avec : <strong>Laura Chetrit, Ronan Rivi\u00e8re, et au piano&nbsp;: Olivier Mazal<\/strong><br><br>Musique : Sergue\u00ef Rachmaninov<br>D\u00e9cor : Antoine Milian<br>Costumes : Corinne Rossi<br>Lumi\u00e8res : S\u00e9bastien Husson<\/p>\n\n\n\n<p><\/p>\n\n\n\n<p class=\"has-small-font-size\">Production : Voix des Plumes (Lic. R-2021-009325)<br>Co-productions : Ville de Versailles, Centre Culturel Jean Vilar, SPEDIDAM.<\/p>\n\n\n\n<p><\/p>\n<\/div><\/div>\n\n\n\n<p><\/p>\n\n\n\n<p class=\"has-text-align-left\"><strong><strong>4 nuits d\u2019un couple dont les r\u00eaves m\u00e8nent au vertige, sous la plume de Dosto\u00efevski.<\/strong><\/strong><br>Un homme et une femme solitaires se rencontrent et se rapprochent une nuit \u00e0 P\u00e9tersbourg. Tout semble concourir \u00e0 leur attachement mutuel, mais leurs maladresses et leurs angoisses font basculer leurs illusions.<br>Une adaptation pour une com\u00e9dienne, un com\u00e9dien et un pianiste de la nouvelle la plus c\u00e9l\u00e8bre de Dosto\u00efevski. Ce spectacle du collectif Voix des Plumes, habitu\u00e9 du Petit Louvre (<em>Le Journal d&rsquo;un Fou, Le Revizor, Le Double,<\/em> <em>Le Roman de Moli\u00e8re<\/em>&#8230;) a \u00e9t\u00e9 jou\u00e9 avec succ\u00e8s pendant trois mois cette saison au Lucernaire \u00e0 Paris.<\/p>\n\n\n\n<figure class=\"wp-block-image aligncenter size-large is-resized\"><img loading=\"lazy\" decoding=\"async\" width=\"767\" height=\"510\" src=\"https:\/\/theatre-petit-louvre.fr\/avignon\/wp-content\/uploads\/2026\/03\/1H-Nuits-Blanches-paysage-cGely-ok-site-767x510.jpg\" alt=\"\" class=\"wp-image-4704\" style=\"width:910px;height:auto\" srcset=\"https:\/\/theatre-petit-louvre.fr\/avignon\/wp-content\/uploads\/2026\/03\/1H-Nuits-Blanches-paysage-cGely-ok-site-767x510.jpg 767w, https:\/\/theatre-petit-louvre.fr\/avignon\/wp-content\/uploads\/2026\/03\/1H-Nuits-Blanches-paysage-cGely-ok-site-300x200.jpg 300w, https:\/\/theatre-petit-louvre.fr\/avignon\/wp-content\/uploads\/2026\/03\/1H-Nuits-Blanches-paysage-cGely-ok-site-150x100.jpg 150w, https:\/\/theatre-petit-louvre.fr\/avignon\/wp-content\/uploads\/2026\/03\/1H-Nuits-Blanches-paysage-cGely-ok-site-768x511.jpg 768w, https:\/\/theatre-petit-louvre.fr\/avignon\/wp-content\/uploads\/2026\/03\/1H-Nuits-Blanches-paysage-cGely-ok-site.jpg 902w\" sizes=\"auto, (max-width: 767px) 100vw, 767px\" \/><figcaption class=\"wp-element-caption\">\u00a9 Pascal Gely<\/figcaption><\/figure>\n\n\n\n<div class=\"wp-block-buttons alignwide is-content-justification-center is-layout-flex wp-container-core-buttons-is-layout-a89b3969 wp-block-buttons-is-layout-flex\">\n<div class=\"wp-block-button\"><a class=\"wp-block-button__link wp-element-button\" href=\"https:\/\/billetterie-le-petit-louvre.tickandlive.com\/evenement\/les-nuits-blanches\" target=\"_blank\" rel=\"noreferrer noopener\">R\u00e9servez vos places<\/a><\/div>\n<\/div>\n\n\n\n<p class=\"has-small-font-size\"><strong>LA PRESSE EN PARLE<\/strong><\/p>\n\n\n\n<p><strong>L\u2019Humanit\u00e9<\/strong> \u2022 \u00ab Ronan Rivi\u00e8re met joliment en sc\u00e8ne cette nouvelle.&nbsp;Toute la sensibilit\u00e9 \u00e0 fleur de peau de Dosto\u00efevski est sur la sc\u00e8ne&nbsp;\u00bb<br><strong>La Croix<\/strong> \u2022 \u00abDes voix qui captent puissamment l&rsquo;attention par leur \u00e9trange et poignante magie. Seuls les grands acteurs imposent ainsi leur personnage en une poign\u00e9e de mots et quelques secondes de silence. Magnifique.\u00bb<br><strong>Marianne<\/strong> \u2022 \u00ab&nbsp;Les talentueux com\u00e9diens nouent un dialogue touchant, plein de d\u00e9licatesse, o\u00f9 s\u2019enchev\u00eatrent de part et d\u2019autre espoir et tristesse. Les notes de Rachmaninov r\u00e9sonnent comme de d\u00e9licieuses ponctuations lyriques.&nbsp;\u00bb<br><strong>T\u00e9l\u00e9rama TT<\/strong> \u2022 \u00ab&nbsp;Dans un d\u00e9cor d\u2019une efficacit\u00e9 redoutable, des instantan\u00e9s d\u2019un couple que les deux interpr\u00e8tes savent teinter \u00e0 la fois d\u2019ironie am\u00e8re et de romantisme passionn\u00e9, au rythme de pr\u00e9ludes de Rachmaninov finement jou\u00e9s en direct.&nbsp;\u00bb<br><em><strong>Le Point<\/strong><\/em> <strong>\u2605\u2605\u2605\u2605<\/strong> \u2022 \u00ab&nbsp;Une r\u00e9ussite&nbsp;!&nbsp;A ne pas rater.\u00bb<br><strong>Th\u00e9\u00e2tral Magazine<\/strong> \u2022 \u00ab&nbsp;Un petit bijou. On se r\u00e9gale de voir un duo aussi incertain et bancal s\u2019essayer \u00e0 l\u2019harmonie. On aime beaucoup&nbsp;!&nbsp;\u00bb<\/p>\n\n\n\n<figure class=\"wp-block-embed is-type-video is-provider-vimeo wp-block-embed-vimeo wp-embed-aspect-16-9 wp-has-aspect-ratio\"><div class=\"wp-block-embed__wrapper\">\n<iframe loading=\"lazy\" title=\"Les Nuits Blanches - Dosto\u00efevski - mise en sc\u00e8ne Ronan Rivi\u00e8re\" src=\"https:\/\/player.vimeo.com\/video\/1171049174?dnt=1&amp;app_id=122963\" width=\"500\" height=\"281\" frameborder=\"0\" allow=\"autoplay; fullscreen; picture-in-picture; clipboard-write; encrypted-media; web-share\" referrerpolicy=\"strict-origin-when-cross-origin\"><\/iframe>\n<\/div><\/figure>\n\n\n\n<p><\/p>\n\n\n\n<p><\/p>\n\n\n\n<p><\/p>\n\n\n\n<p><\/p>\n\n\n\n<p><\/p>\n\n\n\n<p><\/p>\n","protected":false},"excerpt":{"rendered":"<p>LES NUITS BLANCHESde Fiodor Dosto\u00efevski 15h50 &#8211; CHAPELLE DES TEMPLIERS du 4 au 25 juillet 2026 . Rel\u00e2che le jeudi (9, 16 et 23 juillet)Dur\u00e9e 1h10 &#8211; A partir de 12 ans &#8211; Tarifs B 24\/17\/12 euros. Adaptation et Mise en sc\u00e8ne de Ronan Rivi\u00e8re Avec : Laura Chetrit, Ronan Rivi\u00e8re, et au piano&nbsp;: Olivier [&hellip;]<\/p>\n","protected":false},"author":3,"featured_media":0,"parent":0,"menu_order":0,"comment_status":"closed","ping_status":"closed","template":"","meta":{"_uag_custom_page_level_css":"","site-sidebar-layout":"default","site-content-layout":"","ast-site-content-layout":"default","site-content-style":"default","site-sidebar-style":"default","ast-global-header-display":"","ast-banner-title-visibility":"","ast-main-header-display":"","ast-hfb-above-header-display":"","ast-hfb-below-header-display":"","ast-hfb-mobile-header-display":"","site-post-title":"disabled","ast-breadcrumbs-content":"","ast-featured-img":"","footer-sml-layout":"","ast-disable-related-posts":"","theme-transparent-header-meta":"","adv-header-id-meta":"","stick-header-meta":"","header-above-stick-meta":"","header-main-stick-meta":"","header-below-stick-meta":"","astra-migrate-meta-layouts":"set","ast-page-background-enabled":"default","ast-page-background-meta":{"desktop":{"background-color":"var(--ast-global-color-4)","background-image":"","background-repeat":"repeat","background-position":"center center","background-size":"auto","background-attachment":"scroll","background-type":"","background-media":"","overlay-type":"","overlay-color":"","overlay-gradient":""},"tablet":{"background-color":"","background-image":"","background-repeat":"repeat","background-position":"center center","background-size":"auto","background-attachment":"scroll","background-type":"","background-media":"","overlay-type":"","overlay-color":"","overlay-gradient":""},"mobile":{"background-color":"","background-image":"","background-repeat":"repeat","background-position":"center center","background-size":"auto","background-attachment":"scroll","background-type":"","background-media":"","overlay-type":"","overlay-color":"","overlay-gradient":""}},"ast-content-background-meta":{"desktop":{"background-color":"var(--ast-global-color-5)","background-image":"","background-repeat":"repeat","background-position":"center center","background-size":"auto","background-attachment":"scroll","background-type":"","background-media":"","overlay-type":"","overlay-color":"","overlay-gradient":""},"tablet":{"background-color":"var(--ast-global-color-5)","background-image":"","background-repeat":"repeat","background-position":"center center","background-size":"auto","background-attachment":"scroll","background-type":"","background-media":"","overlay-type":"","overlay-color":"","overlay-gradient":""},"mobile":{"background-color":"var(--ast-global-color-5)","background-image":"","background-repeat":"repeat","background-position":"center center","background-size":"auto","background-attachment":"scroll","background-type":"","background-media":"","overlay-type":"","overlay-color":"","overlay-gradient":""}},"footnotes":"","_links_to":"","_links_to_target":""},"categories":[],"tags":[],"class_list":["post-4708","page","type-page","status-publish","hentry"],"yoast_head":"<!-- This site is optimized with the Yoast SEO plugin v27.6 - https:\/\/yoast.com\/product\/yoast-seo-wordpress\/ -->\n<title>PL26 - LES NUITS BLANCHES - Le Petit Louvre<\/title>\n<meta name=\"description\" content=\"Chaque \u00e9t\u00e9, un th\u00e9\u00e2tre au c\u0153ur d&#039;Avignon, Festival off : des textes, des auteurs, des autrices, des acteurs, des actrices. Deux salles climatis\u00e9es, 15 spectacles, un bar-restaurant.\" \/>\n<meta name=\"robots\" content=\"index, follow, max-snippet:-1, max-image-preview:large, max-video-preview:-1\" \/>\n<link rel=\"canonical\" href=\"https:\/\/theatre-petit-louvre.fr\/avignon\/pl26-les-nuits-blanches\/\" \/>\n<meta property=\"og:locale\" content=\"fr_FR\" \/>\n<meta property=\"og:type\" content=\"article\" \/>\n<meta property=\"og:title\" content=\"PL26 - LES NUITS BLANCHES - Le Petit Louvre\" \/>\n<meta property=\"og:description\" content=\"Chaque \u00e9t\u00e9, un th\u00e9\u00e2tre au c\u0153ur d&#039;Avignon, Festival off : des textes, des auteurs, des autrices, des acteurs, des actrices. Deux salles climatis\u00e9es, 15 spectacles, un bar-restaurant.\" \/>\n<meta property=\"og:url\" content=\"https:\/\/theatre-petit-louvre.fr\/avignon\/pl26-les-nuits-blanches\/\" \/>\n<meta property=\"og:site_name\" content=\"Le Petit Louvre\" \/>\n<meta property=\"article:modified_time\" content=\"2026-04-17T10:29:08+00:00\" \/>\n<meta property=\"og:image\" content=\"https:\/\/theatre-petit-louvre.fr\/avignon\/wp-content\/uploads\/2026\/03\/AFFICHE-VIERGE-NUITS-BLANCHES-A4.jpg\" \/>\n\t<meta property=\"og:image:width\" content=\"400\" \/>\n\t<meta property=\"og:image:height\" content=\"600\" \/>\n\t<meta property=\"og:image:type\" content=\"image\/jpeg\" \/>\n<meta name=\"twitter:label1\" content=\"Dur\u00e9e de lecture estim\u00e9e\" \/>\n\t<meta name=\"twitter:data1\" content=\"2 minutes\" \/>\n<script type=\"application\/ld+json\" class=\"yoast-schema-graph\">{\"@context\":\"https:\\\/\\\/schema.org\",\"@graph\":[{\"@type\":\"WebPage\",\"@id\":\"https:\\\/\\\/theatre-petit-louvre.fr\\\/avignon\\\/pl26-les-nuits-blanches\\\/\",\"url\":\"https:\\\/\\\/theatre-petit-louvre.fr\\\/avignon\\\/pl26-les-nuits-blanches\\\/\",\"name\":\"PL26 - LES NUITS BLANCHES - Le Petit Louvre\",\"isPartOf\":{\"@id\":\"https:\\\/\\\/theatre-petit-louvre.fr\\\/avignon\\\/#website\"},\"primaryImageOfPage\":{\"@id\":\"https:\\\/\\\/theatre-petit-louvre.fr\\\/avignon\\\/pl26-les-nuits-blanches\\\/#primaryimage\"},\"image\":{\"@id\":\"https:\\\/\\\/theatre-petit-louvre.fr\\\/avignon\\\/pl26-les-nuits-blanches\\\/#primaryimage\"},\"thumbnailUrl\":\"https:\\\/\\\/theatre-petit-louvre.fr\\\/avignon\\\/wp-content\\\/uploads\\\/2026\\\/03\\\/AFFICHE-VIERGE-NUITS-BLANCHES-A4-340x510.jpg\",\"datePublished\":\"2026-04-13T15:52:57+00:00\",\"dateModified\":\"2026-04-17T10:29:08+00:00\",\"description\":\"Chaque \u00e9t\u00e9, un th\u00e9\u00e2tre au c\u0153ur d'Avignon, Festival off : des textes, des auteurs, des autrices, des acteurs, des actrices. Deux salles climatis\u00e9es, 15 spectacles, un bar-restaurant.\",\"breadcrumb\":{\"@id\":\"https:\\\/\\\/theatre-petit-louvre.fr\\\/avignon\\\/pl26-les-nuits-blanches\\\/#breadcrumb\"},\"inLanguage\":\"fr-FR\",\"potentialAction\":[{\"@type\":\"ReadAction\",\"target\":[\"https:\\\/\\\/theatre-petit-louvre.fr\\\/avignon\\\/pl26-les-nuits-blanches\\\/\"]}]},{\"@type\":\"ImageObject\",\"inLanguage\":\"fr-FR\",\"@id\":\"https:\\\/\\\/theatre-petit-louvre.fr\\\/avignon\\\/pl26-les-nuits-blanches\\\/#primaryimage\",\"url\":\"https:\\\/\\\/theatre-petit-louvre.fr\\\/avignon\\\/wp-content\\\/uploads\\\/2026\\\/03\\\/AFFICHE-VIERGE-NUITS-BLANCHES-A4.jpg\",\"contentUrl\":\"https:\\\/\\\/theatre-petit-louvre.fr\\\/avignon\\\/wp-content\\\/uploads\\\/2026\\\/03\\\/AFFICHE-VIERGE-NUITS-BLANCHES-A4.jpg\",\"width\":400,\"height\":600},{\"@type\":\"BreadcrumbList\",\"@id\":\"https:\\\/\\\/theatre-petit-louvre.fr\\\/avignon\\\/pl26-les-nuits-blanches\\\/#breadcrumb\",\"itemListElement\":[{\"@type\":\"ListItem\",\"position\":1,\"name\":\"Home\",\"item\":\"https:\\\/\\\/theatre-petit-louvre.fr\\\/avignon\\\/\"},{\"@type\":\"ListItem\",\"position\":2,\"name\":\"PL26 &#8211; LES NUITS BLANCHES\"}]},{\"@type\":\"WebSite\",\"@id\":\"https:\\\/\\\/theatre-petit-louvre.fr\\\/avignon\\\/#website\",\"url\":\"https:\\\/\\\/theatre-petit-louvre.fr\\\/avignon\\\/\",\"name\":\"Le Petit Louvre\",\"description\":\"un th\u00e9\u00e2tre au c\u0153ur d&#039;Avignon | Festival off\",\"publisher\":{\"@id\":\"https:\\\/\\\/theatre-petit-louvre.fr\\\/avignon\\\/#organization\"},\"potentialAction\":[{\"@type\":\"SearchAction\",\"target\":{\"@type\":\"EntryPoint\",\"urlTemplate\":\"https:\\\/\\\/theatre-petit-louvre.fr\\\/avignon\\\/?s={search_term_string}\"},\"query-input\":{\"@type\":\"PropertyValueSpecification\",\"valueRequired\":true,\"valueName\":\"search_term_string\"}}],\"inLanguage\":\"fr-FR\"},{\"@type\":\"Organization\",\"@id\":\"https:\\\/\\\/theatre-petit-louvre.fr\\\/avignon\\\/#organization\",\"name\":\"Th\u00e9\u00e2tre Le Petit Louvre\",\"url\":\"https:\\\/\\\/theatre-petit-louvre.fr\\\/avignon\\\/\",\"logo\":{\"@type\":\"ImageObject\",\"inLanguage\":\"fr-FR\",\"@id\":\"https:\\\/\\\/theatre-petit-louvre.fr\\\/avignon\\\/#\\\/schema\\\/logo\\\/image\\\/\",\"url\":\"https:\\\/\\\/theatre-petit-louvre.fr\\\/avignon\\\/wp-content\\\/uploads\\\/2022\\\/05\\\/logo_petit-louvre_2008_RVB.png\",\"contentUrl\":\"https:\\\/\\\/theatre-petit-louvre.fr\\\/avignon\\\/wp-content\\\/uploads\\\/2022\\\/05\\\/logo_petit-louvre_2008_RVB.png\",\"width\":374,\"height\":800,\"caption\":\"Th\u00e9\u00e2tre Le Petit Louvre\"},\"image\":{\"@id\":\"https:\\\/\\\/theatre-petit-louvre.fr\\\/avignon\\\/#\\\/schema\\\/logo\\\/image\\\/\"}}]}<\/script>\n<!-- \/ Yoast SEO plugin. -->","yoast_head_json":{"title":"PL26 - LES NUITS BLANCHES - Le Petit Louvre","description":"Chaque \u00e9t\u00e9, un th\u00e9\u00e2tre au c\u0153ur d'Avignon, Festival off : des textes, des auteurs, des autrices, des acteurs, des actrices. Deux salles climatis\u00e9es, 15 spectacles, un bar-restaurant.","robots":{"index":"index","follow":"follow","max-snippet":"max-snippet:-1","max-image-preview":"max-image-preview:large","max-video-preview":"max-video-preview:-1"},"canonical":"https:\/\/theatre-petit-louvre.fr\/avignon\/pl26-les-nuits-blanches\/","og_locale":"fr_FR","og_type":"article","og_title":"PL26 - LES NUITS BLANCHES - Le Petit Louvre","og_description":"Chaque \u00e9t\u00e9, un th\u00e9\u00e2tre au c\u0153ur d'Avignon, Festival off : des textes, des auteurs, des autrices, des acteurs, des actrices. Deux salles climatis\u00e9es, 15 spectacles, un bar-restaurant.","og_url":"https:\/\/theatre-petit-louvre.fr\/avignon\/pl26-les-nuits-blanches\/","og_site_name":"Le Petit Louvre","article_modified_time":"2026-04-17T10:29:08+00:00","og_image":[{"width":400,"height":600,"url":"https:\/\/theatre-petit-louvre.fr\/avignon\/wp-content\/uploads\/2026\/03\/AFFICHE-VIERGE-NUITS-BLANCHES-A4.jpg","type":"image\/jpeg"}],"twitter_misc":{"Dur\u00e9e de lecture estim\u00e9e":"2 minutes"},"schema":{"@context":"https:\/\/schema.org","@graph":[{"@type":"WebPage","@id":"https:\/\/theatre-petit-louvre.fr\/avignon\/pl26-les-nuits-blanches\/","url":"https:\/\/theatre-petit-louvre.fr\/avignon\/pl26-les-nuits-blanches\/","name":"PL26 - LES NUITS BLANCHES - Le Petit Louvre","isPartOf":{"@id":"https:\/\/theatre-petit-louvre.fr\/avignon\/#website"},"primaryImageOfPage":{"@id":"https:\/\/theatre-petit-louvre.fr\/avignon\/pl26-les-nuits-blanches\/#primaryimage"},"image":{"@id":"https:\/\/theatre-petit-louvre.fr\/avignon\/pl26-les-nuits-blanches\/#primaryimage"},"thumbnailUrl":"https:\/\/theatre-petit-louvre.fr\/avignon\/wp-content\/uploads\/2026\/03\/AFFICHE-VIERGE-NUITS-BLANCHES-A4-340x510.jpg","datePublished":"2026-04-13T15:52:57+00:00","dateModified":"2026-04-17T10:29:08+00:00","description":"Chaque \u00e9t\u00e9, un th\u00e9\u00e2tre au c\u0153ur d'Avignon, Festival off : des textes, des auteurs, des autrices, des acteurs, des actrices. Deux salles climatis\u00e9es, 15 spectacles, un bar-restaurant.","breadcrumb":{"@id":"https:\/\/theatre-petit-louvre.fr\/avignon\/pl26-les-nuits-blanches\/#breadcrumb"},"inLanguage":"fr-FR","potentialAction":[{"@type":"ReadAction","target":["https:\/\/theatre-petit-louvre.fr\/avignon\/pl26-les-nuits-blanches\/"]}]},{"@type":"ImageObject","inLanguage":"fr-FR","@id":"https:\/\/theatre-petit-louvre.fr\/avignon\/pl26-les-nuits-blanches\/#primaryimage","url":"https:\/\/theatre-petit-louvre.fr\/avignon\/wp-content\/uploads\/2026\/03\/AFFICHE-VIERGE-NUITS-BLANCHES-A4.jpg","contentUrl":"https:\/\/theatre-petit-louvre.fr\/avignon\/wp-content\/uploads\/2026\/03\/AFFICHE-VIERGE-NUITS-BLANCHES-A4.jpg","width":400,"height":600},{"@type":"BreadcrumbList","@id":"https:\/\/theatre-petit-louvre.fr\/avignon\/pl26-les-nuits-blanches\/#breadcrumb","itemListElement":[{"@type":"ListItem","position":1,"name":"Home","item":"https:\/\/theatre-petit-louvre.fr\/avignon\/"},{"@type":"ListItem","position":2,"name":"PL26 &#8211; LES NUITS BLANCHES"}]},{"@type":"WebSite","@id":"https:\/\/theatre-petit-louvre.fr\/avignon\/#website","url":"https:\/\/theatre-petit-louvre.fr\/avignon\/","name":"Le Petit Louvre","description":"un th\u00e9\u00e2tre au c\u0153ur d&#039;Avignon | Festival off","publisher":{"@id":"https:\/\/theatre-petit-louvre.fr\/avignon\/#organization"},"potentialAction":[{"@type":"SearchAction","target":{"@type":"EntryPoint","urlTemplate":"https:\/\/theatre-petit-louvre.fr\/avignon\/?s={search_term_string}"},"query-input":{"@type":"PropertyValueSpecification","valueRequired":true,"valueName":"search_term_string"}}],"inLanguage":"fr-FR"},{"@type":"Organization","@id":"https:\/\/theatre-petit-louvre.fr\/avignon\/#organization","name":"Th\u00e9\u00e2tre Le Petit Louvre","url":"https:\/\/theatre-petit-louvre.fr\/avignon\/","logo":{"@type":"ImageObject","inLanguage":"fr-FR","@id":"https:\/\/theatre-petit-louvre.fr\/avignon\/#\/schema\/logo\/image\/","url":"https:\/\/theatre-petit-louvre.fr\/avignon\/wp-content\/uploads\/2022\/05\/logo_petit-louvre_2008_RVB.png","contentUrl":"https:\/\/theatre-petit-louvre.fr\/avignon\/wp-content\/uploads\/2022\/05\/logo_petit-louvre_2008_RVB.png","width":374,"height":800,"caption":"Th\u00e9\u00e2tre Le Petit Louvre"},"image":{"@id":"https:\/\/theatre-petit-louvre.fr\/avignon\/#\/schema\/logo\/image\/"}}]}},"uagb_featured_image_src":{"full":false,"thumbnail":false,"medium":false,"medium_large":false,"large":false,"1536x1536":false,"2048x2048":false},"uagb_author_info":{"display_name":"Jocelyne","author_link":"https:\/\/theatre-petit-louvre.fr\/avignon\/author\/jocelyne\/"},"uagb_comment_info":0,"uagb_excerpt":"LES NUITS BLANCHESde Fiodor Dosto\u00efevski 15h50 &#8211; CHAPELLE DES TEMPLIERS du 4 au 25 juillet 2026 . Rel\u00e2che le jeudi (9, 16 et 23 juillet)Dur\u00e9e 1h10 &#8211; A partir de 12 ans &#8211; Tarifs B 24\/17\/12 euros. Adaptation et Mise en sc\u00e8ne de Ronan Rivi\u00e8re Avec : Laura Chetrit, Ronan Rivi\u00e8re, et au piano&nbsp;: Olivier\u2026","_links":{"self":[{"href":"https:\/\/theatre-petit-louvre.fr\/avignon\/wp-json\/wp\/v2\/pages\/4708","targetHints":{"allow":["GET"]}}],"collection":[{"href":"https:\/\/theatre-petit-louvre.fr\/avignon\/wp-json\/wp\/v2\/pages"}],"about":[{"href":"https:\/\/theatre-petit-louvre.fr\/avignon\/wp-json\/wp\/v2\/types\/page"}],"author":[{"embeddable":true,"href":"https:\/\/theatre-petit-louvre.fr\/avignon\/wp-json\/wp\/v2\/users\/3"}],"replies":[{"embeddable":true,"href":"https:\/\/theatre-petit-louvre.fr\/avignon\/wp-json\/wp\/v2\/comments?post=4708"}],"version-history":[{"count":27,"href":"https:\/\/theatre-petit-louvre.fr\/avignon\/wp-json\/wp\/v2\/pages\/4708\/revisions"}],"predecessor-version":[{"id":5271,"href":"https:\/\/theatre-petit-louvre.fr\/avignon\/wp-json\/wp\/v2\/pages\/4708\/revisions\/5271"}],"wp:attachment":[{"href":"https:\/\/theatre-petit-louvre.fr\/avignon\/wp-json\/wp\/v2\/media?parent=4708"}],"wp:term":[{"taxonomy":"category","embeddable":true,"href":"https:\/\/theatre-petit-louvre.fr\/avignon\/wp-json\/wp\/v2\/categories?post=4708"},{"taxonomy":"post_tag","embeddable":true,"href":"https:\/\/theatre-petit-louvre.fr\/avignon\/wp-json\/wp\/v2\/tags?post=4708"}],"curies":[{"name":"wp","href":"https:\/\/api.w.org\/{rel}","templated":true}]}}