{"id":4735,"date":"2026-04-13T16:50:20","date_gmt":"2026-04-13T15:50:20","guid":{"rendered":"https:\/\/theatre-petit-louvre.fr\/avignon\/?page_id=4735"},"modified":"2026-04-17T15:01:29","modified_gmt":"2026-04-17T14:01:29","slug":"pl26-dom-juan","status":"publish","type":"page","link":"https:\/\/theatre-petit-louvre.fr\/avignon\/pl26-dom-juan\/","title":{"rendered":"PL26 &#8211; DOM JUAN"},"content":{"rendered":"\n<h2 class=\"wp-block-heading\"><strong>DOM JUAN<\/strong><br><em>de Moli\u00e8re<\/em><\/h2>\n\n\n\n<p class=\"has-text-align-left\"><strong><strong>CR\u00c9ATION 2026<\/strong><\/strong><\/p>\n\n\n\n<p class=\"has-ast-global-color-4-background-color has-background\"><strong>19h20<\/strong> &#8211; <strong>CHAPELLE DES TEMPLIERS <\/strong><br>du 4 au 25 juillet 2026 . Rel\u00e2che le jeudi <strong>(9, 16 et 23 juillet)<\/strong><br>Dur\u00e9e <strong>1h20<\/strong> &#8211; A partir de 10 ans &#8211; Tarifs B <strong>24\/17\/12<\/strong> <strong>euros<\/strong>.<\/p>\n\n\n\n<div class=\"wp-block-buttons alignwide is-content-justification-center is-layout-flex wp-container-core-buttons-is-layout-a89b3969 wp-block-buttons-is-layout-flex\">\n<div class=\"wp-block-button\"><a class=\"wp-block-button__link wp-element-button\" href=\"https:\/\/billetterie-le-petit-louvre.tickandlive.com\/evenement\/dom-juan\" target=\"_blank\" rel=\"noreferrer noopener\">R\u00e9servez vos places<\/a><\/div>\n<\/div>\n\n\n\n<p><\/p>\n\n\n\n<div class=\"wp-block-media-text is-stacked-on-mobile is-vertically-aligned-center\" style=\"grid-template-columns:33% auto\"><figure class=\"wp-block-media-text__media\"><img loading=\"lazy\" decoding=\"async\" width=\"340\" height=\"510\" src=\"https:\/\/theatre-petit-louvre.fr\/avignon\/wp-content\/uploads\/2026\/03\/DOM-JUAN-affiche-vierge-340x510.jpeg\" alt=\"\" class=\"wp-image-4869 size-full\" srcset=\"https:\/\/theatre-petit-louvre.fr\/avignon\/wp-content\/uploads\/2026\/03\/DOM-JUAN-affiche-vierge-340x510.jpeg 340w, https:\/\/theatre-petit-louvre.fr\/avignon\/wp-content\/uploads\/2026\/03\/DOM-JUAN-affiche-vierge-200x300.jpeg 200w, https:\/\/theatre-petit-louvre.fr\/avignon\/wp-content\/uploads\/2026\/03\/DOM-JUAN-affiche-vierge-100x150.jpeg 100w, https:\/\/theatre-petit-louvre.fr\/avignon\/wp-content\/uploads\/2026\/03\/DOM-JUAN-affiche-vierge.jpeg 400w\" sizes=\"auto, (max-width: 340px) 100vw, 340px\" \/><\/figure><div class=\"wp-block-media-text__content\">\n<p><em>Adaptation, mise en sc\u00e8ne et lumi\u00e8res :<\/em> <strong>Emmanuel Besnault<\/strong><br><br>Avec : <strong>Elisa Benizio, Guillaume Collignon, Valentin Fruitier, J\u00e9r\u00f4me Pradon, Marion Pr\u00e9\u00eft\u00e9, Antoine Richard<\/strong><br><br>Costumes : Ang\u00e8le Gaspar<br>R\u00e9gie : S\u00e9bastien Husson<\/p>\n\n\n\n<p><\/p>\n\n\n\n<p class=\"has-small-font-size\">Production : L&rsquo;\u00c9ternel \u00c9t\u00e9 ( Lic. R-2021-004738)<br>Diffusion : Lucernaire diffusion<br>Avec le soutien de la Ville de Versailles et du festival Le Mois Moli\u00e8re<br><br>Photo et graphisme \u00a9 Th\u00e9o Martin<\/p>\n<\/div><\/div>\n\n\n\n<p><\/p>\n\n\n\n<p class=\"has-text-align-left\"><strong>10 ans apr\u00e8s la cr\u00e9ation des <em>Fourberies de Scapin<\/em> et ses 500 repr\u00e9sentations en France et \u00e0 l&rsquo;\u00e9tranger, la Compagnie \u00c9ternel \u00c9t\u00e9 revient \u00e0 Moli\u00e8re en proposant une nouvelle mise en sc\u00e8ne de <em>Dom Juan<\/em> !<\/strong><br>L\u2019adaptation propose un chemin dans l\u2019oeuvre originale sans en modifier un mot, dans un respect du texte qui ne refuse pas non plus son humour et le ge\u0301nie des situations comiques offertes. Molie\u0300re a allume\u0301 un feu qui e\u0301claire autant qu\u2019il interroge. Il ne s\u2019agira pas de de\u0301voiler le myste\u0300re, de trancher, mais bien de le mettre en sce\u0300ne sans rien lui enlever de son ombre.<br>Peut-e\u0302tre que Dom Juan n\u2019agit pas directement contre les autres, mais bien pour se comprendre lui-me\u0302me. S\u2019il br\u00fble tout sur son passage c\u2019est peut-e\u0302tre pour comprendre pourquoi lui ne bru\u0302le pas. Que reste-t-il de notre humanite\u0301 sans empathie ? Qu\u2019est-ce qui est encore sacre\u0301 pour nous aujourd\u2019hui ? Que faire de ce qu\u2019on nous transmet ? Qu\u2019est-ce qui vient re\u0301ellement de nous ? Comment e\u0302tre soi ?<\/p>\n\n\n\n<figure class=\"wp-block-image aligncenter size-large is-resized\"><img loading=\"lazy\" decoding=\"async\" width=\"765\" height=\"510\" src=\"https:\/\/theatre-petit-louvre.fr\/avignon\/wp-content\/uploads\/2026\/03\/visuel-Dom-Juan-765x510.jpeg\" alt=\"\" class=\"wp-image-4868\" style=\"aspect-ratio:1.5000257559367434;width:910px;height:auto\" srcset=\"https:\/\/theatre-petit-louvre.fr\/avignon\/wp-content\/uploads\/2026\/03\/visuel-Dom-Juan-765x510.jpeg 765w, https:\/\/theatre-petit-louvre.fr\/avignon\/wp-content\/uploads\/2026\/03\/visuel-Dom-Juan-300x200.jpeg 300w, https:\/\/theatre-petit-louvre.fr\/avignon\/wp-content\/uploads\/2026\/03\/visuel-Dom-Juan-150x100.jpeg 150w, https:\/\/theatre-petit-louvre.fr\/avignon\/wp-content\/uploads\/2026\/03\/visuel-Dom-Juan-768x512.jpeg 768w, https:\/\/theatre-petit-louvre.fr\/avignon\/wp-content\/uploads\/2026\/03\/visuel-Dom-Juan.jpeg 900w\" sizes=\"auto, (max-width: 765px) 100vw, 765px\" \/><figcaption class=\"wp-element-caption\">\u00a9 Th\u00e9o Martin<\/figcaption><\/figure>\n\n\n\n<div class=\"wp-block-buttons alignwide is-content-justification-center is-layout-flex wp-container-core-buttons-is-layout-a89b3969 wp-block-buttons-is-layout-flex\">\n<div class=\"wp-block-button\"><a class=\"wp-block-button__link wp-element-button\" href=\"https:\/\/billetterie-le-petit-louvre.tickandlive.com\/evenement\/dom-juan\" target=\"_blank\" rel=\"noreferrer noopener\">R\u00e9servez vos places<\/a><\/div>\n<\/div>\n\n\n\n<p class=\"has-small-font-size\"><\/p>\n\n\n\n<p><\/p>\n\n\n\n<p><\/p>\n","protected":false},"excerpt":{"rendered":"<p>DOM JUANde Moli\u00e8re CR\u00c9ATION 2026 19h20 &#8211; CHAPELLE DES TEMPLIERS du 4 au 25 juillet 2026 . Rel\u00e2che le jeudi (9, 16 et 23 juillet)Dur\u00e9e 1h20 &#8211; A partir de 10 ans &#8211; Tarifs B 24\/17\/12 euros. Adaptation, mise en sc\u00e8ne et lumi\u00e8res : Emmanuel Besnault Avec : Elisa Benizio, Guillaume Collignon, Valentin Fruitier, J\u00e9r\u00f4me [&hellip;]<\/p>\n","protected":false},"author":3,"featured_media":0,"parent":0,"menu_order":0,"comment_status":"closed","ping_status":"closed","template":"","meta":{"_uag_custom_page_level_css":"","site-sidebar-layout":"default","site-content-layout":"","ast-site-content-layout":"default","site-content-style":"default","site-sidebar-style":"default","ast-global-header-display":"","ast-banner-title-visibility":"","ast-main-header-display":"","ast-hfb-above-header-display":"","ast-hfb-below-header-display":"","ast-hfb-mobile-header-display":"","site-post-title":"disabled","ast-breadcrumbs-content":"","ast-featured-img":"","footer-sml-layout":"","ast-disable-related-posts":"","theme-transparent-header-meta":"","adv-header-id-meta":"","stick-header-meta":"","header-above-stick-meta":"","header-main-stick-meta":"","header-below-stick-meta":"","astra-migrate-meta-layouts":"set","ast-page-background-enabled":"default","ast-page-background-meta":{"desktop":{"background-color":"var(--ast-global-color-4)","background-image":"","background-repeat":"repeat","background-position":"center center","background-size":"auto","background-attachment":"scroll","background-type":"","background-media":"","overlay-type":"","overlay-color":"","overlay-gradient":""},"tablet":{"background-color":"","background-image":"","background-repeat":"repeat","background-position":"center center","background-size":"auto","background-attachment":"scroll","background-type":"","background-media":"","overlay-type":"","overlay-color":"","overlay-gradient":""},"mobile":{"background-color":"","background-image":"","background-repeat":"repeat","background-position":"center center","background-size":"auto","background-attachment":"scroll","background-type":"","background-media":"","overlay-type":"","overlay-color":"","overlay-gradient":""}},"ast-content-background-meta":{"desktop":{"background-color":"var(--ast-global-color-5)","background-image":"","background-repeat":"repeat","background-position":"center center","background-size":"auto","background-attachment":"scroll","background-type":"","background-media":"","overlay-type":"","overlay-color":"","overlay-gradient":""},"tablet":{"background-color":"var(--ast-global-color-5)","background-image":"","background-repeat":"repeat","background-position":"center center","background-size":"auto","background-attachment":"scroll","background-type":"","background-media":"","overlay-type":"","overlay-color":"","overlay-gradient":""},"mobile":{"background-color":"var(--ast-global-color-5)","background-image":"","background-repeat":"repeat","background-position":"center center","background-size":"auto","background-attachment":"scroll","background-type":"","background-media":"","overlay-type":"","overlay-color":"","overlay-gradient":""}},"footnotes":"","_links_to":"","_links_to_target":""},"categories":[],"tags":[],"class_list":["post-4735","page","type-page","status-publish","hentry"],"yoast_head":"<!-- This site is optimized with the Yoast SEO plugin v27.6 - https:\/\/yoast.com\/product\/yoast-seo-wordpress\/ -->\n<title>PL26 - DOM JUAN - Le Petit Louvre<\/title>\n<meta name=\"description\" content=\"Chaque \u00e9t\u00e9, un th\u00e9\u00e2tre au c\u0153ur d&#039;Avignon, Festival off : des textes, des auteurs, des autrices, des acteurs, des actrices. Deux salles climatis\u00e9es, 15 spectacles, un bar-restaurant.\" \/>\n<meta name=\"robots\" content=\"index, follow, max-snippet:-1, max-image-preview:large, max-video-preview:-1\" \/>\n<link rel=\"canonical\" href=\"https:\/\/theatre-petit-louvre.fr\/avignon\/pl26-dom-juan\/\" \/>\n<meta property=\"og:locale\" content=\"fr_FR\" \/>\n<meta property=\"og:type\" content=\"article\" \/>\n<meta property=\"og:title\" content=\"PL26 - DOM JUAN - Le Petit Louvre\" \/>\n<meta property=\"og:description\" content=\"Chaque \u00e9t\u00e9, un th\u00e9\u00e2tre au c\u0153ur d&#039;Avignon, Festival off : des textes, des auteurs, des autrices, des acteurs, des actrices. Deux salles climatis\u00e9es, 15 spectacles, un bar-restaurant.\" \/>\n<meta property=\"og:url\" content=\"https:\/\/theatre-petit-louvre.fr\/avignon\/pl26-dom-juan\/\" \/>\n<meta property=\"og:site_name\" content=\"Le Petit Louvre\" \/>\n<meta property=\"article:modified_time\" content=\"2026-04-17T14:01:29+00:00\" \/>\n<meta property=\"og:image\" content=\"https:\/\/theatre-petit-louvre.fr\/avignon\/wp-content\/uploads\/2026\/03\/DOM-JUAN-affiche-vierge.jpeg\" \/>\n\t<meta property=\"og:image:width\" content=\"400\" \/>\n\t<meta property=\"og:image:height\" content=\"600\" \/>\n\t<meta property=\"og:image:type\" content=\"image\/jpeg\" \/>\n<meta name=\"twitter:label1\" content=\"Dur\u00e9e de lecture estim\u00e9e\" \/>\n\t<meta name=\"twitter:data1\" content=\"1 minute\" \/>\n<script type=\"application\/ld+json\" class=\"yoast-schema-graph\">{\"@context\":\"https:\\\/\\\/schema.org\",\"@graph\":[{\"@type\":\"WebPage\",\"@id\":\"https:\\\/\\\/theatre-petit-louvre.fr\\\/avignon\\\/pl26-dom-juan\\\/\",\"url\":\"https:\\\/\\\/theatre-petit-louvre.fr\\\/avignon\\\/pl26-dom-juan\\\/\",\"name\":\"PL26 - DOM JUAN - Le Petit Louvre\",\"isPartOf\":{\"@id\":\"https:\\\/\\\/theatre-petit-louvre.fr\\\/avignon\\\/#website\"},\"primaryImageOfPage\":{\"@id\":\"https:\\\/\\\/theatre-petit-louvre.fr\\\/avignon\\\/pl26-dom-juan\\\/#primaryimage\"},\"image\":{\"@id\":\"https:\\\/\\\/theatre-petit-louvre.fr\\\/avignon\\\/pl26-dom-juan\\\/#primaryimage\"},\"thumbnailUrl\":\"https:\\\/\\\/theatre-petit-louvre.fr\\\/avignon\\\/wp-content\\\/uploads\\\/2026\\\/03\\\/DOM-JUAN-affiche-vierge-340x510.jpeg\",\"datePublished\":\"2026-04-13T15:50:20+00:00\",\"dateModified\":\"2026-04-17T14:01:29+00:00\",\"description\":\"Chaque \u00e9t\u00e9, un th\u00e9\u00e2tre au c\u0153ur d'Avignon, Festival off : des textes, des auteurs, des autrices, des acteurs, des actrices. Deux salles climatis\u00e9es, 15 spectacles, un bar-restaurant.\",\"breadcrumb\":{\"@id\":\"https:\\\/\\\/theatre-petit-louvre.fr\\\/avignon\\\/pl26-dom-juan\\\/#breadcrumb\"},\"inLanguage\":\"fr-FR\",\"potentialAction\":[{\"@type\":\"ReadAction\",\"target\":[\"https:\\\/\\\/theatre-petit-louvre.fr\\\/avignon\\\/pl26-dom-juan\\\/\"]}]},{\"@type\":\"ImageObject\",\"inLanguage\":\"fr-FR\",\"@id\":\"https:\\\/\\\/theatre-petit-louvre.fr\\\/avignon\\\/pl26-dom-juan\\\/#primaryimage\",\"url\":\"https:\\\/\\\/theatre-petit-louvre.fr\\\/avignon\\\/wp-content\\\/uploads\\\/2026\\\/03\\\/DOM-JUAN-affiche-vierge.jpeg\",\"contentUrl\":\"https:\\\/\\\/theatre-petit-louvre.fr\\\/avignon\\\/wp-content\\\/uploads\\\/2026\\\/03\\\/DOM-JUAN-affiche-vierge.jpeg\",\"width\":400,\"height\":600,\"caption\":\"\u00a9 Th\u00e9o Martin\"},{\"@type\":\"BreadcrumbList\",\"@id\":\"https:\\\/\\\/theatre-petit-louvre.fr\\\/avignon\\\/pl26-dom-juan\\\/#breadcrumb\",\"itemListElement\":[{\"@type\":\"ListItem\",\"position\":1,\"name\":\"Home\",\"item\":\"https:\\\/\\\/theatre-petit-louvre.fr\\\/avignon\\\/\"},{\"@type\":\"ListItem\",\"position\":2,\"name\":\"PL26 &#8211; DOM JUAN\"}]},{\"@type\":\"WebSite\",\"@id\":\"https:\\\/\\\/theatre-petit-louvre.fr\\\/avignon\\\/#website\",\"url\":\"https:\\\/\\\/theatre-petit-louvre.fr\\\/avignon\\\/\",\"name\":\"Le Petit Louvre\",\"description\":\"un th\u00e9\u00e2tre au c\u0153ur d&#039;Avignon | Festival off\",\"publisher\":{\"@id\":\"https:\\\/\\\/theatre-petit-louvre.fr\\\/avignon\\\/#organization\"},\"potentialAction\":[{\"@type\":\"SearchAction\",\"target\":{\"@type\":\"EntryPoint\",\"urlTemplate\":\"https:\\\/\\\/theatre-petit-louvre.fr\\\/avignon\\\/?s={search_term_string}\"},\"query-input\":{\"@type\":\"PropertyValueSpecification\",\"valueRequired\":true,\"valueName\":\"search_term_string\"}}],\"inLanguage\":\"fr-FR\"},{\"@type\":\"Organization\",\"@id\":\"https:\\\/\\\/theatre-petit-louvre.fr\\\/avignon\\\/#organization\",\"name\":\"Th\u00e9\u00e2tre Le Petit Louvre\",\"url\":\"https:\\\/\\\/theatre-petit-louvre.fr\\\/avignon\\\/\",\"logo\":{\"@type\":\"ImageObject\",\"inLanguage\":\"fr-FR\",\"@id\":\"https:\\\/\\\/theatre-petit-louvre.fr\\\/avignon\\\/#\\\/schema\\\/logo\\\/image\\\/\",\"url\":\"https:\\\/\\\/theatre-petit-louvre.fr\\\/avignon\\\/wp-content\\\/uploads\\\/2022\\\/05\\\/logo_petit-louvre_2008_RVB.png\",\"contentUrl\":\"https:\\\/\\\/theatre-petit-louvre.fr\\\/avignon\\\/wp-content\\\/uploads\\\/2022\\\/05\\\/logo_petit-louvre_2008_RVB.png\",\"width\":374,\"height\":800,\"caption\":\"Th\u00e9\u00e2tre Le Petit Louvre\"},\"image\":{\"@id\":\"https:\\\/\\\/theatre-petit-louvre.fr\\\/avignon\\\/#\\\/schema\\\/logo\\\/image\\\/\"}}]}<\/script>\n<!-- \/ Yoast SEO plugin. -->","yoast_head_json":{"title":"PL26 - DOM JUAN - Le Petit Louvre","description":"Chaque \u00e9t\u00e9, un th\u00e9\u00e2tre au c\u0153ur d'Avignon, Festival off : des textes, des auteurs, des autrices, des acteurs, des actrices. Deux salles climatis\u00e9es, 15 spectacles, un bar-restaurant.","robots":{"index":"index","follow":"follow","max-snippet":"max-snippet:-1","max-image-preview":"max-image-preview:large","max-video-preview":"max-video-preview:-1"},"canonical":"https:\/\/theatre-petit-louvre.fr\/avignon\/pl26-dom-juan\/","og_locale":"fr_FR","og_type":"article","og_title":"PL26 - DOM JUAN - Le Petit Louvre","og_description":"Chaque \u00e9t\u00e9, un th\u00e9\u00e2tre au c\u0153ur d'Avignon, Festival off : des textes, des auteurs, des autrices, des acteurs, des actrices. Deux salles climatis\u00e9es, 15 spectacles, un bar-restaurant.","og_url":"https:\/\/theatre-petit-louvre.fr\/avignon\/pl26-dom-juan\/","og_site_name":"Le Petit Louvre","article_modified_time":"2026-04-17T14:01:29+00:00","og_image":[{"width":400,"height":600,"url":"https:\/\/theatre-petit-louvre.fr\/avignon\/wp-content\/uploads\/2026\/03\/DOM-JUAN-affiche-vierge.jpeg","type":"image\/jpeg"}],"twitter_misc":{"Dur\u00e9e de lecture estim\u00e9e":"1 minute"},"schema":{"@context":"https:\/\/schema.org","@graph":[{"@type":"WebPage","@id":"https:\/\/theatre-petit-louvre.fr\/avignon\/pl26-dom-juan\/","url":"https:\/\/theatre-petit-louvre.fr\/avignon\/pl26-dom-juan\/","name":"PL26 - DOM JUAN - Le Petit Louvre","isPartOf":{"@id":"https:\/\/theatre-petit-louvre.fr\/avignon\/#website"},"primaryImageOfPage":{"@id":"https:\/\/theatre-petit-louvre.fr\/avignon\/pl26-dom-juan\/#primaryimage"},"image":{"@id":"https:\/\/theatre-petit-louvre.fr\/avignon\/pl26-dom-juan\/#primaryimage"},"thumbnailUrl":"https:\/\/theatre-petit-louvre.fr\/avignon\/wp-content\/uploads\/2026\/03\/DOM-JUAN-affiche-vierge-340x510.jpeg","datePublished":"2026-04-13T15:50:20+00:00","dateModified":"2026-04-17T14:01:29+00:00","description":"Chaque \u00e9t\u00e9, un th\u00e9\u00e2tre au c\u0153ur d'Avignon, Festival off : des textes, des auteurs, des autrices, des acteurs, des actrices. Deux salles climatis\u00e9es, 15 spectacles, un bar-restaurant.","breadcrumb":{"@id":"https:\/\/theatre-petit-louvre.fr\/avignon\/pl26-dom-juan\/#breadcrumb"},"inLanguage":"fr-FR","potentialAction":[{"@type":"ReadAction","target":["https:\/\/theatre-petit-louvre.fr\/avignon\/pl26-dom-juan\/"]}]},{"@type":"ImageObject","inLanguage":"fr-FR","@id":"https:\/\/theatre-petit-louvre.fr\/avignon\/pl26-dom-juan\/#primaryimage","url":"https:\/\/theatre-petit-louvre.fr\/avignon\/wp-content\/uploads\/2026\/03\/DOM-JUAN-affiche-vierge.jpeg","contentUrl":"https:\/\/theatre-petit-louvre.fr\/avignon\/wp-content\/uploads\/2026\/03\/DOM-JUAN-affiche-vierge.jpeg","width":400,"height":600,"caption":"\u00a9 Th\u00e9o Martin"},{"@type":"BreadcrumbList","@id":"https:\/\/theatre-petit-louvre.fr\/avignon\/pl26-dom-juan\/#breadcrumb","itemListElement":[{"@type":"ListItem","position":1,"name":"Home","item":"https:\/\/theatre-petit-louvre.fr\/avignon\/"},{"@type":"ListItem","position":2,"name":"PL26 &#8211; DOM JUAN"}]},{"@type":"WebSite","@id":"https:\/\/theatre-petit-louvre.fr\/avignon\/#website","url":"https:\/\/theatre-petit-louvre.fr\/avignon\/","name":"Le Petit Louvre","description":"un th\u00e9\u00e2tre au c\u0153ur d&#039;Avignon | Festival off","publisher":{"@id":"https:\/\/theatre-petit-louvre.fr\/avignon\/#organization"},"potentialAction":[{"@type":"SearchAction","target":{"@type":"EntryPoint","urlTemplate":"https:\/\/theatre-petit-louvre.fr\/avignon\/?s={search_term_string}"},"query-input":{"@type":"PropertyValueSpecification","valueRequired":true,"valueName":"search_term_string"}}],"inLanguage":"fr-FR"},{"@type":"Organization","@id":"https:\/\/theatre-petit-louvre.fr\/avignon\/#organization","name":"Th\u00e9\u00e2tre Le Petit Louvre","url":"https:\/\/theatre-petit-louvre.fr\/avignon\/","logo":{"@type":"ImageObject","inLanguage":"fr-FR","@id":"https:\/\/theatre-petit-louvre.fr\/avignon\/#\/schema\/logo\/image\/","url":"https:\/\/theatre-petit-louvre.fr\/avignon\/wp-content\/uploads\/2022\/05\/logo_petit-louvre_2008_RVB.png","contentUrl":"https:\/\/theatre-petit-louvre.fr\/avignon\/wp-content\/uploads\/2022\/05\/logo_petit-louvre_2008_RVB.png","width":374,"height":800,"caption":"Th\u00e9\u00e2tre Le Petit Louvre"},"image":{"@id":"https:\/\/theatre-petit-louvre.fr\/avignon\/#\/schema\/logo\/image\/"}}]}},"uagb_featured_image_src":{"full":false,"thumbnail":false,"medium":false,"medium_large":false,"large":false,"1536x1536":false,"2048x2048":false},"uagb_author_info":{"display_name":"Jocelyne","author_link":"https:\/\/theatre-petit-louvre.fr\/avignon\/author\/jocelyne\/"},"uagb_comment_info":0,"uagb_excerpt":"DOM JUANde Moli\u00e8re CR\u00c9ATION 2026 19h20 &#8211; CHAPELLE DES TEMPLIERS du 4 au 25 juillet 2026 . Rel\u00e2che le jeudi (9, 16 et 23 juillet)Dur\u00e9e 1h20 &#8211; A partir de 10 ans &#8211; Tarifs B 24\/17\/12 euros. Adaptation, mise en sc\u00e8ne et lumi\u00e8res : Emmanuel Besnault Avec : Elisa Benizio, Guillaume Collignon, Valentin Fruitier, J\u00e9r\u00f4me\u2026","_links":{"self":[{"href":"https:\/\/theatre-petit-louvre.fr\/avignon\/wp-json\/wp\/v2\/pages\/4735","targetHints":{"allow":["GET"]}}],"collection":[{"href":"https:\/\/theatre-petit-louvre.fr\/avignon\/wp-json\/wp\/v2\/pages"}],"about":[{"href":"https:\/\/theatre-petit-louvre.fr\/avignon\/wp-json\/wp\/v2\/types\/page"}],"author":[{"embeddable":true,"href":"https:\/\/theatre-petit-louvre.fr\/avignon\/wp-json\/wp\/v2\/users\/3"}],"replies":[{"embeddable":true,"href":"https:\/\/theatre-petit-louvre.fr\/avignon\/wp-json\/wp\/v2\/comments?post=4735"}],"version-history":[{"count":26,"href":"https:\/\/theatre-petit-louvre.fr\/avignon\/wp-json\/wp\/v2\/pages\/4735\/revisions"}],"predecessor-version":[{"id":5293,"href":"https:\/\/theatre-petit-louvre.fr\/avignon\/wp-json\/wp\/v2\/pages\/4735\/revisions\/5293"}],"wp:attachment":[{"href":"https:\/\/theatre-petit-louvre.fr\/avignon\/wp-json\/wp\/v2\/media?parent=4735"}],"wp:term":[{"taxonomy":"category","embeddable":true,"href":"https:\/\/theatre-petit-louvre.fr\/avignon\/wp-json\/wp\/v2\/categories?post=4735"},{"taxonomy":"post_tag","embeddable":true,"href":"https:\/\/theatre-petit-louvre.fr\/avignon\/wp-json\/wp\/v2\/tags?post=4735"}],"curies":[{"name":"wp","href":"https:\/\/api.w.org\/{rel}","templated":true}]}}