{"id":64,"date":"2013-05-18T10:22:55","date_gmt":"2013-05-18T09:22:55","guid":{"rendered":"http:\/\/theatrelepetitlouvre.com\/avignon\/?page_id=64"},"modified":"2014-02-12T16:38:27","modified_gmt":"2014-02-12T15:38:27","slug":"la-pitie-dangereuse-2","status":"publish","type":"page","link":"https:\/\/theatre-petit-louvre.fr\/avignon\/archives\/2013-2\/la-pitie-dangereuse-2\/","title":{"rendered":"La Piti\u00e9 dangereuse"},"content":{"rendered":"<p><strong>Un amour impossible<\/strong><\/p>\n<p>D\u2019apr\u00e8s le roman de<strong>\u00a0Stefan Zweig<br \/>\n<\/strong>\u00a0Adaptation <strong>\u00c9lodie Menant<\/strong>.\u00a0Mise en sc\u00e8ne\u00a0<strong>St\u00e9phane Olivi\u00e9-Bisson<\/strong><\/p>\n<p><a href=\"http:\/\/theatrelepetitlouvre.com\/avignon\/wp-content\/uploads\/2013\/05\/La-Pitie-dangereuse1.jpg\" rel=\"lightbox[64]\"><img loading=\"lazy\" decoding=\"async\" class=\"alignnone size-full wp-image-449\" alt=\"La-Pitie-dangereuse\" src=\"http:\/\/theatrelepetitlouvre.com\/avignon\/wp-content\/uploads\/2013\/05\/La-Pitie-dangereuse1.jpg\" width=\"509\" height=\"269\" srcset=\"https:\/\/theatre-petit-louvre.fr\/avignon\/wp-content\/uploads\/2013\/05\/La-Pitie-dangereuse1.jpg 509w, https:\/\/theatre-petit-louvre.fr\/avignon\/wp-content\/uploads\/2013\/05\/La-Pitie-dangereuse1-300x158.jpg 300w\" sizes=\"auto, (max-width: 509px) 100vw, 509px\" \/><\/a><\/p>\n<p><strong>La lente descente aux enfers\u00a0d\u2019un jeune officier pris\u00a0au pi\u00e8ge de la compassion.<\/strong><br \/>\n<strong> Un roman splendide\u00a0et bouleversant,\u00a0un voyage sans retour\u00a0du c\u00f4t\u00e9 de notre face<\/strong><br \/>\n<strong> cach\u00e9e, t\u00e9n\u00e9breuse<\/strong><\/p>\n<p>Lors d\u2019un bal costum\u00e9\u00a0auquel il est invit\u00e9, un\u00a0jeune officier verra sa vie\u00a0basculer. Ignorant qu\u2019Edith,<br \/>\nla jeune fille de la maison,\u00a0est parapl\u00e9gique, il l\u2019invite \u00e0\u00a0danser. Pouss\u00e9 par la piti\u00e9\u00a0et d\u00e9sireux de r\u00e9parer sa\u00a0m\u00e9prise, il lui rend des visites\u00a0assidues. Edith, surnomm\u00e9e\u00a0l\u2019Hirondelle, en tombe \u00a0follement\u00a0amoureuse.<br \/>\nAvec la pr\u00e9cision d\u2019un horloger,\u00a0Stefan Zweig d\u00e9roule\u00a0une histoire d\u2019amour tragique\u00a0o\u00f9 se m\u00ealent finesse\u00a0psychologique et fond historique.\u00a0Le monde, comme\u00a0les \u00e2mes, est au bord du\u00a0gouffre.<br \/>\nUne histoire d\u2019amour captivante\u00a0qui a s\u00e9duit \u00c9lodie\u00a0Menant qui l\u2019a adapt\u00e9e pour\u00a0la sc\u00e8ne non seulement\u00a0pour le style incomparable,\u00a0mais aussi et surtout pour\u00a0les questions pos\u00e9es :<br \/>\nQuelle importance accorder\u00a0au regard des autres ?\u00a0Est-il possible d\u2019occulter\u00a0un amour naissant par peur\u00a0des conventions sociales ?\u00a0Qu\u2019est-ce que l\u2019amour ?\u00a0Quelles sont les limites de\u00a0la piti\u00e9, qui pi\u00e8ge-t-elle ?\u00a0\u00ab C\u2019est, indique le metteur en\u00a0sc\u00e8ne, cette m\u00e9canique des\u00a0valeurs trop en place et tout\u00a0ce qu\u2019elle g\u00e9n\u00e8re et d\u00e9g\u00e9n\u00e8re\u00a0en chacun de nous que\u00a0j\u2019ai eu envie d\u2019explorer et de\u00a0d\u00e9monter, de m\u2019appliquer \u00e0\u00a0observer le cauchemar de\u00a0cette ronde d\u2019instincts et\u00a0de sentiments \u00e0 la mani\u00e8re\u00a0des chevaux aveugl\u00e9s d\u2019un\u00a0man\u00e8ge infernal \u00bb.\u00a0\u00c0 chacun d\u00e8s lors, de d\u00e9m\u00ealer\u00a0le bouquet de ces fleurs\u00a0morales s\u00e9duisantes et\u00a0v\u00e9n\u00e9neuses.<\/p>\n","protected":false},"excerpt":{"rendered":"<p>Un amour impossible D\u2019apr\u00e8s le roman de\u00a0Stefan Zweig \u00a0Adaptation \u00c9lodie Menant.\u00a0Mise en sc\u00e8ne\u00a0St\u00e9phane Olivi\u00e9-Bisson La lente descente aux enfers\u00a0d\u2019un jeune officier pris\u00a0au pi\u00e8ge de la compassion. Un roman splendide\u00a0et bouleversant,\u00a0un voyage sans retour\u00a0du c\u00f4t\u00e9 de notre face cach\u00e9e, t\u00e9n\u00e9breuse Lors d\u2019un bal costum\u00e9\u00a0auquel il est invit\u00e9, un\u00a0jeune officier verra sa vie\u00a0basculer. Ignorant qu\u2019Edith, la jeune [&hellip;]<\/p>\n","protected":false},"author":1,"featured_media":0,"parent":548,"menu_order":6,"comment_status":"open","ping_status":"closed","template":"","meta":{"_uag_custom_page_level_css":"","site-sidebar-layout":"default","site-content-layout":"","ast-site-content-layout":"default","site-content-style":"default","site-sidebar-style":"default","ast-global-header-display":"","ast-banner-title-visibility":"","ast-main-header-display":"","ast-hfb-above-header-display":"","ast-hfb-below-header-display":"","ast-hfb-mobile-header-display":"","site-post-title":"","ast-breadcrumbs-content":"","ast-featured-img":"","footer-sml-layout":"","ast-disable-related-posts":"","theme-transparent-header-meta":"","adv-header-id-meta":"","stick-header-meta":"","header-above-stick-meta":"","header-main-stick-meta":"","header-below-stick-meta":"","astra-migrate-meta-layouts":"default","ast-page-background-enabled":"default","ast-page-background-meta":{"desktop":{"background-color":"var(--ast-global-color-4)","background-image":"","background-repeat":"repeat","background-position":"center center","background-size":"auto","background-attachment":"scroll","background-type":"","background-media":"","overlay-type":"","overlay-color":"","overlay-opacity":"","overlay-gradient":""},"tablet":{"background-color":"","background-image":"","background-repeat":"repeat","background-position":"center center","background-size":"auto","background-attachment":"scroll","background-type":"","background-media":"","overlay-type":"","overlay-color":"","overlay-opacity":"","overlay-gradient":""},"mobile":{"background-color":"","background-image":"","background-repeat":"repeat","background-position":"center center","background-size":"auto","background-attachment":"scroll","background-type":"","background-media":"","overlay-type":"","overlay-color":"","overlay-opacity":"","overlay-gradient":""}},"ast-content-background-meta":{"desktop":{"background-color":"var(--ast-global-color-5)","background-image":"","background-repeat":"repeat","background-position":"center center","background-size":"auto","background-attachment":"scroll","background-type":"","background-media":"","overlay-type":"","overlay-color":"","overlay-opacity":"","overlay-gradient":""},"tablet":{"background-color":"var(--ast-global-color-5)","background-image":"","background-repeat":"repeat","background-position":"center center","background-size":"auto","background-attachment":"scroll","background-type":"","background-media":"","overlay-type":"","overlay-color":"","overlay-opacity":"","overlay-gradient":""},"mobile":{"background-color":"var(--ast-global-color-5)","background-image":"","background-repeat":"repeat","background-position":"center center","background-size":"auto","background-attachment":"scroll","background-type":"","background-media":"","overlay-type":"","overlay-color":"","overlay-opacity":"","overlay-gradient":""}},"footnotes":"","_links_to":"","_links_to_target":""},"categories":[],"tags":[],"class_list":["post-64","page","type-page","status-publish","hentry"],"yoast_head":"<!-- This site is optimized with the Yoast SEO plugin v27.5 - https:\/\/yoast.com\/product\/yoast-seo-wordpress\/ -->\n<title>La Piti\u00e9 dangereuse - Le Petit Louvre<\/title>\n<meta name=\"description\" content=\"Chaque \u00e9t\u00e9, un th\u00e9\u00e2tre au c\u0153ur d&#039;Avignon, Festival off : des textes, des auteurs, des autrices, des acteurs, des actrices. Deux salles climatis\u00e9es, 15 spectacles, un bar-restaurant.\" \/>\n<meta name=\"robots\" content=\"index, follow, max-snippet:-1, max-image-preview:large, max-video-preview:-1\" \/>\n<link rel=\"canonical\" href=\"https:\/\/theatre-petit-louvre.fr\/avignon\/archives\/2013-2\/la-pitie-dangereuse-2\/\" \/>\n<meta property=\"og:locale\" content=\"fr_FR\" \/>\n<meta property=\"og:type\" content=\"article\" \/>\n<meta property=\"og:title\" content=\"La Piti\u00e9 dangereuse - Le Petit Louvre\" \/>\n<meta property=\"og:description\" content=\"Chaque \u00e9t\u00e9, un th\u00e9\u00e2tre au c\u0153ur d&#039;Avignon, Festival off : des textes, des auteurs, des autrices, des acteurs, des actrices. Deux salles climatis\u00e9es, 15 spectacles, un bar-restaurant.\" \/>\n<meta property=\"og:url\" content=\"https:\/\/theatre-petit-louvre.fr\/avignon\/archives\/2013-2\/la-pitie-dangereuse-2\/\" \/>\n<meta property=\"og:site_name\" content=\"Le Petit Louvre\" \/>\n<meta property=\"article:modified_time\" content=\"2014-02-12T15:38:27+00:00\" \/>\n<meta property=\"og:image\" content=\"http:\/\/theatrelepetitlouvre.com\/avignon\/wp-content\/uploads\/2013\/05\/La-Pitie-dangereuse1.jpg\" \/>\n<meta name=\"twitter:label1\" content=\"Dur\u00e9e de lecture estim\u00e9e\" \/>\n\t<meta name=\"twitter:data1\" content=\"2 minutes\" \/>\n<script type=\"application\/ld+json\" class=\"yoast-schema-graph\">{\"@context\":\"https:\\\/\\\/schema.org\",\"@graph\":[{\"@type\":\"WebPage\",\"@id\":\"https:\\\/\\\/theatre-petit-louvre.fr\\\/avignon\\\/archives\\\/2013-2\\\/la-pitie-dangereuse-2\\\/\",\"url\":\"https:\\\/\\\/theatre-petit-louvre.fr\\\/avignon\\\/archives\\\/2013-2\\\/la-pitie-dangereuse-2\\\/\",\"name\":\"La Piti\u00e9 dangereuse - Le Petit Louvre\",\"isPartOf\":{\"@id\":\"https:\\\/\\\/theatre-petit-louvre.fr\\\/avignon\\\/#website\"},\"primaryImageOfPage\":{\"@id\":\"https:\\\/\\\/theatre-petit-louvre.fr\\\/avignon\\\/archives\\\/2013-2\\\/la-pitie-dangereuse-2\\\/#primaryimage\"},\"image\":{\"@id\":\"https:\\\/\\\/theatre-petit-louvre.fr\\\/avignon\\\/archives\\\/2013-2\\\/la-pitie-dangereuse-2\\\/#primaryimage\"},\"thumbnailUrl\":\"http:\\\/\\\/theatrelepetitlouvre.com\\\/avignon\\\/wp-content\\\/uploads\\\/2013\\\/05\\\/La-Pitie-dangereuse1.jpg\",\"datePublished\":\"2013-05-18T09:22:55+00:00\",\"dateModified\":\"2014-02-12T15:38:27+00:00\",\"description\":\"Chaque \u00e9t\u00e9, un th\u00e9\u00e2tre au c\u0153ur d'Avignon, Festival off : des textes, des auteurs, des autrices, des acteurs, des actrices. Deux salles climatis\u00e9es, 15 spectacles, un bar-restaurant.\",\"breadcrumb\":{\"@id\":\"https:\\\/\\\/theatre-petit-louvre.fr\\\/avignon\\\/archives\\\/2013-2\\\/la-pitie-dangereuse-2\\\/#breadcrumb\"},\"inLanguage\":\"fr-FR\",\"potentialAction\":[{\"@type\":\"ReadAction\",\"target\":[\"https:\\\/\\\/theatre-petit-louvre.fr\\\/avignon\\\/archives\\\/2013-2\\\/la-pitie-dangereuse-2\\\/\"]}]},{\"@type\":\"ImageObject\",\"inLanguage\":\"fr-FR\",\"@id\":\"https:\\\/\\\/theatre-petit-louvre.fr\\\/avignon\\\/archives\\\/2013-2\\\/la-pitie-dangereuse-2\\\/#primaryimage\",\"url\":\"http:\\\/\\\/theatrelepetitlouvre.com\\\/avignon\\\/wp-content\\\/uploads\\\/2013\\\/05\\\/La-Pitie-dangereuse1.jpg\",\"contentUrl\":\"http:\\\/\\\/theatrelepetitlouvre.com\\\/avignon\\\/wp-content\\\/uploads\\\/2013\\\/05\\\/La-Pitie-dangereuse1.jpg\"},{\"@type\":\"BreadcrumbList\",\"@id\":\"https:\\\/\\\/theatre-petit-louvre.fr\\\/avignon\\\/archives\\\/2013-2\\\/la-pitie-dangereuse-2\\\/#breadcrumb\",\"itemListElement\":[{\"@type\":\"ListItem\",\"position\":1,\"name\":\"Home\",\"item\":\"https:\\\/\\\/theatre-petit-louvre.fr\\\/avignon\\\/\"},{\"@type\":\"ListItem\",\"position\":2,\"name\":\"Archives\",\"item\":\"https:\\\/\\\/theatre-petit-louvre.fr\\\/avignon\\\/archives\\\/\"},{\"@type\":\"ListItem\",\"position\":3,\"name\":\"2013\",\"item\":\"https:\\\/\\\/theatre-petit-louvre.fr\\\/avignon\\\/archives\\\/2013-2\\\/\"},{\"@type\":\"ListItem\",\"position\":4,\"name\":\"La Piti\u00e9 dangereuse\"}]},{\"@type\":\"WebSite\",\"@id\":\"https:\\\/\\\/theatre-petit-louvre.fr\\\/avignon\\\/#website\",\"url\":\"https:\\\/\\\/theatre-petit-louvre.fr\\\/avignon\\\/\",\"name\":\"Le Petit Louvre\",\"description\":\"un th\u00e9\u00e2tre au c\u0153ur d&#039;Avignon | Festival off\",\"publisher\":{\"@id\":\"https:\\\/\\\/theatre-petit-louvre.fr\\\/avignon\\\/#organization\"},\"potentialAction\":[{\"@type\":\"SearchAction\",\"target\":{\"@type\":\"EntryPoint\",\"urlTemplate\":\"https:\\\/\\\/theatre-petit-louvre.fr\\\/avignon\\\/?s={search_term_string}\"},\"query-input\":{\"@type\":\"PropertyValueSpecification\",\"valueRequired\":true,\"valueName\":\"search_term_string\"}}],\"inLanguage\":\"fr-FR\"},{\"@type\":\"Organization\",\"@id\":\"https:\\\/\\\/theatre-petit-louvre.fr\\\/avignon\\\/#organization\",\"name\":\"Th\u00e9\u00e2tre Le Petit Louvre\",\"url\":\"https:\\\/\\\/theatre-petit-louvre.fr\\\/avignon\\\/\",\"logo\":{\"@type\":\"ImageObject\",\"inLanguage\":\"fr-FR\",\"@id\":\"https:\\\/\\\/theatre-petit-louvre.fr\\\/avignon\\\/#\\\/schema\\\/logo\\\/image\\\/\",\"url\":\"https:\\\/\\\/theatre-petit-louvre.fr\\\/avignon\\\/wp-content\\\/uploads\\\/2022\\\/05\\\/logo_petit-louvre_2008_RVB.png\",\"contentUrl\":\"https:\\\/\\\/theatre-petit-louvre.fr\\\/avignon\\\/wp-content\\\/uploads\\\/2022\\\/05\\\/logo_petit-louvre_2008_RVB.png\",\"width\":374,\"height\":800,\"caption\":\"Th\u00e9\u00e2tre Le Petit Louvre\"},\"image\":{\"@id\":\"https:\\\/\\\/theatre-petit-louvre.fr\\\/avignon\\\/#\\\/schema\\\/logo\\\/image\\\/\"}}]}<\/script>\n<!-- \/ Yoast SEO plugin. -->","yoast_head_json":{"title":"La Piti\u00e9 dangereuse - Le Petit Louvre","description":"Chaque \u00e9t\u00e9, un th\u00e9\u00e2tre au c\u0153ur d'Avignon, Festival off : des textes, des auteurs, des autrices, des acteurs, des actrices. Deux salles climatis\u00e9es, 15 spectacles, un bar-restaurant.","robots":{"index":"index","follow":"follow","max-snippet":"max-snippet:-1","max-image-preview":"max-image-preview:large","max-video-preview":"max-video-preview:-1"},"canonical":"https:\/\/theatre-petit-louvre.fr\/avignon\/archives\/2013-2\/la-pitie-dangereuse-2\/","og_locale":"fr_FR","og_type":"article","og_title":"La Piti\u00e9 dangereuse - Le Petit Louvre","og_description":"Chaque \u00e9t\u00e9, un th\u00e9\u00e2tre au c\u0153ur d'Avignon, Festival off : des textes, des auteurs, des autrices, des acteurs, des actrices. Deux salles climatis\u00e9es, 15 spectacles, un bar-restaurant.","og_url":"https:\/\/theatre-petit-louvre.fr\/avignon\/archives\/2013-2\/la-pitie-dangereuse-2\/","og_site_name":"Le Petit Louvre","article_modified_time":"2014-02-12T15:38:27+00:00","og_image":[{"url":"http:\/\/theatrelepetitlouvre.com\/avignon\/wp-content\/uploads\/2013\/05\/La-Pitie-dangereuse1.jpg","type":"","width":"","height":""}],"twitter_misc":{"Dur\u00e9e de lecture estim\u00e9e":"2 minutes"},"schema":{"@context":"https:\/\/schema.org","@graph":[{"@type":"WebPage","@id":"https:\/\/theatre-petit-louvre.fr\/avignon\/archives\/2013-2\/la-pitie-dangereuse-2\/","url":"https:\/\/theatre-petit-louvre.fr\/avignon\/archives\/2013-2\/la-pitie-dangereuse-2\/","name":"La Piti\u00e9 dangereuse - Le Petit Louvre","isPartOf":{"@id":"https:\/\/theatre-petit-louvre.fr\/avignon\/#website"},"primaryImageOfPage":{"@id":"https:\/\/theatre-petit-louvre.fr\/avignon\/archives\/2013-2\/la-pitie-dangereuse-2\/#primaryimage"},"image":{"@id":"https:\/\/theatre-petit-louvre.fr\/avignon\/archives\/2013-2\/la-pitie-dangereuse-2\/#primaryimage"},"thumbnailUrl":"http:\/\/theatrelepetitlouvre.com\/avignon\/wp-content\/uploads\/2013\/05\/La-Pitie-dangereuse1.jpg","datePublished":"2013-05-18T09:22:55+00:00","dateModified":"2014-02-12T15:38:27+00:00","description":"Chaque \u00e9t\u00e9, un th\u00e9\u00e2tre au c\u0153ur d'Avignon, Festival off : des textes, des auteurs, des autrices, des acteurs, des actrices. Deux salles climatis\u00e9es, 15 spectacles, un bar-restaurant.","breadcrumb":{"@id":"https:\/\/theatre-petit-louvre.fr\/avignon\/archives\/2013-2\/la-pitie-dangereuse-2\/#breadcrumb"},"inLanguage":"fr-FR","potentialAction":[{"@type":"ReadAction","target":["https:\/\/theatre-petit-louvre.fr\/avignon\/archives\/2013-2\/la-pitie-dangereuse-2\/"]}]},{"@type":"ImageObject","inLanguage":"fr-FR","@id":"https:\/\/theatre-petit-louvre.fr\/avignon\/archives\/2013-2\/la-pitie-dangereuse-2\/#primaryimage","url":"http:\/\/theatrelepetitlouvre.com\/avignon\/wp-content\/uploads\/2013\/05\/La-Pitie-dangereuse1.jpg","contentUrl":"http:\/\/theatrelepetitlouvre.com\/avignon\/wp-content\/uploads\/2013\/05\/La-Pitie-dangereuse1.jpg"},{"@type":"BreadcrumbList","@id":"https:\/\/theatre-petit-louvre.fr\/avignon\/archives\/2013-2\/la-pitie-dangereuse-2\/#breadcrumb","itemListElement":[{"@type":"ListItem","position":1,"name":"Home","item":"https:\/\/theatre-petit-louvre.fr\/avignon\/"},{"@type":"ListItem","position":2,"name":"Archives","item":"https:\/\/theatre-petit-louvre.fr\/avignon\/archives\/"},{"@type":"ListItem","position":3,"name":"2013","item":"https:\/\/theatre-petit-louvre.fr\/avignon\/archives\/2013-2\/"},{"@type":"ListItem","position":4,"name":"La Piti\u00e9 dangereuse"}]},{"@type":"WebSite","@id":"https:\/\/theatre-petit-louvre.fr\/avignon\/#website","url":"https:\/\/theatre-petit-louvre.fr\/avignon\/","name":"Le Petit Louvre","description":"un th\u00e9\u00e2tre au c\u0153ur d&#039;Avignon | Festival off","publisher":{"@id":"https:\/\/theatre-petit-louvre.fr\/avignon\/#organization"},"potentialAction":[{"@type":"SearchAction","target":{"@type":"EntryPoint","urlTemplate":"https:\/\/theatre-petit-louvre.fr\/avignon\/?s={search_term_string}"},"query-input":{"@type":"PropertyValueSpecification","valueRequired":true,"valueName":"search_term_string"}}],"inLanguage":"fr-FR"},{"@type":"Organization","@id":"https:\/\/theatre-petit-louvre.fr\/avignon\/#organization","name":"Th\u00e9\u00e2tre Le Petit Louvre","url":"https:\/\/theatre-petit-louvre.fr\/avignon\/","logo":{"@type":"ImageObject","inLanguage":"fr-FR","@id":"https:\/\/theatre-petit-louvre.fr\/avignon\/#\/schema\/logo\/image\/","url":"https:\/\/theatre-petit-louvre.fr\/avignon\/wp-content\/uploads\/2022\/05\/logo_petit-louvre_2008_RVB.png","contentUrl":"https:\/\/theatre-petit-louvre.fr\/avignon\/wp-content\/uploads\/2022\/05\/logo_petit-louvre_2008_RVB.png","width":374,"height":800,"caption":"Th\u00e9\u00e2tre Le Petit Louvre"},"image":{"@id":"https:\/\/theatre-petit-louvre.fr\/avignon\/#\/schema\/logo\/image\/"}}]}},"uagb_featured_image_src":{"full":false,"thumbnail":false,"medium":false,"medium_large":false,"large":false,"1536x1536":false,"2048x2048":false},"uagb_author_info":{"display_name":"cyber","author_link":"https:\/\/theatre-petit-louvre.fr\/avignon\/author\/cyber\/"},"uagb_comment_info":0,"uagb_excerpt":"Un amour impossible D\u2019apr\u00e8s le roman de\u00a0Stefan Zweig \u00a0Adaptation \u00c9lodie Menant.\u00a0Mise en sc\u00e8ne\u00a0St\u00e9phane Olivi\u00e9-Bisson La lente descente aux enfers\u00a0d\u2019un jeune officier pris\u00a0au pi\u00e8ge de la compassion. Un roman splendide\u00a0et bouleversant,\u00a0un voyage sans retour\u00a0du c\u00f4t\u00e9 de notre face cach\u00e9e, t\u00e9n\u00e9breuse Lors d\u2019un bal costum\u00e9\u00a0auquel il est invit\u00e9, un\u00a0jeune officier verra sa vie\u00a0basculer. Ignorant qu\u2019Edith, la jeune\u2026","_links":{"self":[{"href":"https:\/\/theatre-petit-louvre.fr\/avignon\/wp-json\/wp\/v2\/pages\/64","targetHints":{"allow":["GET"]}}],"collection":[{"href":"https:\/\/theatre-petit-louvre.fr\/avignon\/wp-json\/wp\/v2\/pages"}],"about":[{"href":"https:\/\/theatre-petit-louvre.fr\/avignon\/wp-json\/wp\/v2\/types\/page"}],"author":[{"embeddable":true,"href":"https:\/\/theatre-petit-louvre.fr\/avignon\/wp-json\/wp\/v2\/users\/1"}],"replies":[{"embeddable":true,"href":"https:\/\/theatre-petit-louvre.fr\/avignon\/wp-json\/wp\/v2\/comments?post=64"}],"version-history":[{"count":16,"href":"https:\/\/theatre-petit-louvre.fr\/avignon\/wp-json\/wp\/v2\/pages\/64\/revisions"}],"predecessor-version":[{"id":553,"href":"https:\/\/theatre-petit-louvre.fr\/avignon\/wp-json\/wp\/v2\/pages\/64\/revisions\/553"}],"up":[{"embeddable":true,"href":"https:\/\/theatre-petit-louvre.fr\/avignon\/wp-json\/wp\/v2\/pages\/548"}],"wp:attachment":[{"href":"https:\/\/theatre-petit-louvre.fr\/avignon\/wp-json\/wp\/v2\/media?parent=64"}],"wp:term":[{"taxonomy":"category","embeddable":true,"href":"https:\/\/theatre-petit-louvre.fr\/avignon\/wp-json\/wp\/v2\/categories?post=64"},{"taxonomy":"post_tag","embeddable":true,"href":"https:\/\/theatre-petit-louvre.fr\/avignon\/wp-json\/wp\/v2\/tags?post=64"}],"curies":[{"name":"wp","href":"https:\/\/api.w.org\/{rel}","templated":true}]}}