{"id":67,"date":"2013-05-18T10:28:34","date_gmt":"2013-05-18T09:28:34","guid":{"rendered":"http:\/\/theatrelepetitlouvre.com\/avignon\/?page_id=67"},"modified":"2014-02-12T16:38:35","modified_gmt":"2014-02-12T15:38:35","slug":"angelique-ionatos","status":"publish","type":"page","link":"https:\/\/theatre-petit-louvre.fr\/avignon\/archives\/2013-2\/angelique-ionatos\/","title":{"rendered":"Ang\u00e9lique Ionatos"},"content":{"rendered":"<p><strong>Et les r\u00eaves prendront leur revanche<\/strong><\/p>\n<p>Une nouvelle cr\u00e9ation\u00a0d\u2019<strong>Ang\u00e9lique Ionatos<\/strong><\/p>\n<p><a href=\"http:\/\/theatrelepetitlouvre.com\/avignon\/wp-content\/uploads\/2013\/05\/angelique-ionatos2.jpg\" rel=\"lightbox[67]\"><img loading=\"lazy\" decoding=\"async\" class=\"size-full wp-image-493\" alt=\"angelique-ionatos\" src=\"http:\/\/theatrelepetitlouvre.com\/avignon\/wp-content\/uploads\/2013\/05\/angelique-ionatos2.jpg\" width=\"800\" height=\"449\" srcset=\"https:\/\/theatre-petit-louvre.fr\/avignon\/wp-content\/uploads\/2013\/05\/angelique-ionatos2.jpg 800w, https:\/\/theatre-petit-louvre.fr\/avignon\/wp-content\/uploads\/2013\/05\/angelique-ionatos2-300x168.jpg 300w, https:\/\/theatre-petit-louvre.fr\/avignon\/wp-content\/uploads\/2013\/05\/angelique-ionatos2-624x350.jpg 624w\" sizes=\"auto, (max-width: 800px) 100vw, 800px\" \/><\/a><\/p>\n<p><em><strong>Les po\u00e8tes sont en exil\u00a0mais ils veillent sur notre\u00a0humanit\u00e9. Il est temps\u00a0de les rappeler \u00e0 nous.\u00a0<\/strong><strong>Dans ce spectacle unique,\u00a0chant d\u2019espoir,\u00a0cri d\u2019urgence,\u00a0Ang\u00e9lique Ionatos\u00a0en appelle \u00e0 l\u2019utopie,\u00a0<\/strong><strong>au retour des r\u00eaves,\u00a0du sens, de la beaut\u00e9.<\/strong><\/em><\/p>\n<p>Les po\u00e8tes sont en exil&#8230; Dans notre monde, soumis\u00a0\u00e0 une nouvelle barbarie\u00a0celle de la \u00a0ploutocratie, il\u00a0nous faut les interroger\u00a0pour retrouver la m\u00e9moire\u00a0et l\u2019utopie tout \u00e0 la fois.<br \/>\nCe sont eux qui veillent sur\u00a0notre humanit\u00e9.\u00a0Ma \u00ab belle et \u00e9trange patrie \u00bb\u00a0qui a d\u00e9pos\u00e9 une terre si\u00a0fertile sur mes racines, m\u2019a\u00a0enseign\u00e9 que la po\u00e9sie\u00a0depuis toujours nourrit le\u00a0chant.<br \/>\nEt ce chant peut aussi devenir\u00a0un cri.\u00a0Aujourd\u2019hui la Gr\u00e8ce est\u00a0d\u00e9figur\u00e9e. Les Grecs sont\u00a0humili\u00e9s.\u00a0Le premier devoir d\u2019un\u00a0artiste est de t\u00e9moigner de\u00a0son temps. Et de r\u00e9sister !<br \/>\n\u00ab Chacun selon ses armes \u00bb,\u00a0disait le po\u00e8te Elytis. Pour\u00a0redonner espoir et dignit\u00e9.<br \/>\nSouvent je me sens d\u00e9courag\u00e9e\u00a0et impuissante face \u00e0\u00a0tant de malheur.<br \/>\nParfois je suis m\u00eame tent\u00e9e\u00a0de me taire.<br \/>\nAlors je lis mes po\u00e8tes. Leurs\u00a0mots jamais ne s\u2019oxydent\u00a0\u00e0 l\u2019haleine du d\u00e9sespoir.<br \/>\nLeur parole est politique et\u00a0souvent\u00a0proph\u00e9tique.\u00a0Et voil\u00e0 que l\u2019espoir revient\u00a0comme \u00ab un chant de\u00a0maquisard dans la for\u00eat des\u00a0aromates \u00bb.<br \/>\n\u00ab\u00a0Ce cri et cet espoir vont\u00a0habiter aujourd\u2019hui mon\u00a0propre chant. \u00bb<br \/>\n<strong>Ang\u00e9lique Ionatos<\/strong><\/p>\n","protected":false},"excerpt":{"rendered":"<p>Et les r\u00eaves prendront leur revanche Une nouvelle cr\u00e9ation\u00a0d\u2019Ang\u00e9lique Ionatos Les po\u00e8tes sont en exil\u00a0mais ils veillent sur notre\u00a0humanit\u00e9. Il est temps\u00a0de les rappeler \u00e0 nous.\u00a0Dans ce spectacle unique,\u00a0chant d\u2019espoir,\u00a0cri d\u2019urgence,\u00a0Ang\u00e9lique Ionatos\u00a0en appelle \u00e0 l\u2019utopie,\u00a0au retour des r\u00eaves,\u00a0du sens, de la beaut\u00e9. Les po\u00e8tes sont en exil&#8230; Dans notre monde, soumis\u00a0\u00e0 une nouvelle barbarie\u00a0celle de [&hellip;]<\/p>\n","protected":false},"author":1,"featured_media":0,"parent":548,"menu_order":7,"comment_status":"open","ping_status":"closed","template":"","meta":{"_uag_custom_page_level_css":"","site-sidebar-layout":"default","site-content-layout":"","ast-site-content-layout":"default","site-content-style":"default","site-sidebar-style":"default","ast-global-header-display":"","ast-banner-title-visibility":"","ast-main-header-display":"","ast-hfb-above-header-display":"","ast-hfb-below-header-display":"","ast-hfb-mobile-header-display":"","site-post-title":"","ast-breadcrumbs-content":"","ast-featured-img":"","footer-sml-layout":"","ast-disable-related-posts":"","theme-transparent-header-meta":"","adv-header-id-meta":"","stick-header-meta":"","header-above-stick-meta":"","header-main-stick-meta":"","header-below-stick-meta":"","astra-migrate-meta-layouts":"default","ast-page-background-enabled":"default","ast-page-background-meta":{"desktop":{"background-color":"var(--ast-global-color-4)","background-image":"","background-repeat":"repeat","background-position":"center center","background-size":"auto","background-attachment":"scroll","background-type":"","background-media":"","overlay-type":"","overlay-color":"","overlay-opacity":"","overlay-gradient":""},"tablet":{"background-color":"","background-image":"","background-repeat":"repeat","background-position":"center center","background-size":"auto","background-attachment":"scroll","background-type":"","background-media":"","overlay-type":"","overlay-color":"","overlay-opacity":"","overlay-gradient":""},"mobile":{"background-color":"","background-image":"","background-repeat":"repeat","background-position":"center center","background-size":"auto","background-attachment":"scroll","background-type":"","background-media":"","overlay-type":"","overlay-color":"","overlay-opacity":"","overlay-gradient":""}},"ast-content-background-meta":{"desktop":{"background-color":"var(--ast-global-color-5)","background-image":"","background-repeat":"repeat","background-position":"center center","background-size":"auto","background-attachment":"scroll","background-type":"","background-media":"","overlay-type":"","overlay-color":"","overlay-opacity":"","overlay-gradient":""},"tablet":{"background-color":"var(--ast-global-color-5)","background-image":"","background-repeat":"repeat","background-position":"center center","background-size":"auto","background-attachment":"scroll","background-type":"","background-media":"","overlay-type":"","overlay-color":"","overlay-opacity":"","overlay-gradient":""},"mobile":{"background-color":"var(--ast-global-color-5)","background-image":"","background-repeat":"repeat","background-position":"center center","background-size":"auto","background-attachment":"scroll","background-type":"","background-media":"","overlay-type":"","overlay-color":"","overlay-opacity":"","overlay-gradient":""}},"footnotes":"","_links_to":"","_links_to_target":""},"categories":[],"tags":[],"class_list":["post-67","page","type-page","status-publish","hentry"],"yoast_head":"<!-- This site is optimized with the Yoast SEO plugin v27.5 - https:\/\/yoast.com\/product\/yoast-seo-wordpress\/ -->\n<title>Ang\u00e9lique Ionatos - Le Petit Louvre<\/title>\n<meta name=\"description\" content=\"Chaque \u00e9t\u00e9, un th\u00e9\u00e2tre au c\u0153ur d&#039;Avignon, Festival off : des textes, des auteurs, des autrices, des acteurs, des actrices. Deux salles climatis\u00e9es, 15 spectacles, un bar-restaurant.\" \/>\n<meta name=\"robots\" content=\"index, follow, max-snippet:-1, max-image-preview:large, max-video-preview:-1\" \/>\n<link rel=\"canonical\" href=\"https:\/\/theatre-petit-louvre.fr\/avignon\/archives\/2013-2\/angelique-ionatos\/\" \/>\n<meta property=\"og:locale\" content=\"fr_FR\" \/>\n<meta property=\"og:type\" content=\"article\" \/>\n<meta property=\"og:title\" content=\"Ang\u00e9lique Ionatos - Le Petit Louvre\" \/>\n<meta property=\"og:description\" content=\"Chaque \u00e9t\u00e9, un th\u00e9\u00e2tre au c\u0153ur d&#039;Avignon, Festival off : des textes, des auteurs, des autrices, des acteurs, des actrices. Deux salles climatis\u00e9es, 15 spectacles, un bar-restaurant.\" \/>\n<meta property=\"og:url\" content=\"https:\/\/theatre-petit-louvre.fr\/avignon\/archives\/2013-2\/angelique-ionatos\/\" \/>\n<meta property=\"og:site_name\" content=\"Le Petit Louvre\" \/>\n<meta property=\"article:modified_time\" content=\"2014-02-12T15:38:35+00:00\" \/>\n<meta property=\"og:image\" content=\"http:\/\/theatrelepetitlouvre.com\/avignon\/wp-content\/uploads\/2013\/05\/angelique-ionatos2.jpg\" \/>\n<meta name=\"twitter:label1\" content=\"Dur\u00e9e de lecture estim\u00e9e\" \/>\n\t<meta name=\"twitter:data1\" content=\"1 minute\" \/>\n<script type=\"application\/ld+json\" class=\"yoast-schema-graph\">{\"@context\":\"https:\\\/\\\/schema.org\",\"@graph\":[{\"@type\":\"WebPage\",\"@id\":\"https:\\\/\\\/theatre-petit-louvre.fr\\\/avignon\\\/archives\\\/2013-2\\\/angelique-ionatos\\\/\",\"url\":\"https:\\\/\\\/theatre-petit-louvre.fr\\\/avignon\\\/archives\\\/2013-2\\\/angelique-ionatos\\\/\",\"name\":\"Ang\u00e9lique Ionatos - Le Petit Louvre\",\"isPartOf\":{\"@id\":\"https:\\\/\\\/theatre-petit-louvre.fr\\\/avignon\\\/#website\"},\"primaryImageOfPage\":{\"@id\":\"https:\\\/\\\/theatre-petit-louvre.fr\\\/avignon\\\/archives\\\/2013-2\\\/angelique-ionatos\\\/#primaryimage\"},\"image\":{\"@id\":\"https:\\\/\\\/theatre-petit-louvre.fr\\\/avignon\\\/archives\\\/2013-2\\\/angelique-ionatos\\\/#primaryimage\"},\"thumbnailUrl\":\"http:\\\/\\\/theatrelepetitlouvre.com\\\/avignon\\\/wp-content\\\/uploads\\\/2013\\\/05\\\/angelique-ionatos2.jpg\",\"datePublished\":\"2013-05-18T09:28:34+00:00\",\"dateModified\":\"2014-02-12T15:38:35+00:00\",\"description\":\"Chaque \u00e9t\u00e9, un th\u00e9\u00e2tre au c\u0153ur d'Avignon, Festival off : des textes, des auteurs, des autrices, des acteurs, des actrices. Deux salles climatis\u00e9es, 15 spectacles, un bar-restaurant.\",\"breadcrumb\":{\"@id\":\"https:\\\/\\\/theatre-petit-louvre.fr\\\/avignon\\\/archives\\\/2013-2\\\/angelique-ionatos\\\/#breadcrumb\"},\"inLanguage\":\"fr-FR\",\"potentialAction\":[{\"@type\":\"ReadAction\",\"target\":[\"https:\\\/\\\/theatre-petit-louvre.fr\\\/avignon\\\/archives\\\/2013-2\\\/angelique-ionatos\\\/\"]}]},{\"@type\":\"ImageObject\",\"inLanguage\":\"fr-FR\",\"@id\":\"https:\\\/\\\/theatre-petit-louvre.fr\\\/avignon\\\/archives\\\/2013-2\\\/angelique-ionatos\\\/#primaryimage\",\"url\":\"http:\\\/\\\/theatrelepetitlouvre.com\\\/avignon\\\/wp-content\\\/uploads\\\/2013\\\/05\\\/angelique-ionatos2.jpg\",\"contentUrl\":\"http:\\\/\\\/theatrelepetitlouvre.com\\\/avignon\\\/wp-content\\\/uploads\\\/2013\\\/05\\\/angelique-ionatos2.jpg\"},{\"@type\":\"BreadcrumbList\",\"@id\":\"https:\\\/\\\/theatre-petit-louvre.fr\\\/avignon\\\/archives\\\/2013-2\\\/angelique-ionatos\\\/#breadcrumb\",\"itemListElement\":[{\"@type\":\"ListItem\",\"position\":1,\"name\":\"Home\",\"item\":\"https:\\\/\\\/theatre-petit-louvre.fr\\\/avignon\\\/\"},{\"@type\":\"ListItem\",\"position\":2,\"name\":\"Archives\",\"item\":\"https:\\\/\\\/theatre-petit-louvre.fr\\\/avignon\\\/archives\\\/\"},{\"@type\":\"ListItem\",\"position\":3,\"name\":\"2013\",\"item\":\"https:\\\/\\\/theatre-petit-louvre.fr\\\/avignon\\\/archives\\\/2013-2\\\/\"},{\"@type\":\"ListItem\",\"position\":4,\"name\":\"Ang\u00e9lique Ionatos\"}]},{\"@type\":\"WebSite\",\"@id\":\"https:\\\/\\\/theatre-petit-louvre.fr\\\/avignon\\\/#website\",\"url\":\"https:\\\/\\\/theatre-petit-louvre.fr\\\/avignon\\\/\",\"name\":\"Le Petit Louvre\",\"description\":\"un th\u00e9\u00e2tre au c\u0153ur d&#039;Avignon | Festival off\",\"publisher\":{\"@id\":\"https:\\\/\\\/theatre-petit-louvre.fr\\\/avignon\\\/#organization\"},\"potentialAction\":[{\"@type\":\"SearchAction\",\"target\":{\"@type\":\"EntryPoint\",\"urlTemplate\":\"https:\\\/\\\/theatre-petit-louvre.fr\\\/avignon\\\/?s={search_term_string}\"},\"query-input\":{\"@type\":\"PropertyValueSpecification\",\"valueRequired\":true,\"valueName\":\"search_term_string\"}}],\"inLanguage\":\"fr-FR\"},{\"@type\":\"Organization\",\"@id\":\"https:\\\/\\\/theatre-petit-louvre.fr\\\/avignon\\\/#organization\",\"name\":\"Th\u00e9\u00e2tre Le Petit Louvre\",\"url\":\"https:\\\/\\\/theatre-petit-louvre.fr\\\/avignon\\\/\",\"logo\":{\"@type\":\"ImageObject\",\"inLanguage\":\"fr-FR\",\"@id\":\"https:\\\/\\\/theatre-petit-louvre.fr\\\/avignon\\\/#\\\/schema\\\/logo\\\/image\\\/\",\"url\":\"https:\\\/\\\/theatre-petit-louvre.fr\\\/avignon\\\/wp-content\\\/uploads\\\/2022\\\/05\\\/logo_petit-louvre_2008_RVB.png\",\"contentUrl\":\"https:\\\/\\\/theatre-petit-louvre.fr\\\/avignon\\\/wp-content\\\/uploads\\\/2022\\\/05\\\/logo_petit-louvre_2008_RVB.png\",\"width\":374,\"height\":800,\"caption\":\"Th\u00e9\u00e2tre Le Petit Louvre\"},\"image\":{\"@id\":\"https:\\\/\\\/theatre-petit-louvre.fr\\\/avignon\\\/#\\\/schema\\\/logo\\\/image\\\/\"}}]}<\/script>\n<!-- \/ Yoast SEO plugin. -->","yoast_head_json":{"title":"Ang\u00e9lique Ionatos - Le Petit Louvre","description":"Chaque \u00e9t\u00e9, un th\u00e9\u00e2tre au c\u0153ur d'Avignon, Festival off : des textes, des auteurs, des autrices, des acteurs, des actrices. Deux salles climatis\u00e9es, 15 spectacles, un bar-restaurant.","robots":{"index":"index","follow":"follow","max-snippet":"max-snippet:-1","max-image-preview":"max-image-preview:large","max-video-preview":"max-video-preview:-1"},"canonical":"https:\/\/theatre-petit-louvre.fr\/avignon\/archives\/2013-2\/angelique-ionatos\/","og_locale":"fr_FR","og_type":"article","og_title":"Ang\u00e9lique Ionatos - Le Petit Louvre","og_description":"Chaque \u00e9t\u00e9, un th\u00e9\u00e2tre au c\u0153ur d'Avignon, Festival off : des textes, des auteurs, des autrices, des acteurs, des actrices. Deux salles climatis\u00e9es, 15 spectacles, un bar-restaurant.","og_url":"https:\/\/theatre-petit-louvre.fr\/avignon\/archives\/2013-2\/angelique-ionatos\/","og_site_name":"Le Petit Louvre","article_modified_time":"2014-02-12T15:38:35+00:00","og_image":[{"url":"http:\/\/theatrelepetitlouvre.com\/avignon\/wp-content\/uploads\/2013\/05\/angelique-ionatos2.jpg","type":"","width":"","height":""}],"twitter_misc":{"Dur\u00e9e de lecture estim\u00e9e":"1 minute"},"schema":{"@context":"https:\/\/schema.org","@graph":[{"@type":"WebPage","@id":"https:\/\/theatre-petit-louvre.fr\/avignon\/archives\/2013-2\/angelique-ionatos\/","url":"https:\/\/theatre-petit-louvre.fr\/avignon\/archives\/2013-2\/angelique-ionatos\/","name":"Ang\u00e9lique Ionatos - Le Petit Louvre","isPartOf":{"@id":"https:\/\/theatre-petit-louvre.fr\/avignon\/#website"},"primaryImageOfPage":{"@id":"https:\/\/theatre-petit-louvre.fr\/avignon\/archives\/2013-2\/angelique-ionatos\/#primaryimage"},"image":{"@id":"https:\/\/theatre-petit-louvre.fr\/avignon\/archives\/2013-2\/angelique-ionatos\/#primaryimage"},"thumbnailUrl":"http:\/\/theatrelepetitlouvre.com\/avignon\/wp-content\/uploads\/2013\/05\/angelique-ionatos2.jpg","datePublished":"2013-05-18T09:28:34+00:00","dateModified":"2014-02-12T15:38:35+00:00","description":"Chaque \u00e9t\u00e9, un th\u00e9\u00e2tre au c\u0153ur d'Avignon, Festival off : des textes, des auteurs, des autrices, des acteurs, des actrices. Deux salles climatis\u00e9es, 15 spectacles, un bar-restaurant.","breadcrumb":{"@id":"https:\/\/theatre-petit-louvre.fr\/avignon\/archives\/2013-2\/angelique-ionatos\/#breadcrumb"},"inLanguage":"fr-FR","potentialAction":[{"@type":"ReadAction","target":["https:\/\/theatre-petit-louvre.fr\/avignon\/archives\/2013-2\/angelique-ionatos\/"]}]},{"@type":"ImageObject","inLanguage":"fr-FR","@id":"https:\/\/theatre-petit-louvre.fr\/avignon\/archives\/2013-2\/angelique-ionatos\/#primaryimage","url":"http:\/\/theatrelepetitlouvre.com\/avignon\/wp-content\/uploads\/2013\/05\/angelique-ionatos2.jpg","contentUrl":"http:\/\/theatrelepetitlouvre.com\/avignon\/wp-content\/uploads\/2013\/05\/angelique-ionatos2.jpg"},{"@type":"BreadcrumbList","@id":"https:\/\/theatre-petit-louvre.fr\/avignon\/archives\/2013-2\/angelique-ionatos\/#breadcrumb","itemListElement":[{"@type":"ListItem","position":1,"name":"Home","item":"https:\/\/theatre-petit-louvre.fr\/avignon\/"},{"@type":"ListItem","position":2,"name":"Archives","item":"https:\/\/theatre-petit-louvre.fr\/avignon\/archives\/"},{"@type":"ListItem","position":3,"name":"2013","item":"https:\/\/theatre-petit-louvre.fr\/avignon\/archives\/2013-2\/"},{"@type":"ListItem","position":4,"name":"Ang\u00e9lique Ionatos"}]},{"@type":"WebSite","@id":"https:\/\/theatre-petit-louvre.fr\/avignon\/#website","url":"https:\/\/theatre-petit-louvre.fr\/avignon\/","name":"Le Petit Louvre","description":"un th\u00e9\u00e2tre au c\u0153ur d&#039;Avignon | Festival off","publisher":{"@id":"https:\/\/theatre-petit-louvre.fr\/avignon\/#organization"},"potentialAction":[{"@type":"SearchAction","target":{"@type":"EntryPoint","urlTemplate":"https:\/\/theatre-petit-louvre.fr\/avignon\/?s={search_term_string}"},"query-input":{"@type":"PropertyValueSpecification","valueRequired":true,"valueName":"search_term_string"}}],"inLanguage":"fr-FR"},{"@type":"Organization","@id":"https:\/\/theatre-petit-louvre.fr\/avignon\/#organization","name":"Th\u00e9\u00e2tre Le Petit Louvre","url":"https:\/\/theatre-petit-louvre.fr\/avignon\/","logo":{"@type":"ImageObject","inLanguage":"fr-FR","@id":"https:\/\/theatre-petit-louvre.fr\/avignon\/#\/schema\/logo\/image\/","url":"https:\/\/theatre-petit-louvre.fr\/avignon\/wp-content\/uploads\/2022\/05\/logo_petit-louvre_2008_RVB.png","contentUrl":"https:\/\/theatre-petit-louvre.fr\/avignon\/wp-content\/uploads\/2022\/05\/logo_petit-louvre_2008_RVB.png","width":374,"height":800,"caption":"Th\u00e9\u00e2tre Le Petit Louvre"},"image":{"@id":"https:\/\/theatre-petit-louvre.fr\/avignon\/#\/schema\/logo\/image\/"}}]}},"uagb_featured_image_src":{"full":false,"thumbnail":false,"medium":false,"medium_large":false,"large":false,"1536x1536":false,"2048x2048":false},"uagb_author_info":{"display_name":"cyber","author_link":"https:\/\/theatre-petit-louvre.fr\/avignon\/author\/cyber\/"},"uagb_comment_info":0,"uagb_excerpt":"Et les r\u00eaves prendront leur revanche Une nouvelle cr\u00e9ation\u00a0d\u2019Ang\u00e9lique Ionatos Les po\u00e8tes sont en exil\u00a0mais ils veillent sur notre\u00a0humanit\u00e9. Il est temps\u00a0de les rappeler \u00e0 nous.\u00a0Dans ce spectacle unique,\u00a0chant d\u2019espoir,\u00a0cri d\u2019urgence,\u00a0Ang\u00e9lique Ionatos\u00a0en appelle \u00e0 l\u2019utopie,\u00a0au retour des r\u00eaves,\u00a0du sens, de la beaut\u00e9. Les po\u00e8tes sont en exil&#8230; Dans notre monde, soumis\u00a0\u00e0 une nouvelle barbarie\u00a0celle de\u2026","_links":{"self":[{"href":"https:\/\/theatre-petit-louvre.fr\/avignon\/wp-json\/wp\/v2\/pages\/67","targetHints":{"allow":["GET"]}}],"collection":[{"href":"https:\/\/theatre-petit-louvre.fr\/avignon\/wp-json\/wp\/v2\/pages"}],"about":[{"href":"https:\/\/theatre-petit-louvre.fr\/avignon\/wp-json\/wp\/v2\/types\/page"}],"author":[{"embeddable":true,"href":"https:\/\/theatre-petit-louvre.fr\/avignon\/wp-json\/wp\/v2\/users\/1"}],"replies":[{"embeddable":true,"href":"https:\/\/theatre-petit-louvre.fr\/avignon\/wp-json\/wp\/v2\/comments?post=67"}],"version-history":[{"count":19,"href":"https:\/\/theatre-petit-louvre.fr\/avignon\/wp-json\/wp\/v2\/pages\/67\/revisions"}],"predecessor-version":[{"id":554,"href":"https:\/\/theatre-petit-louvre.fr\/avignon\/wp-json\/wp\/v2\/pages\/67\/revisions\/554"}],"up":[{"embeddable":true,"href":"https:\/\/theatre-petit-louvre.fr\/avignon\/wp-json\/wp\/v2\/pages\/548"}],"wp:attachment":[{"href":"https:\/\/theatre-petit-louvre.fr\/avignon\/wp-json\/wp\/v2\/media?parent=67"}],"wp:term":[{"taxonomy":"category","embeddable":true,"href":"https:\/\/theatre-petit-louvre.fr\/avignon\/wp-json\/wp\/v2\/categories?post=67"},{"taxonomy":"post_tag","embeddable":true,"href":"https:\/\/theatre-petit-louvre.fr\/avignon\/wp-json\/wp\/v2\/tags?post=67"}],"curies":[{"name":"wp","href":"https:\/\/api.w.org\/{rel}","templated":true}]}}