{"id":71,"date":"2013-05-18T10:29:30","date_gmt":"2013-05-18T09:29:30","guid":{"rendered":"http:\/\/theatrelepetitlouvre.com\/avignon\/?page_id=71"},"modified":"2014-02-12T16:38:47","modified_gmt":"2014-02-12T15:38:47","slug":"les-jumeaux-venitiens","status":"publish","type":"page","link":"https:\/\/theatre-petit-louvre.fr\/avignon\/archives\/2013-2\/les-jumeaux-venitiens\/","title":{"rendered":"Les Jumeaux v\u00e9nitiens"},"content":{"rendered":"<p><strong>La folie Goldoni sur fond des ann\u00e9es folles<\/strong><\/p>\n<p>De<strong> Carlo Goldoni\u00a0<\/strong>Mise en sc\u00e8ne <strong>Anthony Magnie<\/strong>r<\/p>\n<p><a href=\"http:\/\/theatrelepetitlouvre.com\/avignon\/wp-content\/uploads\/2013\/05\/jumeaux-venitiens.jpg\" rel=\"lightbox[71]\"><img loading=\"lazy\" decoding=\"async\" class=\"alignnone size-full wp-image-310\" alt=\"jumeaux-venitiens\" src=\"http:\/\/theatrelepetitlouvre.com\/avignon\/wp-content\/uploads\/2013\/05\/jumeaux-venitiens.jpg\" width=\"509\" height=\"269\" srcset=\"https:\/\/theatre-petit-louvre.fr\/avignon\/wp-content\/uploads\/2013\/05\/jumeaux-venitiens.jpg 509w, https:\/\/theatre-petit-louvre.fr\/avignon\/wp-content\/uploads\/2013\/05\/jumeaux-venitiens-300x158.jpg 300w, https:\/\/theatre-petit-louvre.fr\/avignon\/wp-content\/uploads\/2013\/05\/jumeaux-venitiens-250x132.jpg 250w\" sizes=\"auto, (max-width: 509px) 100vw, 509px\" \/><\/a><\/p>\n<p><strong>Deux fr\u00e8res jumeaux\u00a0qui s\u2019ignorent d\u00e9barquent \u00e0\u00a0Venise. Sur fond de mariage\u00a0arrang\u00e9, s\u2019en suit\u00a0une folle journ\u00e9e \u00e9maill\u00e9e\u00a0d\u2019hilarants quiproquos\u00a0assaisonn\u00e9s d\u2019embrouilles\u00a0et de carambouilles<\/strong><\/p>\n<p>Apr\u00e8s le cynisme de\u00a0Tartuffe, le panache\u00a0de Cyrano, le myst\u00e8re de\u00a0Dom Juan, Viva la Commedia<br \/>\nrenoue avec la grande\u00a0com\u00e9die et s\u2019empare du rire\u00a0acide de Goldoni.\u00a0S\u00e9par\u00e9s \u00e0 leur naissance,<br \/>\ndeux fr\u00e8res jumeaux se\u00a0rendent sans le savoir et par\u00a0hasard \u00e0 V\u00e9rone. Zanetto\u00a0y vient pour se marier et\u00a0Tonino pour retrouver la\u00a0femme qu\u2019il aime. Si leur\u00a0ressemblance les fait\u00a0prendre l\u2019un pour l\u2019autre,\u00a0leur personnalit\u00e9, elle, est\u00a0diam\u00e9tralement oppos\u00e9e.\u00a0L\u2019un, Zanetto, rustre \u00e9lev\u00e9 \u00e0\u00a0la \u00a0campagne est aussi riche\u00a0que balourd, l\u2019autre, Tonino,\u00a0homme du monde \u00e9lev\u00e9 \u00e0\u00a0Venise, est fin et spirituel\u00a0autant que d\u00e9sargent\u00e9. Leur\u00a0coexistence, dans la m\u00eame\u00a0ville, engendre un tourbillon<br \/>\nde situations d\u2019autant plus\u00a0incongrues que Goldoni ne\u00a0l\u00e9sine pas sur le quiproquo qu\u2019il pousse au paroxysme,\u00a0histoire de lancer ses\u00a0jumeaux-l\u00e0 dans le jeu de\u00a0quilles de l\u2019ordre social.\u00a0Sous l\u2019\u00e9clat de rire, Goldoni\u00a0s\u2019en prend \u00e0 une soci\u00e9t\u00e9\u00a0v\u00e9nitienne alors en d\u00e9clin\u00a0\u00e9conomique, politique et\u00a0moral.<br \/>\nUne folle soci\u00e9t\u00e9 dont Anthony\u00a0Magnier trouve un \u00e9cho\u00a0dans les extravagances de\u00a0l\u2019entre-deux guerres. Aussi\u00a0pour pimenter l\u2019intrigue et\u00a0en souligner la noirceur,\u00a0d\u00e9porte-t-il les personnages<br \/>\ndans les ann\u00e9es vingt et les\u00a0rythmes endiabl\u00e9s du charleston.\u00a0\u00ab Le corps dans le\u00a0th\u00e9\u00e2tre de Goldoni est, dit-il,\u00a0un mat\u00e9riau aussi puissant\u00a0que le texte pour faire exploser\u00a0le rire dans des situations\u00a0inconfortables qui rendent\u00a0ce th\u00e9\u00e2tre burlesque. \u00bb<\/p>\n","protected":false},"excerpt":{"rendered":"<p>La folie Goldoni sur fond des ann\u00e9es folles De Carlo Goldoni\u00a0Mise en sc\u00e8ne Anthony Magnier Deux fr\u00e8res jumeaux\u00a0qui s\u2019ignorent d\u00e9barquent \u00e0\u00a0Venise. Sur fond de mariage\u00a0arrang\u00e9, s\u2019en suit\u00a0une folle journ\u00e9e \u00e9maill\u00e9e\u00a0d\u2019hilarants quiproquos\u00a0assaisonn\u00e9s d\u2019embrouilles\u00a0et de carambouilles Apr\u00e8s le cynisme de\u00a0Tartuffe, le panache\u00a0de Cyrano, le myst\u00e8re de\u00a0Dom Juan, Viva la Commedia renoue avec la grande\u00a0com\u00e9die et s\u2019empare du [&hellip;]<\/p>\n","protected":false},"author":1,"featured_media":0,"parent":548,"menu_order":9,"comment_status":"open","ping_status":"closed","template":"","meta":{"_uag_custom_page_level_css":"","site-sidebar-layout":"default","site-content-layout":"","ast-site-content-layout":"default","site-content-style":"default","site-sidebar-style":"default","ast-global-header-display":"","ast-banner-title-visibility":"","ast-main-header-display":"","ast-hfb-above-header-display":"","ast-hfb-below-header-display":"","ast-hfb-mobile-header-display":"","site-post-title":"","ast-breadcrumbs-content":"","ast-featured-img":"","footer-sml-layout":"","ast-disable-related-posts":"","theme-transparent-header-meta":"","adv-header-id-meta":"","stick-header-meta":"","header-above-stick-meta":"","header-main-stick-meta":"","header-below-stick-meta":"","astra-migrate-meta-layouts":"default","ast-page-background-enabled":"default","ast-page-background-meta":{"desktop":{"background-color":"var(--ast-global-color-4)","background-image":"","background-repeat":"repeat","background-position":"center center","background-size":"auto","background-attachment":"scroll","background-type":"","background-media":"","overlay-type":"","overlay-color":"","overlay-opacity":"","overlay-gradient":""},"tablet":{"background-color":"","background-image":"","background-repeat":"repeat","background-position":"center center","background-size":"auto","background-attachment":"scroll","background-type":"","background-media":"","overlay-type":"","overlay-color":"","overlay-opacity":"","overlay-gradient":""},"mobile":{"background-color":"","background-image":"","background-repeat":"repeat","background-position":"center center","background-size":"auto","background-attachment":"scroll","background-type":"","background-media":"","overlay-type":"","overlay-color":"","overlay-opacity":"","overlay-gradient":""}},"ast-content-background-meta":{"desktop":{"background-color":"var(--ast-global-color-5)","background-image":"","background-repeat":"repeat","background-position":"center center","background-size":"auto","background-attachment":"scroll","background-type":"","background-media":"","overlay-type":"","overlay-color":"","overlay-opacity":"","overlay-gradient":""},"tablet":{"background-color":"var(--ast-global-color-5)","background-image":"","background-repeat":"repeat","background-position":"center center","background-size":"auto","background-attachment":"scroll","background-type":"","background-media":"","overlay-type":"","overlay-color":"","overlay-opacity":"","overlay-gradient":""},"mobile":{"background-color":"var(--ast-global-color-5)","background-image":"","background-repeat":"repeat","background-position":"center center","background-size":"auto","background-attachment":"scroll","background-type":"","background-media":"","overlay-type":"","overlay-color":"","overlay-opacity":"","overlay-gradient":""}},"footnotes":"","_links_to":"","_links_to_target":""},"categories":[],"tags":[],"class_list":["post-71","page","type-page","status-publish","hentry"],"yoast_head":"<!-- This site is optimized with the Yoast SEO plugin v27.3 - https:\/\/yoast.com\/product\/yoast-seo-wordpress\/ -->\n<title>Les Jumeaux v\u00e9nitiens - Le Petit Louvre<\/title>\n<meta name=\"description\" content=\"Chaque \u00e9t\u00e9, un th\u00e9\u00e2tre au c\u0153ur d&#039;Avignon, Festival off : des textes, des auteurs, des autrices, des acteurs, des actrices. Deux salles climatis\u00e9es, 15 spectacles, un bar-restaurant.\" \/>\n<meta name=\"robots\" content=\"index, follow, max-snippet:-1, max-image-preview:large, max-video-preview:-1\" \/>\n<link rel=\"canonical\" href=\"https:\/\/theatre-petit-louvre.fr\/avignon\/archives\/2013-2\/les-jumeaux-venitiens\/\" \/>\n<meta property=\"og:locale\" content=\"fr_FR\" \/>\n<meta property=\"og:type\" content=\"article\" \/>\n<meta property=\"og:title\" content=\"Les Jumeaux v\u00e9nitiens - Le Petit Louvre\" \/>\n<meta property=\"og:description\" content=\"Chaque \u00e9t\u00e9, un th\u00e9\u00e2tre au c\u0153ur d&#039;Avignon, Festival off : des textes, des auteurs, des autrices, des acteurs, des actrices. Deux salles climatis\u00e9es, 15 spectacles, un bar-restaurant.\" \/>\n<meta property=\"og:url\" content=\"https:\/\/theatre-petit-louvre.fr\/avignon\/archives\/2013-2\/les-jumeaux-venitiens\/\" \/>\n<meta property=\"og:site_name\" content=\"Le Petit Louvre\" \/>\n<meta property=\"article:modified_time\" content=\"2014-02-12T15:38:47+00:00\" \/>\n<meta property=\"og:image\" content=\"http:\/\/theatrelepetitlouvre.com\/avignon\/wp-content\/uploads\/2013\/05\/jumeaux-venitiens.jpg\" \/>\n<meta name=\"twitter:label1\" content=\"Dur\u00e9e de lecture estim\u00e9e\" \/>\n\t<meta name=\"twitter:data1\" content=\"2 minutes\" \/>\n<script type=\"application\/ld+json\" class=\"yoast-schema-graph\">{\"@context\":\"https:\\\/\\\/schema.org\",\"@graph\":[{\"@type\":\"WebPage\",\"@id\":\"https:\\\/\\\/theatre-petit-louvre.fr\\\/avignon\\\/archives\\\/2013-2\\\/les-jumeaux-venitiens\\\/\",\"url\":\"https:\\\/\\\/theatre-petit-louvre.fr\\\/avignon\\\/archives\\\/2013-2\\\/les-jumeaux-venitiens\\\/\",\"name\":\"Les Jumeaux v\u00e9nitiens - Le Petit Louvre\",\"isPartOf\":{\"@id\":\"https:\\\/\\\/theatre-petit-louvre.fr\\\/avignon\\\/#website\"},\"primaryImageOfPage\":{\"@id\":\"https:\\\/\\\/theatre-petit-louvre.fr\\\/avignon\\\/archives\\\/2013-2\\\/les-jumeaux-venitiens\\\/#primaryimage\"},\"image\":{\"@id\":\"https:\\\/\\\/theatre-petit-louvre.fr\\\/avignon\\\/archives\\\/2013-2\\\/les-jumeaux-venitiens\\\/#primaryimage\"},\"thumbnailUrl\":\"http:\\\/\\\/theatrelepetitlouvre.com\\\/avignon\\\/wp-content\\\/uploads\\\/2013\\\/05\\\/jumeaux-venitiens.jpg\",\"datePublished\":\"2013-05-18T09:29:30+00:00\",\"dateModified\":\"2014-02-12T15:38:47+00:00\",\"description\":\"Chaque \u00e9t\u00e9, un th\u00e9\u00e2tre au c\u0153ur d'Avignon, Festival off : des textes, des auteurs, des autrices, des acteurs, des actrices. Deux salles climatis\u00e9es, 15 spectacles, un bar-restaurant.\",\"breadcrumb\":{\"@id\":\"https:\\\/\\\/theatre-petit-louvre.fr\\\/avignon\\\/archives\\\/2013-2\\\/les-jumeaux-venitiens\\\/#breadcrumb\"},\"inLanguage\":\"fr-FR\",\"potentialAction\":[{\"@type\":\"ReadAction\",\"target\":[\"https:\\\/\\\/theatre-petit-louvre.fr\\\/avignon\\\/archives\\\/2013-2\\\/les-jumeaux-venitiens\\\/\"]}]},{\"@type\":\"ImageObject\",\"inLanguage\":\"fr-FR\",\"@id\":\"https:\\\/\\\/theatre-petit-louvre.fr\\\/avignon\\\/archives\\\/2013-2\\\/les-jumeaux-venitiens\\\/#primaryimage\",\"url\":\"http:\\\/\\\/theatrelepetitlouvre.com\\\/avignon\\\/wp-content\\\/uploads\\\/2013\\\/05\\\/jumeaux-venitiens.jpg\",\"contentUrl\":\"http:\\\/\\\/theatrelepetitlouvre.com\\\/avignon\\\/wp-content\\\/uploads\\\/2013\\\/05\\\/jumeaux-venitiens.jpg\"},{\"@type\":\"BreadcrumbList\",\"@id\":\"https:\\\/\\\/theatre-petit-louvre.fr\\\/avignon\\\/archives\\\/2013-2\\\/les-jumeaux-venitiens\\\/#breadcrumb\",\"itemListElement\":[{\"@type\":\"ListItem\",\"position\":1,\"name\":\"Home\",\"item\":\"https:\\\/\\\/theatre-petit-louvre.fr\\\/avignon\\\/\"},{\"@type\":\"ListItem\",\"position\":2,\"name\":\"Archives\",\"item\":\"https:\\\/\\\/theatre-petit-louvre.fr\\\/avignon\\\/archives\\\/\"},{\"@type\":\"ListItem\",\"position\":3,\"name\":\"2013\",\"item\":\"https:\\\/\\\/theatre-petit-louvre.fr\\\/avignon\\\/archives\\\/2013-2\\\/\"},{\"@type\":\"ListItem\",\"position\":4,\"name\":\"Les Jumeaux v\u00e9nitiens\"}]},{\"@type\":\"WebSite\",\"@id\":\"https:\\\/\\\/theatre-petit-louvre.fr\\\/avignon\\\/#website\",\"url\":\"https:\\\/\\\/theatre-petit-louvre.fr\\\/avignon\\\/\",\"name\":\"Le Petit Louvre\",\"description\":\"un th\u00e9\u00e2tre au c\u0153ur d&#039;Avignon | Festival off\",\"publisher\":{\"@id\":\"https:\\\/\\\/theatre-petit-louvre.fr\\\/avignon\\\/#organization\"},\"potentialAction\":[{\"@type\":\"SearchAction\",\"target\":{\"@type\":\"EntryPoint\",\"urlTemplate\":\"https:\\\/\\\/theatre-petit-louvre.fr\\\/avignon\\\/?s={search_term_string}\"},\"query-input\":{\"@type\":\"PropertyValueSpecification\",\"valueRequired\":true,\"valueName\":\"search_term_string\"}}],\"inLanguage\":\"fr-FR\"},{\"@type\":\"Organization\",\"@id\":\"https:\\\/\\\/theatre-petit-louvre.fr\\\/avignon\\\/#organization\",\"name\":\"Th\u00e9\u00e2tre Le Petit Louvre\",\"url\":\"https:\\\/\\\/theatre-petit-louvre.fr\\\/avignon\\\/\",\"logo\":{\"@type\":\"ImageObject\",\"inLanguage\":\"fr-FR\",\"@id\":\"https:\\\/\\\/theatre-petit-louvre.fr\\\/avignon\\\/#\\\/schema\\\/logo\\\/image\\\/\",\"url\":\"https:\\\/\\\/theatre-petit-louvre.fr\\\/avignon\\\/wp-content\\\/uploads\\\/2022\\\/05\\\/logo_petit-louvre_2008_RVB.png\",\"contentUrl\":\"https:\\\/\\\/theatre-petit-louvre.fr\\\/avignon\\\/wp-content\\\/uploads\\\/2022\\\/05\\\/logo_petit-louvre_2008_RVB.png\",\"width\":374,\"height\":800,\"caption\":\"Th\u00e9\u00e2tre Le Petit Louvre\"},\"image\":{\"@id\":\"https:\\\/\\\/theatre-petit-louvre.fr\\\/avignon\\\/#\\\/schema\\\/logo\\\/image\\\/\"}}]}<\/script>\n<!-- \/ Yoast SEO plugin. -->","yoast_head_json":{"title":"Les Jumeaux v\u00e9nitiens - Le Petit Louvre","description":"Chaque \u00e9t\u00e9, un th\u00e9\u00e2tre au c\u0153ur d'Avignon, Festival off : des textes, des auteurs, des autrices, des acteurs, des actrices. Deux salles climatis\u00e9es, 15 spectacles, un bar-restaurant.","robots":{"index":"index","follow":"follow","max-snippet":"max-snippet:-1","max-image-preview":"max-image-preview:large","max-video-preview":"max-video-preview:-1"},"canonical":"https:\/\/theatre-petit-louvre.fr\/avignon\/archives\/2013-2\/les-jumeaux-venitiens\/","og_locale":"fr_FR","og_type":"article","og_title":"Les Jumeaux v\u00e9nitiens - Le Petit Louvre","og_description":"Chaque \u00e9t\u00e9, un th\u00e9\u00e2tre au c\u0153ur d'Avignon, Festival off : des textes, des auteurs, des autrices, des acteurs, des actrices. Deux salles climatis\u00e9es, 15 spectacles, un bar-restaurant.","og_url":"https:\/\/theatre-petit-louvre.fr\/avignon\/archives\/2013-2\/les-jumeaux-venitiens\/","og_site_name":"Le Petit Louvre","article_modified_time":"2014-02-12T15:38:47+00:00","og_image":[{"url":"http:\/\/theatrelepetitlouvre.com\/avignon\/wp-content\/uploads\/2013\/05\/jumeaux-venitiens.jpg","type":"","width":"","height":""}],"twitter_misc":{"Dur\u00e9e de lecture estim\u00e9e":"2 minutes"},"schema":{"@context":"https:\/\/schema.org","@graph":[{"@type":"WebPage","@id":"https:\/\/theatre-petit-louvre.fr\/avignon\/archives\/2013-2\/les-jumeaux-venitiens\/","url":"https:\/\/theatre-petit-louvre.fr\/avignon\/archives\/2013-2\/les-jumeaux-venitiens\/","name":"Les Jumeaux v\u00e9nitiens - Le Petit Louvre","isPartOf":{"@id":"https:\/\/theatre-petit-louvre.fr\/avignon\/#website"},"primaryImageOfPage":{"@id":"https:\/\/theatre-petit-louvre.fr\/avignon\/archives\/2013-2\/les-jumeaux-venitiens\/#primaryimage"},"image":{"@id":"https:\/\/theatre-petit-louvre.fr\/avignon\/archives\/2013-2\/les-jumeaux-venitiens\/#primaryimage"},"thumbnailUrl":"http:\/\/theatrelepetitlouvre.com\/avignon\/wp-content\/uploads\/2013\/05\/jumeaux-venitiens.jpg","datePublished":"2013-05-18T09:29:30+00:00","dateModified":"2014-02-12T15:38:47+00:00","description":"Chaque \u00e9t\u00e9, un th\u00e9\u00e2tre au c\u0153ur d'Avignon, Festival off : des textes, des auteurs, des autrices, des acteurs, des actrices. Deux salles climatis\u00e9es, 15 spectacles, un bar-restaurant.","breadcrumb":{"@id":"https:\/\/theatre-petit-louvre.fr\/avignon\/archives\/2013-2\/les-jumeaux-venitiens\/#breadcrumb"},"inLanguage":"fr-FR","potentialAction":[{"@type":"ReadAction","target":["https:\/\/theatre-petit-louvre.fr\/avignon\/archives\/2013-2\/les-jumeaux-venitiens\/"]}]},{"@type":"ImageObject","inLanguage":"fr-FR","@id":"https:\/\/theatre-petit-louvre.fr\/avignon\/archives\/2013-2\/les-jumeaux-venitiens\/#primaryimage","url":"http:\/\/theatrelepetitlouvre.com\/avignon\/wp-content\/uploads\/2013\/05\/jumeaux-venitiens.jpg","contentUrl":"http:\/\/theatrelepetitlouvre.com\/avignon\/wp-content\/uploads\/2013\/05\/jumeaux-venitiens.jpg"},{"@type":"BreadcrumbList","@id":"https:\/\/theatre-petit-louvre.fr\/avignon\/archives\/2013-2\/les-jumeaux-venitiens\/#breadcrumb","itemListElement":[{"@type":"ListItem","position":1,"name":"Home","item":"https:\/\/theatre-petit-louvre.fr\/avignon\/"},{"@type":"ListItem","position":2,"name":"Archives","item":"https:\/\/theatre-petit-louvre.fr\/avignon\/archives\/"},{"@type":"ListItem","position":3,"name":"2013","item":"https:\/\/theatre-petit-louvre.fr\/avignon\/archives\/2013-2\/"},{"@type":"ListItem","position":4,"name":"Les Jumeaux v\u00e9nitiens"}]},{"@type":"WebSite","@id":"https:\/\/theatre-petit-louvre.fr\/avignon\/#website","url":"https:\/\/theatre-petit-louvre.fr\/avignon\/","name":"Le Petit Louvre","description":"un th\u00e9\u00e2tre au c\u0153ur d&#039;Avignon | Festival off","publisher":{"@id":"https:\/\/theatre-petit-louvre.fr\/avignon\/#organization"},"potentialAction":[{"@type":"SearchAction","target":{"@type":"EntryPoint","urlTemplate":"https:\/\/theatre-petit-louvre.fr\/avignon\/?s={search_term_string}"},"query-input":{"@type":"PropertyValueSpecification","valueRequired":true,"valueName":"search_term_string"}}],"inLanguage":"fr-FR"},{"@type":"Organization","@id":"https:\/\/theatre-petit-louvre.fr\/avignon\/#organization","name":"Th\u00e9\u00e2tre Le Petit Louvre","url":"https:\/\/theatre-petit-louvre.fr\/avignon\/","logo":{"@type":"ImageObject","inLanguage":"fr-FR","@id":"https:\/\/theatre-petit-louvre.fr\/avignon\/#\/schema\/logo\/image\/","url":"https:\/\/theatre-petit-louvre.fr\/avignon\/wp-content\/uploads\/2022\/05\/logo_petit-louvre_2008_RVB.png","contentUrl":"https:\/\/theatre-petit-louvre.fr\/avignon\/wp-content\/uploads\/2022\/05\/logo_petit-louvre_2008_RVB.png","width":374,"height":800,"caption":"Th\u00e9\u00e2tre Le Petit Louvre"},"image":{"@id":"https:\/\/theatre-petit-louvre.fr\/avignon\/#\/schema\/logo\/image\/"}}]}},"uagb_featured_image_src":{"full":false,"thumbnail":false,"medium":false,"medium_large":false,"large":false,"1536x1536":false,"2048x2048":false},"uagb_author_info":{"display_name":"cyber","author_link":"https:\/\/theatre-petit-louvre.fr\/avignon\/author\/cyber\/"},"uagb_comment_info":0,"uagb_excerpt":"La folie Goldoni sur fond des ann\u00e9es folles De Carlo Goldoni\u00a0Mise en sc\u00e8ne Anthony Magnier Deux fr\u00e8res jumeaux\u00a0qui s\u2019ignorent d\u00e9barquent \u00e0\u00a0Venise. Sur fond de mariage\u00a0arrang\u00e9, s\u2019en suit\u00a0une folle journ\u00e9e \u00e9maill\u00e9e\u00a0d\u2019hilarants quiproquos\u00a0assaisonn\u00e9s d\u2019embrouilles\u00a0et de carambouilles Apr\u00e8s le cynisme de\u00a0Tartuffe, le panache\u00a0de Cyrano, le myst\u00e8re de\u00a0Dom Juan, Viva la Commedia renoue avec la grande\u00a0com\u00e9die et s\u2019empare du\u2026","_links":{"self":[{"href":"https:\/\/theatre-petit-louvre.fr\/avignon\/wp-json\/wp\/v2\/pages\/71","targetHints":{"allow":["GET"]}}],"collection":[{"href":"https:\/\/theatre-petit-louvre.fr\/avignon\/wp-json\/wp\/v2\/pages"}],"about":[{"href":"https:\/\/theatre-petit-louvre.fr\/avignon\/wp-json\/wp\/v2\/types\/page"}],"author":[{"embeddable":true,"href":"https:\/\/theatre-petit-louvre.fr\/avignon\/wp-json\/wp\/v2\/users\/1"}],"replies":[{"embeddable":true,"href":"https:\/\/theatre-petit-louvre.fr\/avignon\/wp-json\/wp\/v2\/comments?post=71"}],"version-history":[{"count":20,"href":"https:\/\/theatre-petit-louvre.fr\/avignon\/wp-json\/wp\/v2\/pages\/71\/revisions"}],"predecessor-version":[{"id":556,"href":"https:\/\/theatre-petit-louvre.fr\/avignon\/wp-json\/wp\/v2\/pages\/71\/revisions\/556"}],"up":[{"embeddable":true,"href":"https:\/\/theatre-petit-louvre.fr\/avignon\/wp-json\/wp\/v2\/pages\/548"}],"wp:attachment":[{"href":"https:\/\/theatre-petit-louvre.fr\/avignon\/wp-json\/wp\/v2\/media?parent=71"}],"wp:term":[{"taxonomy":"category","embeddable":true,"href":"https:\/\/theatre-petit-louvre.fr\/avignon\/wp-json\/wp\/v2\/categories?post=71"},{"taxonomy":"post_tag","embeddable":true,"href":"https:\/\/theatre-petit-louvre.fr\/avignon\/wp-json\/wp\/v2\/tags?post=71"}],"curies":[{"name":"wp","href":"https:\/\/api.w.org\/{rel}","templated":true}]}}