{"id":78,"date":"2013-05-18T10:34:48","date_gmt":"2013-05-18T09:34:48","guid":{"rendered":"http:\/\/theatrelepetitlouvre.com\/avignon\/?page_id=78"},"modified":"2014-02-12T16:39:08","modified_gmt":"2014-02-12T15:39:08","slug":"le-secret-du-temps-plie","status":"publish","type":"page","link":"https:\/\/theatre-petit-louvre.fr\/avignon\/archives\/2013-2\/le-secret-du-temps-plie\/","title":{"rendered":"Le Secret du Temps pli\u00e9"},"content":{"rendered":"<p><strong>Saisir l\u2019insaisissable<\/strong><\/p>\n<p>De et par <strong>Gauthier Fourcade.\u00a0<\/strong>Mise en sc\u00e8ne <strong>Fran\u00e7ois Bourcier<\/strong><\/p>\n<p><a href=\"http:\/\/theatrelepetitlouvre.com\/avignon\/wp-content\/uploads\/2013\/05\/Gauthier-Fourcade.jpg\" rel=\"lightbox[78]\"><img loading=\"lazy\" decoding=\"async\" class=\"alignnone size-full wp-image-317\" alt=\"Gauthier-Fourcade\" src=\"http:\/\/theatrelepetitlouvre.com\/avignon\/wp-content\/uploads\/2013\/05\/Gauthier-Fourcade.jpg\" width=\"509\" height=\"269\" srcset=\"https:\/\/theatre-petit-louvre.fr\/avignon\/wp-content\/uploads\/2013\/05\/Gauthier-Fourcade.jpg 509w, https:\/\/theatre-petit-louvre.fr\/avignon\/wp-content\/uploads\/2013\/05\/Gauthier-Fourcade-300x158.jpg 300w, https:\/\/theatre-petit-louvre.fr\/avignon\/wp-content\/uploads\/2013\/05\/Gauthier-Fourcade-250x132.jpg 250w\" sizes=\"auto, (max-width: 509px) 100vw, 509px\" \/><\/a><\/p>\n<p><strong>Funambule du verbe\u00a0et jongleur de mots,\u00a0\u00e9quilibriste sur le fil du\u00a0pr\u00e9sent, Gauthier \u00a0Fourcade\u00a0remonte le temps pour\u00a0mieux nous d\u00e9voiler les\u00a0secrets de l\u2019enfance et la\u00a0nostalgie du temps pass\u00e9.<\/strong><\/p>\n<p>Un homme, que sa femme\u00a0a quitt\u00e9, a d\u00e9cid\u00e9 de\u00a0regarder le temps passer.\u00a0C\u2019est une activit\u00e9 de \u00a0chaque\u00a0instant, exclusive, car d\u00e8s\u00a0qu\u2019on se divertit, on ne voit\u00a0plus le temps passer !<\/p>\n<p>De cette longue observation,\u00a0il tire une th\u00e9orie r\u00e9volutionnaire\u00a0sur le temps, son origine,\u00a0sa fonction, sa mati\u00e8re,\u00a0sa couleur, ses intentions ; il\u00a0nous explique enfin pourquoi\u00a0la nuit tombe au lieu de\u00a0descendre d\u00e9licatement et\u00a0s\u2019il y a une diff\u00e9rence entre le\u00a0temps qui passe et le temps\u00a0qu\u2019il fait.\u00a0Toutes ces affirmations sont\u00a0\u00e9tay\u00e9es par la logique implacable\u00a0des jeux de mots.\u00a0Mais emport\u00e9 par son discours,\u00a0il se confronte \u00e0 son\u00a0propre pass\u00e9 qui lui livrera\u00a0peu \u00e0 peu ses \u00a0secrets. \u00ab\u00a0Gauthier Fourcade, dit son \u00a0metteur en sc\u00e8ne Fran\u00e7ois\u00a0Bourcier, met en mots d\u2019humour,\u00a0les lois, les incertitudes,\u00a0les th\u00e9ories de la relativit\u00e9\u00a0restreinte ou g\u00e9n\u00e9rale et la\u00a0physique quantique. Jeu\u00a0de mots, jeu de maux parfois\u00a0quand les blessures du\u00a0temps d\u2019un amour qu\u2019on\u00a0croyait immortel s\u2019en va.\u00a0Alors l\u2019humour fait place\u00a0\u00e0 la tendresse. Mais l\u2019humour,\u00a0avec lui, finit toujours\u00a0par avoir le dernier mot\u00a0dans cette histoire sans\u00a0fin. Au-del\u00e0 de cette apparente\u00a0l\u00e9g\u00e8ret\u00e9, il s\u2019interroge sur les\u00a0aspects les plus profonds\u00a0du Temps. Alors, dans ce\u00a0texte qui ondule et se d\u00e9plie\u00a0dans une spirale incessante\u00a0de mots embo\u00eet\u00e9s, d\u00e9tourn\u00e9s,\u00a0recompos\u00e9s, le temps\u00a0semble ne plus exister. \u00bb<\/p>\n<p>La t\u00eate dans les \u00e9toiles, les\u00a0cheveux hirsutes et le regard\u00a0doux, Gauthier Fourcade avance \u00e0 petits pas, sans\u00a0cynisme ni mauvais genre,\u00a0avec l\u2019innocence et la curiosit\u00e9\u00a0de l\u2019enfance.<\/p>\n","protected":false},"excerpt":{"rendered":"<p>Saisir l\u2019insaisissable De et par Gauthier Fourcade.\u00a0Mise en sc\u00e8ne Fran\u00e7ois Bourcier Funambule du verbe\u00a0et jongleur de mots,\u00a0\u00e9quilibriste sur le fil du\u00a0pr\u00e9sent, Gauthier \u00a0Fourcade\u00a0remonte le temps pour\u00a0mieux nous d\u00e9voiler les\u00a0secrets de l\u2019enfance et la\u00a0nostalgie du temps pass\u00e9. Un homme, que sa femme\u00a0a quitt\u00e9, a d\u00e9cid\u00e9 de\u00a0regarder le temps passer.\u00a0C\u2019est une activit\u00e9 de \u00a0chaque\u00a0instant, exclusive, car d\u00e8s\u00a0qu\u2019on [&hellip;]<\/p>\n","protected":false},"author":1,"featured_media":0,"parent":548,"menu_order":12,"comment_status":"open","ping_status":"closed","template":"","meta":{"_uag_custom_page_level_css":"","site-sidebar-layout":"default","site-content-layout":"","ast-site-content-layout":"default","site-content-style":"default","site-sidebar-style":"default","ast-global-header-display":"","ast-banner-title-visibility":"","ast-main-header-display":"","ast-hfb-above-header-display":"","ast-hfb-below-header-display":"","ast-hfb-mobile-header-display":"","site-post-title":"","ast-breadcrumbs-content":"","ast-featured-img":"","footer-sml-layout":"","ast-disable-related-posts":"","theme-transparent-header-meta":"","adv-header-id-meta":"","stick-header-meta":"","header-above-stick-meta":"","header-main-stick-meta":"","header-below-stick-meta":"","astra-migrate-meta-layouts":"default","ast-page-background-enabled":"default","ast-page-background-meta":{"desktop":{"background-color":"var(--ast-global-color-4)","background-image":"","background-repeat":"repeat","background-position":"center center","background-size":"auto","background-attachment":"scroll","background-type":"","background-media":"","overlay-type":"","overlay-color":"","overlay-opacity":"","overlay-gradient":""},"tablet":{"background-color":"","background-image":"","background-repeat":"repeat","background-position":"center center","background-size":"auto","background-attachment":"scroll","background-type":"","background-media":"","overlay-type":"","overlay-color":"","overlay-opacity":"","overlay-gradient":""},"mobile":{"background-color":"","background-image":"","background-repeat":"repeat","background-position":"center center","background-size":"auto","background-attachment":"scroll","background-type":"","background-media":"","overlay-type":"","overlay-color":"","overlay-opacity":"","overlay-gradient":""}},"ast-content-background-meta":{"desktop":{"background-color":"var(--ast-global-color-5)","background-image":"","background-repeat":"repeat","background-position":"center center","background-size":"auto","background-attachment":"scroll","background-type":"","background-media":"","overlay-type":"","overlay-color":"","overlay-opacity":"","overlay-gradient":""},"tablet":{"background-color":"var(--ast-global-color-5)","background-image":"","background-repeat":"repeat","background-position":"center center","background-size":"auto","background-attachment":"scroll","background-type":"","background-media":"","overlay-type":"","overlay-color":"","overlay-opacity":"","overlay-gradient":""},"mobile":{"background-color":"var(--ast-global-color-5)","background-image":"","background-repeat":"repeat","background-position":"center center","background-size":"auto","background-attachment":"scroll","background-type":"","background-media":"","overlay-type":"","overlay-color":"","overlay-opacity":"","overlay-gradient":""}},"footnotes":"","_links_to":"","_links_to_target":""},"categories":[],"tags":[],"class_list":["post-78","page","type-page","status-publish","hentry"],"yoast_head":"<!-- This site is optimized with the Yoast SEO plugin v27.5 - https:\/\/yoast.com\/product\/yoast-seo-wordpress\/ -->\n<title>Le Secret du Temps pli\u00e9 - Le Petit Louvre<\/title>\n<meta name=\"description\" content=\"Chaque \u00e9t\u00e9, un th\u00e9\u00e2tre au c\u0153ur d&#039;Avignon, Festival off : des textes, des auteurs, des autrices, des acteurs, des actrices. Deux salles climatis\u00e9es, 15 spectacles, un bar-restaurant.\" \/>\n<meta name=\"robots\" content=\"index, follow, max-snippet:-1, max-image-preview:large, max-video-preview:-1\" \/>\n<link rel=\"canonical\" href=\"https:\/\/theatre-petit-louvre.fr\/avignon\/archives\/2013-2\/le-secret-du-temps-plie\/\" \/>\n<meta property=\"og:locale\" content=\"fr_FR\" \/>\n<meta property=\"og:type\" content=\"article\" \/>\n<meta property=\"og:title\" content=\"Le Secret du Temps pli\u00e9 - Le Petit Louvre\" \/>\n<meta property=\"og:description\" content=\"Chaque \u00e9t\u00e9, un th\u00e9\u00e2tre au c\u0153ur d&#039;Avignon, Festival off : des textes, des auteurs, des autrices, des acteurs, des actrices. Deux salles climatis\u00e9es, 15 spectacles, un bar-restaurant.\" \/>\n<meta property=\"og:url\" content=\"https:\/\/theatre-petit-louvre.fr\/avignon\/archives\/2013-2\/le-secret-du-temps-plie\/\" \/>\n<meta property=\"og:site_name\" content=\"Le Petit Louvre\" \/>\n<meta property=\"article:modified_time\" content=\"2014-02-12T15:39:08+00:00\" \/>\n<meta property=\"og:image\" content=\"http:\/\/theatrelepetitlouvre.com\/avignon\/wp-content\/uploads\/2013\/05\/Gauthier-Fourcade.jpg\" \/>\n<meta name=\"twitter:label1\" content=\"Dur\u00e9e de lecture estim\u00e9e\" \/>\n\t<meta name=\"twitter:data1\" content=\"2 minutes\" \/>\n<script type=\"application\/ld+json\" class=\"yoast-schema-graph\">{\"@context\":\"https:\\\/\\\/schema.org\",\"@graph\":[{\"@type\":\"WebPage\",\"@id\":\"https:\\\/\\\/theatre-petit-louvre.fr\\\/avignon\\\/archives\\\/2013-2\\\/le-secret-du-temps-plie\\\/\",\"url\":\"https:\\\/\\\/theatre-petit-louvre.fr\\\/avignon\\\/archives\\\/2013-2\\\/le-secret-du-temps-plie\\\/\",\"name\":\"Le Secret du Temps pli\u00e9 - Le Petit Louvre\",\"isPartOf\":{\"@id\":\"https:\\\/\\\/theatre-petit-louvre.fr\\\/avignon\\\/#website\"},\"primaryImageOfPage\":{\"@id\":\"https:\\\/\\\/theatre-petit-louvre.fr\\\/avignon\\\/archives\\\/2013-2\\\/le-secret-du-temps-plie\\\/#primaryimage\"},\"image\":{\"@id\":\"https:\\\/\\\/theatre-petit-louvre.fr\\\/avignon\\\/archives\\\/2013-2\\\/le-secret-du-temps-plie\\\/#primaryimage\"},\"thumbnailUrl\":\"http:\\\/\\\/theatrelepetitlouvre.com\\\/avignon\\\/wp-content\\\/uploads\\\/2013\\\/05\\\/Gauthier-Fourcade.jpg\",\"datePublished\":\"2013-05-18T09:34:48+00:00\",\"dateModified\":\"2014-02-12T15:39:08+00:00\",\"description\":\"Chaque \u00e9t\u00e9, un th\u00e9\u00e2tre au c\u0153ur d'Avignon, Festival off : des textes, des auteurs, des autrices, des acteurs, des actrices. Deux salles climatis\u00e9es, 15 spectacles, un bar-restaurant.\",\"breadcrumb\":{\"@id\":\"https:\\\/\\\/theatre-petit-louvre.fr\\\/avignon\\\/archives\\\/2013-2\\\/le-secret-du-temps-plie\\\/#breadcrumb\"},\"inLanguage\":\"fr-FR\",\"potentialAction\":[{\"@type\":\"ReadAction\",\"target\":[\"https:\\\/\\\/theatre-petit-louvre.fr\\\/avignon\\\/archives\\\/2013-2\\\/le-secret-du-temps-plie\\\/\"]}]},{\"@type\":\"ImageObject\",\"inLanguage\":\"fr-FR\",\"@id\":\"https:\\\/\\\/theatre-petit-louvre.fr\\\/avignon\\\/archives\\\/2013-2\\\/le-secret-du-temps-plie\\\/#primaryimage\",\"url\":\"http:\\\/\\\/theatrelepetitlouvre.com\\\/avignon\\\/wp-content\\\/uploads\\\/2013\\\/05\\\/Gauthier-Fourcade.jpg\",\"contentUrl\":\"http:\\\/\\\/theatrelepetitlouvre.com\\\/avignon\\\/wp-content\\\/uploads\\\/2013\\\/05\\\/Gauthier-Fourcade.jpg\"},{\"@type\":\"BreadcrumbList\",\"@id\":\"https:\\\/\\\/theatre-petit-louvre.fr\\\/avignon\\\/archives\\\/2013-2\\\/le-secret-du-temps-plie\\\/#breadcrumb\",\"itemListElement\":[{\"@type\":\"ListItem\",\"position\":1,\"name\":\"Home\",\"item\":\"https:\\\/\\\/theatre-petit-louvre.fr\\\/avignon\\\/\"},{\"@type\":\"ListItem\",\"position\":2,\"name\":\"Archives\",\"item\":\"https:\\\/\\\/theatre-petit-louvre.fr\\\/avignon\\\/archives\\\/\"},{\"@type\":\"ListItem\",\"position\":3,\"name\":\"2013\",\"item\":\"https:\\\/\\\/theatre-petit-louvre.fr\\\/avignon\\\/archives\\\/2013-2\\\/\"},{\"@type\":\"ListItem\",\"position\":4,\"name\":\"Le Secret du Temps pli\u00e9\"}]},{\"@type\":\"WebSite\",\"@id\":\"https:\\\/\\\/theatre-petit-louvre.fr\\\/avignon\\\/#website\",\"url\":\"https:\\\/\\\/theatre-petit-louvre.fr\\\/avignon\\\/\",\"name\":\"Le Petit Louvre\",\"description\":\"un th\u00e9\u00e2tre au c\u0153ur d&#039;Avignon | Festival off\",\"publisher\":{\"@id\":\"https:\\\/\\\/theatre-petit-louvre.fr\\\/avignon\\\/#organization\"},\"potentialAction\":[{\"@type\":\"SearchAction\",\"target\":{\"@type\":\"EntryPoint\",\"urlTemplate\":\"https:\\\/\\\/theatre-petit-louvre.fr\\\/avignon\\\/?s={search_term_string}\"},\"query-input\":{\"@type\":\"PropertyValueSpecification\",\"valueRequired\":true,\"valueName\":\"search_term_string\"}}],\"inLanguage\":\"fr-FR\"},{\"@type\":\"Organization\",\"@id\":\"https:\\\/\\\/theatre-petit-louvre.fr\\\/avignon\\\/#organization\",\"name\":\"Th\u00e9\u00e2tre Le Petit Louvre\",\"url\":\"https:\\\/\\\/theatre-petit-louvre.fr\\\/avignon\\\/\",\"logo\":{\"@type\":\"ImageObject\",\"inLanguage\":\"fr-FR\",\"@id\":\"https:\\\/\\\/theatre-petit-louvre.fr\\\/avignon\\\/#\\\/schema\\\/logo\\\/image\\\/\",\"url\":\"https:\\\/\\\/theatre-petit-louvre.fr\\\/avignon\\\/wp-content\\\/uploads\\\/2022\\\/05\\\/logo_petit-louvre_2008_RVB.png\",\"contentUrl\":\"https:\\\/\\\/theatre-petit-louvre.fr\\\/avignon\\\/wp-content\\\/uploads\\\/2022\\\/05\\\/logo_petit-louvre_2008_RVB.png\",\"width\":374,\"height\":800,\"caption\":\"Th\u00e9\u00e2tre Le Petit Louvre\"},\"image\":{\"@id\":\"https:\\\/\\\/theatre-petit-louvre.fr\\\/avignon\\\/#\\\/schema\\\/logo\\\/image\\\/\"}}]}<\/script>\n<!-- \/ Yoast SEO plugin. -->","yoast_head_json":{"title":"Le Secret du Temps pli\u00e9 - Le Petit Louvre","description":"Chaque \u00e9t\u00e9, un th\u00e9\u00e2tre au c\u0153ur d'Avignon, Festival off : des textes, des auteurs, des autrices, des acteurs, des actrices. Deux salles climatis\u00e9es, 15 spectacles, un bar-restaurant.","robots":{"index":"index","follow":"follow","max-snippet":"max-snippet:-1","max-image-preview":"max-image-preview:large","max-video-preview":"max-video-preview:-1"},"canonical":"https:\/\/theatre-petit-louvre.fr\/avignon\/archives\/2013-2\/le-secret-du-temps-plie\/","og_locale":"fr_FR","og_type":"article","og_title":"Le Secret du Temps pli\u00e9 - Le Petit Louvre","og_description":"Chaque \u00e9t\u00e9, un th\u00e9\u00e2tre au c\u0153ur d'Avignon, Festival off : des textes, des auteurs, des autrices, des acteurs, des actrices. Deux salles climatis\u00e9es, 15 spectacles, un bar-restaurant.","og_url":"https:\/\/theatre-petit-louvre.fr\/avignon\/archives\/2013-2\/le-secret-du-temps-plie\/","og_site_name":"Le Petit Louvre","article_modified_time":"2014-02-12T15:39:08+00:00","og_image":[{"url":"http:\/\/theatrelepetitlouvre.com\/avignon\/wp-content\/uploads\/2013\/05\/Gauthier-Fourcade.jpg","type":"","width":"","height":""}],"twitter_misc":{"Dur\u00e9e de lecture estim\u00e9e":"2 minutes"},"schema":{"@context":"https:\/\/schema.org","@graph":[{"@type":"WebPage","@id":"https:\/\/theatre-petit-louvre.fr\/avignon\/archives\/2013-2\/le-secret-du-temps-plie\/","url":"https:\/\/theatre-petit-louvre.fr\/avignon\/archives\/2013-2\/le-secret-du-temps-plie\/","name":"Le Secret du Temps pli\u00e9 - Le Petit Louvre","isPartOf":{"@id":"https:\/\/theatre-petit-louvre.fr\/avignon\/#website"},"primaryImageOfPage":{"@id":"https:\/\/theatre-petit-louvre.fr\/avignon\/archives\/2013-2\/le-secret-du-temps-plie\/#primaryimage"},"image":{"@id":"https:\/\/theatre-petit-louvre.fr\/avignon\/archives\/2013-2\/le-secret-du-temps-plie\/#primaryimage"},"thumbnailUrl":"http:\/\/theatrelepetitlouvre.com\/avignon\/wp-content\/uploads\/2013\/05\/Gauthier-Fourcade.jpg","datePublished":"2013-05-18T09:34:48+00:00","dateModified":"2014-02-12T15:39:08+00:00","description":"Chaque \u00e9t\u00e9, un th\u00e9\u00e2tre au c\u0153ur d'Avignon, Festival off : des textes, des auteurs, des autrices, des acteurs, des actrices. Deux salles climatis\u00e9es, 15 spectacles, un bar-restaurant.","breadcrumb":{"@id":"https:\/\/theatre-petit-louvre.fr\/avignon\/archives\/2013-2\/le-secret-du-temps-plie\/#breadcrumb"},"inLanguage":"fr-FR","potentialAction":[{"@type":"ReadAction","target":["https:\/\/theatre-petit-louvre.fr\/avignon\/archives\/2013-2\/le-secret-du-temps-plie\/"]}]},{"@type":"ImageObject","inLanguage":"fr-FR","@id":"https:\/\/theatre-petit-louvre.fr\/avignon\/archives\/2013-2\/le-secret-du-temps-plie\/#primaryimage","url":"http:\/\/theatrelepetitlouvre.com\/avignon\/wp-content\/uploads\/2013\/05\/Gauthier-Fourcade.jpg","contentUrl":"http:\/\/theatrelepetitlouvre.com\/avignon\/wp-content\/uploads\/2013\/05\/Gauthier-Fourcade.jpg"},{"@type":"BreadcrumbList","@id":"https:\/\/theatre-petit-louvre.fr\/avignon\/archives\/2013-2\/le-secret-du-temps-plie\/#breadcrumb","itemListElement":[{"@type":"ListItem","position":1,"name":"Home","item":"https:\/\/theatre-petit-louvre.fr\/avignon\/"},{"@type":"ListItem","position":2,"name":"Archives","item":"https:\/\/theatre-petit-louvre.fr\/avignon\/archives\/"},{"@type":"ListItem","position":3,"name":"2013","item":"https:\/\/theatre-petit-louvre.fr\/avignon\/archives\/2013-2\/"},{"@type":"ListItem","position":4,"name":"Le Secret du Temps pli\u00e9"}]},{"@type":"WebSite","@id":"https:\/\/theatre-petit-louvre.fr\/avignon\/#website","url":"https:\/\/theatre-petit-louvre.fr\/avignon\/","name":"Le Petit Louvre","description":"un th\u00e9\u00e2tre au c\u0153ur d&#039;Avignon | Festival off","publisher":{"@id":"https:\/\/theatre-petit-louvre.fr\/avignon\/#organization"},"potentialAction":[{"@type":"SearchAction","target":{"@type":"EntryPoint","urlTemplate":"https:\/\/theatre-petit-louvre.fr\/avignon\/?s={search_term_string}"},"query-input":{"@type":"PropertyValueSpecification","valueRequired":true,"valueName":"search_term_string"}}],"inLanguage":"fr-FR"},{"@type":"Organization","@id":"https:\/\/theatre-petit-louvre.fr\/avignon\/#organization","name":"Th\u00e9\u00e2tre Le Petit Louvre","url":"https:\/\/theatre-petit-louvre.fr\/avignon\/","logo":{"@type":"ImageObject","inLanguage":"fr-FR","@id":"https:\/\/theatre-petit-louvre.fr\/avignon\/#\/schema\/logo\/image\/","url":"https:\/\/theatre-petit-louvre.fr\/avignon\/wp-content\/uploads\/2022\/05\/logo_petit-louvre_2008_RVB.png","contentUrl":"https:\/\/theatre-petit-louvre.fr\/avignon\/wp-content\/uploads\/2022\/05\/logo_petit-louvre_2008_RVB.png","width":374,"height":800,"caption":"Th\u00e9\u00e2tre Le Petit Louvre"},"image":{"@id":"https:\/\/theatre-petit-louvre.fr\/avignon\/#\/schema\/logo\/image\/"}}]}},"uagb_featured_image_src":{"full":false,"thumbnail":false,"medium":false,"medium_large":false,"large":false,"1536x1536":false,"2048x2048":false},"uagb_author_info":{"display_name":"cyber","author_link":"https:\/\/theatre-petit-louvre.fr\/avignon\/author\/cyber\/"},"uagb_comment_info":0,"uagb_excerpt":"Saisir l\u2019insaisissable De et par Gauthier Fourcade.\u00a0Mise en sc\u00e8ne Fran\u00e7ois Bourcier Funambule du verbe\u00a0et jongleur de mots,\u00a0\u00e9quilibriste sur le fil du\u00a0pr\u00e9sent, Gauthier \u00a0Fourcade\u00a0remonte le temps pour\u00a0mieux nous d\u00e9voiler les\u00a0secrets de l\u2019enfance et la\u00a0nostalgie du temps pass\u00e9. Un homme, que sa femme\u00a0a quitt\u00e9, a d\u00e9cid\u00e9 de\u00a0regarder le temps passer.\u00a0C\u2019est une activit\u00e9 de \u00a0chaque\u00a0instant, exclusive, car d\u00e8s\u00a0qu\u2019on\u2026","_links":{"self":[{"href":"https:\/\/theatre-petit-louvre.fr\/avignon\/wp-json\/wp\/v2\/pages\/78","targetHints":{"allow":["GET"]}}],"collection":[{"href":"https:\/\/theatre-petit-louvre.fr\/avignon\/wp-json\/wp\/v2\/pages"}],"about":[{"href":"https:\/\/theatre-petit-louvre.fr\/avignon\/wp-json\/wp\/v2\/types\/page"}],"author":[{"embeddable":true,"href":"https:\/\/theatre-petit-louvre.fr\/avignon\/wp-json\/wp\/v2\/users\/1"}],"replies":[{"embeddable":true,"href":"https:\/\/theatre-petit-louvre.fr\/avignon\/wp-json\/wp\/v2\/comments?post=78"}],"version-history":[{"count":17,"href":"https:\/\/theatre-petit-louvre.fr\/avignon\/wp-json\/wp\/v2\/pages\/78\/revisions"}],"predecessor-version":[{"id":559,"href":"https:\/\/theatre-petit-louvre.fr\/avignon\/wp-json\/wp\/v2\/pages\/78\/revisions\/559"}],"up":[{"embeddable":true,"href":"https:\/\/theatre-petit-louvre.fr\/avignon\/wp-json\/wp\/v2\/pages\/548"}],"wp:attachment":[{"href":"https:\/\/theatre-petit-louvre.fr\/avignon\/wp-json\/wp\/v2\/media?parent=78"}],"wp:term":[{"taxonomy":"category","embeddable":true,"href":"https:\/\/theatre-petit-louvre.fr\/avignon\/wp-json\/wp\/v2\/categories?post=78"},{"taxonomy":"post_tag","embeddable":true,"href":"https:\/\/theatre-petit-louvre.fr\/avignon\/wp-json\/wp\/v2\/tags?post=78"}],"curies":[{"name":"wp","href":"https:\/\/api.w.org\/{rel}","templated":true}]}}