{"id":88,"date":"2013-05-18T10:42:40","date_gmt":"2013-05-18T09:42:40","guid":{"rendered":"http:\/\/theatrelepetitlouvre.com\/avignon\/?page_id=88"},"modified":"2014-02-12T16:39:46","modified_gmt":"2014-02-12T15:39:46","slug":"sourigues-poings-sensibles","status":"publish","type":"page","link":"https:\/\/theatre-petit-louvre.fr\/avignon\/archives\/2013-2\/sourigues-poings-sensibles\/","title":{"rendered":"Sourigues, poings sensibles"},"content":{"rendered":"<p><strong>Une noirceur lumineuse entre burlesque et po\u00e9sie<\/strong><\/p>\n<p>Paroles et musique\u00a0<strong>Alain Sourigues<\/strong>,<strong> Jules Th\u00e9venot<\/strong><\/p>\n<p><a href=\"http:\/\/theatrelepetitlouvre.com\/avignon\/wp-content\/uploads\/2013\/05\/Sourigues.jpg\" rel=\"lightbox[88]\"><img loading=\"lazy\" decoding=\"async\" class=\"alignnone size-full wp-image-331\" alt=\"Sourigues\" src=\"http:\/\/theatrelepetitlouvre.com\/avignon\/wp-content\/uploads\/2013\/05\/Sourigues.jpg\" width=\"509\" height=\"269\" srcset=\"https:\/\/theatre-petit-louvre.fr\/avignon\/wp-content\/uploads\/2013\/05\/Sourigues.jpg 509w, https:\/\/theatre-petit-louvre.fr\/avignon\/wp-content\/uploads\/2013\/05\/Sourigues-300x158.jpg 300w, https:\/\/theatre-petit-louvre.fr\/avignon\/wp-content\/uploads\/2013\/05\/Sourigues-250x132.jpg 250w\" sizes=\"auto, (max-width: 509px) 100vw, 509px\" \/><\/a><\/p>\n<p><strong>Sourigues est un artiste\u00a0doux-dingue, dr\u00f4le en\u00a0diable, inventif, surprenant.\u00a0Humour \u00e0 la Boby Lapointe\u00a0\u2013 les mots voltigent de\u00a0fac\u00e9ties en confessions\u00a0pour le meilleur et\u00a0pour le rire&#8230;<\/strong><\/p>\n<p>Sourigues est la terreur des\u00a0lexiques, le tortionnaire\u00a0des dictionnaires, l\u2019amant\u00a0de la litote, le r\u00e9veil des linguistes\u00a0et l\u2019enchanteur des\u00a0curieux.\u00a0Son r\u00e9pertoire fait la part\u00a0belle aux jeux de mots, les\u00a0aphorismes se bousculent\u00a0au coin des morceaux et les\u00a0neurones sont sans cesse\u00a0sollicit\u00e9s pour suivre une\u00a0pens\u00e9e farfelue et agit\u00e9e. Il\u00a0traque dans des recoins de\u00a0banalit\u00e9, des preuves \u00a0flagrantes\u00a0de la grandeur et de\u00a0la mis\u00e8re du genre humain.\u00a0Rep\u00e9r\u00e9 aux Rencontres\u00a0d\u2019Astaffort en 2001, cet\u00a0amoureux des mots, po\u00e8te\u00a0et trublion, installe d\u2019embl\u00e9e\u00a0une complicit\u00e9 avec le\u00a0public. Son tour de chant\u00a0est ponctu\u00e9 de digressions\u00a0burlesques dans lesquelles\u00a0la po\u00e9sie affleure souvent.\u00a0Selon les textes, on pense \u00e0\u00a0une certaine chanson fran\u00e7aise,\u00a0de celle-l\u00e0 qui a du\u00a0nerf ! Il y a parfois comme un\u00a0vent de L\u00e9otard, ou encore\u00a0de Juliette \u2013 comme elle,\u00a0Sourigues p\u00e9dale \u00a0volontiers\u00a0sur son \u00ab petit v\u00e9lo rouill\u00e9 \u00bb,\u00a0voire de Nougaro, swing,\u00a0phras\u00e9 et intonation inclus.<br \/>\nSa douceur naturelle s\u2019insurge\u00a0ponctuellement en\u00a0une verve provocante, traits\u00a0incisifs, coups de \u00a0griffes flirtent\u00a0avec de la tendresse,\u00a0un rien de nostalgie, des\u00a0d\u00e9ceptions, du mauvais\u00a0coton et des poings dans\u00a0la gueule qu\u2019il r\u00e9fr\u00e8ne. Entre\u00a0com\u00e9die sociale et d\u00e9sastre\u00a0quotidien, humour et jeux de\u00a0mots, dr\u00f4le et cruel tout \u00e0 la\u00a0fois, il se livre sur sc\u00e8ne avec\u00a0\u00e9l\u00e9gance et g\u00e9n\u00e9rosit\u00e9.<\/p>\n","protected":false},"excerpt":{"rendered":"<p>Une noirceur lumineuse entre burlesque et po\u00e9sie Paroles et musique\u00a0Alain Sourigues, Jules Th\u00e9venot Sourigues est un artiste\u00a0doux-dingue, dr\u00f4le en\u00a0diable, inventif, surprenant.\u00a0Humour \u00e0 la Boby Lapointe\u00a0\u2013 les mots voltigent de\u00a0fac\u00e9ties en confessions\u00a0pour le meilleur et\u00a0pour le rire&#8230; Sourigues est la terreur des\u00a0lexiques, le tortionnaire\u00a0des dictionnaires, l\u2019amant\u00a0de la litote, le r\u00e9veil des linguistes\u00a0et l\u2019enchanteur des\u00a0curieux.\u00a0Son r\u00e9pertoire fait [&hellip;]<\/p>\n","protected":false},"author":1,"featured_media":0,"parent":548,"menu_order":18,"comment_status":"open","ping_status":"closed","template":"","meta":{"_uag_custom_page_level_css":"","site-sidebar-layout":"default","site-content-layout":"","ast-site-content-layout":"default","site-content-style":"default","site-sidebar-style":"default","ast-global-header-display":"","ast-banner-title-visibility":"","ast-main-header-display":"","ast-hfb-above-header-display":"","ast-hfb-below-header-display":"","ast-hfb-mobile-header-display":"","site-post-title":"","ast-breadcrumbs-content":"","ast-featured-img":"","footer-sml-layout":"","ast-disable-related-posts":"","theme-transparent-header-meta":"","adv-header-id-meta":"","stick-header-meta":"","header-above-stick-meta":"","header-main-stick-meta":"","header-below-stick-meta":"","astra-migrate-meta-layouts":"default","ast-page-background-enabled":"default","ast-page-background-meta":{"desktop":{"background-color":"var(--ast-global-color-4)","background-image":"","background-repeat":"repeat","background-position":"center center","background-size":"auto","background-attachment":"scroll","background-type":"","background-media":"","overlay-type":"","overlay-color":"","overlay-opacity":"","overlay-gradient":""},"tablet":{"background-color":"","background-image":"","background-repeat":"repeat","background-position":"center center","background-size":"auto","background-attachment":"scroll","background-type":"","background-media":"","overlay-type":"","overlay-color":"","overlay-opacity":"","overlay-gradient":""},"mobile":{"background-color":"","background-image":"","background-repeat":"repeat","background-position":"center center","background-size":"auto","background-attachment":"scroll","background-type":"","background-media":"","overlay-type":"","overlay-color":"","overlay-opacity":"","overlay-gradient":""}},"ast-content-background-meta":{"desktop":{"background-color":"var(--ast-global-color-5)","background-image":"","background-repeat":"repeat","background-position":"center center","background-size":"auto","background-attachment":"scroll","background-type":"","background-media":"","overlay-type":"","overlay-color":"","overlay-opacity":"","overlay-gradient":""},"tablet":{"background-color":"var(--ast-global-color-5)","background-image":"","background-repeat":"repeat","background-position":"center center","background-size":"auto","background-attachment":"scroll","background-type":"","background-media":"","overlay-type":"","overlay-color":"","overlay-opacity":"","overlay-gradient":""},"mobile":{"background-color":"var(--ast-global-color-5)","background-image":"","background-repeat":"repeat","background-position":"center center","background-size":"auto","background-attachment":"scroll","background-type":"","background-media":"","overlay-type":"","overlay-color":"","overlay-opacity":"","overlay-gradient":""}},"footnotes":"","_links_to":"","_links_to_target":""},"categories":[],"tags":[],"class_list":["post-88","page","type-page","status-publish","hentry"],"yoast_head":"<!-- This site is optimized with the Yoast SEO plugin v27.6 - https:\/\/yoast.com\/product\/yoast-seo-wordpress\/ -->\n<title>Sourigues, poings sensibles - Le Petit Louvre<\/title>\n<meta name=\"description\" content=\"Chaque \u00e9t\u00e9, un th\u00e9\u00e2tre au c\u0153ur d&#039;Avignon, Festival off : des textes, des auteurs, des autrices, des acteurs, des actrices. Deux salles climatis\u00e9es, 15 spectacles, un bar-restaurant.\" \/>\n<meta name=\"robots\" content=\"index, follow, max-snippet:-1, max-image-preview:large, max-video-preview:-1\" \/>\n<link rel=\"canonical\" href=\"https:\/\/theatre-petit-louvre.fr\/avignon\/archives\/2013-2\/sourigues-poings-sensibles\/\" \/>\n<meta property=\"og:locale\" content=\"fr_FR\" \/>\n<meta property=\"og:type\" content=\"article\" \/>\n<meta property=\"og:title\" content=\"Sourigues, poings sensibles - Le Petit Louvre\" \/>\n<meta property=\"og:description\" content=\"Chaque \u00e9t\u00e9, un th\u00e9\u00e2tre au c\u0153ur d&#039;Avignon, Festival off : des textes, des auteurs, des autrices, des acteurs, des actrices. Deux salles climatis\u00e9es, 15 spectacles, un bar-restaurant.\" \/>\n<meta property=\"og:url\" content=\"https:\/\/theatre-petit-louvre.fr\/avignon\/archives\/2013-2\/sourigues-poings-sensibles\/\" \/>\n<meta property=\"og:site_name\" content=\"Le Petit Louvre\" \/>\n<meta property=\"article:modified_time\" content=\"2014-02-12T15:39:46+00:00\" \/>\n<meta property=\"og:image\" content=\"http:\/\/theatrelepetitlouvre.com\/avignon\/wp-content\/uploads\/2013\/05\/Sourigues.jpg\" \/>\n<meta name=\"twitter:label1\" content=\"Dur\u00e9e de lecture estim\u00e9e\" \/>\n\t<meta name=\"twitter:data1\" content=\"1 minute\" \/>\n<script type=\"application\/ld+json\" class=\"yoast-schema-graph\">{\"@context\":\"https:\\\/\\\/schema.org\",\"@graph\":[{\"@type\":\"WebPage\",\"@id\":\"https:\\\/\\\/theatre-petit-louvre.fr\\\/avignon\\\/archives\\\/2013-2\\\/sourigues-poings-sensibles\\\/\",\"url\":\"https:\\\/\\\/theatre-petit-louvre.fr\\\/avignon\\\/archives\\\/2013-2\\\/sourigues-poings-sensibles\\\/\",\"name\":\"Sourigues, poings sensibles - Le Petit Louvre\",\"isPartOf\":{\"@id\":\"https:\\\/\\\/theatre-petit-louvre.fr\\\/avignon\\\/#website\"},\"primaryImageOfPage\":{\"@id\":\"https:\\\/\\\/theatre-petit-louvre.fr\\\/avignon\\\/archives\\\/2013-2\\\/sourigues-poings-sensibles\\\/#primaryimage\"},\"image\":{\"@id\":\"https:\\\/\\\/theatre-petit-louvre.fr\\\/avignon\\\/archives\\\/2013-2\\\/sourigues-poings-sensibles\\\/#primaryimage\"},\"thumbnailUrl\":\"http:\\\/\\\/theatrelepetitlouvre.com\\\/avignon\\\/wp-content\\\/uploads\\\/2013\\\/05\\\/Sourigues.jpg\",\"datePublished\":\"2013-05-18T09:42:40+00:00\",\"dateModified\":\"2014-02-12T15:39:46+00:00\",\"description\":\"Chaque \u00e9t\u00e9, un th\u00e9\u00e2tre au c\u0153ur d'Avignon, Festival off : des textes, des auteurs, des autrices, des acteurs, des actrices. Deux salles climatis\u00e9es, 15 spectacles, un bar-restaurant.\",\"breadcrumb\":{\"@id\":\"https:\\\/\\\/theatre-petit-louvre.fr\\\/avignon\\\/archives\\\/2013-2\\\/sourigues-poings-sensibles\\\/#breadcrumb\"},\"inLanguage\":\"fr-FR\",\"potentialAction\":[{\"@type\":\"ReadAction\",\"target\":[\"https:\\\/\\\/theatre-petit-louvre.fr\\\/avignon\\\/archives\\\/2013-2\\\/sourigues-poings-sensibles\\\/\"]}]},{\"@type\":\"ImageObject\",\"inLanguage\":\"fr-FR\",\"@id\":\"https:\\\/\\\/theatre-petit-louvre.fr\\\/avignon\\\/archives\\\/2013-2\\\/sourigues-poings-sensibles\\\/#primaryimage\",\"url\":\"http:\\\/\\\/theatrelepetitlouvre.com\\\/avignon\\\/wp-content\\\/uploads\\\/2013\\\/05\\\/Sourigues.jpg\",\"contentUrl\":\"http:\\\/\\\/theatrelepetitlouvre.com\\\/avignon\\\/wp-content\\\/uploads\\\/2013\\\/05\\\/Sourigues.jpg\"},{\"@type\":\"BreadcrumbList\",\"@id\":\"https:\\\/\\\/theatre-petit-louvre.fr\\\/avignon\\\/archives\\\/2013-2\\\/sourigues-poings-sensibles\\\/#breadcrumb\",\"itemListElement\":[{\"@type\":\"ListItem\",\"position\":1,\"name\":\"Home\",\"item\":\"https:\\\/\\\/theatre-petit-louvre.fr\\\/avignon\\\/\"},{\"@type\":\"ListItem\",\"position\":2,\"name\":\"Archives\",\"item\":\"https:\\\/\\\/theatre-petit-louvre.fr\\\/avignon\\\/archives\\\/\"},{\"@type\":\"ListItem\",\"position\":3,\"name\":\"2013\",\"item\":\"https:\\\/\\\/theatre-petit-louvre.fr\\\/avignon\\\/archives\\\/2013-2\\\/\"},{\"@type\":\"ListItem\",\"position\":4,\"name\":\"Sourigues, poings sensibles\"}]},{\"@type\":\"WebSite\",\"@id\":\"https:\\\/\\\/theatre-petit-louvre.fr\\\/avignon\\\/#website\",\"url\":\"https:\\\/\\\/theatre-petit-louvre.fr\\\/avignon\\\/\",\"name\":\"Le Petit Louvre\",\"description\":\"un th\u00e9\u00e2tre au c\u0153ur d&#039;Avignon | Festival off\",\"publisher\":{\"@id\":\"https:\\\/\\\/theatre-petit-louvre.fr\\\/avignon\\\/#organization\"},\"potentialAction\":[{\"@type\":\"SearchAction\",\"target\":{\"@type\":\"EntryPoint\",\"urlTemplate\":\"https:\\\/\\\/theatre-petit-louvre.fr\\\/avignon\\\/?s={search_term_string}\"},\"query-input\":{\"@type\":\"PropertyValueSpecification\",\"valueRequired\":true,\"valueName\":\"search_term_string\"}}],\"inLanguage\":\"fr-FR\"},{\"@type\":\"Organization\",\"@id\":\"https:\\\/\\\/theatre-petit-louvre.fr\\\/avignon\\\/#organization\",\"name\":\"Th\u00e9\u00e2tre Le Petit Louvre\",\"url\":\"https:\\\/\\\/theatre-petit-louvre.fr\\\/avignon\\\/\",\"logo\":{\"@type\":\"ImageObject\",\"inLanguage\":\"fr-FR\",\"@id\":\"https:\\\/\\\/theatre-petit-louvre.fr\\\/avignon\\\/#\\\/schema\\\/logo\\\/image\\\/\",\"url\":\"https:\\\/\\\/theatre-petit-louvre.fr\\\/avignon\\\/wp-content\\\/uploads\\\/2022\\\/05\\\/logo_petit-louvre_2008_RVB.png\",\"contentUrl\":\"https:\\\/\\\/theatre-petit-louvre.fr\\\/avignon\\\/wp-content\\\/uploads\\\/2022\\\/05\\\/logo_petit-louvre_2008_RVB.png\",\"width\":374,\"height\":800,\"caption\":\"Th\u00e9\u00e2tre Le Petit Louvre\"},\"image\":{\"@id\":\"https:\\\/\\\/theatre-petit-louvre.fr\\\/avignon\\\/#\\\/schema\\\/logo\\\/image\\\/\"}}]}<\/script>\n<!-- \/ Yoast SEO plugin. -->","yoast_head_json":{"title":"Sourigues, poings sensibles - Le Petit Louvre","description":"Chaque \u00e9t\u00e9, un th\u00e9\u00e2tre au c\u0153ur d'Avignon, Festival off : des textes, des auteurs, des autrices, des acteurs, des actrices. Deux salles climatis\u00e9es, 15 spectacles, un bar-restaurant.","robots":{"index":"index","follow":"follow","max-snippet":"max-snippet:-1","max-image-preview":"max-image-preview:large","max-video-preview":"max-video-preview:-1"},"canonical":"https:\/\/theatre-petit-louvre.fr\/avignon\/archives\/2013-2\/sourigues-poings-sensibles\/","og_locale":"fr_FR","og_type":"article","og_title":"Sourigues, poings sensibles - Le Petit Louvre","og_description":"Chaque \u00e9t\u00e9, un th\u00e9\u00e2tre au c\u0153ur d'Avignon, Festival off : des textes, des auteurs, des autrices, des acteurs, des actrices. Deux salles climatis\u00e9es, 15 spectacles, un bar-restaurant.","og_url":"https:\/\/theatre-petit-louvre.fr\/avignon\/archives\/2013-2\/sourigues-poings-sensibles\/","og_site_name":"Le Petit Louvre","article_modified_time":"2014-02-12T15:39:46+00:00","og_image":[{"url":"http:\/\/theatrelepetitlouvre.com\/avignon\/wp-content\/uploads\/2013\/05\/Sourigues.jpg","type":"","width":"","height":""}],"twitter_misc":{"Dur\u00e9e de lecture estim\u00e9e":"1 minute"},"schema":{"@context":"https:\/\/schema.org","@graph":[{"@type":"WebPage","@id":"https:\/\/theatre-petit-louvre.fr\/avignon\/archives\/2013-2\/sourigues-poings-sensibles\/","url":"https:\/\/theatre-petit-louvre.fr\/avignon\/archives\/2013-2\/sourigues-poings-sensibles\/","name":"Sourigues, poings sensibles - Le Petit Louvre","isPartOf":{"@id":"https:\/\/theatre-petit-louvre.fr\/avignon\/#website"},"primaryImageOfPage":{"@id":"https:\/\/theatre-petit-louvre.fr\/avignon\/archives\/2013-2\/sourigues-poings-sensibles\/#primaryimage"},"image":{"@id":"https:\/\/theatre-petit-louvre.fr\/avignon\/archives\/2013-2\/sourigues-poings-sensibles\/#primaryimage"},"thumbnailUrl":"http:\/\/theatrelepetitlouvre.com\/avignon\/wp-content\/uploads\/2013\/05\/Sourigues.jpg","datePublished":"2013-05-18T09:42:40+00:00","dateModified":"2014-02-12T15:39:46+00:00","description":"Chaque \u00e9t\u00e9, un th\u00e9\u00e2tre au c\u0153ur d'Avignon, Festival off : des textes, des auteurs, des autrices, des acteurs, des actrices. Deux salles climatis\u00e9es, 15 spectacles, un bar-restaurant.","breadcrumb":{"@id":"https:\/\/theatre-petit-louvre.fr\/avignon\/archives\/2013-2\/sourigues-poings-sensibles\/#breadcrumb"},"inLanguage":"fr-FR","potentialAction":[{"@type":"ReadAction","target":["https:\/\/theatre-petit-louvre.fr\/avignon\/archives\/2013-2\/sourigues-poings-sensibles\/"]}]},{"@type":"ImageObject","inLanguage":"fr-FR","@id":"https:\/\/theatre-petit-louvre.fr\/avignon\/archives\/2013-2\/sourigues-poings-sensibles\/#primaryimage","url":"http:\/\/theatrelepetitlouvre.com\/avignon\/wp-content\/uploads\/2013\/05\/Sourigues.jpg","contentUrl":"http:\/\/theatrelepetitlouvre.com\/avignon\/wp-content\/uploads\/2013\/05\/Sourigues.jpg"},{"@type":"BreadcrumbList","@id":"https:\/\/theatre-petit-louvre.fr\/avignon\/archives\/2013-2\/sourigues-poings-sensibles\/#breadcrumb","itemListElement":[{"@type":"ListItem","position":1,"name":"Home","item":"https:\/\/theatre-petit-louvre.fr\/avignon\/"},{"@type":"ListItem","position":2,"name":"Archives","item":"https:\/\/theatre-petit-louvre.fr\/avignon\/archives\/"},{"@type":"ListItem","position":3,"name":"2013","item":"https:\/\/theatre-petit-louvre.fr\/avignon\/archives\/2013-2\/"},{"@type":"ListItem","position":4,"name":"Sourigues, poings sensibles"}]},{"@type":"WebSite","@id":"https:\/\/theatre-petit-louvre.fr\/avignon\/#website","url":"https:\/\/theatre-petit-louvre.fr\/avignon\/","name":"Le Petit Louvre","description":"un th\u00e9\u00e2tre au c\u0153ur d&#039;Avignon | Festival off","publisher":{"@id":"https:\/\/theatre-petit-louvre.fr\/avignon\/#organization"},"potentialAction":[{"@type":"SearchAction","target":{"@type":"EntryPoint","urlTemplate":"https:\/\/theatre-petit-louvre.fr\/avignon\/?s={search_term_string}"},"query-input":{"@type":"PropertyValueSpecification","valueRequired":true,"valueName":"search_term_string"}}],"inLanguage":"fr-FR"},{"@type":"Organization","@id":"https:\/\/theatre-petit-louvre.fr\/avignon\/#organization","name":"Th\u00e9\u00e2tre Le Petit Louvre","url":"https:\/\/theatre-petit-louvre.fr\/avignon\/","logo":{"@type":"ImageObject","inLanguage":"fr-FR","@id":"https:\/\/theatre-petit-louvre.fr\/avignon\/#\/schema\/logo\/image\/","url":"https:\/\/theatre-petit-louvre.fr\/avignon\/wp-content\/uploads\/2022\/05\/logo_petit-louvre_2008_RVB.png","contentUrl":"https:\/\/theatre-petit-louvre.fr\/avignon\/wp-content\/uploads\/2022\/05\/logo_petit-louvre_2008_RVB.png","width":374,"height":800,"caption":"Th\u00e9\u00e2tre Le Petit Louvre"},"image":{"@id":"https:\/\/theatre-petit-louvre.fr\/avignon\/#\/schema\/logo\/image\/"}}]}},"uagb_featured_image_src":{"full":false,"thumbnail":false,"medium":false,"medium_large":false,"large":false,"1536x1536":false,"2048x2048":false},"uagb_author_info":{"display_name":"cyber","author_link":"https:\/\/theatre-petit-louvre.fr\/avignon\/author\/cyber\/"},"uagb_comment_info":0,"uagb_excerpt":"Une noirceur lumineuse entre burlesque et po\u00e9sie Paroles et musique\u00a0Alain Sourigues, Jules Th\u00e9venot Sourigues est un artiste\u00a0doux-dingue, dr\u00f4le en\u00a0diable, inventif, surprenant.\u00a0Humour \u00e0 la Boby Lapointe\u00a0\u2013 les mots voltigent de\u00a0fac\u00e9ties en confessions\u00a0pour le meilleur et\u00a0pour le rire&#8230; Sourigues est la terreur des\u00a0lexiques, le tortionnaire\u00a0des dictionnaires, l\u2019amant\u00a0de la litote, le r\u00e9veil des linguistes\u00a0et l\u2019enchanteur des\u00a0curieux.\u00a0Son r\u00e9pertoire fait\u2026","_links":{"self":[{"href":"https:\/\/theatre-petit-louvre.fr\/avignon\/wp-json\/wp\/v2\/pages\/88","targetHints":{"allow":["GET"]}}],"collection":[{"href":"https:\/\/theatre-petit-louvre.fr\/avignon\/wp-json\/wp\/v2\/pages"}],"about":[{"href":"https:\/\/theatre-petit-louvre.fr\/avignon\/wp-json\/wp\/v2\/types\/page"}],"author":[{"embeddable":true,"href":"https:\/\/theatre-petit-louvre.fr\/avignon\/wp-json\/wp\/v2\/users\/1"}],"replies":[{"embeddable":true,"href":"https:\/\/theatre-petit-louvre.fr\/avignon\/wp-json\/wp\/v2\/comments?post=88"}],"version-history":[{"count":18,"href":"https:\/\/theatre-petit-louvre.fr\/avignon\/wp-json\/wp\/v2\/pages\/88\/revisions"}],"predecessor-version":[{"id":565,"href":"https:\/\/theatre-petit-louvre.fr\/avignon\/wp-json\/wp\/v2\/pages\/88\/revisions\/565"}],"up":[{"embeddable":true,"href":"https:\/\/theatre-petit-louvre.fr\/avignon\/wp-json\/wp\/v2\/pages\/548"}],"wp:attachment":[{"href":"https:\/\/theatre-petit-louvre.fr\/avignon\/wp-json\/wp\/v2\/media?parent=88"}],"wp:term":[{"taxonomy":"category","embeddable":true,"href":"https:\/\/theatre-petit-louvre.fr\/avignon\/wp-json\/wp\/v2\/categories?post=88"},{"taxonomy":"post_tag","embeddable":true,"href":"https:\/\/theatre-petit-louvre.fr\/avignon\/wp-json\/wp\/v2\/tags?post=88"}],"curies":[{"name":"wp","href":"https:\/\/api.w.org\/{rel}","templated":true}]}}